{"id":9336,"date":"2025-06-22T15:41:32","date_gmt":"2025-06-22T15:41:32","guid":{"rendered":"https:\/\/ryinz.cz\/velkoobchod\/?post_type=product&#038;p=9336"},"modified":"2026-01-18T20:19:06","modified_gmt":"2026-01-18T20:19:06","slug":"termalne-takticke-kukly-na-celu-tvar-pre-zimne-sporty-vojenske-cyklisticke-paintballove-outdoorove-aktivity-b2b","status":"publish","type":"product","link":"https:\/\/ryinz.cz\/velkoobchod\/sk\/product\/thermal-tactical-balaclavas-full-face-masks-for-winter-sports-military-biking-paintball-outdoor-activities-b2b\/","title":{"rendered":"Term\u00e1lne a taktick\u00e9 kukly - celotv\u00e1rov\u00e9 masky pre zimn\u00e9 \u0161porty, vojensk\u00e9 \u0161porty, cyklistiku, paintball a outdoorov\u00e9 aktivity (B2B)"},"content":{"rendered":"<p data-start=\"1149\" data-end=\"1432\">N\u00e1\u0161 sortiment kukiel je navrhnut\u00fd na tepeln\u00fa ochranu, taktick\u00e9 pou\u017eitie a celodenn\u00fd komfort v extr\u00e9mnych podmienkach. \u010ci u\u017e vyr\u00e1\u017eate na svah, pracujete vonku alebo tr\u00e9nujete v ter\u00e9ne, na\u0161e celohlavov\u00e9 pokr\u00fdvky poskytuj\u00fa k\u013e\u00fa\u010dov\u00fa ochranu pred vetrom, snehom a prachom.<\/p>\n<p data-start=\"1434\" data-end=\"1450\">Dostupn\u00e9 typy:<\/p>\n<ul data-start=\"1451\" data-end=\"1770\">\n<li data-start=\"1451\" data-end=\"1501\">\n<p data-start=\"1453\" data-end=\"1501\">\u013dahk\u00e9 balaklavov\u00e9 nohavice z lycry pre priedu\u0161nos\u0165<\/p>\n<\/li>\n<li data-start=\"1502\" data-end=\"1554\">\n<p data-start=\"1504\" data-end=\"1554\">Zimn\u00e9 balaklavy s fl\u00edsovou pod\u0161\u00edvkou pre chladn\u00e9 podnebie<\/p>\n<\/li>\n<li data-start=\"1555\" data-end=\"1602\">\n<p data-start=\"1557\" data-end=\"1602\">Taktick\u00e9 kukly s otvormi na o\u010di alebo \u00fasta<\/p>\n<\/li>\n<li data-start=\"1603\" data-end=\"1664\">\n<p data-start=\"1605\" data-end=\"1664\">Sie\u0165ov\u00e9 \u0161t\u00fdly s potla\u010dou lebky alebo kamufl\u00e1\u017eou pre efekt a identitu<\/p>\n<\/li>\n<li data-start=\"1665\" data-end=\"1718\">\n<p data-start=\"1667\" data-end=\"1718\">Pleten\u00e9 celotv\u00e1rov\u00e9 kukly s otvoren\u00fdmi alebo uzavret\u00fdmi stranami<\/p>\n<\/li>\n<li data-start=\"1719\" data-end=\"1770\">\n<p data-start=\"1721\" data-end=\"1770\">Stretch-fit kukly ninja pre \u0161portovcov a cyklistov<\/p>\n<\/li>\n<\/ul>\n<p data-start=\"1772\" data-end=\"1786\">Z\u00e1kladn\u00e9 funkcie:<\/p>\n<ul data-start=\"1787\" data-end=\"2126\">\n<li data-start=\"1787\" data-end=\"1834\">\n<p data-start=\"1789\" data-end=\"1834\">\u00dapln\u00e9 pokrytie hlavy, krku, tv\u00e1re a brady<\/p>\n<\/li>\n<li data-start=\"1835\" data-end=\"1877\">\n<p data-start=\"1837\" data-end=\"1877\">2-cestn\u00fd alebo 4-cestn\u00fd stre\u010dov\u00fd strih pre pohodlie<\/p>\n<\/li>\n<li data-start=\"1878\" data-end=\"1930\">\n<p data-start=\"1880\" data-end=\"1930\">Tepeln\u00e1 izol\u00e1cia alebo priedu\u0161n\u00e9 chladiace tkaniny<\/p>\n<\/li>\n<li data-start=\"1931\" data-end=\"1981\">\n<p data-start=\"1933\" data-end=\"1981\">Vetruvzdorn\u00e9 materi\u00e1ly s vn\u00fatorn\u00fdmi kart\u00e1\u010dovan\u00fdmi pod\u0161\u00edvkami<\/p>\n<\/li>\n<li data-start=\"1982\" data-end=\"2028\">\n<p data-start=\"1984\" data-end=\"2028\">Kompatibiln\u00fd s prilbami, klob\u00fakmi a okuliarmi<\/p>\n<\/li>\n<li data-start=\"2029\" data-end=\"2084\">\n<p data-start=\"2031\" data-end=\"2084\">Ploch\u00e9 \u0161vy alebo bez\u0161vov\u00e9 mo\u017enosti na zn\u00ed\u017eenie podr\u00e1\u017edenia<\/p>\n<\/li>\n<li data-start=\"2085\" data-end=\"2126\">\n<p data-start=\"2087\" data-end=\"2126\">Unisex ve\u013ekos\u0165 pre ml\u00e1de\u017e a dospel\u00fdch<\/p>\n<\/li>\n<\/ul>\n<p data-start=\"2128\" data-end=\"2138\">Ide\u00e1lne pre:<\/p>\n<ul data-start=\"2139\" data-end=\"2409\">\n<li data-start=\"2139\" data-end=\"2171\">\n<p data-start=\"2141\" data-end=\"2171\">Ly\u017eiarsky a snowboardov\u00fd v\u00fdstroj<\/p>\n<\/li>\n<li data-start=\"2172\" data-end=\"2206\">\n<p data-start=\"2174\" data-end=\"2206\">Cyklistick\u00e9 a motocyklov\u00e9 oble\u010denie<\/p>\n<\/li>\n<li data-start=\"2207\" data-end=\"2254\">\n<p data-start=\"2209\" data-end=\"2254\">Airsoft, paintball a taktick\u00e1 simul\u00e1cia<\/p>\n<\/li>\n<li data-start=\"2255\" data-end=\"2294\">\n<p data-start=\"2257\" data-end=\"2294\">Vojensk\u00fd alebo policajn\u00fd v\u00fdcvik v pr\u00edrode<\/p>\n<\/li>\n<li data-start=\"2295\" data-end=\"2332\">\n<p data-start=\"2297\" data-end=\"2332\">Oble\u010denie pre horsk\u00fa z\u00e1chranu a pre\u017eitie<\/p>\n<\/li>\n<li data-start=\"2333\" data-end=\"2373\">\n<p data-start=\"2335\" data-end=\"2373\">Dod\u00e1vky v chladnom po\u010das\u00ed a pr\u00e1ca v ter\u00e9ne<\/p>\n<\/li>\n<li data-start=\"2374\" data-end=\"2409\">\n<p data-start=\"2376\" data-end=\"2409\">M\u00f3dne a cosplay doplnky<\/p>\n<\/li>\n<\/ul>\n<p data-start=\"2411\" data-end=\"2435\">Mo\u017enosti vlastn\u00e9ho ozna\u010denia:<\/p>\n<ul data-start=\"2436\" data-end=\"2605\">\n<li data-start=\"2436\" data-end=\"2485\">\n<p data-start=\"2438\" data-end=\"2485\">Kompletn\u00e1 sublima\u010dn\u00e1 potla\u010d (napr. lebka, vzory)<\/p>\n<\/li>\n<li data-start=\"2486\" data-end=\"2518\">\n<p data-start=\"2488\" data-end=\"2518\">Vy\u0161\u00edvan\u00e9 log\u00e1 alebo n\u00e1\u0161ivky<\/p>\n<\/li>\n<li data-start=\"2519\" data-end=\"2556\">\n<p data-start=\"2521\" data-end=\"2556\">Vytla\u010den\u00e9 vn\u00fatorn\u00e9 \u0161t\u00edtky alebo visa\u010dky<\/p>\n<\/li>\n<li data-start=\"2557\" data-end=\"2605\">\n<p data-start=\"2559\" data-end=\"2605\">Vlastn\u00e9 balenie pre maloobchodn\u00e9 alebo taktick\u00e9 s\u00fapravy<\/p>\n<\/li>\n<\/ul>\n<p data-start=\"2607\" data-end=\"2625\">Materi\u00e1ly zah\u0155\u0148aj\u00fa:<\/p>\n<ul data-start=\"2626\" data-end=\"2770\">\n<li data-start=\"2626\" data-end=\"2661\">\n<p data-start=\"2628\" data-end=\"2661\">Polyester, lycra, zmesi bavlny<\/p>\n<\/li>\n<li data-start=\"2662\" data-end=\"2693\">\n<p data-start=\"2664\" data-end=\"2693\">Tepl\u00e1 tkanina s fl\u00edsovou pod\u0161\u00edvkou<\/p>\n<\/li>\n<li data-start=\"2694\" data-end=\"2725\">\n<p data-start=\"2696\" data-end=\"2725\">\u013dahk\u00e1 perforovan\u00e1 sie\u0165ovina<\/p>\n<\/li>\n<li data-start=\"2726\" data-end=\"2770\">\n<p data-start=\"2728\" data-end=\"2770\">Akrylov\u00e1 pletenina (pre \u0165a\u017ek\u00e9 zimn\u00e9 verzie)<\/p>\n<\/li>\n<\/ul>\n<p data-start=\"2772\" data-end=\"2967\">K dispoz\u00edcii s\u00fa r\u00f4zne farby: \u010dierna, olivovo zelen\u00e1, vojensk\u00e1 kamufl\u00e1\u017e, siv\u00e1, fialov\u00e1, oran\u017eov\u00e1 a \u010fal\u0161ie. Novinkov\u00e9 potla\u010de, ako s\u00fa tv\u00e1re lebiek alebo 3D grafika, l\u00e1kaj\u00fa \u0161portov\u00e9 zna\u010dky a fan\u00fa\u0161ikov extr\u00e9mnych \u0161portov.<\/p>\n<p data-start=\"2969\" data-end=\"3233\">Vyrobil <strong data-start=\"2981\" data-end=\"3003\">Ryinz spol. s.r.o.<\/strong>, tieto kukly s\u00fa k dispoz\u00edcii s faktur\u00e1ciou DPH E\u00da, materi\u00e1lmi vyhovuj\u00facimi CE a r\u00fdchlym dodan\u00edm po celej Eur\u00f3pe. Podporujeme testovanie mal\u00fdch s\u00e9ri\u00ed, r\u00fdchly odber vzoriek a \u0161k\u00e1lovate\u013en\u00fa v\u00fdrobu pre zna\u010dky, bezpe\u010dnostn\u00e9 agent\u00fary a maloobchodn\u00edkov.<\/p>","protected":false},"excerpt":{"rendered":"<p data-start=\"302\" data-end=\"699\">Na\u0161e kukly s\u00fa ur\u010den\u00e9 na ochranu pred extr\u00e9mnym po\u010das\u00edm, taktick\u00e9 pou\u017eitie a vysoko v\u00fdkonn\u00e9 outdoorov\u00e9 \u0161porty. S\u00fa navrhnut\u00e9 tak, aby \u00faplne zakryli hlavu, krk a tv\u00e1r, a s\u00fa nevyhnutn\u00e9 na ly\u017eovanie, snowboarding, jazdu na motorke, airsoft, paintball a vojensk\u00fd v\u00fdcvik. K dispoz\u00edcii s\u00fa z r\u00f4znych tkan\u00edn - fleece, lycra, bavlna a sie\u0165ovina - a poskytuj\u00fa tepeln\u00fa izol\u00e1ciu, regul\u00e1ciu vlhkosti a priedu\u0161nos\u0165.<\/p>\n<p data-start=\"701\" data-end=\"937\">Vyberte si z jednodierov\u00fdch, dvojdierov\u00fdch alebo trojdierov\u00fdch vzorov vr\u00e1tane taktick\u00fdch, \u0161portov\u00fdch a noviniek, ako je lebka alebo kamufl\u00e1\u017e. Nieko\u013eko modelov pon\u00faka stre\u010dov\u00fd strih, pred\u013a\u017een\u00e9 chlopne na krku alebo fl\u00edsov\u00e9 pod\u0161\u00edvky na vynikaj\u00facu ochranu v zime.<\/p>\n<p data-start=\"939\" data-end=\"1095\">Na\u0161e kukly, ktor\u00e9 vyr\u00e1ba spolo\u010dnos\u0165 Ryinz s n\u00edzkym MOQ a plnou podporou priv\u00e1tnych zna\u010diek, s\u00fa pripraven\u00e9 na branding a B2B distrib\u00faciu v r\u00e1mci E\u00da a na glob\u00e1lnych trhoch.<\/p>","protected":false},"featured_media":10150,"comment_status":"closed","ping_status":"closed","template":"","meta":[],"product_brand":[35],"product_cat":[68,715],"product_tag":[703,704,705,706,707,708,709,710,711,712,713,714,716,717,718],"class_list":{"0":"post-9336","1":"product","2":"type-product","3":"status-publish","4":"has-post-thumbnail","6":"product_brand-ryinz","7":"product_cat-ryinz","8":"product_cat-thermal-tactical-balaclavas","9":"product_tag-b2b-face-masks-for-tactical-teams","10":"product_tag-breathable-outdoor-full-head-covers-eu","11":"product_tag-custom-skull-print-face-covers-supplier","12":"product_tag-cycling-and-ski-balaclava-manufacturer","13":"product_tag-fleece-lined-balaclavas-for-cold-weather","14":"product_tag-full-face-lycra-balaclavas-wholesale-eu","15":"product_tag-helmet-compatible-face-mask-supplier","16":"product_tag-military-balaclava-ce-certified-supplier","17":"product_tag-motorbike-balaclava-with-windproof-lining","18":"product_tag-paintball-and-airsoft-balaclavas-europe","19":"product_tag-stretch-balaclavas-for-sports-brands","20":"product_tag-tactical-face-masks-for-military-use","21":"product_tag-thermal-balaclavas-for-winter-sports","22":"product_tag-three-hole-tactical-face-masks-for-bulk","23":"product_tag-winter-thermal-balaclavas-czech-supplier","25":"first","26":"instock","27":"taxable","28":"shipping-taxable","29":"purchasable","30":"product-type-simple"},"_links":{"self":[{"href":"https:\/\/ryinz.cz\/velkoobchod\/sk\/wp-json\/wp\/v2\/product\/9336","targetHints":{"allow":["GET"]}}],"collection":[{"href":"https:\/\/ryinz.cz\/velkoobchod\/sk\/wp-json\/wp\/v2\/product"}],"about":[{"href":"https:\/\/ryinz.cz\/velkoobchod\/sk\/wp-json\/wp\/v2\/types\/product"}],"replies":[{"embeddable":true,"href":"https:\/\/ryinz.cz\/velkoobchod\/sk\/wp-json\/wp\/v2\/comments?post=9336"}],"wp:featuredmedia":[{"embeddable":true,"href":"https:\/\/ryinz.cz\/velkoobchod\/sk\/wp-json\/wp\/v2\/media\/10150"}],"wp:attachment":[{"href":"https:\/\/ryinz.cz\/velkoobchod\/sk\/wp-json\/wp\/v2\/media?parent=9336"}],"wp:term":[{"taxonomy":"product_brand","embeddable":true,"href":"https:\/\/ryinz.cz\/velkoobchod\/sk\/wp-json\/wp\/v2\/product_brand?post=9336"},{"taxonomy":"product_cat","embeddable":true,"href":"https:\/\/ryinz.cz\/velkoobchod\/sk\/wp-json\/wp\/v2\/product_cat?post=9336"},{"taxonomy":"product_tag","embeddable":true,"href":"https:\/\/ryinz.cz\/velkoobchod\/sk\/wp-json\/wp\/v2\/product_tag?post=9336"}],"curies":[{"name":"wp","href":"https:\/\/api.w.org\/{rel}","templated":true}]}}