{"id":9335,"date":"2025-06-22T15:41:32","date_gmt":"2025-06-22T15:41:32","guid":{"rendered":"https:\/\/ryinz.cz\/velkoobchod\/?post_type=product&#038;p=9335"},"modified":"2026-01-18T20:19:02","modified_gmt":"2026-01-18T20:19:02","slug":"tlacene-ohrievace-krku-elasticke-tepelne-gamase-z-mikrovlakna-pre-outdoorove-sporty-cyklistiku-turistiku-reklamne-znacky","status":"publish","type":"product","link":"https:\/\/ryinz.cz\/velkoobchod\/sk\/product\/printed-neck-warmers-stretchable-microfiber-thermal-gaiters-for-outdoor-sports-biking-hiking-promotional-branding\/","title":{"rendered":"Potla\u010den\u00e9 n\u00e1vleky na krk - elastick\u00e9 mikrovl\u00e1kno a termo n\u00e1vleky pre outdoorov\u00e9 \u0161porty, cyklistiku, turistiku a reklamn\u00e9 zna\u010dky"},"content":{"rendered":"<p data-start=\"1208\" data-end=\"1569\">Na\u0161e n\u00e1kr\u010dn\u00edky s\u00fa dokonalou kombin\u00e1ciou v\u00fdkonu, osobnosti a ochrany. S\u00fa navrhnut\u00e9 na vysokoenergetick\u00e9 pou\u017e\u00edvanie v exteri\u00e9ri, nosia ich cyklisti, be\u017eci, ly\u017eiari, turisti a v\u0161etci, ktor\u00ed s\u00fa vystaven\u00ed vetru, prachu alebo slnku. Vyroben\u00e9 z elastickej tkaniny z mikrovl\u00e1kna alebo \u013eahk\u00fdch polyesterov\u00fdch zmes\u00ed poskytuj\u00fa priedu\u0161n\u00fa, celoro\u010dn\u00fa alternat\u00edvu k tradi\u010dn\u00fdm \u0161atk\u00e1m.<\/p>\n<p data-start=\"1571\" data-end=\"1686\">Ka\u017ed\u00e1 jednotka je skon\u0161truovan\u00e1 ako bez\u0161vov\u00e1 r\u00farka pre maxim\u00e1lne pohodlie a \u0161t\u00fdlov\u00fa v\u0161estrannos\u0165. Pou\u017e\u00edvatelia ju m\u00f4\u017eu nosi\u0165 viac ako 10 sp\u00f4sobmi:<\/p>\n<ul data-start=\"1687\" data-end=\"1798\">\n<li data-start=\"1687\" data-end=\"1702\">\n<p data-start=\"1689\" data-end=\"1702\">Kama\u0161e na krk<\/p>\n<\/li>\n<li data-start=\"1703\" data-end=\"1717\">\n<p data-start=\"1705\" data-end=\"1717\">Kryt tv\u00e1re<\/p>\n<\/li>\n<li data-start=\"1718\" data-end=\"1731\">\n<p data-start=\"1720\" data-end=\"1731\">Balaklava<\/p>\n<\/li>\n<li data-start=\"1732\" data-end=\"1742\">\n<p data-start=\"1734\" data-end=\"1742\">Beanie<\/p>\n<\/li>\n<li data-start=\"1743\" data-end=\"1755\">\n<p data-start=\"1745\" data-end=\"1755\">\u010celenka<\/p>\n<\/li>\n<li data-start=\"1756\" data-end=\"1769\">\n<p data-start=\"1758\" data-end=\"1769\">N\u00e1ramok na ruku<\/p>\n<\/li>\n<li data-start=\"1770\" data-end=\"1783\">\n<p data-start=\"1772\" data-end=\"1783\">Pod\u0161\u00edvka klob\u00faka<\/p>\n<\/li>\n<li data-start=\"1784\" data-end=\"1798\">\n<p data-start=\"1786\" data-end=\"1798\">Ochrana proti prachu<\/p>\n<\/li>\n<\/ul>\n<p data-start=\"1800\" data-end=\"1817\">Vlastnosti produktu:<\/p>\n<ul data-start=\"1818\" data-end=\"2136\">\n<li data-start=\"1818\" data-end=\"1876\">\n<p data-start=\"1820\" data-end=\"1876\">Bez\u0161vov\u00e1 r\u00farkov\u00e1 kon\u0161trukcia pre nosenie bez podr\u00e1\u017edenia<\/p>\n<\/li>\n<li data-start=\"1877\" data-end=\"1928\">\n<p data-start=\"1879\" data-end=\"1928\">4-cestn\u00e1 elastick\u00e1 tkanina z mikrovl\u00e1kna alebo polyspandexu<\/p>\n<\/li>\n<li data-start=\"1929\" data-end=\"1956\">\n<p data-start=\"1931\" data-end=\"1956\">Ochrana proti UV \u017eiareniu (UPF 30+)<\/p>\n<\/li>\n<li data-start=\"1957\" data-end=\"1993\">\n<p data-start=\"1959\" data-end=\"1993\">\u013dahk\u00fd a odv\u00e1dzaj\u00faci vlhkos\u0165<\/p>\n<\/li>\n<li data-start=\"1994\" data-end=\"2046\">\n<p data-start=\"1996\" data-end=\"2046\">Tla\u010d vo vysokom rozl\u00ed\u0161en\u00ed, farba odoln\u00e1 vo\u010di vyblednutiu<\/p>\n<\/li>\n<li data-start=\"2047\" data-end=\"2089\">\n<p data-start=\"2049\" data-end=\"2089\">Jedna ve\u013ekos\u0165 pre v\u00e4\u010d\u0161inu (mu\u017ei, \u017eeny, ml\u00e1de\u017e)<\/p>\n<\/li>\n<li data-start=\"2090\" data-end=\"2136\">\n<p data-start=\"2092\" data-end=\"2136\">R\u00fdchloschn\u00faci a \u013eahko skladn\u00fd do ak\u00e9hoko\u013evek vrecka<\/p>\n<\/li>\n<\/ul>\n<p data-start=\"2138\" data-end=\"2165\">K dispoz\u00edcii s\u00fa tieto vzory:<\/p>\n<ul data-start=\"2166\" data-end=\"2306\">\n<li data-start=\"2166\" data-end=\"2183\">\n<p data-start=\"2168\" data-end=\"2183\">Vojensk\u00e1 kamufl\u00e1\u017e<\/p>\n<\/li>\n<li data-start=\"2184\" data-end=\"2205\">\n<p data-start=\"2186\" data-end=\"2205\">Umeleck\u00e9 graffiti<\/p>\n<\/li>\n<li data-start=\"2206\" data-end=\"2232\">\n<p data-start=\"2208\" data-end=\"2232\">Kme\u0148ov\u00e1 alebo zvieracia potla\u010d<\/p>\n<\/li>\n<li data-start=\"2233\" data-end=\"2252\">\n<p data-start=\"2235\" data-end=\"2252\">Tropick\u00e9 kvetiny<\/p>\n<\/li>\n<li data-start=\"2253\" data-end=\"2275\">\n<p data-start=\"2255\" data-end=\"2275\">Mestsk\u00e9 \u0161portov\u00e9 t\u00f3ny<\/p>\n<\/li>\n<li data-start=\"2276\" data-end=\"2306\">\n<p data-start=\"2278\" data-end=\"2306\">Pr\u00edrodn\u00e9 a sez\u00f3nne t\u00e9my<\/p>\n<\/li>\n<\/ul>\n<p data-start=\"2308\" data-end=\"2324\">Ide\u00e1lne pr\u00edpady pou\u017eitia:<\/p>\n<ul data-start=\"2325\" data-end=\"2559\">\n<li data-start=\"2325\" data-end=\"2364\">\n<p data-start=\"2327\" data-end=\"2364\">Zna\u010dky outdoorov\u00fdch \u0161portov a dobrodru\u017estva<\/p>\n<\/li>\n<li data-start=\"2365\" data-end=\"2405\">\n<p data-start=\"2367\" data-end=\"2405\">S\u00fapravy zimn\u00e9ho a horsk\u00e9ho \u0161portov\u00e9ho vybavenia<\/p>\n<\/li>\n<li data-start=\"2406\" data-end=\"2443\">\n<p data-start=\"2408\" data-end=\"2443\">Firemn\u00fd propaga\u010dn\u00fd tovar<\/p>\n<\/li>\n<li data-start=\"2444\" data-end=\"2488\">\n<p data-start=\"2446\" data-end=\"2488\">Vlastn\u00e9 dar\u010deky na pretekoch alebo obchodn\u00fdch v\u00fdstav\u00e1ch<\/p>\n<\/li>\n<li data-start=\"2489\" data-end=\"2526\">\n<p data-start=\"2491\" data-end=\"2526\">Bezpe\u010dnostn\u00e9 s\u00fapravy MVO a cyklistick\u00e9 kluby<\/p>\n<\/li>\n<li data-start=\"2527\" data-end=\"2559\">\n<p data-start=\"2529\" data-end=\"2559\">Taktick\u00e9 a paintballov\u00e9 hry<\/p>\n<\/li>\n<\/ul>\n<p data-start=\"2561\" data-end=\"2584\">Slu\u017eby prisp\u00f4sobenia:<\/p>\n<ul data-start=\"2585\" data-end=\"2776\">\n<li data-start=\"2585\" data-end=\"2618\">\n<p data-start=\"2587\" data-end=\"2618\">Celoplo\u0161n\u00e1 sublima\u010dn\u00e1 tla\u010d<\/p>\n<\/li>\n<li data-start=\"2619\" data-end=\"2648\">\n<p data-start=\"2621\" data-end=\"2648\">Zna\u010dkov\u00e9 obaly<\/p>\n<\/li>\n<li data-start=\"2649\" data-end=\"2689\">\n<p data-start=\"2651\" data-end=\"2689\">Vytla\u010den\u00e9 \u0161t\u00edtky alebo v\u0161it\u00e9 \u0161t\u00edtky zna\u010dky<\/p>\n<\/li>\n<li data-start=\"2690\" data-end=\"2725\">\n<p data-start=\"2692\" data-end=\"2725\">S\u00fapravy viacn\u00e1sobn\u00fdch balen\u00ed pripraven\u00e9 na maloobchodn\u00fd predaj<\/p>\n<\/li>\n<li data-start=\"2726\" data-end=\"2776\">\n<p data-start=\"2728\" data-end=\"2776\">V\u00fdroba prisp\u00f4soben\u00e1 pant\u00f3nom pre jedine\u010dn\u00fa identitu<\/p>\n<\/li>\n<\/ul>\n<p data-start=\"2778\" data-end=\"3020\">Vyrobil <strong data-start=\"2790\" data-end=\"2812\">Ryinz spol. s.r.o.<\/strong>, tieto ohrieva\u010de krku sa dod\u00e1vaj\u00fa s faktur\u00e1ciou a dodr\u017eiavan\u00edm DPH v E\u00da, r\u00fdchlou exped\u00edciou z \u010ceskej republiky a plnou podporou OEM pre va\u0161u vlastn\u00fa zna\u010dku alebo sortiment outdoorov\u00e9ho vybavenia. MOQ za\u010d\u00edna na 100 ks\/vzor.<\/p>\n<p data-start=\"3022\" data-end=\"3137\">Nechajte svojich z\u00e1kazn\u00edkov jazdi\u0165, beha\u0165 a objavova\u0165 v pohodl\u00ed - s v\u00fdrazn\u00fdmi farbami, ktor\u00e9 vynikaj\u00fa v\u00fdkonom a ochranou.<\/p>","protected":false},"excerpt":{"rendered":"<p data-start=\"304\" data-end=\"684\">Na\u0161e n\u00e1kr\u010dn\u00edky s\u00fa farebn\u00e9, v\u0161estrann\u00e9 a ide\u00e1lne do chladn\u00e9ho aj prechodn\u00e9ho po\u010dasia. Tieto multifunk\u010dn\u00e9 gama\u0161e sl\u00fa\u017eia ako n\u00e1vleky na krk, masky na tv\u00e1r a \u0161t\u00fdlov\u00e9 outdoorov\u00e9 doplnky. S\u00fa vyroben\u00e9 z elastick\u00e9ho mikrovl\u00e1kna alebo priedu\u0161n\u00e9ho polyesteru a poskytuj\u00fa ochranu proti vetru, odvod vlhkosti a ochranu pred UV \u017eiaren\u00edm po\u010das aktiv\u00edt, ako je cyklistika, turistika, ly\u017eovanie alebo beh.<\/p>\n<p data-start=\"686\" data-end=\"976\">Tieto r\u00farkov\u00e9 n\u00e1vleky na krk s\u00fa k dispoz\u00edcii v \u0161irokej \u0161k\u00e1le \u017eiv\u00fdch potla\u010den\u00fdch vzorov - od mask\u00e1\u010dov a kvetov a\u017e po grafiku a abstrakciu - s\u00fa ve\u013emi \u013eahk\u00e9, r\u00fdchloschn\u00face a jemn\u00e9 na poko\u017eke. Ich bez\u0161vov\u00e1 kon\u0161trukcia umo\u017e\u0148uje viacero sp\u00f4sobov nosenia: ako kukla, \u010diapka, \u010delenka alebo \u0161atka.<\/p>\n<p data-start=\"978\" data-end=\"1154\">Spolo\u010dnos\u0165 Ryinz, ktor\u00e1 je ide\u00e1lna pre zna\u010dky \u0161portov\u00e9ho oble\u010denia, outdoorov\u00e9 podujatia, reklamn\u00e9 dar\u010deky a predajcov \u0161portov\u00fdch potrieb, pon\u00faka z\u00e1kazkov\u00fa tla\u010d a n\u00edzke MOQ s kompletn\u00fdm B2B servisom z \u010ceskej republiky.<\/p>","protected":false},"featured_media":10151,"comment_status":"closed","ping_status":"closed","template":"","meta":[],"product_brand":[35],"product_cat":[68],"product_tag":[688,689,690,691,692,693,694,695,696,697,698,699,700,701,702],"class_list":{"0":"post-9335","1":"product","2":"type-product","3":"status-publish","4":"has-post-thumbnail","6":"product_brand-ryinz","7":"product_cat-ryinz","8":"product_tag-all-over-print-gaiters-for-promotion","9":"product_tag-breathable-face-and-neck-protectors","10":"product_tag-custom-event-scarves-outdoor-use","11":"product_tag-custom-logo-neck-gaiters-europe","12":"product_tag-cycling-and-hiking-neck-warmers-czechia","13":"product_tag-multifunctional-neck-scarves-wholesale","14":"product_tag-neck-warmers-for-travel-and-ski-brands","15":"product_tag-outdoor-headwear-accessories-exporter","16":"product_tag-printed-neck-warmers-for-sports-brands","17":"product_tag-quick-dry-tube-scarves-for-runners","18":"product_tag-seamless-outdoor-gaiters-for-winter","19":"product_tag-sportswear-neck-wraps-b2b-supplier","20":"product_tag-stretchable-microfiber-neck-covers-eu","21":"product_tag-tactical-camo-neck-gaiters-supplier","22":"product_tag-uv-protective-printed-neck-tubes-eu","24":"first","25":"instock","26":"taxable","27":"shipping-taxable","28":"purchasable","29":"product-type-simple"},"_links":{"self":[{"href":"https:\/\/ryinz.cz\/velkoobchod\/sk\/wp-json\/wp\/v2\/product\/9335","targetHints":{"allow":["GET"]}}],"collection":[{"href":"https:\/\/ryinz.cz\/velkoobchod\/sk\/wp-json\/wp\/v2\/product"}],"about":[{"href":"https:\/\/ryinz.cz\/velkoobchod\/sk\/wp-json\/wp\/v2\/types\/product"}],"replies":[{"embeddable":true,"href":"https:\/\/ryinz.cz\/velkoobchod\/sk\/wp-json\/wp\/v2\/comments?post=9335"}],"wp:featuredmedia":[{"embeddable":true,"href":"https:\/\/ryinz.cz\/velkoobchod\/sk\/wp-json\/wp\/v2\/media\/10151"}],"wp:attachment":[{"href":"https:\/\/ryinz.cz\/velkoobchod\/sk\/wp-json\/wp\/v2\/media?parent=9335"}],"wp:term":[{"taxonomy":"product_brand","embeddable":true,"href":"https:\/\/ryinz.cz\/velkoobchod\/sk\/wp-json\/wp\/v2\/product_brand?post=9335"},{"taxonomy":"product_cat","embeddable":true,"href":"https:\/\/ryinz.cz\/velkoobchod\/sk\/wp-json\/wp\/v2\/product_cat?post=9335"},{"taxonomy":"product_tag","embeddable":true,"href":"https:\/\/ryinz.cz\/velkoobchod\/sk\/wp-json\/wp\/v2\/product_tag?post=9335"}],"curies":[{"name":"wp","href":"https:\/\/api.w.org\/{rel}","templated":true}]}}