{"id":9332,"date":"2025-06-22T15:41:31","date_gmt":"2025-06-22T15:41:31","guid":{"rendered":"https:\/\/ryinz.cz\/velkoobchod\/?post_type=product&#038;p=9332"},"modified":"2026-01-18T20:18:57","modified_gmt":"2026-01-18T20:18:57","slug":"lahke-nepremokave-bundy-do-dazda-priedusne-vetruodolne-vonkajsie-skrupiny-pre-cyklistiku-pesiu-turistiku-mestske-dochadzanie-b2b","status":"publish","type":"product","link":"https:\/\/ryinz.cz\/velkoobchod\/sk\/product\/lightweight-waterproof-rain-jackets-breathable-windproof-outdoor-shells-for-cycling-hiking-urban-commuting-b2b\/","title":{"rendered":"\u013dahk\u00e9 nepremokav\u00e9 bundy do da\u017e\u010fa - priedu\u0161n\u00e9, vetruodoln\u00e9 outdoorov\u00e9 bundy na bicykel, turistiku a doch\u00e1dzanie do mesta (B2B)"},"content":{"rendered":"<p data-start=\"1292\" data-end=\"1542\">Zosta\u0148te v suchu a vidite\u013en\u00ed v\u010faka n\u00e1\u0161mu sortimentu b\u00fand do da\u017e\u010fa profesion\u00e1lnej kvality - ide\u00e1lnych pre \u0161portovcov, doch\u00e1dzaj\u00facich do pr\u00e1ce, pracovn\u00edkov v pr\u00edrode a mestsk\u00fdch prieskumn\u00edkov. Tieto nepremokav\u00e9 bundy s\u00fa \u013eahk\u00e9, priedu\u0161n\u00e9 a plne prisp\u00f4sobite\u013en\u00e9 pre va\u0161u zna\u010dku alebo organiz\u00e1ciu.<\/p>\n<p data-start=\"1544\" data-end=\"1569\">Ka\u017ed\u00fd model je vyroben\u00fd pomocou:<\/p>\n<ul data-start=\"1570\" data-end=\"1770\">\n<li data-start=\"1570\" data-end=\"1610\">\n<p data-start=\"1572\" data-end=\"1610\">Vodotesn\u00e1 polyesterov\u00e1 alebo nylonov\u00e1 tkanina<\/p>\n<\/li>\n<li data-start=\"1611\" data-end=\"1677\">\n<p data-start=\"1613\" data-end=\"1677\">Vn\u00fatorn\u00fd PU alebo TPU povlak na odolnos\u0165 vo\u010di vode (do 10 000 mm)<\/p>\n<\/li>\n<li data-start=\"1678\" data-end=\"1722\">\n<p data-start=\"1680\" data-end=\"1722\">Zv\u00e1ran\u00e9 alebo podlepen\u00e9 \u0161vy na zabr\u00e1nenie \u00faniku<\/p>\n<\/li>\n<li data-start=\"1723\" data-end=\"1770\">\n<p data-start=\"1725\" data-end=\"1770\">Farby s vysokou vidite\u013enos\u0165ou a kontrastn\u00e9 zipsy<\/p>\n<\/li>\n<\/ul>\n<p data-start=\"1772\" data-end=\"1819\">Na\u0161e bundy do da\u017e\u010fa s\u00fa \u0161peci\u00e1lne navrhnut\u00e9 pre:<\/p>\n<ul data-start=\"1820\" data-end=\"1965\">\n<li data-start=\"1820\" data-end=\"1847\">\n<p data-start=\"1822\" data-end=\"1847\">Bicyklovanie a motocyklovanie<\/p>\n<\/li>\n<li data-start=\"1848\" data-end=\"1870\">\n<p data-start=\"1850\" data-end=\"1870\">Beh a turistika<\/p>\n<\/li>\n<li data-start=\"1871\" data-end=\"1906\">\n<p data-start=\"1873\" data-end=\"1906\">Pracovn\u00edci v stavebn\u00edctve alebo verejnoprospe\u0161n\u00fdch slu\u017eb\u00e1ch<\/p>\n<\/li>\n<li data-start=\"1907\" data-end=\"1941\">\n<p data-start=\"1909\" data-end=\"1941\">Vonkaj\u0161ie doru\u010dovanie a doch\u00e1dzanie<\/p>\n<\/li>\n<li data-start=\"1942\" data-end=\"1965\">\n<p data-start=\"1944\" data-end=\"1965\">Podujatia a t\u00edmov\u00e9 oble\u010denie<\/p>\n<\/li>\n<\/ul>\n<p data-start=\"1967\" data-end=\"1984\">Medzi funkcie patr\u00ed:<\/p>\n<ul data-start=\"1985\" data-end=\"2272\">\n<li data-start=\"1985\" data-end=\"2039\">\n<p data-start=\"1987\" data-end=\"2039\">Nastavite\u013en\u00e9 kapucne s prep\u00edna\u010dmi alebo elastick\u00fdmi \u0161n\u00farkami<\/p>\n<\/li>\n<li data-start=\"2040\" data-end=\"2090\">\n<p data-start=\"2042\" data-end=\"2090\">Zap\u00ednanie na cel\u00fd alebo polovi\u010dn\u00fd zips s b\u00farkov\u00fdmi chlop\u0148ami<\/p>\n<\/li>\n<li data-start=\"2091\" data-end=\"2134\">\n<p data-start=\"2093\" data-end=\"2134\">Pred\u013a\u017een\u00e9 zadn\u00e9 lemy na pokrytie pri jazde na bicykli<\/p>\n<\/li>\n<li data-start=\"2135\" data-end=\"2182\">\n<p data-start=\"2137\" data-end=\"2182\">Elastick\u00e9 man\u017eety alebo man\u017eety na such\u00fd zips na zabr\u00e1nenie vnikaniu da\u017e\u010fa<\/p>\n<\/li>\n<li data-start=\"2183\" data-end=\"2226\">\n<p data-start=\"2185\" data-end=\"2226\">\u013dahk\u00e9 balite\u013en\u00e9 kon\u0161trukcie na cesty<\/p>\n<\/li>\n<li data-start=\"2227\" data-end=\"2272\">\n<p data-start=\"2229\" data-end=\"2272\">Reflexn\u00e9 potrubie alebo bezpe\u010dnostn\u00e9 z\u00f3ny s potla\u010dou<\/p>\n<\/li>\n<\/ul>\n<p data-start=\"2274\" data-end=\"2492\">Niektor\u00e9 bundy maj\u00fa priedu\u0161n\u00e9 sie\u0165ovan\u00e9 pod\u0161\u00edvky alebo ventila\u010dn\u00e9 panely v podpazu\u0161\u00ed, ktor\u00e9 zabra\u0148uj\u00fa prehriatiu. Ergonomick\u00fd strih je optimalizovan\u00fd pre vo\u013enos\u0165 pohybu pri vrstven\u00ed na \u0161portov\u00e9 oble\u010denie, uniformy alebo z\u00e1kladn\u00e9 vrstvy.<\/p>\n<p data-start=\"2494\" data-end=\"2539\">Pon\u00fakame kompletn\u00e9 slu\u017eby prisp\u00f4sobenia OEM\/ODM:<\/p>\n<ul data-start=\"2540\" data-end=\"2730\">\n<li data-start=\"2540\" data-end=\"2577\">\n<p data-start=\"2542\" data-end=\"2577\">Zodpovedaj\u00face farby Pantone pre text\u00edlie<\/p>\n<\/li>\n<li data-start=\"2578\" data-end=\"2626\">\n<p data-start=\"2580\" data-end=\"2626\">Vytla\u010den\u00e9 alebo prenesen\u00e9 log\u00e1 spolo\u010dnosti alebo klubu<\/p>\n<\/li>\n<li data-start=\"2627\" data-end=\"2659\">\n<p data-start=\"2629\" data-end=\"2659\">Vytla\u010den\u00e9 \u0161t\u00edtky s \u00fadajmi o starostlivosti a ve\u013ekosti<\/p>\n<\/li>\n<li data-start=\"2660\" data-end=\"2702\">\n<p data-start=\"2662\" data-end=\"2702\">Balenie na zips s va\u0161ou zna\u010dkou<\/p>\n<\/li>\n<li data-start=\"2703\" data-end=\"2730\">\n<p data-start=\"2705\" data-end=\"2730\">Z\u00e1vesn\u00e9 \u0161t\u00edtky a \u010diarov\u00e9 k\u00f3dy<\/p>\n<\/li>\n<\/ul>\n<p data-start=\"2732\" data-end=\"2897\">Ve\u013ekosti sa pohybuj\u00fa od XS do 3XL a k dispoz\u00edcii s\u00fa strihy pod\u013ea pohlavia (p\u00e1nske, d\u00e1mske, unisex). Na po\u017eiadanie je mo\u017en\u00e9 vytvori\u0165 aj vlastn\u00e9 ve\u013ekosti pre deti alebo plusov\u00e9 ve\u013ekosti.<\/p>\n<p data-start=\"2899\" data-end=\"2909\">Ide\u00e1lne pre:<\/p>\n<ul data-start=\"2910\" data-end=\"3086\">\n<li data-start=\"2910\" data-end=\"2939\">\n<p data-start=\"2912\" data-end=\"2939\">Spolo\u010dnosti vyr\u00e1baj\u00face cyklistick\u00e9 oble\u010denie<\/p>\n<\/li>\n<li data-start=\"2940\" data-end=\"2977\">\n<p data-start=\"2942\" data-end=\"2977\">Zna\u010dky outdoorov\u00e9ho dobrodru\u017estva a vybavenia<\/p>\n<\/li>\n<li data-start=\"2978\" data-end=\"3010\">\n<p data-start=\"2980\" data-end=\"3010\">Mimovl\u00e1dne organiz\u00e1cie a vybavenie dobrovo\u013en\u00edkov<\/p>\n<\/li>\n<li data-start=\"3011\" data-end=\"3042\">\n<p data-start=\"3013\" data-end=\"3042\">\u0160portov\u00e9 kluby a s\u00fapravy na podujatia<\/p>\n<\/li>\n<li data-start=\"3043\" data-end=\"3086\">\n<p data-start=\"3045\" data-end=\"3086\">Uniformy \u0161t\u00e1tnych a obecn\u00fdch zamestnancov<\/p>\n<\/li>\n<\/ul>\n<p data-start=\"3088\" data-end=\"3408\">Spolo\u010dnos\u0165 Ryinz vyr\u00e1ba a dod\u00e1va v\u0161etky odevy v r\u00e1mci <strong data-start=\"3135\" data-end=\"3157\">Ryinz spol. s.r.o.<\/strong> (\u010cesk\u00e1 republika) s plnou kompatibilitou s DPH v E\u00da, coln\u00fdmi deklar\u00e1ciami a r\u00fdchlym dodan\u00edm do v\u0161etk\u00fdch 28 kraj\u00edn E\u00da. V\u010faka konkuren\u010dn\u00fdm cen\u00e1m B2B a n\u00edzkym MOQ od 100 ks\/dizajn sme tu, aby sme v\u00e1m pomohli \u013eahko spusti\u0165 alebo roz\u0161\u00edri\u0165 va\u0161u l\u00edniu oble\u010denia do da\u017e\u010fa.<\/p>","protected":false},"excerpt":{"rendered":"<p data-start=\"297\" data-end=\"649\">Na\u0161e nepremokav\u00e9 bundy do da\u017e\u010fa s\u00fa ur\u010den\u00e9 na akt\u00edvne pou\u017e\u00edvanie v pr\u00edrode a doch\u00e1dzanie do pr\u00e1ce v meste. S\u00fa \u013eahk\u00e9, zbalite\u013en\u00e9 a priedu\u0161n\u00e9, poskytuj\u00fa \u00fapln\u00fa ochranu pred vetrom a da\u017e\u010fom a z\u00e1rove\u0148 zachov\u00e1vaj\u00fa vo\u013enos\u0165 pohybu. Tieto bundy s\u00fa vyroben\u00e9 z odoln\u00e9ho polyesteru alebo nylonu s PU alebo TPU povrchovou \u00fapravou a s\u00fa ide\u00e1lne pre cyklistov, be\u017ecov, turistov a doru\u010dovate\u013eov.<\/p>\n<p data-start=\"651\" data-end=\"978\">Tieto bundy s\u00fa k dispoz\u00edcii v jasn\u00fdch bezpe\u010dnostn\u00fdch farb\u00e1ch, ako je ne\u00f3novo zelen\u00e1, oran\u017eov\u00e1, \u010derven\u00e1, \u017elt\u00e1 a modr\u00e1, a maj\u00fa podlepen\u00e9 \u0161vy, nastavite\u013en\u00e9 kapucne, elastick\u00e9 man\u017eety a dlh\u00e9 chvostov\u00e9 vzory, ktor\u00e9 udr\u017euj\u00fa chrb\u00e1t v suchu po\u010das jazdy alebo pohybu. Niektor\u00e9 modely obsahuj\u00fa vetranie v podpazu\u0161\u00ed, sie\u0165ov\u00e9 pod\u0161\u00edvky a reflexn\u00e9 detaily pre v\u00e4\u010d\u0161ie pohodlie a bezpe\u010dnos\u0165.<\/p>\n<p data-start=\"980\" data-end=\"1238\">Pon\u00fakame prisp\u00f4sobenie B2B s potla\u010dou loga, ve\u013ekostn\u00e9 tabu\u013eky, vlastn\u00e9 balenie a faktur\u00e1ciu DPH v E\u00da. V\u010faka na\u0161ej podpore exportu v \u010ceskej republike je spolo\u010dnos\u0165 Ryinz spo\u013eahliv\u00fdm dod\u00e1vate\u013eom technick\u00e9ho oble\u010denia do da\u017e\u010fa pre zna\u010dky, \u0161portov\u00e9 kluby a distrib\u00fatorov outdoorov\u00e9ho vybavenia v celej Eur\u00f3pe.<\/p>","protected":false},"featured_media":10155,"comment_status":"closed","ping_status":"closed","template":"","meta":[],"product_brand":[35],"product_cat":[68],"product_tag":[643,644,645,646,647,648,649,650,651,652,653,654,655,656,657],"class_list":{"0":"post-9332","1":"product","2":"type-product","3":"status-publish","4":"has-post-thumbnail","6":"product_brand-ryinz","7":"product_cat-ryinz","8":"product_tag-b2b-custom-rain-jackets-for-brands","9":"product_tag-custom-printed-outdoor-jackets-europe","10":"product_tag-cycling-rainwear-breathable-waterproof","11":"product_tag-high-visibility-rain-jackets-for-safety","12":"product_tag-lightweight-waterproof-rain-jackets-eu","13":"product_tag-packable-windproof-jackets-for-biking","14":"product_tag-polyester-waterproof-jackets-ce-approved","15":"product_tag-rain-jackets-for-hiking-and-commuting","16":"product_tag-rain-jackets-with-hood-and-vents-eu","17":"product_tag-reflective-outdoor-shell-jackets-czechia","18":"product_tag-safety-color-waterproof-jackets-for-teams-let-me-know-when-youre-ready-to-continue-with-the-next-item","19":"product_tag-technical-shell-jackets-for-outdoor-use","20":"product_tag-tpu-coated-waterproof-jackets-supplier","21":"product_tag-urban-commuter-rain-jackets-manufacturer","22":"product_tag-waterproof-windbreakers-for-events","24":"first","25":"instock","26":"taxable","27":"shipping-taxable","28":"purchasable","29":"product-type-simple"},"_links":{"self":[{"href":"https:\/\/ryinz.cz\/velkoobchod\/sk\/wp-json\/wp\/v2\/product\/9332","targetHints":{"allow":["GET"]}}],"collection":[{"href":"https:\/\/ryinz.cz\/velkoobchod\/sk\/wp-json\/wp\/v2\/product"}],"about":[{"href":"https:\/\/ryinz.cz\/velkoobchod\/sk\/wp-json\/wp\/v2\/types\/product"}],"replies":[{"embeddable":true,"href":"https:\/\/ryinz.cz\/velkoobchod\/sk\/wp-json\/wp\/v2\/comments?post=9332"}],"wp:featuredmedia":[{"embeddable":true,"href":"https:\/\/ryinz.cz\/velkoobchod\/sk\/wp-json\/wp\/v2\/media\/10155"}],"wp:attachment":[{"href":"https:\/\/ryinz.cz\/velkoobchod\/sk\/wp-json\/wp\/v2\/media?parent=9332"}],"wp:term":[{"taxonomy":"product_brand","embeddable":true,"href":"https:\/\/ryinz.cz\/velkoobchod\/sk\/wp-json\/wp\/v2\/product_brand?post=9332"},{"taxonomy":"product_cat","embeddable":true,"href":"https:\/\/ryinz.cz\/velkoobchod\/sk\/wp-json\/wp\/v2\/product_cat?post=9332"},{"taxonomy":"product_tag","embeddable":true,"href":"https:\/\/ryinz.cz\/velkoobchod\/sk\/wp-json\/wp\/v2\/product_tag?post=9332"}],"curies":[{"name":"wp","href":"https:\/\/api.w.org\/{rel}","templated":true}]}}