{"id":9331,"date":"2025-06-22T15:41:31","date_gmt":"2025-06-22T15:41:31","guid":{"rendered":"https:\/\/ryinz.cz\/velkoobchod\/?post_type=product&#038;p=9331"},"modified":"2026-01-18T20:18:56","modified_gmt":"2026-01-18T20:18:56","slug":"vlastne-bavlnene-flisove-mikiny-s-kapucnou-pulover-na-zips-mikiny-pre-znacky-timy-pracovne-odevy-a-streetwear-b2b-dodavky","status":"publish","type":"product","link":"https:\/\/ryinz.cz\/velkoobchod\/sk\/product\/custom-cotton-fleece-hoodies-pullover-zip-up-sweatshirts-for-brands-teams-workwear-and-streetwear-b2b-supply\/","title":{"rendered":"Bavlnen\u00e9 a fl\u00edsov\u00e9 mikiny na mieru - pul\u00f3vre a mikiny na zips pre zna\u010dky, t\u00edmy, pracovn\u00e9 odevy a streetwear B2B Supply"},"content":{"rendered":"<p data-start=\"1237\" data-end=\"1521\">Na\u0161e mikiny na mieru kombinuj\u00fa teplo, odolnos\u0165 a flexibilitu dizajnu pre firmy, \u0161portov\u00e9 kluby, m\u00f3dne zna\u010dky a reklamn\u00e9 agent\u00fary. \u010ci u\u017e obliekate svoj t\u00edm, uv\u00e1dzate na trh maloobchodn\u00fa l\u00edniu alebo organizujete podujatie, na\u0161a kolekcia mik\u00edn je vytvoren\u00e1 pre pohodlie a vidite\u013enos\u0165.<\/p>\n<p data-start=\"1523\" data-end=\"1682\">Na\u0161e mikiny s kapuc\u0148ou s\u00fa vyroben\u00e9 z prvotriednych materi\u00e1lov, ako je \u010desan\u00e1 bavlna 100%, zmes bavlny a polyfl\u00edsu 65\/35 alebo tkanina tech-fleece, a s\u00fa tepl\u00e9 a z\u00e1rove\u0148 priedu\u0161n\u00e9. Pon\u00fakame:<\/p>\n<ul data-start=\"1683\" data-end=\"1871\">\n<li data-start=\"1683\" data-end=\"1725\">\n<p data-start=\"1685\" data-end=\"1725\">Mikiny s kapuc\u0148ou a klokan\u00edm vreckom<\/p>\n<\/li>\n<li data-start=\"1726\" data-end=\"1779\">\n<p data-start=\"1728\" data-end=\"1779\">Mikiny s kapuc\u0148ou na zips s rozdelenou prednou \u010das\u0165ou a kovov\u00fdmi zipsami<\/p>\n<\/li>\n<li data-start=\"1780\" data-end=\"1821\">\n<p data-start=\"1782\" data-end=\"1821\">Farebne blokovan\u00e9 alebo plne potla\u010den\u00e9 panely<\/p>\n<\/li>\n<li data-start=\"1822\" data-end=\"1871\">\n<p data-start=\"1824\" data-end=\"1871\">Jednofarebn\u00e9 mikiny s kapuc\u0148ou vo v\u00fdrazn\u00fdch a neutr\u00e1lnych t\u00f3noch<\/p>\n<\/li>\n<\/ul>\n<p data-start=\"1873\" data-end=\"1894\">Medzi hlavn\u00e9 funkcie patr\u00ed:<\/p>\n<ul data-start=\"1895\" data-end=\"2149\">\n<li data-start=\"1895\" data-end=\"1936\">\n<p data-start=\"1897\" data-end=\"1936\">Pod\u0161it\u00e9 kapucne s nastavite\u013en\u00fdmi \u0161n\u00farkami<\/p>\n<\/li>\n<li data-start=\"1937\" data-end=\"1987\">\n<p data-start=\"1939\" data-end=\"1987\">Man\u017eety a p\u00e1sy z rebrov\u00e9ho \u00fapletu pre bezpe\u010dn\u00e9 nosenie<\/p>\n<\/li>\n<li data-start=\"1988\" data-end=\"2041\">\n<p data-start=\"1990\" data-end=\"2041\">Zosilnen\u00e9 \u0161itie a dvojit\u00fd \u0161ev<\/p>\n<\/li>\n<li data-start=\"2042\" data-end=\"2092\">\n<p data-start=\"2044\" data-end=\"2092\">Vn\u00fatorn\u00fd priestor s m\u00e4kk\u00fdm povrchom na dotyk pre izol\u00e1ciu a pohodlie<\/p>\n<\/li>\n<li data-start=\"2093\" data-end=\"2149\">\n<p data-start=\"2095\" data-end=\"2149\">Volite\u013en\u00e9 otvory na palec, kovov\u00e9 o\u010dk\u00e1 a vn\u00fatorn\u00e9 \u0161t\u00edtky<\/p>\n<\/li>\n<\/ul>\n<p data-start=\"2151\" data-end=\"2318\">Na\u0161e mikiny s kapuc\u0148ou s\u00fa k dispoz\u00edcii v r\u00f4znych strihoch vr\u00e1tane slim fit, regular fit alebo oversized streetwear siluety. S\u00fa ide\u00e1lne na vlastn\u00fa potla\u010d alebo v\u00fd\u0161ivku:<\/p>\n<ul data-start=\"2319\" data-end=\"2484\">\n<li data-start=\"2319\" data-end=\"2357\">\n<p data-start=\"2321\" data-end=\"2357\">Log\u00e1 zna\u010dky alebo podujatia na hrudi\/vzadu<\/p>\n<\/li>\n<li data-start=\"2358\" data-end=\"2394\">\n<p data-start=\"2360\" data-end=\"2394\">N\u00e1zvy sponzorov alebo t\u00edmov na ruk\u00e1voch<\/p>\n<\/li>\n<li data-start=\"2395\" data-end=\"2444\">\n<p data-start=\"2397\" data-end=\"2444\">V\u00fdmena \u0161t\u00edtku na krku s vlastnou zna\u010dkou<\/p>\n<\/li>\n<li data-start=\"2445\" data-end=\"2484\">\n<p data-start=\"2447\" data-end=\"2484\">Balenie pripraven\u00e9 na maloobchodn\u00fd predaj alebo visa\u010dky<\/p>\n<\/li>\n<\/ul>\n<p data-start=\"2486\" data-end=\"2750\">Podporujeme hromadn\u00e9 objedn\u00e1vky od 100 ks na farbu\/vzor a pon\u00fakame odber vzoriek pred v\u00fdrobou. \u010ci u\u017e vytv\u00e1rate \u0161kolsk\u00fa kolekciu, zav\u00e1dzate zna\u010dku streetwear alebo dod\u00e1vate oble\u010denie spolo\u010dnostiam, spolo\u010dnos\u0165 Ryinz zabezpe\u010d\u00ed, aby v\u00fdroba sp\u013a\u0148ala normy E\u00da t\u00fdkaj\u00face sa ve\u013ekosti a kvality.<\/p>\n<p data-start=\"2752\" data-end=\"2778\">Medzi ob\u013e\u00faben\u00e9 pr\u00edpady pou\u017eitia patria:<\/p>\n<ul data-start=\"2779\" data-end=\"2974\">\n<li data-start=\"2779\" data-end=\"2812\">\n<p data-start=\"2781\" data-end=\"2812\">Firemn\u00e9 pracovn\u00e9 odevy a uniformy<\/p>\n<\/li>\n<li data-start=\"2813\" data-end=\"2848\">\n<p data-start=\"2815\" data-end=\"2848\">Oble\u010denie na cesty alebo pred z\u00e1pasom<\/p>\n<\/li>\n<li data-start=\"2849\" data-end=\"2903\">\n<p data-start=\"2851\" data-end=\"2903\">Merchandising pre influencerov, hudobn\u00edkov, tvorcov<\/p>\n<\/li>\n<li data-start=\"2904\" data-end=\"2952\">\n<p data-start=\"2906\" data-end=\"2952\">Propaga\u010dn\u00e9 dar\u010deky a zna\u010dkov\u00e9 oble\u010denie<\/p>\n<\/li>\n<li data-start=\"2953\" data-end=\"2974\">\n<p data-start=\"2955\" data-end=\"2974\">Vybavenie mimovl\u00e1dnej organiz\u00e1cie alebo podujatia<\/p>\n<\/li>\n<\/ul>\n<p data-start=\"2976\" data-end=\"3102\">Na\u0161e mikiny s\u00fa k dispoz\u00edcii v p\u00e1nskom, d\u00e1mskom a unisex \u0161t\u00fdle vo ve\u013ekostiach XS-3XL. Na po\u017eiadanie je mo\u017en\u00e9 poskytn\u00fa\u0165 aj vlastn\u00e9 ve\u013ekosti.<\/p>\n<p data-start=\"3104\" data-end=\"3321\">Vyrobil <strong data-start=\"3116\" data-end=\"3138\">Ryinz spol. s.r.o.<\/strong>, registrovan\u00e1 v \u010ceskej republike, v\u0161etky objedn\u00e1vky s\u00fa fakturovan\u00e9 s DPH v E\u00da s doru\u010den\u00edm do 28 kraj\u00edn. Obsluhujeme z\u00e1kazn\u00edkov v Nemecku, Franc\u00fazsku, Po\u013esku, Rak\u00fasku, Holandsku, \u0160panielsku a \u010fal\u0161\u00edch krajin\u00e1ch.<\/p>\n<p data-start=\"3323\" data-end=\"3475\">\u010ci u\u017e potrebujete mikiny na zips s logom, m\u00f3dne k\u00fasky s celoplo\u0161nou potla\u010dou alebo jednofarebn\u00e9 uniformy pre zamestnancov, spolo\u010dnos\u0165 Ryinz je va\u0161\u00edm d\u00f4veryhodn\u00fdm dod\u00e1vate\u013eom odevov B2B.<\/p>","protected":false},"excerpt":{"rendered":"<p data-start=\"300\" data-end=\"599\">Na\u0161e mikiny s\u00fa navrhnut\u00e9 pre pohodlie, teplo a vlastn\u00e9 zna\u010dky. S\u00fa vyroben\u00e9 z m\u00e4kkej \u010desanej bavlny, fl\u00edsu alebo zmes\u00ed bavlny a polym\u00e9ru a s\u00fa ide\u00e1lne na be\u017en\u00e9 nosenie, pracovn\u00e9 oble\u010denie a reklamn\u00e9 odevy. Vyberte si medzi pul\u00f3vrov\u00fdmi alebo zipsov\u00fdmi \u0161t\u00fdlmi v r\u00f4znych farb\u00e1ch a strihoch, ktor\u00e9 vyhovuj\u00fa va\u0161ej zna\u010dke alebo publiku.<\/p>\n<p data-start=\"601\" data-end=\"906\">Ka\u017ed\u00e1 mikina m\u00e1 pod\u0161it\u00fa kapuc\u0148u, nastavite\u013en\u00e9 \u0161n\u00farky, rebrovan\u00e9 man\u017eety a p\u00e1s a klokanie alebo delen\u00e9 vrecko. \u010ci u\u017e chcete v\u00fdrazn\u00e9 potla\u010de, jednoliate m\u00f3dne farby alebo viacpanelov\u00e9 streetwear \u0161t\u00fdly, pon\u00fakame kompletn\u00e9 prisp\u00f4sobenie pomocou sie\u0165otla\u010de, v\u00fd\u0161ivky, tkan\u00fdch \u0161t\u00edtkov alebo maloobchodn\u00e9ho balenia.<\/p>\n<p data-start=\"908\" data-end=\"1183\">Na\u0161e mikiny s kapuc\u0148ou, ktor\u00e9 s\u00fa k dispoz\u00edcii v p\u00e1nskych, d\u00e1mskych a unisex ve\u013ekostiach (XS a\u017e 3XL), sa pou\u017e\u00edvaj\u00fa na firemn\u00e9 oble\u010denie, t\u00edmov\u00e9 oble\u010denie, merchandising zna\u010dky a oble\u010denie pre ml\u00e1de\u017e. S n\u00edzkym MOQ a r\u00fdchlym dodan\u00edm do E\u00da z na\u0161ej \u010deskej pobo\u010dky je spolo\u010dnos\u0165 Ryinz va\u0161\u00edm B2B partnerom pre vysokokvalitn\u00e9 mikiny pripraven\u00e9 na pou\u017eitie v E\u00da.<\/p>\n<p data-start=\"300\" data-end=\"599\">Na\u0161e mikiny s\u00fa navrhnut\u00e9 pre pohodlie, teplo a vlastn\u00e9 zna\u010dky. S\u00fa vyroben\u00e9 z m\u00e4kkej \u010desanej bavlny, fl\u00edsu alebo zmes\u00ed bavlny a polym\u00e9ru a s\u00fa ide\u00e1lne na be\u017en\u00e9 nosenie, pracovn\u00e9 oble\u010denie a reklamn\u00e9 odevy. Vyberte si medzi pul\u00f3vrov\u00fdmi alebo zipsov\u00fdmi \u0161t\u00fdlmi v r\u00f4znych farb\u00e1ch a strihoch, ktor\u00e9 vyhovuj\u00fa va\u0161ej zna\u010dke alebo publiku.<\/p>\n<p data-start=\"601\" data-end=\"906\">Ka\u017ed\u00e1 mikina m\u00e1 pod\u0161it\u00fa kapuc\u0148u, nastavite\u013en\u00e9 \u0161n\u00farky, rebrovan\u00e9 man\u017eety a p\u00e1s a klokanie alebo delen\u00e9 vrecko. \u010ci u\u017e chcete v\u00fdrazn\u00e9 potla\u010de, jednoliate m\u00f3dne farby alebo viacpanelov\u00e9 streetwear \u0161t\u00fdly, pon\u00fakame kompletn\u00e9 prisp\u00f4sobenie pomocou sie\u0165otla\u010de, v\u00fd\u0161ivky, tkan\u00fdch \u0161t\u00edtkov alebo maloobchodn\u00e9ho balenia.<\/p>\n<p data-start=\"908\" data-end=\"1183\">Na\u0161e mikiny s kapuc\u0148ou, ktor\u00e9 s\u00fa k dispoz\u00edcii v p\u00e1nskych, d\u00e1mskych a unisex ve\u013ekostiach (XS a\u017e 3XL), sa pou\u017e\u00edvaj\u00fa na firemn\u00e9 oble\u010denie, t\u00edmov\u00e9 oble\u010denie, merchandising zna\u010dky a oble\u010denie pre ml\u00e1de\u017e. S n\u00edzkym MOQ a r\u00fdchlym dodan\u00edm do E\u00da z na\u0161ej \u010deskej pobo\u010dky je spolo\u010dnos\u0165 Ryinz va\u0161\u00edm B2B partnerom pre vysokokvalitn\u00e9 mikiny pripraven\u00e9 na pou\u017eitie v E\u00da.<\/p>","protected":false},"featured_media":10154,"comment_status":"closed","ping_status":"closed","template":"","meta":[],"product_brand":[35],"product_cat":[438,68,467],"product_tag":[628,629,630,631,632,633,634,635,636,637,638,639,640,641,642],"class_list":{"0":"post-9331","1":"product","2":"type-product","3":"status-publish","4":"has-post-thumbnail","6":"product_brand-ryinz","7":"product_cat-leather-motorbike-pants","8":"product_cat-ryinz","9":"product_cat-textile-motorbike-jackets","10":"product_tag-b2b-fashion-hoodies-manufacturer-czechia","11":"product_tag-branded-hoodies-for-promotional-use","12":"product_tag-cotton-poly-hoodies-with-embroidery","13":"product_tag-custom-branded-hoodies-for-business","14":"product_tag-custom-hoodie-printing-eu-wholesale","15":"product_tag-fleece-hoodies-for-casual-wear-supplier","16":"product_tag-hooded-sweatshirts-for-events-and-merch","17":"product_tag-private-label-hoodie-supplier-europe","18":"product_tag-pullover-hoodies-with-logo-europe","19":"product_tag-retail-ready-hoodies-with-logo-print","20":"product_tag-screen-printed-cotton-hoodies-europe","21":"product_tag-streetwear-hoodies-for-fashion-brands","22":"product_tag-teamwear-hoodies-for-clubs-and-schools","23":"product_tag-unisex-custom-hoodies-with-drawstrings","24":"product_tag-zip-up-sweatshirts-for-teamwear-eu","26":"first","27":"instock","28":"taxable","29":"shipping-taxable","30":"purchasable","31":"product-type-simple"},"_links":{"self":[{"href":"https:\/\/ryinz.cz\/velkoobchod\/sk\/wp-json\/wp\/v2\/product\/9331","targetHints":{"allow":["GET"]}}],"collection":[{"href":"https:\/\/ryinz.cz\/velkoobchod\/sk\/wp-json\/wp\/v2\/product"}],"about":[{"href":"https:\/\/ryinz.cz\/velkoobchod\/sk\/wp-json\/wp\/v2\/types\/product"}],"replies":[{"embeddable":true,"href":"https:\/\/ryinz.cz\/velkoobchod\/sk\/wp-json\/wp\/v2\/comments?post=9331"}],"wp:featuredmedia":[{"embeddable":true,"href":"https:\/\/ryinz.cz\/velkoobchod\/sk\/wp-json\/wp\/v2\/media\/10154"}],"wp:attachment":[{"href":"https:\/\/ryinz.cz\/velkoobchod\/sk\/wp-json\/wp\/v2\/media?parent=9331"}],"wp:term":[{"taxonomy":"product_brand","embeddable":true,"href":"https:\/\/ryinz.cz\/velkoobchod\/sk\/wp-json\/wp\/v2\/product_brand?post=9331"},{"taxonomy":"product_cat","embeddable":true,"href":"https:\/\/ryinz.cz\/velkoobchod\/sk\/wp-json\/wp\/v2\/product_cat?post=9331"},{"taxonomy":"product_tag","embeddable":true,"href":"https:\/\/ryinz.cz\/velkoobchod\/sk\/wp-json\/wp\/v2\/product_tag?post=9331"}],"curies":[{"name":"wp","href":"https:\/\/api.w.org\/{rel}","templated":true}]}}