{"id":9329,"date":"2025-06-22T15:41:31","date_gmt":"2025-06-22T15:41:31","guid":{"rendered":"https:\/\/ryinz.cz\/velkoobchod\/?post_type=product&#038;p=9329"},"modified":"2026-01-18T20:18:53","modified_gmt":"2026-01-18T20:18:53","slug":"vlastne-tlacene-bavlnene-tricka-unisex-posadky-krku-tricka-pre-udalosti-znaciek-timov-a-bezne-nosenie-b2b-velkoobchod","status":"publish","type":"product","link":"https:\/\/ryinz.cz\/velkoobchod\/sk\/product\/custom-printed-cotton-t-shirts-unisex-crew-neck-tees-for-events-brands-teams-and-casual-wear-b2b-wholesale\/","title":{"rendered":"Bavlnen\u00e9 tri\u010dk\u00e1 s vlastnou potla\u010dou - Unisex tri\u010dk\u00e1 s v\u00fdstrihom pre podujatia, zna\u010dky, t\u00edmy a be\u017en\u00e9 nosenie (B2B ve\u013ekoobchod)"},"content":{"rendered":"<p data-start=\"1347\" data-end=\"1723\">Na\u0161e tri\u010dk\u00e1 s potla\u010dou s\u00fa dokonal\u00fdm pl\u00e1tnom pre zna\u010dky, kluby, dizajn\u00e9rov a podniky, ktor\u00e9 chc\u00fa vyjadri\u0165 svoju identitu, propagova\u0165 posolstvo alebo vyda\u0165 odv\u00e1\u017ene m\u00f3dne vyhl\u00e1senie. Tieto tri\u010dk\u00e1 s kr\u00e1tkymi ruk\u00e1vmi s\u00fa vyroben\u00e9 z m\u00e4kkej, priedu\u0161nej a predsr\u00e1\u017eanej bavlny alebo vysokokvalitn\u00fdch zmes\u00ed bavlny a polyesteru a pon\u00fakaj\u00fa \u013eahk\u00e9, celodenn\u00e9 nosenie pre mu\u017eov aj \u017eeny.<\/p>\n<p data-start=\"1725\" data-end=\"1792\">Strih je modern\u00fd a uvo\u013enen\u00fd a je navrhnut\u00fd pre masov\u00fa klientelu:<\/p>\n<ul data-start=\"1793\" data-end=\"1913\">\n<li data-start=\"1793\" data-end=\"1816\">\n<p data-start=\"1795\" data-end=\"1816\">Rebrovan\u00e9 v\u00fdstrihy pos\u00e1dky<\/p>\n<\/li>\n<li data-start=\"1817\" data-end=\"1839\">\n<p data-start=\"1819\" data-end=\"1839\">Dvojito pre\u0161it\u00e9 lemy<\/p>\n<\/li>\n<li data-start=\"1840\" data-end=\"1877\">\n<p data-start=\"1842\" data-end=\"1877\">Podlepen\u00e9 ramen\u00e1 pre zachovanie tvaru<\/p>\n<\/li>\n<li data-start=\"1878\" data-end=\"1913\">\n<p data-start=\"1880\" data-end=\"1913\">\u0160t\u00edtky Soft-Touch alebo s\u00fakromn\u00e9 \u0161t\u00edtky<\/p>\n<\/li>\n<\/ul>\n<p data-start=\"1915\" data-end=\"2197\">V\u0161etky n\u00e1vrhy sa vyr\u00e1baj\u00fa pomocou odoln\u00fdch tla\u010dov\u00fdch techn\u00edk vr\u00e1tane <strong data-start=\"1984\" data-end=\"2003\">sie\u0165otla\u010d<\/strong>, <strong data-start=\"2005\" data-end=\"2032\">DTG (Direct to Garment)<\/strong>, alebo <strong data-start=\"2037\" data-end=\"2054\">prenos tepla<\/strong>, v z\u00e1vislosti od grafiky a mno\u017estva objedn\u00e1vky. Atramenty s\u00fa ekologicky certifikovan\u00e9 a \u017eiv\u00e9, pon\u00fakaj\u00fa dlhotrvaj\u00face farby aj po opakovanom pran\u00ed.<\/p>\n<p data-start=\"2199\" data-end=\"2408\">K dispoz\u00edcii v oboch <strong data-start=\"2217\" data-end=\"2232\">jednostrann\u00fd<\/strong> a <strong data-start=\"2237\" data-end=\"2251\">predn\u00e1 zadn\u00e1 strana<\/strong> m\u00f4\u017eete si vybra\u0165 zo \u0161portovej grafiky, motiva\u010dn\u00fdch cit\u00e1tov, komiksov\u00fdch ilustr\u00e1ci\u00ed, loga alebo minim\u00e1lneho brandingu. Niektor\u00e9 z predstaven\u00fdch \u0161t\u00fdlov zah\u0155\u0148aj\u00fa mot\u00edvy ako:<\/p>\n<ul data-start=\"2409\" data-end=\"2610\">\n<li data-start=\"2409\" data-end=\"2442\">\n<p data-start=\"2411\" data-end=\"2442\">\u0160portov\u00e9 diela in\u0161pirovan\u00e9 jazdcami<\/p>\n<\/li>\n<li data-start=\"2443\" data-end=\"2470\">\n<p data-start=\"2445\" data-end=\"2470\">Tu\u010dn\u00e9 log\u00e1 (napr. Naska)<\/p>\n<\/li>\n<li data-start=\"2471\" data-end=\"2510\">\n<p data-start=\"2473\" data-end=\"2510\">Grafick\u00e9 expl\u00f3zie a abstraktn\u00e9 umenie<\/p>\n<\/li>\n<li data-start=\"2511\" data-end=\"2564\">\n<p data-start=\"2513\" data-end=\"2564\">Motiva\u010dn\u00e9 v\u00fdtla\u010dky (\u201cNikto to neurob\u00ed za v\u00e1s\u201d)<\/p>\n<\/li>\n<li data-start=\"2565\" data-end=\"2610\">\n<p data-start=\"2567\" data-end=\"2610\">Popkult\u00farne mashupy a v\u00fdrazn\u00e9 dizajny<\/p>\n<\/li>\n<\/ul>\n<p data-start=\"2612\" data-end=\"2853\">V\u0161etky tri\u010dk\u00e1 sa daj\u00fa prisp\u00f4sobi\u0165 - po\u0161lite n\u00e1m svoje umeleck\u00e9 dielo alebo koncept zna\u010dky a my sa postar\u00e1me o zvy\u0161ok. Na\u0161e MOQ pre tri\u010dk\u00e1 s vlastnou potla\u010dou za\u010d\u00edna od 100 kusov na farbu\/dizajn, \u010do je dostupn\u00e9 pre podujatia, startupy a sez\u00f3nne kolekcie.<\/p>\n<p data-start=\"2855\" data-end=\"2868\">Ryinz pon\u00faka:<\/p>\n<ul data-start=\"2869\" data-end=\"3033\">\n<li data-start=\"2869\" data-end=\"2894\">\n<p data-start=\"2871\" data-end=\"2894\">Ve\u013ekoobchodn\u00e9 ceny B2B<\/p>\n<\/li>\n<li data-start=\"2895\" data-end=\"2915\">\n<p data-start=\"2897\" data-end=\"2915\">Faktur\u00e1cia DPH v E\u00da<\/p>\n<\/li>\n<li data-start=\"2916\" data-end=\"2942\">\n<p data-start=\"2918\" data-end=\"2942\">Balenie pripraven\u00e9 na v\u00fdvoz<\/p>\n<\/li>\n<li data-start=\"2943\" data-end=\"2973\">\n<p data-start=\"2945\" data-end=\"2973\">Ve\u013ekos\u0165 od XS do 3XL<\/p>\n<\/li>\n<li data-start=\"2974\" data-end=\"2999\">\n<p data-start=\"2976\" data-end=\"2999\">Vlastn\u00e9 prisp\u00f4sobenie farieb<\/p>\n<\/li>\n<li data-start=\"3000\" data-end=\"3033\">\n<p data-start=\"3002\" data-end=\"3033\">Vlastn\u00e9 \u0161t\u00edtky na krk a \u010diarov\u00e9 k\u00f3dy<\/p>\n<\/li>\n<\/ul>\n<p data-start=\"3035\" data-end=\"3056\">Aplik\u00e1cie zah\u0155\u0148aj\u00fa:<\/p>\n<ul data-start=\"3057\" data-end=\"3220\">\n<li data-start=\"3057\" data-end=\"3078\">\n<p data-start=\"3059\" data-end=\"3078\">Streetwear zna\u010dky<\/p>\n<\/li>\n<li data-start=\"3079\" data-end=\"3099\">\n<p data-start=\"3081\" data-end=\"3099\">Fitness t\u00edmov\u00e9 oble\u010denie<\/p>\n<\/li>\n<li data-start=\"3100\" data-end=\"3126\">\n<p data-start=\"3102\" data-end=\"3126\">Hudobn\u00e9 a tane\u010dn\u00e9 podujatia<\/p>\n<\/li>\n<li data-start=\"3127\" data-end=\"3156\">\n<p data-start=\"3129\" data-end=\"3156\">Kampane na zv\u00fd\u0161enie povedomia o zna\u010dke<\/p>\n<\/li>\n<li data-start=\"3157\" data-end=\"3187\">\n<p data-start=\"3159\" data-end=\"3187\">Ve\u013etrhy alebo v\u00fdstavy<\/p>\n<\/li>\n<li data-start=\"3188\" data-end=\"3220\">\n<p data-start=\"3190\" data-end=\"3220\">Firemn\u00e9 dar\u010deky a maloobchod<\/p>\n<\/li>\n<\/ul>\n<p data-start=\"3222\" data-end=\"3536\">Na\u0161a v\u00fdroba sa realizuje prostredn\u00edctvom <strong data-start=\"3256\" data-end=\"3278\">Ryinz spol. s.r.o.<\/strong>, so s\u00eddlom v \u010ceskej republike. T\u00fdm je zabezpe\u010den\u00e1 bezprobl\u00e9mov\u00e1 logistika, faktur\u00e1cia DPH a dod\u00e1vka do v\u0161etk\u00fdch 28 kraj\u00edn E\u00da. Maloobchodn\u00edci a distrib\u00fatori v Nemecku, Taliansku, Franc\u00fazsku, Po\u013esku, Rak\u00fasku a Holandsku u\u017e vyu\u017e\u00edvaj\u00fa na\u0161u kvalitu a n\u00edzke MOQ.<\/p>\n<p data-start=\"3538\" data-end=\"3838\">V\u010faka na\u0161ej vlastnej podpore pri navrhovan\u00ed, r\u00fdchlemu v\u00fdberu vzoriek a spo\u013eahlivej v\u00fdrobe m\u00f4\u017ee va\u0161a zna\u010dka uvies\u0165 na trh vizu\u00e1lne presved\u010div\u00fa a pohodln\u00fa kolekciu s minim\u00e1lnym \u00fasil\u00edm. \u010ci u\u017e potrebujete odv\u00e1\u017ene potla\u010de na festivaly alebo minimalistick\u00e9 zna\u010dky pre streetwear, spolo\u010dnos\u0165 Ryinz m\u00e1 kapacitu a kreativitu na to, aby v\u00e1m ich dodala.<\/p>","protected":false},"excerpt":{"rendered":"<p data-start=\"304\" data-end=\"652\">Na\u0161e tri\u010dk\u00e1 s potla\u010dou s\u00fa vyroben\u00e9 pre pohodlie, trvanlivos\u0165 a vizu\u00e1lny dojem. Tieto tri\u010dk\u00e1 s\u00fa vyroben\u00e9 z m\u00e4kkej, priedu\u0161nej bavlny alebo bavlnen\u00fdch zmes\u00ed a s\u00fa ide\u00e1lne na be\u017en\u00e9 nosenie, t\u00edmov\u00e9 uniformy, propaga\u010dn\u00e9 podujatia alebo merchandising zna\u010dky. V\u010faka \u017eivej sie\u0165otla\u010dovej grafike a bohat\u00e9mu v\u00fdberu farieb vyhovuj\u00fa m\u00f3dnym z\u00e1kazn\u00edkom aj akt\u00edvnym pou\u017e\u00edvate\u013eom.<\/p>\n<p data-start=\"654\" data-end=\"968\">Ka\u017ed\u00e9 tri\u010dko m\u00e1 klasick\u00fd v\u00fdstrih, kr\u00e1tke ruk\u00e1vy a vo\u013en\u00fd strih vo ve\u013ekostiach XS-3XL. Vyberte si zo \u0161portov\u00fdch mot\u00edvov, komiksov\u00fdch potla\u010d\u00ed, sloganov alebo \u010dist\u00fdch n\u00e1vrhov loga - alebo si vy\u017eiadajte vlastn\u00fa grafiku. Kolekcia je k dispoz\u00edcii v \u010diernej, \u010dervenej, modrej, \u017eltej, oran\u017eovej a \u010fal\u0161\u00edch farb\u00e1ch a vyhovie ka\u017edej n\u00e1lade a posolstvu.<\/p>\n<p data-start=\"970\" data-end=\"1293\">Tieto tri\u010dk\u00e1 s\u00fa vhodn\u00e9 pre fitnes kluby, za\u010d\u00ednaj\u00face firmy s oble\u010den\u00edm, propaga\u010dn\u00e9 agent\u00fary, hudobn\u00e9 podujatia a maloobchody. Spolo\u010dnos\u0165 Ryinz pon\u00faka podporu s\u00fakromn\u00fdch zna\u010diek, ozna\u010dovanie ve\u013ekost\u00ed a ekologick\u00e9 balenie na po\u017eiadanie. V\u010faka faktur\u00e1cii DPH v E\u00da a r\u00fdchlemu dodaniu z na\u0161ej \u010deskej pobo\u010dky m\u00f4\u017eete bez ob\u00e1v roz\u0161irova\u0165 svoj sortiment tri\u010diek.<\/p>","protected":false},"featured_media":10152,"comment_status":"closed","ping_status":"closed","template":"","meta":[],"product_brand":[35],"product_cat":[438,68,467],"product_tag":[596,597,598,599,600,601,602,603,604,605,606,607,608,609,610,611,612],"class_list":{"0":"post-9329","1":"product","2":"type-product","3":"status-publish","4":"has-post-thumbnail","6":"product_brand-ryinz","7":"product_cat-leather-motorbike-pants","8":"product_cat-ryinz","9":"product_cat-textile-motorbike-jackets","10":"product_tag-and-merch","11":"product_tag-custom-bulk-printed-t-shirts-europe","12":"product_tag-custom-printed-cotton-t-shirts-eu","13":"product_tag-eco-friendly-branded-t-shirts-wholesale","14":"product_tag-modern-fit-round-neck-tees-europe","15":"product_tag-printed-fashion-shirts-for-retail-b2b","16":"product_tag-printed-teamwear-t-shirts-czechia","17":"product_tag-private-label-fashion-t-shirts-europe","18":"product_tag-screen-printed-t-shirts-for-brands","19":"product_tag-short-sleeve-promotional-tees-supplier","20":"product_tag-soft-cotton-t-shirts-with-logos","21":"product_tag-streetwear-t-shirts-with-bold-prints","22":"product_tag-t-shirt-manufacturer-for-events-eu","23":"product_tag-t-shirt-supplier-for-music-festivals","24":"product_tag-t-shirts-for-clubs","25":"product_tag-teams","26":"product_tag-wholesale-graphic-tees-for-men-and-women","28":"first","29":"instock","30":"taxable","31":"shipping-taxable","32":"purchasable","33":"product-type-simple"},"_links":{"self":[{"href":"https:\/\/ryinz.cz\/velkoobchod\/sk\/wp-json\/wp\/v2\/product\/9329","targetHints":{"allow":["GET"]}}],"collection":[{"href":"https:\/\/ryinz.cz\/velkoobchod\/sk\/wp-json\/wp\/v2\/product"}],"about":[{"href":"https:\/\/ryinz.cz\/velkoobchod\/sk\/wp-json\/wp\/v2\/types\/product"}],"replies":[{"embeddable":true,"href":"https:\/\/ryinz.cz\/velkoobchod\/sk\/wp-json\/wp\/v2\/comments?post=9329"}],"wp:featuredmedia":[{"embeddable":true,"href":"https:\/\/ryinz.cz\/velkoobchod\/sk\/wp-json\/wp\/v2\/media\/10152"}],"wp:attachment":[{"href":"https:\/\/ryinz.cz\/velkoobchod\/sk\/wp-json\/wp\/v2\/media?parent=9329"}],"wp:term":[{"taxonomy":"product_brand","embeddable":true,"href":"https:\/\/ryinz.cz\/velkoobchod\/sk\/wp-json\/wp\/v2\/product_brand?post=9329"},{"taxonomy":"product_cat","embeddable":true,"href":"https:\/\/ryinz.cz\/velkoobchod\/sk\/wp-json\/wp\/v2\/product_cat?post=9329"},{"taxonomy":"product_tag","embeddable":true,"href":"https:\/\/ryinz.cz\/velkoobchod\/sk\/wp-json\/wp\/v2\/product_tag?post=9329"}],"curies":[{"name":"wp","href":"https:\/\/api.w.org\/{rel}","templated":true}]}}