{"id":9327,"date":"2025-06-22T15:41:30","date_gmt":"2025-06-22T15:41:30","guid":{"rendered":"https:\/\/ryinz.cz\/velkoobchod\/?post_type=product&#038;p=9327"},"modified":"2026-01-18T20:18:51","modified_gmt":"2026-01-18T20:18:51","slug":"mechanicke-rukavice-s-vysokou-obratnostou-odolne-proti-prerezaniu-chranene-proti-narazom-protismykove-rukavice-pre-priemyselne-prace-v-automobilovom-priemysle","status":"publish","type":"product","link":"https:\/\/ryinz.cz\/velkoobchod\/sk\/product\/high-dexterity-mechanic-gloves-cut-resistant-impact-protected-anti-slip-gloves-for-industrial-automotive-work\/","title":{"rendered":"Mechanick\u00e9 rukavice s vysokou obratnos\u0165ou - rukavice odoln\u00e9 proti porezaniu, chr\u00e1nen\u00e9 proti n\u00e1razom, proti\u0161mykov\u00e9 rukavice pre priemyseln\u00e9 a automobilov\u00e9 pr\u00e1ce"},"content":{"rendered":"<p data-start=\"1504\" data-end=\"1854\">Na\u0161e mechanick\u00e9 rukavice s\u00fa navrhnut\u00e9 tak, aby poskytovali v\u00fdkon, bezpe\u010dnos\u0165 a pohodlie pre profesion\u00e1lov pracuj\u00facich v rizikov\u00fdch a presn\u00fdch prostrediach. Tieto rukavice pom\u00e1haj\u00fa chr\u00e1ni\u0165 ruky pred porezan\u00edm, odreninami, vibr\u00e1ciami a n\u00e1razmi - od gar\u00e1\u017e\u00ed a oprav\u00e1rensk\u00fdch h\u00e1l a\u017e po stavenisk\u00e1 a priemyseln\u00e9 \u00fadr\u017eb\u00e1rske z\u00e1vody - bez toho, aby sa zn\u00ed\u017eila ich obratnos\u0165 alebo \u00fachop.<\/p>\n<p data-start=\"1856\" data-end=\"2288\">Na\u0161e rukavice s\u00fa vyroben\u00e9 z odolnej syntetickej ko\u017ee, elastick\u00e9ho nylonu, neopr\u00e9nu alebo \u00fapletu a s\u00fa ve\u013emi pru\u017en\u00e9 a z\u00e1rove\u0148 odoln\u00e9 vo\u010di opotrebovaniu. Oblasti dlan\u00ed s\u00fa vylep\u0161en\u00e9 silik\u00f3nov\u00fdmi alebo text\u00farovan\u00fdmi vzormi pre pevn\u00fd \u00fachop n\u00e1strojov, dielov a mokr\u00fdch povrchov. Mnoh\u00e9 modely s\u00fa vybaven\u00e9 <strong data-start=\"2135\" data-end=\"2172\">chr\u00e1ni\u010de z termoplastickej gumy (TPR)<\/strong> na prstoch a k\u013aboch prstov, aby absorbovali vonkaj\u0161ie n\u00e1razy a zabr\u00e1nili zraneniam sp\u00f4soben\u00fdm p\u00e1dom n\u00e1strojov alebo kontaktom so strojmi.<\/p>\n<p data-start=\"2290\" data-end=\"2607\">Verzie odoln\u00e9 proti porezaniu s\u00fa vyroben\u00e9 s pou\u017eit\u00edm <strong data-start=\"2329\" data-end=\"2369\">HPPE (vysoko\u00fa\u010dinn\u00fd polyetyl\u00e9n)<\/strong> alebo <strong data-start=\"2373\" data-end=\"2396\">Priadza so zmesou kevlaru<\/strong>, a poskytuje certifikovan\u00fa ochranu proti porezaniu pod\u013ea normy EN388. S\u00fa ide\u00e1lne na v\u00fdrobu kovov, manipul\u00e1ciu so sklom a pr\u00e1cu s ostr\u00fdmi hranami. Polstrovanie v oblasti dlane zni\u017euje \u00fanavu pri pou\u017e\u00edvan\u00ed elektrick\u00e9ho n\u00e1radia alebo opakovanom uchopovan\u00ed.<\/p>\n<p data-start=\"2609\" data-end=\"2648\">K z\u00e1kladn\u00fdm vlastnostiam cel\u00e9ho sortimentu patr\u00ed:<\/p>\n<ul data-start=\"2649\" data-end=\"2851\">\n<li data-start=\"2649\" data-end=\"2684\">\n<p data-start=\"2651\" data-end=\"2684\">Kon\u010deky prstov kompatibiln\u00e9 s dotykovou obrazovkou<\/p>\n<\/li>\n<li data-start=\"2685\" data-end=\"2724\">\n<p data-start=\"2687\" data-end=\"2724\">Zap\u00ednanie na h\u00e1\u010dik a slu\u010dku alebo na z\u00e1p\u00e4stie<\/p>\n<\/li>\n<li data-start=\"2725\" data-end=\"2764\">\n<p data-start=\"2727\" data-end=\"2764\">Priedu\u0161n\u00e9 sie\u0165ovan\u00e9 chrbty na vetranie<\/p>\n<\/li>\n<li data-start=\"2765\" data-end=\"2807\">\n<p data-start=\"2767\" data-end=\"2807\">Ergonomick\u00fd dizajn s vopred zakriven\u00fdmi prstami<\/p>\n<\/li>\n<li data-start=\"2808\" data-end=\"2851\">\n<p data-start=\"2810\" data-end=\"2851\">Zosilnen\u00e9 \u0161itie v oblastiach s vysok\u00fdm nam\u00e1han\u00edm<\/p>\n<\/li>\n<\/ul>\n<p data-start=\"2853\" data-end=\"3219\">Jasn\u00e9 farby (ne\u00f3nov\u00e1 \u017elt\u00e1, oran\u017eov\u00e1, \u010derven\u00e1, fialov\u00e1) zlep\u0161uj\u00fa vidite\u013enos\u0165 a identifik\u00e1ciu t\u00edmu, zatia\u013e \u010do tmav\u0161ie modely pon\u00fakaj\u00fa \u010dist\u00fd, profesion\u00e1lny vzh\u013ead. Rukavice s\u00fa vhodn\u00e9 pre prav\u00e1kov aj \u013eav\u00e1kov a zachov\u00e1vaj\u00fa si pru\u017enos\u0165 pri teplot\u00e1ch do 0 \u00b0C. V z\u00e1vislosti od va\u0161ich potrieb pon\u00fakame varianty na v\u0161eobecn\u00e9 pou\u017eitie, proti n\u00e1razom, proti vibr\u00e1ci\u00e1m alebo s tepelnou pod\u0161\u00edvkou.<\/p>\n<p data-start=\"3221\" data-end=\"3277\">Poskytujeme z\u00e1kazn\u00edcke slu\u017eby OEM pre B2B kupuj\u00facich vr\u00e1tane:<\/p>\n<ul data-start=\"3278\" data-end=\"3473\">\n<li data-start=\"3278\" data-end=\"3323\">\n<p data-start=\"3280\" data-end=\"3323\">Tla\u010d loga (gumov\u00e1, sie\u0165ov\u00e1 alebo transferov\u00e1)<\/p>\n<\/li>\n<li data-start=\"3324\" data-end=\"3358\">\n<p data-start=\"3326\" data-end=\"3358\">Vlastn\u00e9 etikety a obaly na man\u017eety<\/p>\n<\/li>\n<li data-start=\"3359\" data-end=\"3396\">\n<p data-start=\"3361\" data-end=\"3396\">Jedine\u010dn\u00e9 \u00fapravy farieb a ve\u013ekost\u00ed<\/p>\n<\/li>\n<li data-start=\"3397\" data-end=\"3429\">\n<p data-start=\"3399\" data-end=\"3429\">Integr\u00e1cia maloobchodn\u00fdch zna\u010diek\/ \u010diarov\u00fdch k\u00f3dov<\/p>\n<\/li>\n<li data-start=\"3430\" data-end=\"3473\">\n<p data-start=\"3432\" data-end=\"3473\">Certifika\u010dn\u00e1 dokument\u00e1cia EN388 alebo ANSI<\/p>\n<\/li>\n<\/ul>\n<p data-start=\"3475\" data-end=\"3735\">V\u0161etky rukavice sa vyr\u00e1baj\u00fa pod pr\u00edsnou kontrolou kvality a dod\u00e1vaj\u00fa sa pod zna\u010dkou Ryinz alebo pod va\u0161ou s\u00fakromnou zna\u010dkou. Ako spolo\u010dnos\u0165 registrovan\u00e1 v \u010ceskej republike (<strong data-start=\"3622\" data-end=\"3644\">Ryinz spol. s.r.o.<\/strong>), zabezpe\u010dujeme kompletn\u00fa faktur\u00e1ciu DPH v E\u00da, v\u00fdvozn\u00fa dokument\u00e1ciu a r\u00fdchlu logistiku v celej Eur\u00f3pe.<\/p>\n<p data-start=\"3737\" data-end=\"3778\">Medzi ob\u013e\u00faben\u00e9 odvetvia a pr\u00edpady pou\u017eitia patria:<\/p>\n<ul data-start=\"3779\" data-end=\"3991\">\n<li data-start=\"3779\" data-end=\"3815\">\n<p data-start=\"3781\" data-end=\"3815\">Automobilov\u00e9 gar\u00e1\u017ee a dielne<\/p>\n<\/li>\n<li data-start=\"3816\" data-end=\"3853\">\n<p data-start=\"3818\" data-end=\"3853\">Priemyseln\u00e1 mechanick\u00e1 \u00fadr\u017eba<\/p>\n<\/li>\n<li data-start=\"3854\" data-end=\"3877\">\n<p data-start=\"3856\" data-end=\"3877\">Ropa a zemn\u00fd plyn v ter\u00e9ne<\/p>\n<\/li>\n<li data-start=\"3878\" data-end=\"3912\">\n<p data-start=\"3880\" data-end=\"3912\">Mont\u00e1\u017e a opravy zariaden\u00ed<\/p>\n<\/li>\n<li data-start=\"3913\" data-end=\"3949\">\n<p data-start=\"3915\" data-end=\"3949\">Logistika, skladovanie a balenie<\/p>\n<\/li>\n<li data-start=\"3950\" data-end=\"3991\">\n<p data-start=\"3952\" data-end=\"3991\">Stavebn\u00edctvo, maliarstvo a tes\u00e1rstvo<\/p>\n<\/li>\n<\/ul>\n<p data-start=\"3993\" data-end=\"4225\">V\u010faka ve\u013ekostiam od S po XXL a modelom optimalizovan\u00fdm na \u013eahk\u00e9, stredne \u0165a\u017ek\u00e9 alebo \u0165a\u017ek\u00e9 pou\u017eitie na\u0161im mechanick\u00fdm rukaviciam d\u00f4veruj\u00fa predajne n\u00e1radia, distrib\u00fatori OOP a priemyseln\u00ed dod\u00e1vatelia v Nemecku, Franc\u00fazsku, \u010ceskej republike, \u0160panielsku a Po\u013esku.<\/p>\n<p data-start=\"4227\" data-end=\"4399\">Kontaktujte n\u00e1s pre pr\u00edstup do katal\u00f3gu, \u017eiadosti o vzorky, ceny za model alebo \u00fapln\u00fa podporu pri vytv\u00e1ran\u00ed zna\u010dky na mieru. Spolo\u010dnos\u0165 Ryinz poskytuje kvalitu, pohodlie a s\u00falad - vytvoren\u00e9 pre pracuj\u00face ruky.<\/p>","protected":false},"excerpt":{"rendered":"<p data-start=\"314\" data-end=\"631\">Na\u0161e mechanick\u00e9 rukavice s\u00fa ur\u010den\u00e9 pre profesion\u00e1lov, ktor\u00ed potrebuj\u00fa \u00fachop, obratnos\u0165 a ochranu v n\u00e1ro\u010dnom pracovnom prostred\u00ed. Tieto rukavice kombinuj\u00fa proti\u0161mykov\u00fa text\u00faru dlane, n\u00e1razuvzdorn\u00e9 chr\u00e1ni\u010de k\u013abov a priedu\u0161n\u00e9 materi\u00e1ly - ide\u00e1lne na pr\u00e1cu v automobilovom priemysle, stavebn\u00edctve, priemyselnej \u00fadr\u017ebe a mechanick\u00fdch oprav\u00e1ch.<\/p>\n<p data-start=\"633\" data-end=\"931\">V z\u00e1vislosti od modelu s\u00fa rukavice vybaven\u00e9 ochranou proti n\u00e1razom z TPR, zosilnen\u00fdmi kon\u010dekmi prstov, kompatibilitou s dotykov\u00fdmi displejmi, polstrovan\u00fdmi dla\u0148ami a pru\u017en\u00fdmi \u00fapletmi alebo man\u017eetami. Mnoh\u00e9 z nich obsahuj\u00fa pod\u0161\u00edvky odoln\u00e9 proti prerezaniu (certifikovan\u00e9 pod\u013ea normy EN388), bez\u0161vov\u00e9 prevedenie \u0161krupiny alebo farby s vysokou vidite\u013enos\u0165ou na zv\u00fd\u0161enie bezpe\u010dnosti na pracovisk\u00e1ch so slab\u00fdm osvetlen\u00edm.<\/p>\n<p data-start=\"933\" data-end=\"1199\">Tieto rukavice s\u00fa k dispoz\u00edcii v \u017eiariv\u00fdch \u010derven\u00fdch, \u017elt\u00fdch, oran\u017eov\u00fdch, fialov\u00fdch, \u010diernych a siv\u00fdch kombin\u00e1ci\u00e1ch a s\u00fa ide\u00e1lne pre dod\u00e1vate\u013eov bezpe\u010dnostn\u00e9ho vybavenia, maloobchodn\u00edkov s n\u00e1rad\u00edm, priemyseln\u00fdch ve\u013ekoobchodn\u00edkov a s\u00fakromn\u00e9 zna\u010dky. Ve\u013ekosti s\u00fa od S po XXL a m\u00f4\u017eu by\u0165 ozna\u010den\u00e9 logom va\u0161ej spolo\u010dnosti.<\/p>\n<p data-start=\"1201\" data-end=\"1450\">Spolo\u010dnos\u0165 Ryinz dod\u00e1va mechanick\u00e9 rukavice do 28 kraj\u00edn E\u00da s faktur\u00e1ciou DPH v E\u00da, r\u00fdchlym servisom vzoriek a n\u00edzkym MOQ pre predajcov a dovozcov. Na\u0161e rukavice poskytuj\u00fa odoln\u00fa a cenovo dostupn\u00fa ochranu r\u00fak bez oh\u013eadu na to, \u010di potrebujete odolnos\u0165 vo\u010di n\u00e1razom, \u00fachopu alebo porezaniu.<\/p>","protected":false},"featured_media":10161,"comment_status":"closed","ping_status":"closed","template":"","meta":[],"product_brand":[35],"product_cat":[438,68,467],"product_tag":[545,546,547,548,549,550,551,552,553,554,555,556,557,558,559],"class_list":{"0":"post-9327","1":"product","2":"type-product","3":"status-publish","4":"has-post-thumbnail","6":"product_brand-ryinz","7":"product_cat-leather-motorbike-pants","8":"product_cat-ryinz","9":"product_cat-textile-motorbike-jackets","10":"product_tag-anti-slip-work-gloves-wholesale-eu","11":"product_tag-automotive-repair-gloves-with-grip","12":"product_tag-custom-branded-ppe-work-gloves","13":"product_tag-cut-resistant-gloves-for-auto-repair","14":"product_tag-cut-resistant-mechanic-gloves-en388","15":"product_tag-durable-utility-gloves-b2b-europe","16":"product_tag-flexible-gloves-for-workshop-safety","17":"product_tag-high-dexterity-mechanic-gloves-ce","18":"product_tag-high-visibility-mechanic-gloves-supplier","19":"product_tag-industrial-hand-protection-czech-supplier","20":"product_tag-mechanic-gloves-with-knuckle-guards","21":"product_tag-ppe-distributor-gloves-czech-republic","22":"product_tag-touchscreen-mechanic-gloves-europe","23":"product_tag-tpr-impact-gloves-for-mechanics","24":"product_tag-workshop-gloves-with-padded-palms","26":"first","27":"instock","28":"taxable","29":"shipping-taxable","30":"purchasable","31":"product-type-simple"},"_links":{"self":[{"href":"https:\/\/ryinz.cz\/velkoobchod\/sk\/wp-json\/wp\/v2\/product\/9327","targetHints":{"allow":["GET"]}}],"collection":[{"href":"https:\/\/ryinz.cz\/velkoobchod\/sk\/wp-json\/wp\/v2\/product"}],"about":[{"href":"https:\/\/ryinz.cz\/velkoobchod\/sk\/wp-json\/wp\/v2\/types\/product"}],"replies":[{"embeddable":true,"href":"https:\/\/ryinz.cz\/velkoobchod\/sk\/wp-json\/wp\/v2\/comments?post=9327"}],"wp:featuredmedia":[{"embeddable":true,"href":"https:\/\/ryinz.cz\/velkoobchod\/sk\/wp-json\/wp\/v2\/media\/10161"}],"wp:attachment":[{"href":"https:\/\/ryinz.cz\/velkoobchod\/sk\/wp-json\/wp\/v2\/media?parent=9327"}],"wp:term":[{"taxonomy":"product_brand","embeddable":true,"href":"https:\/\/ryinz.cz\/velkoobchod\/sk\/wp-json\/wp\/v2\/product_brand?post=9327"},{"taxonomy":"product_cat","embeddable":true,"href":"https:\/\/ryinz.cz\/velkoobchod\/sk\/wp-json\/wp\/v2\/product_cat?post=9327"},{"taxonomy":"product_tag","embeddable":true,"href":"https:\/\/ryinz.cz\/velkoobchod\/sk\/wp-json\/wp\/v2\/product_tag?post=9327"}],"curies":[{"name":"wp","href":"https:\/\/api.w.org\/{rel}","templated":true}]}}