{"id":9326,"date":"2025-06-22T15:41:30","date_gmt":"2025-06-22T15:41:30","guid":{"rendered":"https:\/\/ryinz.cz\/velkoobchod\/?post_type=product&#038;p=9326"},"modified":"2026-01-18T20:18:50","modified_gmt":"2026-01-18T20:18:50","slug":"termalne-nepremokave-zimne-rukavice-vetruodolne-rukavice-s-dotykovou-obrazovkou-pripravene-na-pouzitie-v-chladnom-pocasi-a-na-cykloturistiku","status":"publish","type":"product","link":"https:\/\/ryinz.cz\/velkoobchod\/sk\/product\/thermal-waterproof-winter-gloves-windproof-touchscreen-ready-outdoor-gloves-for-biking-hiking-and-cold-weather-use\/","title":{"rendered":"Term\u00e1lne nepremokav\u00e9 zimn\u00e9 rukavice - vetruvzdorn\u00e9 outdoorov\u00e9 rukavice s dotykovou obrazovkou na bicyklovanie, turistiku a pou\u017eitie v chladnom po\u010das\u00ed"},"content":{"rendered":"<p data-start=\"1508\" data-end=\"1854\">Na\u0161e zimn\u00e9 rukavice s\u00fa odborne navrhnut\u00e9 pre najchladnej\u0161ie mesiace roka - s\u00fa navrhnut\u00e9 tak, aby poskytovali tepeln\u00fa ochranu, odolnos\u0165 vo\u010di vetru, odpudzovali vodu a flexibilne sa pou\u017e\u00edvali v n\u00e1ro\u010dn\u00fdch podmienkach. \u010ci u\u017e s\u00fa va\u0161i z\u00e1kazn\u00edci cyklisti, be\u017eci, horsk\u00ed chodci, zimn\u00ed doch\u00e1dzaj\u00faci do pr\u00e1ce alebo doru\u010dovatelia, tieto rukavice zaru\u010duj\u00fa teplo, vidite\u013enos\u0165 a pou\u017eite\u013enos\u0165.<\/p>\n<p data-start=\"1856\" data-end=\"2204\">Vonkaj\u0161ia vrstva je vyroben\u00e1 z vysokokvalitnej polyesterovej alebo softshellovej tkaniny a odpudzuje \u013eahk\u00fd d\u00e1\u017e\u010f a sneh. Vn\u00fatorn\u00e1 strana obsahuje termoflisov\u00fa alebo zateplen\u00fa pod\u0161\u00edvku, ktor\u00e1 zachyt\u00e1va teplo bez toho, aby prid\u00e1vala nadmern\u00fd objem. V\u010faka tomu s\u00fa rukavice ide\u00e1lne na akt\u00edvne pou\u017e\u00edvanie a umo\u017e\u0148uj\u00fa pou\u017e\u00edvate\u013eom dr\u017ea\u0165 riadidl\u00e1, pou\u017e\u00edva\u0165 telef\u00f3ny alebo vykon\u00e1va\u0165 ka\u017edodenn\u00e9 \u00falohy v mraziv\u00fdch podmienkach.<\/p>\n<p data-start=\"2206\" data-end=\"2559\">Oblasti dlan\u00ed s\u00fa o\u0161etren\u00e9 proti\u0161mykov\u00fdm silik\u00f3nov\u00fdm alebo gumov\u00fdm vzorom pre siln\u00fa pri\u013enavos\u0165 v mokrom alebo z\u013eadovatenom prostred\u00ed. To zlep\u0161uje ovl\u00e1danie cyklistov a poskytuje zv\u00fd\u0161en\u00fa bezpe\u010dnos\u0165 pri zimn\u00fdch \u0161portoch. Prsty s\u00fa vopred zakriven\u00e9 pre pohodlie a vylep\u0161en\u00e9 <strong data-start=\"2451\" data-end=\"2482\">tipy kompatibiln\u00e9 s dotykovou obrazovkou<\/strong> tak\u017ee pou\u017e\u00edvatelia m\u00f4\u017eu ovl\u00e1da\u0165 smartf\u00f3ny alebo zariadenia GPS bez toho, aby si museli rukavice vyzliec\u0165.<\/p>\n<p data-start=\"2561\" data-end=\"2582\">Medzi hlavn\u00e9 funkcie patr\u00ed:<\/p>\n<ul data-start=\"2583\" data-end=\"2831\">\n<li data-start=\"2583\" data-end=\"2621\">\n<p data-start=\"2585\" data-end=\"2621\">Elastick\u00e9 man\u017eety na z\u00e1p\u00e4st\u00ed na utesnenie proti vetru<\/p>\n<\/li>\n<li data-start=\"2622\" data-end=\"2665\">\n<p data-start=\"2624\" data-end=\"2665\">Roz\u0161\u00edren\u00e9 man\u017eety pre lep\u0161ie pokrytie<\/p>\n<\/li>\n<li data-start=\"2666\" data-end=\"2714\">\n<p data-start=\"2668\" data-end=\"2714\">Reflexn\u00e9 log\u00e1 alebo detaily pre no\u010dn\u00fa bezpe\u010dnos\u0165<\/p>\n<\/li>\n<li data-start=\"2715\" data-end=\"2769\">\n<p data-start=\"2717\" data-end=\"2769\">Vodoodoln\u00e9 povlaky alebo vonkaj\u0161ia tkanina s \u00fapravou DWR<\/p>\n<\/li>\n<li data-start=\"2770\" data-end=\"2831\">\n<p data-start=\"2772\" data-end=\"2831\">K dispoz\u00edcii v p\u00fatav\u00fdch bezpe\u010dnostn\u00fdch farb\u00e1ch (\u010derven\u00e1, \u017elt\u00e1, modr\u00e1)<\/p>\n<\/li>\n<\/ul>\n<p data-start=\"2833\" data-end=\"3126\">Tieto rukavice s\u00fa <strong data-start=\"2850\" data-end=\"2895\">\u013eahk\u00e9, um\u00fdvate\u013en\u00e9 a ve\u013emi odoln\u00e9<\/strong>, tak\u017ee s\u00fa ide\u00e1lne na \u010fal\u0161\u00ed predaj prostredn\u00edctvom predajcov outdoorov\u00e9ho vybavenia, cyklistick\u00fdch obchodov, be\u017eeck\u00fdch klubov alebo propaga\u010dn\u00fdch podujat\u00ed. Podporujeme tie\u017e <strong data-start=\"3026\" data-end=\"3053\">firemn\u00e9 prisp\u00f4sobenie<\/strong> vr\u00e1tane v\u00fd\u0161ivky, potla\u010de loga, \u0161peci\u00e1lneho balenia alebo ozna\u010denia ve\u013ekosti.<\/p>\n<p data-start=\"3128\" data-end=\"3358\">Dostupn\u00e9 ve\u013ekosti s\u00fa od XS po XXL a s\u00fa vhodn\u00e9 pre mu\u017eov aj \u017eeny. Pre ve\u013ekoobchodn\u00fdch z\u00e1kazn\u00edkov, ktor\u00ed potrebuj\u00fa \u0161peci\u00e1lne rozmery, je mo\u017en\u00e9 prida\u0165 vlastn\u00e9 ve\u013ekosti. V\u00e4\u010d\u0161ina modelov je unisex a je navrhnut\u00e1 na tesn\u00e9 nosenie pre maxim\u00e1lny tepeln\u00fd v\u00fdkon.<\/p>\n<p data-start=\"3360\" data-end=\"3381\">Aplik\u00e1cie zah\u0155\u0148aj\u00fa:<\/p>\n<ul data-start=\"3382\" data-end=\"3544\">\n<li data-start=\"3382\" data-end=\"3404\">\n<p data-start=\"3384\" data-end=\"3404\">Cyklistika v chladnom po\u010das\u00ed<\/p>\n<\/li>\n<li data-start=\"3405\" data-end=\"3433\">\n<p data-start=\"3407\" data-end=\"3433\">Zimn\u00e1 turistika a treking<\/p>\n<\/li>\n<li data-start=\"3434\" data-end=\"3456\">\n<p data-start=\"3436\" data-end=\"3456\">Denn\u00e9 doch\u00e1dzanie do pr\u00e1ce v meste<\/p>\n<\/li>\n<li data-start=\"3457\" data-end=\"3476\">\n<p data-start=\"3459\" data-end=\"3476\">Pr\u00edprava ly\u017e\u00ed a snehu<\/p>\n<\/li>\n<li data-start=\"3477\" data-end=\"3504\">\n<p data-start=\"3479\" data-end=\"3504\">Pr\u00e1ca kuri\u00e9ra alebo v sklade<\/p>\n<\/li>\n<li data-start=\"3505\" data-end=\"3544\">\n<p data-start=\"3507\" data-end=\"3544\">Propaga\u010dn\u00e9 alebo \u0161portov\u00e9 dar\u010deky<\/p>\n<\/li>\n<\/ul>\n<p data-start=\"3546\" data-end=\"3867\">Vyr\u00e1ba a vyv\u00e1\u017ea <strong data-start=\"3571\" data-end=\"3593\">Ryinz spol. s.r.o.<\/strong>, na\u0161e rukavice s\u00fa v s\u00falade s normami CE a fakturuj\u00fa sa s DPH E\u00da z na\u0161ej kancel\u00e1rie v \u010ceskej republike. V\u0161etky rukavice s\u00fa balen\u00e9 vo form\u00e1te pripravenom na maloobchodn\u00fd predaj alebo vo ve\u013ekom mno\u017estve v z\u00e1vislosti od va\u0161ich preferenci\u00ed. Obsluhujeme maloobchodn\u00edkov a ve\u013ekoobchodn\u00edkov v Nemecku, Franc\u00fazsku, Taliansku, \u0160panielsku, Po\u013esku a \u010fal\u0161\u00edch krajin\u00e1ch.<\/p>\n<p data-start=\"3869\" data-end=\"4151\">Ak chcete ma\u0165 na sklade spo\u013eahliv\u00fa, \u0161t\u00fdlov\u00fa a v\u00fdkonn\u00fa l\u00edniu zimn\u00fdch rukav\u00edc, na\u0161a tov\u00e1rensk\u00e1 v\u00fdroba zaru\u010duje konzistenciu a prisp\u00f4sobenie potrebn\u00e9 na roz\u0161\u00edrenie va\u0161ej ponuky. Na\u0161e MOQ za\u010d\u00edna od 100 p\u00e1rov s flexibiln\u00fdmi mo\u017enos\u0165ami na z\u00e1klade v\u00fdberu modelu a potrieb zna\u010dky.<\/p>","protected":false},"excerpt":{"rendered":"<p data-start=\"313\" data-end=\"655\">Zosta\u0148te v teple a chr\u00e1nen\u00ed v\u010faka na\u0161im zimn\u00fdm rukaviciam ur\u010den\u00fdm do mrazu, vlhka a na ka\u017edodenn\u00e9 aktivity v pr\u00edrode. Tieto rukavice s\u00fa vyroben\u00e9 s viacvrstvovou tepelnou izol\u00e1ciou, nepremokavou softshellovou alebo polyesterovou vonkaj\u0161ou tkaninou a proti\u0161mykov\u00fdmi silik\u00f3nov\u00fdmi z\u00f3nami na uchopenie - ide\u00e1lne pre cyklistov, be\u017ecov, chodcov alebo \u013eud\u00ed doch\u00e1dzaj\u00facich do pr\u00e1ce v chladnom podneb\u00ed.<\/p>\n<p data-start=\"657\" data-end=\"1042\">Ka\u017ed\u00fd model je vybaven\u00fd kon\u010dekmi prstov kompatibiln\u00fdmi s dotykovou obrazovkou na pou\u017e\u00edvanie smartf\u00f3nu, elastick\u00fdmi man\u017eetami na z\u00e1p\u00e4st\u00ed, ktor\u00e9 blokuj\u00fa studen\u00fd vzduch, a reflexn\u00fdmi prvkami na zabezpe\u010denie vidite\u013enosti v noci. Vn\u00fatorn\u00e1 pod\u0161\u00edvka je m\u00e4kk\u00e1 a priedu\u0161n\u00e1 a z\u00e1rove\u0148 udr\u017eiava ruky v teple po\u010das sne\u017eenia, vetra alebo sne\u017eenia. Tieto rukavice, ktor\u00e9 s\u00fa k dispoz\u00edcii vo v\u00fdrazn\u00fdch farb\u00e1ch, ako je \u010derven\u00e1, ne\u00f3novo \u017elt\u00e1, n\u00e1morn\u00edcka a \u010dierna, sp\u00e1jaj\u00fa funk\u010dnos\u0165 s dizajnom s vysokou vidite\u013enos\u0165ou.<\/p>\n<p data-start=\"1044\" data-end=\"1287\">Na\u0161e zimn\u00e9 rukavice s\u00fa ide\u00e1lne pre pracovn\u00edkov v pr\u00edrode, doru\u010dovate\u013eov, \u0161portov\u00fdch nad\u0161encov a be\u017en\u00fdch nosite\u013eov, s\u00fa \u013eahk\u00e9, pru\u017en\u00e9 a odoln\u00e9 vo\u010di vlhkosti. V\u0161etky modely m\u00f4\u017eu by\u0165 ozna\u010den\u00e9 logom va\u0161ej spolo\u010dnosti alebo ur\u010den\u00e9 pre z\u00e1kazn\u00edkov s vlastnou zna\u010dkou.<\/p>\n<p data-start=\"1289\" data-end=\"1454\">V\u010faka faktur\u00e1cii v E\u00da, r\u00fdchlym dodac\u00edm lehot\u00e1m a n\u00edzkym minim\u00e1lnym objedn\u00e1vkam je spolo\u010dnos\u0165 Ryinz va\u0161\u00edm d\u00f4veryhodn\u00fdm B2B dod\u00e1vate\u013eom pr\u00e9miov\u00fdch zimn\u00fdch rukav\u00edc v \u010cesku a v 28 eur\u00f3pskych krajin\u00e1ch.<\/p>","protected":false},"featured_media":10160,"comment_status":"closed","ping_status":"closed","template":"","meta":[],"product_brand":[35],"product_cat":[438,68,467],"product_tag":[530,531,532,533,534,535,536,537,538,539,540,541,542,543,544],"class_list":{"0":"post-9326","1":"product","2":"type-product","3":"status-publish","4":"has-post-thumbnail","6":"product_brand-ryinz","7":"product_cat-leather-motorbike-pants","8":"product_cat-ryinz","9":"product_cat-textile-motorbike-jackets","10":"product_tag-breathable-fleece-lined-gloves-eu","11":"product_tag-cold-weather-gloves-for-cyclists","12":"product_tag-custom-branded-thermal-gloves-czechia","13":"product_tag-insulated-gloves-for-outdoor-activities","14":"product_tag-lightweight-cold-weather-gloves-europe","15":"product_tag-reflective-winter-gloves-for-night-use","16":"product_tag-running-gloves-for-freezing-conditions","17":"product_tag-softshell-gloves-for-winter-biking","18":"product_tag-sport-and-commuter-gloves-ce-certified","19":"product_tag-thermal-waterproof-winter-gloves-eu","20":"product_tag-touchscreen-insulated-gloves-wholesale","21":"product_tag-water-resistant-gloves-for-delivery-staff","22":"product_tag-windproof-touchscreen-gloves-supplier","23":"product_tag-winter-gloves-with-silicone-grip","24":"product_tag-winter-safety-gloves-manufacturer-europe","26":"first","27":"instock","28":"taxable","29":"shipping-taxable","30":"purchasable","31":"product-type-simple"},"_links":{"self":[{"href":"https:\/\/ryinz.cz\/velkoobchod\/sk\/wp-json\/wp\/v2\/product\/9326","targetHints":{"allow":["GET"]}}],"collection":[{"href":"https:\/\/ryinz.cz\/velkoobchod\/sk\/wp-json\/wp\/v2\/product"}],"about":[{"href":"https:\/\/ryinz.cz\/velkoobchod\/sk\/wp-json\/wp\/v2\/types\/product"}],"replies":[{"embeddable":true,"href":"https:\/\/ryinz.cz\/velkoobchod\/sk\/wp-json\/wp\/v2\/comments?post=9326"}],"wp:featuredmedia":[{"embeddable":true,"href":"https:\/\/ryinz.cz\/velkoobchod\/sk\/wp-json\/wp\/v2\/media\/10160"}],"wp:attachment":[{"href":"https:\/\/ryinz.cz\/velkoobchod\/sk\/wp-json\/wp\/v2\/media?parent=9326"}],"wp:term":[{"taxonomy":"product_brand","embeddable":true,"href":"https:\/\/ryinz.cz\/velkoobchod\/sk\/wp-json\/wp\/v2\/product_brand?post=9326"},{"taxonomy":"product_cat","embeddable":true,"href":"https:\/\/ryinz.cz\/velkoobchod\/sk\/wp-json\/wp\/v2\/product_cat?post=9326"},{"taxonomy":"product_tag","embeddable":true,"href":"https:\/\/ryinz.cz\/velkoobchod\/sk\/wp-json\/wp\/v2\/product_tag?post=9326"}],"curies":[{"name":"wp","href":"https:\/\/api.w.org\/{rel}","templated":true}]}}