{"id":9302,"date":"2025-08-26T11:48:36","date_gmt":"2025-08-26T11:48:36","guid":{"rendered":"https:\/\/ryinz.cz\/velkoobchod\/?post_type=product&#038;p=9302"},"modified":"2026-01-18T20:33:54","modified_gmt":"2026-01-18T20:33:54","slug":"celorocne-nepremokave-textilne-bundy-na-motorku-schvalene-b2b-motocyklove-vybavenie-na-cestovanie-do-prace-a-na-preteky","status":"publish","type":"product","link":"https:\/\/ryinz.cz\/velkoobchod\/sk\/product\/all-season-waterproof-textile-motorbike-jackets-ce-approved-b2b-motorcycle-gear-for-touring-commuting-and-racing\/","title":{"rendered":"Celoro\u010dn\u00e9 nepremokav\u00e9 textiln\u00e9 bundy na motorku - CE schv\u00e1len\u00e9 B2B motocyklov\u00e9 vybavenie na cestovanie, doch\u00e1dzanie a preteky"},"content":{"rendered":"<p data-start=\"1616\" data-end=\"2037\">Textiln\u00e9 bundy na motorku s\u00fa z\u00e1kladnou v\u00fdbavou pre jazdcov, ktor\u00ed vy\u017eaduj\u00fa v\u0161estrannos\u0165, ochranu a v\u00fdkon vo v\u0161etk\u00fdch klimatick\u00fdch podmienkach. Na\u0161e textiln\u00e9 bundy s certifik\u00e1tom CE s\u00fa starostlivo navrhnut\u00e9 z odoln\u00fdch materi\u00e1lov, ako je polyester 600D, Cordura a sie\u0165ov\u00e9 panely, s vysokopevnostn\u00fdmi stehmi a vrstvami odoln\u00fdmi vo\u010di poveternostn\u00fdm vplyvom. Tieto bundy poskytuj\u00fa viacsez\u00f3nnu funk\u010dnos\u0165 bez toho, aby bola ohrozen\u00e1 bezpe\u010dnos\u0165, pohodlie alebo \u0161t\u00fdl jazdca.<\/p>\n<p data-start=\"2039\" data-end=\"2506\">Ka\u017ed\u00e1 bunda m\u00e1 viacero vrstiev: vonkaj\u0161\u00ed pl\u00e1\u0161\u0165 odoln\u00fd proti oderu, priedu\u0161n\u00fa nepremokav\u00fa vlo\u017eku a odn\u00edmate\u013en\u00fa vn\u00fatorn\u00fa tepeln\u00fa vlo\u017eku. Jazdci m\u00f4\u017eu svoje bundy \u013eahko prisp\u00f4sobi\u0165 zmen\u00e1m po\u010dasia vybrat\u00edm alebo vlo\u017een\u00edm pod\u0161\u00edvky, rozopnut\u00edm ventila\u010dn\u00fdch otvorov alebo utesnen\u00edm klapiek blokuj\u00facich vietor. K\u013e\u00fa\u010dov\u00e9 oblasti, ako s\u00fa lakte, ramen\u00e1 a chrb\u00e1t, s\u00fa vybaven\u00e9 pancierom schv\u00e1len\u00fdm CE (\u00farove\u0148 1 alebo 2), pri\u010dom niektor\u00e9 modely obsahuj\u00fa volite\u013en\u00fa ochranu hrudn\u00edka alebo zosilnen\u00e9 polstrovanie.<\/p>\n<p data-start=\"2508\" data-end=\"2923\">Dizajn je zameran\u00fd na jazdca, m\u00e1 ergonomick\u00e9 prisp\u00f4sobenie, ohybn\u00e9 z\u00f3ny na lak\u0165och, nastavenie p\u00e1su a dlh\u00e9 chvostov\u00e9 p\u00e1sky, ktor\u00e9 pokr\u00fdvaj\u00fa chrb\u00e1t po\u010das pohybu. Dizajn s vysok\u00fdm golierom chr\u00e1ni pred vetrom a da\u017e\u010fom, zatia\u013e \u010do zipsy YKK, such\u00e9 zipsy a bedrov\u00e9 p\u00e1sy zabezpe\u010duj\u00fa pevn\u00e9 a bezpe\u010dn\u00e9 nosenie. Dodato\u010dn\u00e9 vetracie panely na hrudi, v podpazu\u0161\u00ed a na chrbte umo\u017e\u0148uj\u00fa \u00fanik tepla po\u010das vysokov\u00fdkonn\u00fdch j\u00e1zd alebo letn\u00fdch v\u00fdletov.<\/p>\n<p data-start=\"2925\" data-end=\"3205\">Farebn\u00e9 mo\u017enosti zah\u0155\u0148aj\u00fa fluorescen\u010dn\u00e9 akcenty s vysokou vidite\u013enos\u0165ou pre bezpe\u010dnos\u0165, neutr\u00e1lne siv\u00e9 a \u010dierne t\u00f3ny pre klasick\u00fd \u0161t\u00fdl a v\u00fdrazn\u00e9 farebn\u00e9 bloky v oran\u017eovej, modrej a \u017eltej farbe pre pretek\u00e1rske a klubov\u00e9 pou\u017eitie. Reflexn\u00e9 pr\u00fa\u017eky a lemovanie zabezpe\u010duj\u00fa vidite\u013enos\u0165 v noci alebo pri slabom osvetlen\u00ed.<\/p>\n<p data-start=\"3207\" data-end=\"3541\">Ka\u017ed\u00e1 bunda obsahuje viacero vonkaj\u0161\u00edch a vn\u00fatorn\u00fdch vreciek - niektor\u00e9 nepremokav\u00e9 - ide\u00e1lnych na ulo\u017eenie m\u00e1p, n\u00e1radia, telef\u00f3nov alebo dokumentov. Jazdci ocenia prvky, ako s\u00fa integrovan\u00e9 porty na hydrat\u00e1ciu, p\u00fatka na k\u00e1bel sl\u00fachadiel a zipsy vhodn\u00e9 na pou\u017eitie v rukaviciach. Niektor\u00e9 dobrodru\u017en\u00e9 modely pon\u00fakaj\u00fa aj vonkaj\u0161ie syst\u00e9my MOLLE na pripevnenie n\u00e1radia alebo vreciek.<\/p>\n<p data-start=\"3543\" data-end=\"3912\">Na\u0161e textiln\u00e9 bundy s\u00fa k dispoz\u00edcii vo ve\u013ekostiach XS a\u017e 5XL a pre vysok\u00fdch jazdcov alebo jazdcov s nadmernou ve\u013ekos\u0165ou m\u00f4\u017eeme vyrobi\u0165 ve\u013ekos\u0165 na mieru. Podporujeme kompletn\u00e9 s\u00fakromn\u00e9 ozna\u010dovanie vr\u00e1tane umiestnenia loga, potla\u010den\u00fdch \u0161t\u00edtkov, vlastnej v\u00fd\u0161ivky a exkluz\u00edvneho farebn\u00e9ho zladenia. \u010ci u\u017e ste maloobchodn\u00fd predajca, ktor\u00fd h\u013ead\u00e1 zna\u010dkov\u00fd v\u00fdstroj, alebo jazdeck\u00fd klub objedn\u00e1vaj\u00faci vo ve\u013ekom, vyhovieme v\u0161etk\u00fdm \u00farovniam prisp\u00f4sobenia.<\/p>\n<p data-start=\"3914\" data-end=\"4259\">Dod\u00e1vame z\u00e1kazn\u00edkom v celej Eur\u00f3pskej \u00fanii pod hlavi\u010dkou na\u0161ej registrovanej spolo\u010dnosti Ryinz spol. s.r.o. so s\u00eddlom v \u010ceskej republike. Na\u0161e slu\u017eby B2B zah\u0155\u0148aj\u00fa faktur\u00e1ciu DPH v r\u00e1mci E\u00da, v\u00fdvoz bez coln\u00fdch poplatkov, odosielanie vzoriek a podporu kupuj\u00faceho po\u010das celej n\u00e1kupnej cesty. Dod\u00e1vame u\u017e z\u00e1kazn\u00edkom v Nemecku, Franc\u00fazsku, Taliansku, Holandsku, Rak\u00fasku a \u010fal\u0161\u00edch krajin\u00e1ch.<\/p>\n<p data-start=\"4261\" data-end=\"4606\">Ak h\u013ead\u00e1te spo\u013eahliv\u00e9 motocyklov\u00e9 bundy odoln\u00e9 vo\u010di poveternostn\u00fdm vplyvom, ktor\u00e9 sp\u013a\u0148aj\u00fa eur\u00f3pske bezpe\u010dnostn\u00e9 normy, spolo\u010dnos\u0165 Ryinz pon\u00faka ide\u00e1lne textiln\u00e9 rie\u0161enie. Na\u0161e bundy nosia cestuj\u00faci, ktor\u00ed doch\u00e1dzaj\u00fa do pr\u00e1ce, v\u00edkendov\u00ed jazdci, majitelia \u0161portov\u00fdch motocyklov aj turisti. Tieto bundy s\u00fa \u013eahk\u00e9, nastavite\u013en\u00e9 a odoln\u00e9 a pon\u00fakaj\u00fa pln\u00fa ochranu v priedu\u0161nom a prisp\u00f4sobivom balen\u00ed.<\/p>\n<p data-start=\"4608\" data-end=\"4790\">V\u00edtame hromadn\u00e9 objedn\u00e1vky, partnerstv\u00e1 s v\u00fdstavn\u00fdmi priestormi alebo sez\u00f3nne predobjedn\u00e1vky. Kontaktujte n\u00e1s, ak chcete z\u00edska\u0165 katal\u00f3gy, technick\u00e9 \u0161pecifik\u00e1cie a ceny prisp\u00f4soben\u00e9 v\u00e1\u0161mu regi\u00f3nu alebo profilu z\u00e1kazn\u00edka.<\/p>","protected":false},"excerpt":{"rendered":"<p data-start=\"352\" data-end=\"672\">Na\u0161e textiln\u00e9 bundy na motorku s certifik\u00e1tom CE s\u00fa ur\u010den\u00e9 pre jazdcov, ktor\u00ed vy\u017eaduj\u00fa ochranu za ka\u017ed\u00e9ho po\u010dasia, pohodlie a odolnos\u0165. Tieto bundy s\u00fa vyroben\u00e9 z oderu odoln\u00e9ho polyesteru alebo tkaniny Cordura, obsahuj\u00fa priedu\u0161n\u00e9 membr\u00e1ny, nepremokav\u00e9 pod\u0161\u00edvky a odn\u00edmate\u013en\u00fa tepeln\u00fa izol\u00e1ciu, tak\u017ee s\u00fa ide\u00e1lne na celoro\u010dn\u00e9 pou\u017e\u00edvanie.<\/p>\n<p data-start=\"674\" data-end=\"995\">Tieto bundy sa prisp\u00f4sobia va\u0161ej jazde, \u010di u\u017e doch\u00e1dzate do mesta, jazd\u00edte v ter\u00e9ne alebo na dlh\u00e9 vzdialenosti. S\u00fa vybaven\u00e9 nastavite\u013en\u00fdmi ventila\u010dn\u00fdmi panelmi, ergonomick\u00fdm strihom, reflexn\u00fdmi detailmi a pancierom schv\u00e1len\u00fdm CE na lak\u0165och, ramen\u00e1ch a chrbte. Niektor\u00e9 modely obsahuj\u00fa aj hrudn\u00fd pancier a integrovan\u00fd hydrata\u010dn\u00fd syst\u00e9m.<\/p>\n<p data-start=\"997\" data-end=\"1314\">Pon\u00fakame viacero farebn\u00fdch kombin\u00e1ci\u00ed - siv\u00fa, oran\u017eov\u00fa, \u010diernu, \u017elt\u00fa, modr\u00fa - vhodn\u00fdch na zvidite\u013enenie a ozna\u010denie zna\u010dky. Kupuj\u00faci si m\u00f4\u017eu vy\u017eiada\u0165 personalizovan\u00e9 n\u00e1\u0161ivky, v\u00fd\u0161ivky alebo log\u00e1 na pou\u017eitie pod vlastnou zna\u010dkou. Na\u0161a kolekcia zah\u0155\u0148a dobrodru\u017en\u00e9, turistick\u00e9 a pouli\u010dn\u00e9 \u0161t\u00fdly, ktor\u00e9 sp\u013a\u0148aj\u00fa m\u00f3dne aj funk\u010dn\u00e9 po\u017eiadavky jazdcov v celej Eur\u00f3pe.<\/p>\n<p data-start=\"1316\" data-end=\"1562\">Spolo\u010dnos\u0165 Ryinz podporuje klientov B2B v 28 krajin\u00e1ch s r\u00fdchlou dopravou, n\u00edzkym MOQ, faktur\u00e1ciou DPH v E\u00da a prisp\u00f4soben\u00edm. Na\u0161e textiln\u00e9 bundy, ktor\u00fdm d\u00f4veruj\u00fa predajne motocyklov, dod\u00e1vatelia bezpe\u010dnostn\u00e9ho vybavenia a jazdeck\u00e9 kluby, s\u00fa navrhnut\u00e9 tak, aby fungovali za v\u0161etk\u00fdch podmienok.<\/p>","protected":false},"featured_media":10139,"comment_status":"closed","ping_status":"closed","template":"","meta":[],"product_brand":[35],"product_cat":[438,68,467],"product_tag":[454,455,456,457,458,459,460,461,462,463,464,465,466,468,469],"class_list":{"0":"post-9302","1":"product","2":"type-product","3":"status-publish","4":"has-post-thumbnail","6":"product_brand-ryinz","7":"product_cat-leather-motorbike-pants","8":"product_cat-ryinz","9":"product_cat-textile-motorbike-jackets","10":"product_tag-adventure-riding-jackets-wholesale-europe","11":"product_tag-all-season-motorcycle-riding-jackets","12":"product_tag-b2b-touring-motorcycle-jacket-supplier","13":"product_tag-breathable-motorcycle-jackets-for-men","14":"product_tag-bulk-textile-jackets-with-protection","15":"product_tag-ce-certified-biker-jackets-cordura","16":"product_tag-cordura-armored-biker-jackets-europe","17":"product_tag-custom-textile-jackets-for-bikers-eu","18":"product_tag-european-motorcycle-jacket-distributor","19":"product_tag-motorbike-clothing-czech-manufacturer","20":"product_tag-motorcycle-jackets-for-all-weather","21":"product_tag-reflective-motorcycle-clothing-supplier","22":"product_tag-removable-liner-motorbike-jackets","23":"product_tag-urban-and-touring-biker-jacket-oem","24":"product_tag-waterproof-textile-motorbike-jackets","26":"first","27":"instock","28":"taxable","29":"shipping-taxable","30":"purchasable","31":"product-type-simple"},"_links":{"self":[{"href":"https:\/\/ryinz.cz\/velkoobchod\/sk\/wp-json\/wp\/v2\/product\/9302","targetHints":{"allow":["GET"]}}],"collection":[{"href":"https:\/\/ryinz.cz\/velkoobchod\/sk\/wp-json\/wp\/v2\/product"}],"about":[{"href":"https:\/\/ryinz.cz\/velkoobchod\/sk\/wp-json\/wp\/v2\/types\/product"}],"replies":[{"embeddable":true,"href":"https:\/\/ryinz.cz\/velkoobchod\/sk\/wp-json\/wp\/v2\/comments?post=9302"}],"wp:featuredmedia":[{"embeddable":true,"href":"https:\/\/ryinz.cz\/velkoobchod\/sk\/wp-json\/wp\/v2\/media\/10139"}],"wp:attachment":[{"href":"https:\/\/ryinz.cz\/velkoobchod\/sk\/wp-json\/wp\/v2\/media?parent=9302"}],"wp:term":[{"taxonomy":"product_brand","embeddable":true,"href":"https:\/\/ryinz.cz\/velkoobchod\/sk\/wp-json\/wp\/v2\/product_brand?post=9302"},{"taxonomy":"product_cat","embeddable":true,"href":"https:\/\/ryinz.cz\/velkoobchod\/sk\/wp-json\/wp\/v2\/product_cat?post=9302"},{"taxonomy":"product_tag","embeddable":true,"href":"https:\/\/ryinz.cz\/velkoobchod\/sk\/wp-json\/wp\/v2\/product_tag?post=9302"}],"curies":[{"name":"wp","href":"https:\/\/api.w.org\/{rel}","templated":true}]}}