{"id":9266,"date":"2025-08-26T11:48:35","date_gmt":"2025-08-26T11:48:35","guid":{"rendered":"https:\/\/ryinz.cz\/velkoobchod\/?post_type=product&#038;p=9266"},"modified":"2026-01-18T20:18:36","modified_gmt":"2026-01-18T20:18:36","slug":"ce-certifikovane-kozene-motocyklove-nohavice-na-zakazku-b2b-motocyklove-nohavice-s-ochranou-kolien-pre-jazdcov-na-cestach","status":"publish","type":"product","link":"https:\/\/ryinz.cz\/velkoobchod\/sk\/product\/ce-certified-leather-motorbike-pants-custom-b2b-motorcycle-trousers-with-knee-protection-for-track-road-riders\/","title":{"rendered":"CE certifikovan\u00e9 ko\u017een\u00e9 nohavice na motorku - Custom B2B motocyklov\u00e9 nohavice s ochranou kolien pre jazdcov na trati a ceste"},"content":{"rendered":"<p data-start=\"1704\" data-end=\"2049\">Na\u0161e ko\u017een\u00e9 nohavice na motorku s\u00fa navrhnut\u00e9 pre v\u00fdkon a predstavuj\u00fa z\u00e1kladn\u00fa v\u00fdzbroj pre motork\u00e1rov, ktor\u00ed odmietaj\u00fa robi\u0165 kompromisy v oblasti ochrany, pohodlia a funk\u010dnosti. Tieto nohavice, vyroben\u00e9 z vysokokvalitnej hov\u00e4dzej ko\u017ee a skon\u0161truovan\u00e9 tak, aby sp\u013a\u0148ali alebo prekra\u010dovali normy certifik\u00e1cie CE, s\u00fa ur\u010den\u00e9 na dlh\u00e9 jazdy, r\u00fdchle prejazdy z\u00e1krutami a v\u0161etko medzi t\u00fdm.<\/p>\n<p data-start=\"2051\" data-end=\"2502\">Ka\u017ed\u00fd p\u00e1r je vyroben\u00fd z pravej ko\u017ee s hr\u00fabkou 1,2-1,4 mm, ktor\u00e1 pon\u00faka vynikaj\u00facu odolnos\u0165 proti oderu a dlhotrvaj\u00facu \u017eivotnos\u0165. Nohavice maj\u00fa trojito pre\u0161it\u00e9 \u0161vy v kritick\u00fdch z\u00f3nach, ktor\u00e9 poskytuj\u00fa dodato\u010dn\u00fa pevnos\u0165 tam, kde je to najviac potrebn\u00e9. Jazdcov chr\u00e1ni integrovan\u00fd alebo odn\u00edmate\u013en\u00fd pancier so schv\u00e1len\u00edm CE na kolen\u00e1ch a bokoch. Otvory na pancier s\u00fa \u013eahko pr\u00edstupn\u00e9 a vymenite\u013en\u00e9, tak\u017ee nohavice s\u00fa vhodn\u00e9 na be\u017en\u00fa jazdu, preteky alebo kaskad\u00e9rsky tr\u00e9ning.<\/p>\n<p data-start=\"2504\" data-end=\"2861\">Stre\u010dov\u00e9 panely v \u0161t\u00fdle akorde\u00f3nu na kolen\u00e1ch a v zadnej \u010dasti p\u00e1sa zabezpe\u010duj\u00fa vynikaj\u00faci pohyb na bicykli aj mimo neho. Tieto z\u00f3ny sa prirodzene oh\u00fdbaj\u00fa pod\u013ea polohy tela jazdca a z\u00e1rove\u0148 zni\u017euj\u00fa nap\u00e4tie a tlakov\u00e9 body. Odvetr\u00e1van\u00e9 ko\u017een\u00e9 panely alebo vetracie otvory na zips poskytuj\u00fa volite\u013en\u00e9 pr\u00fadenie vzduchu, \u010d\u00edm pom\u00e1haj\u00fa regulova\u0165 telesn\u00fa teplotu po\u010das dlh\u0161\u00edch j\u00e1zd v tepl\u00fdch podmienkach.<\/p>\n<p data-start=\"2863\" data-end=\"3197\">Aby sme zv\u00fd\u0161ili pou\u017eite\u013enos\u0165, zahrnuli sme do nej prvky, ako s\u00fa zipsy na nohaviciach na integr\u00e1ciu top\u00e1nok, zipsy na pripojenie bundy a vn\u00fatorn\u00e1 sie\u0165ovan\u00e1 pod\u0161\u00edvka na odvod vlhkosti. Vn\u00fatorn\u00e1 pod\u0161\u00edvka je m\u00e4kk\u00e1, priedu\u0161n\u00e1 a zni\u017euje trenie o poko\u017eku po\u010das jazdy. Vreck\u00e1 s\u00fa diskr\u00e9tne, ale z\u00e1rove\u0148 pr\u00edstupn\u00e9 na drobn\u00e9 nevyhnutnosti, ako s\u00fa k\u013e\u00fa\u010de alebo karty.<\/p>\n<p data-start=\"3199\" data-end=\"3475\">K dispoz\u00edcii s\u00fa r\u00f4zne \u0161t\u00fdly - od pretek\u00e1rskych \u010derveno-\u010diernych kombin\u00e1ci\u00ed a\u017e po klasick\u00e9 matn\u00e9 \u010dierne prevedenie a retro hned\u00e9 varianty. Jazdci, ktor\u00ed si cenia vidite\u013enos\u0165, si m\u00f4\u017eu vybra\u0165 modely s reflexn\u00fdm lemovan\u00edm alebo jasn\u00fdmi farebn\u00fdmi akcentmi na zv\u00fd\u0161enie bezpe\u010dnosti po\u010das no\u010dnej jazdy alebo jazdy v hmle.<\/p>\n<p data-start=\"3477\" data-end=\"3773\">Pre kupuj\u00facich, ktor\u00ed potrebuj\u00fa \u0161pecifick\u00e9 zna\u010dky, farby alebo ve\u013ekosti, je k dispoz\u00edcii prisp\u00f4sobenie. M\u00f4\u017eete prida\u0165 svoje logo alebo upravi\u0165 \u0161t\u00fdlov\u00e9 detaily tak, aby zodpovedali va\u0161ej produktovej l\u00ednii. Ako ve\u013ekoobchodn\u00fd v\u00fdrobca podporujeme hotov\u00e9 skladov\u00e9 nohavice aj nohavice na motorku vyroben\u00e9 na z\u00e1kazku pod va\u0161ou zna\u010dkou alebo na\u0161ou v\u0161eobecnou zna\u010dkou.<\/p>\n<p data-start=\"3775\" data-end=\"4109\">Dod\u00e1vame maloobchodn\u00edkom, B2B predajcom, \u0161portov\u00fdm t\u00edmom a s\u00fakromn\u00fdm zna\u010dk\u00e1m v celej Eur\u00f3pe. Na\u0161a spolo\u010dnos\u0165 Ryinz spol. s.r.o. s\u00eddli v \u010ceskej republike a zabezpe\u010duje v\u0161etky po\u017eiadavky na dovoz, faktur\u00e1ciu a prepravu v r\u00e1mci E\u00da. Odberatelia v Nemecku, Po\u013esku, Franc\u00fazsku, Taliansku a \u0160panielsku sa na n\u00e1s spoliehaj\u00fa pre konzistentn\u00fa kvalitu, jasn\u00fa komunik\u00e1ciu a konkurencieschopn\u00e9 ceny.<\/p>\n<p data-start=\"4111\" data-end=\"4379\">\u010ci u\u017e va\u0161i z\u00e1kazn\u00edci doch\u00e1dzaj\u00fa do pr\u00e1ce v meste, jazdia cez v\u00edkend alebo sa venuj\u00fa dobrodru\u017enej turistike, tieto nohavice im poskytn\u00fa bezpe\u010dnos\u0165 a v\u00fdkon, ktor\u00e9 o\u010dak\u00e1vaj\u00fa. Poskytujeme kompletn\u00e9 ve\u013ekostn\u00e9 tabu\u013eky (XS a\u017e 5XL), slu\u017eby odberu vzoriek, r\u00fdchlu v\u00fdrobu a n\u00edzke minim\u00e1lne mno\u017estv\u00e1 objedn\u00e1vok.<\/p>\n<p data-start=\"4381\" data-end=\"4598\">Z\u00fa\u010dast\u0148ujeme sa aj na v\u00fdstav\u00e1ch a ve\u013etrhoch motocyklov v celej Eur\u00f3pe, kde pon\u00fakame osobn\u00e9 prehliadky v\u00fdrobkov a dlhodob\u00fa spolupr\u00e1cu. Kontaktujte n\u00e1s a vy\u017eiadajte si vzorky alebo si dohodnite telefon\u00e1t, aby sme prediskutovali va\u0161e potreby v oblasti B2B.<\/p>\n<p data-start=\"4600\" data-end=\"4773\">Ke\u010f si vyberiete na\u0161e ko\u017een\u00e9 nohavice na motorku, nevyber\u00e1te si len v\u00fdstroj - vyber\u00e1te si d\u00f4veryhodn\u00fa ochranu, za ktorou stoja roky eur\u00f3pskych sk\u00fasenost\u00ed v oblasti bezpe\u010dnostn\u00e9ho oble\u010denia pre jazdcov.<\/p>","protected":false},"excerpt":{"rendered":"<p data-start=\"328\" data-end=\"625\">Na\u0161e ko\u017een\u00e9 nohavice na motorku s certifik\u00e1tom CE pon\u00fakaj\u00fa seri\u00f3znu ochranu a pohodlie pre motork\u00e1rov, ktor\u00ed vy\u017eaduj\u00fa vysoko v\u00fdkonn\u00fa v\u00fdbavu. Tieto nohavice s\u00fa navrhnut\u00e9 pre cestn\u00fdch jazdcov aj pretek\u00e1rov na okruhoch, so zosilnen\u00fdmi panelmi na k\u013e\u00fa\u010dov\u00fdch miestach n\u00e1razu, ergonomick\u00fdm tvarovan\u00edm a stre\u010dov\u00fdmi z\u00f3nami pre neobmedzen\u00fd pohyb.<\/p>\n<p data-start=\"627\" data-end=\"949\">Ka\u017ed\u00fd p\u00e1r je vyroben\u00fd z vysokokvalitnej hov\u00e4dzej ko\u017ee (hr\u00fabka 1,2-1,4 mm), ktor\u00e1 zaru\u010duje vynikaj\u00facu odolnos\u0165 proti oderu a dlhodob\u00fa \u017eivotnos\u0165. Na kolen\u00e1 integrujeme ochranu na \u00farovni CE a na boky volite\u013en\u00fd pancier. Akordov\u00e9 stre\u010dov\u00e9 panely a man\u017eety na zips u\u013eah\u010duj\u00fa ich nosenie s top\u00e1nkami a kompatibiln\u00fdmi bundami.<\/p>\n<p data-start=\"951\" data-end=\"1187\">Ko\u017een\u00e9 nohavice sa dod\u00e1vaj\u00fa v pretek\u00e1rskom \u0161t\u00fdle, mestskej \u010diernej farbe a vo farb\u00e1ch s vysokou vidite\u013enos\u0165ou, ako je \u010derven\u00e1, oran\u017eov\u00e1 a biela, \u010do jazdcom pom\u00e1ha zosta\u0165 vidite\u013en\u00fdmi a \u0161t\u00fdlov\u00fdmi. V\u0161etky nohavice s\u00fa kompatibiln\u00e9 s v\u00e4\u010d\u0161inou jazdeck\u00fdch b\u00fand prostredn\u00edctvom konektorov na zips.<\/p>\n<p data-start=\"1189\" data-end=\"1419\">Ide\u00e1lne pre maloobchodn\u00edkov, online obchody alebo zna\u010dky, ktor\u00e9 h\u013eadaj\u00fa oble\u010denie pre motork\u00e1rov s OEM alebo vlastnou zna\u010dkou. V\u010faka n\u00edzkym MOQ a mo\u017enosti \u00fapln\u00e9ho prisp\u00f4sobenia na\u0161im ko\u017een\u00fdm nohaviciam d\u00f4veruj\u00fa v celej Eur\u00f3pe profesion\u00e1li aj v\u00e1\u0161niv\u00ed motork\u00e1ri.<\/p>\n<p data-start=\"1421\" data-end=\"1648\">Spolo\u010dnos\u0165 Ryinz pon\u00faka B2B rie\u0161enia s faktur\u00e1ciou od na\u0161ej \u010deskej spolo\u010dnosti, r\u00fdchlu prepravu v 28 krajin\u00e1ch a pohotov\u00fa podporu. \u010ci u\u017e ste predajca alebo distrib\u00fator, na\u0161e ko\u017een\u00e9 nohavice na motorku pon\u00fakaj\u00fa bezkonkuren\u010dn\u00fa hodnotu a bezpe\u010dnos\u0165.<\/p>","protected":false},"featured_media":10148,"comment_status":"closed","ping_status":"closed","template":"","meta":[],"product_brand":[35],"product_cat":[438,68],"product_tag":[422,423,424,425,426,427,428,429,430,432,433,434,435,436,437],"class_list":{"0":"post-9266","1":"product","2":"type-product","3":"status-publish","4":"has-post-thumbnail","6":"product_brand-ryinz","7":"product_cat-leather-motorbike-pants","8":"product_cat-ryinz","9":"product_tag-b2b-motorbike-gear-czech-manufacturer","10":"product_tag-bulk-order-motorbike-protective-clothing","11":"product_tag-buy-motorcycle-suits-wholesale-online","12":"product_tag-ce-certified-leather-motorbike-suits","13":"product_tag-custom-motorbike-suits-with-branding","14":"product_tag-custom-made-leather-riding-suits-europe","15":"product_tag-durable-motorcycle-safety-gear-supplier","16":"product_tag-eu-approved-protective-biker-clothing","17":"product_tag-european-supplier-of-leather-race-suits","18":"product_tag-one-piece-biker-leather-racing-suit","19":"product_tag-private-label-motorbike-suits-manufacturer","20":"product_tag-professional-racing-suit-for-bikers","21":"product_tag-racing-leather-suits-for-eu-road-riders","22":"product_tag-track-ready-motorcycle-leather-apparel","23":"product_tag-wholesale-motorcycle-racing-suits-europe","25":"first","26":"instock","27":"taxable","28":"shipping-taxable","29":"purchasable","30":"product-type-simple"},"_links":{"self":[{"href":"https:\/\/ryinz.cz\/velkoobchod\/sk\/wp-json\/wp\/v2\/product\/9266","targetHints":{"allow":["GET"]}}],"collection":[{"href":"https:\/\/ryinz.cz\/velkoobchod\/sk\/wp-json\/wp\/v2\/product"}],"about":[{"href":"https:\/\/ryinz.cz\/velkoobchod\/sk\/wp-json\/wp\/v2\/types\/product"}],"replies":[{"embeddable":true,"href":"https:\/\/ryinz.cz\/velkoobchod\/sk\/wp-json\/wp\/v2\/comments?post=9266"}],"wp:featuredmedia":[{"embeddable":true,"href":"https:\/\/ryinz.cz\/velkoobchod\/sk\/wp-json\/wp\/v2\/media\/10148"}],"wp:attachment":[{"href":"https:\/\/ryinz.cz\/velkoobchod\/sk\/wp-json\/wp\/v2\/media?parent=9266"}],"wp:term":[{"taxonomy":"product_brand","embeddable":true,"href":"https:\/\/ryinz.cz\/velkoobchod\/sk\/wp-json\/wp\/v2\/product_brand?post=9266"},{"taxonomy":"product_cat","embeddable":true,"href":"https:\/\/ryinz.cz\/velkoobchod\/sk\/wp-json\/wp\/v2\/product_cat?post=9266"},{"taxonomy":"product_tag","embeddable":true,"href":"https:\/\/ryinz.cz\/velkoobchod\/sk\/wp-json\/wp\/v2\/product_tag?post=9266"}],"curies":[{"name":"wp","href":"https:\/\/api.w.org\/{rel}","templated":true}]}}