{"id":9251,"date":"2025-08-26T11:48:35","date_gmt":"2025-08-26T11:48:35","guid":{"rendered":"https:\/\/ryinz.cz\/velkoobchod\/?post_type=product&#038;p=9251"},"modified":"2026-01-18T20:18:35","modified_gmt":"2026-01-18T20:18:35","slug":"vlastne-ce-certifikovane-kozene-motocyklove-bundy-pre-b2b-velkoobchodne-ochranne-motocyklove-vrchne-oblecenie-pre-jazdcov-na-ceste-eu","status":"publish","type":"product","link":"https:\/\/ryinz.cz\/velkoobchod\/sk\/product\/custom-ce-certified-leather-motorbike-jackets-for-b2b-wholesale-protective-motorcycle-outerwear-for-eu-road-riders\/","title":{"rendered":"Vlastn\u00e9 CE certifikovan\u00e9 ko\u017een\u00e9 motocyklov\u00e9 bundy pre B2B ve\u013ekoobchod - ochrann\u00e9 motocyklov\u00e9 vrchn\u00e9 oble\u010denie pre jazdcov na cest\u00e1ch E\u00da"},"content":{"rendered":"<p data-start=\"1723\" data-end=\"2171\">Na\u0161e ko\u017een\u00e9 bundy na motorku predstavuj\u00fa ide\u00e1lnu kombin\u00e1ciu ochrany, v\u0161estrannosti a estetiky pre v\u00e1\u017enych jazdcov a motork\u00e1rov, ktor\u00ed si potrpia na \u0161t\u00fdl, v celej Eur\u00f3pe. Na\u0161e bundy s\u00fa navrhnut\u00e9 tak, aby sp\u013a\u0148ali vyv\u00edjaj\u00face sa po\u017eiadavky modern\u00fdch pou\u017e\u00edvate\u013eov motocyklov, maj\u00fa certifik\u00e1t CE a s\u00fa vyroben\u00e9 z odolnej, pru\u017enej hov\u00e4dzej ko\u017ee s hr\u00fabkou od 1,1 do 1,3 mm - ide\u00e1lne na ka\u017edodenn\u00e9 pou\u017e\u00edvanie na cest\u00e1ch, jazdu po meste, dia\u013ekov\u00e9 cestovanie a dokonca aj na pretek\u00e1rske trate.<\/p>\n<p data-start=\"2173\" data-end=\"2647\">Ka\u017ed\u00e1 bunda v tejto kolekcii je vyroben\u00e1 s oh\u013eadom na bezpe\u010dnos\u0165. Ochrann\u00e9 vlo\u017eky v oblasti lak\u0165ov, ramien a chrbta s\u00fa bu\u010f integrovan\u00e9, alebo odn\u00edmate\u013en\u00e9 a sp\u013a\u0148aj\u00fa normy CE \u00farovne 1 alebo 2 v z\u00e1vislosti od \u0161pecifik\u00e1ci\u00ed kupuj\u00faceho. Pancier je \u013eahk\u00fd a pohlcuje n\u00e1razy, \u010d\u00edm pom\u00e1ha predch\u00e1dza\u0165 zraneniam pri p\u00e1doch. Okrem polstrovan\u00fdch oblast\u00ed s\u00fa bundy u\u0161it\u00e9 pomocou nit\u00ed s vysokou pevnos\u0165ou v \u0165ahu, zosilnen\u00e9 vo v\u0161etk\u00fdch \u0161voch a tlakov\u00fdch z\u00f3nach.<\/p>\n<p data-start=\"2649\" data-end=\"3111\">Jazdci ocenia ergonomick\u00e9 tvarovanie t\u00fdchto b\u00fand. \u010ci u\u017e ide o pretek\u00e1rsky \u0161t\u00fdl s \u00fazkym strihom, uvo\u013enen\u00fa turistick\u00fa bundu alebo hybridn\u00fd dizajn pre dva \u0161porty, ka\u017ed\u00e1 bunda je vyroben\u00e1 tak, aby zni\u017eovala odpor vetra a z\u00e1rove\u0148 umo\u017e\u0148ovala flexibilitu hornej \u010dasti tela. Panely zo stre\u010dovej tkaniny alebo harmonikovej ko\u017ee na ramen\u00e1ch a lak\u0165och pom\u00e1haj\u00fa prisp\u00f4sobi\u0165 sa prirodzen\u00e9mu pohybu po\u010das jazdy. Vysok\u00e9 goliere, man\u017eety s patentkami a zap\u00ednanie proti vetru zvy\u0161uj\u00fa funk\u010dnos\u0165 pri dlh\u00fdch jazd\u00e1ch v r\u00f4znych klimatick\u00fdch podmienkach.<\/p>\n<p data-start=\"3113\" data-end=\"3441\">V chladnej\u0161\u00edch podmienkach tepeln\u00e1 pre\u0161\u00edvan\u00e1 pod\u0161\u00edvka zachyt\u00e1va teplo a udr\u017eiava telesn\u00e9 teplo, zatia\u013e \u010do odop\u00ednacie pod\u0161\u00edvky umo\u017e\u0148uj\u00fa premenu na priedu\u0161n\u00fa letn\u00fa bundu v priebehu nieko\u013ek\u00fdch min\u00fat. Vetracie zipsy alebo sie\u0165ovan\u00e9 panely zabezpe\u010duj\u00fa cirkul\u00e1ciu vzduchu po\u010das hor\u00facich dn\u00ed. V\u0161etky zipsy s\u00fa YKK a odoln\u00e9, vybran\u00e9 tak, aby vydr\u017eali roky opotrebovania.<\/p>\n<p data-start=\"3443\" data-end=\"3829\">Vizu\u00e1lna pr\u00ed\u0165a\u017elivos\u0165 je rovnako d\u00f4le\u017eit\u00e1. Pon\u00fakame \u0161irok\u00fa \u0161k\u00e1lu farebn\u00fdch akcentov, ako s\u00fa \u010dierna s bielymi pruhmi, celo\u010dierne bundy stealth, hned\u00e9 vintage \u00fapravy a v\u00fdkonn\u00e9 \u0161t\u00fdly s vysoko vidite\u013en\u00fdmi ne\u00f3nov\u00fdmi panelmi. Na zv\u00fd\u0161en\u00fa vidite\u013enos\u0165 po\u010das no\u010dn\u00fdch j\u00e1zd s\u00fa pridan\u00e9 reflexn\u00e9 pr\u00fa\u017eky. Log\u00e1 je mo\u017en\u00e9 prida\u0165 na hru\u010f, ruk\u00e1vy alebo zadn\u00fa \u010das\u0165 v z\u00e1vislosti od va\u0161ich potrieb v oblasti zna\u010dky.<\/p>\n<p data-start=\"3831\" data-end=\"4140\">Na\u0161e bundy s\u00fa k dispoz\u00edcii vo ve\u013ekostiach XS a\u017e 5XL, pri\u010dom na po\u017eiadanie je mo\u017en\u00e9 prisp\u00f4sobi\u0165 ve\u013ekos\u0165. M\u00f4\u017eete si vybra\u0165 zo \u0161tandardn\u00fdch \u0161t\u00fdlov z n\u00e1\u0161ho katal\u00f3gu alebo predlo\u017ei\u0165 svoj n\u00e1vrh na z\u00e1kazkov\u00fa v\u00fdrobu OEM. M\u00e1me sk\u00fasenosti s dod\u00e1van\u00edm zna\u010diek, klubov a m\u00f3dnych predajcov so skladov\u00fdmi z\u00e1sobami pripraven\u00fdmi na predaj alebo s bielymi zna\u010dkami.<\/p>\n<p data-start=\"4142\" data-end=\"4535\">Cel\u00e1 v\u00fdroba prebieha so zabezpe\u010den\u00edm kvality v ka\u017edej f\u00e1ze, aby ka\u017ed\u00fd dodan\u00fd kus sp\u013a\u0148al o\u010dak\u00e1vania. Na\u0161a spolo\u010dnos\u0165 Ryinz spol. s.r.o. so s\u00eddlom v \u010ceskej republike poskytuje kompletn\u00fa dokument\u00e1ciu E\u00da, coln\u00e9 odbavenie a podporu pri faktur\u00e1cii. Ako d\u00f4veryhodn\u00fd B2B dod\u00e1vate\u013e riadime v\u0161etko od po\u010diato\u010dn\u00e9ho odberu vzoriek a\u017e po kone\u010dn\u00fd v\u00fdvoz, aby kupuj\u00faci dostali bezprobl\u00e9mov\u00fa dod\u00e1vku bez rizika.<\/p>\n<p data-start=\"4537\" data-end=\"4857\">Ak ste maloobchodn\u00fd predajca alebo distrib\u00fator, ktor\u00fd chce roz\u0161\u00edri\u0165 svoju ponuku motocyklov\u00e9ho oble\u010denia o bundy pr\u00e9miovej kvality, na\u0161e flexibiln\u00e9 MOQ a podpora s\u00fakromn\u00fdch zna\u010diek v\u00e1m u\u013eah\u010dia za\u010diatky. Obsluhujeme klientov vo viac ako 28 eur\u00f3pskych krajin\u00e1ch a vieme pom\u00f4c\u0165 s region\u00e1lnymi ve\u013ekostn\u00fdmi tabu\u013ekami, dodr\u017eiavan\u00edm ozna\u010dovania a n\u00e1vrhom katal\u00f3gov.<\/p>\n<p data-start=\"4859\" data-end=\"5124\">Na\u0161e ko\u017een\u00e9 bundy na motorku nie s\u00fa len oble\u010den\u00edm - s\u00fa k\u013e\u00fa\u010dovou s\u00fa\u010das\u0165ou bezpe\u010dnostnej v\u00fdbavy v\u00e1\u0161ho jazdca. V\u010faka tejto kombin\u00e1cii \u0161t\u00fdlu, pohodlia a ochrany s certifik\u00e1tom CE z\u00edskaj\u00fa va\u0161i z\u00e1kazn\u00edci potrebn\u00fa istotu a va\u0161a firma v\u00fdkon, ktor\u00fd si zasl\u00fa\u017ei.<\/p>","protected":false},"excerpt":{"rendered":"<p data-start=\"373\" data-end=\"669\">Na\u0161a kolekcia ko\u017een\u00fdch b\u00fand na motorku s certifik\u00e1tom CE je navrhnut\u00e1 pre bezpe\u010dnos\u0165 na cest\u00e1ch, pohodlie jazdca a \u0161t\u00fdlov\u00fd v\u00fdkon. Tieto bundy kombinuj\u00fa klasick\u00fa pevnos\u0165 hov\u00e4dzej ko\u017ee s modern\u00fdmi ochrann\u00fdmi syst\u00e9mami, ktor\u00e9 zabezpe\u010duj\u00fa vynikaj\u00facu odolnos\u0165 vo\u010di oderu, n\u00e1razom a poveternostn\u00fdm podmienkam.<\/p>\n<p data-start=\"671\" data-end=\"971\">Ka\u017ed\u00e1 bunda je prisp\u00f4soben\u00e1 pre ka\u017edodenn\u00fdch pou\u017e\u00edvate\u013eov ciest, profesion\u00e1lnych jazdcov, cyklistov, ktor\u00ed sa venuj\u00fa dod\u00e1vkam, a nad\u0161encov pre turistiku a obsahuje ochrann\u00e9 polstrovanie na lak\u0165och, ramen\u00e1ch a chrbtici. Tieto bundy s\u00fa vyroben\u00e9 na celoro\u010dn\u00fa pou\u017eite\u013enos\u0165 a obsahuj\u00fa vetracie panely na leto aj term\u00e1lne vlo\u017eky na zimn\u00fa jazdu.<\/p>\n<p data-start=\"973\" data-end=\"1284\">Pon\u00fakame viacero \u0161t\u00fdlov vr\u00e1tane vintage ko\u017een\u00fdch povrchov, strihov vhodn\u00fdch na preteky a vysoko vidite\u013en\u00fdch ne\u00f3nov\u00fdch vzorov, v\u010faka \u010domu si vyberie ka\u017ed\u00fd trh a ka\u017ed\u00e1 zna\u010dka. Medzi na\u0161ich klientov patria maloobchodn\u00edci, predajcovia a distrib\u00fatori v Nemecku, \u0160panielsku, Franc\u00fazsku, \u010ceskej republike a Holandsku.<\/p>\n<p data-start=\"1286\" data-end=\"1669\">Vlastn\u00e9 log\u00e1, v\u00fd\u0161ivky, v\u00fdber farieb a ve\u013ekosti s\u00fa k dispoz\u00edcii s n\u00edzkymi minim\u00e1lnymi mno\u017estvami objedn\u00e1vok (MOQ). Podporujeme s\u00fakromn\u00e9 ozna\u010dovanie a ve\u013ekoobchodn\u00e9 B2B objedn\u00e1vky s faktur\u00e1ciou DPH v E\u00da a r\u00fdchlym dodan\u00edm. \u010ci u\u017e dop\u013a\u0148ate z\u00e1soby vo svojom obchode, zav\u00e1dzate nov\u00fa kolekciu, alebo h\u013ead\u00e1te vysokokvalitn\u00fd ochrann\u00fd v\u00fdstroj, bund\u00e1m Ryinz d\u00f4veruje cel\u00e1 Eur\u00f3pa v\u010faka ich vzh\u013eadu aj v\u00fdkonu.<\/p>","protected":false},"featured_media":10141,"comment_status":"closed","ping_status":"closed","template":"","meta":[],"product_brand":[35],"product_cat":[68],"product_tag":[422,423,424,425,426,427,428,429,430,432,433,434,435,436,437],"class_list":{"0":"post-9251","1":"product","2":"type-product","3":"status-publish","4":"has-post-thumbnail","6":"product_brand-ryinz","7":"product_cat-ryinz","8":"product_tag-b2b-motorbike-gear-czech-manufacturer","9":"product_tag-bulk-order-motorbike-protective-clothing","10":"product_tag-buy-motorcycle-suits-wholesale-online","11":"product_tag-ce-certified-leather-motorbike-suits","12":"product_tag-custom-motorbike-suits-with-branding","13":"product_tag-custom-made-leather-riding-suits-europe","14":"product_tag-durable-motorcycle-safety-gear-supplier","15":"product_tag-eu-approved-protective-biker-clothing","16":"product_tag-european-supplier-of-leather-race-suits","17":"product_tag-one-piece-biker-leather-racing-suit","18":"product_tag-private-label-motorbike-suits-manufacturer","19":"product_tag-professional-racing-suit-for-bikers","20":"product_tag-racing-leather-suits-for-eu-road-riders","21":"product_tag-track-ready-motorcycle-leather-apparel","22":"product_tag-wholesale-motorcycle-racing-suits-europe","24":"first","25":"instock","26":"taxable","27":"shipping-taxable","28":"purchasable","29":"product-type-simple"},"_links":{"self":[{"href":"https:\/\/ryinz.cz\/velkoobchod\/sk\/wp-json\/wp\/v2\/product\/9251","targetHints":{"allow":["GET"]}}],"collection":[{"href":"https:\/\/ryinz.cz\/velkoobchod\/sk\/wp-json\/wp\/v2\/product"}],"about":[{"href":"https:\/\/ryinz.cz\/velkoobchod\/sk\/wp-json\/wp\/v2\/types\/product"}],"replies":[{"embeddable":true,"href":"https:\/\/ryinz.cz\/velkoobchod\/sk\/wp-json\/wp\/v2\/comments?post=9251"}],"wp:featuredmedia":[{"embeddable":true,"href":"https:\/\/ryinz.cz\/velkoobchod\/sk\/wp-json\/wp\/v2\/media\/10141"}],"wp:attachment":[{"href":"https:\/\/ryinz.cz\/velkoobchod\/sk\/wp-json\/wp\/v2\/media?parent=9251"}],"wp:term":[{"taxonomy":"product_brand","embeddable":true,"href":"https:\/\/ryinz.cz\/velkoobchod\/sk\/wp-json\/wp\/v2\/product_brand?post=9251"},{"taxonomy":"product_cat","embeddable":true,"href":"https:\/\/ryinz.cz\/velkoobchod\/sk\/wp-json\/wp\/v2\/product_cat?post=9251"},{"taxonomy":"product_tag","embeddable":true,"href":"https:\/\/ryinz.cz\/velkoobchod\/sk\/wp-json\/wp\/v2\/product_tag?post=9251"}],"curies":[{"name":"wp","href":"https:\/\/api.w.org\/{rel}","templated":true}]}}