{"id":9233,"date":"2025-08-26T11:48:35","date_gmt":"2025-08-26T11:48:35","guid":{"rendered":"https:\/\/ryinz.cz\/velkoobchod\/?post_type=product&#038;p=9233"},"modified":"2026-01-18T20:18:33","modified_gmt":"2026-01-18T20:18:33","slug":"velkoobchodne-zakazkove-kozene-motocyklove-pretekarske-obleky-ochrana-celeho-tela-pre-jazdcov-eu-usa-oem-k-dispozicii","status":"publish","type":"product","link":"https:\/\/ryinz.cz\/velkoobchod\/sk\/product\/wholesale-custom-leather-motorbike-racing-suits-full-body-protection-for-eu-usa-riders-oem-available\/","title":{"rendered":"Ve\u013ekoobchod Custom Leather Motorbike Racing Suits - Full Body Protection for EU\/USA Riders, OEM Available"},"content":{"rendered":"<p data-start=\"204\" data-end=\"725\">Na\u0161e ko\u017een\u00e9 pretek\u00e1rske kombin\u00e9zy na motorku s\u00fa navrhnut\u00e9 s jasn\u00fdm cie\u013eom: chr\u00e1ni\u0165 jazdcov bez toho, aby sa zn\u00ed\u017eil ich v\u00fdkon, pohodlie alebo \u0161t\u00fdl. Ka\u017ed\u00e1 na\u0161a kombin\u00e9za, vyroben\u00e1 z najkvalitnej\u0161ej hov\u00e4dzej ko\u017ee s hr\u00fabkou 1,2 a\u017e 1,4 mm, sp\u00e1ja modern\u00e9 bezpe\u010dnostn\u00e9 inov\u00e1cie s klasickou pretek\u00e1rskou estetikou. \u010ci u\u017e ste amat\u00e9rsky jazdec, profesion\u00e1lny pretek\u00e1r na okruhu alebo predajca, ktor\u00fd h\u013ead\u00e1 vysoko \u017eiadan\u00fa certifikovan\u00fa v\u00fdstroj pre svojich klientov, na\u0161e obleky sp\u013a\u0148aj\u00fa najvy\u0161\u0161ie eur\u00f3pske normy v oblasti ochrann\u00e9ho oble\u010denia.<\/p>\n<p data-start=\"727\" data-end=\"1263\">Ka\u017ed\u00e1 ko\u017een\u00e1 pretek\u00e1rska kombin\u00e9za je vyroben\u00e1 s pou\u017eit\u00edm dvojit\u00e9ho a trojit\u00e9ho pre\u0161itia vysokopevnostnou ni\u0165ou, aby sa spevnili v\u0161etky z\u00f3ny s vysok\u00fdm n\u00e1razom. Na ramen\u00e1ch, lak\u0165och, kolen\u00e1ch a chrbte integrujeme pancier schv\u00e1len\u00fd CE, aby sme zaistili \u00fapln\u00fa ochranu pred n\u00e1razmi v pr\u00edpade nehody alebo p\u00e1du. Jazdci sa m\u00f4\u017eu rozhodn\u00fa\u0165 pre pokro\u010dil\u00e9 vylep\u0161enia panciera, ako napr\u00edklad D3O alebo SAS-TEC, ktor\u00e9 e\u0161te lep\u0161ie tlmia n\u00e1razy a rozpty\u013euj\u00fa energiu. Obleky s\u00fa tvarovan\u00e9 tak, aby dobre sedeli a z\u00e1rove\u0148 umo\u017e\u0148ovali vo\u013enos\u0165 pohybu v\u010faka elastick\u00fdm panelom s harmonikov\u00fdm stre\u010dom v spodnej \u010dasti chrbta, na kolen\u00e1ch a lak\u0165och.<\/p>\n<p data-start=\"1265\" data-end=\"1758\">Na\u0161e kombin\u00e9zy s\u00fa jednodielne a preferuj\u00fa ich \u0161portov\u00ed jazdci na motocykloch, preto\u017ee poskytuj\u00fa minim\u00e1lny odpor vetra a vynikaj\u00faci aerodynamick\u00fd tvar. S\u00fa tie\u017e vybaven\u00e9 strategicky umiestnen\u00fdm aerodynamick\u00fdm r\u00fdchlostn\u00fdm hrbom v zadnej hornej \u010dasti chrbta, ktor\u00fd nielen zlep\u0161uje pr\u00fadenie vzduchu pri vysok\u00fdch r\u00fdchlostiach, ale tie\u017e zvy\u0161uje ochranu krku a oblasti chrbtice. Ka\u017ed\u00fd komponent - od odoln\u00fdch zipsov YKK a\u017e po man\u017eety a golier so such\u00fdm zipsom - je vybran\u00fd tak, aby vydr\u017eal n\u00e1ro\u010dn\u00e9 podmienky s\u00fa\u0165a\u017en\u00fdch pretekov a dlhodob\u00e9ho pou\u017e\u00edvania.<\/p>\n<p data-start=\"1760\" data-end=\"2157\">Pohodlie nie je obetovan\u00e9 bezpe\u010dnosti. Ka\u017ed\u00e1 kombin\u00e9za obsahuje m\u00e4kk\u00fa vn\u00fatorn\u00fa sie\u0165ovan\u00fa vlo\u017eku odv\u00e1dzaj\u00facu vlhkos\u0165, ktor\u00e1 udr\u017eiava jazdca v suchu a chlade po\u010das intenz\u00edvnych tr\u00e9ningov. Vn\u00fatorn\u00e1 pod\u0161\u00edvka je odn\u00edmate\u013en\u00e1 a prate\u013en\u00e1, \u010do zabezpe\u010duje hygienu po viacn\u00e1sobnom pou\u017eit\u00ed. Perforovan\u00e9 ko\u017een\u00e9 panely a ventila\u010dn\u00e9 zipsy umo\u017e\u0148uj\u00fa pr\u00fadenie vzduchu po\u010das teplej\u0161ieho po\u010dasia, zatia\u013e \u010do tepeln\u00fd komfort udr\u017eiava jazdca v teple v chladnej\u0161om podneb\u00ed.<\/p>\n<p data-start=\"2159\" data-end=\"2595\">Prisp\u00f4sobenie je hlavn\u00fdm cie\u013eom na\u0161ich B2B kupuj\u00facich. Bez oh\u013eadu na to, \u010di ste zavedenou zna\u010dkou motocyklov\u00e9ho vybavenia alebo zav\u00e1dzate vlastn\u00fa s\u00fakromn\u00fa zna\u010dku, poskytujeme v\u0161etky mo\u017enosti prisp\u00f4sobenia. Log\u00e1, farebn\u00e9 sch\u00e9my, men\u00e1 jazdcov a potla\u010de sponzorov je mo\u017en\u00e9 zakomponova\u0165 pomocou sublim\u00e1cie, sie\u0165otla\u010de alebo v\u00fd\u0161ivky. M\u00f4\u017eete si vybra\u0165 z n\u00e1\u0161ho \u0161irok\u00e9ho katal\u00f3gu \u0161tandardn\u00fdch modelov - alebo vytvori\u0165 exkluz\u00edvne n\u00e1vrhy na z\u00e1kazku, aby ste vynikli na trhu.<\/p>\n<p data-start=\"2597\" data-end=\"3102\">Obleky pon\u00fakame vo ve\u013ekostiach od XS do 5XL, \u010do zaru\u010duje, \u017ee sa prisp\u00f4sobia v\u0161etk\u00fdm typom postavy. N\u00e1\u0161 dizajn\u00e9rsky t\u00edm je k dispoz\u00edcii eur\u00f3pskym kupuj\u00facim, aby zabezpe\u010dil, \u017ee ve\u013ekostn\u00e9 tabu\u013eky, zarovnanie zna\u010dky a ergonomick\u00e9 \u00fapravy zodpovedaj\u00fa o\u010dak\u00e1vaniam miestnych z\u00e1kazn\u00edkov. Maloobchodn\u00edci v Nemecku, Taliansku, \u0160panielsku, Franc\u00fazsku a \u010ceskej republike sa u\u017e na n\u00e1s spoliehaj\u00fa, preto\u017ee poskytujeme konzistentn\u00fa kvalitu a slu\u017eby. Na\u0161e v\u00fdrobn\u00e9 lehoty s\u00fa kr\u00e1tke a na po\u017eiadanie pon\u00fakame vzorky, ktor\u00e9 v\u00e1m pom\u00f4\u017eu pos\u00fadi\u0165 kvalitu pred zadan\u00edm celej objedn\u00e1vky.<\/p>\n<p data-start=\"3104\" data-end=\"3511\">Bezpe\u010dnostn\u00e9 certifik\u00e1ty zah\u0155\u0148aj\u00fa normy EN 13595 a CE Level 1\/2 v z\u00e1vislosti od zvolen\u00fdch ochrann\u00fdch komponentov. Na po\u017eiadanie v\u00e1m m\u00f4\u017eeme poskytn\u00fa\u0165 dokument\u00e1ciu, technick\u00e9 \u0161pecifik\u00e1cie a v\u00fdsledky testov. V\u010faka t\u00fdmto certifik\u00e1tom s\u00fa na\u0161e obleky v s\u00falade s eur\u00f3pskymi predpismi a s\u00fa ve\u013emi vhodn\u00e9 pre online predajcov, obchodn\u00e9 obchody alebo dokonca pre org\u00e1ny \u010dinn\u00e9 v trestnom konan\u00ed a trhy so \u0161peci\u00e1lnym pou\u017eit\u00edm, ako s\u00fa kaskad\u00e9ri alebo v\u00fdcvikov\u00e9 akad\u00e9mie.<\/p>\n<p data-start=\"3513\" data-end=\"3939\">Na\u0161a tov\u00e1re\u0148 m\u00e1 sk\u00fasenosti so spolupr\u00e1cou s ve\u013ek\u00fdmi aj mal\u00fdmi maloobchodn\u00fdmi predajcami, \u0161portov\u00fdmi t\u00edmami a pretek\u00e1rskymi klubmi. Ch\u00e1peme d\u00f4le\u017eitos\u0165 spo\u013eahliv\u00e9ho dodania a transparentnosti v podnikan\u00ed. Preto sme hrd\u00ed na to, \u017ee p\u00f4sob\u00edme pod na\u0161ou registrovanou eur\u00f3pskou spolo\u010dnos\u0165ou Ryinz spol. s.r.o. so s\u00eddlom v \u010ceskej republike. V\u0161etky fakt\u00fary, coln\u00e9 z\u00e1le\u017eitosti a DPH sa vybavuj\u00fa prostredn\u00edctvom na\u0161ej kancel\u00e1rie v E\u00da, \u010do v\u00e1m u\u013eah\u010duje obchodovanie a \u00fa\u010dtovn\u00edctvo.<\/p>\n<p data-start=\"3941\" data-end=\"4337\">Poz\u00fdvame v\u00e1s, aby ste sa stali s\u00fa\u010das\u0165ou glob\u00e1lnej distribu\u010dnej rodiny spolo\u010dnosti Ryinz. V\u010faka n\u00edzkym minim\u00e1lnym mno\u017estv\u00e1m objedn\u00e1vok, atrakt\u00edvnym cen\u00e1m, profesion\u00e1lnemu baleniu a \u00fastretovej komunik\u00e1cii sme tu, aby sme v\u00e1m pomohli rozv\u00edja\u0165 va\u0161e podnikanie. M\u00f4\u017eete n\u00e1s nav\u0161t\u00edvi\u0165 na v\u00fdstav\u00e1ch alebo po\u017eiada\u0165 o stretnutie Zoom, aby ste si mohli pozrie\u0165 na\u0161e vzorky na\u017eivo. Kontaktujte n\u00e1s a z\u00edskajte katal\u00f3gy, ve\u013ekostn\u00e9 tabu\u013eky a v\u00fdrobn\u00e9 vide\u00e1, ktor\u00e9 v\u00e1m pom\u00f4\u017eu vybudova\u0165 si d\u00f4veru.<\/p>\n<p data-start=\"4339\" data-end=\"4498\">Toto je viac ako motocyklov\u00e1 kombin\u00e9za - je to vysoko v\u00fdkonn\u00fd, prisp\u00f4sobite\u013en\u00fd pancierov\u00fd syst\u00e9m, ktor\u00e9mu d\u00f4veruj\u00fa profesion\u00e1lni jazdci, predajcovia a predajcovia v celej Eur\u00f3pe.<\/p>","protected":false},"excerpt":{"rendered":"<p data-start=\"343\" data-end=\"767\">Objavte na\u0161u pr\u00e9miov\u00fa kolekciu ko\u017een\u00fdch pretek\u00e1rskych oblekov na motorku, ktor\u00e9 s\u00fa navrhnut\u00e9 pre maxim\u00e1lnu ochranu, odolnos\u0165 a aerodynamick\u00fd v\u00fdkon. Tieto jednodielne obleky so schv\u00e1len\u00edm CE, ur\u010den\u00e9 pre profesion\u00e1lnych pretek\u00e1rov aj be\u017en\u00fdch jazdcov, s\u00fa vyroben\u00e9 z vysokokvalitnej hov\u00e4dzej ko\u017ee v kombin\u00e1cii so zosilnen\u00fdm \u0161it\u00edm, stre\u010dov\u00fdmi panelmi a pancierovou ochranou kritick\u00fdch n\u00e1razov\u00fdch z\u00f3n vr\u00e1tane ramien, lak\u0165ov, kolien a chrbta.<\/p>\n<p data-start=\"769\" data-end=\"1060\">Ka\u017ed\u00fd oblek je ergonomicky prisp\u00f4soben\u00fd tak, aby dokonale sedel a z\u00e1rove\u0148 umo\u017e\u0148oval flexibilitu a vetranie. M\u00f4\u017eete si vybra\u0165 z r\u00f4znych dynamick\u00fdch farebn\u00fdch kombin\u00e1ci\u00ed - \u010dierna, \u010derven\u00e1, biela, ne\u00f3novo zelen\u00e1, \u017elt\u00e1, oran\u017eov\u00e1 - a po\u017eiada\u0165 o \u00fapln\u00e9 prisp\u00f4sobenie vr\u00e1tane loga zna\u010dky, mena jazdca alebo t\u00edmovej identity.<\/p>\n<p data-start=\"1062\" data-end=\"1361\">Na\u0161e kombin\u00e9zy poskytuj\u00fa dokonal\u00fa rovnov\u00e1hu medzi pohodl\u00edm, bezpe\u010dnos\u0165ou a \u0161t\u00fdlom bez oh\u013eadu na to, \u010di sa chyst\u00e1te na pretek\u00e1rsku tra\u0165 alebo si u\u017e\u00edvate dia\u013ekov\u00e9 jazdy po dia\u013eniciach. V\u010faka vn\u00fatornej pod\u0161\u00edvke odv\u00e1dzaj\u00facej vlhkos\u0165, odn\u00edmate\u013en\u00fdm chr\u00e1ni\u010dom a aerodynamick\u00e9mu dizajnu hrbov tieto obleky sp\u013a\u0148aj\u00fa po\u017eiadavky seri\u00f3znych cyklistov v celej Eur\u00f3pe.<\/p>\n<p data-start=\"1363\" data-end=\"1559\">Ide\u00e1lne pre B2B n\u00e1kupcov, predajcov, ve\u013ekoobchodn\u00edkov alebo klientov so s\u00fakromnou zna\u010dkou, ktor\u00ed chc\u00fa dov\u00e1\u017ea\u0165 motocyklov\u00e9 oble\u010denie vo ve\u013ekom. Pon\u00fakame mal\u00e9 MOQ, s\u00fakromn\u00e9 zna\u010dky a flexibiln\u00fa prepravu do 28 kraj\u00edn E\u00da.<\/p>","protected":false},"featured_media":10140,"comment_status":"closed","ping_status":"closed","template":"","meta":[],"product_brand":[35],"product_cat":[431,68],"product_tag":[422,423,424,425,426,427,428,429,430,432,433,434,435,436,437],"class_list":{"0":"post-9233","1":"product","2":"type-product","3":"status-publish","4":"has-post-thumbnail","6":"product_brand-ryinz","7":"product_cat-leather-motorbike-racing-suits","8":"product_cat-ryinz","9":"product_tag-b2b-motorbike-gear-czech-manufacturer","10":"product_tag-bulk-order-motorbike-protective-clothing","11":"product_tag-buy-motorcycle-suits-wholesale-online","12":"product_tag-ce-certified-leather-motorbike-suits","13":"product_tag-custom-motorbike-suits-with-branding","14":"product_tag-custom-made-leather-riding-suits-europe","15":"product_tag-durable-motorcycle-safety-gear-supplier","16":"product_tag-eu-approved-protective-biker-clothing","17":"product_tag-european-supplier-of-leather-race-suits","18":"product_tag-one-piece-biker-leather-racing-suit","19":"product_tag-private-label-motorbike-suits-manufacturer","20":"product_tag-professional-racing-suit-for-bikers","21":"product_tag-racing-leather-suits-for-eu-road-riders","22":"product_tag-track-ready-motorcycle-leather-apparel","23":"product_tag-wholesale-motorcycle-racing-suits-europe","25":"first","26":"instock","27":"taxable","28":"shipping-taxable","29":"purchasable","30":"product-type-simple"},"_links":{"self":[{"href":"https:\/\/ryinz.cz\/velkoobchod\/sk\/wp-json\/wp\/v2\/product\/9233","targetHints":{"allow":["GET"]}}],"collection":[{"href":"https:\/\/ryinz.cz\/velkoobchod\/sk\/wp-json\/wp\/v2\/product"}],"about":[{"href":"https:\/\/ryinz.cz\/velkoobchod\/sk\/wp-json\/wp\/v2\/types\/product"}],"replies":[{"embeddable":true,"href":"https:\/\/ryinz.cz\/velkoobchod\/sk\/wp-json\/wp\/v2\/comments?post=9233"}],"wp:featuredmedia":[{"embeddable":true,"href":"https:\/\/ryinz.cz\/velkoobchod\/sk\/wp-json\/wp\/v2\/media\/10140"}],"wp:attachment":[{"href":"https:\/\/ryinz.cz\/velkoobchod\/sk\/wp-json\/wp\/v2\/media?parent=9233"}],"wp:term":[{"taxonomy":"product_brand","embeddable":true,"href":"https:\/\/ryinz.cz\/velkoobchod\/sk\/wp-json\/wp\/v2\/product_brand?post=9233"},{"taxonomy":"product_cat","embeddable":true,"href":"https:\/\/ryinz.cz\/velkoobchod\/sk\/wp-json\/wp\/v2\/product_cat?post=9233"},{"taxonomy":"product_tag","embeddable":true,"href":"https:\/\/ryinz.cz\/velkoobchod\/sk\/wp-json\/wp\/v2\/product_tag?post=9233"}],"curies":[{"name":"wp","href":"https:\/\/api.w.org\/{rel}","templated":true}]}}