{"id":9210,"date":"2025-06-22T15:33:24","date_gmt":"2025-06-22T15:33:24","guid":{"rendered":"https:\/\/ryinz.cz\/velkoobchod\/?post_type=product&#038;p=9210"},"modified":"2026-01-18T20:18:30","modified_gmt":"2026-01-18T20:18:30","slug":"ryinz-rukavice-z-mikrovlakna-na-motorku-s-dotykovym-displejom-index-klbov-nastavitelny-popruh-pre-maloobchodny-velkoobchod","status":"publish","type":"product","link":"https:\/\/ryinz.cz\/velkoobchod\/sk\/product\/ryinz-microfiber-motorcycle-gloves-with-touchscreen-index-knuckle-armor-adjustable-strap-for-retail-wholesale\/","title":{"rendered":"RYINZ Rukavice na motorku z mikrovl\u00e1kna s dotykov\u00fdm displejom, pancierom na k\u013aby a nastavite\u013en\u00fdm popruhom pre maloobchod a ve\u013ekoobchod"},"content":{"rendered":"<p data-start=\"751\" data-end=\"859\"><strong data-start=\"751\" data-end=\"859\">RYINZ GMTG-0301 Rukavice na motorku z mikrovl\u00e1kna - ochrana pred dotykov\u00fdm displejom pre jazdcov a distrib\u00fatorov v E\u00da<\/strong><\/p>\n<p data-start=\"861\" data-end=\"1254\">\u010ci u\u017e sa pohybujete v uliciach mesta, na dlh\u00fdch turistick\u00fdch tras\u00e1ch, alebo pracujete v pr\u00edrode. <strong data-start=\"947\" data-end=\"973\">RYINZ GMTG-0301 Rukavice<\/strong> poskytuj\u00fa dokonal\u00fa kombin\u00e1ciu inteligentnej funk\u010dnosti, \u0161t\u00fdlu a bezpe\u010dnosti. Tieto rukavice pon\u00fakaj\u00fa celodenn\u00e9 pohodlie v\u010faka pru\u017en\u00fdm tkanin\u00e1m, ochrann\u00e9mu pancieru na k\u013aboch a bezpe\u010dn\u00e9mu noseniu - v\u010faka tomu s\u00fa ob\u013e\u00fabenou vo\u013ebou pre motocyklistov, doru\u010dovate\u013esk\u00e9 slu\u017eby a predajcov vybavenia B2B v celej Eur\u00f3pe.<\/p>\n<hr data-start=\"1256\" data-end=\"1259\" \/>\n<h3 data-start=\"1261\" data-end=\"1306\"><strong data-start=\"1265\" data-end=\"1304\">Ukazov\u00e1k dotykovej obrazovky smartf\u00f3nu<\/strong><\/h3>\n<p data-start=\"1307\" data-end=\"1562\">U\u017e nikdy si nesn\u00edmajte rukavice na mobiln\u00e9 pou\u017eitie - tieto rukavice obsahuj\u00fa <strong data-start=\"1376\" data-end=\"1425\">dotykov\u00fd materi\u00e1l smartf\u00f3nu na ukazov\u00e1ku<\/strong>, \u010do v\u00e1m umo\u017en\u00ed prij\u00edma\u0165 hovory, pristupova\u0165 k syst\u00e9mu GPS alebo upravova\u0165 hudbu po\u010das jazdy. D\u00f4le\u017eit\u00e1 funkcia pohodlia pre mestsk\u00fdch jazdcov a profesion\u00e1lov v oblasti doru\u010dovania.<\/p>\n<hr data-start=\"1564\" data-end=\"1567\" \/>\n<h3 data-start=\"1569\" data-end=\"1620\"><strong data-start=\"1573\" data-end=\"1618\">Dla\u0148 - cel\u00e1 z mikrovl\u00e1kna pre pohodlie a \u00fachop<\/strong><\/h3>\n<p data-start=\"1621\" data-end=\"1894\">Cel\u00e1 dla\u0148 je vyroben\u00e1 z <strong data-start=\"1657\" data-end=\"1682\">vysokokvalitn\u00e9 mikrovl\u00e1kno<\/strong>, ktor\u00e1 pon\u00faka m\u00e4kk\u00fd, pri\u013enav\u00fd povrch so zv\u00fd\u0161enou odolnos\u0165ou. Prisp\u00f4sob\u00ed sa ruke pre lep\u0161ie ovl\u00e1danie a z\u00e1rove\u0148 pon\u00faka miernu izol\u00e1ciu a vysok\u00fa odolnos\u0165 proti opotrebovaniu, \u010do je ide\u00e1lne na jazdu v premenliv\u00fdch poveternostn\u00fdch podmienkach.<\/p>\n<hr data-start=\"1896\" data-end=\"1899\" \/>\n<h3 data-start=\"1901\" data-end=\"1957\"><strong data-start=\"1905\" data-end=\"1955\">Predn\u00fd materi\u00e1l - High-Tech zmie\u0161an\u00fd textiln\u00fd dizajn<\/strong><\/h3>\n<p data-start=\"1958\" data-end=\"2007\">Vonkaj\u0161ia strana rukav\u00edc m\u00e1 kombin\u00e1ciu:<\/p>\n<ul data-start=\"2008\" data-end=\"2246\">\n<li data-start=\"2008\" data-end=\"2065\">\n<p data-start=\"2010\" data-end=\"2065\"><strong data-start=\"2010\" data-end=\"2039\">Reli\u00e9fna softshellov\u00e1 tkanina<\/strong> pre \u0161trukt\u00faru a \u0161t\u00fdl<\/p>\n<\/li>\n<li data-start=\"2066\" data-end=\"2125\">\n<p data-start=\"2068\" data-end=\"2125\"><strong data-start=\"2068\" data-end=\"2093\">Perforovan\u00e9 mikrovl\u00e1kno<\/strong> na man\u017eete pre priedu\u0161nos\u0165<\/p>\n<\/li>\n<li data-start=\"2126\" data-end=\"2185\">\n<p data-start=\"2128\" data-end=\"2185\"><strong data-start=\"2128\" data-end=\"2154\">\u0160tvorsmern\u00e9 stre\u010dov\u00e9 z\u00f3ny<\/strong> pre pohyb a flexibilitu<\/p>\n<\/li>\n<li data-start=\"2186\" data-end=\"2246\">\n<p data-start=\"2188\" data-end=\"2246\"><strong data-start=\"2188\" data-end=\"2224\">Silik\u00f3nov\u00e9 a n\u00e1lepkov\u00e9 log\u00e1<\/strong> pre vplyv zna\u010dky<\/p>\n<\/li>\n<\/ul>\n<p data-start=\"2248\" data-end=\"2382\">T\u00e1to kon\u0161trukcia z viacer\u00fdch materi\u00e1lov dod\u00e1va rukavici profesion\u00e1lny vzh\u013ead a z\u00e1rove\u0148 ju udr\u017eiava \u013eahk\u00fa a pohodln\u00fa po\u010das dlh\u0161ieho nosenia.<\/p>\n<hr data-start=\"2384\" data-end=\"2387\" \/>\n<h3 data-start=\"2389\" data-end=\"2439\"><strong data-start=\"2393\" data-end=\"2437\">Ochrana k\u013abov - tvarovan\u00e1 bezpe\u010dnostn\u00e1 \u0161krupina<\/strong><\/h3>\n<p data-start=\"2440\" data-end=\"2653\">Tvarovan\u00fd <strong data-start=\"2451\" data-end=\"2472\">chr\u00e1ni\u010d k\u013abov<\/strong> je zapusten\u00e1 do povrchu rukav\u00edc a poskytuje odoln\u00fa bari\u00e9ru proti n\u00e1razom a oderu. Pom\u00e1ha jazdcom zachova\u0165 si istotu v prem\u00e1vke, v ter\u00e9ne alebo pri n\u00fadzovom zastaven\u00ed.<\/p>\n<hr data-start=\"2655\" data-end=\"2658\" \/>\n<h3 data-start=\"2660\" data-end=\"2723\"><strong data-start=\"2664\" data-end=\"2721\">Z\u00e1p\u00e4stn\u00fd remienok s tkan\u00fdm opaskom, prackou a z\u00e1tkou na \u0161n\u00faru<\/strong><\/h3>\n<p data-start=\"2724\" data-end=\"3004\">Na rozdiel od z\u00e1kladn\u00fdch such\u00fdch zipsov tento model obsahuje <strong data-start=\"2776\" data-end=\"2796\">tkan\u00e1 p\u00e1ska<\/strong> s <strong data-start=\"2804\" data-end=\"2831\">spona a z\u00e1tka na \u0161n\u00faru<\/strong> syst\u00e9m. Ten pon\u00faka <strong data-start=\"2854\" data-end=\"2885\">bezpe\u010dn\u00e9 a prisp\u00f4sobite\u013en\u00e9 uchytenie<\/strong>, ide\u00e1lne pre t\u00fdch, ktor\u00ed nosia rukavice denne alebo po\u010das \u010dinnost\u00ed s vysok\u00fdmi vibr\u00e1ciami, ako je jazda na koni, turistika alebo pr\u00e1ca s n\u00e1rad\u00edm.<\/p>\n<hr data-start=\"3006\" data-end=\"3009\" \/>\n<h3 data-start=\"3011\" data-end=\"3063\"><strong data-start=\"3015\" data-end=\"3061\">Interi\u00e9r - fleecov\u00e1 trikotov\u00e1 pod\u0161\u00edvka pre teplo<\/strong><\/h3>\n<p data-start=\"3064\" data-end=\"3249\">Vn\u00fatri rukavice sa nach\u00e1dza <strong data-start=\"3084\" data-end=\"3108\">fleecov\u00e1 trikotov\u00e1 pod\u0161\u00edvka<\/strong> poskytuje m\u00e4kk\u00e9, izola\u010dn\u00e9 teplo bez objemu. Dod\u00e1va pohodlie v chladnej\u0161\u00edch mesiacoch a zni\u017euje hromadenie potu, \u010do umo\u017e\u0148uje celoro\u010dn\u00fa vyu\u017eite\u013enos\u0165.<\/p>\n<hr data-start=\"3251\" data-end=\"3254\" \/>\n<h3 data-start=\"3256\" data-end=\"3285\"><strong data-start=\"3260\" data-end=\"3283\">Ide\u00e1lne aplik\u00e1cie:<\/strong><\/h3>\n<ul data-start=\"3286\" data-end=\"3556\">\n<li data-start=\"3286\" data-end=\"3319\">\n<p data-start=\"3288\" data-end=\"3319\">Jazdci na motocykloch a sk\u00fatroch<\/p>\n<\/li>\n<li data-start=\"3320\" data-end=\"3368\">\n<p data-start=\"3322\" data-end=\"3368\">profesion\u00e1li v oblasti doru\u010dovania (napr. kuri\u00e9ri s potravinami)<\/p>\n<\/li>\n<li data-start=\"3369\" data-end=\"3407\">\n<p data-start=\"3371\" data-end=\"3407\">Kolekcie mestsk\u00e9ho a turistick\u00e9ho vybavenia<\/p>\n<\/li>\n<li data-start=\"3408\" data-end=\"3451\">\n<p data-start=\"3410\" data-end=\"3451\">Vonkaj\u0161ie \u00fa\u017eitkov\u00e9 rukavice do mierneho po\u010dasia<\/p>\n<\/li>\n<li data-start=\"3452\" data-end=\"3491\">\n<p data-start=\"3454\" data-end=\"3491\">Ve\u013ekoobchodn\u00ed distrib\u00fatori osobn\u00fdch ochrann\u00fdch pracovn\u00fdch prostriedkov a v\u00fdstroja<\/p>\n<\/li>\n<li data-start=\"3492\" data-end=\"3556\">\n<p data-start=\"3494\" data-end=\"3556\">Zna\u010dky rukav\u00edc so s\u00fakromnou zna\u010dkou, ktor\u00e9 potrebuj\u00fa mo\u017enosti s dotykovou obrazovkou<\/p>\n<\/li>\n<\/ul>\n<hr data-start=\"3558\" data-end=\"3561\" \/>\n<h3 data-start=\"3563\" data-end=\"3592\"><strong data-start=\"3567\" data-end=\"3590\">Najd\u00f4le\u017eitej\u0161ie vlastnosti produktu:<\/strong><\/h3>\n<ul data-start=\"3593\" data-end=\"4014\">\n<li data-start=\"3593\" data-end=\"3647\">\n<p data-start=\"3595\" data-end=\"3647\">Cel\u00e1 dla\u0148 z mikrovl\u00e1kna s dotykov\u00fdm ukazov\u00e1kom<\/p>\n<\/li>\n<li data-start=\"3648\" data-end=\"3700\">\n<p data-start=\"3650\" data-end=\"3700\">Softshell a \u0161tvorcestn\u00e1 vonkaj\u0161ia tkanina pre flexibilitu<\/p>\n<\/li>\n<li data-start=\"3701\" data-end=\"3743\">\n<p data-start=\"3703\" data-end=\"3743\">Silik\u00f3nov\u00e9 ozna\u010denie a reli\u00e9fne akcenty<\/p>\n<\/li>\n<li data-start=\"3744\" data-end=\"3779\">\n<p data-start=\"3746\" data-end=\"3779\">Tvarovan\u00fd pancier na k\u013aby pre bezpe\u010dnos\u0165<\/p>\n<\/li>\n<li data-start=\"3780\" data-end=\"3822\">\n<p data-start=\"3782\" data-end=\"3822\">Priedu\u0161n\u00e1 perforovan\u00e1 man\u017eeta pre pr\u00fadenie vzduchu<\/p>\n<\/li>\n<li data-start=\"3823\" data-end=\"3859\">\n<p data-start=\"3825\" data-end=\"3859\">Tricot fleecov\u00e1 pod\u0161\u00edvka pre pohodlie<\/p>\n<\/li>\n<li data-start=\"3860\" data-end=\"3910\">\n<p data-start=\"3862\" data-end=\"3910\">Nastavite\u013en\u00fd tkan\u00fd popruh so sponou a z\u00e1tkou<\/p>\n<\/li>\n<li data-start=\"3911\" data-end=\"3967\">\n<p data-start=\"3913\" data-end=\"3967\">\u0160t\u00fdlov\u00e1 hnedo-\u010dierna farebn\u00e1 sch\u00e9ma so zna\u010dkou RYINZ<\/p>\n<\/li>\n<li data-start=\"3968\" data-end=\"4014\">\n<p data-start=\"3970\" data-end=\"4014\">Kon\u0161trukcia pripraven\u00e1 na CE pre eur\u00f3pske trhy<\/p>\n<\/li>\n<\/ul>","protected":false},"excerpt":{"rendered":"<p>Rukavice na motorku RYINZ z mikrovl\u00e1kna pon\u00fakaj\u00fa inovat\u00edvnu kombin\u00e1ciu kompatibility s dotykov\u00fdmi displejmi, tvarovan\u00fa ochranu k\u013abov a pr\u00e9miov\u00fa kombin\u00e1ciu softshellu, fl\u00edsu a materi\u00e1lov so silik\u00f3novou \u00fapravou. Tieto rukavice, navrhnut\u00e9 pre pohodlie, ovl\u00e1danie a ochranu, s\u00fa ide\u00e1lne pre motocyklistov, pracovn\u00edkov dod\u00e1vok a dod\u00e1vate\u013eov v\u00fdstroja, ktor\u00ed h\u013eadaj\u00fa \u0161t\u00fdlov\u00fa, priedu\u0161n\u00fa a CE-kompatibiln\u00fa ochranu r\u00fak.<\/p>","protected":false},"featured_media":9338,"comment_status":"closed","ping_status":"closed","template":"","meta":[],"product_brand":[35],"product_cat":[1111,380,122,68],"product_tag":[404,405,406,407,408,409,410,411,412,413,121,414,48,415,416,417,418,419,420,421],"class_list":{"0":"post-9210","1":"product","2":"type-product","3":"status-publish","4":"has-post-thumbnail","6":"product_brand-ryinz","7":"product_cat-motorbike","8":"product_cat-motorbike-gloves","9":"product_cat-motorbike-racing-gloves","10":"product_cat-ryinz","11":"product_tag-all-black-gloves","12":"product_tag-biker-gloves","13":"product_tag-black-riding-gloves","14":"product_tag-carbon-shell-gloves","15":"product_tag-ce-certified-gloves","16":"product_tag-eu-biker-gloves","17":"product_tag-gloves-for-racing","18":"product_tag-goat-leather-gloves","19":"product_tag-hook-loop-gloves","20":"product_tag-leather-motorcycle-gloves","21":"product_tag-motorbike-gloves","22":"product_tag-neoprene-cuff-gloves","23":"product_tag-padded-palm-gloves","24":"product_tag-premium-biker-gloves","25":"product_tag-racing-hand-gear","26":"product_tag-riding-gloves","27":"product_tag-road-trip-gloves","28":"product_tag-ryinz-gloves","29":"product_tag-safety-motorcycle-gloves","30":"product_tag-street-rider-gloves","32":"first","33":"instock","34":"taxable","35":"shipping-taxable","36":"purchasable","37":"product-type-simple"},"_links":{"self":[{"href":"https:\/\/ryinz.cz\/velkoobchod\/sk\/wp-json\/wp\/v2\/product\/9210","targetHints":{"allow":["GET"]}}],"collection":[{"href":"https:\/\/ryinz.cz\/velkoobchod\/sk\/wp-json\/wp\/v2\/product"}],"about":[{"href":"https:\/\/ryinz.cz\/velkoobchod\/sk\/wp-json\/wp\/v2\/types\/product"}],"replies":[{"embeddable":true,"href":"https:\/\/ryinz.cz\/velkoobchod\/sk\/wp-json\/wp\/v2\/comments?post=9210"}],"wp:featuredmedia":[{"embeddable":true,"href":"https:\/\/ryinz.cz\/velkoobchod\/sk\/wp-json\/wp\/v2\/media\/9338"}],"wp:attachment":[{"href":"https:\/\/ryinz.cz\/velkoobchod\/sk\/wp-json\/wp\/v2\/media?parent=9210"}],"wp:term":[{"taxonomy":"product_brand","embeddable":true,"href":"https:\/\/ryinz.cz\/velkoobchod\/sk\/wp-json\/wp\/v2\/product_brand?post=9210"},{"taxonomy":"product_cat","embeddable":true,"href":"https:\/\/ryinz.cz\/velkoobchod\/sk\/wp-json\/wp\/v2\/product_cat?post=9210"},{"taxonomy":"product_tag","embeddable":true,"href":"https:\/\/ryinz.cz\/velkoobchod\/sk\/wp-json\/wp\/v2\/product_tag?post=9210"}],"curies":[{"name":"wp","href":"https:\/\/api.w.org\/{rel}","templated":true}]}}