{"id":9208,"date":"2025-06-22T15:33:22","date_gmt":"2025-06-22T15:33:22","guid":{"rendered":"https:\/\/ryinz.cz\/velkoobchod\/?post_type=product&#038;p=9208"},"modified":"2026-01-18T20:18:28","modified_gmt":"2026-01-18T20:18:28","slug":"ryinz-pancierovane-rukavice-z-kozej-koze-na-motocykel-pre-velkoobchodny-maloobchod-s-tpu-ochranou-klbov-a-reliefnou-rukovatou","status":"publish","type":"product","link":"https:\/\/ryinz.cz\/velkoobchod\/sk\/product\/ryinz-armored-goatskin-motorcycle-gloves-for-wholesale-retail-with-tpu-knuckle-protection-and-embossed-grip\/","title":{"rendered":"RYINZ Pancierov\u00e9 rukavice na motorku z kozej ko\u017ee pre ve\u013ekoobchod a maloobchod s ochranou k\u013abov z TPU a reli\u00e9fnym \u00fachopom"},"content":{"rendered":"<p data-start=\"814\" data-end=\"924\"><strong data-start=\"814\" data-end=\"924\">RYINZ MBWG 9999-0129 Rukavice na motorku - vytvoren\u00e9 pre presnos\u0165, pevnos\u0165 a eur\u00f3pske normy bezpe\u010dnosti na cest\u00e1ch<\/strong><\/p>\n<p data-start=\"926\" data-end=\"1400\">Navrhnut\u00e9 pre bezpe\u010dnos\u0165, \u0161t\u00fdl a vynikaj\u00face pohodlie. <strong data-start=\"982\" data-end=\"1024\">RYINZ MBWG 9999-0129 Rukavice na motorku<\/strong> s\u00fa dokonal\u00fdm spolo\u010dn\u00edkom pre jazdcov, ktor\u00ed vy\u017eaduj\u00fa viac ne\u017e len ochranu. Tieto rukavice s\u00fa navrhnut\u00e9 z profesion\u00e1lnych materi\u00e1lov a zosilnen\u00fdch technol\u00f3gi\u00ed a s\u00fa vhodn\u00e9 na agres\u00edvnu jazdu po ceste, ka\u017edodenn\u00e9 doch\u00e1dzanie do pr\u00e1ce a cestovanie. \u010ci u\u017e ste predajca vybavenia, zna\u010dka motocyklov\u00e9ho oble\u010denia alebo hromadn\u00fd odberate\u013e pre jazdeck\u00fd klub, tento model je ide\u00e1lnym doplnkom ka\u017edej zostavy rukav\u00edc.<\/p>\n<hr data-start=\"1402\" data-end=\"1405\" \/>\n<h3 data-start=\"1407\" data-end=\"1466\"><strong data-start=\"1411\" data-end=\"1466\">TPU pancier na k\u013aby - odolnos\u0165 vo\u010di n\u00e1razom v plnom rozsahu<\/strong><\/h3>\n<p data-start=\"1467\" data-end=\"1783\">Tieto rukavice maj\u00fa <strong data-start=\"1490\" data-end=\"1512\">\u0160t\u00edt k\u013abu z TPU<\/strong>, ktor\u00e9 poskytuj\u00fa spo\u013eahliv\u00fa ochranu proti n\u00e1razom a odrenin\u00e1m pri n\u00e1razoch alebo kontakte r\u00fak. V\u010faka aerodynamick\u00e9mu dizajnu pripom\u00ednaj\u00facemu \u0161krupinu pom\u00e1haj\u00fa tieto chr\u00e1ni\u010de absorbova\u0165 tlak a z\u00e1rove\u0148 pon\u00fakaj\u00fa vizu\u00e1lny vzh\u013ead pripraven\u00fd na preteky. S\u00fa dostato\u010dne pru\u017en\u00e9 na pohyb, ale z\u00e1rove\u0148 robustn\u00e9 vo\u010di vonkaj\u0161ej sile.<\/p>\n<hr data-start=\"1785\" data-end=\"1788\" \/>\n<h3 data-start=\"1790\" data-end=\"1840\"><strong data-start=\"1794\" data-end=\"1840\">Kozia ko\u017ea - dla\u0148 a v\u00fdstu\u017ee<\/strong><\/h3>\n<p data-start=\"1841\" data-end=\"2247\">Vyroben\u00e9 s <strong data-start=\"1854\" data-end=\"1874\">Ko\u017ea GoatSkin<\/strong> na dlani a vo vystu\u017een\u00fdch z\u00f3nach poskytuje t\u00e1to rukavica vynikaj\u00facu odolnos\u0165 proti oderu bez toho, aby bola ohrozen\u00e1 jej pru\u017enos\u0165. Str\u00e1nka . <strong data-start=\"2004\" data-end=\"2038\">dla\u0148 m\u00e1 reli\u00e9fnu ko\u017eu<\/strong>, \u010do zlep\u0161uje pri\u013enavos\u0165 za v\u0161etk\u00fdch poveternostn\u00fdch podmienok, najm\u00e4 pri ovl\u00e1dan\u00ed b\u0155zd alebo spojky. Ko\u017ea je dostato\u010dne m\u00e4kk\u00e1, aby umo\u017enila flexibilitu r\u00fak, a z\u00e1rove\u0148 dostato\u010dne robustn\u00e1, aby vydr\u017eala pri dlhodobom pou\u017e\u00edvan\u00ed.<\/p>\n<hr data-start=\"2249\" data-end=\"2252\" \/>\n<h3 data-start=\"2254\" data-end=\"2303\"><strong data-start=\"2258\" data-end=\"2303\">Ochrana z gumy EVA - zadn\u00e1 \u010das\u0165 a man\u017eety<\/strong><\/h3>\n<p data-start=\"2304\" data-end=\"2641\">Gumov\u00e9 podlo\u017eky EVA s\u00fa integrovan\u00e9 na <strong data-start=\"2342\" data-end=\"2368\">chrbty prstov a man\u017eety<\/strong>, ktor\u00e9 p\u00f4sobia ako tlmi\u010de n\u00e1razov pri n\u00e1hlom n\u00e1raze. T\u00e1to guma s m\u00e4kkou hustotou zni\u017euje vplyv vonkaj\u0161\u00edch vibr\u00e1ci\u00ed a poskytuje \u013eahk\u00fa vrstvu dodato\u010dnej bezpe\u010dnosti. Tieto chr\u00e1ni\u010de funguj\u00fa spolu s pancierom TPU, v\u010faka \u010domu s\u00fa rukavice ide\u00e1lne na r\u00fdchlu jazdu aj navig\u00e1ciu v prem\u00e1vke.<\/p>\n<hr data-start=\"2643\" data-end=\"2646\" \/>\n<h3 data-start=\"2648\" data-end=\"2691\"><strong data-start=\"2652\" data-end=\"2691\">Penov\u00e9 polstrovanie + reli\u00e9fny dizajn rukov\u00e4te<\/strong><\/h3>\n<p data-start=\"2692\" data-end=\"3002\">\u010eal\u0161ie <strong data-start=\"2703\" data-end=\"2719\">penov\u00e9 polstrovanie<\/strong> pod ko\u017eou pon\u00faka jemn\u00e9 tlmenie n\u00e1razov a <strong data-start=\"2780\" data-end=\"2806\">reli\u00e9fny vzor palmy<\/strong> zlep\u0161uje trakciu a ovl\u00e1danie, \u010d\u00edm jazdcovi poskytuje lep\u0161\u00ed pocit a ovl\u00e1date\u013enos\u0165 bez pre\u0161mykovania. Kombin\u00e1cia t\u00fdchto prvkov umo\u017e\u0148uje pln\u00fa funk\u010dnos\u0165 aj po\u010das dlh\u00fdch j\u00e1zd alebo za mokra.<\/p>\n<hr data-start=\"3004\" data-end=\"3007\" \/>\n<h3 data-start=\"3009\" data-end=\"3059\"><strong data-start=\"3013\" data-end=\"3059\">Zadn\u00e1 strana z keprovej tkaniny - priedu\u0161n\u00e1 a odoln\u00e1<\/strong><\/h3>\n<p data-start=\"3060\" data-end=\"3334\">Str\u00e1nka <strong data-start=\"3064\" data-end=\"3092\">keprov\u00fd textiln\u00fd zadn\u00fd panel<\/strong> pon\u00faka pru\u017enos\u0165 a pr\u00fadenie vzduchu bez zn\u00ed\u017eenia pevnosti. Umo\u017e\u0148uje prirodzen\u00fd pohyb a pru\u017enos\u0165 r\u00fak, zni\u017euje potenie a zlep\u0161uje regul\u00e1ciu teploty r\u00fak. V\u010faka tomu sa rukavice daj\u00fa nosi\u0165 aj v teplej\u0161\u00edch ro\u010dn\u00fdch obdobiach alebo pri jazd\u00e1ch na dlh\u00e9 vzdialenosti.<\/p>\n<hr data-start=\"3336\" data-end=\"3339\" \/>\n<h3 data-start=\"3341\" data-end=\"3376\"><strong data-start=\"3345\" data-end=\"3376\">Man\u017eeta na such\u00fd zips s bezpe\u010dn\u00fdm uchyten\u00edm<\/strong><\/h3>\n<p data-start=\"3377\" data-end=\"3595\">A <strong data-start=\"3379\" data-end=\"3411\">Man\u017eeta zo such\u00e9ho zipsu z ko\u017ee GoatSkin<\/strong> obop\u00edna z\u00e1p\u00e4stie a fixuje rukavicu na mieste. Nastavite\u013en\u00e1 man\u017eeta poskytuje jazdcovi individu\u00e1lne prisp\u00f4sobenie a ochranu pred vetrom po\u010das jazdy vysokou r\u00fdchlos\u0165ou, \u010di u\u017e sa nos\u00ed cez bundu alebo pod \u0148ou.<\/p>\n<hr data-start=\"3597\" data-end=\"3600\" \/>\n<h3 data-start=\"3602\" data-end=\"3653\"><strong data-start=\"3606\" data-end=\"3653\">Certifikovan\u00e9 pod\u013ea noriem EN420 a EN13594:2015<\/strong><\/h3>\n<p data-start=\"3654\" data-end=\"3852\">T\u00e1to rukavica je v s\u00falade s <strong data-start=\"3679\" data-end=\"3711\">Eur\u00f3pske bezpe\u010dnostn\u00e9 normy CE<\/strong> pre motocyklov\u00e9 rukavice, vr\u00e1tane ochrany proti oderu, roztrhnutiu a k\u013abov, \u010d\u00edm sa zabezpe\u010duje ich z\u00e1konn\u00e9 schv\u00e1lenie a pripravenos\u0165 na cestn\u00fa prem\u00e1vku v krajin\u00e1ch E\u00da.<\/p>\n<hr data-start=\"3854\" data-end=\"3857\" \/>\n<h3 data-start=\"3859\" data-end=\"3884\"><strong data-start=\"3863\" data-end=\"3882\">Najlep\u0161ie pr\u00edpady pou\u017eitia:<\/strong><\/h3>\n<ul data-start=\"3885\" data-end=\"4155\">\n<li data-start=\"3885\" data-end=\"3927\">\n<p data-start=\"3887\" data-end=\"3927\">Cestovanie na motocykli a doch\u00e1dzanie do pr\u00e1ce v meste<\/p>\n<\/li>\n<li data-start=\"3928\" data-end=\"3960\">\n<p data-start=\"3930\" data-end=\"3960\">Pretek\u00e1rske alebo v\u00fdkonnostn\u00e9 jazdenie<\/p>\n<\/li>\n<li data-start=\"3961\" data-end=\"4001\">\n<p data-start=\"3963\" data-end=\"4001\">Programy OEM a zna\u010dkov\u00e9ho bezpe\u010dnostn\u00e9ho vybavenia<\/p>\n<\/li>\n<li data-start=\"4002\" data-end=\"4047\">\n<p data-start=\"4004\" data-end=\"4047\">Predajcovia motocyklov\u00fdch v\u00fdrobkov v s\u00falade s CE<\/p>\n<\/li>\n<li data-start=\"4048\" data-end=\"4080\">\n<p data-start=\"4050\" data-end=\"4080\">Online trhovisk\u00e1 s v\u00fdstrojom B2B<\/p>\n<\/li>\n<li data-start=\"4081\" data-end=\"4115\">\n<p data-start=\"4083\" data-end=\"4115\">Jazda v chladnom a\u017e miernom ro\u010dnom obdob\u00ed<\/p>\n<\/li>\n<li data-start=\"4116\" data-end=\"4155\">\n<p data-start=\"4118\" data-end=\"4155\">Dod\u00e1vka jazdcov alebo vybavenie vozov\u00e9ho parku<\/p>\n<\/li>\n<\/ul>\n<hr data-start=\"4157\" data-end=\"4160\" \/>\n<h3 data-start=\"4162\" data-end=\"4188\"><strong data-start=\"4166\" data-end=\"4186\">Zhrnutie funkcie:<\/strong><\/h3>\n<ul data-start=\"4189\" data-end=\"4616\">\n<li data-start=\"4189\" data-end=\"4230\">\n<p data-start=\"4191\" data-end=\"4230\">Zadn\u00e1 strana z keprov\u00e9ho materi\u00e1lu pre priedu\u0161nos\u0165<\/p>\n<\/li>\n<li data-start=\"4231\" data-end=\"4275\">\n<p data-start=\"4233\" data-end=\"4275\">Ko\u017een\u00e1 dla\u0148 GoatSkin s reli\u00e9fnym \u00fachopom<\/p>\n<\/li>\n<li data-start=\"4276\" data-end=\"4316\">\n<p data-start=\"4278\" data-end=\"4316\">Pancier na k\u013aby z TPU na ochranu pred n\u00e1razmi<\/p>\n<\/li>\n<li data-start=\"4317\" data-end=\"4359\">\n<p data-start=\"4319\" data-end=\"4359\">Gumov\u00e9 polstrovanie EVA na prstoch a man\u017eete<\/p>\n<\/li>\n<li data-start=\"4360\" data-end=\"4395\">\n<p data-start=\"4362\" data-end=\"4395\">Vn\u00fatorn\u00e1 \u0161trukt\u00fara vystu\u017een\u00e1 penou<\/p>\n<\/li>\n<li data-start=\"4396\" data-end=\"4436\">\n<p data-start=\"4398\" data-end=\"4436\">CE certifik\u00e1t pod\u013ea EN420 a EN13594:2015<\/p>\n<\/li>\n<li data-start=\"4437\" data-end=\"4483\">\n<p data-start=\"4439\" data-end=\"4483\">Dlhotrvaj\u00face \u0161itie a odolnos\u0165 proti opotrebovaniu<\/p>\n<\/li>\n<li data-start=\"4484\" data-end=\"4522\">\n<p data-start=\"4486\" data-end=\"4522\">Syst\u00e9m zap\u00ednania na z\u00e1p\u00e4st\u00ed na h\u00e1\u010dik a slu\u010dku<\/p>\n<\/li>\n<li data-start=\"4523\" data-end=\"4567\">\n<p data-start=\"4525\" data-end=\"4567\">Reli\u00e9fna zna\u010dka so za\u010diernen\u00fdm \u0161t\u00fdlom<\/p>\n<\/li>\n<li data-start=\"4568\" data-end=\"4616\">\n<p data-start=\"4570\" data-end=\"4616\">Ide\u00e1lne na vysokor\u00fdchlostn\u00e9, mestsk\u00e9 a turistick\u00e9 pou\u017eitie<\/p>\n<\/li>\n<\/ul>","protected":false},"excerpt":{"rendered":"<p>Objavte bezkonkuren\u010dn\u00fa odolnos\u0165 a pohodlie v obrnen\u00fdch motocyklov\u00fdch rukaviciach RYINZ, ktor\u00e9 s\u00fa vyroben\u00e9 z ko\u017ee GoatSkin, TPU \u0161t\u00edtov na k\u013aboch, gumov\u00fdch v\u00fdstu\u017e\u00ed EVA a keprovej zadnej \u010dasti. Tieto rukavice kombinuj\u00fa ochranu s penov\u00fdm polstrovan\u00edm, reli\u00e9fny \u00fachop na dlani a prvky vyhovuj\u00face po\u017eiadavk\u00e1m CE, v\u010faka \u010domu s\u00fa ide\u00e1lne pre predajcov motocyklov, ve\u013ekoodberate\u013eov a profesion\u00e1lnych jazdcov. Tieto rukavice, ktor\u00fdm sa d\u00f4veruje v celej Eur\u00f3pe, s\u00fa vyroben\u00e9 pre v\u00fdkon, ochranu a dlhodob\u00e9 pohodlie.<\/p>","protected":false},"featured_media":9304,"comment_status":"closed","ping_status":"closed","template":"","meta":[],"product_brand":[35],"product_cat":[1111,380,122,68],"product_tag":[404,405,406,407,408,409,410,411,412,413,121,414,48,415,416,417,418,419,420,421],"class_list":{"0":"post-9208","1":"product","2":"type-product","3":"status-publish","4":"has-post-thumbnail","6":"product_brand-ryinz","7":"product_cat-motorbike","8":"product_cat-motorbike-gloves","9":"product_cat-motorbike-racing-gloves","10":"product_cat-ryinz","11":"product_tag-all-black-gloves","12":"product_tag-biker-gloves","13":"product_tag-black-riding-gloves","14":"product_tag-carbon-shell-gloves","15":"product_tag-ce-certified-gloves","16":"product_tag-eu-biker-gloves","17":"product_tag-gloves-for-racing","18":"product_tag-goat-leather-gloves","19":"product_tag-hook-loop-gloves","20":"product_tag-leather-motorcycle-gloves","21":"product_tag-motorbike-gloves","22":"product_tag-neoprene-cuff-gloves","23":"product_tag-padded-palm-gloves","24":"product_tag-premium-biker-gloves","25":"product_tag-racing-hand-gear","26":"product_tag-riding-gloves","27":"product_tag-road-trip-gloves","28":"product_tag-ryinz-gloves","29":"product_tag-safety-motorcycle-gloves","30":"product_tag-street-rider-gloves","32":"first","33":"instock","34":"taxable","35":"shipping-taxable","36":"purchasable","37":"product-type-simple"},"_links":{"self":[{"href":"https:\/\/ryinz.cz\/velkoobchod\/sk\/wp-json\/wp\/v2\/product\/9208","targetHints":{"allow":["GET"]}}],"collection":[{"href":"https:\/\/ryinz.cz\/velkoobchod\/sk\/wp-json\/wp\/v2\/product"}],"about":[{"href":"https:\/\/ryinz.cz\/velkoobchod\/sk\/wp-json\/wp\/v2\/types\/product"}],"replies":[{"embeddable":true,"href":"https:\/\/ryinz.cz\/velkoobchod\/sk\/wp-json\/wp\/v2\/comments?post=9208"}],"wp:featuredmedia":[{"embeddable":true,"href":"https:\/\/ryinz.cz\/velkoobchod\/sk\/wp-json\/wp\/v2\/media\/9304"}],"wp:attachment":[{"href":"https:\/\/ryinz.cz\/velkoobchod\/sk\/wp-json\/wp\/v2\/media?parent=9208"}],"wp:term":[{"taxonomy":"product_brand","embeddable":true,"href":"https:\/\/ryinz.cz\/velkoobchod\/sk\/wp-json\/wp\/v2\/product_brand?post=9208"},{"taxonomy":"product_cat","embeddable":true,"href":"https:\/\/ryinz.cz\/velkoobchod\/sk\/wp-json\/wp\/v2\/product_cat?post=9208"},{"taxonomy":"product_tag","embeddable":true,"href":"https:\/\/ryinz.cz\/velkoobchod\/sk\/wp-json\/wp\/v2\/product_tag?post=9208"}],"curies":[{"name":"wp","href":"https:\/\/api.w.org\/{rel}","templated":true}]}}