{"id":9207,"date":"2025-06-22T15:33:20","date_gmt":"2025-06-22T15:33:20","guid":{"rendered":"https:\/\/ryinz.cz\/velkoobchod\/?post_type=product&#038;p=9207"},"modified":"2026-01-18T20:18:27","modified_gmt":"2026-01-18T20:18:27","slug":"ryinz-premiove-anilinove-rukavice-z-kozej-koze-na-motorku-s-karbonovou-neoprenovou-manzetou-pre-velkoobchodny-maloobchod","status":"publish","type":"product","link":"https:\/\/ryinz.cz\/velkoobchod\/sk\/product\/ryinz-premium-aniline-goat-leather-motorcycle-gloves-with-carbon-knuckle-neoprene-cuff-for-wholesale-retail\/","title":{"rendered":"RYINZ Pr\u00e9miov\u00e9 rukavice z anil\u00ednovej kozej ko\u017ee na motocykle s karb\u00f3nov\u00fdm k\u013abom a neopr\u00e9novou man\u017eetou pre ve\u013ekoobchod a maloobchod"},"content":{"rendered":"<p data-start=\"891\" data-end=\"1004\"><strong data-start=\"891\" data-end=\"1004\">RYINZ Rukavice z anil\u00ednovej ko\u017ee na motorku - ochrana s uhl\u00edkovou vlo\u017ekou pre v\u00e1\u017enych jazdcov, maloobchodn\u00edkov a B2B kupuj\u00facich<\/strong><\/p>\n<p data-start=\"1006\" data-end=\"1373\">V\u010faka prepracovan\u00e9mu \u010diernemu dizajnu, ergonomick\u00e9mu strihu a ochrane na pretek\u00e1rskej \u00farovni <strong data-start=\"1089\" data-end=\"1120\">RYINZ MBSG 0786-0016 Rukavice<\/strong> predstavuj\u00fa dokonal\u00fa rovnov\u00e1hu medzi estetikou a v\u00fdkonom. Navrhnut\u00e9 z <strong data-start=\"1196\" data-end=\"1234\">prvotriedna anil\u00ednov\u00e1 kozia ko\u017ea<\/strong>, tieto rukavice pon\u00fakaj\u00fa odolnos\u0165 proti oderu, hmatov\u00fa kontrolu a bezkonkuren\u010dn\u00e9 pohodlie na ka\u017edodenn\u00e9 doch\u00e1dzanie do pr\u00e1ce, turistiku alebo agres\u00edvnu jazdu na ulici.<\/p>\n<p data-start=\"1375\" data-end=\"1527\">Tento model je ide\u00e1lny pre maloobchodn\u00e9 a ve\u013ekoobchodn\u00e9 kan\u00e1ly, najm\u00e4 na eur\u00f3pskych trhoch, kde s\u00fa certifikovan\u00fd v\u00fdkon a robustn\u00fd \u0161t\u00fdl ve\u013emi \u017eiadan\u00e9.<\/p>\n<hr data-start=\"1529\" data-end=\"1532\" \/>\n<p data-start=\"1534\" data-end=\"1852\"><strong data-start=\"1534\" data-end=\"1592\">Dla\u0148 z anil\u00ednovej kozej ko\u017ee - prvotriedny pocit a pru\u017enos\u0165<\/strong><br data-start=\"1592\" data-end=\"1595\" \/>Dla\u0148 rukavice je vyroben\u00e1 z <strong data-start=\"1630\" data-end=\"1666\">anil\u00ednov\u00e1 kozia ko\u017ea najvy\u0161\u0161ej kvality<\/strong>, zn\u00e1my svojou jemnos\u0165ou, prirodzenou pru\u017enos\u0165ou a vynikaj\u00facou odolnos\u0165ou proti oderu. Tieto rukavice sa r\u00fdchlo roztv\u00e1raj\u00fa, formuj\u00fa sa pod\u013ea ruky jazdca a z\u00e1rove\u0148 pon\u00fakaj\u00fa pohodln\u00fd, ale bezpe\u010dn\u00fd \u00fachop.<\/p>\n<hr data-start=\"1854\" data-end=\"1857\" \/>\n<p data-start=\"1859\" data-end=\"2145\"><strong data-start=\"1859\" data-end=\"1905\">Zosilnenie dlane s ochrannou v\u00fdstelkou<\/strong><br data-start=\"1905\" data-end=\"1908\" \/>Oblas\u0165 paliem zah\u0155\u0148a <strong data-start=\"1931\" data-end=\"1970\">extra v\u00fdstu\u017e z anil\u00ednovej ko\u017ee<\/strong> v z\u00f3nach s vysok\u00fdm opotreben\u00edm spolu s <strong data-start=\"2001\" data-end=\"2023\">\u013eahk\u00e9 penov\u00e9 polstrovanie<\/strong>, ktor\u00e9 jazdcom poskytuj\u00fa dodato\u010dn\u00e9 tlmenie n\u00e1razov a zv\u00fd\u0161en\u00fa odolnos\u0165 dlane po\u010das j\u00e1zd na dlh\u00e9 vzdialenosti alebo pri technickej kontrole.<\/p>\n<hr data-start=\"2147\" data-end=\"2150\" \/>\n<p data-start=\"2152\" data-end=\"2454\"><strong data-start=\"2152\" data-end=\"2200\">Uhl\u00edkov\u00e1 k\u013abov\u00e1 \u0161krupina na obranu proti siln\u00e9mu n\u00e1razu<\/strong><br data-start=\"2200\" data-end=\"2203\" \/>A <strong data-start=\"2205\" data-end=\"2239\">karb\u00f3nov\u00fd chr\u00e1ni\u010d k\u013abov<\/strong> vlo\u017een\u00e1 do ko\u017een\u00e9ho chrbta poskytuje pokro\u010dil\u00fa ochranu proti n\u00e1razom. Tento \u013eahk\u00fd, ale odoln\u00fd pl\u00e1\u0161\u0165 chr\u00e1ni k\u013aby jazdca pred \u00falomkami, p\u00e1dmi a n\u00e1razmi a z\u00e1rove\u0148 dod\u00e1va elegantn\u00fd estetick\u00fd vzh\u013ead motoristick\u00e9ho \u0161portu.<\/p>\n<hr data-start=\"2456\" data-end=\"2459\" \/>\n<p data-start=\"2461\" data-end=\"2781\"><strong data-start=\"2461\" data-end=\"2509\">Zadn\u00e1 strana z anil\u00ednovej ko\u017ee s reflexn\u00fdmi akcentmi<\/strong><br data-start=\"2509\" data-end=\"2512\" \/>Backhand je \u00faplne zabalen\u00fd do <strong data-start=\"2545\" data-end=\"2569\">anil\u00ednov\u00e1 kozia ko\u017ea<\/strong> na zabezpe\u010denie odolnosti a jednotn\u00e9ho dizajnu. Jemn\u00e9 <strong data-start=\"2621\" data-end=\"2642\">reflexn\u00e9 potrubie<\/strong> zlep\u0161uje vidite\u013enos\u0165 pri slabom osvetlen\u00ed, \u010do jazdcom poskytuje v\u00e4\u010d\u0161iu bezpe\u010dnos\u0165 po\u010das s\u00famraku alebo no\u010dn\u00fdch j\u00e1zd bez toho, aby bol naru\u0161en\u00fd skryt\u00fd celo\u010dierny vzh\u013ead.<\/p>\n<hr data-start=\"2783\" data-end=\"2786\" \/>\n<p data-start=\"2788\" data-end=\"3106\"><strong data-start=\"2788\" data-end=\"2839\">Neopr\u00e9nov\u00e1 man\u017eeta - m\u00e4kk\u00e1, odoln\u00e1 vo\u010di poveternostn\u00fdm vplyvom<\/strong><br data-start=\"2839\" data-end=\"2842\" \/>Str\u00e1nka <strong data-start=\"2846\" data-end=\"2863\">neopr\u00e9nov\u00e1 man\u017eeta<\/strong> poskytuje priliehav\u00e9 a vetru odoln\u00e9 utesnenie z\u00e1p\u00e4stia. Pohodlne obop\u00edna z\u00e1p\u00e4stie a je vybaven\u00e1 <strong data-start=\"2967\" data-end=\"3003\">Popruh na such\u00fd zips s ozna\u010den\u00edm RYINZ<\/strong>, \u010do umo\u017e\u0148uje jednoduch\u00e9 nastavenie a bezpe\u010dn\u00e9 zap\u00ednanie aj po\u010das nosenia in\u00e9ho vybavenia, ako s\u00fa bundy alebo ruk\u00e1vy.<\/p>\n<hr data-start=\"3108\" data-end=\"3111\" \/>\n<p data-start=\"3113\" data-end=\"3370\"><strong data-start=\"3113\" data-end=\"3144\">Navrhnut\u00e9 na celoro\u010dn\u00e9 pou\u017e\u00edvanie<\/strong><br data-start=\"3144\" data-end=\"3147\" \/>Tieto rukavice s \u013eahk\u00fdm polstrovan\u00edm a priedu\u0161nos\u0165ou s\u00fa vhodn\u00e9 na jarn\u00e9, letn\u00e9 a jesenn\u00e9 pou\u017eitie. S\u00fa ob\u013e\u00faben\u00e9 najm\u00e4 medzi eur\u00f3pskymi jazdcami, ktor\u00ed oce\u0148uj\u00fa celo\u010dierny v\u00fdstroj s nen\u00e1padn\u00fdm ozna\u010den\u00edm a vynikaj\u00facou celistvos\u0165ou materi\u00e1lu.<\/p>\n<hr data-start=\"3372\" data-end=\"3375\" \/>\n<p data-start=\"3377\" data-end=\"3399\"><strong data-start=\"3377\" data-end=\"3397\">Najlep\u0161ie sa hod\u00ed pre:<\/strong><\/p>\n<ul data-start=\"3400\" data-end=\"3639\">\n<li data-start=\"3400\" data-end=\"3449\">\n<p data-start=\"3402\" data-end=\"3449\">Predajcovia motocyklov\u00e9ho v\u00fdstroja a odevov<\/p>\n<\/li>\n<li data-start=\"3450\" data-end=\"3499\">\n<p data-start=\"3452\" data-end=\"3499\">Ve\u013ekoobchodn\u00edci dod\u00e1vaj\u00faci ko\u017een\u00e9 rukavice pripraven\u00e9 na CE<\/p>\n<\/li>\n<li data-start=\"3500\" data-end=\"3546\">\n<p data-start=\"3502\" data-end=\"3546\">Programy ko\u017een\u00fdch rukav\u00edc OEM a s\u00fakromn\u00fdch zna\u010diek<\/p>\n<\/li>\n<li data-start=\"3547\" data-end=\"3584\">\n<p data-start=\"3549\" data-end=\"3584\">Distrib\u00fatori bezpe\u010dnostn\u00e9ho vybavenia v E\u00da<\/p>\n<\/li>\n<li data-start=\"3585\" data-end=\"3639\">\n<p data-start=\"3587\" data-end=\"3639\">Pouli\u010dn\u00ed a turistick\u00ed jazdci v miernom a\u017e teplom podneb\u00ed<\/p>\n<\/li>\n<\/ul>\n<hr data-start=\"3641\" data-end=\"3644\" \/>\n<p data-start=\"3646\" data-end=\"3681\"><strong data-start=\"3646\" data-end=\"3679\">Stru\u010dn\u00e9 vlastnosti produktu:<\/strong><\/p>\n<ul data-start=\"3682\" data-end=\"4086\">\n<li data-start=\"3682\" data-end=\"3725\">\n<p data-start=\"3684\" data-end=\"3725\">Dla\u0148 a chrb\u00e1t z anil\u00ednovej kozej ko\u017ee<\/p>\n<\/li>\n<li data-start=\"3726\" data-end=\"3772\">\n<p data-start=\"3728\" data-end=\"3772\">Vystu\u017eenie dlane \u013eahkou penovou v\u00fdpl\u0148ou<\/p>\n<\/li>\n<li data-start=\"3773\" data-end=\"3808\">\n<p data-start=\"3775\" data-end=\"3808\">Karb\u00f3nov\u00fd vzh\u013ead panciera k\u013abov<\/p>\n<\/li>\n<li data-start=\"3809\" data-end=\"3853\">\n<p data-start=\"3811\" data-end=\"3853\">Neopr\u00e9nov\u00e1 man\u017eeta so zap\u00ednan\u00edm na h\u00e1\u010dik a slu\u010dku<\/p>\n<\/li>\n<li data-start=\"3854\" data-end=\"3896\">\n<p data-start=\"3856\" data-end=\"3896\">Reflexn\u00e9 lemovanie pre no\u010dn\u00fa vidite\u013enos\u0165<\/p>\n<\/li>\n<li data-start=\"3897\" data-end=\"3935\">\n<p data-start=\"3899\" data-end=\"3935\">Elegantn\u00fd celo\u010dierny v\u00fdkonn\u00fd dizajn<\/p>\n<\/li>\n<li data-start=\"3936\" data-end=\"3983\">\n<p data-start=\"3938\" data-end=\"3983\">\u013dahk\u00fd, priedu\u0161n\u00fd a pripraven\u00fd na rozbeh<\/p>\n<\/li>\n<li data-start=\"3984\" data-end=\"4037\">\n<p data-start=\"3986\" data-end=\"4037\">Vhodn\u00e9 na ka\u017edodenn\u00fa jazdu a profesion\u00e1lne pou\u017eitie<\/p>\n<\/li>\n<li data-start=\"4038\" data-end=\"4086\">\n<p data-start=\"4040\" data-end=\"4086\">Rukavice s certifik\u00e1tom CE ur\u010den\u00e9 pre trh E\u00da<\/p>\n<\/li>\n<\/ul>","protected":false},"excerpt":{"rendered":"<p>Tieto celo\u010dierne motocyklov\u00e9 rukavice RYINZ s\u00fa vyroben\u00e9 z prvotriednej anil\u00ednovej kozej ko\u017ee s polstrovanou v\u00fdstu\u017eou, ochranou dlane a karb\u00f3nov\u00fdm chr\u00e1ni\u010dom k\u013abov. S\u00fa navrhnut\u00e9 pre seri\u00f3znych jazdcov, maj\u00fa neopr\u00e9nov\u00fa man\u017eetu, reflexn\u00e9 lemovanie pre lep\u0161iu vidite\u013enos\u0165 a priedu\u0161n\u00e9 a z\u00e1rove\u0148 ochrann\u00e9 materi\u00e1ly pre v\u00fdkon za ka\u017ed\u00e9ho po\u010dasia. Ide\u00e1lne pre maloobchodn\u00edkov, predajcov bezpe\u010dnostn\u00e9ho vybavenia a eur\u00f3pskych distrib\u00fatorov, ktor\u00ed h\u013eadaj\u00fa motocyklov\u00e9 rukavice triedy CE, ktor\u00e9 poskytuj\u00fa funk\u010dnos\u0165 aj elegantn\u00fd \u0161t\u00fdl.<\/p>","protected":false},"featured_media":9303,"comment_status":"closed","ping_status":"closed","template":"","meta":[],"product_brand":[35],"product_cat":[1111,380,122,68],"product_tag":[404,405,406,407,408,409,410,411,412,413,121,414,48,415,416,417,418,419,420,421],"class_list":{"0":"post-9207","1":"product","2":"type-product","3":"status-publish","4":"has-post-thumbnail","6":"product_brand-ryinz","7":"product_cat-motorbike","8":"product_cat-motorbike-gloves","9":"product_cat-motorbike-racing-gloves","10":"product_cat-ryinz","11":"product_tag-all-black-gloves","12":"product_tag-biker-gloves","13":"product_tag-black-riding-gloves","14":"product_tag-carbon-shell-gloves","15":"product_tag-ce-certified-gloves","16":"product_tag-eu-biker-gloves","17":"product_tag-gloves-for-racing","18":"product_tag-goat-leather-gloves","19":"product_tag-hook-loop-gloves","20":"product_tag-leather-motorcycle-gloves","21":"product_tag-motorbike-gloves","22":"product_tag-neoprene-cuff-gloves","23":"product_tag-padded-palm-gloves","24":"product_tag-premium-biker-gloves","25":"product_tag-racing-hand-gear","26":"product_tag-riding-gloves","27":"product_tag-road-trip-gloves","28":"product_tag-ryinz-gloves","29":"product_tag-safety-motorcycle-gloves","30":"product_tag-street-rider-gloves","32":"first","33":"instock","34":"taxable","35":"shipping-taxable","36":"purchasable","37":"product-type-simple"},"_links":{"self":[{"href":"https:\/\/ryinz.cz\/velkoobchod\/sk\/wp-json\/wp\/v2\/product\/9207","targetHints":{"allow":["GET"]}}],"collection":[{"href":"https:\/\/ryinz.cz\/velkoobchod\/sk\/wp-json\/wp\/v2\/product"}],"about":[{"href":"https:\/\/ryinz.cz\/velkoobchod\/sk\/wp-json\/wp\/v2\/types\/product"}],"replies":[{"embeddable":true,"href":"https:\/\/ryinz.cz\/velkoobchod\/sk\/wp-json\/wp\/v2\/comments?post=9207"}],"wp:featuredmedia":[{"embeddable":true,"href":"https:\/\/ryinz.cz\/velkoobchod\/sk\/wp-json\/wp\/v2\/media\/9303"}],"wp:attachment":[{"href":"https:\/\/ryinz.cz\/velkoobchod\/sk\/wp-json\/wp\/v2\/media?parent=9207"}],"wp:term":[{"taxonomy":"product_brand","embeddable":true,"href":"https:\/\/ryinz.cz\/velkoobchod\/sk\/wp-json\/wp\/v2\/product_brand?post=9207"},{"taxonomy":"product_cat","embeddable":true,"href":"https:\/\/ryinz.cz\/velkoobchod\/sk\/wp-json\/wp\/v2\/product_cat?post=9207"},{"taxonomy":"product_tag","embeddable":true,"href":"https:\/\/ryinz.cz\/velkoobchod\/sk\/wp-json\/wp\/v2\/product_tag?post=9207"}],"curies":[{"name":"wp","href":"https:\/\/api.w.org\/{rel}","templated":true}]}}