{"id":9202,"date":"2025-06-22T15:32:54","date_gmt":"2025-06-22T15:32:54","guid":{"rendered":"https:\/\/ryinz.cz\/velkoobchod\/?post_type=product&#038;p=9202"},"modified":"2026-01-18T20:18:17","modified_gmt":"2026-01-18T20:18:17","slug":"ryinz-zips-manzeta-motocyklove-rukavice-so-silikonovou-dlanou-grip-tpu-knuckle-armor-reflexne-potrubia-pre-velkoobchod","status":"publish","type":"product","link":"https:\/\/ryinz.cz\/velkoobchod\/sk\/product\/ryinz-zipper-cuff-motorcycle-gloves-with-silicone-palm-grip-tpu-knuckle-armor-reflective-piping-for-wholesale\/","title":{"rendered":"RYINZ Rukavice na motorku na zips so silik\u00f3nov\u00fdm \u00fachopom dlane, TPU pancierom na k\u013aby a reflexn\u00fdm potrub\u00edm pre ve\u013ekoobchod"},"content":{"rendered":"<p data-start=\"807\" data-end=\"916\"><strong data-start=\"807\" data-end=\"916\">RYINZ Rukavice na motorku so zipsom na chrbte a silik\u00f3novou rukov\u00e4\u0165ou - vysokobezpe\u010dn\u00e1 inov\u00e1cia pre jazdcov a B2B kupuj\u00facich<\/strong><\/p>\n<p data-start=\"918\" data-end=\"1225\">Pre jazdcov, ktor\u00ed ocenia modern\u00fd dizajn a inteligentn\u00fa funk\u010dnos\u0165, <strong data-start=\"983\" data-end=\"1024\">RYINZ's Rukavice na motorku so zipsom<\/strong> poskytuj\u00fa v\u00fdkon aj \u0161t\u00fdl. Tieto rukavice s\u00fa ide\u00e1lne na ka\u017edodenn\u00e9 doch\u00e1dzanie do pr\u00e1ce, cestovanie na dlh\u00e9 vzdialenosti alebo \u013eahk\u00e9 taktick\u00e9 pou\u017eitie a pon\u00fakaj\u00fa \u013eahk\u00e9, ochrann\u00e9 rie\u0161enie bez toho, aby ste obetovali \u00fachop alebo obratnos\u0165.<\/p>\n<p data-start=\"1227\" data-end=\"1406\">\u010ci u\u017e dod\u00e1vate rukavice maloobchodn\u00edkom s motocyklami, jazdcom na dod\u00e1vkach, alebo ich prid\u00e1vate do svojho ve\u013ekoobchodn\u00e9ho katal\u00f3gu produktov B2B, tento model je v\u0161estrannou vo\u013ebou s v\u00fdnimo\u010dn\u00fdmi vlastnos\u0165ami.<\/p>\n<hr data-start=\"1408\" data-end=\"1411\" \/>\n<p data-start=\"1413\" data-end=\"1778\"><strong data-start=\"1413\" data-end=\"1464\">Dla\u0148 zo syntetickej ko\u017ee so silik\u00f3novou potla\u010dou<\/strong><br data-start=\"1464\" data-end=\"1467\" \/>Dla\u0148 je vyroben\u00e1 z odoln\u00e9ho <strong data-start=\"1497\" data-end=\"1518\">syntetick\u00e1 ko\u017ea<\/strong>, navrhnut\u00e9 tak, aby odol\u00e1vali oderu a opakovan\u00e9mu treniu. Na zlep\u0161enie \u00fachopu a ovl\u00e1dania rukov\u00e4te je potla\u010den\u00e1 <strong data-start=\"1628\" data-end=\"1653\">silik\u00f3nov\u00e9 akcenty na dlani<\/strong>, \u010do jazdcom umo\u017e\u0148uje v\u00e4\u010d\u0161iu presnos\u0165 pri pou\u017e\u00edvan\u00ed plynov\u00fdch, brzdov\u00fdch p\u00e1k alebo mobiln\u00fdch zariaden\u00ed. Ide\u00e1lne na jazdu v meste aj na dia\u013enici.<\/p>\n<hr data-start=\"1780\" data-end=\"1783\" \/>\n<p data-start=\"1785\" data-end=\"2091\"><strong data-start=\"1785\" data-end=\"1825\">Ochrana TPU s polstrovanou z\u00f3nou na dlani<\/strong><br data-start=\"1825\" data-end=\"1828\" \/>Zabudovan\u00e1 str\u00e1nka <strong data-start=\"1837\" data-end=\"1863\">Chr\u00e1ni\u010de k\u013abov z TPU<\/strong> chr\u00e1ni najzranite\u013enej\u0161ie k\u013aby r\u00fak pred n\u00e1razmi, pri\u010dom sa prid\u00e1va <strong data-start=\"1928\" data-end=\"1944\">penov\u00e9 polstrovanie<\/strong> v dlani zmier\u0148uje vibr\u00e1cie a zvy\u0161uje dlhodob\u00fd komfort. V\u010faka t\u00fdmto vlastnostiam je t\u00e1to rukavica vhodn\u00e1 do mestskej prem\u00e1vky aj do ter\u00e9nu.<\/p>\n<hr data-start=\"2093\" data-end=\"2096\" \/>\n<p data-start=\"2098\" data-end=\"2391\"><strong data-start=\"2098\" data-end=\"2148\">Stre\u010dov\u00fd chrb\u00e1t s anil\u00ednovou ko\u017eou na prstoch<\/strong><br data-start=\"2148\" data-end=\"2151\" \/>Chrb\u00e1t rukavice je vyroben\u00fd z <strong data-start=\"2189\" data-end=\"2217\">vysokoflexibiln\u00e1 elastick\u00e1 tkanina<\/strong>, ktor\u00fd umo\u017e\u0148uje pr\u00fadenie vzduchu a vo\u013enos\u0165 pohybu. Prsty s\u00fa vystu\u017een\u00e9 <strong data-start=\"2299\" data-end=\"2325\">panely z anil\u00ednovej ko\u017ee<\/strong>, ktor\u00e9 jazdcovi pon\u00fakaj\u00fa zv\u00fd\u0161en\u00fa odolnos\u0165 a pr\u00e9miov\u00fd vzh\u013ead.<\/p>\n<hr data-start=\"2393\" data-end=\"2396\" \/>\n<p data-start=\"2398\" data-end=\"2690\"><strong data-start=\"2398\" data-end=\"2437\">Zadn\u00e1 man\u017eeta na zips pre bezpe\u010dn\u00e9 uzavretie<\/strong><br data-start=\"2437\" data-end=\"2440\" \/>Na rozdiel od tradi\u010dn\u00fdch rukav\u00edc so such\u00fdm zipsom tento model obsahuje <strong data-start=\"2501\" data-end=\"2540\">zips po celej d\u013a\u017eke na zadnej man\u017eete<\/strong>, ktor\u00e9 pon\u00fakaj\u00fa bezpe\u010dn\u00e9 a zjednodu\u0161en\u00e9 nosenie. Jazdci si m\u00f4\u017eu rukavice r\u00fdchlo nasadi\u0165 a vyzliec\u0165 a z\u00e1rove\u0148 si m\u00f4\u017eu vychutna\u0165 dodato\u010dn\u00e9 pokrytie z\u00e1p\u00e4stia, ktor\u00e9 blokuje vietor a vlhkos\u0165.<\/p>\n<hr data-start=\"2692\" data-end=\"2695\" \/>\n<p data-start=\"2697\" data-end=\"2987\"><strong data-start=\"2697\" data-end=\"2743\">Reflexn\u00e9 potrubie pre vidite\u013enos\u0165 pri slabom osvetlen\u00ed<\/strong><br data-start=\"2743\" data-end=\"2746\" \/>Na zv\u00fd\u0161enie vidite\u013enosti v noci alebo pri slabom osvetlen\u00ed, <strong data-start=\"2806\" data-end=\"2827\">reflexn\u00e9 potrubie<\/strong> prebieha pozd\u013a\u017e man\u017eety, tak\u017ee pohyby r\u00fak jazdca s\u00fa pre ostatn\u00fdch vodi\u010dov vidite\u013enej\u0161ie. Ide o d\u00f4le\u017eit\u00fd bezpe\u010dnostn\u00fd prvok, najm\u00e4 pre doch\u00e1dzaj\u00facich a zimn\u00fdch jazdcov.<\/p>\n<hr data-start=\"2989\" data-end=\"2992\" \/>\n<p data-start=\"2994\" data-end=\"3245\"><strong data-start=\"2994\" data-end=\"3032\">Popruh na such\u00fd zips na prisp\u00f4sobenie<\/strong><br data-start=\"3032\" data-end=\"3035\" \/>Okrem man\u017eety na zips obsahuje rukavica <strong data-start=\"3088\" data-end=\"3110\">P\u00e1sik na z\u00e1p\u00e4stie so such\u00fdm zipsom<\/strong> pre v\u00e4\u010d\u0161iu nastavite\u013enos\u0165 a podporu z\u00e1p\u00e4stia. Tento hybridn\u00fd syst\u00e9m zap\u00ednania zaru\u010duje pohodlie a bezpe\u010dnos\u0165 aj pod rukavicami alebo bundami.<\/p>\n<hr data-start=\"3247\" data-end=\"3250\" \/>\n<p data-start=\"3252\" data-end=\"3286\"><strong data-start=\"3252\" data-end=\"3284\">Ide\u00e1lni kupuj\u00faci a aplik\u00e1cie:<\/strong><\/p>\n<ul data-start=\"3287\" data-end=\"3530\">\n<li data-start=\"3287\" data-end=\"3319\">\n<p data-start=\"3289\" data-end=\"3319\">Maloobchodn\u00edci s motocyklov\u00fdm oble\u010den\u00edm<\/p>\n<\/li>\n<li data-start=\"3320\" data-end=\"3353\">\n<p data-start=\"3322\" data-end=\"3353\">Online obchody s motocyklov\u00fdm v\u00fdstrojom<\/p>\n<\/li>\n<li data-start=\"3354\" data-end=\"3381\">\n<p data-start=\"3356\" data-end=\"3381\">Ve\u013ekoobchodn\u00edci s bezpe\u010dnostn\u00fdm v\u00fdstrojom<\/p>\n<\/li>\n<li data-start=\"3382\" data-end=\"3409\">\n<p data-start=\"3384\" data-end=\"3409\">V\u00fdrobcovia rukav\u00edc OEM<\/p>\n<\/li>\n<li data-start=\"3410\" data-end=\"3445\">\n<p data-start=\"3412\" data-end=\"3445\">Celoro\u010dne doch\u00e1dzaj\u00faci na motocykli<\/p>\n<\/li>\n<li data-start=\"3446\" data-end=\"3489\">\n<p data-start=\"3448\" data-end=\"3489\">Taktick\u00e1 a mestsk\u00e1 jazda profesion\u00e1lov<\/p>\n<\/li>\n<li data-start=\"3490\" data-end=\"3530\">\n<p data-start=\"3492\" data-end=\"3530\">Doru\u010dovatelia a spolo\u010dnosti dod\u00e1vaj\u00face e-bicykle<\/p>\n<\/li>\n<\/ul>\n<hr data-start=\"3532\" data-end=\"3535\" \/>\n<p data-start=\"3537\" data-end=\"3568\"><strong data-start=\"3537\" data-end=\"3566\">Zhrnutie vlastnost\u00ed produktu:<\/strong><\/p>\n<ul data-start=\"3569\" data-end=\"3998\">\n<li data-start=\"3569\" data-end=\"3620\">\n<p data-start=\"3571\" data-end=\"3620\">Dla\u0148 zo syntetickej ko\u017ee so silik\u00f3nov\u00fdmi \u00fachopov\u00fdmi z\u00f3nami<\/p>\n<\/li>\n<li data-start=\"3621\" data-end=\"3669\">\n<p data-start=\"3623\" data-end=\"3669\">Stre\u010dov\u00e1 tkanina na chrbte pre pohyb a pr\u00fadenie vzduchu<\/p>\n<\/li>\n<li data-start=\"3670\" data-end=\"3717\">\n<p data-start=\"3672\" data-end=\"3717\">Chr\u00e1ni\u010d k\u013abov z TPU s penovou ochranou dlane<\/p>\n<\/li>\n<li data-start=\"3718\" data-end=\"3766\">\n<p data-start=\"3720\" data-end=\"3766\">Panely prstov z anil\u00ednovej ko\u017ee pre v\u00e4\u010d\u0161iu odolnos\u0165<\/p>\n<\/li>\n<li data-start=\"3767\" data-end=\"3816\">\n<p data-start=\"3769\" data-end=\"3816\">Reflexn\u00e9 lemovanie pre vidite\u013enos\u0165 pri jazde v noci<\/p>\n<\/li>\n<li data-start=\"3817\" data-end=\"3856\">\n<p data-start=\"3819\" data-end=\"3856\">Man\u017eeta na zips s popruhom na such\u00fd zips na z\u00e1p\u00e4st\u00ed<\/p>\n<\/li>\n<li data-start=\"3857\" data-end=\"3894\">\n<p data-start=\"3859\" data-end=\"3894\">\u013dahk\u00fd, ale ochrann\u00fd dizajn<\/p>\n<\/li>\n<li data-start=\"3895\" data-end=\"3950\">\n<p data-start=\"3897\" data-end=\"3950\">Modern\u00e1 estetika \u010diernej na \u010diernej so zna\u010dkou RYINZ<\/p>\n<\/li>\n<li data-start=\"3951\" data-end=\"3998\">\n<p data-start=\"3953\" data-end=\"3998\">Ide\u00e1lne na jar, jese\u0148 a miernu zimu<\/p>\n<\/li>\n<\/ul>\n<p data-start=\"4000\" data-end=\"4230\">Str\u00e1nka <strong data-start=\"4004\" data-end=\"4043\">RYINZ Rukavice na motorku so zipsom<\/strong> pon\u00fakaj\u00fa \u0161pi\u010dkov\u00fd dizajn, vynikaj\u00facu ochranu a komer\u010dn\u00fa pr\u00ed\u0165a\u017elivos\u0165 pre \u0161irok\u00fa \u0161k\u00e1lu jazdcov a obchodn\u00fdch trhov. Ide\u00e1lne na z\u00e1sobovanie v\u00e1\u0161ho obchodu alebo na uvedenie nov\u00e9ho radu v\u00fdstroja.<\/p>","protected":false},"excerpt":{"rendered":"<p>Tieto motocyklov\u00e9 rukavice RYINZ sp\u00e1jaj\u00fa funk\u010dnos\u0165 a formu s dla\u0148ou zo syntetickej ko\u017ee, silik\u00f3novou potla\u010dou na uchopenie, pancierom na k\u013aboch z TPU a man\u017eetou na zips na chrbte pre bezpe\u010dn\u00e9 a \u0161t\u00fdlov\u00e9 nosenie. V\u010faka stre\u010dovej tkanine na chrbte, panelom prstov z anil\u00ednovej ko\u017ee, polstrovanej v\u00fdstu\u017ei na dlani a reflexn\u00e9mu lemovaniu na zlep\u0161enie vidite\u013enosti s\u00fa tieto rukavice ur\u010den\u00e9 na celoro\u010dn\u00fa jazdu. Ide\u00e1lne pre ve\u013ekoobchodn\u00edkov a maloobchodn\u00edkov s bezpe\u010dnostn\u00fdm vybaven\u00edm, ktor\u00ed vy\u017eaduj\u00fa kvalitu a inov\u00e1cie v ka\u017edej rukavici.<\/p>","protected":false},"featured_media":9297,"comment_status":"closed","ping_status":"closed","template":"","meta":[],"product_brand":[35],"product_cat":[1111,380,122,68],"product_tag":[389,390,391,392,393,394,395,396,397,398,399,400,401,402,403],"class_list":{"0":"post-9202","1":"product","2":"type-product","3":"status-publish","4":"has-post-thumbnail","6":"product_brand-ryinz","7":"product_cat-motorbike","8":"product_cat-motorbike-gloves","9":"product_cat-motorbike-racing-gloves","10":"product_cat-ryinz","11":"product_tag-anti-slip-grip-gloves-for-riding-and-climbing","12":"product_tag-black-tactical-gloves-for-distributors-and-oems","13":"product_tag-ce-grade-gloves-with-impact-protection","14":"product_tag-cowhide-goat-sheep-leather-tactical-gloves","15":"product_tag-customizable-lining-tactical-gloves-for-all-weather","16":"product_tag-full-finger-motorcycle-gloves-with-hard-shell","17":"product_tag-leather-gloves-for-military-and-patrol-gear","18":"product_tag-lightweight-leather-gloves-for-b2b-buyers","19":"product_tag-multi-purpose-gloves-for-tactical-retail","20":"product_tag-protective-gloves-for-airsoft-and-police-use","21":"product_tag-reinforced-gloves-for-mechanical-use","22":"product_tag-ryinz-motorcycle-gloves-with-mesh-ventilation","23":"product_tag-summer-breathable-gloves-with-mesh-zones","24":"product_tag-tactical-leather-gloves-with-knuckle-armor","25":"product_tag-wholesale-riding-gloves-with-finger-protection","27":"first","28":"instock","29":"taxable","30":"shipping-taxable","31":"purchasable","32":"product-type-simple"},"_links":{"self":[{"href":"https:\/\/ryinz.cz\/velkoobchod\/sk\/wp-json\/wp\/v2\/product\/9202","targetHints":{"allow":["GET"]}}],"collection":[{"href":"https:\/\/ryinz.cz\/velkoobchod\/sk\/wp-json\/wp\/v2\/product"}],"about":[{"href":"https:\/\/ryinz.cz\/velkoobchod\/sk\/wp-json\/wp\/v2\/types\/product"}],"replies":[{"embeddable":true,"href":"https:\/\/ryinz.cz\/velkoobchod\/sk\/wp-json\/wp\/v2\/comments?post=9202"}],"wp:featuredmedia":[{"embeddable":true,"href":"https:\/\/ryinz.cz\/velkoobchod\/sk\/wp-json\/wp\/v2\/media\/9297"}],"wp:attachment":[{"href":"https:\/\/ryinz.cz\/velkoobchod\/sk\/wp-json\/wp\/v2\/media?parent=9202"}],"wp:term":[{"taxonomy":"product_brand","embeddable":true,"href":"https:\/\/ryinz.cz\/velkoobchod\/sk\/wp-json\/wp\/v2\/product_brand?post=9202"},{"taxonomy":"product_cat","embeddable":true,"href":"https:\/\/ryinz.cz\/velkoobchod\/sk\/wp-json\/wp\/v2\/product_cat?post=9202"},{"taxonomy":"product_tag","embeddable":true,"href":"https:\/\/ryinz.cz\/velkoobchod\/sk\/wp-json\/wp\/v2\/product_tag?post=9202"}],"curies":[{"name":"wp","href":"https:\/\/api.w.org\/{rel}","templated":true}]}}