{"id":9200,"date":"2025-06-22T15:32:52","date_gmt":"2025-06-22T15:32:52","guid":{"rendered":"https:\/\/ryinz.cz\/velkoobchod\/?post_type=product&#038;p=9200"},"modified":"2026-01-18T20:18:15","modified_gmt":"2026-01-18T20:18:15","slug":"ryinz-kozene-takticke-rukavice-pre-velkoobchodny-maloobchod-s-tvrdym-pancierom-na-klby-so-sietovinou-na-vetranie-ochrany-prstov","status":"publish","type":"product","link":"https:\/\/ryinz.cz\/velkoobchod\/sk\/product\/ryinz-leather-tactical-gloves-for-wholesale-retail-with-hard-knuckle-armor-mesh-ventilation-finger-protection\/","title":{"rendered":"Ko\u017een\u00e9 taktick\u00e9 rukavice RYINZ pre ve\u013ekoobchod a maloobchod s tvrd\u00fdm pancierom na k\u013aby, vetran\u00edm zo sie\u0165oviny a ochranou prstov"},"content":{"rendered":"<p data-start=\"829\" data-end=\"931\"><strong data-start=\"829\" data-end=\"931\">Ko\u017een\u00e9 taktick\u00e9 rukavice RYINZ Premium - navrhnut\u00e9 pre jazdcov, profesion\u00e1lov a glob\u00e1lnych distrib\u00fatorov<\/strong><\/p>\n<p data-start=\"933\" data-end=\"1249\">Ke\u010f sa ochrana stretne s flexibilitou, z\u00edskate <strong data-start=\"980\" data-end=\"1013\">Ko\u017een\u00e9 taktick\u00e9 rukavice RYINZ<\/strong> - pr\u00e9miov\u00fa mo\u017enos\u0165 pre jazdcov, vojensk\u00fd person\u00e1l a taktick\u00fdch profesion\u00e1lov na celom svete. Tieto rukavice s\u00fa navrhnut\u00e9 s cie\u013eom: pon\u00fakaj\u00fa \u0161pi\u010dkov\u00fa bezpe\u010dnos\u0165, pri\u013enavos\u0165, pohodlie a priedu\u0161nos\u0165 bez toho, aby zni\u017eovali pohyblivos\u0165 alebo v\u00fdkon.<\/p>\n<p data-start=\"1251\" data-end=\"1411\">Tento model je ide\u00e1lny pre ve\u013ekoobchodn\u00edkov, dod\u00e1vate\u013eov osobn\u00fdch ochrann\u00fdch pracovn\u00fdch prostriedkov, maloobchodn\u00e9 predajne a projekty s\u00fakromn\u00fdch zna\u010diek rukav\u00edc a je prisp\u00f4soben\u00fd pre klientov, ktor\u00ed vy\u017eaduj\u00fa \u0161t\u00fdl aj obsah.<\/p>\n<hr data-start=\"1413\" data-end=\"1416\" \/>\n<p data-start=\"1418\" data-end=\"1816\"><strong data-start=\"1418\" data-end=\"1472\">Mo\u017enosti materi\u00e1lu - hov\u00e4dzia, kozia alebo ov\u010dia ko\u017ea<\/strong><br data-start=\"1472\" data-end=\"1475\" \/>Spolo\u010dnos\u0165 RYINZ pon\u00faka prisp\u00f4sobite\u013en\u00fa v\u00fdrobu s <strong data-start=\"1517\" data-end=\"1528\">hov\u00e4dzia ko\u017ea<\/strong>, <strong data-start=\"1530\" data-end=\"1538\">koza<\/strong>, alebo <strong data-start=\"1543\" data-end=\"1560\">ov\u010dia ko\u017ea<\/strong> v z\u00e1vislosti od po\u017eadovan\u00e9ho pocitu a trvanlivosti. Hov\u00e4dzia ko\u017ea poskytuje vysok\u00fa odolnos\u0165 proti oderu, kozia ko\u017ea pon\u00faka m\u00e4kk\u00fa pru\u017enos\u0165 a ov\u010dia ko\u017ea zaru\u010duje hladk\u00fd, pru\u017en\u00fd povrch pre presn\u00fd pohyb. V\u0161etky tri mo\u017enosti s\u00fa zn\u00e1me svojou dlhou \u017eivotnos\u0165ou.<\/p>\n<hr data-start=\"1818\" data-end=\"1821\" \/>\n<p data-start=\"1823\" data-end=\"2146\"><strong data-start=\"1823\" data-end=\"1880\">Kon\u0161trukcia z vetranej sie\u0165oviny - zv\u00fd\u0161en\u00e1 priedu\u0161nos\u0165<\/strong><br data-start=\"1880\" data-end=\"1883\" \/>Tieto rukavice s\u00fa ur\u010den\u00e9 do hor\u00faceho prostredia alebo prostredia s vysokou aktivitou. <strong data-start=\"1943\" data-end=\"1969\">vetracie z\u00f3ny zo sie\u0165oviny<\/strong> integrovan\u00fd do zadn\u00e9ho panelu a prstov. To zlep\u0161uje pr\u00fadenie vzduchu, tak\u017ee rukavice s\u00fa vhodn\u00e9 na letn\u00e9 alebo spoten\u00e9 \u010dinnosti, ako je jazda na motocykli, airsoft alebo hliadkovanie.<\/p>\n<hr data-start=\"2148\" data-end=\"2151\" \/>\n<p data-start=\"2153\" data-end=\"2454\"><strong data-start=\"2153\" data-end=\"2197\">Ochrana tvrd\u00fdch k\u013abov pre n\u00e1razov\u00e9 z\u00f3ny<\/strong><br data-start=\"2197\" data-end=\"2200\" \/>Tvarovan\u00fd <strong data-start=\"2211\" data-end=\"2233\">tvrd\u00e9 k\u013abov\u00e9 brnenie<\/strong> je k\u013e\u00fa\u010dov\u00fdm bezpe\u010dnostn\u00fdm prvkom, ktor\u00fd poskytuje siln\u00fa ochranu proti n\u00e1razom, po\u0161kriabaniu a odrenin\u00e1m. \u010ci u\u017e ste na bicykli, pri lezen\u00ed alebo pri tr\u00e9ningovej simul\u00e1cii, tieto rukavice poskytuj\u00fa kritick\u00fa ochranu v rizikov\u00fdch z\u00f3nach r\u00fak.<\/p>\n<hr data-start=\"2456\" data-end=\"2459\" \/>\n<p data-start=\"2461\" data-end=\"2741\"><strong data-start=\"2461\" data-end=\"2489\">Panely na ochranu prstov<\/strong><br data-start=\"2489\" data-end=\"2492\" \/>Ka\u017ed\u00fd prst obsahuje <strong data-start=\"2513\" data-end=\"2543\">zosilnen\u00e9 ochrann\u00e9 hroty<\/strong>, ktor\u00e9 chr\u00e1nia pred zaseknut\u00edm a odren\u00edm a z\u00e1rove\u0148 pon\u00fakaj\u00fa flexibilitu a presnos\u0165 uchopenia. Tieto hroty s\u00fa nevyhnutn\u00e9 na taktick\u00e9 alebo stavebn\u00e9 pou\u017eitie, kde je rozhoduj\u00faca obratnos\u0165 prstov a kontrola.<\/p>\n<hr data-start=\"2743\" data-end=\"2746\" \/>\n<p data-start=\"2748\" data-end=\"2892\"><strong data-start=\"2748\" data-end=\"2805\">Pohodln\u00e9 vn\u00fatorn\u00e9 pod\u0161\u00edvky - Fleece \/ Tricot \/ Playboy<\/strong><br data-start=\"2805\" data-end=\"2808\" \/>M\u00f4\u017eete si vybra\u0165 z viacer\u00fdch mo\u017enost\u00ed vn\u00fatornej pod\u0161\u00edvky, aby vyhovovala potreb\u00e1m kl\u00edmy a pohodlia:<\/p>\n<ul data-start=\"2893\" data-end=\"3036\">\n<li data-start=\"2893\" data-end=\"2933\">\n<p data-start=\"2895\" data-end=\"2933\"><strong data-start=\"2895\" data-end=\"2905\">Fleece<\/strong> pre teplo v chladnej\u0161om po\u010das\u00ed<\/p>\n<\/li>\n<li data-start=\"2934\" data-end=\"2986\">\n<p data-start=\"2936\" data-end=\"2986\"><strong data-start=\"2936\" data-end=\"2946\">Trikot<\/strong> na odvod vlhkosti a celodenn\u00e9 nosenie<\/p>\n<\/li>\n<li data-start=\"2987\" data-end=\"3036\">\n<p data-start=\"2989\" data-end=\"3036\"><strong data-start=\"2989\" data-end=\"3000\">Playboy<\/strong> pre hladk\u00fa, hodv\u00e1bne pohodln\u00fa vrstvu<\/p>\n<\/li>\n<\/ul>\n<p data-start=\"3038\" data-end=\"3119\">V\u010faka tejto flexibilite sa rukavice daj\u00fa prisp\u00f4sobi\u0165 r\u00f4znym trhom a podmienkam.<\/p>\n<hr data-start=\"3121\" data-end=\"3124\" \/>\n<p data-start=\"3126\" data-end=\"3410\"><strong data-start=\"3126\" data-end=\"3172\">Zlep\u0161enie \u00fachopu a zosilnen\u00e9 z\u00f3ny dlane<\/strong><br data-start=\"3172\" data-end=\"3175\" \/>Oblas\u0165 paliem zah\u0155\u0148a <strong data-start=\"3198\" data-end=\"3244\">strategick\u00e9 panely na uchopenie a dvojit\u00e9 pre\u0161\u00edvanie<\/strong>, ktor\u00e9 pou\u017e\u00edvate\u013eom poskytuj\u00fa optim\u00e1lnu kontrolu nad n\u00e1strojmi, riadidlami alebo zbra\u0148ami. Povrch je text\u00farovan\u00fd pre proti\u0161mykov\u00fa bezpe\u010dnos\u0165, v\u010faka \u010domu s\u00fa tieto rukavice ide\u00e1lne na pr\u00e1cu pod vysok\u00fdm tlakom.<\/p>\n<hr data-start=\"3412\" data-end=\"3415\" \/>\n<p data-start=\"3417\" data-end=\"3433\"><strong data-start=\"3417\" data-end=\"3431\">Ide\u00e1lne pre:<\/strong><\/p>\n<ul data-start=\"3434\" data-end=\"3664\">\n<li data-start=\"3434\" data-end=\"3463\">\n<p data-start=\"3436\" data-end=\"3463\">Maloobchodn\u00edci s motocyklov\u00fdm v\u00fdstrojom<\/p>\n<\/li>\n<li data-start=\"3464\" data-end=\"3498\">\n<p data-start=\"3466\" data-end=\"3498\">Dod\u00e1vatelia taktick\u00fdch a airsoftov\u00fdch zariaden\u00ed<\/p>\n<\/li>\n<li data-start=\"3499\" data-end=\"3542\">\n<p data-start=\"3501\" data-end=\"3542\">Vojensk\u00e9 a polovojensk\u00e9 dod\u00e1vate\u013esk\u00e9 re\u0165azce<\/p>\n<\/li>\n<li data-start=\"3543\" data-end=\"3592\">\n<p data-start=\"3545\" data-end=\"3592\">Distrib\u00fatori stavebn\u00fdch a mechanick\u00fdch rukav\u00edc<\/p>\n<\/li>\n<li data-start=\"3593\" data-end=\"3623\">\n<p data-start=\"3595\" data-end=\"3623\">Programy ko\u017een\u00fdch rukav\u00edc OEM<\/p>\n<\/li>\n<li data-start=\"3624\" data-end=\"3664\">\n<p data-start=\"3626\" data-end=\"3664\">Outdoorov\u00e9 zna\u010dky dobrodru\u017estva alebo pre\u017eitia<\/p>\n<\/li>\n<\/ul>\n<hr data-start=\"3666\" data-end=\"3669\" \/>\n<p data-start=\"3671\" data-end=\"3695\"><strong data-start=\"3671\" data-end=\"3693\">Najd\u00f4le\u017eitej\u0161ie prvky dizajnu:<\/strong><\/p>\n<ul data-start=\"3696\" data-end=\"4133\">\n<li data-start=\"3696\" data-end=\"3737\">\n<p data-start=\"3698\" data-end=\"3737\">Kravsk\u00e1, kozia alebo ov\u010dia ko\u017ea pod\u013ea v\u00fdberu<\/p>\n<\/li>\n<li data-start=\"3738\" data-end=\"3783\">\n<p data-start=\"3740\" data-end=\"3783\">Zadn\u00e9 panely so sie\u0165ovinou pre priedu\u0161nos\u0165<\/p>\n<\/li>\n<li data-start=\"3784\" data-end=\"3828\">\n<p data-start=\"3786\" data-end=\"3828\">Tvrd\u00fd pancier na k\u013aboch pre odolnos\u0165 vo\u010di n\u00e1razom<\/p>\n<\/li>\n<li data-start=\"3829\" data-end=\"3874\">\n<p data-start=\"3831\" data-end=\"3874\">Vystu\u017eenie prstov na zv\u00fd\u0161en\u00fa ochranu<\/p>\n<\/li>\n<li data-start=\"3875\" data-end=\"3921\">\n<p data-start=\"3877\" data-end=\"3921\">Dostupn\u00e9 pod\u0161\u00edvky: fleece, trikot, playboy<\/p>\n<\/li>\n<li data-start=\"3922\" data-end=\"3959\">\n<p data-start=\"3924\" data-end=\"3959\">Zosilnen\u00e1 dla\u0148 s text\u00farou na uchopenie<\/p>\n<\/li>\n<li data-start=\"3960\" data-end=\"4001\">\n<p data-start=\"3962\" data-end=\"4001\">Elegantn\u00e1 \u010dierna farba so zna\u010dkou RYINZ<\/p>\n<\/li>\n<li data-start=\"4002\" data-end=\"4055\">\n<p data-start=\"4004\" data-end=\"4055\">Nastavite\u013en\u00fd popruh na z\u00e1p\u00e4stie so zap\u00ednan\u00edm na h\u00e1\u010dik a slu\u010dku<\/p>\n<\/li>\n<li data-start=\"4056\" data-end=\"4090\">\n<p data-start=\"4058\" data-end=\"4090\">\u013dahk\u00fd, ale ve\u013emi odoln\u00fd<\/p>\n<\/li>\n<li data-start=\"4091\" data-end=\"4133\">\n<p data-start=\"4093\" data-end=\"4133\">Mo\u017enos\u0165 prisp\u00f4sobenia pre hromadn\u00fdch kupuj\u00facich<\/p>\n<\/li>\n<\/ul>\n<p data-start=\"4135\" data-end=\"4359\">\u010ci u\u017e dod\u00e1vate taktick\u00fa v\u00fdstroj pre rizikov\u00e9 pr\u00e1ce, alebo pon\u00fakate \u0161t\u00fdlov\u00fa ochranu pre motocyklistov. <strong data-start=\"4251\" data-end=\"4284\">Taktick\u00e9 ko\u017een\u00e9 rukavice RYINZ<\/strong> s\u00fa najlep\u0161\u00edm produktom vo svojej triede s osved\u010denou atraktivitou vo viacer\u00fdch odvetviach.<\/p>","protected":false},"excerpt":{"rendered":"<p data-start=\"273\" data-end=\"778\">Ko\u017een\u00e9 taktick\u00e9 rukavice RYINZ s\u00fa vytvoren\u00e9 na profesion\u00e1lne pou\u017eitie a kombinuj\u00fa hov\u00e4dziu, koziu alebo ov\u010diu ko\u017eu s priedu\u0161nou sie\u0165ovinou a ochrann\u00fdmi v\u00fdstu\u017eami. Tieto rukavice s\u00fa vyroben\u00e9 s tvrd\u00fdm chr\u00e1ni\u010dom k\u013abov, pancierom na prsty a v\u00fdberom pod\u0161\u00edvky z fl\u00edsu, trikotu alebo playboya a s\u00fa ide\u00e1lne na jazdu na motocykli, airsoft, vojensk\u00e9 alebo stavebn\u00e9 \u00fa\u010dely. S\u00fa vhodn\u00e9 na celoro\u010dn\u00e9 pou\u017e\u00edvanie a predstavuj\u00fa vysoko v\u00fdkonn\u00fd produkt pre ve\u013ekoobchodn\u00fdch odberate\u013eov a predajne taktick\u00e9ho vybavenia.<\/p>","protected":false},"featured_media":9295,"comment_status":"closed","ping_status":"closed","template":"","meta":[],"product_brand":[35],"product_cat":[1111,380,122,68],"product_tag":[389,390,391,392,393,394,395,396,397,398,399,400,401,402,403],"class_list":{"0":"post-9200","1":"product","2":"type-product","3":"status-publish","4":"has-post-thumbnail","6":"product_brand-ryinz","7":"product_cat-motorbike","8":"product_cat-motorbike-gloves","9":"product_cat-motorbike-racing-gloves","10":"product_cat-ryinz","11":"product_tag-anti-slip-grip-gloves-for-riding-and-climbing","12":"product_tag-black-tactical-gloves-for-distributors-and-oems","13":"product_tag-ce-grade-gloves-with-impact-protection","14":"product_tag-cowhide-goat-sheep-leather-tactical-gloves","15":"product_tag-customizable-lining-tactical-gloves-for-all-weather","16":"product_tag-full-finger-motorcycle-gloves-with-hard-shell","17":"product_tag-leather-gloves-for-military-and-patrol-gear","18":"product_tag-lightweight-leather-gloves-for-b2b-buyers","19":"product_tag-multi-purpose-gloves-for-tactical-retail","20":"product_tag-protective-gloves-for-airsoft-and-police-use","21":"product_tag-reinforced-gloves-for-mechanical-use","22":"product_tag-ryinz-motorcycle-gloves-with-mesh-ventilation","23":"product_tag-summer-breathable-gloves-with-mesh-zones","24":"product_tag-tactical-leather-gloves-with-knuckle-armor","25":"product_tag-wholesale-riding-gloves-with-finger-protection","27":"first","28":"instock","29":"taxable","30":"shipping-taxable","31":"purchasable","32":"product-type-simple"},"_links":{"self":[{"href":"https:\/\/ryinz.cz\/velkoobchod\/sk\/wp-json\/wp\/v2\/product\/9200","targetHints":{"allow":["GET"]}}],"collection":[{"href":"https:\/\/ryinz.cz\/velkoobchod\/sk\/wp-json\/wp\/v2\/product"}],"about":[{"href":"https:\/\/ryinz.cz\/velkoobchod\/sk\/wp-json\/wp\/v2\/types\/product"}],"replies":[{"embeddable":true,"href":"https:\/\/ryinz.cz\/velkoobchod\/sk\/wp-json\/wp\/v2\/comments?post=9200"}],"wp:featuredmedia":[{"embeddable":true,"href":"https:\/\/ryinz.cz\/velkoobchod\/sk\/wp-json\/wp\/v2\/media\/9295"}],"wp:attachment":[{"href":"https:\/\/ryinz.cz\/velkoobchod\/sk\/wp-json\/wp\/v2\/media?parent=9200"}],"wp:term":[{"taxonomy":"product_brand","embeddable":true,"href":"https:\/\/ryinz.cz\/velkoobchod\/sk\/wp-json\/wp\/v2\/product_brand?post=9200"},{"taxonomy":"product_cat","embeddable":true,"href":"https:\/\/ryinz.cz\/velkoobchod\/sk\/wp-json\/wp\/v2\/product_cat?post=9200"},{"taxonomy":"product_tag","embeddable":true,"href":"https:\/\/ryinz.cz\/velkoobchod\/sk\/wp-json\/wp\/v2\/product_tag?post=9200"}],"curies":[{"name":"wp","href":"https:\/\/api.w.org\/{rel}","templated":true}]}}