{"id":9199,"date":"2025-06-22T15:32:52","date_gmt":"2025-06-22T15:32:52","guid":{"rendered":"https:\/\/ryinz.cz\/velkoobchod\/?post_type=product&#038;p=9199"},"modified":"2026-01-18T20:18:14","modified_gmt":"2026-01-18T20:18:14","slug":"ryinz-takticke-bojove-rukavice-pre-velkoobchodny-maloobchod-s-tvrdym-pancierom-klbov-a-protismykovou-ochranou-dlane","status":"publish","type":"product","link":"https:\/\/ryinz.cz\/velkoobchod\/sk\/product\/ryinz-tactical-combat-gloves-for-wholesale-retail-with-hard-knuckle-armor-and-anti-slip-grip-palm-protection\/","title":{"rendered":"RYINZ Taktick\u00e9 bojov\u00e9 rukavice pre ve\u013ekoobchod a maloobchod s tvrd\u00fdm pancierom na k\u013aby a proti\u0161mykovou ochranou dlane"},"content":{"rendered":"<p>&nbsp;<\/p>\n<p data-start=\"846\" data-end=\"964\"><strong data-start=\"846\" data-end=\"964\">RYINZ Taktick\u00e9 rukavice s tvrd\u00fdmi k\u013abmi - robustn\u00e1 ochrana pre bezpe\u010dnostn\u00e9 zlo\u017eky, jazdcov na koni a ve\u013ekoobchodn\u00edkov<\/strong><\/p>\n<p data-start=\"966\" data-end=\"1322\">Navrhnut\u00e9 pre intenz\u00edvne prostredie, vysoko nam\u00e1hav\u00e9 pou\u017e\u00edvanie a dobrodru\u017estvo v ka\u017edom ter\u00e9ne. <strong data-start=\"1049\" data-end=\"1074\">Taktick\u00e9 rukavice RYINZ<\/strong> s\u00fa \u0161pi\u010dkovou vo\u013ebou pre profesion\u00e1lov aj outdoorov\u00fdch nad\u0161encov. \u010ci u\u017e vybavujete motocyklistov, bezpe\u010dnostn\u00fdch pracovn\u00edkov, hr\u00e1\u010dov airsoftu alebo taktick\u00e9 t\u00edmy, tieto rukavice s\u00fa skon\u0161truovan\u00e9 tak, aby vydr\u017eali po\u017eiadavky ka\u017edodenn\u00e9ho aj extr\u00e9mneho pou\u017e\u00edvania.<\/p>\n<p data-start=\"1324\" data-end=\"1480\">Tento model sa v\u00fdborne hod\u00ed pre ve\u013ekoobchodn\u00edkov, maloobchodn\u00edkov s v\u00fdstrojom a predajcov s\u00fakromn\u00fdch zna\u010diek, ktor\u00ed sa zameriavaj\u00fa na bezpe\u010dnostn\u00e9 a taktick\u00e9 trhy v Eur\u00f3pe a mimo nej.<\/p>\n<hr data-start=\"1482\" data-end=\"1485\" \/>\n<p data-start=\"1487\" data-end=\"1832\"><strong data-start=\"1487\" data-end=\"1522\">Ochrana k\u013abov pripraven\u00e1 na boj<\/strong><br data-start=\"1522\" data-end=\"1525\" \/>Charakteristick\u00fdm znakom t\u00fdchto rukav\u00edc je <strong data-start=\"1567\" data-end=\"1595\">tvrd\u00fd pancier na k\u013aby<\/strong>, vyroben\u00e9 z odoln\u00e9ho termoplastu odoln\u00e9ho vo\u010di n\u00e1razom. V\u010faka tomuto pancieru, ktor\u00fd je navrhnut\u00fd tak, aby chr\u00e1nil k\u013aby pred priamym kontaktom a prudk\u00fdm n\u00e1razom, s\u00fa rukavice ide\u00e1lne na taktick\u00e9 misie, vojensk\u00fd v\u00fdcvik alebo pou\u017e\u00edvanie na motocykloch zameran\u00fdch na ochranu.<\/p>\n<p data-start=\"1834\" data-end=\"2004\">Ka\u017ed\u00fd prst je vybaven\u00fd men\u0161\u00edmi <strong data-start=\"1871\" data-end=\"1899\">vystu\u017een\u00e9 vlo\u017eky do \u0161krupiny<\/strong>, \u010do zvy\u0161uje bezpe\u010dnos\u0165 pri fyzickom kontakte alebo taktick\u00fdch man\u00e9vroch pri zachovan\u00ed pln\u00e9ho rozsahu pohybu.<\/p>\n<hr data-start=\"2006\" data-end=\"2009\" \/>\n<p data-start=\"2011\" data-end=\"2341\"><strong data-start=\"2011\" data-end=\"2054\">Vynikaj\u00faci \u00fachop - proti\u0161mykov\u00e1 text\u00farovan\u00e1 dla\u0148<\/strong><br data-start=\"2054\" data-end=\"2057\" \/>Na strane dlane sa nach\u00e1dzaj\u00fa <strong data-start=\"2080\" data-end=\"2111\">text\u00farovan\u00fd proti\u0161mykov\u00fd materi\u00e1l<\/strong> navrhnut\u00e9 na zlep\u0161enie kontroly a zabr\u00e1nenie po\u0161myknutiu pri manipul\u00e1cii s vybaven\u00edm, n\u00e1strojmi, zbra\u0148ami alebo riadidlami. T\u00e1to rukov\u00e4\u0165 je nevyhnutn\u00e1 pre ka\u017ed\u00e9ho, kto sa venuje vysoko presn\u00fdm alebo vysokor\u00fdchlostn\u00fdm \u00faloh\u00e1m, ako je jazda na koni, stre\u013eba alebo horolezectvo.<\/p>\n<p data-start=\"2343\" data-end=\"2513\">Zosilnen\u00e9 \u0161itie na dlani \u010falej podporuje k\u013e\u00fa\u010dov\u00e9 miesta nam\u00e1hania, aby sa pred\u013a\u017eila \u017eivotnos\u0165 v\u00fdrobku, najm\u00e4 pre pou\u017e\u00edvate\u013eov, ktor\u00ed vykon\u00e1vaj\u00fa opakovan\u00e9 pohyby, ako s\u00fa pr\u00edslu\u0161n\u00edci org\u00e1nov \u010dinn\u00fdch v trestnom konan\u00ed alebo mechanici.<\/p>\n<hr data-start=\"2515\" data-end=\"2518\" \/>\n<p data-start=\"2520\" data-end=\"2788\"><strong data-start=\"2520\" data-end=\"2568\">Taktick\u00e9 prisp\u00f4sobenie - nastavite\u013en\u00fd p\u00e1sik na z\u00e1p\u00e4stie so such\u00fdm zipsom<\/strong><br data-start=\"2568\" data-end=\"2571\" \/>Ka\u017ed\u00e1 rukavica obsahuje <strong data-start=\"2593\" data-end=\"2620\">odoln\u00fd popruh na such\u00fd zips<\/strong> aby sa prisp\u00f4sobili z\u00e1p\u00e4stiu a pevne ho obopli. Kon\u0161trukcia zaru\u010duje, \u017ee rukavice zostan\u00fa na svojom mieste po\u010das r\u00fdchleho pohybu ruky alebo n\u00e1razu, a z\u00e1rove\u0148 utes\u0148uje vietor a prach.<\/p>\n<p data-start=\"2790\" data-end=\"2914\">\u0160irok\u00fd otvor man\u017eety umo\u017e\u0148uje r\u00fdchle obliekanie a vyzliekanie, v\u010faka \u010domu s\u00fa rukavice ide\u00e1lne pre policajtov v slu\u017ebe a jazdcov na cest\u00e1ch.<\/p>\n<hr data-start=\"2916\" data-end=\"2919\" \/>\n<p data-start=\"2921\" data-end=\"3223\"><strong data-start=\"2921\" data-end=\"2961\">Priedu\u0161n\u00e1 a flexibiln\u00e1 kon\u0161trukcia<\/strong><br data-start=\"2961\" data-end=\"2964\" \/>Napriek zosilnenej ochrane zost\u00e1va rukavica <strong data-start=\"3017\" data-end=\"3047\">\u013eahk\u00e9 a priedu\u0161n\u00e9<\/strong>, vyroben\u00e9 z elastick\u00e9ho materi\u00e1lu a polstrovan\u00e9ho vn\u00fatra, ktor\u00e9 umo\u017e\u0148uje pr\u00fadenie vzduchu a z\u00e1rove\u0148 chr\u00e1ni k\u013aby a poko\u017eku. V\u010faka tomu je vhodn\u00fd na dlhodob\u00e9 nosenie v r\u00f4znych klimatick\u00fdch podmienkach.<\/p>\n<hr data-start=\"3225\" data-end=\"3228\" \/>\n<p data-start=\"3230\" data-end=\"3246\"><strong data-start=\"3230\" data-end=\"3244\">Ide\u00e1lne pre:<\/strong><\/p>\n<ul data-start=\"3247\" data-end=\"3536\">\n<li data-start=\"3247\" data-end=\"3279\">\n<p data-start=\"3249\" data-end=\"3279\">Vojensk\u00e9 a bezpe\u010dnostn\u00e9 sily<\/p>\n<\/li>\n<li data-start=\"3280\" data-end=\"3319\">\n<p data-start=\"3282\" data-end=\"3319\">Z\u00e1sobovanie taktick\u00fdch t\u00edmov a v\u00fdstroja SWAT<\/p>\n<\/li>\n<li data-start=\"3320\" data-end=\"3365\">\n<p data-start=\"3322\" data-end=\"3365\">Airsoft, paintball a simul\u00e1cia boja<\/p>\n<\/li>\n<li data-start=\"3366\" data-end=\"3401\">\n<p data-start=\"3368\" data-end=\"3401\">Jazdci na motocykloch a ter\u00e9nnych motocykloch<\/p>\n<\/li>\n<li data-start=\"3402\" data-end=\"3441\">\n<p data-start=\"3404\" data-end=\"3441\">S\u00fapravy na pre\u017eitie a dobrodru\u017estvo v pr\u00edrode<\/p>\n<\/li>\n<li data-start=\"3442\" data-end=\"3484\">\n<p data-start=\"3444\" data-end=\"3484\">Stavebn\u00edctvo, \u0165a\u017ek\u00e1 dielensk\u00e1 pr\u00e1ca<\/p>\n<\/li>\n<li data-start=\"3485\" data-end=\"3536\">\n<p data-start=\"3487\" data-end=\"3536\">Ve\u013ekoobchod s osobn\u00fdmi ochrann\u00fdmi pracovn\u00fdmi prostriedkami a taktick\u00fdm oble\u010den\u00edm<\/p>\n<\/li>\n<\/ul>\n<hr data-start=\"3538\" data-end=\"3541\" \/>\n<p data-start=\"3543\" data-end=\"3570\"><strong data-start=\"3543\" data-end=\"3568\">Zhrnutie k\u013e\u00fa\u010dov\u00fdch funkci\u00ed:<\/strong><\/p>\n<ul data-start=\"3571\" data-end=\"4000\">\n<li data-start=\"3571\" data-end=\"3628\">\n<p data-start=\"3573\" data-end=\"3628\">Pevn\u00fd pancier na k\u013aby pre priamu ochranu pri n\u00e1raze<\/p>\n<\/li>\n<li data-start=\"3629\" data-end=\"3674\">\n<p data-start=\"3631\" data-end=\"3674\">Proti\u0161mykov\u00e1 text\u00farovan\u00e1 dla\u0148 pre vynikaj\u00faci \u00fachop<\/p>\n<\/li>\n<li data-start=\"3675\" data-end=\"3721\">\n<p data-start=\"3677\" data-end=\"3721\">Vlo\u017eky do prstov na obranu celej ruky<\/p>\n<\/li>\n<li data-start=\"3722\" data-end=\"3755\">\n<p data-start=\"3724\" data-end=\"3755\">Nastavite\u013en\u00fd p\u00e1sik na z\u00e1p\u00e4stie so such\u00fdm zipsom<\/p>\n<\/li>\n<li data-start=\"3756\" data-end=\"3802\">\n<p data-start=\"3758\" data-end=\"3802\">Zosilnen\u00e9 \u0161itie na dlani na dlh\u0161ie pou\u017e\u00edvanie<\/p>\n<\/li>\n<li data-start=\"3803\" data-end=\"3837\">\n<p data-start=\"3805\" data-end=\"3837\">Priedu\u0161n\u00fd a polstrovan\u00fd interi\u00e9r<\/p>\n<\/li>\n<li data-start=\"3838\" data-end=\"3889\">\n<p data-start=\"3840\" data-end=\"3889\">Robustn\u00fd celo\u010dierny dizajn pre taktick\u00fa estetiku<\/p>\n<\/li>\n<li data-start=\"3890\" data-end=\"3950\">\n<p data-start=\"3892\" data-end=\"3950\">Kompatibiln\u00fd s uniformami, jazdeck\u00fdm v\u00fdstrojom a taktick\u00fdmi s\u00fapravami<\/p>\n<\/li>\n<li data-start=\"3951\" data-end=\"4000\">\n<p data-start=\"3953\" data-end=\"4000\">K dispoz\u00edcii v \u0161tandardn\u00fdch ve\u013ekostiach pre mu\u017eov a \u017eeny<\/p>\n<\/li>\n<\/ul>","protected":false},"excerpt":{"rendered":"<p>\u010cierne bojov\u00e9 rukavice RYINZ, ktor\u00e9 s\u00fa vytvoren\u00e9 na odoln\u00e9 a taktick\u00e9 pou\u017eitie, maj\u00fa zosilnen\u00fd tvrd\u00fd pancier k\u013abov, proti\u0161mykov\u00e9 \u00fachopov\u00e9 z\u00f3ny a ochranu prstov s vysokou obratnos\u0165ou. Tieto rukavice, ktor\u00e9 s\u00fa ide\u00e1lne pre vojensk\u00e9, airsoftov\u00e9, bezpe\u010dnostn\u00e9, motocyklov\u00e9 a outdoorov\u00e9 dobrodru\u017en\u00e9 vybavenie, pon\u00fakaj\u00fa dokonal\u00fa rovnov\u00e1hu medzi odolnos\u0165ou, flexibilitou a bezpe\u010dn\u00fdm uchyten\u00edm na z\u00e1p\u00e4st\u00ed pomocou nastavite\u013en\u00e9ho such\u00e9ho zipsu. Ide\u00e1lne pre ve\u013ekoobchodn\u00fa distrib\u00faciu B2B, obchody s taktick\u00fdmi potrebami a predajcov motocyklov, ktor\u00ed h\u013eadaj\u00fa odoln\u00e9 viac\u00fa\u010delov\u00e9 rukavice.<\/p>\n<ul>\n<li data-start=\"4037\" data-end=\"4081\">\n<p data-start=\"4040\" data-end=\"4081\">Taktick\u00e9 rukavice s tvrd\u00fdm pancierom na k\u013aboch<\/p>\n<\/li>\n<li data-start=\"4082\" data-end=\"4137\">\n<p data-start=\"4085\" data-end=\"4137\">Ve\u013ekoobchod s vojensk\u00fdmi rukavicami s ochrann\u00fdmi k\u013abmi<\/p>\n<\/li>\n<li data-start=\"4138\" data-end=\"4191\">\n<p data-start=\"4141\" data-end=\"4191\">Bojov\u00e9 rukavice RYINZ na bezpe\u010dnostn\u00e9 a vonkaj\u0161ie pou\u017eitie<\/p>\n<\/li>\n<li data-start=\"4192\" data-end=\"4240\">\n<p data-start=\"4195\" data-end=\"4240\">Taktick\u00e9 rukavice s proti\u0161mykovou dla\u0148ou na stre\u013ebu<\/p>\n<\/li>\n<li data-start=\"4241\" data-end=\"4293\">\n<p data-start=\"4244\" data-end=\"4293\">Rukavice na motorku s ochranou k\u013abov<\/p>\n<\/li>\n<li data-start=\"4294\" data-end=\"4347\">\n<p data-start=\"4297\" data-end=\"4347\">Ochrann\u00e9 rukavice pre policajn\u00e9 a z\u00e1sahov\u00e9 t\u00edmy<\/p>\n<\/li>\n<li data-start=\"4348\" data-end=\"4403\">\n<p data-start=\"4351\" data-end=\"4403\">Taktick\u00e9 rukavice s cel\u00fdmi prstami pre robustn\u00fd v\u00fdkon<\/p>\n<\/li>\n<li data-start=\"4404\" data-end=\"4460\">\n<p data-start=\"4407\" data-end=\"4460\">Vystu\u017een\u00e9 rukavice pre hr\u00e1\u010dov airsoftu a paintballu<\/p>\n<\/li>\n<li data-start=\"4461\" data-end=\"4515\">\n<p data-start=\"4464\" data-end=\"4515\">Pracovn\u00e9 rukavice pre \u0165a\u017ek\u00fa pr\u00e1cu na stavbe alebo pri jazde na koni<\/p>\n<\/li>\n<li data-start=\"4516\" data-end=\"4568\">\n<p data-start=\"4520\" data-end=\"4568\">Priedu\u0161n\u00e9 taktick\u00e9 rukavice do hor\u00faceho po\u010dasia<\/p>\n<\/li>\n<li data-start=\"4569\" data-end=\"4620\">\n<p data-start=\"4573\" data-end=\"4620\">Rukavice vojenskej kvality s popruhom na z\u00e1p\u00e4stie na such\u00fd zips<\/p>\n<\/li>\n<li data-start=\"4621\" data-end=\"4673\">\n<p data-start=\"4625\" data-end=\"4673\">Outdoorov\u00e9 rukavice pre dobrodru\u017estvo a vybavenie na pre\u017eitie<\/p>\n<\/li>\n<li data-start=\"4674\" data-end=\"4720\">\n<p data-start=\"4678\" data-end=\"4720\">Eur\u00f3pske taktick\u00e9 rukavice pre hromadn\u00e9 objedn\u00e1vky<\/p>\n<\/li>\n<li data-start=\"4721\" data-end=\"4773\">\n<p data-start=\"4725\" data-end=\"4773\">Pancierovan\u00e9 rukavice na ochranu a kontrolu \u00fachopu<\/p>\n<\/li>\n<li data-start=\"4774\" data-end=\"4831\">\n<p data-start=\"4778\" data-end=\"4831\">Univerz\u00e1lne taktick\u00e9 rukavice pre ve\u013ekoobchodn\u00fdch dod\u00e1vate\u013eov<\/p>\n<\/li>\n<\/ul>","protected":false},"featured_media":9294,"comment_status":"closed","ping_status":"closed","template":"","meta":[],"product_brand":[35],"product_cat":[1111,380,122,68],"product_tag":[],"class_list":{"0":"post-9199","1":"product","2":"type-product","3":"status-publish","4":"has-post-thumbnail","6":"product_brand-ryinz","7":"product_cat-motorbike","8":"product_cat-motorbike-gloves","9":"product_cat-motorbike-racing-gloves","10":"product_cat-ryinz","12":"first","13":"instock","14":"taxable","15":"shipping-taxable","16":"purchasable","17":"product-type-simple"},"_links":{"self":[{"href":"https:\/\/ryinz.cz\/velkoobchod\/sk\/wp-json\/wp\/v2\/product\/9199","targetHints":{"allow":["GET"]}}],"collection":[{"href":"https:\/\/ryinz.cz\/velkoobchod\/sk\/wp-json\/wp\/v2\/product"}],"about":[{"href":"https:\/\/ryinz.cz\/velkoobchod\/sk\/wp-json\/wp\/v2\/types\/product"}],"replies":[{"embeddable":true,"href":"https:\/\/ryinz.cz\/velkoobchod\/sk\/wp-json\/wp\/v2\/comments?post=9199"}],"wp:featuredmedia":[{"embeddable":true,"href":"https:\/\/ryinz.cz\/velkoobchod\/sk\/wp-json\/wp\/v2\/media\/9294"}],"wp:attachment":[{"href":"https:\/\/ryinz.cz\/velkoobchod\/sk\/wp-json\/wp\/v2\/media?parent=9199"}],"wp:term":[{"taxonomy":"product_brand","embeddable":true,"href":"https:\/\/ryinz.cz\/velkoobchod\/sk\/wp-json\/wp\/v2\/product_brand?post=9199"},{"taxonomy":"product_cat","embeddable":true,"href":"https:\/\/ryinz.cz\/velkoobchod\/sk\/wp-json\/wp\/v2\/product_cat?post=9199"},{"taxonomy":"product_tag","embeddable":true,"href":"https:\/\/ryinz.cz\/velkoobchod\/sk\/wp-json\/wp\/v2\/product_tag?post=9199"}],"curies":[{"name":"wp","href":"https:\/\/api.w.org\/{rel}","templated":true}]}}