{"id":9197,"date":"2025-06-22T15:32:50","date_gmt":"2025-06-22T15:32:50","guid":{"rendered":"https:\/\/ryinz.cz\/velkoobchod\/?post_type=product&#038;p=9197"},"modified":"2026-01-18T20:18:12","modified_gmt":"2026-01-18T20:18:12","slug":"ryinz-velkoobchodny-maloobchod-cierne-obrnene-jazdecke-rukavice-s-pvc-ochranou-z-kozej-koze-pre-predajcov-motocyklov","status":"publish","type":"product","link":"https:\/\/ryinz.cz\/velkoobchod\/sk\/product\/ryinz-wholesale-retail-black-armored-riding-gloves-with-pvc-goat-leather-protection-for-bikers-dealers\/","title":{"rendered":"RYINZ Ve\u013ekoobchod a maloobchod \u010cierne obrnen\u00e9 jazdeck\u00e9 rukavice s ochranou z PVC a kozej ko\u017ee pre motork\u00e1rov a predajcov"},"content":{"rendered":"<p data-start=\"834\" data-end=\"946\"><strong data-start=\"834\" data-end=\"946\">RYINZ Plne ochrann\u00e9 pancierov\u00e9 rukavice na motorku - navrhnut\u00e9 na agres\u00edvnu jazdu, turistiku a B2B distrib\u00faciu<\/strong><\/p>\n<p data-start=\"948\" data-end=\"1314\">Vyroben\u00e9 pre jazdcov, ktor\u00ed vy\u017eaduj\u00fa extr\u00e9mnu ochranu, odolnos\u0165 a vizu\u00e1lnu silu. <strong data-start=\"1029\" data-end=\"1060\">RYINZ Pancierov\u00e9 jazdeck\u00e9 rukavice<\/strong> s\u00fa kon\u0161truovan\u00e9 tak, aby dok\u00e1zali pracova\u0165 pod tlakom. V t\u00fdchto rukaviciach sa sp\u00e1jaj\u00fa pokro\u010dil\u00e9 bezpe\u010dnostn\u00e9 technol\u00f3gie so \u0161pi\u010dkov\u00fdmi materi\u00e1lmi, tak\u017ee s\u00fa ide\u00e1lnou vo\u013ebou pre ve\u013ekoobchodn\u00edkov, predajcov a s\u00fakromn\u00e9 kolekcie motocyklov\u00e9ho vybavenia.<\/p>\n<p data-start=\"1316\" data-end=\"1650\"><strong data-start=\"1316\" data-end=\"1381\">Odoln\u00e1 kon\u0161trukcia - zmes ko\u017ee a tkaniny Cordura<\/strong><br data-start=\"1381\" data-end=\"1384\" \/>Tieto rukavice maj\u00fa robustn\u00fd <strong data-start=\"1414\" data-end=\"1437\">Zadn\u00e1 \u010das\u0165 z tkaniny Cordura<\/strong>, vybran\u00fd pre svoju pevnos\u0165 a odolnos\u0165 vo\u010di roztrhnutiu a poveternostn\u00fdm vplyvom. Strana dlane je vyroben\u00e1 z <strong data-start=\"1539\" data-end=\"1572\">poloanil\u00ednov\u00e1 ko\u017ea GoatSkin<\/strong>, ktor\u00fd pon\u00faka m\u00e4kk\u00fd, ale z\u00e1rove\u0148 oderu odoln\u00fd povrch pre vysok\u00fd kontaktn\u00fd v\u00fdkon.<\/p>\n<p data-start=\"1652\" data-end=\"1891\">Oblas\u0165 palca a sedla je vystu\u017een\u00e1 <strong data-start=\"1697\" data-end=\"1719\">Krava Dizajn ko\u017ee<\/strong>, \u010do zabezpe\u010duje lep\u0161iu pri\u013enavos\u0165 a odolnos\u0165 proti opotrebovaniu pri manipul\u00e1cii so spojkou a plynom. Tieto materi\u00e1ly pracuj\u00fa v harm\u00f3nii, aby poskytli citliv\u00e9, priliehav\u00e9 a vysoko odoln\u00e9 prisp\u00f4sobenie rukav\u00edc.<\/p>\n<p data-start=\"1893\" data-end=\"2206\"><strong data-start=\"1893\" data-end=\"1949\">Dokonal\u00e1 ochrana - PVC + harmonika Knuckle Shells<\/strong><br data-start=\"1949\" data-end=\"1952\" \/>Vrchn\u00e1 \u010das\u0165 rukavice obsahuje <strong data-start=\"1984\" data-end=\"2017\">pogumovan\u00fd \u0161t\u00edt na k\u013aby z PVC<\/strong> navrhnut\u00e9 v harmonickom \u0161t\u00fdle pre maxim\u00e1lnu flexibilitu a pokrytie. T\u00e1to oblas\u0165 s vysok\u00fdm n\u00e1razom chr\u00e1ni pred priamymi n\u00e1razmi a odreninami, tak\u017ee je ide\u00e1lna pre \u0161portov\u00fdch a dobrodru\u017en\u00fdch jazdcov.<\/p>\n<p data-start=\"2208\" data-end=\"2443\">Okrem toho, <strong data-start=\"2221\" data-end=\"2261\">pogumovan\u00e9 PVC chr\u00e1ni\u010de k\u013abov prstov<\/strong> s\u00fa integrovan\u00e9 do ka\u017ed\u00e9ho k\u013abu prsta, aby sa zv\u00fd\u0161ila bezpe\u010dnos\u0165 pri zachovan\u00ed obratnosti. Tieto prvky zabezpe\u010duj\u00fa spo\u013eahliv\u00fa ochranu z ka\u017ed\u00e9ho uhla po\u010das vysokej r\u00fdchlosti alebo agres\u00edvnej jazdy.<\/p>\n<p data-start=\"2445\" data-end=\"2729\"><strong data-start=\"2445\" data-end=\"2498\">Pohodlie a priedu\u0161nos\u0165 - Vn\u00fatorn\u00fd priestor s trikotovou pod\u0161\u00edvkou<\/strong><br data-start=\"2498\" data-end=\"2501\" \/>Vn\u00fatri s\u00fa rukavice vybaven\u00e9 <strong data-start=\"2538\" data-end=\"2560\">m\u00e4kk\u00e1 trikotov\u00e1 pod\u0161\u00edvka<\/strong>, ktor\u00e1 pom\u00e1ha odv\u00e1dza\u0165 vlhkos\u0165 z r\u00fak a z\u00e1rove\u0148 poskytuje tepl\u00fd povrch bez podr\u00e1\u017edenia. V\u010faka tomu s\u00fa vhodn\u00e9 na celosez\u00f3nnu jazdu alebo dlh\u0161ie nosenie.<\/p>\n<p data-start=\"2731\" data-end=\"3013\"><strong data-start=\"2731\" data-end=\"2767\">Reflexn\u00e9 potrubie na zvidite\u013enenie<\/strong><br data-start=\"2767\" data-end=\"2770\" \/>Integrovan\u00e1 str\u00e1nka <strong data-start=\"2781\" data-end=\"2802\">reflexn\u00e9 potrubie<\/strong> pozd\u013a\u017e chrbta rukav\u00edc zlep\u0161uje vidite\u013enos\u0165 po\u010das no\u010dn\u00fdch j\u00e1zd alebo v hmle. Ide o mal\u00fd, ale ve\u013emi d\u00f4le\u017eit\u00fd bezpe\u010dnostn\u00fd prvok, ktor\u00fd prispieva k lep\u0161ej orient\u00e1cii na ceste bez toho, aby naru\u0161il estetick\u00fd vzh\u013ead rukav\u00edc.<\/p>\n<p data-start=\"3015\" data-end=\"3310\"><strong data-start=\"3015\" data-end=\"3072\">Prisp\u00f4sobenie na mieru - zap\u00ednanie na such\u00fd zips z poloanil\u00ednovej kozej ko\u017ee<\/strong><br data-start=\"3072\" data-end=\"3075\" \/>Nastavite\u013en\u00e9 z\u00e1p\u00e4stie je vybaven\u00e9 <strong data-start=\"3107\" data-end=\"3149\">remienok na such\u00fd zips z poloanil\u00ednovej kozej ko\u017ee<\/strong>, s vyrazen\u00fdm logom RYINZ pre pr\u00e9miov\u00e9 ozna\u010denie zna\u010dky. Zap\u00ednanie zaru\u010duje priliehav\u00e9 a prisp\u00f4soben\u00e9 nosenie pre ka\u017ed\u00fa ve\u013ekos\u0165 ruky a pom\u00e1ha br\u00e1ni\u0165 vnikaniu vetra a prachu.<\/p>\n<p data-start=\"3312\" data-end=\"3337\"><strong data-start=\"3312\" data-end=\"3335\">Ide\u00e1lne aplik\u00e1cie:<\/strong><\/p>\n<ul data-start=\"3338\" data-end=\"3619\">\n<li data-start=\"3338\" data-end=\"3374\">\n<p data-start=\"3340\" data-end=\"3374\">Jazdci na \u0161portov\u00fdch a nah\u00fdch bicykloch<\/p>\n<\/li>\n<li data-start=\"3375\" data-end=\"3420\">\n<p data-start=\"3377\" data-end=\"3420\">Motocyklov\u00fd v\u00fdstroj na cestovanie a dlh\u00e9 vzdialenosti<\/p>\n<\/li>\n<li data-start=\"3421\" data-end=\"3469\">\n<p data-start=\"3423\" data-end=\"3469\">Obchody s motorov\u00fdmi \u0161portmi a predajcovia bezpe\u010dnostn\u00e9ho vybavenia<\/p>\n<\/li>\n<li data-start=\"3470\" data-end=\"3519\">\n<p data-start=\"3472\" data-end=\"3519\">OEM v\u00fdroba zna\u010dkov\u00e9ho motocyklov\u00e9ho oble\u010denia<\/p>\n<\/li>\n<li data-start=\"3520\" data-end=\"3568\">\n<p data-start=\"3522\" data-end=\"3568\">Distrib\u00fatori v E\u00da h\u013eadaj\u00fa rukavice v s\u00falade s CE<\/p>\n<\/li>\n<li data-start=\"3569\" data-end=\"3619\">\n<p data-start=\"3571\" data-end=\"3619\">Ve\u013ekoobchodn\u00ed n\u00e1kupcovia, ktor\u00ed skladuj\u00fa l\u00ednie dobrodru\u017en\u00e9ho v\u00fdstroja<\/p>\n<\/li>\n<\/ul>\n<p data-start=\"3621\" data-end=\"3646\"><strong data-start=\"3621\" data-end=\"3644\">Najd\u00f4le\u017eitej\u0161ie funkcie:<\/strong><\/p>\n<ul data-start=\"3647\" data-end=\"4068\">\n<li data-start=\"3647\" data-end=\"3678\">\n<p data-start=\"3649\" data-end=\"3678\">Odoln\u00e1 zadn\u00e1 \u010das\u0165 z tkaniny Cordura<\/p>\n<\/li>\n<li data-start=\"3679\" data-end=\"3723\">\n<p data-start=\"3681\" data-end=\"3723\">Ko\u017ea z poloanil\u00ednovej kozej ko\u017ee na dlani a palci<\/p>\n<\/li>\n<li data-start=\"3724\" data-end=\"3760\">\n<p data-start=\"3726\" data-end=\"3760\">V\u00fdstu\u017e sedla z hov\u00e4dzej ko\u017ee<\/p>\n<\/li>\n<li data-start=\"3761\" data-end=\"3802\">\n<p data-start=\"3763\" data-end=\"3802\">Chr\u00e1ni\u010d k\u013abov z PVC v \u0161t\u00fdle Harmonica<\/p>\n<\/li>\n<li data-start=\"3803\" data-end=\"3836\">\n<p data-start=\"3805\" data-end=\"3836\">PVC chr\u00e1ni\u010de k\u013abov prstov<\/p>\n<\/li>\n<li data-start=\"3837\" data-end=\"3881\">\n<p data-start=\"3839\" data-end=\"3881\">Vn\u00fatorn\u00e1 pod\u0161\u00edvka z trikotu pre pohodlie pri vlhkosti<\/p>\n<\/li>\n<li data-start=\"3882\" data-end=\"3924\">\n<p data-start=\"3884\" data-end=\"3924\">Reflexn\u00e9 lemovanie pre no\u010dn\u00fa vidite\u013enos\u0165<\/p>\n<\/li>\n<li data-start=\"3925\" data-end=\"3973\">\n<p data-start=\"3927\" data-end=\"3973\">Man\u017eeta na such\u00fd zips s logom TPR a ko\u017een\u00fdm povrchom<\/p>\n<\/li>\n<li data-start=\"3974\" data-end=\"4014\">\n<p data-start=\"3976\" data-end=\"4014\">Ergonomick\u00e9 vystu\u017eenie \u00fachopu na dlani<\/p>\n<\/li>\n<li data-start=\"4015\" data-end=\"4068\">\n<p data-start=\"4017\" data-end=\"4068\">Navrhnut\u00e9 pre v\u00fdkon, flexibilitu a bezpe\u010dnos\u0165<\/p>\n<\/li>\n<\/ul>\n<p data-start=\"4070\" data-end=\"4309\">T\u00e1to rukavica sp\u00e1ja <strong data-start=\"4088\" data-end=\"4107\">taktick\u00fd dizajn<\/strong> s <strong data-start=\"4113\" data-end=\"4141\">Eur\u00f3pske bezpe\u010dnostn\u00e9 prvky<\/strong>, ktor\u00e9 pon\u00fakaj\u00fa vynikaj\u00facu hodnotu pre distrib\u00fatorov alebo maloobchodn\u00edkov, ktor\u00ed potrebuj\u00fa spo\u013eahliv\u00e9, univerz\u00e1lne motocyklov\u00e9 rukavice, ktor\u00e9 m\u00f4\u017eu oslovi\u0165 profesion\u00e1lov aj dobrodru\u017en\u00fdch jazdcov.<\/p>","protected":false},"excerpt":{"rendered":"<p data-start=\"255\" data-end=\"783\">Obrnen\u00e9 rukavice na motorku RYINZ pon\u00fakaj\u00fa robustn\u00fa ochranu v\u010faka poloanil\u00ednovej ko\u017ei GoatSkin, zosilnen\u00fdm PVC a pogumovan\u00fdm k\u013abom a odolnosti podporenej materi\u00e1lom Cordura. Tieto rukavice s\u00fa navrhnut\u00e9 na agres\u00edvne jazdy a dia\u013ekov\u00fa turistiku, obsahuj\u00fa pancier na prsty, reflexn\u00e9 lemovanie, zna\u010dkov\u00fa man\u017eetu z TPR a ergonomick\u00e9 sedlov\u00e9 v\u00fdstuhy na dlani a palci. Ide\u00e1lne pre predajcov motocyklov, distrib\u00fatorov a ve\u013ekoodberate\u013eov B2B, ktor\u00ed h\u013eadaj\u00fa v\u00fdkonnos\u0165 triedy CE s prvotriednou povrchovou \u00fapravou materi\u00e1lu.<\/p>","protected":false},"featured_media":9292,"comment_status":"closed","ping_status":"closed","template":"","meta":[],"product_brand":[35],"product_cat":[1111,380,122,68],"product_tag":[373,374,375,376,377,378,379,381,382,383,384,385,386,387,388],"class_list":{"0":"post-9197","1":"product","2":"type-product","3":"status-publish","4":"has-post-thumbnail","6":"product_brand-ryinz","7":"product_cat-motorbike","8":"product_cat-motorbike-gloves","9":"product_cat-motorbike-racing-gloves","10":"product_cat-ryinz","11":"product_tag-breathable-protective-gloves-for-long-rides","12":"product_tag-bright-color-gloves-for-road-safety-and-visibility","13":"product_tag-ce-certified-gloves-for-eu-motorcycle-safety","14":"product_tag-en13594-motorcycle-gloves-with-tpu-armor","15":"product_tag-eva-rubber-reinforced-tactical-gloves","16":"product_tag-goatskin-leather-motorcycle-gloves-for-retailers","17":"product_tag-high-visibility-biker-gloves-with-safety-features","18":"product_tag-motorcycle-gloves-with-foam-padded-palm","19":"product_tag-premium-riding-gloves-for-distribution","20":"product_tag-protective-riding-gloves-for-street-and-off-road","21":"product_tag-tactical-motorcycle-gloves-for-wholesale","22":"product_tag-tpu-knuckle-protected-gloves-for-motorcyclists","23":"product_tag-twill-back-biker-gloves-with-leather-palm","24":"product_tag-velcro-closure-motorcycle-gloves-for-fit","25":"product_tag-wholesale-riding-gloves-for-european-suppliers","27":"first","28":"instock","29":"taxable","30":"shipping-taxable","31":"purchasable","32":"product-type-simple"},"_links":{"self":[{"href":"https:\/\/ryinz.cz\/velkoobchod\/sk\/wp-json\/wp\/v2\/product\/9197","targetHints":{"allow":["GET"]}}],"collection":[{"href":"https:\/\/ryinz.cz\/velkoobchod\/sk\/wp-json\/wp\/v2\/product"}],"about":[{"href":"https:\/\/ryinz.cz\/velkoobchod\/sk\/wp-json\/wp\/v2\/types\/product"}],"replies":[{"embeddable":true,"href":"https:\/\/ryinz.cz\/velkoobchod\/sk\/wp-json\/wp\/v2\/comments?post=9197"}],"wp:featuredmedia":[{"embeddable":true,"href":"https:\/\/ryinz.cz\/velkoobchod\/sk\/wp-json\/wp\/v2\/media\/9292"}],"wp:attachment":[{"href":"https:\/\/ryinz.cz\/velkoobchod\/sk\/wp-json\/wp\/v2\/media?parent=9197"}],"wp:term":[{"taxonomy":"product_brand","embeddable":true,"href":"https:\/\/ryinz.cz\/velkoobchod\/sk\/wp-json\/wp\/v2\/product_brand?post=9197"},{"taxonomy":"product_cat","embeddable":true,"href":"https:\/\/ryinz.cz\/velkoobchod\/sk\/wp-json\/wp\/v2\/product_cat?post=9197"},{"taxonomy":"product_tag","embeddable":true,"href":"https:\/\/ryinz.cz\/velkoobchod\/sk\/wp-json\/wp\/v2\/product_tag?post=9197"}],"curies":[{"name":"wp","href":"https:\/\/api.w.org\/{rel}","templated":true}]}}