{"id":9196,"date":"2025-08-26T11:48:34","date_gmt":"2025-08-26T11:48:34","guid":{"rendered":"https:\/\/ryinz.cz\/velkoobchod\/?post_type=product&#038;p=9196"},"modified":"2026-01-18T20:18:11","modified_gmt":"2026-01-18T20:18:11","slug":"ryinz-vsetky-cierne-ochranne-motocyklove-rukavice-pre-maloobchodny-velkoobchod-s-penovou-polstrovanou-dlanou-a-eva-tpu-pancierom","status":"publish","type":"product","link":"https:\/\/ryinz.cz\/velkoobchod\/sk\/product\/ryinz-all-black-protective-motorcycle-gloves-for-retail-wholesale-with-foam-padded-palm-and-eva-tpu-armor\/","title":{"rendered":"RYINZ Celo\u010dierne ochrann\u00e9 rukavice na motorku pre maloobchod a ve\u013ekoobchod s penovou v\u00fdpl\u0148ou dlane a pancierom EVA + TPU"},"content":{"rendered":"<p data-start=\"887\" data-end=\"1000\"><strong data-start=\"887\" data-end=\"1000\">RYINZ Celo\u010dierne rukavice na motorku - zjednodu\u0161en\u00e1 bezpe\u010dnos\u0165 a pohodlie pre maloobchodn\u00edkov, distrib\u00fatorov a kupuj\u00facich v E\u00da<\/strong><\/p>\n<p data-start=\"1002\" data-end=\"1363\">Kombinuje \u010dist\u00fa estetiku s pevn\u00fdm bezpe\u010dnostn\u00fdm v\u00fdkonom. <strong data-start=\"1064\" data-end=\"1101\">RYINZ Celo\u010dierne rukavice na motorku<\/strong> s\u00fa ide\u00e1lne pre t\u00fdch, ktor\u00ed ocenia \u0161t\u00fdlov\u00e9 a decentn\u00e9 vybavenie. Tento model je navrhnut\u00fd tak, aby uspokojil rast\u00faci dopyt po minimalistick\u00fdch ochrann\u00fdch rukaviciach vo ve\u013ekoobchode aj maloobchode, m\u00e1 certifik\u00e1t CE, je odoln\u00fd vo\u010di n\u00e1razom a je vyroben\u00fd s oh\u013eadom na pohodlie.<\/p>\n<p data-start=\"1365\" data-end=\"1532\">\u010ci u\u017e ste maloobchodn\u00fd predajca, ktor\u00fd uspokojuje potreby \u013eud\u00ed doch\u00e1dzaj\u00facich do pr\u00e1ce v meste, alebo ve\u013ekoobchodn\u00edk, ktor\u00fd z\u00e1sobuje eur\u00f3pskych distrib\u00fatorov, t\u00e1to rukavica je vizu\u00e1lne pr\u00ed\u0165a\u017eliv\u00e1 a z\u00e1rove\u0148 praktick\u00e1.<\/p>\n<p data-start=\"1534\" data-end=\"1872\"><strong data-start=\"1534\" data-end=\"1580\">Ku\u010derav\u00fd chrb\u00e1t pre flexibilitu a priedu\u0161nos\u0165<\/strong><br data-start=\"1580\" data-end=\"1583\" \/>Vonkaj\u0161ia vrstva rukav\u00edc je vyroben\u00e1 z <strong data-start=\"1632\" data-end=\"1654\">odoln\u00e1 keprov\u00e1 tkanina<\/strong>, vybran\u00fd pre svoju trvanlivos\u0165, pru\u017enos\u0165 a schopnos\u0165 vetra\u0165 pod tlakom. V\u010faka tomu s\u00fa rukavice vhodn\u00e9 na dlh\u00e9 jazdy alebo premenliv\u00e9 poveternostn\u00e9 podmienky, najm\u00e4 po\u010das jari, jesene alebo chladnej\u0161\u00edch letn\u00fdch dn\u00ed.<\/p>\n<p data-start=\"1874\" data-end=\"2197\"><strong data-start=\"1874\" data-end=\"1928\">Ko\u017een\u00e9 z\u00e1platy GoatSkin - strategick\u00e9 posilnenie<\/strong><br data-start=\"1928\" data-end=\"1931\" \/>Zv\u00fd\u0161enie odolnosti proti oderu a \u0161truktur\u00e1lnej podpory, <strong data-start=\"1982\" data-end=\"2010\">Ko\u017een\u00e9 n\u00e1\u0161ivky GoatSkin<\/strong> s\u00fa integrovan\u00e9 na zadnej strane prstov. Tieto oblasti s\u00fa rozhoduj\u00face pre ochranu pri p\u00e1doch a pohyboch s ve\u013ek\u00fdm tren\u00edm, \u010do zaru\u010duje dlh\u0161iu \u017eivotnos\u0165 v\u00fdrobku a vy\u0161\u0161iu d\u00f4veru pou\u017e\u00edvate\u013ea.<\/p>\n<p data-start=\"2199\" data-end=\"2561\"><strong data-start=\"2199\" data-end=\"2244\">Ochrana k\u013abov z TPU + gumov\u00fd pancier EVA<\/strong><br data-start=\"2244\" data-end=\"2247\" \/>Jazdci bud\u00fa m\u00f4c\u0165 vyu\u017e\u00edva\u0165 v\u00fdhody zabudovan\u00e9ho <strong data-start=\"2283\" data-end=\"2304\">Chr\u00e1ni\u010d k\u013abov z TPU<\/strong>, navrhnut\u00e9 tak, aby absorbovali priamy n\u00e1raz bez toho, aby zvy\u0161ovali objem. Okrem toho, <strong data-start=\"2373\" data-end=\"2402\">Gumov\u00e9 v\u00fdstuhy EVA<\/strong> na chrbte prstov a na man\u017eete zlep\u0161uj\u00fa celkov\u00e9 tlmenie n\u00e1razov, v\u010faka \u010domu s\u00fa rukavice vhodn\u00e9 na pou\u017eitie v rizikov\u00fdch prostrediach alebo po\u010das r\u00fdchlej jazdy.<\/p>\n<p data-start=\"2563\" data-end=\"2900\"><strong data-start=\"2563\" data-end=\"2608\">Dla\u0148 z kozej ko\u017ee s penov\u00fdm polstrovan\u00edm<\/strong><br data-start=\"2608\" data-end=\"2611\" \/>Dla\u0148 rukavice je vybaven\u00e1 <strong data-start=\"2642\" data-end=\"2671\">Ko\u017een\u00e9 prekrytia GoatSkin<\/strong> s vn\u00fatorn\u00fdm <strong data-start=\"2686\" data-end=\"2702\">penov\u00e9 polstrovanie<\/strong>, \u010do zni\u017euje vibr\u00e1cie a poskytuje bezpe\u010dn\u00e9 uchopenie po\u010das dlh\u0161ej jazdy. T\u00e1to dodato\u010dn\u00e1 podpora minimalizuje \u00fanavu jazdca a zlep\u0161uje hmatov\u00e9 ovl\u00e1danie, \u010di u\u017e sa pohybujete v mestskej prem\u00e1vke alebo na dia\u013eniciach.<\/p>\n<p data-start=\"2902\" data-end=\"3199\"><strong data-start=\"2902\" data-end=\"2951\">Pohodln\u00e9 prisp\u00f4sobenie z\u00e1p\u00e4stia - syst\u00e9m zap\u00ednania na such\u00fd zips<\/strong><br data-start=\"2951\" data-end=\"2954\" \/>Str\u00e1nka <strong data-start=\"2958\" data-end=\"2998\">Reli\u00e9fny p\u00e1sik na z\u00e1p\u00e4stie zo such\u00e9ho zipsu GoatSkin<\/strong> pon\u00faka nastavite\u013en\u00e9 a bezpe\u010dn\u00e9 uchytenie, ktor\u00e9 udr\u017e\u00ed rukavice na mieste aj po\u010das r\u00fdchleho pohybu. Roz\u0161\u00edren\u00e9 pokrytie z\u00e1p\u00e4stia poskytuje odolnos\u0165 proti vetru a ochranu bez toho, aby zasahovalo do ruk\u00e1vov bundy.<\/p>\n<p data-start=\"3201\" data-end=\"3492\"><strong data-start=\"3201\" data-end=\"3246\">Minim\u00e1lny dizajn s maxim\u00e1lnou funk\u010dnos\u0165ou<\/strong><br data-start=\"3246\" data-end=\"3249\" \/>Tieto rukavice s\u00fa navrhnut\u00e9 v \u010distej \u010diernej farebnej sch\u00e9me a s\u00fa ide\u00e1lne pre jazdcov, ktor\u00ed uprednost\u0148uj\u00fa n\u00edzkoprofilov\u00fd vzh\u013ead. Str\u00e1nka . <strong data-start=\"3364\" data-end=\"3389\">jemn\u00e1 zna\u010dka RYINZ<\/strong> umo\u017e\u0148uje, aby sa tieto rukavice hodili k akejko\u013evek v\u00fdbave vr\u00e1tane modern\u00fdch \u0161portov\u00fdch motocyklov aj klasick\u00fdch motoriek.<\/p>\n<p data-start=\"3494\" data-end=\"3718\"><strong data-start=\"3494\" data-end=\"3516\">Dostupn\u00e9 varianty<\/strong><br data-start=\"3516\" data-end=\"3519\" \/>Tento model je k dispoz\u00edcii aj v <strong data-start=\"3551\" data-end=\"3574\">\u010dierna s \u010derven\u00fdm lemovan\u00edm<\/strong> a <strong data-start=\"3579\" data-end=\"3605\">\u010dierna so \u017elt\u00fdm lemovan\u00edm<\/strong>, \u010do kupuj\u00facim umo\u017e\u0148uje skladova\u0165 viacero verzi\u00ed alebo pon\u00faka\u0165 v\u00e4\u010d\u0161iu rozmanitos\u0165 z\u00e1kazn\u00edkom, ktor\u00ed h\u013eadaj\u00fa r\u00f4zne vizu\u00e1lne akcenty.<\/p>\n<p data-start=\"3720\" data-end=\"3952\"><strong data-start=\"3720\" data-end=\"3768\">Certifik\u00e1t CE - schv\u00e1len\u00e9 pod\u013ea EN420 a EN13594:2015<\/strong><br data-start=\"3768\" data-end=\"3771\" \/>Tieto rukavice s\u00fa v s\u00falade s eur\u00f3pskymi bezpe\u010dnostn\u00fdmi normami. <strong data-start=\"3830\" data-end=\"3875\">CE certifik\u00e1t pod\u013ea EN420 a EN13594:2015<\/strong>, \u010d\u00edm sa zabezpe\u010d\u00ed ich z\u00e1konn\u00e9 schv\u00e1lenie na pou\u017e\u00edvanie na motocykloch na celom trhu E\u00da.<\/p>\n<p data-start=\"3954\" data-end=\"3976\"><strong data-start=\"3954\" data-end=\"3974\">Najlep\u0161ie sa hod\u00ed pre:<\/strong><\/p>\n<ul data-start=\"3977\" data-end=\"4266\">\n<li data-start=\"3977\" data-end=\"4013\">\n<p data-start=\"3979\" data-end=\"4013\">Mestsk\u00ed cestuj\u00faci do pr\u00e1ce a ka\u017edodenn\u00ed cestuj\u00faci<\/p>\n<\/li>\n<li data-start=\"4014\" data-end=\"4062\">\n<p data-start=\"4016\" data-end=\"4062\">Maloobchodn\u00e9 predajne pon\u00fakaj\u00face minimalistick\u00fd jazdeck\u00fd v\u00fdstroj<\/p>\n<\/li>\n<li data-start=\"4063\" data-end=\"4118\">\n<p data-start=\"4065\" data-end=\"4118\">Zna\u010dky motocyklov pon\u00fakaj\u00face pr\u00edslu\u0161enstvo s certifik\u00e1tom CE<\/p>\n<\/li>\n<li data-start=\"4119\" data-end=\"4157\">\n<p data-start=\"4121\" data-end=\"4157\">Jarn\u00e9 a jesenn\u00e9 kolekcie v\u00fdstroja<\/p>\n<\/li>\n<li data-start=\"4158\" data-end=\"4234\">\n<p data-start=\"4160\" data-end=\"4234\">Distrib\u00fatori a ve\u013ekoobchodn\u00edci h\u013eadaj\u00fa univerz\u00e1lne ochrann\u00e9 rukavice<\/p>\n<\/li>\n<li data-start=\"4235\" data-end=\"4266\">\n<p data-start=\"4237\" data-end=\"4266\">Projekty OEM alebo co-branding<\/p>\n<\/li>\n<\/ul>\n<p data-start=\"4268\" data-end=\"4303\"><strong data-start=\"4268\" data-end=\"4301\">Stru\u010dn\u00e9 vlastnosti produktu:<\/strong><\/p>\n<ul data-start=\"4304\" data-end=\"4677\">\n<li data-start=\"4304\" data-end=\"4333\">\n<p data-start=\"4306\" data-end=\"4333\">Odoln\u00e1 keprov\u00e1 tkanina vzadu<\/p>\n<\/li>\n<li data-start=\"4334\" data-end=\"4376\">\n<p data-start=\"4336\" data-end=\"4376\">Ko\u017een\u00e9 v\u00fdstuhy prstov GoatSkin<\/p>\n<\/li>\n<li data-start=\"4377\" data-end=\"4423\">\n<p data-start=\"4379\" data-end=\"4423\">Gumov\u00fd pancier EVA na prstoch a z\u00e1p\u00e4stnej man\u017eete<\/p>\n<\/li>\n<li data-start=\"4424\" data-end=\"4456\">\n<p data-start=\"4426\" data-end=\"4456\">Pl\u00e1\u0161\u0165 na ochranu k\u013abov z TPU<\/p>\n<\/li>\n<li data-start=\"4457\" data-end=\"4494\">\n<p data-start=\"4459\" data-end=\"4494\">Ko\u017een\u00e1 dla\u0148 GoatSkin s penov\u00fdm polstrovan\u00edm<\/p>\n<\/li>\n<li data-start=\"4495\" data-end=\"4528\">\n<p data-start=\"4497\" data-end=\"4528\">Nastavite\u013en\u00fd p\u00e1sik na z\u00e1p\u00e4stie so such\u00fdm zipsom<\/p>\n<\/li>\n<li data-start=\"4529\" data-end=\"4576\">\n<p data-start=\"4531\" data-end=\"4576\">Jemn\u00fd celo\u010dierny dizajn so svetlou zna\u010dkou<\/p>\n<\/li>\n<li data-start=\"4577\" data-end=\"4635\">\n<p data-start=\"4579\" data-end=\"4635\">K dispoz\u00edcii s\u00fa volite\u013en\u00e9 farebn\u00e9 varianty (\u010derven\u00e9 alebo \u017elt\u00e9 lemovanie)<\/p>\n<\/li>\n<li data-start=\"4636\" data-end=\"4677\">\n<p data-start=\"4638\" data-end=\"4677\">EN420 a EN13594:2015 Certifik\u00e1cia CE<\/p>\n<\/li>\n<\/ul>\n<p data-start=\"4679\" data-end=\"4910\">Str\u00e1nka <strong data-start=\"4683\" data-end=\"4720\">RYINZ Celo\u010dierne rukavice na motorku<\/strong> s\u00fa univerz\u00e1lnou a \u0161t\u00fdlovou vo\u013ebou pre t\u00fdch, ktor\u00ed chc\u00fa ochrann\u00fd v\u00fdstroj bez ok\u00e1zalosti. Nevyhnutn\u00fd model pre obchody, ktor\u00e9 chc\u00fa pril\u00e1ka\u0165 modern\u00fdch jazdcov a hromadn\u00fdch kupuj\u00facich v Eur\u00f3pe a mimo nej.<\/p>","protected":false},"excerpt":{"rendered":"<p>Celo\u010dierne motocyklov\u00e9 rukavice RYINZ s\u00fa univerz\u00e1lnym z\u00e1kladom pre jazdcov a dod\u00e1vate\u013eov v\u00fdstroja, ktor\u00ed h\u013eadaj\u00fa elegantn\u00e9, ochrann\u00e9 a certifikovan\u00e9 rie\u0161enie CE. Tieto rukavice s\u00fa vyroben\u00e9 z chrbta z keprovej tkaniny a vystu\u017een\u00e9 ko\u017eou GoatSkin, maj\u00fa gumov\u00fd pancier EVA a k\u013aby z TPU, polstrovan\u00fa dla\u0148 pre pohodlie na dlh\u00e9 vzdialenosti a embosovan\u00fd such\u00fd zips na z\u00e1p\u00e4st\u00ed pre prisp\u00f4sobenie. Ide\u00e1lne pre ve\u013ekoobchodn\u00fdch a maloobchodn\u00fdch odberate\u013eov zameran\u00fdch na bezpe\u010dnostn\u00fa v\u00fdbavu s minimalistick\u00fdm dizajnom. Certifikovan\u00e9 pod\u013ea noriem EN420 a EN13594:2015 na pou\u017eitie v celej E\u00da.<\/p>","protected":false},"featured_media":9291,"comment_status":"closed","ping_status":"closed","template":"","meta":[],"product_brand":[35],"product_cat":[1111,380,122,68],"product_tag":[373,374,375,376,377,378,379,381,382,383,384,385,386,387,388],"class_list":{"0":"post-9196","1":"product","2":"type-product","3":"status-publish","4":"has-post-thumbnail","6":"product_brand-ryinz","7":"product_cat-motorbike","8":"product_cat-motorbike-gloves","9":"product_cat-motorbike-racing-gloves","10":"product_cat-ryinz","11":"product_tag-breathable-protective-gloves-for-long-rides","12":"product_tag-bright-color-gloves-for-road-safety-and-visibility","13":"product_tag-ce-certified-gloves-for-eu-motorcycle-safety","14":"product_tag-en13594-motorcycle-gloves-with-tpu-armor","15":"product_tag-eva-rubber-reinforced-tactical-gloves","16":"product_tag-goatskin-leather-motorcycle-gloves-for-retailers","17":"product_tag-high-visibility-biker-gloves-with-safety-features","18":"product_tag-motorcycle-gloves-with-foam-padded-palm","19":"product_tag-premium-riding-gloves-for-distribution","20":"product_tag-protective-riding-gloves-for-street-and-off-road","21":"product_tag-tactical-motorcycle-gloves-for-wholesale","22":"product_tag-tpu-knuckle-protected-gloves-for-motorcyclists","23":"product_tag-twill-back-biker-gloves-with-leather-palm","24":"product_tag-velcro-closure-motorcycle-gloves-for-fit","25":"product_tag-wholesale-riding-gloves-for-european-suppliers","27":"first","28":"instock","29":"taxable","30":"shipping-taxable","31":"purchasable","32":"product-type-simple"},"_links":{"self":[{"href":"https:\/\/ryinz.cz\/velkoobchod\/sk\/wp-json\/wp\/v2\/product\/9196","targetHints":{"allow":["GET"]}}],"collection":[{"href":"https:\/\/ryinz.cz\/velkoobchod\/sk\/wp-json\/wp\/v2\/product"}],"about":[{"href":"https:\/\/ryinz.cz\/velkoobchod\/sk\/wp-json\/wp\/v2\/types\/product"}],"replies":[{"embeddable":true,"href":"https:\/\/ryinz.cz\/velkoobchod\/sk\/wp-json\/wp\/v2\/comments?post=9196"}],"wp:featuredmedia":[{"embeddable":true,"href":"https:\/\/ryinz.cz\/velkoobchod\/sk\/wp-json\/wp\/v2\/media\/9291"}],"wp:attachment":[{"href":"https:\/\/ryinz.cz\/velkoobchod\/sk\/wp-json\/wp\/v2\/media?parent=9196"}],"wp:term":[{"taxonomy":"product_brand","embeddable":true,"href":"https:\/\/ryinz.cz\/velkoobchod\/sk\/wp-json\/wp\/v2\/product_brand?post=9196"},{"taxonomy":"product_cat","embeddable":true,"href":"https:\/\/ryinz.cz\/velkoobchod\/sk\/wp-json\/wp\/v2\/product_cat?post=9196"},{"taxonomy":"product_tag","embeddable":true,"href":"https:\/\/ryinz.cz\/velkoobchod\/sk\/wp-json\/wp\/v2\/product_tag?post=9196"}],"curies":[{"name":"wp","href":"https:\/\/api.w.org\/{rel}","templated":true}]}}