{"id":9186,"date":"2025-06-22T15:32:02","date_gmt":"2025-06-22T15:32:02","guid":{"rendered":"https:\/\/ryinz.cz\/velkoobchod\/?post_type=product&#038;p=9186"},"modified":"2026-01-18T20:18:10","modified_gmt":"2026-01-18T20:18:10","slug":"ryinz-nepremokave-zimne-motocyklove-rukavice-pre-maloobchodny-velkoobchod-s-pancierom-na-klboch-a-plnym-pokrytim-rukavic","status":"publish","type":"product","link":"https:\/\/ryinz.cz\/velkoobchod\/sk\/product\/ryinz-waterproof-winter-motorcycle-gloves-for-retail-wholesale-with-knuckle-armor-and-full-gauntlet-coverage\/","title":{"rendered":"RYINZ Nepremokav\u00e9 zimn\u00e9 rukavice na motorku pre maloobchod a ve\u013ekoobchod s pancierom na k\u013aby a pln\u00fdm kryt\u00edm rukav\u00edc"},"content":{"rendered":"<p data-start=\"903\" data-end=\"1026\"><strong data-start=\"903\" data-end=\"1026\">RYINZ nepremokav\u00e9 zimn\u00e9 rukavice na motorku - zateplen\u00e9 rukavice s plnou rukavicou pre maloobchodn\u00edkov, distrib\u00fatorov a turistick\u00fdch jazdcov<\/strong><\/p>\n<p data-start=\"1028\" data-end=\"1408\">Ke\u010f pr\u00edde chladn\u00e9 po\u010dasie, jazdci potrebuj\u00fa v\u00fdstroj, ktor\u00e1 neohrozuje teplo, pri\u013enavos\u0165 ani ochranu. Na str\u00e1nke  je kukla. <strong data-start=\"1129\" data-end=\"1174\">RYINZ Vodotesn\u00e9 zimn\u00e9 rukavice na motorku<\/strong> s\u00fa navrhnut\u00e9 \u0161peci\u00e1lne na splnenie t\u00fdchto potrieb. Tieto rukavice s\u00fa nevyhnutnou s\u00fa\u010das\u0165ou ka\u017ed\u00e9ho sortimentu motocyklov\u00e9ho oble\u010denia pre predaj v zimnej sez\u00f3ne - \u010di u\u017e dod\u00e1vate maloobchodn\u00edkom, distrib\u00fatorom, alebo pon\u00fakate motocyklov\u00fd v\u00fdstroj pod vlastnou zna\u010dkou.<\/p>\n<p data-start=\"1410\" data-end=\"1830\"><strong data-start=\"1410\" data-end=\"1462\">Vytvoren\u00e9 pre extr\u00e9mne po\u010dasie - celoro\u010dn\u00e9 materi\u00e1ly<\/strong><br data-start=\"1462\" data-end=\"1465\" \/>Vyroben\u00e9 pomocou <strong data-start=\"1479\" data-end=\"1516\">odoln\u00e1 text\u00edlia odoln\u00e1 vo\u010di poveternostn\u00fdm vplyvom<\/strong>, tieto rukavice s\u00fa navrhnut\u00e9 tak, aby blokovali vietor a odpudzovali vodu po\u010das jazdy v mokrom a zasne\u017eenom po\u010das\u00ed. Pred\u013a\u017een\u00e1 <strong data-start=\"1615\" data-end=\"1638\">man\u017eety s celoprep\u00ednac\u00edmi ruk\u00e1vmi<\/strong> poskytuj\u00fa \u00fapln\u00e9 krytie za z\u00e1p\u00e4st\u00edm a vytv\u00e1raj\u00fa tesnenie, ktor\u00e9 zabra\u0148uje prenikaniu chladn\u00e9ho vzduchu a vlhkosti - s\u00fa tak vynikaj\u00facou vo\u013ebou na zimn\u00fa turistiku a doch\u00e1dzanie na dlh\u00e9 vzdialenosti.<\/p>\n<p data-start=\"1832\" data-end=\"2196\"><strong data-start=\"1832\" data-end=\"1886\">Zosilnen\u00e1 dla\u0148 s kontrolou \u00fachopu a penov\u00fdm polstrovan\u00edm<\/strong><br data-start=\"1886\" data-end=\"1889\" \/>Dla\u0148 rukav\u00edc je vyroben\u00e1 z kombin\u00e1cie <strong data-start=\"1934\" data-end=\"1987\">Ko\u017ea GoatSkin a text\u00farovan\u00e9 v\u00fdstuhy rukov\u00e4te<\/strong>, \u010do zaru\u010duje odolnos\u0165 proti oderu a bezpe\u010dn\u00e9 ovl\u00e1danie riadidiel. Penov\u00e9 polstrovanie na n\u00e1razov\u00fdch z\u00f3nach zmier\u0148uje vibr\u00e1cie a zni\u017euje n\u00e1mahu, \u010do je ide\u00e1lne pre jazdcov, ktor\u00ed \u010delia nerovn\u00e9mu ter\u00e9nu alebo tr\u00e1via hodiny na cest\u00e1ch.<\/p>\n<p data-start=\"2198\" data-end=\"2520\"><strong data-start=\"2198\" data-end=\"2238\">TPU pancier na k\u013aby pre maxim\u00e1lnu bezpe\u010dnos\u0165<\/strong><br data-start=\"2238\" data-end=\"2241\" \/>V oblastiach s vysokou z\u00e1\u0165a\u017eou s\u00fa rukavice vybaven\u00e9 <strong data-start=\"2292\" data-end=\"2318\">Chr\u00e1ni\u010de k\u013abov z TPU<\/strong>, vlo\u017een\u00e9 do ko\u017een\u00e9ho a textiln\u00e9ho pl\u00e1\u0161\u0165a, ktor\u00e9 poskytuj\u00fa \u0161truktur\u00e1lnu ochranu proti n\u00e1razom a \u00falomkom. Hladk\u00e9 kont\u00fary umo\u017e\u0148uj\u00fa prirodzen\u00e9 oh\u00fdbanie r\u00fak, v\u010faka \u010domu s\u00fa rukavice bezpe\u010dn\u00e9 a flexibiln\u00e9.<\/p>\n<p data-start=\"2522\" data-end=\"2889\"><strong data-start=\"2522\" data-end=\"2571\">Nastavite\u013en\u00fd fit - dvojit\u00fd syst\u00e9m ochrany z\u00e1p\u00e4stia<\/strong><br data-start=\"2571\" data-end=\"2574\" \/>Tieto rukavice s\u00fa navrhnut\u00e9 pre pohodlie a prisp\u00f4sobite\u013enos\u0165 a obsahuj\u00fa <strong data-start=\"2639\" data-end=\"2661\">P\u00e1sik na z\u00e1p\u00e4stie so such\u00fdm zipsom<\/strong> pre tesn\u00e9 vn\u00fatorn\u00e9 ulo\u017eenie, ako aj <strong data-start=\"2701\" data-end=\"2742\">vonkaj\u0161ie elastick\u00e9 s\u0165ahovanie man\u017eety<\/strong> na \u010fal\u0161iu ochranu pred studen\u00fdm vetrom alebo presakuj\u00facou vodou. Tento dvojvrstvov\u00fd syst\u00e9m zap\u00ednania je ide\u00e1lny pre jazdcov, ktor\u00ed nosia \u0165a\u017ek\u00e9 bundy alebo vrstven\u00e9 ruk\u00e1vy.<\/p>\n<p data-start=\"2891\" data-end=\"3183\"><strong data-start=\"2891\" data-end=\"2929\">Celodenn\u00fd komfort a regul\u00e1cia vlhkosti<\/strong><br data-start=\"2929\" data-end=\"2932\" \/>S pod\u0161\u00edvkou <strong data-start=\"2943\" data-end=\"2966\">m\u00e4kk\u00e1 tepeln\u00e1 tkanina<\/strong>, tieto rukavice poskytuj\u00fa vynikaj\u00facu izol\u00e1ciu bez tvorby potu. Priedu\u0161n\u00fd materi\u00e1l udr\u017eiava teplo a z\u00e1rove\u0148 umo\u017e\u0148uje \u00fanik vn\u00fatornej vlhkosti, v\u010faka \u010domu s\u00fa ruky po\u010das dlh\u00fdch ciest such\u00e9 a pohodln\u00e9.<\/p>\n<p data-start=\"3185\" data-end=\"3411\"><strong data-start=\"3185\" data-end=\"3213\">Reflexn\u00e9 potrubie Hi-Vis<\/strong><br data-start=\"3213\" data-end=\"3216\" \/>Jemn\u00fd, ale funk\u010dn\u00fd integrovan\u00fd <strong data-start=\"3254\" data-end=\"3275\">reflexn\u00e9 potrubie<\/strong> na zadnej strane zlep\u0161uje vidite\u013enos\u0165 po\u010das no\u010dnej jazdy alebo jazdy v hmle, \u010d\u00edm zvy\u0161uje bezpe\u010dnos\u0165 bez toho, aby bol naru\u0161en\u00fd elegantn\u00fd, celo\u010dierny dizajn.<\/p>\n<p data-start=\"3413\" data-end=\"3435\"><strong data-start=\"3413\" data-end=\"3433\">Ide\u00e1lne pr\u00edpady pou\u017eitia:<\/strong><\/p>\n<ul data-start=\"3436\" data-end=\"3663\">\n<li data-start=\"3436\" data-end=\"3470\">\n<p data-start=\"3438\" data-end=\"3470\">Jazda v zime a v chladnom po\u010das\u00ed<\/p>\n<\/li>\n<li data-start=\"3471\" data-end=\"3509\">\n<p data-start=\"3473\" data-end=\"3509\">Dobrodru\u017en\u00e1 jazda na motocykli a turistika<\/p>\n<\/li>\n<li data-start=\"3510\" data-end=\"3537\">\n<p data-start=\"3512\" data-end=\"3537\">Doj\u00ed\u017e\u010fanie na dlh\u00e9 vzdialenosti<\/p>\n<\/li>\n<li data-start=\"3538\" data-end=\"3570\">\n<p data-start=\"3540\" data-end=\"3570\">Profesion\u00e1lni doru\u010dovatelia<\/p>\n<\/li>\n<li data-start=\"3571\" data-end=\"3609\">\n<p data-start=\"3573\" data-end=\"3609\">Eur\u00f3pski maloobchodn\u00edci s motocyklov\u00fdm v\u00fdstrojom<\/p>\n<\/li>\n<li data-start=\"3610\" data-end=\"3663\">\n<p data-start=\"3612\" data-end=\"3663\">Ve\u013ekoobchodn\u00e9 a s\u00fakromn\u00e9 programy zimn\u00fdch rukav\u00edc<\/p>\n<\/li>\n<\/ul>\n<p data-start=\"3665\" data-end=\"3691\"><strong data-start=\"3665\" data-end=\"3689\">\u010eal\u0161ie funkcie:<\/strong><\/p>\n<ul data-start=\"3692\" data-end=\"4147\">\n<li data-start=\"3692\" data-end=\"3745\">\n<p data-start=\"3694\" data-end=\"3745\">Dizajn s pred\u013a\u017een\u00fdm \u0161t\u00edtom proti poveternostn\u00fdm vplyvom<\/p>\n<\/li>\n<li data-start=\"3746\" data-end=\"3785\">\n<p data-start=\"3748\" data-end=\"3785\">Vodotesn\u00e1 kon\u0161trukcia vonkaj\u0161ieho pl\u00e1\u0161\u0165a<\/p>\n<\/li>\n<li data-start=\"3786\" data-end=\"3818\">\n<p data-start=\"3788\" data-end=\"3818\">Ochrann\u00fd kryt k\u013abov z TPU<\/p>\n<\/li>\n<li data-start=\"3819\" data-end=\"3873\">\n<p data-start=\"3821\" data-end=\"3873\">Dla\u0148 s ko\u017eou GoatSkin a text\u00farovan\u00fdmi \u00fachopov\u00fdmi plochami<\/p>\n<\/li>\n<li data-start=\"3874\" data-end=\"3906\">\n<p data-start=\"3876\" data-end=\"3906\">Priedu\u0161n\u00e1 izola\u010dn\u00e1 pod\u0161\u00edvka<\/p>\n<\/li>\n<li data-start=\"3907\" data-end=\"3953\">\n<p data-start=\"3909\" data-end=\"3953\">Syst\u00e9m zap\u00ednania na such\u00fd zips a \u0161n\u00farku<\/p>\n<\/li>\n<li data-start=\"3954\" data-end=\"4001\">\n<p data-start=\"3956\" data-end=\"4001\">Reflexn\u00e9 akcenty pre vidite\u013enos\u0165 pri slabom osvetlen\u00ed<\/p>\n<\/li>\n<li data-start=\"4002\" data-end=\"4051\">\n<p data-start=\"4004\" data-end=\"4051\">Zosilnen\u00e9 \u0161itie pre dlhodob\u00fa odolnos\u0165<\/p>\n<\/li>\n<li data-start=\"4052\" data-end=\"4100\">\n<p data-start=\"4054\" data-end=\"4100\">K dispoz\u00edcii v r\u00f4znych ve\u013ekostiach pre mu\u017eov a \u017eeny<\/p>\n<\/li>\n<li data-start=\"4101\" data-end=\"4147\">\n<p data-start=\"4103\" data-end=\"4147\">V s\u00falade s normou CE a vyroben\u00e9 pre eur\u00f3pske trhy<\/p>\n<\/li>\n<\/ul>\n<p data-start=\"4149\" data-end=\"4375\">\u010ci u\u017e jazd\u00edte v da\u017edi, snehu alebo \u013eadovom vetre. <strong data-start=\"4209\" data-end=\"4254\">RYINZ Vodotesn\u00e9 zimn\u00e9 rukavice na motorku<\/strong> pon\u00fakaj\u00fa bezkonkuren\u010dn\u00fa izol\u00e1ciu, bezpe\u010dnos\u0165 a robustn\u00fd \u0161t\u00fdl, tak\u017ee s\u00fa nevyhnutn\u00fdm produktom pre va\u0161u \u010fal\u0161iu sez\u00f3nnu invent\u00faru.<\/p>","protected":false},"excerpt":{"rendered":"<p data-start=\"258\" data-end=\"852\">Zosta\u0148te chr\u00e1nen\u00ed a v teple v extr\u00e9mnych jazdn\u00fdch podmienkach s nepremokav\u00fdmi zimn\u00fdmi rukavicami na motorku RYINZ. Tieto celoprst\u00e9 rukavice, navrhnut\u00e9 pre v\u00fdkon a pohodlie, s\u00fa vybaven\u00e9 vonkaj\u0161\u00edm materi\u00e1lom odoln\u00fdm vo\u010di poveternostn\u00fdm vplyvom, pancierom na k\u013aboch z TPU, penou vystu\u017eenou v\u00fdpl\u0148ou dlane a nastavite\u013en\u00fdm z\u00e1p\u00e4st\u00edm a s\u0165ahovac\u00edmi \u0161n\u00farkami pre bezpe\u010dn\u00e9 a vetruvzdorn\u00e9 uchytenie. Tieto rukavice s\u00fa ide\u00e1lne pre zimn\u00fdch jazdcov, jazdcov doch\u00e1dzaj\u00facich na dlh\u00e9 vzdialenosti a predajne s v\u00fdstrojom pre dobrodru\u017en\u00fa turistiku a pon\u00fakaj\u00fa maxim\u00e1lnu izol\u00e1ciu, pri\u013enavos\u0165 a bezpe\u010dnos\u0165 - dokonale sa hodia na ve\u013ekoobchodn\u00e9 dod\u00e1vky aj maloobchodn\u00fa distrib\u00faciu v celej Eur\u00f3pe.<\/p>","protected":false},"featured_media":9290,"comment_status":"closed","ping_status":"closed","template":"","meta":[],"product_brand":[35],"product_cat":[1111,380,122,68],"product_tag":[373,374,375,376,377,378,379,381,382,383,384,385,386,387,388],"class_list":{"0":"post-9186","1":"product","2":"type-product","3":"status-publish","4":"has-post-thumbnail","6":"product_brand-ryinz","7":"product_cat-motorbike","8":"product_cat-motorbike-gloves","9":"product_cat-motorbike-racing-gloves","10":"product_cat-ryinz","11":"product_tag-breathable-protective-gloves-for-long-rides","12":"product_tag-bright-color-gloves-for-road-safety-and-visibility","13":"product_tag-ce-certified-gloves-for-eu-motorcycle-safety","14":"product_tag-en13594-motorcycle-gloves-with-tpu-armor","15":"product_tag-eva-rubber-reinforced-tactical-gloves","16":"product_tag-goatskin-leather-motorcycle-gloves-for-retailers","17":"product_tag-high-visibility-biker-gloves-with-safety-features","18":"product_tag-motorcycle-gloves-with-foam-padded-palm","19":"product_tag-premium-riding-gloves-for-distribution","20":"product_tag-protective-riding-gloves-for-street-and-off-road","21":"product_tag-tactical-motorcycle-gloves-for-wholesale","22":"product_tag-tpu-knuckle-protected-gloves-for-motorcyclists","23":"product_tag-twill-back-biker-gloves-with-leather-palm","24":"product_tag-velcro-closure-motorcycle-gloves-for-fit","25":"product_tag-wholesale-riding-gloves-for-european-suppliers","27":"first","28":"instock","29":"taxable","30":"shipping-taxable","31":"purchasable","32":"product-type-simple"},"_links":{"self":[{"href":"https:\/\/ryinz.cz\/velkoobchod\/sk\/wp-json\/wp\/v2\/product\/9186","targetHints":{"allow":["GET"]}}],"collection":[{"href":"https:\/\/ryinz.cz\/velkoobchod\/sk\/wp-json\/wp\/v2\/product"}],"about":[{"href":"https:\/\/ryinz.cz\/velkoobchod\/sk\/wp-json\/wp\/v2\/types\/product"}],"replies":[{"embeddable":true,"href":"https:\/\/ryinz.cz\/velkoobchod\/sk\/wp-json\/wp\/v2\/comments?post=9186"}],"wp:featuredmedia":[{"embeddable":true,"href":"https:\/\/ryinz.cz\/velkoobchod\/sk\/wp-json\/wp\/v2\/media\/9290"}],"wp:attachment":[{"href":"https:\/\/ryinz.cz\/velkoobchod\/sk\/wp-json\/wp\/v2\/media?parent=9186"}],"wp:term":[{"taxonomy":"product_brand","embeddable":true,"href":"https:\/\/ryinz.cz\/velkoobchod\/sk\/wp-json\/wp\/v2\/product_brand?post=9186"},{"taxonomy":"product_cat","embeddable":true,"href":"https:\/\/ryinz.cz\/velkoobchod\/sk\/wp-json\/wp\/v2\/product_cat?post=9186"},{"taxonomy":"product_tag","embeddable":true,"href":"https:\/\/ryinz.cz\/velkoobchod\/sk\/wp-json\/wp\/v2\/product_tag?post=9186"}],"curies":[{"name":"wp","href":"https:\/\/api.w.org\/{rel}","templated":true}]}}