{"id":9185,"date":"2025-06-22T15:32:01","date_gmt":"2025-06-22T15:32:01","guid":{"rendered":"https:\/\/ryinz.cz\/velkoobchod\/?post_type=product&#038;p=9185"},"modified":"2026-01-18T20:18:08","modified_gmt":"2026-01-18T20:18:08","slug":"ryinz-maloobchodny-velkoobchod-lahkych-jazdeckych-rukavic-s-dotykovym-displejom-a-tpu-eva-bezpecnostnou-ochranou","status":"publish","type":"product","link":"https:\/\/ryinz.cz\/velkoobchod\/sk\/product\/ryinz-retail-wholesale-lightweight-riding-gloves-with-touchscreen-fingertip-and-tpu-eva-safety-protection\/","title":{"rendered":"RYINZ Maloobchodn\u00e9 a ve\u013ekoobchodn\u00e9 \u013eahk\u00e9 jazdeck\u00e9 rukavice s dotykov\u00fdm displejom a bezpe\u010dnostnou ochranou TPU + EVA"},"content":{"rendered":"<p data-start=\"892\" data-end=\"1001\"><strong data-start=\"892\" data-end=\"1001\">RYINZ \u013dahk\u00e9 motocyklov\u00e9 rukavice s dotykov\u00fdm displejom - pre ve\u013ekoobchod, maloobchod a jazdcov digit\u00e1lneho veku<\/strong><\/p>\n<p data-start=\"1003\" data-end=\"1377\">Motocyklov\u00e9 rukavice sa vyv\u00edjali - a <strong data-start=\"1044\" data-end=\"1079\">RYINZ \u013dahk\u00e9 jazdeck\u00e9 rukavice<\/strong> s\u00fa dokonal\u00fdm odrazom tohto v\u00fdvoja. Tieto rukavice, navrhnut\u00e9 pre modern\u00fdch motocyklistov, uprednost\u0148uj\u00fa pohodlie, ovl\u00e1danie, digit\u00e1lnu u\u017eito\u010dnos\u0165 a bezpe\u010dnos\u0165, pri\u010dom zost\u00e1vaj\u00fa \u013eahk\u00e9 a priedu\u0161n\u00e9. \u010ci u\u017e ste maloobchodn\u00edk, distrib\u00fator alebo online predajca, toto je ide\u00e1lny produkt do va\u0161ich z\u00e1sob.<\/p>\n<p data-start=\"1379\" data-end=\"1678\"><strong data-start=\"1379\" data-end=\"1444\">Zjednodu\u0161en\u00e1 kon\u0161trukcia - pru\u017en\u00fd a priedu\u0161n\u00fd keprov\u00fd chrb\u00e1t<\/strong><br data-start=\"1444\" data-end=\"1447\" \/>Tieto rukavice maj\u00fa <strong data-start=\"1470\" data-end=\"1491\">chrb\u00e1t z keprovej tkaniny<\/strong> ktor\u00e9 je \u013eahk\u00e9, priedu\u0161n\u00e9 a elastick\u00e9. Zabezpe\u010duje vo\u013enos\u0165 pohybu a spr\u00e1vne pr\u00fadenie vzduchu pre jazdcov, ktor\u00ed tr\u00e1via dlh\u00e9 hodiny na cest\u00e1ch alebo pou\u017e\u00edvaj\u00fa rukavice v teplom po\u010das\u00ed.<\/p>\n<p data-start=\"1680\" data-end=\"1840\">\u017diariv\u00e9 \u010derven\u00e9 logo a farebn\u00e9 lemovanie dod\u00e1va odv\u00e1\u017eny, \u0161portov\u00fd vzh\u013ead bez zbyto\u010dnej ok\u00e1zalosti, \u010do je ide\u00e1lne pre pr\u00edle\u017eitostn\u00fdch aj poloprofesion\u00e1lnych jazdcov.<\/p>\n<p data-start=\"1842\" data-end=\"2206\"><strong data-start=\"1842\" data-end=\"1901\">Bezpe\u010dnostn\u00e9 tienenie z TPU a EVA - integrovan\u00e9, ale \u013eahk\u00e9<\/strong><br data-start=\"1901\" data-end=\"1904\" \/>Bezpe\u010dnos\u0165 nebola ohrozen\u00e1. <strong data-start=\"1937\" data-end=\"1963\">Ochrana k\u013abov z TPU<\/strong> je vlo\u017een\u00e1 pod keprov\u00fdm chrbtom, \u010do zabezpe\u010duje tlmenie n\u00e1razov pri n\u00e1hodn\u00fdch p\u00e1doch alebo prudk\u00fdch pohyboch. <strong data-start=\"2071\" data-end=\"2090\">Gumov\u00e9 podlo\u017eky EVA<\/strong> \u010fal\u0161ie spevnenie rukav\u00edc cez prsty a man\u017eetu na z\u00e1p\u00e4st\u00ed pre lep\u0161iu ochranu pred odreninami a odreninami.<\/p>\n<p data-start=\"2208\" data-end=\"2337\">Tieto prvky s\u00fa jemne navrhnut\u00e9 tak, aby zachovali \u013eahkos\u0165 rukavice a z\u00e1rove\u0148 poskytovali vysokokvalitn\u00fa obranu tam, kde je to d\u00f4le\u017eit\u00e9.<\/p>\n<p data-start=\"2339\" data-end=\"2766\"><strong data-start=\"2339\" data-end=\"2406\">Dokonalos\u0165 dlane - v\u00fdstu\u017e z kozej ko\u017ee + penov\u00e1 v\u00fdpl\u0148<\/strong><br data-start=\"2406\" data-end=\"2409\" \/>Dla\u0148 je kritickou oblas\u0165ou z h\u013eadiska pri\u013enavosti a opotrebovania a spolo\u010dnos\u0165 RYINZ ju rie\u0161i pomocou <strong data-start=\"2486\" data-end=\"2520\">V\u00fdstu\u017e z ko\u017ee GoatSkin<\/strong> vo vysoko nam\u00e1han\u00fdch kontaktn\u00fdch z\u00f3nach. Okrem toho, <strong data-start=\"2564\" data-end=\"2580\">penov\u00e9 polstrovanie<\/strong> zmier\u0148uje vibr\u00e1cie a zlep\u0161uje kontrolu nad uchopen\u00edm. Toto ergonomick\u00e9 usporiadanie pon\u00faka pohodln\u00fd proti\u0161mykov\u00fd z\u00e1\u017eitok ide\u00e1lny pre jazdu v meste, na e-kolobe\u017ek\u00e1ch, pre vodi\u010dov dod\u00e1vok a horsk\u00fdch cyklistov.<\/p>\n<p data-start=\"2768\" data-end=\"3041\"><strong data-start=\"2768\" data-end=\"2820\">Kompatibiln\u00fd s dotykovou obrazovkou pre pohodln\u00e9 pou\u017e\u00edvanie<\/strong><br data-start=\"2820\" data-end=\"2823\" \/>K\u013e\u00fa\u010dov\u00fd prvok pre modern\u00e9ho jazdca: <strong data-start=\"2863\" data-end=\"2901\">ukazov\u00e1k citliv\u00fd na dotyk<\/strong> umo\u017e\u0148uje bezprobl\u00e9mov\u00e9 pou\u017e\u00edvanie smartf\u00f3nov a zariaden\u00ed GPS bez nutnosti odstr\u00e1nenia rukavice. V\u010faka tomu tento v\u00fdrobok vynik\u00e1 na trhu s digit\u00e1lnou v\u00fdbavou.<\/p>\n<p data-start=\"3043\" data-end=\"3311\"><strong data-start=\"3043\" data-end=\"3091\">Nastavite\u013en\u00fd remienok na z\u00e1p\u00e4stie so such\u00fdm zipsom pre bezpe\u010dn\u00e9 uchytenie<\/strong><br data-start=\"3091\" data-end=\"3094\" \/>Rukavice sa dod\u00e1vaj\u00fa s <strong data-start=\"3117\" data-end=\"3133\">Popruh na such\u00fd zips<\/strong> na individu\u00e1lne nastavenie z\u00e1p\u00e4stia, v\u010faka \u010domu zostan\u00fa bezpe\u010dne na svojom mieste aj po\u010das intenz\u00edvnej jazdy alebo r\u00fdchlych zast\u00e1vok. Kon\u0161trukcia tie\u017e pom\u00e1ha chr\u00e1ni\u0165 pred prachom, vetrom a \u013eahkou vlhkos\u0165ou.<\/p>\n<p data-start=\"3313\" data-end=\"3651\"><strong data-start=\"3313\" data-end=\"3361\">Varianty farieb a zna\u010diek pre \u0161ir\u0161\u00ed z\u00e1ujem<\/strong><br data-start=\"3361\" data-end=\"3364\" \/>K dispoz\u00edcii v n\u00e1padn\u00fdch farb\u00e1ch <strong data-start=\"3386\" data-end=\"3399\">\u010dierna\/\u010derven\u00e1<\/strong>, <strong data-start=\"3401\" data-end=\"3417\">\u010dierna\/\u017elt\u00e1<\/strong>, a <strong data-start=\"3423\" data-end=\"3437\">\u010dierna\/siv\u00e1<\/strong>, tieto rukavice umo\u017enia va\u0161im kupuj\u00facim vybra\u0165 si dokonal\u00fa kombin\u00e1ciu s ich \u0161t\u00fdlom. Spolo\u010dn\u00e1 zna\u010dka s oboma <strong data-start=\"3536\" data-end=\"3545\">RYINZ<\/strong> a <strong data-start=\"3550\" data-end=\"3560\">Jar<\/strong> etikety, tento model je pripraven\u00fd pre maloobchodn\u00edkov viacer\u00fdch zna\u010diek aj pre exkluz\u00edvnych B2B distrib\u00fatorov.<\/p>\n<p data-start=\"3653\" data-end=\"3927\"><strong data-start=\"3653\" data-end=\"3705\">Certifik\u00e1t na v\u00fdkon - EN420 a EN13594:2015<\/strong><br data-start=\"3705\" data-end=\"3708\" \/>V\u0161etky rukavice RYINZ s\u00fa testovan\u00e9 na <strong data-start=\"3739\" data-end=\"3769\">Certifika\u010dn\u00e9 normy CE<\/strong>, a tento model nie je v\u00fdnimkou. V s\u00falade s <strong data-start=\"3818\" data-end=\"3844\">EN420 a EN13594:2015<\/strong>, poskytuje z\u00e1konn\u00e9 bezpe\u010dnostn\u00e9 schv\u00e1lenie na predaj a pou\u017e\u00edvanie v celej Eur\u00f3pskej \u00fanii.<\/p>\n<p data-start=\"3929\" data-end=\"3958\"><strong data-start=\"3929\" data-end=\"3956\">Ide\u00e1lne trhy a kupuj\u00faci:<\/strong><\/p>\n<ul data-start=\"3959\" data-end=\"4226\">\n<li data-start=\"3959\" data-end=\"3991\">\n<p data-start=\"3961\" data-end=\"3991\">B2B distrib\u00fatori bezpe\u010dnostn\u00e9ho vybavenia<\/p>\n<\/li>\n<li data-start=\"3992\" data-end=\"4027\">\n<p data-start=\"3994\" data-end=\"4027\">Obchody so \u0161portov\u00fdm oble\u010den\u00edm a motocyklami<\/p>\n<\/li>\n<li data-start=\"4028\" data-end=\"4085\">\n<p data-start=\"4030\" data-end=\"4085\">Internetov\u00ed predajcovia h\u013eadaj\u00fa funk\u010dn\u00e9 jazdeck\u00e9 rukavice<\/p>\n<\/li>\n<li data-start=\"4086\" data-end=\"4138\">\n<p data-start=\"4088\" data-end=\"4138\">Vybavenie pre e-sk\u00fatre, e-bicykle a jazdcov na dod\u00e1vkach<\/p>\n<\/li>\n<li data-start=\"4139\" data-end=\"4181\">\n<p data-start=\"4141\" data-end=\"4181\">Projekty OEM a zna\u010dkov\u00e9 produktov\u00e9 rady<\/p>\n<\/li>\n<li data-start=\"4182\" data-end=\"4226\">\n<p data-start=\"4184\" data-end=\"4226\">Kolekcie letnej v\u00fdbavy pre mestsk\u00fdch jazdcov<\/p>\n<\/li>\n<\/ul>\n<p data-start=\"4228\" data-end=\"4259\"><strong data-start=\"4228\" data-end=\"4257\">Preh\u013ead hlavn\u00fdch funkci\u00ed:<\/strong><\/p>\n<ul data-start=\"4260\" data-end=\"4683\">\n<li data-start=\"4260\" data-end=\"4302\">\n<p data-start=\"4262\" data-end=\"4302\">\u013dahk\u00fd keprov\u00fd chrb\u00e1t pre vetranie<\/p>\n<\/li>\n<li data-start=\"4303\" data-end=\"4346\">\n<p data-start=\"4305\" data-end=\"4346\">Chr\u00e1ni\u010de k\u013abov z TPU na ochranu proti n\u00e1razom<\/p>\n<\/li>\n<li data-start=\"4347\" data-end=\"4389\">\n<p data-start=\"4349\" data-end=\"4389\">Gumov\u00e9 polstrovanie EVA na prstoch a man\u017eete<\/p>\n<\/li>\n<li data-start=\"4390\" data-end=\"4441\">\n<p data-start=\"4392\" data-end=\"4441\">Zosilnen\u00e1 dla\u0148 z ko\u017ee GoatSkin pre v\u00e4\u010d\u0161iu odolnos\u0165<\/p>\n<\/li>\n<li data-start=\"4442\" data-end=\"4488\">\n<p data-start=\"4444\" data-end=\"4488\">Z\u00f3ny s penov\u00fdm polstrovan\u00edm na tlmenie vibr\u00e1ci\u00ed<\/p>\n<\/li>\n<li data-start=\"4489\" data-end=\"4539\">\n<p data-start=\"4491\" data-end=\"4539\">Dotykov\u00fd displej na digit\u00e1lne pou\u017eitie<\/p>\n<\/li>\n<li data-start=\"4540\" data-end=\"4571\">\n<p data-start=\"4542\" data-end=\"4571\">Bezpe\u010dn\u00e9 zap\u00ednanie na such\u00fd zips<\/p>\n<\/li>\n<li data-start=\"4572\" data-end=\"4602\">\n<p data-start=\"4574\" data-end=\"4602\">Spolo\u010dn\u00e1 zna\u010dka: RYINZ x Spring<\/p>\n<\/li>\n<li data-start=\"4603\" data-end=\"4642\">\n<p data-start=\"4605\" data-end=\"4642\">K dispoz\u00edcii vo viacer\u00fdch farebn\u00fdch variantoch<\/p>\n<\/li>\n<li data-start=\"4643\" data-end=\"4683\">\n<p data-start=\"4645\" data-end=\"4683\">Certifikovan\u00e9 pod\u013ea EN420 a EN13594:2015<\/p>\n<\/li>\n<\/ul>\n<p data-start=\"4685\" data-end=\"4942\">S t\u00fdmito rukavicami pon\u00fakate svojim z\u00e1kazn\u00edkom nielen ochranu, ale aj praktick\u00fd v\u00fdkon. Str\u00e1nka . <strong data-start=\"4788\" data-end=\"4823\">RYINZ \u013dahk\u00e9 jazdeck\u00e9 rukavice<\/strong> s\u00fa ide\u00e1lne pre ka\u017edodenn\u00fdch jazdcov, ktor\u00ed chc\u00fa flexibiln\u00e9 rukavice s dotykovou obrazovkou a bezpe\u010dnostn\u00fdmi prvkami \u0165a\u017e\u0161\u00edch modelov.<\/p>","protected":false},"excerpt":{"rendered":"<p>Zlep\u0161ite svoje jazdeck\u00e9 z\u00e1\u017eitky s \u013eahk\u00fdmi motocyklov\u00fdmi rukavicami RYINZ, ktor\u00e9 s\u00fa navrhnut\u00e9 pre pohodlie, odolnos\u0165 a digit\u00e1lne pohodlie. Tieto rukavice, vyroben\u00e9 s keprov\u00fdm chrbtom a dla\u0148ou vystu\u017eenou ko\u017eou GoatSkin, pon\u00fakaj\u00fa spo\u013eahliv\u00fa pri\u013enavos\u0165, penov\u00e9 odpru\u017eenie a priedu\u0161n\u00e9 nosenie. Pl\u00e1\u0161\u0165 k\u013abov z TPU a ochrana z gumy EVA zais\u0165uj\u00fa odolnos\u0165 proti n\u00e1razom, zatia\u013e \u010do kon\u010dek prsta kompatibiln\u00fd s dotykovou obrazovkou dod\u00e1va modern\u00fdm jazdcom funk\u010dnos\u0165. Tento model je ide\u00e1lny na hromadn\u00e9 objedn\u00e1vky a maloobchodn\u00fd predaj, pon\u00faka pr\u00e9miov\u00fa ochranu bez v\u00e4\u010d\u0161ieho objemu - certifik\u00e1t CE pod\u013ea noriem EN420 a EN13594:2015.<\/p>","protected":false},"featured_media":9289,"comment_status":"closed","ping_status":"closed","template":"","meta":[],"product_brand":[35],"product_cat":[1111,380,122,68],"product_tag":[373,374,375,376,377,378,379,381,382,383,384,385,386,387,388],"class_list":{"0":"post-9185","1":"product","2":"type-product","3":"status-publish","4":"has-post-thumbnail","6":"product_brand-ryinz","7":"product_cat-motorbike","8":"product_cat-motorbike-gloves","9":"product_cat-motorbike-racing-gloves","10":"product_cat-ryinz","11":"product_tag-breathable-protective-gloves-for-long-rides","12":"product_tag-bright-color-gloves-for-road-safety-and-visibility","13":"product_tag-ce-certified-gloves-for-eu-motorcycle-safety","14":"product_tag-en13594-motorcycle-gloves-with-tpu-armor","15":"product_tag-eva-rubber-reinforced-tactical-gloves","16":"product_tag-goatskin-leather-motorcycle-gloves-for-retailers","17":"product_tag-high-visibility-biker-gloves-with-safety-features","18":"product_tag-motorcycle-gloves-with-foam-padded-palm","19":"product_tag-premium-riding-gloves-for-distribution","20":"product_tag-protective-riding-gloves-for-street-and-off-road","21":"product_tag-tactical-motorcycle-gloves-for-wholesale","22":"product_tag-tpu-knuckle-protected-gloves-for-motorcyclists","23":"product_tag-twill-back-biker-gloves-with-leather-palm","24":"product_tag-velcro-closure-motorcycle-gloves-for-fit","25":"product_tag-wholesale-riding-gloves-for-european-suppliers","27":"first","28":"instock","29":"taxable","30":"shipping-taxable","31":"purchasable","32":"product-type-simple"},"_links":{"self":[{"href":"https:\/\/ryinz.cz\/velkoobchod\/sk\/wp-json\/wp\/v2\/product\/9185","targetHints":{"allow":["GET"]}}],"collection":[{"href":"https:\/\/ryinz.cz\/velkoobchod\/sk\/wp-json\/wp\/v2\/product"}],"about":[{"href":"https:\/\/ryinz.cz\/velkoobchod\/sk\/wp-json\/wp\/v2\/types\/product"}],"replies":[{"embeddable":true,"href":"https:\/\/ryinz.cz\/velkoobchod\/sk\/wp-json\/wp\/v2\/comments?post=9185"}],"wp:featuredmedia":[{"embeddable":true,"href":"https:\/\/ryinz.cz\/velkoobchod\/sk\/wp-json\/wp\/v2\/media\/9289"}],"wp:attachment":[{"href":"https:\/\/ryinz.cz\/velkoobchod\/sk\/wp-json\/wp\/v2\/media?parent=9185"}],"wp:term":[{"taxonomy":"product_brand","embeddable":true,"href":"https:\/\/ryinz.cz\/velkoobchod\/sk\/wp-json\/wp\/v2\/product_brand?post=9185"},{"taxonomy":"product_cat","embeddable":true,"href":"https:\/\/ryinz.cz\/velkoobchod\/sk\/wp-json\/wp\/v2\/product_cat?post=9185"},{"taxonomy":"product_tag","embeddable":true,"href":"https:\/\/ryinz.cz\/velkoobchod\/sk\/wp-json\/wp\/v2\/product_tag?post=9185"}],"curies":[{"name":"wp","href":"https:\/\/api.w.org\/{rel}","templated":true}]}}