{"id":9184,"date":"2025-06-22T15:32:00","date_gmt":"2025-06-22T15:32:00","guid":{"rendered":"https:\/\/ryinz.cz\/velkoobchod\/?post_type=product&#038;p=9184"},"modified":"2026-01-18T20:18:07","modified_gmt":"2026-01-18T20:18:07","slug":"ryinz-velkoobchodny-maloobchod-bielych-kozenych-motocyklovych-rukavic-s-tpu-klbovym-pancierom-a-eva-ochranou-manzety","status":"publish","type":"product","link":"https:\/\/ryinz.cz\/velkoobchod\/sk\/product\/ryinz-wholesale-retail-white-leather-motorcycle-gloves-with-tpu-knuckle-armor-and-eva-cuff-protection\/","title":{"rendered":"RYINZ Ve\u013ekoobchod a maloobchod Biele ko\u017een\u00e9 rukavice na motorku s TPU pancierom na k\u013aby a ochranou man\u017eety EVA"},"content":{"rendered":"<p data-start=\"962\" data-end=\"1067\"><strong data-start=\"962\" data-end=\"1067\">RYINZ White GoatSkin Leather Motorcycle Gloves - vysokobezpe\u010dnostn\u00e9 rukavice pre B2B, maloobchodn\u00edkov a v\u00e1\u017enych jazdcov<\/strong><\/p>\n<p data-start=\"1069\" data-end=\"1372\">Str\u00e1nka <strong data-start=\"1073\" data-end=\"1114\">RYINZ Biele ko\u017een\u00e9 rukavice na motorku<\/strong> s\u00fa ur\u010den\u00e9 pre t\u00fdch, ktor\u00ed vy\u017eaduj\u00fa nielen ochranu, ale aj pr\u00edtomnos\u0165. V\u010faka v\u00fdrazn\u00fdm bielym detailom, \u0161pi\u010dkov\u00fdm materi\u00e1lom a robustn\u00fdm bezpe\u010dnostn\u00fdm prvkom s\u00fa tieto rukavice ide\u00e1lne pre maloobchody, predajcov v\u00fdstroja a ve\u013ekoobchodn\u00fdch distrib\u00fatorov v Eur\u00f3pe aj mimo nej.<\/p>\n<p data-start=\"1374\" data-end=\"1578\">Tieto rukavice s\u00fa vytvoren\u00e9 tak, aby sp\u013a\u0148ali dvojak\u00e9 po\u017eiadavky <strong data-start=\"1433\" data-end=\"1475\">vizu\u00e1lna pr\u00ed\u0165a\u017elivos\u0165 a certifikovan\u00e1 ochrana<\/strong>, tak\u017ee s\u00fa ide\u00e1lne pre profesion\u00e1lnych jazdcov, cyklistov na dlh\u00e9 vzdialenosti aj \u0161t\u00fdlov\u00fdch mestsk\u00fdch cestuj\u00facich.<\/p>\n<p data-start=\"1580\" data-end=\"1998\"><strong data-start=\"1580\" data-end=\"1653\">Odv\u00e1\u017ena kon\u0161trukcia - biely, \u010dierny a \u010derven\u00fd dizajn s keprom a kozou ko\u017eou<\/strong><br data-start=\"1653\" data-end=\"1656\" \/>Na zadnej strane rukav\u00edc je <strong data-start=\"1690\" data-end=\"1712\">pl\u00e1\u0161\u0165 z keprovej tkaniny<\/strong> ktor\u00fd zais\u0165uje \u013eahk\u00fd a priedu\u0161n\u00fd strih, vylep\u0161en\u00fd <strong data-start=\"1771\" data-end=\"1799\">Ko\u017een\u00e9 n\u00e1\u0161ivky GoatSkin<\/strong> pre odolnos\u0165 proti oderu a pru\u017enos\u0165. V\u00fdrazn\u00fd biely z\u00e1klad je zv\u00fdraznen\u00fd \u010diernymi panelmi a \u010derven\u00fdm pruhom, \u010do prin\u00e1\u0161a modern\u00fd vzh\u013ead in\u0161pirovan\u00fd motoristick\u00fdm \u0161portom, ktor\u00fd oslov\u00ed m\u00f3dnych motork\u00e1rov.<\/p>\n<p data-start=\"2000\" data-end=\"2306\"><strong data-start=\"2000\" data-end=\"2035\">Pokro\u010dil\u00e1 ochrana k\u013abov z TPU<\/strong><br data-start=\"2035\" data-end=\"2038\" \/>Na zabezpe\u010denie odolnosti proti n\u00e1razom s\u00fa rukavice vybaven\u00e9 robustn\u00fdmi <strong data-start=\"2097\" data-end=\"2123\">Chr\u00e1ni\u010de k\u013abov z TPU<\/strong> vlo\u017een\u00e9 pod ko\u017een\u00fdm pl\u00e1\u0161\u0165om. Tieto chr\u00e1ni\u010de zni\u017euj\u00fa riziko zranenia pri kol\u00edzii alebo n\u00e1hlom n\u00e1raze, pri\u010dom ich ergonomick\u00e9 zakrivenie zaru\u010duje, \u017ee sa prirodzene pohybuj\u00fa spolu s va\u0161ou rukou.<\/p>\n<p data-start=\"2308\" data-end=\"2611\"><strong data-start=\"2308\" data-end=\"2352\">Gumov\u00e9 \u0161t\u00edty EVA na prsty a man\u017eety<\/strong><br data-start=\"2352\" data-end=\"2355\" \/>\u010eal\u0161ie zv\u00fd\u0161enie bezpe\u010dnosti, <strong data-start=\"2382\" data-end=\"2411\">Gumov\u00e9 v\u00fdstuhy EVA<\/strong> na zadnej strane prstov a v oblasti man\u017eiet. Tieto z\u00f3ny s\u00fa kritick\u00e9 po\u010das neh\u00f4d a EVA poskytuje \u013eahk\u00fa, ale ve\u013emi \u00fa\u010dinn\u00fa ochrann\u00fa vrstvu, ktor\u00e1 absorbuje a rozpty\u013euje n\u00e1razy.<\/p>\n<p data-start=\"2613\" data-end=\"2981\"><strong data-start=\"2613\" data-end=\"2657\">Dla\u0148 z kozej ko\u017ee s polstrovan\u00fdmi v\u00fdstu\u017eami<\/strong><br data-start=\"2657\" data-end=\"2660\" \/>\u010cas\u0165 pre dlane obsahuje <strong data-start=\"2686\" data-end=\"2714\">pr\u00e9miov\u00e1 ko\u017ea GoatSkin<\/strong> pre maxim\u00e1lnu pri\u013enavos\u0165 a odolnos\u0165 proti opotrebovaniu. Vn\u00fatorn\u00e1 strana, <strong data-start=\"2769\" data-end=\"2785\">penov\u00e9 polstrovanie<\/strong> je strategicky umiestnen\u00e1 v z\u00f3nach s vysok\u00fdm tlakom, aby sa zlep\u0161ilo ovl\u00e1danie riadidiel a zn\u00ed\u017eili vibr\u00e1cie. Toto dodato\u010dn\u00e9 polstrovanie zvy\u0161uje pohodlie a v\u00fddr\u017e, najm\u00e4 po\u010das dlh\u00fdch ciest alebo jazdy v ter\u00e9ne.<\/p>\n<p data-start=\"2983\" data-end=\"3241\"><strong data-start=\"2983\" data-end=\"3025\">Prisp\u00f4soben\u00fd strih - reli\u00e9fne zap\u00ednanie na such\u00fd zips<\/strong><br data-start=\"3025\" data-end=\"3028\" \/>Tieto rukavice sa dod\u00e1vaj\u00fa s <strong data-start=\"3054\" data-end=\"3087\">nastavite\u013en\u00fd p\u00e1sik na z\u00e1p\u00e4stie so such\u00fdm zipsom<\/strong> ktor\u00e1 pon\u00faka prisp\u00f4sobenie ka\u017ed\u00e9mu jazdcovi. Pom\u00e1ha utes\u0148ova\u0165 prach, vietor a vodu a z\u00e1rove\u0148 zabezpe\u010duje, aby rukavice zostali bezpe\u010dn\u00e9 aj pri vysok\u00fdch r\u00fdchlostiach.<\/p>\n<p data-start=\"3243\" data-end=\"3516\"><strong data-start=\"3243\" data-end=\"3300\">Certifikovan\u00e9 na profesion\u00e1lne pou\u017eitie - EN420 a EN13594:2015<\/strong><br data-start=\"3300\" data-end=\"3303\" \/>Tieto rukavice s\u00fa <strong data-start=\"3320\" data-end=\"3336\">Certifik\u00e1t CE<\/strong> a stretn\u00fa\u0165 sa s <strong data-start=\"3346\" data-end=\"3372\">EN420 a EN13594:2015<\/strong> normy, v\u010faka \u010domu s\u00fa vhodn\u00e9 pre profesion\u00e1lnych motocyklistov, org\u00e1ny \u010dinn\u00e9 v trestnom konan\u00ed a rekrea\u010dn\u00fdch jazdcov v Eur\u00f3pe a na in\u00fdch regulovan\u00fdch trhoch.<\/p>\n<p data-start=\"3518\" data-end=\"3812\"><strong data-start=\"3518\" data-end=\"3554\">K dispoz\u00edcii s\u00fa viacer\u00e9 farebn\u00e9 mo\u017enosti<\/strong><br data-start=\"3554\" data-end=\"3557\" \/>Okrem bielo-\u010derveno-\u010diernej farby s\u00fa tieto rukavice k dispoz\u00edcii aj v <strong data-start=\"3633\" data-end=\"3664\">varianty v \u010diernej farbe a s op\u00e1len\u00edm<\/strong>, v\u010faka \u010domu s\u00fa vhodn\u00e9 pre \u0161ir\u0161\u00ed okruh z\u00e1kazn\u00edkov. Ide\u00e1lne pre B2B kupuj\u00facich, ktor\u00ed chc\u00fa svojim z\u00e1kazn\u00edkom pon\u00faknu\u0165 rozmanitos\u0165 dizajnu aj funkci\u00ed.<\/p>\n<p data-start=\"3814\" data-end=\"3851\"><strong data-start=\"3814\" data-end=\"3849\">Aplik\u00e1cie a cie\u013eov\u00ed kupuj\u00faci:<\/strong><\/p>\n<ul data-start=\"3852\" data-end=\"4071\">\n<li data-start=\"3852\" data-end=\"3877\">\n<p data-start=\"3854\" data-end=\"3877\">Obchody s motocyklov\u00fdm v\u00fdstrojom<\/p>\n<\/li>\n<li data-start=\"3878\" data-end=\"3914\">\n<p data-start=\"3880\" data-end=\"3914\">Maloobchodn\u00edci s vybaven\u00edm pre motorov\u00e9 \u0161porty<\/p>\n<\/li>\n<li data-start=\"3915\" data-end=\"3955\">\n<p data-start=\"3917\" data-end=\"3955\">Taktick\u00e9 a mestsk\u00e9 motork\u00e1rske kolekcie<\/p>\n<\/li>\n<li data-start=\"3956\" data-end=\"3999\">\n<p data-start=\"3958\" data-end=\"3999\">Zna\u010dky turistick\u00fdch a dobrodru\u017en\u00fdch motocyklov<\/p>\n<\/li>\n<li data-start=\"4000\" data-end=\"4034\">\n<p data-start=\"4002\" data-end=\"4034\">Predajcovia v\u00fdrobkov s certifik\u00e1tom CE<\/p>\n<\/li>\n<li data-start=\"4035\" data-end=\"4071\">\n<p data-start=\"4037\" data-end=\"4071\">S\u00fakromn\u00e9 zna\u010dky a rady zariaden\u00ed OEM<\/p>\n<\/li>\n<\/ul>\n<p data-start=\"4073\" data-end=\"4108\"><strong data-start=\"4073\" data-end=\"4106\">Stru\u010dn\u00e9 vlastnosti produktu:<\/strong><\/p>\n<ul data-start=\"4109\" data-end=\"4565\">\n<li data-start=\"4109\" data-end=\"4138\">\n<p data-start=\"4111\" data-end=\"4138\">Odoln\u00e1 keprov\u00e1 tkanina vzadu<\/p>\n<\/li>\n<li data-start=\"4139\" data-end=\"4200\">\n<p data-start=\"4141\" data-end=\"4200\">\u0160t\u00fdlov\u00fd bielo-\u010derveno-\u010dierny exteri\u00e9r s ochranou GoatSkin<\/p>\n<\/li>\n<li data-start=\"4201\" data-end=\"4255\">\n<p data-start=\"4203\" data-end=\"4255\">Integrovan\u00e9 brnenie k\u013abov z TPU na ochranu pred n\u00e1razmi<\/p>\n<\/li>\n<li data-start=\"4256\" data-end=\"4307\">\n<p data-start=\"4258\" data-end=\"4307\">Gumov\u00e9 tienenie EVA na prstoch a man\u017eet\u00e1ch z\u00e1p\u00e4stia<\/p>\n<\/li>\n<li data-start=\"4308\" data-end=\"4365\">\n<p data-start=\"4310\" data-end=\"4365\">Zosilnen\u00e1 dla\u0148 z ko\u017ee GoatSkin s penov\u00fdm polstrovan\u00edm<\/p>\n<\/li>\n<li data-start=\"4366\" data-end=\"4418\">\n<p data-start=\"4368\" data-end=\"4418\">Nastavite\u013en\u00fd p\u00e1sik na z\u00e1p\u00e4stie so such\u00fdm zipsom na prisp\u00f4sobenie<\/p>\n<\/li>\n<li data-start=\"4419\" data-end=\"4454\">\n<p data-start=\"4421\" data-end=\"4454\">\u0160t\u00fdlov\u00fd reli\u00e9fny ko\u017een\u00fd povrch<\/p>\n<\/li>\n<li data-start=\"4455\" data-end=\"4514\">\n<p data-start=\"4457\" data-end=\"4514\">Certifikovan\u00e9 pod\u013ea bezpe\u010dnostn\u00fdch noriem EN420 a EN13594:2015<\/p>\n<\/li>\n<li data-start=\"4515\" data-end=\"4565\">\n<p data-start=\"4517\" data-end=\"4565\">Vhodn\u00e9 pre eur\u00f3psky ve\u013ekoobchod a maloobchod B2C<\/p>\n<\/li>\n<\/ul>\n<p data-start=\"4567\" data-end=\"4875\">S <strong data-start=\"4576\" data-end=\"4617\">RYINZ Biele ko\u017een\u00e9 rukavice na motorku<\/strong>, pon\u00fakate nielen bezpe\u010dnos\u0165, ale aj odv\u00e1\u017ene vizu\u00e1lne vyjadrenie. \u010ci u\u017e budujete svoj sortiment rukav\u00edc ako ve\u013ekoobchodn\u00edk, alebo roz\u0161irujete svoju maloobchodn\u00fa ponuku o certifikovan\u00e9 v\u00fdrobky, tento model prin\u00e1\u0161a vysok\u00fd potenci\u00e1l n\u00e1vratnosti a nesporn\u00fa kvalitu.<\/p>","protected":false},"excerpt":{"rendered":"<p>Vylep\u0161ite svoju v\u00fdbavu na motorku bielymi ko\u017een\u00fdmi jazdeck\u00fdmi rukavicami RYINZ, ktor\u00e9 s\u00fa navrhnut\u00e9 pre v\u00fdkon, ochranu a eur\u00f3pske trhov\u00e9 normy. Tieto rukavice maj\u00fa odv\u00e1\u017eny keprov\u00fd chrb\u00e1t so \u0161t\u00fdlov\u00fdmi bielymi a \u010derven\u00fdmi detailmi v kombin\u00e1cii s odolnou kon\u0161trukciou z ko\u017ee GoatSkin pre bezkonkuren\u010dn\u00fa odolnos\u0165. So zabudovanou ochranou k\u013abov z TPU, gumov\u00fdmi \u0161t\u00edtmi EVA na prstoch a man\u017eet\u00e1ch a zosilnen\u00fdmi polstrovan\u00fdmi ko\u017een\u00fdmi dla\u0148ami maj\u00fa tieto rukavice certifik\u00e1t CE pre bezpe\u010dnos\u0165 a s\u00fa pripraven\u00e9 na ve\u013ekoobchodn\u00fa alebo maloobchodn\u00fa distrib\u00faciu. Ide\u00e1lne pre mestsk\u00fdch jazdcov, turistick\u00fdch nad\u0161encov a profesion\u00e1lnych motocyklistov, ktor\u00ed h\u013eadaj\u00fa bezpe\u010dnos\u0165 aj v\u00fdrazn\u00fd dizajn.<\/p>","protected":false},"featured_media":9288,"comment_status":"closed","ping_status":"closed","template":"","meta":[],"product_brand":[35],"product_cat":[1111,380,122,68],"product_tag":[373,374,375,376,377,378,379,381,382,383,384,385,386,387,388],"class_list":{"0":"post-9184","1":"product","2":"type-product","3":"status-publish","4":"has-post-thumbnail","6":"product_brand-ryinz","7":"product_cat-motorbike","8":"product_cat-motorbike-gloves","9":"product_cat-motorbike-racing-gloves","10":"product_cat-ryinz","11":"product_tag-breathable-protective-gloves-for-long-rides","12":"product_tag-bright-color-gloves-for-road-safety-and-visibility","13":"product_tag-ce-certified-gloves-for-eu-motorcycle-safety","14":"product_tag-en13594-motorcycle-gloves-with-tpu-armor","15":"product_tag-eva-rubber-reinforced-tactical-gloves","16":"product_tag-goatskin-leather-motorcycle-gloves-for-retailers","17":"product_tag-high-visibility-biker-gloves-with-safety-features","18":"product_tag-motorcycle-gloves-with-foam-padded-palm","19":"product_tag-premium-riding-gloves-for-distribution","20":"product_tag-protective-riding-gloves-for-street-and-off-road","21":"product_tag-tactical-motorcycle-gloves-for-wholesale","22":"product_tag-tpu-knuckle-protected-gloves-for-motorcyclists","23":"product_tag-twill-back-biker-gloves-with-leather-palm","24":"product_tag-velcro-closure-motorcycle-gloves-for-fit","25":"product_tag-wholesale-riding-gloves-for-european-suppliers","27":"first","28":"instock","29":"taxable","30":"shipping-taxable","31":"purchasable","32":"product-type-simple"},"_links":{"self":[{"href":"https:\/\/ryinz.cz\/velkoobchod\/sk\/wp-json\/wp\/v2\/product\/9184","targetHints":{"allow":["GET"]}}],"collection":[{"href":"https:\/\/ryinz.cz\/velkoobchod\/sk\/wp-json\/wp\/v2\/product"}],"about":[{"href":"https:\/\/ryinz.cz\/velkoobchod\/sk\/wp-json\/wp\/v2\/types\/product"}],"replies":[{"embeddable":true,"href":"https:\/\/ryinz.cz\/velkoobchod\/sk\/wp-json\/wp\/v2\/comments?post=9184"}],"wp:featuredmedia":[{"embeddable":true,"href":"https:\/\/ryinz.cz\/velkoobchod\/sk\/wp-json\/wp\/v2\/media\/9288"}],"wp:attachment":[{"href":"https:\/\/ryinz.cz\/velkoobchod\/sk\/wp-json\/wp\/v2\/media?parent=9184"}],"wp:term":[{"taxonomy":"product_brand","embeddable":true,"href":"https:\/\/ryinz.cz\/velkoobchod\/sk\/wp-json\/wp\/v2\/product_brand?post=9184"},{"taxonomy":"product_cat","embeddable":true,"href":"https:\/\/ryinz.cz\/velkoobchod\/sk\/wp-json\/wp\/v2\/product_cat?post=9184"},{"taxonomy":"product_tag","embeddable":true,"href":"https:\/\/ryinz.cz\/velkoobchod\/sk\/wp-json\/wp\/v2\/product_tag?post=9184"}],"curies":[{"name":"wp","href":"https:\/\/api.w.org\/{rel}","templated":true}]}}