{"id":9183,"date":"2025-08-26T11:48:34","date_gmt":"2025-08-26T11:48:34","guid":{"rendered":"https:\/\/ryinz.cz\/velkoobchod\/?post_type=product&#038;p=9183"},"modified":"2026-01-18T20:18:06","modified_gmt":"2026-01-18T20:18:06","slug":"ryinz-velkoobchodny-maloobchod-hnede-kozene-motocyklove-rukavice-s-tpu-klbmi-a-eva-ochrannym-polstrovanim","status":"publish","type":"product","link":"https:\/\/ryinz.cz\/velkoobchod\/sk\/product\/ryinz-wholesale-retail-brown-leather-motorcycle-gloves-with-tpu-knuckle-and-eva-protective-padding\/","title":{"rendered":"RYINZ Ve\u013ekoobchod a maloobchod Hned\u00e9 ko\u017een\u00e9 rukavice na motorku s TPU k\u013abom a ochrann\u00fdm polstrovan\u00edm EVA"},"content":{"rendered":"<p data-start=\"967\" data-end=\"1089\"><strong data-start=\"967\" data-end=\"1089\">RYINZ Brown GoatSkin Motocyklov\u00e9 rukavice - pre distrib\u00fatorov, maloobchodn\u00edkov a profesion\u00e1lnych jazdcov, ktor\u00ed si cenia \u0161t\u00fdl a bezpe\u010dnos\u0165<\/strong><\/p>\n<p data-start=\"1091\" data-end=\"1486\">Str\u00e1nka <strong data-start=\"1095\" data-end=\"1136\">RYINZ hned\u00e9 ko\u017een\u00e9 rukavice na motorku<\/strong> nie s\u00fa len rukavice - s\u00fa vyjadren\u00edm triedy, ochrany a trval\u00e9ho remeseln\u00e9ho spracovania. Tento model je ur\u010den\u00fd pre ve\u013ekoobchodn\u00edkov a maloobchodn\u00edkov zameran\u00fdch na \u0161t\u00fdlov\u00fdch jazdcov a sp\u00e1ja prvotriednu estetiku so \u0161pi\u010dkovou ochranou a komfortom. Ak h\u013ead\u00e1te motocyklov\u00e9 rukavice, ktor\u00e9 vyva\u017euj\u00fa prepracovan\u00fd dizajn a robustn\u00fa kon\u0161trukciu, tento model je va\u0161ou odpove\u010fou.<\/p>\n<p data-start=\"1488\" data-end=\"1902\"><strong data-start=\"1488\" data-end=\"1544\">Rafinovan\u00e9 spojenie materi\u00e1lov - keper a ko\u017ea GoatSkin<\/strong><br data-start=\"1544\" data-end=\"1547\" \/>Vonkaj\u0161ia \u010das\u0165 rukavice je postaven\u00e1 na <strong data-start=\"1582\" data-end=\"1603\">z\u00e1klad z keprovej tkaniny<\/strong>, vybran\u00fd pre svoju odolnos\u0165 a pru\u017enos\u0165, zatia\u013e \u010do ochrann\u00e9 panely s\u00fa vyroben\u00e9 z <strong data-start=\"1693\" data-end=\"1724\">vysokokvalitn\u00e1 ko\u017ea GoatSkin<\/strong>. Elegantn\u00e1 hned\u00e1 povrchov\u00e1 \u00faprava sa odli\u0161uje od typick\u00fdch celo\u010diernych rukav\u00edc, tak\u017ee s\u00fa ide\u00e1lne pre zna\u010dky alebo obchody zameran\u00e9 na cyklistov, ktor\u00ed dbaj\u00fa na m\u00f3du, alebo pre komunity jazdcov v retro \u0161t\u00fdle.<\/p>\n<p data-start=\"1904\" data-end=\"2240\"><strong data-start=\"1904\" data-end=\"1960\">\u0160t\u00edt z TPU na spo\u013eahliv\u00fa ochranu pred n\u00e1razmi<\/strong><br data-start=\"1960\" data-end=\"1963\" \/>Bezpe\u010dnos\u0165 je pri motocyklov\u00fdch rukaviciach prvorad\u00e1 a spolo\u010dnos\u0165 RYINZ integruje <strong data-start=\"2026\" data-end=\"2052\">Chr\u00e1ni\u010de k\u013abov z TPU<\/strong> ktor\u00e9 absorbuj\u00fa a rozpty\u013euj\u00fa n\u00e1razov\u00e9 sily pri n\u00e1razoch alebo n\u00e1hlom zastaven\u00ed. Pl\u00e1\u0161\u0165 k\u013abov je ergonomicky navrhnut\u00fd pre pohodlie a pon\u00faka vynikaj\u00facu ochranu bez obmedzenia pohybu.<\/p>\n<p data-start=\"2242\" data-end=\"2559\"><strong data-start=\"2242\" data-end=\"2288\">Gumov\u00e1 v\u00fdstu\u017e EVA - prsty a man\u017eety<\/strong><br data-start=\"2288\" data-end=\"2291\" \/>Strategicky umiestnen\u00e9 <strong data-start=\"2312\" data-end=\"2338\">Ochrana z gumy EVA<\/strong> na zadnej strane prstov a v man\u017eetov\u00fdch z\u00f3nach poskytuj\u00fa tlmenie n\u00e1razov a ochranu tam, kde je to najviac potrebn\u00e9. Tieto \u010dasti pom\u00e1haj\u00fa predch\u00e1dza\u0165 zraneniam na najzranite\u013enej\u0161\u00edch miestach po\u010das jazdeck\u00fdch neh\u00f4d alebo vystavenia drsn\u00e9mu ter\u00e9nu.<\/p>\n<p data-start=\"2561\" data-end=\"2996\"><strong data-start=\"2561\" data-end=\"2622\">Vylep\u0161en\u00fd \u00fachop a pohodlie - dla\u0148 z kozej ko\u017ee s penov\u00fdm polstrovan\u00edm<\/strong><br data-start=\"2622\" data-end=\"2625\" \/>Str\u00e1nka <strong data-start=\"2629\" data-end=\"2673\">oblas\u0165 dlane je vybaven\u00e1 ko\u017eou GoatSkin<\/strong>, vybran\u00fd pre kombin\u00e1ciu m\u00e4kkosti a odolnosti proti oderu. Vyztu\u017een\u00fd <strong data-start=\"2755\" data-end=\"2771\">penov\u00e9 polstrovanie<\/strong>, rukavica zais\u0165uje bezpe\u010dn\u00e9 uchopenie riadidiel bicykla, tlm\u00ed vibr\u00e1cie a zni\u017euje \u00fanavu po\u010das dlh\u00fdch j\u00e1zd. V\u00fdstuhy s\u00fa umiestnen\u00e9 tak, aby podporovali vysoko nam\u00e1han\u00e9 kontaktn\u00e9 body, \u010do zabezpe\u010duje kontrolu aj v mokr\u00fdch alebo drsn\u00fdch podmienkach.<\/p>\n<p data-start=\"2998\" data-end=\"3298\"><strong data-start=\"2998\" data-end=\"3035\">Bezpe\u010dn\u00e9 uchytenie - zap\u00ednanie na such\u00fd zips<\/strong><br data-start=\"3035\" data-end=\"3038\" \/>Vybaven\u00fd nastavite\u013en\u00fdm <strong data-start=\"3066\" data-end=\"3082\">Popruh na such\u00fd zips<\/strong>, tieto rukavice sa prisp\u00f4sobia r\u00f4znym ve\u013ekostiam z\u00e1p\u00e4stia. Syst\u00e9m zap\u00ednania pom\u00e1ha blokova\u0165 vietor a prach a z\u00e1rove\u0148 poskytuje r\u00fdchle zap\u00ednanie a vyzliekanie - skvel\u00e9 pre jazdcov, ktor\u00ed potrebuj\u00fa praktickos\u0165 bez toho, aby obetovali \u0161t\u00fdl.<\/p>\n<p data-start=\"3300\" data-end=\"3637\"><strong data-start=\"3300\" data-end=\"3350\">Certifikovan\u00e1 ochrana - vytvoren\u00e1 pre trh E\u00da<\/strong><br data-start=\"3350\" data-end=\"3353\" \/>V\u0161etky rukavice RYINZ vr\u00e1tane tohto hned\u00e9ho modelu s\u00fa testovan\u00e9 v <strong data-start=\"3416\" data-end=\"3452\">Normy EN420 a EN13594:2015<\/strong>, \u010d\u00edm s\u00fa v s\u00falade s predpismi CE. T\u00e1to certifik\u00e1cia zaru\u010duje, \u017ee va\u0161i kupuj\u00faci a z\u00e1kazn\u00edci dostan\u00fa osved\u010den\u00fd ochrann\u00fd v\u00fdkon a pohodlie podporen\u00e9 medzin\u00e1rodn\u00fdmi bezpe\u010dnostn\u00fdmi normami.<\/p>\n<p data-start=\"3639\" data-end=\"3661\"><strong data-start=\"3639\" data-end=\"3659\">Ide\u00e1lne pr\u00edpady pou\u017eitia:<\/strong><\/p>\n<ul data-start=\"3662\" data-end=\"3906\">\n<li data-start=\"3662\" data-end=\"3703\">\n<p data-start=\"3664\" data-end=\"3703\">Ka\u017edodenn\u00e1 jazda v mestskom prostred\u00ed<\/p>\n<\/li>\n<li data-start=\"3704\" data-end=\"3753\">\n<p data-start=\"3706\" data-end=\"3753\">Nad\u0161enci Cafe racer a historick\u00fdch motocyklov<\/p>\n<\/li>\n<li data-start=\"3754\" data-end=\"3790\">\n<p data-start=\"3756\" data-end=\"3790\">Cestovanie a dobrodru\u017estv\u00e1 na otvoren\u00fdch cest\u00e1ch<\/p>\n<\/li>\n<li data-start=\"3791\" data-end=\"3853\">\n<p data-start=\"3793\" data-end=\"3853\">Maloobchodn\u00edci so zariadeniami, ktor\u00ed h\u013eadaj\u00fa \u0161t\u00fdlov\u00e9 a ochrann\u00e9 v\u00fdrobky<\/p>\n<\/li>\n<li data-start=\"3854\" data-end=\"3906\">\n<p data-start=\"3856\" data-end=\"3906\">Projekty OEM\/ODM h\u013eadaj\u00face \u0161pi\u010dkov\u00e9 ko\u017een\u00e9 rukavice<\/p>\n<\/li>\n<\/ul>\n<p data-start=\"3908\" data-end=\"4225\"><strong data-start=\"3908\" data-end=\"3951\">Mo\u017enosti prisp\u00f4sobenia a ve\u013ekoobchodu<\/strong><br data-start=\"3951\" data-end=\"3954\" \/>Ako zna\u010dka vhodn\u00e1 pre B2B, <strong data-start=\"3979\" data-end=\"4007\">Spolo\u010dnos\u0165 RYINZ pon\u00faka mo\u017enosti OEM<\/strong>, umiestnenie zna\u010dky, vlastn\u00e9 balenie a mno\u017estevn\u00e9 ceny pre ve\u013ekoobchodn\u00fdch z\u00e1kazn\u00edkov. Tento model rukav\u00edc je mimoriadne ob\u013e\u00faben\u00fd medzi butikov\u00fdmi predaj\u0148ami s motocyklov\u00fdm vybaven\u00edm, lifestylov\u00fdmi zna\u010dkami a pr\u00e9miov\u00fdmi distrib\u00fatormi v celej Eur\u00f3pe.<\/p>\n<p data-start=\"4227\" data-end=\"4251\"><strong data-start=\"4227\" data-end=\"4249\">Najd\u00f4le\u017eitej\u0161ie prvky dizajnu:<\/strong><\/p>\n<ul data-start=\"4252\" data-end=\"4705\">\n<li data-start=\"4252\" data-end=\"4301\">\n<p data-start=\"4254\" data-end=\"4301\">Elegantn\u00e1 dvojfarebn\u00e1 hnedo-\u010dierna sch\u00e9ma<\/p>\n<\/li>\n<li data-start=\"4302\" data-end=\"4354\">\n<p data-start=\"4304\" data-end=\"4354\">Vysokokvalitn\u00e9 ko\u017een\u00e9 n\u00e1\u0161ivky GoatSkin na prstoch<\/p>\n<\/li>\n<li data-start=\"4355\" data-end=\"4419\">\n<p data-start=\"4357\" data-end=\"4419\">Pevn\u00fd keprov\u00fd materi\u00e1l na chrbte pre flexibilitu a priedu\u0161nos\u0165<\/p>\n<\/li>\n<li data-start=\"4420\" data-end=\"4478\">\n<p data-start=\"4422\" data-end=\"4478\">Pl\u00e1\u0161\u0165 chr\u00e1ni\u010da k\u013abov z TPU s jemn\u00fdm matn\u00fdm povrchom<\/p>\n<\/li>\n<li data-start=\"4479\" data-end=\"4528\">\n<p data-start=\"4481\" data-end=\"4528\">V\u00fdstuhy EVA na prstoch a z\u00e1p\u00e4st\u00ed<\/p>\n<\/li>\n<li data-start=\"4529\" data-end=\"4579\">\n<p data-start=\"4531\" data-end=\"4579\">Polstrovan\u00e1 dla\u0148 GoatSkin so zosilnen\u00fdm \u0161it\u00edm<\/p>\n<\/li>\n<li data-start=\"4580\" data-end=\"4625\">\n<p data-start=\"4582\" data-end=\"4625\">Zap\u00ednanie na such\u00fd zips na z\u00e1p\u00e4st\u00ed pre individu\u00e1lne prisp\u00f4sobenie<\/p>\n<\/li>\n<li data-start=\"4626\" data-end=\"4669\">\n<p data-start=\"4628\" data-end=\"4669\">\u013dahk\u00fd, priedu\u0161n\u00fd a pripraven\u00fd na cesty<\/p>\n<\/li>\n<li data-start=\"4670\" data-end=\"4705\">\n<p data-start=\"4672\" data-end=\"4705\">Testovan\u00e9 CE: EN420 A EN13594:2015<\/p>\n<\/li>\n<\/ul>\n<p data-start=\"4707\" data-end=\"5027\">V\u00fdberom <strong data-start=\"4723\" data-end=\"4753\">RYINZ Hned\u00e9 ko\u017een\u00e9 rukavice<\/strong>, investujete do v\u00fdrobku, ktor\u00fd vyzer\u00e1 luxusne a na ceste funguje ako be\u0161tia. \u010ci u\u017e ste ve\u013ekoobchodn\u00edk, ktor\u00fd z\u00e1sobuje svoj sez\u00f3nny katal\u00f3g, alebo maloobchodn\u00edk dod\u00e1vaj\u00faci \u0161pi\u010dkov\u00fa motocyklov\u00fa v\u00fdbavu, t\u00e1to rukavica poskytuje prvotriednu kvalitu, ktor\u00fa si va\u0161i z\u00e1kazn\u00edci okam\u017eite v\u0161imn\u00fa.<\/p>","protected":false},"excerpt":{"rendered":"<p>Za\u017eite prvotriednu kombin\u00e1ciu \u0161t\u00fdlu, odolnosti a ochrany s hned\u00fdmi rukavicami na motorku RYINZ - ide\u00e1lnymi pre ve\u013ekoobchodn\u00edkov, maloobchodn\u00edkov a predajcov motocyklov\u00e9ho vybavenia. Tieto rukavice maj\u00fa elegantn\u00fd keprov\u00fd chrb\u00e1t v kombin\u00e1cii s bohatou kon\u0161trukciou z ko\u017ee GoatSkin, ktor\u00e1 pon\u00faka eleganciu aj robustn\u00fa funk\u010dnos\u0165. Tieto rukavice vybaven\u00e9 chr\u00e1ni\u010dmi k\u013abov z TPU, ochranou z gumy EVA na prstoch a man\u017eet\u00e1ch a dla\u0148ami z ko\u017ee vystu\u017een\u00fdmi penou sp\u013a\u0148aj\u00fa eur\u00f3pske bezpe\u010dnostn\u00e9 normy (EN420 a EN13594:2015) a z\u00e1rove\u0148 poskytuj\u00fa celodenn\u00e9 pohodlie a pevn\u00fd \u00fachop. Ide\u00e1lny v\u00fdber na \u0161t\u00fdlov\u00fa jazdu a z\u00e1rove\u0148 ochranu, teraz k dispoz\u00edcii pre B2B a maloobchodn\u00fd predaj.<\/p>","protected":false},"featured_media":9287,"comment_status":"closed","ping_status":"closed","template":"","meta":[],"product_brand":[35],"product_cat":[1111,380,122,68],"product_tag":[373,374,375,376,377,378,379,381,382,383,384,385,386,387,388],"class_list":{"0":"post-9183","1":"product","2":"type-product","3":"status-publish","4":"has-post-thumbnail","6":"product_brand-ryinz","7":"product_cat-motorbike","8":"product_cat-motorbike-gloves","9":"product_cat-motorbike-racing-gloves","10":"product_cat-ryinz","11":"product_tag-breathable-protective-gloves-for-long-rides","12":"product_tag-bright-color-gloves-for-road-safety-and-visibility","13":"product_tag-ce-certified-gloves-for-eu-motorcycle-safety","14":"product_tag-en13594-motorcycle-gloves-with-tpu-armor","15":"product_tag-eva-rubber-reinforced-tactical-gloves","16":"product_tag-goatskin-leather-motorcycle-gloves-for-retailers","17":"product_tag-high-visibility-biker-gloves-with-safety-features","18":"product_tag-motorcycle-gloves-with-foam-padded-palm","19":"product_tag-premium-riding-gloves-for-distribution","20":"product_tag-protective-riding-gloves-for-street-and-off-road","21":"product_tag-tactical-motorcycle-gloves-for-wholesale","22":"product_tag-tpu-knuckle-protected-gloves-for-motorcyclists","23":"product_tag-twill-back-biker-gloves-with-leather-palm","24":"product_tag-velcro-closure-motorcycle-gloves-for-fit","25":"product_tag-wholesale-riding-gloves-for-european-suppliers","27":"first","28":"instock","29":"taxable","30":"shipping-taxable","31":"purchasable","32":"product-type-simple"},"_links":{"self":[{"href":"https:\/\/ryinz.cz\/velkoobchod\/sk\/wp-json\/wp\/v2\/product\/9183","targetHints":{"allow":["GET"]}}],"collection":[{"href":"https:\/\/ryinz.cz\/velkoobchod\/sk\/wp-json\/wp\/v2\/product"}],"about":[{"href":"https:\/\/ryinz.cz\/velkoobchod\/sk\/wp-json\/wp\/v2\/types\/product"}],"replies":[{"embeddable":true,"href":"https:\/\/ryinz.cz\/velkoobchod\/sk\/wp-json\/wp\/v2\/comments?post=9183"}],"wp:featuredmedia":[{"embeddable":true,"href":"https:\/\/ryinz.cz\/velkoobchod\/sk\/wp-json\/wp\/v2\/media\/9287"}],"wp:attachment":[{"href":"https:\/\/ryinz.cz\/velkoobchod\/sk\/wp-json\/wp\/v2\/media?parent=9183"}],"wp:term":[{"taxonomy":"product_brand","embeddable":true,"href":"https:\/\/ryinz.cz\/velkoobchod\/sk\/wp-json\/wp\/v2\/product_brand?post=9183"},{"taxonomy":"product_cat","embeddable":true,"href":"https:\/\/ryinz.cz\/velkoobchod\/sk\/wp-json\/wp\/v2\/product_cat?post=9183"},{"taxonomy":"product_tag","embeddable":true,"href":"https:\/\/ryinz.cz\/velkoobchod\/sk\/wp-json\/wp\/v2\/product_tag?post=9183"}],"curies":[{"name":"wp","href":"https:\/\/api.w.org\/{rel}","templated":true}]}}