{"id":9182,"date":"2025-06-22T15:31:57","date_gmt":"2025-06-22T15:31:57","guid":{"rendered":"https:\/\/ryinz.cz\/velkoobchod\/?post_type=product&#038;p=9182"},"modified":"2026-01-18T20:18:05","modified_gmt":"2026-01-18T20:18:05","slug":"ryinz-velkoobchodny-maloobchodny-kozia-koza-takticke-motocyklove-rukavice-s-tpu-klby-eva-bezpecnostna-ochrana","status":"publish","type":"product","link":"https:\/\/ryinz.cz\/velkoobchod\/sk\/product\/ryinz-wholesale-retail-goatskin-tactical-motorcycle-gloves-with-tpu-knuckle-eva-safety-protection\/","title":{"rendered":"RYINZ Ve\u013ekoobchod a maloobchod GoatSkin Taktick\u00e9 rukavice na motorku s TPU k\u013abmi a bezpe\u010dnostnou ochranou EVA"},"content":{"rendered":"<p data-start=\"1061\" data-end=\"1170\"><strong data-start=\"1061\" data-end=\"1170\">RYINZ GoatSkin Taktick\u00e9 rukavice na motorku pre ve\u013ekoobchod a maloobchod - navrhnut\u00e9 pre bezpe\u010dnos\u0165 a r\u00fdchlos\u0165<\/strong><\/p>\n<p data-start=\"1172\" data-end=\"1619\">Pokia\u013e ide o profesion\u00e1lne motocyklov\u00e9 rukavice, <strong data-start=\"1227\" data-end=\"1236\">RYINZ<\/strong> je meno, ktor\u00e9 je symbolom bezpe\u010dnosti, remeselnej kvality a v\u00fdkonu. Tieto pr\u00e9miov\u00e9 taktick\u00e9 rukavice s\u00fa ur\u010den\u00e9 pre ve\u013ekoobchodn\u00edkov, maloobchodn\u00edkov a zna\u010dky, ktor\u00ed h\u013eadaj\u00fa vysoko \u017eiadan\u00fd ochrann\u00fd v\u00fdstroj, ktor\u00fd kombinuje inovat\u00edvne materi\u00e1ly s prvotriednymi ochrann\u00fdmi prvkami. Tieto rukavice s\u00fa skon\u0161truovan\u00e9 tak, aby fungovali v naj\u0165a\u017e\u0161\u00edch cestn\u00fdch a poveternostn\u00fdch podmienkach, a pon\u00fakaj\u00fa va\u0161im klientom v\u00fdhodu, ktor\u00fa na cest\u00e1ch potrebuj\u00fa.<\/p>\n<p data-start=\"1621\" data-end=\"2002\"><strong data-start=\"1621\" data-end=\"1689\">Vyroben\u00e9 pre odolnos\u0165 - chrb\u00e1t z kepru a ochrana z ko\u017ee GoatSkin<\/strong><br data-start=\"1689\" data-end=\"1692\" \/>Tieto rukavice za\u010d\u00ednaj\u00fa odoln\u00fdm <strong data-start=\"1726\" data-end=\"1749\">keprov\u00fd materi\u00e1l vzadu<\/strong> ktor\u00e9 s\u00fa dostato\u010dne pru\u017en\u00e9 na to, aby podporovali plynul\u00e9 pohyby r\u00fak a z\u00e1rove\u0148 odoln\u00e9 vo\u010di roztrhnutiu a dlhodob\u00e9mu pou\u017e\u00edvaniu. Strategick\u00e9 <strong data-start=\"1872\" data-end=\"1900\">Ko\u017een\u00e9 n\u00e1\u0161ivky GoatSkin<\/strong> sa prid\u00e1vaj\u00fa na zadn\u00fa stranu prstov, aby sa zv\u00fd\u0161ila ochrann\u00e1 vrstva proti odrenin\u00e1m a vystaveniu.<\/p>\n<p data-start=\"2004\" data-end=\"2455\"><strong data-start=\"2004\" data-end=\"2053\">Pokro\u010dil\u00e1 ochrana pred n\u00e1razmi pre v\u00e1\u017enych jazdcov<\/strong><br data-start=\"2053\" data-end=\"2056\" \/>Jazdci \u010doraz \u010dastej\u0161ie po\u017eaduj\u00fa rukavice, ktor\u00e9 poskytuj\u00fa vysok\u00fa \u00farove\u0148 ochrany bez toho, aby bola ohrozen\u00e1 ich flexibilita. Tieto rukavice s\u00fa odpove\u010fou na t\u00fato v\u00fdzvu. <strong data-start=\"2201\" data-end=\"2227\">Chr\u00e1ni\u010de k\u013abov z TPU<\/strong>, ktor\u00e9 poskytuj\u00fa spo\u013eahliv\u00fa ochranu proti n\u00e1razu v pr\u00edpade p\u00e1du. Medzit\u00fdm, <strong data-start=\"2305\" data-end=\"2329\">Tienenie z gumy EVA<\/strong> je integrovan\u00e1 na prstoch a man\u017eet\u00e1ch z\u00e1p\u00e4stia, chr\u00e1ni citliv\u00e9 oblasti a absorbuje n\u00e1razy pri n\u00e1razoch alebo prudk\u00fdch pohyboch.<\/p>\n<p data-start=\"2457\" data-end=\"2896\"><strong data-start=\"2457\" data-end=\"2524\">Dizajn dlane s vysokou pri\u013enavos\u0165ou so zosilnenou kozou ko\u017eou a penov\u00fdm polstrovan\u00edm<\/strong><br data-start=\"2524\" data-end=\"2527\" \/>Dla\u0148 je pre jazdca jedn\u00fdm z najd\u00f4le\u017eitej\u0161\u00edch kontaktn\u00fdch bodov a spolo\u010dnos\u0165 RYINZ sa star\u00e1 o to, aby sa jej dostalo prvotriedneho o\u0161etrenia. Na str\u00e1nke . <strong data-start=\"2646\" data-end=\"2671\">Ko\u017een\u00e1 dla\u0148 GoatSkin<\/strong> je doplnen\u00e1 o \u010fal\u0161ie <strong data-start=\"2700\" data-end=\"2716\">penov\u00e9 polstrovanie<\/strong> na zn\u00ed\u017eenie tlaku a zlep\u0161enie \u00fachopu riadidiel. \u010ci u\u017e va\u0161i z\u00e1kazn\u00edci jazdia po meste alebo v ter\u00e9ne, tento ergonomick\u00fd dizajn podporuje ich dr\u017eanie r\u00fak a ovl\u00e1danie.<\/p>\n<p data-start=\"2898\" data-end=\"3265\"><strong data-start=\"2898\" data-end=\"2946\">Pohodlie a prisp\u00f4sobenie - nastavite\u013en\u00e9 such\u00e9 zipsy<\/strong><br data-start=\"2946\" data-end=\"2949\" \/>Rukavice obsahuj\u00fa <strong data-start=\"2970\" data-end=\"2999\">bezpe\u010dn\u00fd p\u00e1sik na z\u00e1p\u00e4stie so such\u00fdm zipsom<\/strong> syst\u00e9m, v\u010faka ktor\u00e9mu sa daj\u00fa \u013eahko utiahnu\u0165 alebo povoli\u0165 na cest\u00e1ch. Zap\u00ednanie na z\u00e1p\u00e4st\u00ed nielen\u017ee zaru\u010duje, \u017ee rukavice dobre sedia, ale tie\u017e zabra\u0148uje pr\u00edstupu vetra, ne\u010dist\u00f4t a vlhkosti. V\u010faka t\u00fdmto kon\u0161truk\u010dn\u00fdm vlastnostiam s\u00fa ide\u00e1lne na dlh\u00e9 jazdy, horsk\u00fa cyklistiku a profesion\u00e1lne pou\u017e\u00edvanie na ulici.<\/p>\n<p data-start=\"3267\" data-end=\"3592\"><strong data-start=\"3267\" data-end=\"3311\">Vysok\u00e1 vidite\u013enos\u0165 pre zv\u00fd\u0161en\u00fa bezpe\u010dnos\u0165 na cest\u00e1ch<\/strong><br data-start=\"3311\" data-end=\"3314\" \/>Okrem ochrany a pri\u013enavosti s\u00fa tieto rukavice <strong data-start=\"3371\" data-end=\"3408\">ne\u00f3novo \u017elt\u00e1 a \u010derven\u00e1 farba<\/strong> ktor\u00e9 v\u00fdrazne zlep\u0161uj\u00fa vidite\u013enos\u0165 jazdca. Farebn\u00e9 akcenty, ktor\u00e9 s\u00fa obzvl\u00e1\u0161\u0165 u\u017eito\u010dn\u00e9 pri no\u010dn\u00fdch jazd\u00e1ch alebo za zl\u00e9ho po\u010dasia, robia jazdca vidite\u013enej\u0161\u00edm pre ostatn\u00fdch motoristov, \u010d\u00edm zvy\u0161uj\u00fa bezpe\u010dnos\u0165 na cest\u00e1ch.<\/p>\n<p data-start=\"3594\" data-end=\"3947\"><strong data-start=\"3594\" data-end=\"3639\">Ide\u00e1lne pre B2B n\u00e1kupcov a predajcov zariaden\u00ed<\/strong><br data-start=\"3639\" data-end=\"3642\" \/>Ak ste distrib\u00fator, dod\u00e1vate\u013e v\u00fdstroja alebo maloobchodn\u00fd predajca, ktor\u00fd chce ma\u0165 na sklade pr\u00e9miov\u00e9 motocyklov\u00e9 rukavice, spolo\u010dnos\u0165 RYINZ poskytuje z\u00e1ruku kvality, \u0161t\u00fdlov\u00e9 mo\u017enosti balenia a vynikaj\u00facu podporu pre va\u0161e ve\u013ekoobchodn\u00e9 potreby. Tieto rukavice maj\u00fa certifik\u00e1t CE a sp\u013a\u0148aj\u00fa eur\u00f3pske normy - s\u00fa nevyhnutnou s\u00fa\u010das\u0165ou va\u0161ich z\u00e1sob.<\/p>\n<p data-start=\"3949\" data-end=\"4242\"><strong data-start=\"3949\" data-end=\"3995\">Testovan\u00e9 a schv\u00e1len\u00e9 - EN420 a EN13594:2015<\/strong><br data-start=\"3995\" data-end=\"3998\" \/>Tieto rukavice s\u00fa certifikovan\u00e9 pod\u013ea <strong data-start=\"4031\" data-end=\"4057\">EN420 a EN13594:2015<\/strong>, \u010do znamen\u00e1, \u017ee pre\u0161li pr\u00edsnym testovan\u00edm bezpe\u010dnosti, v\u00fdkonu a pohodlia. V\u010faka tomu s\u00fa vhodn\u00e9 na pou\u017e\u00edvanie vo v\u0161etk\u00fdch krajin\u00e1ch E\u00da a d\u00f4veruj\u00fa im amat\u00e9rski aj profesion\u00e1lni jazdci.<\/p>\n<p data-start=\"4244\" data-end=\"4519\"><strong data-start=\"4244\" data-end=\"4298\">Dostupn\u00e9 farebn\u00e9 varianty a mo\u017enosti vlastnej zna\u010dky<\/strong><br data-start=\"4298\" data-end=\"4301\" \/>K dispoz\u00edcii v <strong data-start=\"4314\" data-end=\"4349\">Ne\u00f3nov\u00e1 \u017elt\u00e1\/\u010dierna a \u010derven\u00e1\/\u010dierna<\/strong>, RYINZ pon\u00faka flexibilitu v \u0161t\u00fdle a na po\u017eiadanie m\u00f4\u017ee pracova\u0165 s vlastn\u00fdmi n\u00e1vrhmi loga a \u0161t\u00edtkov. Pre projekty s\u00fakromn\u00fdch zna\u010diek je k dispoz\u00edcii podpora MOQ a prisp\u00f4sobenia.<\/p>\n<p data-start=\"4521\" data-end=\"4548\"><strong data-start=\"4521\" data-end=\"4546\">Zhrnutie k\u013e\u00fa\u010dov\u00fdch funkci\u00ed:<\/strong><\/p>\n<ul data-start=\"4549\" data-end=\"4990\">\n<li data-start=\"4549\" data-end=\"4586\">\n<p data-start=\"4551\" data-end=\"4586\">Odoln\u00e1 keprov\u00e1 tkanina<\/p>\n<\/li>\n<li data-start=\"4587\" data-end=\"4643\">\n<p data-start=\"4589\" data-end=\"4643\">Ochrana k\u013abov z TPU na extr\u00e9mne tlmenie n\u00e1razov<\/p>\n<\/li>\n<li data-start=\"4644\" data-end=\"4694\">\n<p data-start=\"4646\" data-end=\"4694\">Gumov\u00e9 v\u00fdstuhy EVA na prstoch a man\u017eet\u00e1ch<\/p>\n<\/li>\n<li data-start=\"4695\" data-end=\"4746\">\n<p data-start=\"4697\" data-end=\"4746\">Pr\u00e9miov\u00e1 ko\u017ea GoatSkin na dlani a prstoch<\/p>\n<\/li>\n<li data-start=\"4747\" data-end=\"4810\">\n<p data-start=\"4749\" data-end=\"4810\">Vn\u00fatorn\u00e9 penov\u00e9 polstrovanie pre lep\u0161iu pri\u013enavos\u0165 a zn\u00ed\u017eenie n\u00e1razov<\/p>\n<\/li>\n<li data-start=\"4811\" data-end=\"4845\">\n<p data-start=\"4813\" data-end=\"4845\">Nastavite\u013en\u00e9 popruhy na z\u00e1p\u00e4stie so such\u00fdm zipsom<\/p>\n<\/li>\n<li data-start=\"4846\" data-end=\"4893\">\n<p data-start=\"4848\" data-end=\"4893\">Ne\u00f3nov\u00e9 bezpe\u010dnostn\u00e9 farby pre lep\u0161iu vidite\u013enos\u0165<\/p>\n<\/li>\n<li data-start=\"4894\" data-end=\"4947\">\n<p data-start=\"4896\" data-end=\"4947\">K dispoz\u00edcii pre ve\u013ekoobchodn\u00e9, maloobchodn\u00e9 a OEM projekty<\/p>\n<\/li>\n<li data-start=\"4948\" data-end=\"4990\">\n<p data-start=\"4950\" data-end=\"4990\">Certifikovan\u00e9 pod\u013ea EN420 a EN13594:2015<\/p>\n<\/li>\n<\/ul>\n<p data-start=\"4992\" data-end=\"5227\">\u010ci u\u017e z\u00e1sobujete obchod s motocyklov\u00fdm v\u00fdstrojom, dov\u00e1\u017eate ho na distrib\u00faciu alebo vytv\u00e1rate sortiment vlastn\u00fdch zna\u010diek, <strong data-start=\"5123\" data-end=\"5159\">RYINZ Taktick\u00e9 rukavice na motorku<\/strong> poskytova\u0165 funk\u010dnos\u0165 a ochranu, ktor\u00fdm bud\u00fa va\u0161i z\u00e1kazn\u00edci d\u00f4verova\u0165.<\/p>","protected":false},"excerpt":{"rendered":"<p>Objavte bezkonkuren\u010dn\u00fa ochranu a pohodlie s taktick\u00fdmi rukavicami na motorku RYINZ - dokonalou kombin\u00e1ciou odolnosti, kontroly a dizajnu pre profesion\u00e1lnych jazdcov a predajcov motocyklov\u00e9ho vybavenia. Tieto rukavice vyroben\u00e9 z keprovej tkaniny a vystu\u017een\u00e9 pr\u00e9miovou ko\u017eou GoatSkin s\u00fa vybaven\u00e9 pokro\u010dilou ochranou k\u013abov z TPU, gumov\u00fdm tienen\u00edm EVA na prstoch a man\u017eet\u00e1ch a penou vystlanou dla\u0148ou pre vynikaj\u00facu odolnos\u0165 vo\u010di n\u00e1razom. \u010ci u\u017e obstar\u00e1vate pre maloobchod alebo ve\u013ekoobchodn\u00e9 dod\u00e1vky B2B, tieto rukavice s\u00fa vyroben\u00e9 tak, aby poskytovali vysok\u00fd v\u00fdkon a trval\u00fa hodnotu. S\u00fa certifikovan\u00e9 pod\u013ea noriem EN420 a EN13594:2015 a dod\u00e1vaj\u00fa sa v \u017eiariv\u00fdch bezpe\u010dnostn\u00fdch farb\u00e1ch, ktor\u00e9 zvy\u0161uj\u00fa vidite\u013enos\u0165 a d\u00f4veru jazdca na ceste.<\/p>","protected":false},"featured_media":9286,"comment_status":"closed","ping_status":"closed","template":"","meta":[],"product_brand":[35],"product_cat":[1111,380,122,68],"product_tag":[373,374,375,376,377,378,379,381,382,383,384,385,386,387,388],"class_list":{"0":"post-9182","1":"product","2":"type-product","3":"status-publish","4":"has-post-thumbnail","6":"product_brand-ryinz","7":"product_cat-motorbike","8":"product_cat-motorbike-gloves","9":"product_cat-motorbike-racing-gloves","10":"product_cat-ryinz","11":"product_tag-breathable-protective-gloves-for-long-rides","12":"product_tag-bright-color-gloves-for-road-safety-and-visibility","13":"product_tag-ce-certified-gloves-for-eu-motorcycle-safety","14":"product_tag-en13594-motorcycle-gloves-with-tpu-armor","15":"product_tag-eva-rubber-reinforced-tactical-gloves","16":"product_tag-goatskin-leather-motorcycle-gloves-for-retailers","17":"product_tag-high-visibility-biker-gloves-with-safety-features","18":"product_tag-motorcycle-gloves-with-foam-padded-palm","19":"product_tag-premium-riding-gloves-for-distribution","20":"product_tag-protective-riding-gloves-for-street-and-off-road","21":"product_tag-tactical-motorcycle-gloves-for-wholesale","22":"product_tag-tpu-knuckle-protected-gloves-for-motorcyclists","23":"product_tag-twill-back-biker-gloves-with-leather-palm","24":"product_tag-velcro-closure-motorcycle-gloves-for-fit","25":"product_tag-wholesale-riding-gloves-for-european-suppliers","27":"first","28":"instock","29":"taxable","30":"shipping-taxable","31":"purchasable","32":"product-type-simple"},"_links":{"self":[{"href":"https:\/\/ryinz.cz\/velkoobchod\/sk\/wp-json\/wp\/v2\/product\/9182","targetHints":{"allow":["GET"]}}],"collection":[{"href":"https:\/\/ryinz.cz\/velkoobchod\/sk\/wp-json\/wp\/v2\/product"}],"about":[{"href":"https:\/\/ryinz.cz\/velkoobchod\/sk\/wp-json\/wp\/v2\/types\/product"}],"replies":[{"embeddable":true,"href":"https:\/\/ryinz.cz\/velkoobchod\/sk\/wp-json\/wp\/v2\/comments?post=9182"}],"wp:featuredmedia":[{"embeddable":true,"href":"https:\/\/ryinz.cz\/velkoobchod\/sk\/wp-json\/wp\/v2\/media\/9286"}],"wp:attachment":[{"href":"https:\/\/ryinz.cz\/velkoobchod\/sk\/wp-json\/wp\/v2\/media?parent=9182"}],"wp:term":[{"taxonomy":"product_brand","embeddable":true,"href":"https:\/\/ryinz.cz\/velkoobchod\/sk\/wp-json\/wp\/v2\/product_brand?post=9182"},{"taxonomy":"product_cat","embeddable":true,"href":"https:\/\/ryinz.cz\/velkoobchod\/sk\/wp-json\/wp\/v2\/product_cat?post=9182"},{"taxonomy":"product_tag","embeddable":true,"href":"https:\/\/ryinz.cz\/velkoobchod\/sk\/wp-json\/wp\/v2\/product_tag?post=9182"}],"curies":[{"name":"wp","href":"https:\/\/api.w.org\/{rel}","templated":true}]}}