{"id":9181,"date":"2025-06-22T15:31:56","date_gmt":"2025-06-22T15:31:56","guid":{"rendered":"https:\/\/ryinz.cz\/velkoobchod\/?post_type=product&#038;p=9181"},"modified":"2026-01-18T20:18:04","modified_gmt":"2026-01-18T20:18:04","slug":"ryinz-premiove-kozene-rukavice-na-motorku-z-kozej-koze-s-tpu-ochranou-klbov-a-eva-manzetou-model-mbwg-9999-0118","status":"publish","type":"product","link":"https:\/\/ryinz.cz\/velkoobchod\/sk\/product\/ryinz-premium-goatskin-leather-motorcycle-gloves-with-tpu-knuckle-eva-cuff-protection-model-mbwg-9999-0118\/","title":{"rendered":"RYINZ Pr\u00e9miov\u00e9 rukavice na motorku z kozej ko\u017ee s ochranou k\u013abov a man\u017eety z TPU - model MBWG 9999-0118"},"content":{"rendered":"<p data-start=\"1186\" data-end=\"1265\">RYINZ MBWG 9999-0118 - Pokro\u010dil\u00e9 ochrann\u00e9 rukavice na motorku pre v\u00e1\u017enych jazdcov<\/p>\n<p data-start=\"1267\" data-end=\"1622\">Pre motocyklov\u00fdch nad\u0161encov a profesion\u00e1lov, ktor\u00ed odmietaj\u00fa kompromisy v oblasti bezpe\u010dnosti a pohodlia, je ur\u010den\u00fd <strong data-start=\"1363\" data-end=\"1387\">RYINZ MBWG 9999-0118<\/strong> rukavice s\u00fa najlep\u0161\u00edm spolo\u010dn\u00edkom na cest\u00e1ch. Tieto rukavice s\u00fa navrhnut\u00e9 s premyslenou rovnov\u00e1hou modern\u00fdch ochrann\u00fdch prvkov a prvotriedneho spracovania, v\u010faka \u010domu s\u00fa ide\u00e1lne na jazdu vysokou r\u00fdchlos\u0165ou, motokros, turistiku a jazdu v meste.<\/p>\n<p data-start=\"1624\" data-end=\"2017\"><strong data-start=\"1624\" data-end=\"1669\">\u0160pi\u010dkov\u00e9 materi\u00e1ly pre maxim\u00e1lnu odolnos\u0165<\/strong><br data-start=\"1669\" data-end=\"1672\" \/>Z\u00e1kladom modelu MBWG 9999-0118 je chrb\u00e1t z keprov\u00e9ho materi\u00e1lu - pevn\u00e1 a pru\u017en\u00e1 tkanina, ktor\u00e1 umo\u017e\u0148uje \u013eahk\u00fd pohyb bez toho, aby bola obetovan\u00e1 pevnos\u0165. Vyztu\u017een\u00e1 <strong data-start=\"1842\" data-end=\"1878\">pr\u00e9miov\u00e9 ko\u017een\u00e9 n\u00e1\u0161ivky GoatSkin<\/strong> na chrbte prstov s\u00fa tieto rukavice vyroben\u00e9 tak, aby odolali odrenin\u00e1m a pravideln\u00e9mu noseniu a z\u00e1rove\u0148 poskytovali vynikaj\u00faci hmatov\u00fd z\u00e1\u017eitok.<\/p>\n<p data-start=\"2019\" data-end=\"2406\"><strong data-start=\"2019\" data-end=\"2065\">Ochrana TPU a EVA tam, kde je to najd\u00f4le\u017eitej\u0161ie<\/strong><br data-start=\"2065\" data-end=\"2068\" \/>Na minimaliz\u00e1ciu zranen\u00ed pri n\u00e1raze s\u00fa rukavice vybaven\u00e9 <strong data-start=\"2129\" data-end=\"2155\">Chr\u00e1ni\u010de k\u013abov z TPU<\/strong> - \u013eahk\u00fd, ale ve\u013emi odoln\u00fd termoplastick\u00fd pl\u00e1\u0161\u0165, ktor\u00fd rozpty\u013euje silu. <strong data-start=\"2233\" data-end=\"2258\">Ochrana z gumy EVA<\/strong> je integrovan\u00e1 na zadn\u00fdch prstoch aj na man\u017eete, \u010d\u00edm poskytuje kritick\u00e9 krytie citliv\u00fdch oblast\u00ed n\u00e1chyln\u00fdch na po\u0161kodenie pri p\u00e1de alebo n\u00e1hlom zastaven\u00ed.<\/p>\n<p data-start=\"2408\" data-end=\"2812\"><strong data-start=\"2408\" data-end=\"2449\">V\u00fdstu\u017e na dlani pre bezpe\u010dn\u00fd \u00fachop<\/strong><br data-start=\"2449\" data-end=\"2452\" \/>V oblasti dlan\u00ed sa nach\u00e1dzaj\u00fa <strong data-start=\"2475\" data-end=\"2495\">Ko\u017ea GoatSkin<\/strong> roz\u0161\u00edren\u00e9 o <strong data-start=\"2510\" data-end=\"2545\">Ko\u017een\u00e9 v\u00fdstu\u017ee GoatSkin<\/strong> a intern\u00e9 <strong data-start=\"2559\" data-end=\"2575\">penov\u00e9 polstrovanie<\/strong>. T\u00e1to kombin\u00e1cia pon\u00faka jazdcom vynikaj\u00facu pri\u013enavos\u0165 a zv\u00fd\u0161en\u00fa odolnos\u0165 vo\u010di n\u00e1razom, \u010do je u\u017eito\u010dn\u00e9 najm\u00e4 po\u010das dlh\u00fdch j\u00e1zd alebo v ter\u00e9ne. Reli\u00e9fna text\u00fara zlep\u0161uje kontrolu nad uchopen\u00edm a zni\u017euje \u00fanavu pri zachovan\u00ed priedu\u0161nosti.<\/p>\n<p data-start=\"2814\" data-end=\"3068\"><strong data-start=\"2814\" data-end=\"2850\">Spo\u013eahliv\u00e9 uchytenie pomocou such\u00e9ho zipsu<\/strong><br data-start=\"2850\" data-end=\"2853\" \/>Nastavite\u013en\u00e9 <strong data-start=\"2864\" data-end=\"2881\">Popruhy na such\u00fd zips<\/strong> na z\u00e1p\u00e4st\u00ed pom\u00e1haj\u00fa zabezpe\u010di\u0165 individu\u00e1lne a pohodln\u00e9 nosenie. Toto bezpe\u010dn\u00e9 zap\u00ednanie zaru\u010duje, \u017ee rukavice zostan\u00fa na svojom mieste po\u010das intenz\u00edvnej aktivity, \u010d\u00edm sa eliminuje rozpty\u013eovanie a zvy\u0161uje sebad\u00f4vera jazdca.<\/p>\n<p data-start=\"3070\" data-end=\"3387\"><strong data-start=\"3070\" data-end=\"3101\">\u0160t\u00fdlov\u00fd a funk\u010dn\u00fd dizajn<\/strong><br data-start=\"3101\" data-end=\"3104\" \/>Tieto rukavice s\u00fa nielen funk\u010dn\u00e9, ale aj vizu\u00e1lne n\u00e1padn\u00e9. Pon\u00fakaj\u00fa sa v <strong data-start=\"3175\" data-end=\"3217\">\u010dierne, biele, \u010derven\u00e9 a modr\u00e9 varianty<\/strong>, dop\u013a\u0148aj\u00fa r\u00f4zne jazdeck\u00e9 obleky a dod\u00e1vaj\u00fa im osobn\u00fd \u0161t\u00fdl. V\u010faka reli\u00e9fnej kozej ko\u017ei a elegantn\u00fdm chr\u00e1ni\u010dom k\u013abov tieto rukavice vynikn\u00fa v dave.<\/p>\n<p data-start=\"3389\" data-end=\"3734\"><strong data-start=\"3389\" data-end=\"3436\">Testovan\u00e9 a certifikovan\u00e9 pod\u013ea eur\u00f3pskych noriem<\/strong><br data-start=\"3436\" data-end=\"3439\" \/>Rukavice MBWG 9999-0118 s\u00fa testovan\u00e9 a certifikovan\u00e9 pod\u013ea <strong data-start=\"3503\" data-end=\"3512\">SK420<\/strong> a <strong data-start=\"3517\" data-end=\"3534\">EN 13594:2015<\/strong>, ktor\u00e9 sp\u013a\u0148aj\u00fa eur\u00f3pske bezpe\u010dnostn\u00e9 normy pre osobn\u00e9 ochrann\u00e9 prostriedky (OOP). T\u00e1to certifik\u00e1cia zaru\u010duje, \u017ee s\u00fa vhodn\u00e9 na pou\u017e\u00edvanie na cest\u00e1ch a poskytuj\u00fa potrebn\u00fa ochranu v pr\u00edpade nehody.<\/p>\n<p data-start=\"3736\" data-end=\"3761\"><strong data-start=\"3736\" data-end=\"3759\">Ide\u00e1lne aplik\u00e1cie:<\/strong><\/p>\n<ul data-start=\"3762\" data-end=\"3927\">\n<li data-start=\"3762\" data-end=\"3790\">\n<p data-start=\"3764\" data-end=\"3790\">Jazda na motocykli na ulici<\/p>\n<\/li>\n<li data-start=\"3791\" data-end=\"3814\">\n<p data-start=\"3793\" data-end=\"3814\">Profesion\u00e1lne preteky<\/p>\n<\/li>\n<li data-start=\"3815\" data-end=\"3849\">\n<p data-start=\"3817\" data-end=\"3849\">Turistick\u00e1 a dia\u013ekov\u00e1 jazda<\/p>\n<\/li>\n<li data-start=\"3850\" data-end=\"3885\">\n<p data-start=\"3852\" data-end=\"3885\">Motokrosov\u00e9 a ter\u00e9nne dobrodru\u017estv\u00e1<\/p>\n<\/li>\n<li data-start=\"3886\" data-end=\"3927\">\n<p data-start=\"3888\" data-end=\"3927\">Zimn\u00e1 cyklistika (s podkladov\u00fdmi rukavicami)<\/p>\n<\/li>\n<\/ul>\n<p data-start=\"3929\" data-end=\"3954\"><strong data-start=\"3929\" data-end=\"3952\">Najd\u00f4le\u017eitej\u0161ie vlastnosti produktu:<\/strong><\/p>\n<ul data-start=\"3955\" data-end=\"4379\">\n<li data-start=\"3955\" data-end=\"3991\">\n<p data-start=\"3957\" data-end=\"3991\">Kon\u0161trukcia z materi\u00e1lu Twill back<\/p>\n<\/li>\n<li data-start=\"3992\" data-end=\"4039\">\n<p data-start=\"3994\" data-end=\"4039\">Pr\u00e9miov\u00e9 ko\u017een\u00e9 n\u00e1\u0161ivky GoatSkin na prstoch<\/p>\n<\/li>\n<li data-start=\"4040\" data-end=\"4088\">\n<p data-start=\"4042\" data-end=\"4088\">Ochrana k\u013abov z TPU na tlmenie n\u00e1razov<\/p>\n<\/li>\n<li data-start=\"4089\" data-end=\"4138\">\n<p data-start=\"4091\" data-end=\"4138\">Gumov\u00e9 v\u00fdstuhy EVA na prstoch a man\u017eete<\/p>\n<\/li>\n<li data-start=\"4139\" data-end=\"4188\">\n<p data-start=\"4141\" data-end=\"4188\">Dla\u0148 vystlan\u00e1 penou s v\u00fdstu\u017eami GoatSkin<\/p>\n<\/li>\n<li data-start=\"4189\" data-end=\"4236\">\n<p data-start=\"4191\" data-end=\"4236\">Reli\u00e9fna kozia ko\u017ea pre \u0161t\u00fdlov\u00e9 detaily<\/p>\n<\/li>\n<li data-start=\"4237\" data-end=\"4285\">\n<p data-start=\"4239\" data-end=\"4285\">Bezpe\u010dn\u00e9 zap\u00ednanie na such\u00fd zips na prisp\u00f4sobenie<\/p>\n<\/li>\n<li data-start=\"4286\" data-end=\"4331\">\n<p data-start=\"4288\" data-end=\"4331\">K dispoz\u00edcii v \u0161tyroch v\u00fdrazn\u00fdch farebn\u00fdch variantoch<\/p>\n<\/li>\n<li data-start=\"4332\" data-end=\"4379\">\n<p data-start=\"4334\" data-end=\"4379\">Certifikovan\u00e9 pod\u013ea noriem EN420 a EN13594:2015<\/p>\n<\/li>\n<\/ul>\n<p data-start=\"4381\" data-end=\"4605\">\u010ci u\u017e sa pohybujete v mestskej prem\u00e1vke, alebo sa vyd\u00e1vate na cestu naprie\u010d krajinou. <strong data-start=\"4465\" data-end=\"4489\">RYINZ MBWG 9999-0118<\/strong> Rukavice poskytuj\u00fa v\u00fdnimo\u010dn\u00fa ochranu, vynikaj\u00faci komfort a \u0161t\u00fdl, ktor\u00fd zaujme - v\u0161etko, \u010do seri\u00f3zny jazdec potrebuje.<\/p>","protected":false},"excerpt":{"rendered":"<p>Predstavujeme vysoko v\u00fdkonn\u00e9 motocyklov\u00e9 rukavice RYINZ MBWG 9999-0118 - vytvoren\u00e9 pre jazdcov, ktor\u00ed vy\u017eaduj\u00fa vynikaj\u00facu ochranu, pohodlie a \u0161t\u00fdl. Tieto rukavice maj\u00fa robustn\u00fd chrb\u00e1t z keprovej tkaniny vylep\u0161en\u00fd z\u00e1platami z kozej ko\u017ee, ochrann\u00fdmi prvkami z gumy EVA a pancierom k\u013abov z TPU, ktor\u00fd chr\u00e1ni va\u0161e ruky v t\u00fdch najextr\u00e9mnej\u0161\u00edch podmienkach. Man\u017eeta obsahuje dodato\u010dn\u00fa ochranu z gumy EVA pre stabilitu z\u00e1p\u00e4stia, zatia\u013e \u010do dla\u0148 je vystu\u017een\u00e1 kozej ko\u017eou a strategickou penovou v\u00fdpl\u0148ou pre celodenn\u00e9 pohodlie a tlmenie n\u00e1razov. Zap\u00ednanie na such\u00fd zips zais\u0165uje bezpe\u010dn\u00e9 uchytenie, zatia\u013e \u010do reli\u00e9fna ko\u017ea z kozej ko\u017ee dod\u00e1va punc sofistikovanosti. Tieto rukavice s\u00fa certifikovan\u00e9 pod\u013ea noriem EN420 a EN 13594:2015 a s\u00fa k dispoz\u00edcii vo viacer\u00fdch farebn\u00fdch variantoch, aby sa hodili k va\u0161ej jazdeckej v\u00fdbave. Ide\u00e1lne pre profesion\u00e1lov, dia\u013ekov\u00fdch cyklistov a mestsk\u00fdch jazdcov, ktor\u00ed h\u013eadaj\u00fa kvalitu, ktor\u00e1 vydr\u017e\u00ed.<\/p>","protected":false},"featured_media":9285,"comment_status":"closed","ping_status":"closed","template":"","meta":[],"product_brand":[35],"product_cat":[68],"product_tag":[353,354,355,356,357,358,359,360,361,362,363,364,365,366,367,368,369,370,371,372],"class_list":{"0":"post-9181","1":"product","2":"type-product","3":"status-publish","4":"has-post-thumbnail","6":"product_brand-ryinz","7":"product_cat-ryinz","8":"product_tag-b2b-leather-racing-gloves-eu","9":"product_tag-breathable-biker-gloves-custom","10":"product_tag-chrom-vi-free-gloves-for-sale","11":"product_tag-custom-logo-biker-gloves-eu","12":"product_tag-custom-motorcycle-gloves-ryinz","13":"product_tag-eu-style-racing-gloves-design","14":"product_tag-gel-padded-motorbike-gloves","15":"product_tag-goat-leather-racing-gloves-eu","16":"product_tag-high-grip-motorcycle-gloves-eu","17":"product_tag-hook-loop-secure-wrist-gloves","18":"product_tag-motorbike-gloves-premium-leather","19":"product_tag-premium-goat-leather-gloves-ryinz","20":"product_tag-racing-gloves-with-gel-closure","21":"product_tag-reinforced-finger-gloves-ryinz","22":"product_tag-rubber-knuckle-gloves-ryinz","23":"product_tag-ryinz-blue-white-racing-gloves","24":"product_tag-synthetic-patch-biker-gloves","25":"product_tag-tpu-knuckle-biker-gloves-bulk","26":"product_tag-track-ready-motorbike-gloves-eu","27":"product_tag-wrist-strap-leather-bike-gloves","29":"first","30":"instock","31":"taxable","32":"shipping-taxable","33":"purchasable","34":"product-type-simple"},"_links":{"self":[{"href":"https:\/\/ryinz.cz\/velkoobchod\/sk\/wp-json\/wp\/v2\/product\/9181","targetHints":{"allow":["GET"]}}],"collection":[{"href":"https:\/\/ryinz.cz\/velkoobchod\/sk\/wp-json\/wp\/v2\/product"}],"about":[{"href":"https:\/\/ryinz.cz\/velkoobchod\/sk\/wp-json\/wp\/v2\/types\/product"}],"replies":[{"embeddable":true,"href":"https:\/\/ryinz.cz\/velkoobchod\/sk\/wp-json\/wp\/v2\/comments?post=9181"}],"wp:featuredmedia":[{"embeddable":true,"href":"https:\/\/ryinz.cz\/velkoobchod\/sk\/wp-json\/wp\/v2\/media\/9285"}],"wp:attachment":[{"href":"https:\/\/ryinz.cz\/velkoobchod\/sk\/wp-json\/wp\/v2\/media?parent=9181"}],"wp:term":[{"taxonomy":"product_brand","embeddable":true,"href":"https:\/\/ryinz.cz\/velkoobchod\/sk\/wp-json\/wp\/v2\/product_brand?post=9181"},{"taxonomy":"product_cat","embeddable":true,"href":"https:\/\/ryinz.cz\/velkoobchod\/sk\/wp-json\/wp\/v2\/product_cat?post=9181"},{"taxonomy":"product_tag","embeddable":true,"href":"https:\/\/ryinz.cz\/velkoobchod\/sk\/wp-json\/wp\/v2\/product_tag?post=9181"}],"curies":[{"name":"wp","href":"https:\/\/api.w.org\/{rel}","templated":true}]}}