{"id":9180,"date":"2025-08-26T11:48:34","date_gmt":"2025-08-26T11:48:34","guid":{"rendered":"https:\/\/ryinz.cz\/velkoobchod\/?post_type=product&#038;p=9180"},"modified":"2026-01-18T20:18:03","modified_gmt":"2026-01-18T20:18:03","slug":"premiove-takticke-rukavice-na-motorku-pre-zavodne-hliadky-velkoobchod-kozia-koza-s-ochranou-prstov-tpu-eva","status":"publish","type":"product","link":"https:\/\/ryinz.cz\/velkoobchod\/sk\/product\/premium-tactical-motorbike-gloves-for-racing-patrol-wholesale-goatskin-leather-with-tpu-eva-finger-protection\/","title":{"rendered":"Pr\u00e9miov\u00e9 taktick\u00e9 rukavice na motorku na preteky, hliadkovanie a ve\u013ekoobchod - ko\u017ea GoatSkin s ochranou prstov z TPU a EVA"},"content":{"rendered":"<p>&nbsp;<\/p>\n<p data-start=\"729\" data-end=\"1150\">Predstavujeme <strong data-start=\"745\" data-end=\"780\">Rukavice Ryinz Tactical Motorbike<\/strong>, vyroben\u00e9 z materi\u00e1lov novej gener\u00e1cie a \u0161pi\u010dkov\u00e9ho remeseln\u00e9ho spracovania, aby sl\u00fa\u017eili <strong data-start=\"855\" data-end=\"907\">jazdci, jednotky presadzovania pr\u00e1va, ve\u013ekoobchodn\u00ed z\u00e1kazn\u00edci<\/strong>, a <strong data-start=\"913\" data-end=\"938\">zna\u010dky motocyklov\u00e9ho vybavenia<\/strong> prec\u00edzne a kvalitne. Tieto rukavice s\u00fa navrhnut\u00e9 pre odolnos\u0165, taktick\u00fa mobilitu a ochrann\u00fa istotu v najn\u00e1ro\u010dnej\u0161\u00edch podmienkach - \u010di u\u017e sa r\u00fatite po trati, alebo hliadkujete v uliciach.<\/p>\n<p data-start=\"1152\" data-end=\"1609\"><strong data-start=\"1152\" data-end=\"1175\">Materi\u00e1lov\u00e1 dokonalos\u0165<\/strong><br data-start=\"1175\" data-end=\"1178\" \/>Vrchn\u00fd pl\u00e1\u0161\u0165 je vyroben\u00fd z <strong data-start=\"1210\" data-end=\"1234\">odoln\u00e1 keprov\u00e1 tkanina<\/strong> pon\u00faka \u013eahk\u00fa flexibilitu s vysokou pevnos\u0165ou v \u0165ahu. Je vystu\u017een\u00e1 <strong data-start=\"1317\" data-end=\"1345\">Ko\u017een\u00e9 n\u00e1\u0161ivky GoatSkin<\/strong> strategicky umiestnen\u00e9 nad v\u0161etk\u00fdmi oblas\u0165ami n\u00e1chyln\u00fdmi na n\u00e1razy vr\u00e1tane <strong data-start=\"1405\" data-end=\"1429\">prsty a man\u017eeta<\/strong>. Gumov\u00e9 polstrovanie EVA chr\u00e1ni zranite\u013en\u00e9 z\u00f3ny a z\u00e1rove\u0148 umo\u017e\u0148uje plynul\u00fa artikul\u00e1ciu r\u00fak. Na str\u00e1nke . <strong data-start=\"1520\" data-end=\"1545\">Chr\u00e1ni\u010d k\u013abov z TPU<\/strong> pon\u00faka ochranu proti vysok\u00fdm n\u00e1razom bez obmedzenia rozsahu pohybu.<\/p>\n<p data-start=\"1611\" data-end=\"1648\"><strong data-start=\"1611\" data-end=\"1646\">Zv\u00fd\u0161en\u00e1 ochrana a pohodlie<\/strong><\/p>\n<ul data-start=\"1649\" data-end=\"2286\">\n<li data-start=\"1649\" data-end=\"1838\">\n<p data-start=\"1651\" data-end=\"1838\"><strong data-start=\"1651\" data-end=\"1659\">Palm<\/strong>: Vyroben\u00e9 z vysokokvalitn\u00fdch <strong data-start=\"1685\" data-end=\"1705\">Ko\u017ea GoatSkin<\/strong>, posilnen\u00e9 pomocou \u010fal\u0161\u00edch <strong data-start=\"1735\" data-end=\"1754\">Panely GoatSkin<\/strong>, ktor\u00e9 poskytuj\u00fa odolnos\u0165 proti oderu a lep\u0161iu pri\u013enavos\u0165, najm\u00e4 za mokra.<\/p>\n<\/li>\n<li data-start=\"1839\" data-end=\"1960\">\n<p data-start=\"1841\" data-end=\"1960\"><strong data-start=\"1841\" data-end=\"1849\">Sp\u00e4\u0165<\/strong>: Obsahuje gumov\u00fa ochranu EVA na prstoch, ktor\u00e1 poskytuje dodato\u010dn\u00e9 odpru\u017eenie pri drsnej jazde a n\u00e1hodn\u00fdch n\u00e1razoch.<\/p>\n<\/li>\n<li data-start=\"1961\" data-end=\"2097\">\n<p data-start=\"1963\" data-end=\"2097\"><strong data-start=\"1963\" data-end=\"1975\">Knuckles<\/strong>: Chr\u00e1nen\u00e9 ergonomick\u00fdm <strong data-start=\"2002\" data-end=\"2015\">Pancier TPU<\/strong> navrhnut\u00e9 tak, aby absorbovali n\u00e1razy a zabr\u00e1nili zlomenin\u00e1m pri n\u00e1razoch alebo tvrdom kontakte.<\/p>\n<\/li>\n<li data-start=\"2098\" data-end=\"2286\">\n<p data-start=\"2100\" data-end=\"2286\"><strong data-start=\"2100\" data-end=\"2116\">Z\u00e1p\u00e4stie a man\u017eeta<\/strong>: Rukavice maj\u00fa tieto vlastnosti <strong data-start=\"2137\" data-end=\"2177\">Ko\u017een\u00fd uz\u00e1ver GoatSkin so such\u00fdm zipsom<\/strong>, ktor\u00e9 poskytuj\u00fa nastavite\u013en\u00e9 a bezpe\u010dn\u00e9 uchytenie, v\u010faka \u010domu sa \u013eahko nasadzuj\u00fa a vyzliekaj\u00fa bez toho, aby bola ohrozen\u00e1 stabilita.<\/p>\n<\/li>\n<\/ul>\n<p data-start=\"2288\" data-end=\"2659\"><strong data-start=\"2288\" data-end=\"2315\">V\u00fdkon a pou\u017eite\u013enos\u0165<\/strong><br data-start=\"2315\" data-end=\"2318\" \/>Ur\u010den\u00e9 pre <strong data-start=\"2331\" data-end=\"2354\">profesion\u00e1lni cyklisti<\/strong>, <strong data-start=\"2356\" data-end=\"2381\">vojensk\u00e9 hliadkov\u00e9 jednotky<\/strong>, <strong data-start=\"2383\" data-end=\"2401\">bezpe\u010dnos\u0165 v mest\u00e1ch<\/strong>, a <strong data-start=\"2407\" data-end=\"2426\">maloobchodn\u00ed partneri<\/strong>, tieto rukavice zachov\u00e1vaj\u00fa dokonal\u00fa rovnov\u00e1hu medzi odolnos\u0165ou, taktickou jemnos\u0165ou a priedu\u0161nos\u0165ou. V\u010faka chr\u00e1ni\u010dom EVA a TPU s\u00fa mimoriadne bezpe\u010dn\u00e9, zatia\u013e \u010do penov\u00e9 polstrovanie integrovan\u00e9 vo vn\u00fatri zais\u0165uje pohodln\u00fd \u00fachop pri dlh\u00fdch jazd\u00e1ch.<\/p>\n<p data-start=\"2661\" data-end=\"3036\"><strong data-start=\"2661\" data-end=\"2696\">Dodr\u017eiavanie medzin\u00e1rodn\u00fdch bezpe\u010dnostn\u00fdch predpisov<\/strong><br data-start=\"2696\" data-end=\"2699\" \/>Tieto rukavice sa vyr\u00e1baj\u00fa pod\u013ea <strong data-start=\"2739\" data-end=\"2765\">EN420 a EN13594:2015<\/strong> eur\u00f3pske bezpe\u010dnostn\u00e9 normy, v\u010faka \u010domu s\u00fa ide\u00e1lne pre <strong data-start=\"2815\" data-end=\"2825\">export<\/strong>, <strong data-start=\"2827\" data-end=\"2845\">hromadn\u00fd predaj B2B<\/strong>, a <strong data-start=\"2851\" data-end=\"2891\">vl\u00e1dne alebo organiza\u010dn\u00e9 tendre<\/strong> kde je dodr\u017eiavanie predpisov nevyhnutn\u00e9. \u010ci u\u017e objedn\u00e1vate na \u010fal\u0161\u00ed predaj, t\u00edmov\u00fa v\u00fdbavu alebo vlastn\u00fa zna\u010dku - spolo\u010dnos\u0165 Ryinz zaru\u010duje \u0161pi\u010dkov\u00fa spo\u013eahlivos\u0165.<\/p>\n<p data-start=\"3038\" data-end=\"3282\"><strong data-start=\"3038\" data-end=\"3059\">Dizajn a branding<\/strong><br data-start=\"3059\" data-end=\"3062\" \/>Rukavice s\u00fa vybaven\u00e9 jemn\u00fdm, ale p\u00f4sobiv\u00fdm <strong data-start=\"3106\" data-end=\"3129\">Vyrazen\u00e9 logo RYINZ<\/strong> na z\u00e1p\u00e4st\u00ed, \u010do posil\u0148uje prest\u00ed\u017e zna\u010dky a vidite\u013enos\u0165 pre maloobchodn\u00edkov a distrib\u00fatorov. Pri hromadn\u00fdch objedn\u00e1vkach OEM s\u00fa k dispoz\u00edcii vlastn\u00e9 farby a log\u00e1.<\/p>\n<p data-start=\"3284\" data-end=\"3302\"><strong data-start=\"3284\" data-end=\"3300\">Aplik\u00e1cie<\/strong><\/p>\n<ul data-start=\"3303\" data-end=\"3534\">\n<li data-start=\"3303\" data-end=\"3348\">\n<p data-start=\"3305\" data-end=\"3348\">Motocyklov\u00e9 preteky a dia\u013ekov\u00e9 jazdy<\/p>\n<\/li>\n<li data-start=\"3349\" data-end=\"3390\">\n<p data-start=\"3351\" data-end=\"3390\">Policajn\u00e9 a vojensk\u00e9 motocyklov\u00e9 hliadky<\/p>\n<\/li>\n<li data-start=\"3391\" data-end=\"3438\">\n<p data-start=\"3393\" data-end=\"3438\">Profesion\u00e1li v oblasti taktickej bezpe\u010dnosti a obrany<\/p>\n<\/li>\n<li data-start=\"3439\" data-end=\"3479\">\n<p data-start=\"3441\" data-end=\"3479\">Pracovn\u00edci dod\u00e1vok a vonkaj\u0161\u00edch slu\u017eieb<\/p>\n<\/li>\n<li data-start=\"3480\" data-end=\"3534\">\n<p data-start=\"3482\" data-end=\"3534\">Ve\u013ekoobchodn\u00ed n\u00e1kupcovia a maloobchodn\u00ed predajcovia osobn\u00fdch ochrann\u00fdch pracovn\u00fdch prostriedkov v E\u00da, Spojenom kr\u00e1\u013eovstve a USA<\/p>\n<\/li>\n<\/ul>\n<p data-start=\"3536\" data-end=\"3720\"><strong data-start=\"3536\" data-end=\"3551\">Ve\u013ekosti &amp; MOQ<\/strong><br data-start=\"3551\" data-end=\"3554\" \/>K dispoz\u00edcii s\u00fa \u0161tandardn\u00e9 ve\u013ekosti (S-XXL). Vlastn\u00e9 ve\u013ekosti a po\u017eiadavky OEM v\u00edtan\u00e9. Minim\u00e1lne mno\u017estvo objedn\u00e1vky (MOQ) m\u00f4\u017ee by\u0165 prisp\u00f4soben\u00e9 alebo skryt\u00e9 v z\u00e1vislosti od va\u0161ej cie\u013eovej strat\u00e9gie.<\/p>","protected":false},"excerpt":{"rendered":"<p>Tieto rukavice Ryinz s\u00fa navrhnut\u00e9 pre v\u00e1\u017enych jazdcov a taktick\u00fdch pou\u017e\u00edvate\u013eov. <strong data-start=\"390\" data-end=\"404\">keprov\u00e1 zadn\u00e1 strana<\/strong>, <strong data-start=\"406\" data-end=\"431\">Dla\u0148 z ko\u017ee GoatSkin<\/strong>, <strong data-start=\"433\" data-end=\"459\">vystu\u017een\u00e9 polstrovanie EVA<\/strong>, a <strong data-start=\"465\" data-end=\"488\">\u0160t\u00edty k\u013abov z TPU<\/strong> pre maxim\u00e1lnu odolnos\u0165, pohodlie a bezpe\u010dnos\u0165. Ide\u00e1lne na preteky, hliadkovanie a n\u00e1ro\u010dn\u00fa jazdu za ka\u017ed\u00e9ho po\u010dasia, plne v s\u00falade s normami EN420 a EN13594:2015.<\/p>","protected":false},"featured_media":9284,"comment_status":"closed","ping_status":"closed","template":"","meta":[],"product_brand":[35],"product_cat":[68],"product_tag":[353,354,355,356,357,358,359,360,361,362,363,364,365,366,367,368,369,370,371,372],"class_list":{"0":"post-9180","1":"product","2":"type-product","3":"status-publish","4":"has-post-thumbnail","6":"product_brand-ryinz","7":"product_cat-ryinz","8":"product_tag-b2b-leather-racing-gloves-eu","9":"product_tag-breathable-biker-gloves-custom","10":"product_tag-chrom-vi-free-gloves-for-sale","11":"product_tag-custom-logo-biker-gloves-eu","12":"product_tag-custom-motorcycle-gloves-ryinz","13":"product_tag-eu-style-racing-gloves-design","14":"product_tag-gel-padded-motorbike-gloves","15":"product_tag-goat-leather-racing-gloves-eu","16":"product_tag-high-grip-motorcycle-gloves-eu","17":"product_tag-hook-loop-secure-wrist-gloves","18":"product_tag-motorbike-gloves-premium-leather","19":"product_tag-premium-goat-leather-gloves-ryinz","20":"product_tag-racing-gloves-with-gel-closure","21":"product_tag-reinforced-finger-gloves-ryinz","22":"product_tag-rubber-knuckle-gloves-ryinz","23":"product_tag-ryinz-blue-white-racing-gloves","24":"product_tag-synthetic-patch-biker-gloves","25":"product_tag-tpu-knuckle-biker-gloves-bulk","26":"product_tag-track-ready-motorbike-gloves-eu","27":"product_tag-wrist-strap-leather-bike-gloves","29":"first","30":"instock","31":"taxable","32":"shipping-taxable","33":"purchasable","34":"product-type-simple"},"_links":{"self":[{"href":"https:\/\/ryinz.cz\/velkoobchod\/sk\/wp-json\/wp\/v2\/product\/9180","targetHints":{"allow":["GET"]}}],"collection":[{"href":"https:\/\/ryinz.cz\/velkoobchod\/sk\/wp-json\/wp\/v2\/product"}],"about":[{"href":"https:\/\/ryinz.cz\/velkoobchod\/sk\/wp-json\/wp\/v2\/types\/product"}],"replies":[{"embeddable":true,"href":"https:\/\/ryinz.cz\/velkoobchod\/sk\/wp-json\/wp\/v2\/comments?post=9180"}],"wp:featuredmedia":[{"embeddable":true,"href":"https:\/\/ryinz.cz\/velkoobchod\/sk\/wp-json\/wp\/v2\/media\/9284"}],"wp:attachment":[{"href":"https:\/\/ryinz.cz\/velkoobchod\/sk\/wp-json\/wp\/v2\/media?parent=9180"}],"wp:term":[{"taxonomy":"product_brand","embeddable":true,"href":"https:\/\/ryinz.cz\/velkoobchod\/sk\/wp-json\/wp\/v2\/product_brand?post=9180"},{"taxonomy":"product_cat","embeddable":true,"href":"https:\/\/ryinz.cz\/velkoobchod\/sk\/wp-json\/wp\/v2\/product_cat?post=9180"},{"taxonomy":"product_tag","embeddable":true,"href":"https:\/\/ryinz.cz\/velkoobchod\/sk\/wp-json\/wp\/v2\/product_tag?post=9180"}],"curies":[{"name":"wp","href":"https:\/\/api.w.org\/{rel}","templated":true}]}}