{"id":9179,"date":"2025-08-26T11:48:34","date_gmt":"2025-08-26T11:48:34","guid":{"rendered":"https:\/\/ryinz.cz\/velkoobchod\/?post_type=product&#038;p=9179"},"modified":"2026-01-18T20:18:02","modified_gmt":"2026-01-18T20:18:02","slug":"premiove-motocyklove-pretekarske-rukavice-pre-velkoobchodny-maloobchod-ochranny-prisposobitelny-vysoky-vykon-kozie-kozene-rukavice","status":"publish","type":"product","link":"https:\/\/ryinz.cz\/velkoobchod\/sk\/product\/premium-motorbike-racing-gloves-for-wholesale-retail-protective-customizable-high-performance-goat-leather-gloves\/","title":{"rendered":"Pr\u00e9miov\u00e9 pretek\u00e1rske rukavice na motorku pre ve\u013ekoobchod a maloobchod - ochrann\u00e9, prisp\u00f4sobite\u013en\u00e9, vysoko v\u00fdkonn\u00e9 rukavice z kozej ko\u017ee"},"content":{"rendered":"<p data-start=\"764\" data-end=\"1082\">Predstavujeme pretek\u00e1rske rukavice Ryinz Premium Motorbike Racing Gloves - kde sa maxim\u00e1lna ochrana stret\u00e1va s komfortom a funk\u010dnos\u0165ou pretek\u00e1rskej triedy. Tieto rukavice, vytvoren\u00e9 pre ve\u013ekoobchodn\u00fdch odberate\u013eov, pretek\u00e1rskych nad\u0161encov, motocyklov\u00e9 hliadky a maloobchodn\u00fdch predajcov vybavenia B2B, s\u00fa skon\u0161truovan\u00e9 s pou\u017eit\u00edm pokro\u010dil\u00fdch ochrann\u00fdch materi\u00e1lov a ergonomick\u00fdch kon\u0161truk\u010dn\u00fdch prvkov.<\/p>\n<p data-start=\"1084\" data-end=\"1410\"><strong data-start=\"1084\" data-end=\"1112\">Kon\u0161trukcia a materi\u00e1ly<\/strong><br data-start=\"1112\" data-end=\"1115\" \/>Tieto rukavice s\u00fa vyroben\u00e9 z prvotriednej kozej ko\u017ee (PCP), ktor\u00e1 zaru\u010duje v\u00fdnimo\u010dn\u00fa odolnos\u0165 proti oderu a z\u00e1rove\u0148 si zachov\u00e1va m\u00e4kk\u00fa pru\u017enos\u0165. Dla\u0148 je vybaven\u00e1 chr\u00f3mom bez VI, zosilnen\u00fdm ko\u017een\u00fdm prekryt\u00edm a \u010fal\u0161\u00edmi plastov\u00fdmi chr\u00e1ni\u010dmi pre dokonal\u00e9 tlmenie n\u00e1razov a kontrolu sp\u00e4tnej v\u00e4zby na ceste.<\/p>\n<p data-start=\"1412\" data-end=\"1754\">Str\u00e1nka <strong data-start=\"1416\" data-end=\"1437\">zadn\u00e1 strana rukavice<\/strong> je navrhnut\u00e1 s ochranou k\u013abov z TPU, ktor\u00fa dop\u013a\u0148aj\u00fa gumou vystu\u017een\u00e9 chr\u00e1ni\u010de na ka\u017edom prste pre v\u00e4\u010d\u0161iu odolnos\u0165 a pancier. Ka\u017ed\u00fd \u0161ev je prec\u00edzne zo\u0161it\u00fd pod\u013ea normy EN13594, \u010do zaru\u010duje, \u017ee tieto rukavice sp\u013a\u0148aj\u00fa a prekon\u00e1vaj\u00fa profesion\u00e1lne pretek\u00e1rske a bezpe\u010dnostn\u00e9 krit\u00e9ri\u00e1 v Eur\u00f3pe a na medzin\u00e1rodn\u00fdch trhoch.<\/p>\n<p data-start=\"1756\" data-end=\"1790\"><strong data-start=\"1756\" data-end=\"1788\">Funkcie zameran\u00e9 na v\u00fdkon<\/strong><\/p>\n<ul data-start=\"1791\" data-end=\"2372\">\n<li data-start=\"1791\" data-end=\"1906\">\n<p data-start=\"1793\" data-end=\"1906\"><strong data-start=\"1793\" data-end=\"1814\">TPU pancier na k\u013aby<\/strong>: Chr\u00e1ni pred n\u00e1razom a zraneniami sp\u00f4soben\u00fdmi sk\u013aznut\u00edm po\u010das pretekov vo vysok\u00fdch r\u00fdchlostiach alebo pri nehod\u00e1ch.<\/p>\n<\/li>\n<li data-start=\"1907\" data-end=\"2018\">\n<p data-start=\"1909\" data-end=\"2018\"><strong data-start=\"1909\" data-end=\"1931\">Popruh na such\u00fd zips na z\u00e1p\u00e4st\u00ed<\/strong>: Umo\u017e\u0148uje jednoduch\u00e9 nastavenie a bezpe\u010dn\u00e9 uchytenie bez oh\u013eadu na intenzitu jazdy.<\/p>\n<\/li>\n<li data-start=\"2019\" data-end=\"2119\">\n<p data-start=\"2021\" data-end=\"2119\"><strong data-start=\"2021\" data-end=\"2055\">Ochrana prstov z TPU a gumy<\/strong>: Chr\u00e1ni ka\u017ed\u00fd k\u013ab prsta pred odreninami a hyperextenziou.<\/p>\n<\/li>\n<li data-start=\"2120\" data-end=\"2248\">\n<p data-start=\"2122\" data-end=\"2248\"><strong data-start=\"2122\" data-end=\"2168\">Reli\u00e9fne zna\u010dky a viacero farebn\u00fdch mo\u017enost\u00ed<\/strong>: \u0160pi\u010dkov\u00fd vzh\u013ead a prisp\u00f4sobenie na propag\u00e1ciu zna\u010dky alebo dod\u00e1vku OEM.<\/p>\n<\/li>\n<li data-start=\"2249\" data-end=\"2372\">\n<p data-start=\"2251\" data-end=\"2372\"><strong data-start=\"2251\" data-end=\"2292\">Priedu\u0161n\u00e1 pod\u0161\u00edvka a vetracie z\u00f3ny<\/strong>: Udr\u017e\u00ed va\u0161e ruky v suchu a pohodl\u00ed aj po\u010das dlh\u00fdch j\u00e1zd alebo letn\u00fdch pretekov.<\/p>\n<\/li>\n<\/ul>\n<p data-start=\"2374\" data-end=\"2729\"><strong data-start=\"2374\" data-end=\"2396\">Bezpe\u010dnos\u0165 a normy<\/strong><br data-start=\"2396\" data-end=\"2399\" \/>Postaven\u00e9 pod\u013ea <strong data-start=\"2422\" data-end=\"2466\">Bezpe\u010dnostn\u00e1 norma EN13594 pre motocyklov\u00e9 rukavice<\/strong>, tento v\u00fdrobok je ide\u00e1lny pre policajn\u00e9 oddelenia na motocykloch, pretek\u00e1rske t\u00edmy, hliadky a distrib\u00fatorov bezpe\u010dnostn\u00e9ho vybavenia v Eur\u00f3pe, USA a \u00c1zii. Zosilnen\u00e1 oblas\u0165 dlane a syst\u00e9m pancierovania prstov pon\u00fakaj\u00fa rozsiahlu ochranu na profesion\u00e1lne aj be\u017en\u00e9 pou\u017eitie.<\/p>\n<p data-start=\"2731\" data-end=\"3081\"><strong data-start=\"2731\" data-end=\"2768\">Ve\u013ekoobchod a prisp\u00f4sobenie pripraven\u00e9<\/strong><br data-start=\"2768\" data-end=\"2771\" \/>Tieto rukavice s\u00fa pon\u00fakan\u00e9 v \u010dervenej, zelenej, modrej a \u010diernobielej farbe. <strong data-start=\"2843\" data-end=\"2865\">plne prisp\u00f4sobite\u013en\u00e9<\/strong> s logom va\u0161ej zna\u010dky, farbami alebo \u010fal\u0161\u00edmi funkciami na po\u017eiadanie. Ide\u00e1lne pre predajcov, ve\u013ekoobchodn\u00fdch klientov B2B a za\u010d\u00ednaj\u00facich v\u00fdrobcov, ktor\u00ed chc\u00fa vytvori\u0165 produktov\u00fd rad bez toho, aby museli robi\u0165 kompromisy v oblasti kvality alebo dodr\u017eiavania predpisov.<\/p>\n<p data-start=\"3083\" data-end=\"3098\"><strong data-start=\"3083\" data-end=\"3096\">Pr\u00edpady pou\u017eitia<\/strong><\/p>\n<ul data-start=\"3099\" data-end=\"3279\">\n<li data-start=\"3099\" data-end=\"3120\">\n<p data-start=\"3101\" data-end=\"3120\">Motocyklov\u00e9 preteky<\/p>\n<\/li>\n<li data-start=\"3121\" data-end=\"3161\">\n<p data-start=\"3123\" data-end=\"3161\">Policajn\u00e9 a vojensk\u00e9 motocyklov\u00e9 hliadky<\/p>\n<\/li>\n<li data-start=\"3162\" data-end=\"3183\">\n<p data-start=\"3164\" data-end=\"3183\">Obchody s vlastn\u00fdm v\u00fdstrojom<\/p>\n<\/li>\n<li data-start=\"3184\" data-end=\"3208\">\n<p data-start=\"3186\" data-end=\"3208\">Jazdeck\u00e9 kluby v pr\u00edrode<\/p>\n<\/li>\n<li data-start=\"3209\" data-end=\"3249\">\n<p data-start=\"3211\" data-end=\"3249\">Bezpe\u010dnostn\u00e9 a taktick\u00e9 z\u00e1sahov\u00e9 t\u00edmy<\/p>\n<\/li>\n<li data-start=\"3250\" data-end=\"3279\">\n<p data-start=\"3252\" data-end=\"3279\">Eur\u00f3pski distrib\u00fatori OOP<\/p>\n<\/li>\n<\/ul>\n<p data-start=\"3281\" data-end=\"3493\"><strong data-start=\"3281\" data-end=\"3300\">Balenie a MOQ<\/strong><br data-start=\"3300\" data-end=\"3303\" \/>K dispoz\u00edcii je \u0161tandardn\u00e9 alebo pr\u00e9miov\u00e9 balenie. MOQ flexibiln\u00e9 na po\u017eiadanie. Objedn\u00e1vky OEM a s\u00fakromn\u00fdch zna\u010diek s\u00fa v\u00edtan\u00e9. MOQ m\u00f4\u017ee zosta\u0165 skryt\u00e9 na platform\u00e1ch pre \u0161ir\u0161iu vidite\u013enos\u0165 pre v\u0161etk\u00fdch potenci\u00e1lnych klientov.<\/p>","protected":false},"excerpt":{"rendered":"<p data-pm-slice=\"1 1 []\">Tieto pr\u00e9miov\u00e9 pretek\u00e1rske rukavice Ryinz s\u00fa ur\u010den\u00e9 pre v\u00e1\u017enych jazdcov a sp\u00e1jaj\u00fa pokro\u010dil\u00fa ochranu, flexibilitu a v\u00fdkon s prisp\u00f4soben\u00edm na mieru. S\u00fa vyroben\u00e9 z vysokokvalitnej kozej ko\u017ee, chr\u00e1ni\u010dov k\u013abov z TPU a zap\u00ednania na such\u00fd zips pre bezpe\u010dnos\u0165 z\u00e1p\u00e4stia, s\u00fa ide\u00e1lne na preteky, ka\u017edodenn\u00e9 jazdy alebo hliadkovanie. Tieto rukavice, dostupn\u00e9 vo viacer\u00fdch farb\u00e1ch, sp\u013a\u0148aj\u00fa normy EN13594 pre bezpe\u010dnos\u0165 a odolnos\u0165.<\/p>","protected":false},"featured_media":9283,"comment_status":"closed","ping_status":"closed","template":"","meta":[],"product_brand":[35],"product_cat":[68],"product_tag":[353,354,355,356,357,358,359,360,361,362,363,364,365,366,367,368,369,370,371,372],"class_list":{"0":"post-9179","1":"product","2":"type-product","3":"status-publish","4":"has-post-thumbnail","6":"product_brand-ryinz","7":"product_cat-ryinz","8":"product_tag-b2b-leather-racing-gloves-eu","9":"product_tag-breathable-biker-gloves-custom","10":"product_tag-chrom-vi-free-gloves-for-sale","11":"product_tag-custom-logo-biker-gloves-eu","12":"product_tag-custom-motorcycle-gloves-ryinz","13":"product_tag-eu-style-racing-gloves-design","14":"product_tag-gel-padded-motorbike-gloves","15":"product_tag-goat-leather-racing-gloves-eu","16":"product_tag-high-grip-motorcycle-gloves-eu","17":"product_tag-hook-loop-secure-wrist-gloves","18":"product_tag-motorbike-gloves-premium-leather","19":"product_tag-premium-goat-leather-gloves-ryinz","20":"product_tag-racing-gloves-with-gel-closure","21":"product_tag-reinforced-finger-gloves-ryinz","22":"product_tag-rubber-knuckle-gloves-ryinz","23":"product_tag-ryinz-blue-white-racing-gloves","24":"product_tag-synthetic-patch-biker-gloves","25":"product_tag-tpu-knuckle-biker-gloves-bulk","26":"product_tag-track-ready-motorbike-gloves-eu","27":"product_tag-wrist-strap-leather-bike-gloves","29":"first","30":"instock","31":"taxable","32":"shipping-taxable","33":"purchasable","34":"product-type-simple"},"_links":{"self":[{"href":"https:\/\/ryinz.cz\/velkoobchod\/sk\/wp-json\/wp\/v2\/product\/9179","targetHints":{"allow":["GET"]}}],"collection":[{"href":"https:\/\/ryinz.cz\/velkoobchod\/sk\/wp-json\/wp\/v2\/product"}],"about":[{"href":"https:\/\/ryinz.cz\/velkoobchod\/sk\/wp-json\/wp\/v2\/types\/product"}],"replies":[{"embeddable":true,"href":"https:\/\/ryinz.cz\/velkoobchod\/sk\/wp-json\/wp\/v2\/comments?post=9179"}],"wp:featuredmedia":[{"embeddable":true,"href":"https:\/\/ryinz.cz\/velkoobchod\/sk\/wp-json\/wp\/v2\/media\/9283"}],"wp:attachment":[{"href":"https:\/\/ryinz.cz\/velkoobchod\/sk\/wp-json\/wp\/v2\/media?parent=9179"}],"wp:term":[{"taxonomy":"product_brand","embeddable":true,"href":"https:\/\/ryinz.cz\/velkoobchod\/sk\/wp-json\/wp\/v2\/product_brand?post=9179"},{"taxonomy":"product_cat","embeddable":true,"href":"https:\/\/ryinz.cz\/velkoobchod\/sk\/wp-json\/wp\/v2\/product_cat?post=9179"},{"taxonomy":"product_tag","embeddable":true,"href":"https:\/\/ryinz.cz\/velkoobchod\/sk\/wp-json\/wp\/v2\/product_tag?post=9179"}],"curies":[{"name":"wp","href":"https:\/\/api.w.org\/{rel}","templated":true}]}}