{"id":9178,"date":"2025-08-26T11:48:34","date_gmt":"2025-08-26T11:48:34","guid":{"rendered":"https:\/\/ryinz.cz\/velkoobchod\/?post_type=product&#038;p=9178"},"modified":"2026-01-18T20:18:02","modified_gmt":"2026-01-18T20:18:02","slug":"premiove-velkoobchodne-vlastne-kozie-kozene-pretekarske-rukavice-s-tpu-gelovym-polstrovanim-klbov-pre-motocyklistov-eu-usa","status":"publish","type":"product","link":"https:\/\/ryinz.cz\/velkoobchod\/sk\/product\/premium-wholesale-custom-goat-leather-racing-gloves-with-tpu-knuckle-gel-padding-for-motorbike-riders-eu-usa\/","title":{"rendered":"Pr\u00e9miov\u00fd ve\u013ekoobchod Vlastn\u00e9 kozie ko\u017een\u00e9 pretek\u00e1rske rukavice s TPU k\u013abmi a g\u00e9lov\u00fdm polstrovan\u00edm pre motocyklov\u00fdch jazdcov E\u00da\/USA"},"content":{"rendered":"<p data-pm-slice=\"1 1 []\">Predstavujeme pretek\u00e1rske rukavice RYINZ Premium Goat Leather Racing Gloves, ktor\u00e9 predstavuj\u00fa odv\u00e1\u017enu inov\u00e1ciu v oblasti bezpe\u010dnosti jazdca a pretek\u00e1rskeho v\u00fdkonu. Tieto motocyklov\u00e9 rukavice, \u0161peci\u00e1lne vyvinut\u00e9 pre ve\u013ekoobchodn\u00fdch distrib\u00fatorov, maloobchodn\u00edkov a priv\u00e1tne zna\u010dky v E\u00da a USA, kombinuj\u00fa \u0161pi\u010dkov\u00fa ochrann\u00fa technol\u00f3giu s remeseln\u00fdm spracovan\u00edm zameran\u00fdm na pohodlie. Ka\u017ed\u00fd prvok bol starostlivo vybran\u00fd tak, aby sp\u013a\u0148al pr\u00edsne po\u017eiadavky motoristick\u00e9ho \u0161portu aj ka\u017edodennej jazdy.<\/p>\n<p><strong>Kvalita materi\u00e1lu a kon\u0161trukcie<\/strong><\/p>\n<p>Tieto rukavice s\u00fa vyroben\u00e9 z celozrnnej kozej ko\u017ee PCP, maj\u00fa vysok\u00fa pevnos\u0165 v \u0165ahu a z\u00e1rove\u0148 pon\u00fakaj\u00fa priedu\u0161nos\u0165 a flexibilitu. Pr\u00e9miov\u00e1 ko\u017ea pou\u017eit\u00e1 v t\u00fdchto rukaviciach neobsahuje Chr\u00f3m VI, \u010do z nich rob\u00ed ekologick\u00fa a k poko\u017eke \u0161etrn\u00fa vo\u013ebu pre ka\u017edodenn\u00fdch jazdcov a pretek\u00e1rov. Sekund\u00e1rny presah zo syntetickej ko\u017ee je integrovan\u00fd do nam\u00e1han\u00fdch z\u00f3n, aby poskytoval dvojvrstvov\u00fa ochranu proti vyr\u00e1\u017ekam na ceste a po\u0161kodeniam sp\u00f4soben\u00fdm vysok\u00fdm tren\u00edm.<\/p>\n<p><strong>Pokro\u010dil\u00e9 vrstvy ochrany<\/strong><\/p>\n<p>Rukavice s\u00fa vybaven\u00e9 polstrovan\u00edm GEL FOAM v oblasti dlane a k\u013abov, ktor\u00e9 minimalizuje vibr\u00e1cie a zni\u017euje riziko \u00fanavy r\u00fak pri dlhodobom pou\u017e\u00edvan\u00ed. \u010eal\u0161ie polstrovanie GEL FOAM v oblasti zap\u00ednania z\u00e1p\u00e4stia zvy\u0161uje bezpe\u010dnos\u0165 a pohodlie pre v\u0161etky ve\u013ekosti z\u00e1p\u00e4stia. K\u013aby s\u00fa vybaven\u00e9 pancierovou vrstvou TPU (termoplastick\u00fd polyuret\u00e1n), ktor\u00e1 poskytuje pevn\u00fa ochranu bez toho, aby bola ohrozen\u00e1 pohyblivos\u0165 ruky.<\/p>\n<p><strong>Ergonomick\u00fd dizajn a prisp\u00f4sobenie<\/strong><\/p>\n<p>Tieto rukavice s\u00fa ergonomicky tvarovan\u00e9 tak, aby kop\u00edrovali prirodzen\u00fd tvar jazdeckej ruky, maj\u00fa zakriven\u00e9 vzory prstov a pru\u017en\u00e9 \u0161vy. Integrovan\u00e9 z\u00e1p\u00e4stn\u00e9 p\u00e1siky vystu\u017een\u00e9 such\u00fdmi zipsami zais\u0165uj\u00fa v\u017edy individu\u00e1lne prisp\u00f4sobenie. Vn\u00fatorn\u00e9 \u0161vy na prstoch s\u00fa prisp\u00f4soben\u00e9 tak, aby zni\u017eovali tlakov\u00e9 body a eliminovali vn\u00fatorn\u00e9 trenie.<\/p>\n<p><strong>Vlastn\u00e1 zna\u010dka a podpora maloobchodu<\/strong><\/p>\n<p>V\u010faka slu\u017eb\u00e1m prisp\u00f4sobenia od spolo\u010dnosti RYINZ m\u00f4\u017eete do svojich v\u00fdrobkov vlo\u017ei\u0165 vlastn\u00e9 log\u00e1 alebo vytvori\u0165 spolo\u010dn\u00fa zna\u010dku s na\u0161ou zavedenou zna\u010dkou RYINZ. Hromadn\u00e9 B2B objedn\u00e1vky s\u00fa vybaven\u00e9 podporou pre s\u00fakromn\u00e9 ozna\u010dovanie, n\u00e1vrhom visa\u010diek, obalov\u00fdmi rie\u0161eniami a dodr\u017eiavan\u00edm ve\u013ekosti v E\u00da\/USA. V\u010faka podmienkam v\u00fdhodn\u00fdm pre MOQ a expresnej v\u00fdrobe s\u00fa tieto rukavice ide\u00e1lnou vo\u013ebou pre obchodn\u00e9 v\u00fdstavy, sez\u00f3nne uvedenie na trh a propaga\u010dn\u00e9 kampane.<\/p>\n<p><strong>Aplik\u00e1cie a cie\u013eov\u00ed kupuj\u00faci<\/strong><\/p>\n<p>Ide\u00e1lne na pou\u017eitie pri pretekoch superbikov, kaskad\u00e9rskych k\u00faskoch, d\u0148och na okruhu, turistike a dokonca aj pri doch\u00e1dzan\u00ed do pr\u00e1ce v meste. Medzi B2B partnerov patria online predajcovia, maloobchodn\u00edci so \u0161portov\u00fdm oble\u010den\u00edm, motork\u00e1rske kluby, predajcovia Amazon FBA a obchodn\u00e9 re\u0165azce. Ochrann\u00fd a \u0161t\u00fdlov\u00fd dizajn pri\u0165ahuje profesion\u00e1lnych aj amat\u00e9rskych motork\u00e1rov.<\/p>\n<p><strong>Pokyny na starostlivos\u0165<\/strong><\/p>\n<p>Po pou\u017eit\u00ed ho utrite vlhkou handri\u010dkou. Skladujte na suchom, vetranom mieste. Zabr\u00e1\u0148te dlhodob\u00e9mu vystaveniu slne\u010dn\u00e9mu \u017eiareniu, aby ste zachovali \u0161trukt\u00faru ko\u017ee a \u017eivos\u0165 farieb.<\/p>\n<p><strong>Pre\u010do RYINZ?<\/strong><\/p>\n<p>Spolo\u010dnos\u0165 RYINZ stoj\u00ed na kri\u017eovatke inov\u00e1ci\u00ed v oblasti bezpe\u010dnosti a \u0161t\u00fdlu. V\u010faka dlhoro\u010dn\u00fdm sk\u00fasenostiam s v\u00fdvozom rukav\u00edc po celom svete na\u0161im v\u00fdrobkom d\u00f4veruj\u00fa tis\u00edce jazdcov a s\u00fa uzn\u00e1van\u00e9 pre prvotriedne materi\u00e1lov\u00e9 \u0161tandardy a pozornos\u0165 venovan\u00fa detailom. Spolupracujeme priamo s distrib\u00fatormi, \u010d\u00edm zabezpe\u010dujeme konkurencieschopn\u00e9 ceny, transparentn\u00e9 slu\u017eby a v\u010dasn\u00e9 dod\u00e1vky po celom svete.<\/p>","protected":false},"excerpt":{"rendered":"<p data-pm-slice=\"1 1 []\">Spolo\u010dnos\u0165 RYINZ v\u00e1m prin\u00e1\u0161a dokonal\u00fa ochranu, v\u00fdkon a presnos\u0165 s t\u00fdmito vysoko v\u00fdkonn\u00fdmi pretek\u00e1rskymi rukavicami na motocykel vyroben\u00fdmi z kozej ko\u017ee PCP. Tieto rukavice, ur\u010den\u00e9 pre profesion\u00e1lnych jazdcov a nad\u0161encov r\u00fdchlosti, maj\u00fa zlo\u017eenie Chrom VI Free, ktor\u00e9 zabezpe\u010duje \u0161etrnos\u0165 k \u017eivotn\u00e9mu prostrediu a hypoalerg\u00e9nny komfort. Vonkaj\u0161ia vrstva obsahuje strategicky umiestnen\u00fa syntetick\u00fa ko\u017een\u00fa prep\u00e1\u017eku pre zv\u00fd\u0161en\u00fa trvanlivos\u0165 a odolnos\u0165 proti oderu, zatia\u013e \u010do vn\u00fatorn\u00e1 penov\u00e1 v\u00fdstelka GEL pon\u00faka bezpe\u010die a tlmenie n\u00e1razov po\u010das j\u00e1zd na dlh\u00e9 vzdialenosti alebo vysokor\u00fdchlostn\u00fdch pretekov.<\/p>\n<p>Tieto rukavice maj\u00fa zap\u00ednanie GEL FOAM, ktor\u00e9 chr\u00e1ni z\u00e1p\u00e4stie a u\u013eah\u010duje ich nosenie, \u010d\u00edm vytv\u00e1raj\u00fa priliehav\u00fd a stabiln\u00fd pocit aj v intenz\u00edvnych pretek\u00e1rskych podmienkach. Na zadnej strane n\u00e1jdete zosilnen\u00e9 chr\u00e1ni\u010de k\u013abov z TPU a pogumovan\u00e9 n\u00e1razuvzdorn\u00e9 pr\u00fa\u017eky cez prsty, ktor\u00e9 pon\u00fakaj\u00fa dokonal\u00fa ochranu proti n\u00e1razom, oderu a \u00fanave. Gumen\u00e9 logo RYINZ dod\u00e1va v\u00fdrazn\u00fd zna\u010dkov\u00fd prvok, ktor\u00fd znamen\u00e1 kvalitu a d\u00f4veru pre ve\u013ekoobchod, maloobchod alebo z\u00e1kazkov\u00fa v\u00fdrobu.<\/p>\n<p>\u010ci u\u017e riadite predaj B2B, prev\u00e1dzkujete maloobchodn\u00fa prev\u00e1dzku alebo sa sna\u017e\u00edte uvies\u0165 na trh zna\u010dkov\u00fa kolekciu, tieto rukavice predstavuj\u00fa najlep\u0161iu vo\u013ebu vo svojej kateg\u00f3rii. S\u00fa ide\u00e1lne pre predajcov motocyklov, predajcov elektronick\u00e9ho obchodu, pretek\u00e1rov na okruhoch a klubov\u00fdch jazdcov, ktor\u00ed h\u013eadaj\u00fa ochranu a \u0161t\u00fdl v jednom v\u00fdkonnom v\u00fdrobku.<\/p>","protected":false},"featured_media":9282,"comment_status":"closed","ping_status":"closed","template":"","meta":[],"product_brand":[35],"product_cat":[68],"product_tag":[],"class_list":{"0":"post-9178","1":"product","2":"type-product","3":"status-publish","4":"has-post-thumbnail","6":"product_brand-ryinz","7":"product_cat-ryinz","9":"first","10":"instock","11":"taxable","12":"shipping-taxable","13":"purchasable","14":"product-type-simple"},"_links":{"self":[{"href":"https:\/\/ryinz.cz\/velkoobchod\/sk\/wp-json\/wp\/v2\/product\/9178","targetHints":{"allow":["GET"]}}],"collection":[{"href":"https:\/\/ryinz.cz\/velkoobchod\/sk\/wp-json\/wp\/v2\/product"}],"about":[{"href":"https:\/\/ryinz.cz\/velkoobchod\/sk\/wp-json\/wp\/v2\/types\/product"}],"replies":[{"embeddable":true,"href":"https:\/\/ryinz.cz\/velkoobchod\/sk\/wp-json\/wp\/v2\/comments?post=9178"}],"wp:featuredmedia":[{"embeddable":true,"href":"https:\/\/ryinz.cz\/velkoobchod\/sk\/wp-json\/wp\/v2\/media\/9282"}],"wp:attachment":[{"href":"https:\/\/ryinz.cz\/velkoobchod\/sk\/wp-json\/wp\/v2\/media?parent=9178"}],"wp:term":[{"taxonomy":"product_brand","embeddable":true,"href":"https:\/\/ryinz.cz\/velkoobchod\/sk\/wp-json\/wp\/v2\/product_brand?post=9178"},{"taxonomy":"product_cat","embeddable":true,"href":"https:\/\/ryinz.cz\/velkoobchod\/sk\/wp-json\/wp\/v2\/product_cat?post=9178"},{"taxonomy":"product_tag","embeddable":true,"href":"https:\/\/ryinz.cz\/velkoobchod\/sk\/wp-json\/wp\/v2\/product_tag?post=9178"}],"curies":[{"name":"wp","href":"https:\/\/api.w.org\/{rel}","templated":true}]}}