{"id":9170,"date":"2025-06-22T15:31:15","date_gmt":"2025-06-22T15:31:15","guid":{"rendered":"https:\/\/ryinz.cz\/velkoobchod\/?post_type=product&#038;p=9170"},"modified":"2026-01-18T20:17:56","modified_gmt":"2026-01-18T20:17:56","slug":"hnede-cierne-zimne-palciaky-od-ryinz-vlastne-zateplene-nepremokave-fleecove-rukavice-pre-chladne-pocasie-velkoobchodny-maloobchod","status":"publish","type":"product","link":"https:\/\/ryinz.cz\/velkoobchod\/sk\/product\/brown-black-winter-mittens-by-ryinz-custom-insulated-waterproof-fleece-mitt-gloves-for-cold-weather-wholesale-retail\/","title":{"rendered":"Hned\u00e9 \u010dierne zimn\u00e9 pal\u010diaky od RYINZ | Vlastn\u00e9 zateplen\u00e9 nepremokav\u00e9 fleecov\u00e9 rukavice pre chladn\u00e9 po\u010dasie Ve\u013ekoobchod a maloobchod"},"content":{"rendered":"<p data-start=\"1107\" data-end=\"1481\">Str\u00e1nka <strong data-start=\"1111\" data-end=\"1150\">RYINZ Hnedo-\u010dierne zateplen\u00e9 pal\u010diaky<\/strong> s\u00fa alternat\u00edvou rukav\u00edc pre z\u00e1kazn\u00edkov a kupuj\u00facich, ktor\u00ed uprednost\u0148uj\u00fa teplo, ochranu a ergonomick\u00fa jednoduchos\u0165. Tento model, vytvoren\u00fd s oh\u013eadom na extr\u00e9mne chladn\u00e9 podmienky, vyu\u017e\u00edva tradi\u010dn\u00fd dizajn rukav\u00edc na maxim\u00e1lne udr\u017eanie tepla a z\u00e1rove\u0148 integruje modern\u00e9 v\u00fdkonn\u00e9 materi\u00e1ly a mo\u017enosti ozna\u010denia zna\u010dkou na \u010fal\u0161\u00ed predaj a s\u00fakromn\u00e9 ozna\u010dovanie.<\/p>\n<p data-start=\"1483\" data-end=\"1762\">V\u010faka men\u0161iemu po\u010dtu \u0161vov ako pri \u0161tandardn\u00fdch rukaviciach a zateplen\u00e9mu vn\u00fatraj\u0161ku s jednou priehradkou s\u00fa tieto pal\u010diaky bezkonkuren\u010dne odoln\u00e9 vo\u010di chladu. Preto s\u00fa aj na\u010falej ob\u013e\u00faben\u00fdmi rukavicami pre sne\u017en\u00fdch sk\u00fatristov, pos\u00e1dky arktick\u00fdch exped\u00edci\u00ed, ly\u017eiarov a v\u0161etk\u00fdch, ktor\u00ed pracuj\u00fa vonku v m\u00ednusov\u00fdch podmienkach.<\/p>\n<hr data-start=\"1764\" data-end=\"1767\" \/>\n<h4 data-start=\"1769\" data-end=\"1811\">???? <strong data-start=\"1777\" data-end=\"1811\">\u0160trukt\u00fara v\u00fdrobku a materi\u00e1ly:<\/strong><\/h4>\n<ul data-start=\"1812\" data-end=\"2372\">\n<li data-start=\"1812\" data-end=\"1925\">\n<p data-start=\"1814\" data-end=\"1925\"><strong data-start=\"1814\" data-end=\"1830\">Vonkaj\u0161\u00ed pl\u00e1\u0161\u0165:<\/strong> Dvojfarebn\u00e1 hnedo-\u010dierna tkanina odoln\u00e1 vo\u010di poveternostn\u00fdm vplyvom s textilnou text\u00farou pre v\u00e4\u010d\u0161\u00ed vizu\u00e1lny z\u00e1ujem<\/p>\n<\/li>\n<li data-start=\"1926\" data-end=\"2014\">\n<p data-start=\"1928\" data-end=\"2014\"><strong data-start=\"1928\" data-end=\"1942\">Palmov\u00e1 z\u00f3na:<\/strong> PU syntetick\u00e1 ko\u017ea pre vynikaj\u00facu pri\u013enavos\u0165 a zv\u00fd\u0161en\u00fa odolnos\u0165 proti opotrebovaniu<\/p>\n<\/li>\n<li data-start=\"2015\" data-end=\"2119\">\n<p data-start=\"2017\" data-end=\"2119\"><strong data-start=\"2017\" data-end=\"2030\">Interi\u00e9r:<\/strong> Fleecov\u00e1 term\u00e1lna pod\u0161\u00edvka, jemn\u00e1 na poko\u017eke a navrhnut\u00e1 tak, aby zachyt\u00e1vala teplo bez hromadenia vlhkosti<\/p>\n<\/li>\n<li data-start=\"2120\" data-end=\"2218\">\n<p data-start=\"2122\" data-end=\"2218\"><strong data-start=\"2122\" data-end=\"2138\">\u0160t\u00fdl z\u00e1p\u00e4stia:<\/strong> Roztiahnute\u013en\u00e1 p\u00e1sov\u00e1 z\u00f3na udr\u017eiava teplo vo vn\u00fatri a zabra\u0148uje vniknutiu studen\u00e9ho vzduchu alebo snehu<\/p>\n<\/li>\n<li data-start=\"2219\" data-end=\"2300\">\n<p data-start=\"2221\" data-end=\"2300\"><strong data-start=\"2221\" data-end=\"2235\">Umiestnenie na palec:<\/strong> \u0160ikm\u00fd dizajn umo\u017e\u0148uje \u013eahk\u00fd pohyb ruky napriek tvaru rukav\u00edc<\/p>\n<\/li>\n<li data-start=\"2301\" data-end=\"2372\">\n<p data-start=\"2303\" data-end=\"2372\"><strong data-start=\"2303\" data-end=\"2316\">Farebnos\u0165:<\/strong> Hned\u00e1 + \u010dierna + tepl\u00e1 b\u00e9\u017eov\u00e1 pre prirodzen\u00fd, zemit\u00fd vzh\u013ead<\/p>\n<\/li>\n<\/ul>\n<hr data-start=\"2374\" data-end=\"2377\" \/>\n<h4 data-start=\"2379\" data-end=\"2415\">???? <strong data-start=\"2387\" data-end=\"2415\">K\u013e\u00fa\u010dov\u00e9 funk\u010dn\u00e9 v\u00fdhody:<\/strong><\/h4>\n<ul data-start=\"2416\" data-end=\"2856\">\n<li data-start=\"2416\" data-end=\"2514\">\n<p data-start=\"2418\" data-end=\"2514\">\u2705 <strong data-start=\"2420\" data-end=\"2439\">Zadr\u017eiavanie tepla:<\/strong> Jednokomorov\u00fd dizajn rukav\u00edc udr\u017e\u00ed teplo dlh\u0161ie ako rukavice s viacer\u00fdmi prstami<\/p>\n<\/li>\n<li data-start=\"2515\" data-end=\"2615\">\n<p data-start=\"2517\" data-end=\"2615\">\u2705 <strong data-start=\"2519\" data-end=\"2542\">Funk\u010dnos\u0165 rukov\u00e4te:<\/strong> PU ko\u017ea na dlani podporuje manipul\u00e1ciu s n\u00e1rad\u00edm, ly\u017eiarskymi palicami, rukov\u00e4\u0165ami sne\u017en\u00fdch sk\u00fatrov<\/p>\n<\/li>\n<li data-start=\"2616\" data-end=\"2700\">\n<p data-start=\"2618\" data-end=\"2700\">\u2705 <strong data-start=\"2620\" data-end=\"2648\">Ochrana proti vetru a vode:<\/strong> Viacvrstvov\u00fd pl\u00e1\u0161\u0165 chr\u00e1ni ruky v extr\u00e9mnom po\u010das\u00ed<\/p>\n<\/li>\n<li data-start=\"2701\" data-end=\"2775\">\n<p data-start=\"2703\" data-end=\"2775\">\u2705 <strong data-start=\"2705\" data-end=\"2720\">Prisp\u00f4sobenie na mieru:<\/strong> Stre\u010dov\u00e1 z\u00f3na na z\u00e1p\u00e4st\u00ed sa prisp\u00f4sob\u00ed vrchn\u00e9mu oble\u010deniu alebo holej poko\u017eke<\/p>\n<\/li>\n<li data-start=\"2776\" data-end=\"2856\">\n<p data-start=\"2778\" data-end=\"2856\">\u2705 <strong data-start=\"2780\" data-end=\"2800\">Nen\u00e1ro\u010dn\u00e1 \u00fadr\u017eba:<\/strong> \u013dahko sa \u010dist\u00ed, r\u00fdchlo schne a \u010dasom odol\u00e1va z\u00e1pachu<\/p>\n<\/li>\n<\/ul>\n<hr data-start=\"2858\" data-end=\"2861\" \/>\n<h4 data-start=\"2863\" data-end=\"2912\">???? <strong data-start=\"2871\" data-end=\"2912\">Mo\u017enosti OEM\/bielych \u0161t\u00edtkov (RYINZ):<\/strong><\/h4>\n<ul data-start=\"2913\" data-end=\"3291\">\n<li data-start=\"2913\" data-end=\"2989\">\n<p data-start=\"2915\" data-end=\"2989\">Mo\u017enosti ozna\u010denia: vyrazenie loga, ko\u017een\u00e1 n\u00e1\u0161ivka, sie\u0165otla\u010d, tepeln\u00e9 tesnenie<\/p>\n<\/li>\n<li data-start=\"2990\" data-end=\"3028\">\n<p data-start=\"2992\" data-end=\"3028\">Ve\u013ekos\u0165: Ve\u013ekos\u0165: dospel\u00fd unisex - S, M, L, XL<\/p>\n<\/li>\n<li data-start=\"3029\" data-end=\"3047\">\n<p data-start=\"3031\" data-end=\"3047\">MOQ: 300 p\u00e1rov<\/p>\n<\/li>\n<li data-start=\"3048\" data-end=\"3128\">\n<p data-start=\"3050\" data-end=\"3128\">Farebn\u00e9 \u00fapravy na po\u017eiadanie: \u010dierno-siv\u00e1, n\u00e1morn\u00edcka b\u00e9\u017eov\u00e1, olivovo-b\u00e9\u017eov\u00e1<\/p>\n<\/li>\n<li data-start=\"3129\" data-end=\"3203\">\n<p data-start=\"3131\" data-end=\"3203\">Typy obalov: ploch\u00fd ekoobal, polyetyl\u00e9nov\u00fd s\u00e1\u010dok s visa\u010dkou, dar\u010dekov\u00e9 balenie<\/p>\n<\/li>\n<li data-start=\"3204\" data-end=\"3291\">\n<p data-start=\"3206\" data-end=\"3291\">Verzie na mieru pre ly\u017eiarske stredisk\u00e1, \u0161koly, zimn\u00fd person\u00e1l alebo n\u00e1kupcov uniforiem<\/p>\n<\/li>\n<\/ul>\n<hr data-start=\"3293\" data-end=\"3296\" \/>\n<h4 data-start=\"3298\" data-end=\"3339\">???? <strong data-start=\"3306\" data-end=\"3339\">Odpor\u00fa\u010dan\u00ed kupuj\u00faci a trhy:<\/strong><\/h4>\n<ul data-start=\"3340\" data-end=\"3686\">\n<li data-start=\"3340\" data-end=\"3382\">\n<p data-start=\"3342\" data-end=\"3382\">???? <strong data-start=\"3345\" data-end=\"3380\">Zna\u010dky s\u00fakromn\u00fdch zna\u010diek zimn\u00e9ho oble\u010denia<\/strong><\/p>\n<\/li>\n<li data-start=\"3383\" data-end=\"3422\">\n<p data-start=\"3385\" data-end=\"3422\">\u2744\ufe0f <strong data-start=\"3388\" data-end=\"3420\">Ly\u017eiarska chata a po\u017ei\u010dovne<\/strong><\/p>\n<\/li>\n<li data-start=\"3423\" data-end=\"3462\">\n<p data-start=\"3425\" data-end=\"3462\">???? <strong data-start=\"3428\" data-end=\"3460\">Dod\u00e1vatelia vonkaj\u0161ieho pracovn\u00e9ho v\u00fdstroja<\/strong><\/p>\n<\/li>\n<li data-start=\"3463\" data-end=\"3515\">\n<p data-start=\"3465\" data-end=\"3515\">????\ufe0f <strong data-start=\"3469\" data-end=\"3513\">T\u00edmy sne\u017en\u00fdch sk\u00fatrov a horsk\u00fdch exped\u00edci\u00ed<\/strong><\/p>\n<\/li>\n<li data-start=\"3516\" data-end=\"3572\">\n<p data-start=\"3518\" data-end=\"3572\">???? <strong data-start=\"3521\" data-end=\"3570\">Dod\u00e1vatelia pracovn\u00fdch odevov a logistick\u00fdch uniforiem<\/strong><\/p>\n<\/li>\n<li data-start=\"3573\" data-end=\"3633\">\n<p data-start=\"3575\" data-end=\"3633\">???? <strong data-start=\"3578\" data-end=\"3631\">Maloobchodn\u00edci roz\u0161iruj\u00fa svoje kateg\u00f3rie zimn\u00fdch rukav\u00edc<\/strong><\/p>\n<\/li>\n<li data-start=\"3634\" data-end=\"3686\">\n<p data-start=\"3636\" data-end=\"3686\">???? <strong data-start=\"3639\" data-end=\"3686\">Eur\u00f3pski ve\u013ekoobchodn\u00edci a predajne Amazon<\/strong><\/p>\n<\/li>\n<\/ul>\n<hr data-start=\"3688\" data-end=\"3691\" \/>\n<h4 data-start=\"3693\" data-end=\"3736\">???? <strong data-start=\"3701\" data-end=\"3736\">Pre\u010do si vybra\u0165 tieto rukavice RYINZ?<\/strong><\/h4>\n<p data-start=\"3737\" data-end=\"4127\">Rukavice sa vracaj\u00fa - najm\u00e4 na trhoch, kde je zima dlh\u00e1 a mraziv\u00e1. <strong data-start=\"3835\" data-end=\"3844\">RYINZ<\/strong> navrhla tento model tak, aby odr\u00e1\u017eal funk\u010dnos\u0165 aj m\u00f3du: je hrejiv\u00fd, minimalistick\u00fd a \u013eahko integrovate\u013en\u00fd do programov s\u00fakromn\u00fdch zna\u010diek. \u010ci u\u017e si rob\u00edte z\u00e1soby pre po\u017ei\u010dovne v stredisk\u00e1ch, alebo pripravujete uvedenie l\u00ednie zimn\u00e9ho oble\u010denia, tieto pal\u010diaky splnia v\u0161etky po\u017eiadavky na teplo, strih a pr\u00ed\u0165a\u017elivos\u0165 na trhu.<\/p>\n<p data-start=\"4129\" data-end=\"4275\">D\u00f4veryhodn\u00e9 pre glob\u00e1lnych odberate\u013eov a vyroben\u00e9 v s\u00falade s toleranciami E\u00da. <strong data-start=\"4194\" data-end=\"4223\">RYINZ Hnedo-\u010dierne pal\u010diaky<\/strong> s\u00fa bezpe\u010dnou invest\u00edciou so siln\u00fdm potenci\u00e1lom mar\u017ee.<\/p>\n<hr data-start=\"4277\" data-end=\"4280\" \/>\n<p data-start=\"4282\" data-end=\"4367\"><strong data-start=\"4282\" data-end=\"4367\">Jednoduch\u00e9. Funk\u010dn\u00e9. Odoln\u00e9 vo\u010di mrazu. Pal\u010diaky RYINZ s\u00fa najteplej\u0161\u00edm podan\u00edm ruky v zime.<\/strong><\/p>","protected":false},"excerpt":{"rendered":"<p>Zosta\u0148te v teple dlh\u0161ie s <strong data-start=\"453\" data-end=\"500\">RYINZ Hnedo-\u010dierne nepremokav\u00e9 zimn\u00e9 pal\u010diaky<\/strong> - vytvoren\u00e9 pre chladn\u00e9 podnebie, zasne\u017een\u00e9 dobrodru\u017estv\u00e1 a pr\u00e1cu vonku. Tieto rukavice s\u00fa plne zateplen\u00e9, vetruvzdorn\u00e9 a vodeodoln\u00e9 s robustnou dla\u0148ou z PU ko\u017ee pre siln\u00fd \u00fachop a odolnos\u0165. Dizajn z delenej tkaniny pon\u00faka vizu\u00e1lnu pr\u00ed\u0165a\u017elivos\u0165 pre modern\u00e9 l\u00ednie zimn\u00e9ho oble\u010denia, zatia\u013e \u010do hrub\u00e1 fl\u00edsov\u00e1 pod\u0161\u00edvka zabezpe\u010duje tepeln\u00fd komfort v mrazivom prostred\u00ed. Tieto pal\u010diaky s\u00fa navrhnut\u00e9 na prisp\u00f4sobenie s\u00fakromnej zna\u010dke a hromadn\u00fd \u010fal\u0161\u00ed predaj a s\u00fa ide\u00e1lne pre ly\u017eiarske stredisk\u00e1, horsk\u00fdch vodcov, pracovn\u00edkov v pr\u00edrode a predajcov zimn\u00e9ho \u0161portov\u00e9ho oble\u010denia v Eur\u00f3pe i mimo nej.<\/p>","protected":false},"featured_media":9195,"comment_status":"closed","ping_status":"closed","template":"","meta":[],"product_brand":[35],"product_cat":[57],"product_tag":[304,305,306,307,308,309,310,311,312,313,314,315,316,317,318],"class_list":{"0":"post-9170","1":"product","2":"type-product","3":"status-publish","4":"has-post-thumbnail","6":"product_brand-ryinz","8":"product_tag-brown-and-white-stitched-thermal-gloves","9":"product_tag-cold-weather-accessories-for-gifting","10":"product_tag-designer-inspired-winter-gloves-for-branding","11":"product_tag-fashion-gloves-for-urban-winter-outfits","12":"product_tag-insulated-quilt-gloves-for-winter-sports","13":"product_tag-luxury-gloves-for-fashion-retailers","14":"product_tag-oem-touchscreen-gloves-with-fleece","15":"product_tag-premium-driving-gloves-for-winter-use","16":"product_tag-quilted-winter-gloves-with-zipper","17":"product_tag-ryinz-gloves-for-private-label-winterwear","18":"product_tag-soft-lined-gloves-for-snow-and-frost","19":"product_tag-thermal-gloves-for-equestrian-apparel","20":"product_tag-touchscreen-compatible-outdoor-gloves","21":"product_tag-wholesale-fur-lined-gloves-for-boutiques","22":"product_tag-womens-touchscreen-cold-weather-gloves","24":"first","25":"instock","26":"taxable","27":"shipping-taxable","28":"purchasable","29":"product-type-simple"},"_links":{"self":[{"href":"https:\/\/ryinz.cz\/velkoobchod\/sk\/wp-json\/wp\/v2\/product\/9170","targetHints":{"allow":["GET"]}}],"collection":[{"href":"https:\/\/ryinz.cz\/velkoobchod\/sk\/wp-json\/wp\/v2\/product"}],"about":[{"href":"https:\/\/ryinz.cz\/velkoobchod\/sk\/wp-json\/wp\/v2\/types\/product"}],"replies":[{"embeddable":true,"href":"https:\/\/ryinz.cz\/velkoobchod\/sk\/wp-json\/wp\/v2\/comments?post=9170"}],"wp:featuredmedia":[{"embeddable":true,"href":"https:\/\/ryinz.cz\/velkoobchod\/sk\/wp-json\/wp\/v2\/media\/9195"}],"wp:attachment":[{"href":"https:\/\/ryinz.cz\/velkoobchod\/sk\/wp-json\/wp\/v2\/media?parent=9170"}],"wp:term":[{"taxonomy":"product_brand","embeddable":true,"href":"https:\/\/ryinz.cz\/velkoobchod\/sk\/wp-json\/wp\/v2\/product_brand?post=9170"},{"taxonomy":"product_cat","embeddable":true,"href":"https:\/\/ryinz.cz\/velkoobchod\/sk\/wp-json\/wp\/v2\/product_cat?post=9170"},{"taxonomy":"product_tag","embeddable":true,"href":"https:\/\/ryinz.cz\/velkoobchod\/sk\/wp-json\/wp\/v2\/product_tag?post=9170"}],"curies":[{"name":"wp","href":"https:\/\/api.w.org\/{rel}","templated":true}]}}