{"id":9169,"date":"2025-06-22T15:31:14","date_gmt":"2025-06-22T15:31:14","guid":{"rendered":"https:\/\/ryinz.cz\/velkoobchod\/?post_type=product&#038;p=9169"},"modified":"2026-01-18T20:17:55","modified_gmt":"2026-01-18T20:17:55","slug":"ryinz-vsetky-cierne-nepremokave-zimne-rukavice-vlastne-zateplene-snehove-rukavice-s-manzetou-na-popruh-pre-pracu-sport-maloobchod-b2b","status":"publish","type":"product","link":"https:\/\/ryinz.cz\/velkoobchod\/sk\/product\/ryinz-all-black-waterproof-winter-gloves-custom-insulated-snow-gloves-with-strap-cuff-for-work-sports-retail-b2b\/","title":{"rendered":"RYINZ Celo\u010dierne nepremokav\u00e9 zimn\u00e9 rukavice | Vlastn\u00e9 zateplen\u00e9 snehov\u00e9 rukavice s man\u017eetou pre pr\u00e1cu, \u0161port a maloobchod B2B"},"content":{"rendered":"<p data-start=\"1094\" data-end=\"1447\">Predstavujeme <strong data-start=\"1110\" data-end=\"1152\">RYINZ Celo\u010dierne snehov\u00e9 rukavice s remienkom a man\u017eetou<\/strong> - zimn\u00e9 oble\u010denie va\u0161ej zna\u010dky, ktor\u00e9 je nevyhnutn\u00e9 pre v\u00fdkon, teplo a elegantn\u00fa kompatibilitu s uniformami. Tieto rukavice s\u00fa navrhnut\u00e9 s oh\u013eadom na funk\u010dnos\u0165: vodotesn\u00fd pl\u00e1\u0161\u0165, m\u00e4kk\u00e1 tepeln\u00e1 pod\u0161\u00edvka a nastavite\u013en\u00fd syst\u00e9m popruhov, ktor\u00fd zaru\u010duje pevn\u00e9 pri\u013enutie bez oh\u013eadu na ve\u013ekos\u0165 z\u00e1p\u00e4stia alebo intenzitu aktivity.<\/p>\n<p data-start=\"1449\" data-end=\"1795\">\u010ci u\u017e vybavujete t\u00edmy v ly\u017eiarskych stredisk\u00e1ch, zimn\u00e9 pracovn\u00e9 t\u00edmy, outdoorov\u00fdch nad\u0161encov, alebo uv\u00e1dzate na trh nov\u00fd rad zimn\u00e9ho oble\u010denia, t\u00e1to rukavica je univerz\u00e1lnym rie\u0161en\u00edm. Vyroben\u00e9 z priemyseln\u00fdch materi\u00e1lov odoln\u00fdch vo\u010di chladu a vytvoren\u00e9 v minimalistickom \u010diernom dizajne s\u00fa spo\u013eahlivou vo\u013ebou pre <strong data-start=\"1740\" data-end=\"1794\">zna\u010dka, predaj vo ve\u013ekom, uniformy a \u010fal\u0161\u00ed predaj pod\u013ea katal\u00f3gov<\/strong>.<\/p>\n<hr data-start=\"1797\" data-end=\"1800\" \/>\n<h4 data-start=\"1802\" data-end=\"1850\">???? <strong data-start=\"1810\" data-end=\"1850\">Vlastnosti produktu a podrobnosti o materi\u00e1loch:<\/strong><\/h4>\n<ul data-start=\"1851\" data-end=\"2391\">\n<li data-start=\"1851\" data-end=\"1913\">\n<p data-start=\"1853\" data-end=\"1913\"><strong data-start=\"1853\" data-end=\"1872\">Vonkaj\u0161\u00ed pl\u00e1\u0161\u0165:<\/strong> \u010cierna nepremokav\u00e1 tkanina odoln\u00e1 vo\u010di vetru<\/p>\n<\/li>\n<li data-start=\"1914\" data-end=\"2000\">\n<p data-start=\"1916\" data-end=\"2000\"><strong data-start=\"1916\" data-end=\"1931\">Izol\u00e1cia:<\/strong> M\u00e4kk\u00e1 syntetick\u00e1 termofl\u00edsov\u00e1 vrstva pre pohodlie a udr\u017eanie tepla<\/p>\n<\/li>\n<li data-start=\"2001\" data-end=\"2082\">\n<p data-start=\"2003\" data-end=\"2082\"><strong data-start=\"2003\" data-end=\"2019\">Dla\u0148 a rukov\u00e4\u0165:<\/strong> Pru\u017en\u00e1 PU dla\u0148ov\u00e1 z\u00f3na na manipul\u00e1ciu s n\u00e1strojmi a kontrolu trenia<\/p>\n<\/li>\n<li data-start=\"2083\" data-end=\"2166\">\n<p data-start=\"2085\" data-end=\"2166\"><strong data-start=\"2085\" data-end=\"2100\">\u0160t\u00fdl man\u017eety:<\/strong> Dlh\u00e1 man\u017eeta na rukaviciach so stiahnutou gumou na blokovanie snehu a vetra<\/p>\n<\/li>\n<li data-start=\"2167\" data-end=\"2240\">\n<p data-start=\"2169\" data-end=\"2240\"><strong data-start=\"2169\" data-end=\"2187\">Nastavite\u013enos\u0165:<\/strong> Vstavan\u00fd syst\u00e9m popruhov na prisp\u00f4sobenie kompresie z\u00e1p\u00e4stia<\/p>\n<\/li>\n<li data-start=\"2241\" data-end=\"2324\">\n<p data-start=\"2243\" data-end=\"2324\"><strong data-start=\"2243\" data-end=\"2253\">Farba:<\/strong> Celo\u010dierna povrchov\u00e1 \u00faprava so zodpovedaj\u00facou \u010diernou zna\u010dkou - elegantn\u00e1 a v\u0161estrann\u00e1<\/p>\n<\/li>\n<li data-start=\"2325\" data-end=\"2391\">\n<p data-start=\"2327\" data-end=\"2391\"><strong data-start=\"2327\" data-end=\"2341\">\u0160itie:<\/strong> Dvojit\u00e9 \u0161vy pre odolnos\u0165 pri intenz\u00edvnom pou\u017e\u00edvan\u00ed<\/p>\n<\/li>\n<\/ul>\n<hr data-start=\"2393\" data-end=\"2396\" \/>\n<h4 data-start=\"2398\" data-end=\"2444\">???? <strong data-start=\"2406\" data-end=\"2444\">V\u00fdkon a funk\u010dn\u00e9 v\u00fdhody:<\/strong><\/h4>\n<ul data-start=\"2445\" data-end=\"2777\">\n<li data-start=\"2445\" data-end=\"2501\">\n<p data-start=\"2447\" data-end=\"2501\">\u2705 <strong data-start=\"2449\" data-end=\"2467\">Celodenn\u00e9 teplo<\/strong> bez potenia alebo prehriatia<\/p>\n<\/li>\n<li data-start=\"2502\" data-end=\"2568\">\n<p data-start=\"2504\" data-end=\"2568\">\u2705 <strong data-start=\"2506\" data-end=\"2529\">Bezpe\u010dn\u00fd syst\u00e9m popruhov<\/strong> zaru\u010duje, \u017ee ned\u00f4jde k pre\u0161myku ani pri aktivite<\/p>\n<\/li>\n<li data-start=\"2569\" data-end=\"2635\">\n<p data-start=\"2571\" data-end=\"2635\">\u2705 <strong data-start=\"2573\" data-end=\"2597\">Roz\u0161\u00edren\u00fd dizajn man\u017eety<\/strong> chr\u00e1ni predlaktie pred vniknut\u00edm snehu<\/p>\n<\/li>\n<li data-start=\"2636\" data-end=\"2714\">\n<p data-start=\"2638\" data-end=\"2714\">\u2705 <strong data-start=\"2640\" data-end=\"2660\">\u0160t\u00fdl Blackout<\/strong> ide\u00e1lne pre taktick\u00e9, bezpe\u010dnostn\u00e9 a logistick\u00e9 sektory<\/p>\n<\/li>\n<li data-start=\"2715\" data-end=\"2777\">\n<p data-start=\"2717\" data-end=\"2777\">\u2705 <strong data-start=\"2719\" data-end=\"2745\">Povrchov\u00e1 \u00faprava nen\u00e1ro\u010dn\u00e1 na \u00fadr\u017ebu<\/strong> - \u013eahko sa \u010dist\u00ed, r\u00fdchlo schne<\/p>\n<\/li>\n<\/ul>\n<hr data-start=\"2779\" data-end=\"2782\" \/>\n<h4 data-start=\"2784\" data-end=\"2834\">???? <strong data-start=\"2792\" data-end=\"2834\">Prisp\u00f4sobenie a slu\u017eby OEM od spolo\u010dnosti RYINZ:<\/strong><\/h4>\n<ul data-start=\"2835\" data-end=\"3206\">\n<li data-start=\"2835\" data-end=\"2907\">\n<p data-start=\"2837\" data-end=\"2907\">Log\u00e1: tla\u010den\u00e9, vyrazen\u00e9 alebo s n\u00e1\u0161ivkou pridanou na z\u00e1p\u00e4stie, man\u017eetu alebo zadn\u00fa stranu ruky<\/p>\n<\/li>\n<li data-start=\"2908\" data-end=\"2974\">\n<p data-start=\"2910\" data-end=\"2974\">Farebn\u00e9 varianty: K dispoz\u00edcii v \u010diernej\/modrej, \u010diernej\/\u0161edej, tmavomodrej<\/p>\n<\/li>\n<li data-start=\"2975\" data-end=\"3006\">\n<p data-start=\"2977\" data-end=\"3006\">Rozsah ve\u013ekost\u00ed: XS, S, M, L, XL<\/p>\n<\/li>\n<li data-start=\"3007\" data-end=\"3082\">\n<p data-start=\"3009\" data-end=\"3082\">Volite\u013en\u00e9 funkcie: Reflexn\u00e9 z\u00f3ny s logom, hroty dotykov\u00e9ho displeja, \u0161t\u00edtky s menom<\/p>\n<\/li>\n<li data-start=\"3083\" data-end=\"3160\">\n<p data-start=\"3085\" data-end=\"3160\">Mo\u017enosti balenia: Ploch\u00e9 balenie Eco, polyetyl\u00e9nov\u00e9 vrecko, krabi\u010dka na zavesenie, vrecko pripraven\u00e9 na dar\u010dek<\/p>\n<\/li>\n<li data-start=\"3161\" data-end=\"3206\">\n<p data-start=\"3163\" data-end=\"3206\">MOQ: 300 p\u00e1rov pre v\u00fdrobu bielych \u0161t\u00edtkov<\/p>\n<\/li>\n<\/ul>\n<hr data-start=\"3208\" data-end=\"3211\" \/>\n<h4 data-start=\"3213\" data-end=\"3261\">???? <strong data-start=\"3221\" data-end=\"3261\">Ide\u00e1lni kupuj\u00faci, predajcovia a pr\u00edpady pou\u017eitia:<\/strong><\/h4>\n<ul data-start=\"3262\" data-end=\"3623\">\n<li data-start=\"3262\" data-end=\"3304\">\n<p data-start=\"3264\" data-end=\"3304\">????\ufe0f <strong data-start=\"3268\" data-end=\"3302\">Dod\u00e1vatelia uniforiem pre chladn\u00e9 po\u010dasie<\/strong><\/p>\n<\/li>\n<li data-start=\"3305\" data-end=\"3352\">\n<p data-start=\"3307\" data-end=\"3352\">????\ufe0f <strong data-start=\"3311\" data-end=\"3350\">Obchody so suven\u00edrmi v ly\u017eiarskych stredisk\u00e1ch a snowparkoch<\/strong><\/p>\n<\/li>\n<li data-start=\"3353\" data-end=\"3396\">\n<p data-start=\"3355\" data-end=\"3396\">???? <strong data-start=\"3358\" data-end=\"3394\">Zna\u010dky zimn\u00e9ho vybavenia pod vlastnou zna\u010dkou<\/strong><\/p>\n<\/li>\n<li data-start=\"3397\" data-end=\"3448\">\n<p data-start=\"3399\" data-end=\"3448\">???? <strong data-start=\"3402\" data-end=\"3446\">Amazon, eBay, Allegro, predajcovia Shopify<\/strong><\/p>\n<\/li>\n<li data-start=\"3449\" data-end=\"3503\">\n<p data-start=\"3451\" data-end=\"3503\">???? <strong data-start=\"3454\" data-end=\"3501\">Distrib\u00fatori pracovn\u00fdch odevov a po\u017ei\u010dovne v\u00fdstroja<\/strong><\/p>\n<\/li>\n<li data-start=\"3504\" data-end=\"3564\">\n<p data-start=\"3506\" data-end=\"3564\">???? <strong data-start=\"3509\" data-end=\"3562\">Maloobchodn\u00edci potrebuj\u00fa \u010dierne rukavice pre sez\u00f3nne l\u00ednie<\/strong><\/p>\n<\/li>\n<li data-start=\"3565\" data-end=\"3623\">\n<p data-start=\"3567\" data-end=\"3623\">???? <strong data-start=\"3570\" data-end=\"3623\">Dod\u00e1vky a logistick\u00e9 vybavenie zamestnancov firiem<\/strong><\/p>\n<\/li>\n<\/ul>\n<hr data-start=\"3625\" data-end=\"3628\" \/>\n<h4 data-start=\"3630\" data-end=\"3676\">???? <strong data-start=\"3638\" data-end=\"3676\">Pre\u010do si vybra\u0165 celo\u010dierne rukavice RYINZ?<\/strong><\/h4>\n<p data-start=\"3677\" data-end=\"4023\">Pre kupuj\u00facich, ktor\u00ed si cenia <strong data-start=\"3698\" data-end=\"3749\">v\u0161estrannos\u0165, odolnos\u0165 a nen\u00e1padn\u00fd dizajn<\/strong>, tento model je \u0161pi\u010dkov\u00fd. \u010cist\u00fd \u010dierny vzh\u013ead je ide\u00e1lny na viac\u00fa\u010delov\u00fd \u010fal\u0161\u00ed predaj: od robotn\u00edckych uniforiem a\u017e po \u0161portov\u00e9 obchody. Tieto rukavice s\u00fa tepl\u00e9, odoln\u00e9 vo\u010di vode, lacn\u00e9 a vysoko funk\u010dn\u00e9 - presne tak\u00e9, ak\u00e9 v\u00e1\u0161 katal\u00f3g alebo ponuka elektronick\u00e9ho obchodu potrebuje na zv\u00fd\u0161enie hromadn\u00e9ho predaja.<\/p>\n<p data-start=\"4025\" data-end=\"4164\"><strong data-start=\"4025\" data-end=\"4034\">RYINZ<\/strong> stoj\u00ed za remeseln\u00fdm spracovan\u00edm, \u0161t\u00fdlom a v\u00fdrobnou flexibilitou, ktor\u00e9 va\u0161a zna\u010dka potrebuje, aby <strong data-start=\"4129\" data-end=\"4164\">r\u00e1s\u0165 s istotou v zimnom oble\u010den\u00ed.<\/strong><\/p>\n<hr data-start=\"4166\" data-end=\"4169\" \/>\n<p data-start=\"4171\" data-end=\"4288\"><strong data-start=\"4171\" data-end=\"4288\">Neutr\u00e1lne. Profesion\u00e1lne. Testovan\u00e9 na trhu. Celo\u010dierne rukavice, ktor\u00e9 budete pred\u00e1va\u0165 znova a znova - od svahov a\u017e po chodn\u00edky.<\/strong><\/p>","protected":false},"excerpt":{"rendered":"<p>Str\u00e1nka <strong data-start=\"422\" data-end=\"466\">RYINZ Celo\u010dierne nepremokav\u00e9 zimn\u00e9 rukavice<\/strong> s\u00fa navrhnut\u00e9 pre \u0161pi\u010dkov\u00fd v\u00fdkon v chladn\u00fdch, vlhk\u00fdch a vetern\u00fdch podmienkach. V\u010faka ochrane man\u017eety po celej d\u013a\u017eke, tepelnej izol\u00e1cii a bezpe\u010dn\u00e9mu p\u00e1siku na z\u00e1p\u00e4st\u00ed poskytuj\u00fa tieto rukavice trval\u00e9 teplo a odolnos\u0165 vo\u010di vetru. Elegantn\u00fd matn\u00fd \u010dierny dizajn, ktor\u00fd je ide\u00e1lny na ly\u017eovanie, snowboarding, doru\u010dovate\u013esk\u00e9 pr\u00e1ce alebo n\u00e1ro\u010dn\u00e9 zimn\u00e9 pou\u017eitie, pon\u00faka pr\u00e9miov\u00fd vzh\u013ead pre uniformovan\u00e9 t\u00edmy alebo pre \u010fal\u0161\u00ed predaj pod s\u00fakromnou zna\u010dkou. Tieto rukavice s\u00fa vhodn\u00e9 pre ve\u013ekoobchod, s\u00fa pripraven\u00e9 pre zna\u010dky a s\u00fa vyroben\u00e9 tak, aby sp\u013a\u0148ali vysok\u00e9 o\u010dak\u00e1vania eur\u00f3pskych odberate\u013eov, glob\u00e1lnych predajcov elektronick\u00e9ho obchodu a maloobchodn\u00edkov so zimn\u00fdm \u0161portov\u00fdm oble\u010den\u00edm.<\/p>","protected":false},"featured_media":9374,"comment_status":"closed","ping_status":"closed","template":"","meta":[],"product_brand":[35],"product_cat":[57],"product_tag":[304,305,306,307,308,309,310,311,312,313,314,315,316,317,318],"class_list":{"0":"post-9169","1":"product","2":"type-product","3":"status-publish","4":"has-post-thumbnail","6":"product_brand-ryinz","8":"product_tag-brown-and-white-stitched-thermal-gloves","9":"product_tag-cold-weather-accessories-for-gifting","10":"product_tag-designer-inspired-winter-gloves-for-branding","11":"product_tag-fashion-gloves-for-urban-winter-outfits","12":"product_tag-insulated-quilt-gloves-for-winter-sports","13":"product_tag-luxury-gloves-for-fashion-retailers","14":"product_tag-oem-touchscreen-gloves-with-fleece","15":"product_tag-premium-driving-gloves-for-winter-use","16":"product_tag-quilted-winter-gloves-with-zipper","17":"product_tag-ryinz-gloves-for-private-label-winterwear","18":"product_tag-soft-lined-gloves-for-snow-and-frost","19":"product_tag-thermal-gloves-for-equestrian-apparel","20":"product_tag-touchscreen-compatible-outdoor-gloves","21":"product_tag-wholesale-fur-lined-gloves-for-boutiques","22":"product_tag-womens-touchscreen-cold-weather-gloves","24":"first","25":"instock","26":"taxable","27":"shipping-taxable","28":"purchasable","29":"product-type-simple"},"_links":{"self":[{"href":"https:\/\/ryinz.cz\/velkoobchod\/sk\/wp-json\/wp\/v2\/product\/9169","targetHints":{"allow":["GET"]}}],"collection":[{"href":"https:\/\/ryinz.cz\/velkoobchod\/sk\/wp-json\/wp\/v2\/product"}],"about":[{"href":"https:\/\/ryinz.cz\/velkoobchod\/sk\/wp-json\/wp\/v2\/types\/product"}],"replies":[{"embeddable":true,"href":"https:\/\/ryinz.cz\/velkoobchod\/sk\/wp-json\/wp\/v2\/comments?post=9169"}],"wp:featuredmedia":[{"embeddable":true,"href":"https:\/\/ryinz.cz\/velkoobchod\/sk\/wp-json\/wp\/v2\/media\/9374"}],"wp:attachment":[{"href":"https:\/\/ryinz.cz\/velkoobchod\/sk\/wp-json\/wp\/v2\/media?parent=9169"}],"wp:term":[{"taxonomy":"product_brand","embeddable":true,"href":"https:\/\/ryinz.cz\/velkoobchod\/sk\/wp-json\/wp\/v2\/product_brand?post=9169"},{"taxonomy":"product_cat","embeddable":true,"href":"https:\/\/ryinz.cz\/velkoobchod\/sk\/wp-json\/wp\/v2\/product_cat?post=9169"},{"taxonomy":"product_tag","embeddable":true,"href":"https:\/\/ryinz.cz\/velkoobchod\/sk\/wp-json\/wp\/v2\/product_tag?post=9169"}],"curies":[{"name":"wp","href":"https:\/\/api.w.org\/{rel}","templated":true}]}}