{"id":9167,"date":"2025-06-22T15:31:13","date_gmt":"2025-06-22T15:31:13","guid":{"rendered":"https:\/\/ryinz.cz\/velkoobchod\/?post_type=product&#038;p=9167"},"modified":"2026-01-18T20:17:53","modified_gmt":"2026-01-18T20:17:53","slug":"dlhe-zimne-rukavice-s-manzetou-pre-chladne-pocasie-od-ryinz-cierne-opalene-pu-grip-rukavice-pre-vonkajsie-prace-sneh-maloobchodny-velkoobchod","status":"publish","type":"product","link":"https:\/\/ryinz.cz\/velkoobchod\/sk\/product\/long-cuff-winter-gloves-for-cold-weather-by-ryinz-black-tan-pu-grip-gloves-for-outdoor-work-snow-retail-wholesale\/","title":{"rendered":"Zimn\u00e9 rukavice s dlhou man\u017eetou do chladn\u00e9ho po\u010dasia od RYINZ | \u010cierno-hned\u00e9 rukavice PU Grip na pr\u00e1cu v pr\u00edrode, sneh a maloobchodn\u00fd ve\u013ekoobchod"},"content":{"rendered":"<p data-start=\"1177\" data-end=\"1554\">Str\u00e1nka <strong data-start=\"1181\" data-end=\"1228\">Zimn\u00e9 rukavice RYINZ s dlh\u00fdmi man\u017eetami v \u010dierno-hnedej farbe<\/strong> s\u00fa vytvoren\u00e9 tak, aby dominovali v chlade a z\u00e1rove\u0148 pon\u00fakali v\u0161estrannos\u0165 zna\u010dky pre ve\u013ekoobchodn\u00edkov a maloobchodn\u00edkov po celom svete. Tento model kombinuje robustn\u00fa kvalitu kon\u0161trukcie s elegantnou dvojfarebnou estetikou a poskytuje pr\u00e9miov\u00e9 rie\u0161enie pre podniky zameran\u00e9 na <strong data-start=\"1480\" data-end=\"1493\">sne\u017en\u00fd v\u00fdstroj<\/strong>, <strong data-start=\"1495\" data-end=\"1511\">v\u00fdstavba<\/strong>, <strong data-start=\"1513\" data-end=\"1524\">u\u017eito\u010dnos\u0165<\/strong>, a <strong data-start=\"1530\" data-end=\"1544\">\u0161portov\u00e9 oble\u010denie<\/strong> segmenty.<\/p>\n<p data-start=\"1556\" data-end=\"1858\">Tieto rukavice presahuj\u00fa z\u00e1p\u00e4stie a maj\u00fa dlh\u00fa ochrann\u00fa man\u017eetu, tak\u017ee s\u00fa u\u017eito\u010dn\u00e9 najm\u00e4 pri <strong data-start=\"1655\" data-end=\"1668\">hlbok\u00fd sneh<\/strong>, <strong data-start=\"1670\" data-end=\"1693\">mokr\u00e9 pracovn\u00e9 podmienky<\/strong>, alebo <strong data-start=\"1698\" data-end=\"1725\">prostredia so siln\u00fdm vetrom<\/strong>. \u010ci u\u017e rukavice pou\u017e\u00edvaj\u00fa horsk\u00ed profesion\u00e1li, ly\u017eiari alebo pracovn\u00edci v pr\u00edrode, sp\u013a\u0148aj\u00fa kritick\u00e9 po\u017eiadavky: teplo, odolnos\u0165 a pri\u013enavos\u0165.<\/p>\n<hr data-start=\"1860\" data-end=\"1863\" \/>\n<h4 data-start=\"1865\" data-end=\"1902\">???? <strong data-start=\"1873\" data-end=\"1902\">Materi\u00e1ly a kon\u0161trukcia:<\/strong><\/h4>\n<ul data-start=\"1903\" data-end=\"2523\">\n<li data-start=\"1903\" data-end=\"2012\">\n<p data-start=\"1905\" data-end=\"2012\"><strong data-start=\"1905\" data-end=\"1924\">Backhand Shell:<\/strong> Vetruvzdorn\u00e1 a vodeodoln\u00e1 \u010dierna vonkaj\u0161ia tkanina, vytvoren\u00e1 na sneh a p\u00f4sobenie m\u00ednusu<\/p>\n<\/li>\n<li data-start=\"2013\" data-end=\"2119\">\n<p data-start=\"2015\" data-end=\"2119\"><strong data-start=\"2015\" data-end=\"2039\">Z\u00f3ny dlane a \u00fachopu:<\/strong> PU syntetick\u00e1 ko\u017ea v hnedom farebnom preveden\u00ed pre lep\u0161iu odolnos\u0165 a vidite\u013enos\u0165<\/p>\n<\/li>\n<li data-start=\"2120\" data-end=\"2223\">\n<p data-start=\"2122\" data-end=\"2223\"><strong data-start=\"2122\" data-end=\"2137\">Kon\u010deky prstov:<\/strong> Vylep\u0161en\u00e1 zakriven\u00e1 \u0161trukt\u00fara pre pohyblivos\u0165 prstov, manipul\u00e1ciu s n\u00e1strojmi a v\u0161eobecn\u00fa zru\u010dnos\u0165<\/p>\n<\/li>\n<li data-start=\"2224\" data-end=\"2348\">\n<p data-start=\"2226\" data-end=\"2348\"><strong data-start=\"2226\" data-end=\"2235\">Man\u017eeta:<\/strong> Pred\u013a\u017een\u00e1 man\u017eeta na rukavicu poskytuje dodato\u010dn\u00fa ochranu z\u00e1p\u00e4stia a predlaktia - mo\u017eno ju zastr\u010di\u0165 cez vrchn\u00fd odev alebo pod neho<\/p>\n<\/li>\n<li data-start=\"2349\" data-end=\"2434\">\n<p data-start=\"2351\" data-end=\"2434\"><strong data-start=\"2351\" data-end=\"2364\">Interi\u00e9r:<\/strong> M\u00e4kk\u00e1 br\u00fasen\u00e1 term\u00e1lna pod\u0161\u00edvka pre trval\u00e9 teplo bez \u00fanavy r\u00fak<\/p>\n<\/li>\n<li data-start=\"2435\" data-end=\"2523\">\n<p data-start=\"2437\" data-end=\"2523\"><strong data-start=\"2437\" data-end=\"2456\">Elastick\u00e9 z\u00e1p\u00e4stia:<\/strong> Priliehav\u00e9 uzatv\u00e1ranie, ktor\u00e9 chr\u00e1ni pred \u013eadom, snehom a vlhkos\u0165ou po\u010das aktivity<\/p>\n<\/li>\n<\/ul>\n<hr data-start=\"2525\" data-end=\"2528\" \/>\n<h4 data-start=\"2530\" data-end=\"2563\">???? <strong data-start=\"2538\" data-end=\"2563\">V\u00fdkonnostn\u00e9 funkcie:<\/strong><\/h4>\n<ul data-start=\"2564\" data-end=\"2954\">\n<li data-start=\"2564\" data-end=\"2632\">\n<p data-start=\"2566\" data-end=\"2632\">\u2705 <strong data-start=\"2568\" data-end=\"2595\">Dlh\u00e1 man\u017eeta s pln\u00fdm pokryt\u00edm<\/strong> dizajn pre maxim\u00e1lnu ochranu pred snehom<\/p>\n<\/li>\n<li data-start=\"2633\" data-end=\"2706\">\n<p data-start=\"2635\" data-end=\"2706\">\u2705 <strong data-start=\"2637\" data-end=\"2664\">Dla\u0148 odoln\u00e1 vo\u010di oderu<\/strong> materi\u00e1ly s priemyselnou pri\u013enavos\u0165ou<\/p>\n<\/li>\n<li data-start=\"2707\" data-end=\"2781\">\n<p data-start=\"2709\" data-end=\"2781\">\u2705 <strong data-start=\"2711\" data-end=\"2727\">Flexibiln\u00e9 prisp\u00f4sobenie<\/strong> podporuje pr\u00e1cu v pr\u00edrode alebo technick\u00fa vysokohorsk\u00fa \u010dinnos\u0165<\/p>\n<\/li>\n<li data-start=\"2782\" data-end=\"2865\">\n<p data-start=\"2784\" data-end=\"2865\">\u2705 <strong data-start=\"2786\" data-end=\"2804\">Tepeln\u00e9 oblo\u017eenie<\/strong> pon\u00faka spo\u013eahliv\u00e9 udr\u017eanie tepla aj v podmienkach vlhkej zimy<\/p>\n<\/li>\n<li data-start=\"2866\" data-end=\"2954\">\n<p data-start=\"2868\" data-end=\"2954\">\u2705 <strong data-start=\"2870\" data-end=\"2899\">\u0160t\u00fdlov\u00fd a funk\u010dn\u00fd vzh\u013ead<\/strong> pre uniformy aj \u0161portov\u00e9 oble\u010denie<\/p>\n<\/li>\n<\/ul>\n<hr data-start=\"2956\" data-end=\"2959\" \/>\n<h4 data-start=\"2961\" data-end=\"3015\">???? <strong data-start=\"2969\" data-end=\"3015\">Mo\u017enosti zna\u010dky a prisp\u00f4sobenia od spolo\u010dnosti RYINZ:<\/strong><\/h4>\n<ul data-start=\"3016\" data-end=\"3368\">\n<li data-start=\"3016\" data-end=\"3071\">\n<p data-start=\"3018\" data-end=\"3071\">Pridajte svoje logo prostredn\u00edctvom n\u00e1\u0161ivky, reli\u00e9fu alebo priamej tla\u010de<\/p>\n<\/li>\n<li data-start=\"3072\" data-end=\"3165\">\n<p data-start=\"3074\" data-end=\"3165\">Pri v\u00e4\u010d\u0161\u00edch objedn\u00e1vkach s\u00fa k dispoz\u00edcii vlastn\u00e9 farebn\u00e9 sch\u00e9my (\u010dierna\/olivov\u00e1, \u010dierna\/\u010derven\u00e1, n\u00e1morn\u00edcka\/tanov\u00e1 at\u010f.)<\/p>\n<\/li>\n<li data-start=\"3166\" data-end=\"3199\">\n<p data-start=\"3168\" data-end=\"3199\">Dostupn\u00e9 ve\u013ekosti: S, M, L, XL<\/p>\n<\/li>\n<li data-start=\"3200\" data-end=\"3219\">\n<p data-start=\"3202\" data-end=\"3219\">MOQ: 300+ p\u00e1rov<\/p>\n<\/li>\n<li data-start=\"3220\" data-end=\"3288\">\n<p data-start=\"3222\" data-end=\"3288\">Hromadn\u00e9 balenie: zviazan\u00e9 p\u00e1ry, ekologick\u00e9 balenie alebo ploch\u00e9 balenie<\/p>\n<\/li>\n<li data-start=\"3289\" data-end=\"3368\">\n<p data-start=\"3291\" data-end=\"3368\">Volite\u013en\u00e9 funkcie: dotykov\u00e9 kon\u010deky prstov, pancier na k\u013aby, fleecov\u00e1 vn\u00fatorn\u00e1 man\u017eeta<\/p>\n<\/li>\n<\/ul>\n<hr data-start=\"3370\" data-end=\"3373\" \/>\n<h4 data-start=\"3375\" data-end=\"3416\">???? <strong data-start=\"3383\" data-end=\"3416\">Naj\u010dastej\u0161ie pr\u00edpady pou\u017eitia tohto modelu:<\/strong><\/h4>\n<ul data-start=\"3417\" data-end=\"3783\">\n<li data-start=\"3417\" data-end=\"3469\">\n<p data-start=\"3419\" data-end=\"3469\">????\ufe0f <strong data-start=\"3423\" data-end=\"3467\">Vonkaj\u0161ie pr\u00e1ce a v\u00fdstavba v chladnom po\u010das\u00ed<\/strong><\/p>\n<\/li>\n<li data-start=\"3470\" data-end=\"3519\">\n<p data-start=\"3472\" data-end=\"3519\">????\ufe0f <strong data-start=\"3476\" data-end=\"3517\">Horsk\u00e9 z\u00e1chrann\u00e9 t\u00edmy a technici v ter\u00e9ne<\/strong><\/p>\n<\/li>\n<li data-start=\"3520\" data-end=\"3563\">\n<p data-start=\"3522\" data-end=\"3563\">???? <strong data-start=\"3525\" data-end=\"3561\">Predajcovia rukav\u00edc na sne\u017en\u00e9 sk\u00fatre a ly\u017ee<\/strong><\/p>\n<\/li>\n<li data-start=\"3564\" data-end=\"3615\">\n<p data-start=\"3566\" data-end=\"3615\">???? <strong data-start=\"3569\" data-end=\"3613\">S\u00fakromn\u00e9 zna\u010dky zimn\u00fdch \u00fa\u017eitkov\u00fdch rukav\u00edc<\/strong><\/p>\n<\/li>\n<li data-start=\"3616\" data-end=\"3673\">\n<p data-start=\"3618\" data-end=\"3673\">???? <strong data-start=\"3621\" data-end=\"3671\">T\u00edmy pre rozvoz \u013eadu, snehov\u00e9 pluhy a \u00fadr\u017ebu<\/strong><\/p>\n<\/li>\n<li data-start=\"3674\" data-end=\"3727\">\n<p data-start=\"3676\" data-end=\"3727\">???? <strong data-start=\"3679\" data-end=\"3725\">V\u00fdvozcovia a ve\u013ekoobchodn\u00edci so zimn\u00fdmi doplnkami<\/strong><\/p>\n<\/li>\n<li data-start=\"3728\" data-end=\"3783\">\n<p data-start=\"3730\" data-end=\"3783\">???? <strong data-start=\"3733\" data-end=\"3783\">Distrib\u00fatori \u0165a\u017ek\u00fdch rukav\u00edc v E\u00da\/USA<\/strong><\/p>\n<\/li>\n<\/ul>\n<hr data-start=\"3785\" data-end=\"3788\" \/>\n<h4 data-start=\"3790\" data-end=\"3845\">???? <strong data-start=\"3798\" data-end=\"3845\">Pre\u010do s\u00fa rukavice RYINZ s dlhou man\u017eetou nevyhnutnos\u0165ou:<\/strong><\/h4>\n<p data-start=\"3846\" data-end=\"4163\">Spolo\u010dnos\u0165 RYINZ m\u00e1 viac ako dve desa\u0165ro\u010dia sk\u00fasenost\u00ed s medzin\u00e1rodnou v\u00fdrobou rukav\u00edc a \u0161pecializuje sa na premenu robustn\u00e9ho v\u00fdkonu na \u0161k\u00e1lovate\u013en\u00fd \u00faspech s\u00fakromnej zna\u010dky. Tento model - s pred\u013a\u017eenou man\u017eetou, siln\u00fdmi \u00fachopov\u00fdmi z\u00f3nami a v\u0161estrann\u00fdm potenci\u00e1lom zna\u010dky - pon\u00faka v\u00fdnimo\u010dn\u00fa SKU v kateg\u00f3rii m\u00f3dy aj funk\u010dnosti.<\/p>\n<p data-start=\"4165\" data-end=\"4411\">Tieto rukavice, ktor\u00e9 s\u00fa odoln\u00e9 pre pr\u00e1cu v re\u00e1lnom svete a prepracovan\u00e9 pre prezent\u00e1ciu v katal\u00f3gu alebo elektronickom obchode, pon\u00fakaj\u00fa spo\u013eahlivos\u0165, ktor\u00fa kupuj\u00faci po\u017eaduj\u00fa, a dizajnov\u00fa pr\u00ed\u0165a\u017elivos\u0165, ktor\u00fa predajcovia potrebuj\u00fa. \u010ci u\u017e z\u00e1sobujete robotn\u00edkov, jazdcov alebo zimn\u00fdch bojovn\u00edkov - tieto rukavice funguj\u00fa.<\/p>\n<hr data-start=\"4413\" data-end=\"4416\" \/>\n<p data-start=\"4418\" data-end=\"4522\"><strong data-start=\"4418\" data-end=\"4522\">Chr\u00e1\u0148te z\u00e1p\u00e4stie. Uchopte moment. Pred\u00e1vajte s istotou - iba s rukavicami RYINZ Cold-Pro Long Cuff.<\/strong><\/p>","protected":false},"excerpt":{"rendered":"<p>Navrhnut\u00fd na dlh\u0161\u00ed v\u00fdkon v mraziv\u00fdch podmienkach. <strong data-start=\"504\" data-end=\"537\">RYINZ Zimn\u00e9 rukavice s dlhou man\u017eetou<\/strong> pon\u00fakaj\u00fa vynikaj\u00facu ochranu r\u00fak v\u010faka odoln\u00fdm \u00fachopov\u00fdm z\u00f3nam z PU ko\u017ee, vodeodoln\u00e9mu vonkaj\u0161iemu pl\u00e1\u0161\u0165u a zateplen\u00e9mu komfortu. Man\u017eeta s vysok\u00fdm kryt\u00edm z\u00e1p\u00e4stia chr\u00e1ni pred vniknut\u00edm snehu a vetrom, zatia\u013e \u010do zosilnen\u00e9 \u010dasti dlane a prstov poskytuj\u00fa trval\u00fd \u00fachop a flexibilitu. Tieto rukavice s\u00fa vytvoren\u00e9 na ly\u017eovanie, pr\u00e1cu v pr\u00edrode, jazdu na sne\u017en\u00fdch sk\u00fatroch alebo pr\u00e1cu v chladnom po\u010das\u00ed v ter\u00e9ne a s\u00fa plne prisp\u00f4sobite\u013en\u00e9 aj pre priv\u00e1tne zna\u010dky. T\u00fdmto rukaviciam d\u00f4veruj\u00fa maloobchodn\u00edci, dod\u00e1vatelia a dod\u00e1vatelia \u0161portov\u00e9ho oble\u010denia - s\u00fa pripraven\u00e9 na zimu, trh a s\u00fa stvoren\u00e9 pre \u00faspe\u0161n\u00fd predaj vo ve\u013ekom.<\/p>","protected":false},"featured_media":9361,"comment_status":"closed","ping_status":"closed","template":"","meta":[],"product_brand":[35],"product_cat":[57],"product_tag":[304,305,306,307,308,309,310,311,312,313,314,315,316,317,318],"class_list":{"0":"post-9167","1":"product","2":"type-product","3":"status-publish","4":"has-post-thumbnail","6":"product_brand-ryinz","8":"product_tag-brown-and-white-stitched-thermal-gloves","9":"product_tag-cold-weather-accessories-for-gifting","10":"product_tag-designer-inspired-winter-gloves-for-branding","11":"product_tag-fashion-gloves-for-urban-winter-outfits","12":"product_tag-insulated-quilt-gloves-for-winter-sports","13":"product_tag-luxury-gloves-for-fashion-retailers","14":"product_tag-oem-touchscreen-gloves-with-fleece","15":"product_tag-premium-driving-gloves-for-winter-use","16":"product_tag-quilted-winter-gloves-with-zipper","17":"product_tag-ryinz-gloves-for-private-label-winterwear","18":"product_tag-soft-lined-gloves-for-snow-and-frost","19":"product_tag-thermal-gloves-for-equestrian-apparel","20":"product_tag-touchscreen-compatible-outdoor-gloves","21":"product_tag-wholesale-fur-lined-gloves-for-boutiques","22":"product_tag-womens-touchscreen-cold-weather-gloves","24":"first","25":"instock","26":"taxable","27":"shipping-taxable","28":"purchasable","29":"product-type-simple"},"_links":{"self":[{"href":"https:\/\/ryinz.cz\/velkoobchod\/sk\/wp-json\/wp\/v2\/product\/9167","targetHints":{"allow":["GET"]}}],"collection":[{"href":"https:\/\/ryinz.cz\/velkoobchod\/sk\/wp-json\/wp\/v2\/product"}],"about":[{"href":"https:\/\/ryinz.cz\/velkoobchod\/sk\/wp-json\/wp\/v2\/types\/product"}],"replies":[{"embeddable":true,"href":"https:\/\/ryinz.cz\/velkoobchod\/sk\/wp-json\/wp\/v2\/comments?post=9167"}],"wp:featuredmedia":[{"embeddable":true,"href":"https:\/\/ryinz.cz\/velkoobchod\/sk\/wp-json\/wp\/v2\/media\/9361"}],"wp:attachment":[{"href":"https:\/\/ryinz.cz\/velkoobchod\/sk\/wp-json\/wp\/v2\/media?parent=9167"}],"wp:term":[{"taxonomy":"product_brand","embeddable":true,"href":"https:\/\/ryinz.cz\/velkoobchod\/sk\/wp-json\/wp\/v2\/product_brand?post=9167"},{"taxonomy":"product_cat","embeddable":true,"href":"https:\/\/ryinz.cz\/velkoobchod\/sk\/wp-json\/wp\/v2\/product_cat?post=9167"},{"taxonomy":"product_tag","embeddable":true,"href":"https:\/\/ryinz.cz\/velkoobchod\/sk\/wp-json\/wp\/v2\/product_tag?post=9167"}],"curies":[{"name":"wp","href":"https:\/\/api.w.org\/{rel}","templated":true}]}}