{"id":9164,"date":"2025-06-22T15:31:10","date_gmt":"2025-06-22T15:31:10","guid":{"rendered":"https:\/\/ryinz.cz\/velkoobchod\/?post_type=product&#038;p=9164"},"modified":"2026-01-18T20:17:51","modified_gmt":"2026-01-18T20:17:51","slug":"vlastne-nepremokave-lyziarske-rukavice-pre-velkoobchodny-maloobchod-presivane-tepelne-pu-dlanove-rukavice-ryinz-pre-zimne-sportove-oblecenie","status":"publish","type":"product","link":"https:\/\/ryinz.cz\/velkoobchod\/sk\/product\/custom-waterproof-ski-gloves-for-wholesale-retail-quilted-thermal-pu-palm-gloves-by-ryinz-for-winter-sportswear\/","title":{"rendered":"Vlastn\u00e9 nepremokav\u00e9 ly\u017eiarske rukavice pre ve\u013ekoobchod a maloobchod | Pre\u0161\u00edvan\u00e9 term\u00e1lne rukavice PU Palm od RYINZ pre zimn\u00e9 \u0161portov\u00e9 oble\u010denie"},"content":{"rendered":"<h3 data-start=\"232\" data-end=\"348\"><strong data-start=\"239\" data-end=\"346\">Vysoko v\u00fdkonn\u00e9 zimn\u00e9 rukavice RYINZ - modr\u00e9 a siv\u00e9 \u0161portov\u00e9 \u00fa\u017eitkov\u00e9 rukavice s ko\u017eenou ochranou dlane<\/strong><\/h3>\n<p data-start=\"350\" data-end=\"805\">Skon\u0161truovan\u00fd pre extr\u00e9mne podmienky. <strong data-start=\"384\" data-end=\"419\">Zimn\u00e9 rukavice RYINZ Performance<\/strong> pon\u00fakaj\u00fa odoln\u00fa, izolovan\u00fa a \u00fachopovo vylep\u0161en\u00fa kon\u0161trukciu pre profesion\u00e1lov aj dobrodruhov. V\u010faka jedine\u010dnej trojfarebnej sch\u00e9me v <strong data-start=\"558\" data-end=\"573\">arktick\u00e1 modr\u00e1<\/strong>, <strong data-start=\"575\" data-end=\"592\">grafitov\u00e1 \u0161ed\u00e1<\/strong>, a <strong data-start=\"598\" data-end=\"607\">\u010dierna<\/strong>, tieto rukavice sp\u00e1jaj\u00fa prvotriedne materi\u00e1ly s ergonomick\u00fdm komfortom, tak\u017ee s\u00fa ide\u00e1lne na zimn\u00e9 \u0161porty v pr\u00edrode, vysokohorsk\u00e9 exped\u00edcie, taktick\u00e9 oper\u00e1cie a vysoko mobiln\u00fa pr\u00e1cu v mrazivom prostred\u00ed.<\/p>\n<p data-start=\"807\" data-end=\"1004\">Tieto rukavice s\u00fa ide\u00e1lne na <strong data-start=\"836\" data-end=\"854\">zna\u010dky ly\u017eiarskeho oble\u010denia<\/strong>, <strong data-start=\"856\" data-end=\"882\">predajcovia motoristick\u00e9ho \u0161portu<\/strong>, <strong data-start=\"884\" data-end=\"910\">dod\u00e1vatelia outdoorov\u00e9ho vybavenia<\/strong>, a <strong data-start=\"916\" data-end=\"945\">kolekcie s\u00fakromn\u00fdch zna\u010diek<\/strong> h\u013eadaj\u00fa kombin\u00e1ciu vysokej vidite\u013enosti a odolnosti.<\/p>\n<hr data-start=\"1006\" data-end=\"1009\" \/>\n<h3 data-start=\"1011\" data-end=\"1055\">???? <strong data-start=\"1018\" data-end=\"1055\">Kon\u0161trukcia v\u00fdrobku a materi\u00e1ly:<\/strong><\/h3>\n<ul data-start=\"1056\" data-end=\"1718\">\n<li data-start=\"1056\" data-end=\"1139\">\n<p data-start=\"1058\" data-end=\"1139\"><strong data-start=\"1058\" data-end=\"1074\">Vonkaj\u0161\u00ed pl\u00e1\u0161\u0165:<\/strong> Viacpanelov\u00e1 text\u00edlia so stre\u010dov\u00fdmi z\u00f3nami pre flexibilitu a prisp\u00f4sobenie<\/p>\n<\/li>\n<li data-start=\"1140\" data-end=\"1208\">\n<p data-start=\"1142\" data-end=\"1208\"><strong data-start=\"1142\" data-end=\"1156\">Horn\u00fd panel:<\/strong> Pre\u0161\u00edvan\u00e1 \u010dierna man\u017eeta na ochranu z\u00e1p\u00e4stia a \u0161t\u00fdl<\/p>\n<\/li>\n<li data-start=\"1209\" data-end=\"1342\">\n<p data-start=\"1211\" data-end=\"1342\"><strong data-start=\"1211\" data-end=\"1234\">Farebn\u00e9 blokov\u00e9 panely:<\/strong> Svetlo\u0161ed\u00e9 telo a jasne modr\u00e1 spodn\u00e1 polovica poskytuj\u00fa v\u00fdrazn\u00fd kontrast a vysok\u00fa vidite\u013enos\u0165 v snehu alebo pri slabom osvetlen\u00ed<\/p>\n<\/li>\n<li data-start=\"1343\" data-end=\"1493\">\n<p data-start=\"1345\" data-end=\"1493\"><strong data-start=\"1345\" data-end=\"1354\">Dla\u0148:<\/strong> Zosilnen\u00e1 \u010dierna syntetick\u00e1 ko\u017ea s ergonomick\u00fdm polstrovan\u00edm - ur\u010den\u00e1 na uchopenie ly\u017eiarskych pal\u00edc, rukov\u00e4t\u00ed motocyklov, n\u00e1radia alebo trekingov\u00e9ho vybavenia<\/p>\n<\/li>\n<li data-start=\"1494\" data-end=\"1609\">\n<p data-start=\"1496\" data-end=\"1609\"><strong data-start=\"1496\" data-end=\"1507\">Oblo\u017eenie:<\/strong> Tepeln\u00fd interi\u00e9r ur\u010den\u00fd pre <strong data-start=\"1538\" data-end=\"1556\">zadr\u017eiavanie tepla<\/strong> a pohodlie pri dlhom nosen\u00ed bez \u00fanavy r\u00fak<\/p>\n<\/li>\n<li data-start=\"1610\" data-end=\"1718\">\n<p data-start=\"1612\" data-end=\"1718\"><strong data-start=\"1612\" data-end=\"1627\">Z\u00f3na z\u00e1p\u00e4stia:<\/strong> Elastick\u00e1 vn\u00fatorn\u00e1 man\u017eeta a nastavite\u013en\u00e9 zap\u00ednanie na popruh na udr\u017eanie tepla a blokovanie snehu<\/p>\n<\/li>\n<\/ul>\n<hr data-start=\"1720\" data-end=\"1723\" \/>\n<h3 data-start=\"1725\" data-end=\"1761\">???? <strong data-start=\"1732\" data-end=\"1761\">K\u013e\u00fa\u010dov\u00e9 v\u00fdkonnostn\u00e9 vlastnosti:<\/strong><\/h3>\n<ul data-start=\"1762\" data-end=\"2344\">\n<li data-start=\"1762\" data-end=\"1911\">\n<p data-start=\"1764\" data-end=\"1911\">\u2705 <strong data-start=\"1766\" data-end=\"1796\">Funk\u010dnos\u0165 v ka\u017edom ter\u00e9ne:<\/strong> Ide\u00e1lne na pou\u017eitie v <strong data-start=\"1814\" data-end=\"1824\">ly\u017eovanie<\/strong>, <strong data-start=\"1826\" data-end=\"1842\">snowboarding<\/strong>, <strong data-start=\"1844\" data-end=\"1863\">horsk\u00e1 cyklistika<\/strong>, <strong data-start=\"1865\" data-end=\"1881\">jazda na sne\u017en\u00fdch sk\u00fatroch<\/strong>, a <strong data-start=\"1887\" data-end=\"1909\">pr\u00e1ca v chladnom po\u010das\u00ed<\/strong><\/p>\n<\/li>\n<li data-start=\"1912\" data-end=\"2027\">\n<p data-start=\"1914\" data-end=\"2027\">\u2705 <strong data-start=\"1916\" data-end=\"1943\">Zosilnen\u00fd dizajn rukov\u00e4te:<\/strong> Na strane dlane s\u00fa z\u00f3ny z text\u00farovanej PU ko\u017ee pre maxim\u00e1lnu pri\u013enavos\u0165 a dlh\u00fa \u017eivotnos\u0165 rukav\u00edc<\/p>\n<\/li>\n<li data-start=\"2028\" data-end=\"2112\">\n<p data-start=\"2030\" data-end=\"2112\">\u2705 <strong data-start=\"2032\" data-end=\"2059\">Kon\u0161trukcia odoln\u00e1 proti vetru:<\/strong> Vonkaj\u0161ia tkanina odol\u00e1va prenikaniu studen\u00e9ho vzduchu a snehu<\/p>\n<\/li>\n<li data-start=\"2113\" data-end=\"2213\">\n<p data-start=\"2115\" data-end=\"2213\">\u2705 <strong data-start=\"2117\" data-end=\"2141\">Roz\u0161\u00edren\u00e1 z\u00e1p\u00e4stn\u00e1 man\u017eeta:<\/strong> Pre\u0161\u00edvan\u00fd dizajn zabra\u0148uje \u00faniku tepla a dod\u00e1va profesion\u00e1lny vizu\u00e1lny vzh\u013ead<\/p>\n<\/li>\n<li data-start=\"2214\" data-end=\"2344\">\n<p data-start=\"2216\" data-end=\"2344\">\u2705 <strong data-start=\"2218\" data-end=\"2247\">Viacvrstvov\u00e1 odolnos\u0165:<\/strong> Skon\u0161truovan\u00e9 tak, aby vydr\u017eali v n\u00e1ro\u010dn\u00fdch podmienkach - ide\u00e1lne pre vysoko mobiln\u00e9 \u0161porty alebo aktivity vojensk\u00e9ho typu<\/p>\n<\/li>\n<\/ul>\n<hr data-start=\"2346\" data-end=\"2349\" \/>\n<h3 data-start=\"2351\" data-end=\"2400\">???? <strong data-start=\"2358\" data-end=\"2400\">Prisp\u00f4sobenie a mo\u017enosti OEM prostredn\u00edctvom RYINZ:<\/strong><\/h3>\n<ul data-start=\"2401\" data-end=\"2927\">\n<li data-start=\"2401\" data-end=\"2513\">\n<p data-start=\"2403\" data-end=\"2513\">???? <strong data-start=\"2406\" data-end=\"2423\">Mo\u017enosti loga:<\/strong> Sublimovan\u00e1, vy\u0161\u00edvan\u00e1 alebo tepelne pren\u00e1\u0161an\u00e1 potla\u010d na man\u017eete, n\u00e1\u0161ivke na z\u00e1p\u00e4st\u00ed alebo vonkaj\u0161om pl\u00e1\u0161ti<\/p>\n<\/li>\n<li data-start=\"2514\" data-end=\"2642\">\n<p data-start=\"2516\" data-end=\"2642\">???? <strong data-start=\"2519\" data-end=\"2543\">Prisp\u00f4sobenie farieb:<\/strong> K dispoz\u00edcii v \u010dierno-\u010dervenej, n\u00e1morn\u00edcko-\u0161edej, olivovo-oran\u017eovej farbe alebo vo farebn\u00fdch palet\u00e1ch na mieru pre zna\u010dkov\u00e9 kolekcie<\/p>\n<\/li>\n<li data-start=\"2643\" data-end=\"2735\">\n<p data-start=\"2645\" data-end=\"2735\">???? <strong data-start=\"2648\" data-end=\"2669\">\u0160t\u00fdly balenia:<\/strong> Polybagov\u00e9 vreck\u00e1, dar\u010dekov\u00e9 krabi\u010dky, vreck\u00e1 na zips, ekologick\u00e9 rolky (zna\u010dkov\u00e9 alebo oby\u010dajn\u00e9)<\/p>\n<\/li>\n<li data-start=\"2736\" data-end=\"2817\">\n<p data-start=\"2738\" data-end=\"2817\">???? <strong data-start=\"2741\" data-end=\"2755\">Ve\u013ekosti OEM:<\/strong> XS a\u017e XL (dospel\u00ed), volite\u013en\u00e1 ve\u013ekostn\u00e1 tabu\u013eka pre mu\u017eov\/d\u00e1my\/mladistv\u00fdch<\/p>\n<\/li>\n<li data-start=\"2818\" data-end=\"2927\">\n<p data-start=\"2820\" data-end=\"2927\">???? <strong data-start=\"2823\" data-end=\"2840\">MOQ-friendly:<\/strong> Od mal\u00fdch s\u00e9ri\u00ed pre butikov\u00e9 zna\u010dky a\u017e po celoplo\u0161n\u00fa v\u00fdrobu pre glob\u00e1lnych distrib\u00fatorov<\/p>\n<\/li>\n<\/ul>\n<hr data-start=\"2929\" data-end=\"2932\" \/>\n<h3 data-start=\"2934\" data-end=\"2961\">???? <strong data-start=\"2941\" data-end=\"2961\">Najlep\u0161ie sa hod\u00ed pre:<\/strong><\/h3>\n<ul data-start=\"2962\" data-end=\"3368\">\n<li data-start=\"2962\" data-end=\"3034\">\n<p data-start=\"2964\" data-end=\"3034\">\u2744\ufe0f <strong data-start=\"2967\" data-end=\"2995\">Zna\u010dky zimn\u00e9ho \u0161portov\u00e9ho oble\u010denia<\/strong> potrebuj\u00fa ly\u017eiarske alebo snowboardov\u00e9 rukavice<\/p>\n<\/li>\n<li data-start=\"3035\" data-end=\"3101\">\n<p data-start=\"3037\" data-end=\"3101\">???? <strong data-start=\"3040\" data-end=\"3077\">Maloobchodn\u00edci s taktick\u00fdm a outdoorov\u00fdm vybaven\u00edm<\/strong> na trhoch E\u00da alebo MENA<\/p>\n<\/li>\n<li data-start=\"3102\" data-end=\"3157\">\n<p data-start=\"3104\" data-end=\"3157\">????\ufe0f <strong data-start=\"3108\" data-end=\"3155\">Zna\u010dky horolezeck\u00fdch a expedi\u010dn\u00fdch potrieb<\/strong><\/p>\n<\/li>\n<li data-start=\"3158\" data-end=\"3227\">\n<p data-start=\"3160\" data-end=\"3227\">????\ufe0f <strong data-start=\"3164\" data-end=\"3197\">V\u00fdrobcovia motocyklov\u00e9ho v\u00fdstroja<\/strong> h\u013eadanie rukav\u00edc pripraven\u00fdch na zimu<\/p>\n<\/li>\n<li data-start=\"3228\" data-end=\"3302\">\n<p data-start=\"3230\" data-end=\"3302\">???? <strong data-start=\"3233\" data-end=\"3274\">Programy so s\u00fakromnou zna\u010dkou alebo bielou zna\u010dkou<\/strong> potrebujete zimn\u00e9 rukavice OEM<\/p>\n<\/li>\n<li data-start=\"3303\" data-end=\"3368\">\n<p data-start=\"3305\" data-end=\"3368\">???? <strong data-start=\"3308\" data-end=\"3368\">Firemn\u00e9 zimn\u00e9 akcie alebo dar\u010dekov\u00e9 bal\u00ed\u010dky pre snehov\u00e9 stredisk\u00e1<\/strong><\/p>\n<\/li>\n<\/ul>\n<hr data-start=\"3370\" data-end=\"3373\" \/>\n<h3 data-start=\"3375\" data-end=\"3413\">???? <strong data-start=\"3382\" data-end=\"3413\">Pre\u010do rukavice RYINZ vynikaj\u00fa:<\/strong><\/h3>\n<p data-start=\"3414\" data-end=\"3831\">Na str\u00e1nke <strong data-start=\"3417\" data-end=\"3426\">RYINZ<\/strong>, na\u0161e rukavice s\u00fa vyvinut\u00e9 na z\u00e1klade hlbokej spolupr\u00e1ce medzi eur\u00f3pskymi dizajn\u00e9rskymi t\u00edmami a sk\u00fasen\u00fdmi juho\u00e1zijsk\u00fdmi v\u00fdrobcami - v\u010faka tomu m\u00e1te k dispoz\u00edcii prvotriednu kvalitu, vlastn\u00fd \u0161t\u00fdl a trhov\u00e9 ceny. Str\u00e1nka <strong data-start=\"3628\" data-end=\"3672\">Modro-\u0161ed\u00e9 vysoko v\u00fdkonn\u00e9 zimn\u00e9 rukavice<\/strong> s\u00fa navrhnut\u00e9 tak, aby poskytovali spo\u013eahliv\u00fa tepeln\u00fa ochranu, taktick\u00fa pevnos\u0165 uchopenia a vizu\u00e1lnu jedine\u010dnos\u0165 - a z\u00e1rove\u0148 pon\u00fakali mo\u017enos\u0165 rozvoja zna\u010dky pre s\u00fakromn\u00e9 zna\u010dky.<\/p>\n<p data-start=\"3833\" data-end=\"4111\">S dlhoro\u010dn\u00fdmi sk\u00fasenos\u0165ami v oblasti slu\u017eieb B2B pre <strong data-start=\"3884\" data-end=\"3909\">28 eur\u00f3pskych kraj\u00edn<\/strong>, n\u00e1\u0161 v\u00fdrobn\u00fd syst\u00e9m podporuje r\u00fdchlos\u0165 aj rozsah. Tieto rukavice sa m\u00f4\u017eu sta\u0165 najpred\u00e1vanej\u0161\u00edm artiklom vo va\u0161ej zimnej, taktickej alebo motoristickej zbierke - podporen\u00e9 odolnou kon\u0161trukciou a \u0161t\u00fdlov\u00fdm preveden\u00edm.<\/p>\n<p data-start=\"4113\" data-end=\"4164\"><strong data-start=\"4113\" data-end=\"4164\">RYINZ. Navrhnut\u00e9 na v\u00fdkon. Navrhnut\u00e9 na predaj.<\/strong><\/p>","protected":false},"excerpt":{"rendered":"<p>Zosta\u0148te v pohodl\u00ed a istote na snehu s <strong data-start=\"4018\" data-end=\"4057\">RYINZ Rukavice na sneh a ly\u017eovanie do ka\u017ed\u00e9ho po\u010dasia<\/strong> - Rukavice pripraven\u00e9 na zimu, ktor\u00e9 s\u00fa vytvoren\u00e9 na seri\u00f3zny v\u00fdkon v extr\u00e9mnych podmienkach. Tieto rukavice kombinuj\u00fa odoln\u00fd vonkaj\u0161\u00ed pl\u00e1\u0161\u0165 s tepelnou izol\u00e1ciou a pohodlnou pod\u0161\u00edvkou, \u010do zaru\u010duje spo\u013eahliv\u00fa ochranu proti vetru, snehu a vlhkosti. Ich dlh\u00e1 man\u017eeta poskytuje dodato\u010dn\u00e9 krytie, zatia\u013e \u010do nastavite\u013en\u00fd p\u00e1sik a p\u00e1sik na z\u00e1p\u00e4st\u00ed ich bezpe\u010dne udr\u017e\u00ed na mieste. Zosilnen\u00e1 dla\u0148 zlep\u0161uje \u00fachop, zatia\u013e \u010do polstrovan\u00e9 oblasti a predkriven\u00e9 prsty zvy\u0161uj\u00fa flexibilitu a ochranu. Tieto rukavice s\u00fa ide\u00e1lne na ly\u017eovanie, snowboarding, jazdu na sne\u017enom sk\u00fatri a pr\u00e1cu v chladnom po\u010das\u00ed a s\u00fa ur\u010den\u00e9 pre mu\u017eov a \u017eeny, ktor\u00ed potrebuj\u00fa \u0161t\u00fdl aj v\u00fdkon v jednom.<\/p>","protected":false},"featured_media":9353,"comment_status":"closed","ping_status":"closed","template":"","meta":[],"product_brand":[35],"product_cat":[57],"product_tag":[304,305,306,307,308,309,310,311,312,313,314,315,316,317,318],"class_list":{"0":"post-9164","1":"product","2":"type-product","3":"status-publish","4":"has-post-thumbnail","6":"product_brand-ryinz","8":"product_tag-brown-and-white-stitched-thermal-gloves","9":"product_tag-cold-weather-accessories-for-gifting","10":"product_tag-designer-inspired-winter-gloves-for-branding","11":"product_tag-fashion-gloves-for-urban-winter-outfits","12":"product_tag-insulated-quilt-gloves-for-winter-sports","13":"product_tag-luxury-gloves-for-fashion-retailers","14":"product_tag-oem-touchscreen-gloves-with-fleece","15":"product_tag-premium-driving-gloves-for-winter-use","16":"product_tag-quilted-winter-gloves-with-zipper","17":"product_tag-ryinz-gloves-for-private-label-winterwear","18":"product_tag-soft-lined-gloves-for-snow-and-frost","19":"product_tag-thermal-gloves-for-equestrian-apparel","20":"product_tag-touchscreen-compatible-outdoor-gloves","21":"product_tag-wholesale-fur-lined-gloves-for-boutiques","22":"product_tag-womens-touchscreen-cold-weather-gloves","24":"first","25":"instock","26":"taxable","27":"shipping-taxable","28":"purchasable","29":"product-type-simple"},"_links":{"self":[{"href":"https:\/\/ryinz.cz\/velkoobchod\/sk\/wp-json\/wp\/v2\/product\/9164","targetHints":{"allow":["GET"]}}],"collection":[{"href":"https:\/\/ryinz.cz\/velkoobchod\/sk\/wp-json\/wp\/v2\/product"}],"about":[{"href":"https:\/\/ryinz.cz\/velkoobchod\/sk\/wp-json\/wp\/v2\/types\/product"}],"replies":[{"embeddable":true,"href":"https:\/\/ryinz.cz\/velkoobchod\/sk\/wp-json\/wp\/v2\/comments?post=9164"}],"wp:featuredmedia":[{"embeddable":true,"href":"https:\/\/ryinz.cz\/velkoobchod\/sk\/wp-json\/wp\/v2\/media\/9353"}],"wp:attachment":[{"href":"https:\/\/ryinz.cz\/velkoobchod\/sk\/wp-json\/wp\/v2\/media?parent=9164"}],"wp:term":[{"taxonomy":"product_brand","embeddable":true,"href":"https:\/\/ryinz.cz\/velkoobchod\/sk\/wp-json\/wp\/v2\/product_brand?post=9164"},{"taxonomy":"product_cat","embeddable":true,"href":"https:\/\/ryinz.cz\/velkoobchod\/sk\/wp-json\/wp\/v2\/product_cat?post=9164"},{"taxonomy":"product_tag","embeddable":true,"href":"https:\/\/ryinz.cz\/velkoobchod\/sk\/wp-json\/wp\/v2\/product_tag?post=9164"}],"curies":[{"name":"wp","href":"https:\/\/api.w.org\/{rel}","templated":true}]}}