{"id":9163,"date":"2025-06-22T15:31:10","date_gmt":"2025-06-22T15:31:10","guid":{"rendered":"https:\/\/ryinz.cz\/velkoobchod\/?post_type=product&#038;p=9163"},"modified":"2026-01-18T20:17:50","modified_gmt":"2026-01-18T20:17:50","slug":"presivane-zimne-rukavice-ryinz-stylove-hnede-biele-rukavice-s-dotykovou-obrazovkou-premiove-outdoorove-modne-oblecenie-na-ruky","status":"publish","type":"product","link":"https:\/\/ryinz.cz\/velkoobchod\/sk\/product\/quilted-thermal-winter-gloves-by-ryinz-stylish-brown-white-touchscreen-gloves-premium-outdoor-fashion-handwear\/","title":{"rendered":"Pre\u0161\u00edvan\u00e9 termo rukavice RYINZ | \u0160t\u00fdlov\u00e9 hned\u00e9 a biele rukavice s dotykovou obrazovkou | Pr\u00e9miov\u00e9 outdoorov\u00e9 m\u00f3dne oble\u010denie"},"content":{"rendered":"<h3 data-start=\"200\" data-end=\"284\">???? <strong data-start=\"207\" data-end=\"282\">RYINZ Pre\u0161\u00edvan\u00e9 zimn\u00e9 rukavice - elegantn\u00e9 teplo sa stret\u00e1va s ka\u017edodenn\u00fdm v\u00fdkonom<\/strong><\/h3>\n<p data-start=\"286\" data-end=\"763\">Predstavujeme <strong data-start=\"302\" data-end=\"341\">RYINZ Pre\u0161\u00edvan\u00e9 term\u00e1lne zimn\u00e9 rukavice<\/strong>, vysoko v\u00fdkonn\u00e9 rie\u0161enie do chladn\u00e9ho po\u010dasia, ktor\u00e9 je prisp\u00f4soben\u00e9 mestskej m\u00f3de aj vonkaj\u0161ej funk\u010dnosti. Tieto rukavice sp\u00e1jaj\u00fa prvotriednu estetiku s technickou pripravenos\u0165ou na zimu - ide\u00e1lne pre zna\u010dky, ktor\u00e9 h\u013eadaj\u00fa prvotriednu pr\u00ed\u0165a\u017elivos\u0165 a praktick\u00fa izol\u00e1ciu. Jedine\u010dn\u00fd hnedo-biely pre\u0161\u00edvan\u00fd vzor prin\u00e1\u0161a v\u00fdrazn\u00fd luxusn\u00fd \u0161t\u00fdl, zatia\u013e \u010do vn\u00fatorn\u00e1 m\u00e4kkos\u0165, ochrana pred nepriazniv\u00fdm po\u010das\u00edm a mobilita podporuj\u00fa ka\u017edodenn\u00e9 nosenie po\u010das najchladnej\u0161\u00edch ro\u010dn\u00fdch obdob\u00ed.<\/p>\n<p data-start=\"765\" data-end=\"1005\">\u010ci u\u017e ste predajca zimnej m\u00f3dy, jazdeck\u00e1 v\u00fdstroj alebo lifestylov\u00e1 zna\u010dka, ktor\u00e1 h\u013ead\u00e1 zna\u010dkov\u00e9 outdoorov\u00e9 doplnky, tieto rukavice pon\u00fakaj\u00fa ide\u00e1lnu rovnov\u00e1hu medzi <strong data-start=\"941\" data-end=\"960\">vizu\u00e1lna elegancia<\/strong>, <strong data-start=\"962\" data-end=\"972\">teplo<\/strong>, a <strong data-start=\"978\" data-end=\"1004\">praktickos\u0165 ve\u013ekoobchodu<\/strong>.<\/p>\n<hr data-start=\"1007\" data-end=\"1010\" \/>\n<h3 data-start=\"1012\" data-end=\"1067\">???? <strong data-start=\"1019\" data-end=\"1065\">Pr\u00e9miov\u00fd dizajn pre nosite\u013eov, ktor\u00ed si potrpia na \u0161t\u00fdl<\/strong><\/h3>\n<ul data-start=\"1068\" data-end=\"1676\">\n<li data-start=\"1068\" data-end=\"1194\">\n<p data-start=\"1070\" data-end=\"1194\">Modern\u00e9 dvojfarebn\u00e9 prevedenie v <strong data-start=\"1098\" data-end=\"1134\">\u010dokol\u00e1dovo hned\u00e1 a arktick\u00e1 biela<\/strong>, ide\u00e1lne na zladenie so zimn\u00fdmi kab\u00e1tmi alebo be\u017en\u00fdm oble\u010den\u00edm<\/p>\n<\/li>\n<li data-start=\"1195\" data-end=\"1318\">\n<p data-start=\"1197\" data-end=\"1318\"><strong data-start=\"1197\" data-end=\"1226\">Pre\u0161\u00edvanie s diamantov\u00fdm stehom<\/strong> cez vonkaj\u0161iu vrstvu poskytuje dizajn\u00e9rsky vzh\u013ead, ktor\u00fd je \u010dasto vidie\u0165 v pr\u00e9miov\u00fdch kolekci\u00e1ch oble\u010denia.<\/p>\n<\/li>\n<li data-start=\"1319\" data-end=\"1439\">\n<p data-start=\"1321\" data-end=\"1439\">Vysok\u00fd kontrast <strong data-start=\"1335\" data-end=\"1358\">Logo zna\u010dky RYINZ<\/strong> zvy\u0161uje vidite\u013enos\u0165 a uznanie pre s\u00fakromn\u00e9 zna\u010dky alebo maloobchodn\u00fdch kupuj\u00facich.<\/p>\n<\/li>\n<li data-start=\"1440\" data-end=\"1554\">\n<p data-start=\"1442\" data-end=\"1554\"><strong data-start=\"1442\" data-end=\"1465\">Bo\u010dn\u00e9 zap\u00ednanie na zips<\/strong> zaru\u010duje jednoduch\u00e9 zap\u00ednanie a priliehav\u00e9 nosenie na z\u00e1p\u00e4st\u00ed, aby sa zabr\u00e1nilo vniknutiu snehu a studen\u00e9ho vzduchu.<\/p>\n<\/li>\n<li data-start=\"1555\" data-end=\"1676\">\n<p data-start=\"1557\" data-end=\"1676\">\u0160t\u00edhla, lichotiv\u00e1 silueta navrhnut\u00e1 pre mu\u017eov aj \u017eeny, dostupn\u00e1 vo viacer\u00fdch ve\u013ekostiach pre medzin\u00e1rodn\u00e9 trhy<\/p>\n<\/li>\n<\/ul>\n<hr data-start=\"1678\" data-end=\"1681\" \/>\n<h3 data-start=\"1683\" data-end=\"1736\">???? <strong data-start=\"1690\" data-end=\"1734\">Funk\u010dn\u00e9 vlastnosti na pou\u017e\u00edvanie v chladnom po\u010das\u00ed<\/strong><\/h3>\n<ul data-start=\"1737\" data-end=\"2331\">\n<li data-start=\"1737\" data-end=\"1836\">\n<p data-start=\"1739\" data-end=\"1836\"><strong data-start=\"1739\" data-end=\"1762\">Vn\u00fatorn\u00e1 fleecov\u00e1 pod\u0161\u00edvka<\/strong> poskytuje tepeln\u00fa ochranu v podmienkach pod bodom mrazu bez nadmern\u00e9ho objemu<\/p>\n<\/li>\n<li data-start=\"1837\" data-end=\"1978\">\n<p data-start=\"1839\" data-end=\"1978\"><strong data-start=\"1839\" data-end=\"1876\">Kon\u010deky prstov kompatibiln\u00e9 s dotykovou obrazovkou<\/strong> (ukazov\u00e1k a palec) umo\u017e\u0148uj\u00fa pou\u017e\u00edvate\u013eom prij\u00edma\u0165 hovory, navigova\u0165 v aplik\u00e1ci\u00e1ch alebo nastavova\u0165 GPS bez toho, aby si museli da\u0165 dole rukavice.<\/p>\n<\/li>\n<li data-start=\"1979\" data-end=\"2117\">\n<p data-start=\"1981\" data-end=\"2117\"><strong data-start=\"1981\" data-end=\"2006\">Flexibiln\u00e1 kon\u0161trukcia<\/strong> pre prirodzen\u00fd pohyb prstov - ide\u00e1lne na \u0161of\u00e9rovanie, prech\u00e1dzky, nakupovanie, doch\u00e1dzanie do pr\u00e1ce alebo dokonca \u013eahk\u00fa pr\u00e1cu na koni<\/p>\n<\/li>\n<li data-start=\"2118\" data-end=\"2215\">\n<p data-start=\"2120\" data-end=\"2215\">Vonkaj\u0161ia tkanina odoln\u00e1 proti vetru a pre\u0161\u00edvan\u00e9 z\u00f3ny p\u00f4sobia ako bari\u00e9ra proti chladn\u00fdm poryvom a mrazu<\/p>\n<\/li>\n<li data-start=\"2216\" data-end=\"2331\">\n<p data-start=\"2218\" data-end=\"2331\">Vhodn\u00e9 pre <strong data-start=\"2236\" data-end=\"2263\">mestsk\u00e9 zimn\u00e9 aktivity<\/strong> a vonkaj\u0161ie pou\u017eitie na vidieku - od par\u00ed\u017eskych ul\u00edc po seversk\u00e9 chodn\u00edky<\/p>\n<\/li>\n<\/ul>\n<hr data-start=\"2333\" data-end=\"2336\" \/>\n<h3 data-start=\"2338\" data-end=\"2393\">???? <strong data-start=\"2345\" data-end=\"2391\">Vlastn\u00e9 zna\u010dky a mo\u017enosti s\u00fakromn\u00fdch zna\u010diek<\/strong><\/h3>\n<ul data-start=\"2394\" data-end=\"2861\">\n<li data-start=\"2394\" data-end=\"2515\">\n<p data-start=\"2396\" data-end=\"2515\">K dispoz\u00edcii pre <strong data-start=\"2410\" data-end=\"2435\">OEM a s\u00fakromn\u00e1 zna\u010dka<\/strong> objedn\u00e1vky s vlastn\u00fdmi farebn\u00fdmi paletami (n\u00e1morn\u00edcka, siv\u00e1, \u010dierna, \u0165avia, olivov\u00e1, bordov\u00e1)<\/p>\n<\/li>\n<li data-start=\"2516\" data-end=\"2617\">\n<p data-start=\"2518\" data-end=\"2617\">Mo\u017enosti loga zah\u0155\u0148aj\u00fa sublima\u010dn\u00fa tla\u010d, v\u00fd\u0161ivku alebo n\u00e1\u0161ivku (na z\u00e1p\u00e4st\u00ed, prste alebo zadnej \u010dasti ruky)<\/p>\n<\/li>\n<li data-start=\"2618\" data-end=\"2693\">\n<p data-start=\"2620\" data-end=\"2693\">Vlastn\u00e9 ve\u013ekostn\u00e9 tabu\u013eky na z\u00e1klade rozmerov r\u00fak v E\u00da, Spojenom kr\u00e1\u013eovstve alebo na Bl\u00edzkom v\u00fdchode<\/p>\n<\/li>\n<li data-start=\"2694\" data-end=\"2792\">\n<p data-start=\"2696\" data-end=\"2792\">K dispoz\u00edcii s\u00fa maloobchodn\u00e9 balenia: vreck\u00e1 na zips, kraftov\u00e9 \u0161katule, ekologick\u00e9 balenia v roliach a dar\u010dekov\u00e9 bal\u00ed\u010dky.<\/p>\n<\/li>\n<li data-start=\"2793\" data-end=\"2861\">\n<p data-start=\"2795\" data-end=\"2861\">MOQ friendly - od odberu vzoriek v mal\u00fdch objemoch a\u017e po pln\u00fa v\u00fdrobu<\/p>\n<\/li>\n<\/ul>\n<hr data-start=\"2863\" data-end=\"2866\" \/>\n<h3 data-start=\"2868\" data-end=\"2919\">???? <strong data-start=\"2875\" data-end=\"2917\">Ide\u00e1lne pre kupuj\u00facich B2B na r\u00f4znych trhoch:<\/strong><\/h3>\n<ul data-start=\"2920\" data-end=\"3409\">\n<li data-start=\"2920\" data-end=\"3003\">\n<p data-start=\"2922\" data-end=\"3003\"><strong data-start=\"2922\" data-end=\"2943\">M\u00f3dne butiky<\/strong> h\u013ead\u00e1te \u0161t\u00fdlov\u00e9 zimn\u00e9 doplnky s luxusn\u00fdm vzh\u013eadom<\/p>\n<\/li>\n<li data-start=\"3004\" data-end=\"3072\">\n<p data-start=\"3006\" data-end=\"3072\"><strong data-start=\"3006\" data-end=\"3027\">Jazdeck\u00e9 zna\u010dky<\/strong> Potrebujete elegantn\u00e9 jazdeck\u00e9 rukavice do chladn\u00e9ho po\u010dasia<\/p>\n<\/li>\n<li data-start=\"3073\" data-end=\"3155\">\n<p data-start=\"3075\" data-end=\"3155\"><strong data-start=\"3075\" data-end=\"3101\">Ly\u017eiarske a alpsk\u00e9 stredisk\u00e1<\/strong> h\u013eadanie rukav\u00edc kompatibiln\u00fdch s dotykovou obrazovkou pripraven\u00fdch na maloobchodn\u00fd predaj<\/p>\n<\/li>\n<li data-start=\"3156\" data-end=\"3247\">\n<p data-start=\"3158\" data-end=\"3247\"><strong data-start=\"3158\" data-end=\"3194\">Distrib\u00fatori reklamn\u00fdch produktov<\/strong> h\u013eadanie elegantn\u00fdch, rodovo neutr\u00e1lnych zimn\u00fdch dar\u010dekov<\/p>\n<\/li>\n<li data-start=\"3248\" data-end=\"3344\">\n<p data-start=\"3250\" data-end=\"3344\"><strong data-start=\"3250\" data-end=\"3277\">Internetov\u00e9 obchody so \u017eivotn\u00fdm \u0161t\u00fdlom<\/strong> a dropshipperi, ktor\u00ed potrebuj\u00fa sez\u00f3nne polo\u017eky s vysokou mar\u017eou<\/p>\n<\/li>\n<li data-start=\"3345\" data-end=\"3409\">\n<p data-start=\"3347\" data-end=\"3409\"><strong data-start=\"3347\" data-end=\"3377\">Programy firemn\u00fdch dar\u010dekov<\/strong> alebo VIP dar\u010deky na zimn\u00e9 podujatie<\/p>\n<\/li>\n<\/ul>\n<hr data-start=\"3411\" data-end=\"3414\" \/>\n<h3 data-start=\"3416\" data-end=\"3460\">???? <strong data-start=\"3423\" data-end=\"3458\">Pre\u010do si vybra\u0165 zimn\u00e9 rukavice RYINZ?<\/strong><\/h3>\n<p data-start=\"3461\" data-end=\"3825\">S v\u00fdrobou v \u00c1zii a z\u00e1kazn\u00edckou podporou v \u010ceskej republike, <strong data-start=\"3542\" data-end=\"3551\">RYINZ<\/strong> zabezpe\u010duje vysokokvalitn\u00fa v\u00fdrobu rukav\u00edc, efekt\u00edvne plnenie v E\u00da a slu\u017eby z\u00e1kazn\u00edkom prisp\u00f4soben\u00e9 zna\u010dke. Na\u0161e rukavice s\u00fa navrhnut\u00e9 s <strong data-start=\"3688\" data-end=\"3709\">forma a funkcia<\/strong> s oh\u013eadom na kombin\u00e1ciu \u0161t\u00fdlov\u00fdch povrchov\u00fdch \u00faprav s praktick\u00fdm teplom a hotov\u00fdch dizajnov s mo\u017enos\u0165ou prisp\u00f4sobenia.<\/p>\n<p data-start=\"3827\" data-end=\"4026\"><strong data-start=\"3827\" data-end=\"3876\">Od prv\u00e9ho ochladenia po posledn\u00e9 sne\u017eenie<\/strong>, ,. <strong data-start=\"3882\" data-end=\"3906\">Pre\u0161\u00edvan\u00e9 rukavice RYINZ<\/strong> s\u00fa najlep\u0161ou vo\u013ebou pre B2B produkt, ktor\u00fd sp\u013a\u0148a m\u00f3dne o\u010dak\u00e1vania, udr\u017euje ruky v teple a podporuje obchodn\u00fd rast.<\/p>","protected":false},"excerpt":{"rendered":"<p>Zosta\u0148te v pohodl\u00ed a istote na snehu s <strong data-start=\"4018\" data-end=\"4057\">RYINZ Rukavice na sneh a ly\u017eovanie do ka\u017ed\u00e9ho po\u010dasia<\/strong> - Rukavice pripraven\u00e9 na zimu, ktor\u00e9 s\u00fa vytvoren\u00e9 na seri\u00f3zny v\u00fdkon v extr\u00e9mnych podmienkach. Tieto rukavice kombinuj\u00fa odoln\u00fd vonkaj\u0161\u00ed pl\u00e1\u0161\u0165 s tepelnou izol\u00e1ciou a pohodlnou pod\u0161\u00edvkou, \u010do zaru\u010duje spo\u013eahliv\u00fa ochranu proti vetru, snehu a vlhkosti. Ich dlh\u00e1 man\u017eeta poskytuje dodato\u010dn\u00e9 krytie, zatia\u013e \u010do nastavite\u013en\u00fd p\u00e1sik a p\u00e1sik na z\u00e1p\u00e4st\u00ed ich bezpe\u010dne udr\u017e\u00ed na mieste. Zosilnen\u00e1 dla\u0148 zlep\u0161uje \u00fachop, zatia\u013e \u010do polstrovan\u00e9 oblasti a predkriven\u00e9 prsty zvy\u0161uj\u00fa flexibilitu a ochranu. Tieto rukavice s\u00fa ide\u00e1lne na ly\u017eovanie, snowboarding, jazdu na sne\u017enom sk\u00fatri a pr\u00e1cu v chladnom po\u010das\u00ed a s\u00fa ur\u010den\u00e9 pre mu\u017eov a \u017eeny, ktor\u00ed potrebuj\u00fa \u0161t\u00fdl aj v\u00fdkon v jednom.<\/p>","protected":false},"featured_media":9358,"comment_status":"closed","ping_status":"closed","template":"","meta":[],"product_brand":[35],"product_cat":[57],"product_tag":[304,305,306,307,308,309,310,311,312,313,314,315,316,317,318],"class_list":{"0":"post-9163","1":"product","2":"type-product","3":"status-publish","4":"has-post-thumbnail","6":"product_brand-ryinz","8":"product_tag-brown-and-white-stitched-thermal-gloves","9":"product_tag-cold-weather-accessories-for-gifting","10":"product_tag-designer-inspired-winter-gloves-for-branding","11":"product_tag-fashion-gloves-for-urban-winter-outfits","12":"product_tag-insulated-quilt-gloves-for-winter-sports","13":"product_tag-luxury-gloves-for-fashion-retailers","14":"product_tag-oem-touchscreen-gloves-with-fleece","15":"product_tag-premium-driving-gloves-for-winter-use","16":"product_tag-quilted-winter-gloves-with-zipper","17":"product_tag-ryinz-gloves-for-private-label-winterwear","18":"product_tag-soft-lined-gloves-for-snow-and-frost","19":"product_tag-thermal-gloves-for-equestrian-apparel","20":"product_tag-touchscreen-compatible-outdoor-gloves","21":"product_tag-wholesale-fur-lined-gloves-for-boutiques","22":"product_tag-womens-touchscreen-cold-weather-gloves","24":"first","25":"instock","26":"taxable","27":"shipping-taxable","28":"purchasable","29":"product-type-simple"},"_links":{"self":[{"href":"https:\/\/ryinz.cz\/velkoobchod\/sk\/wp-json\/wp\/v2\/product\/9163","targetHints":{"allow":["GET"]}}],"collection":[{"href":"https:\/\/ryinz.cz\/velkoobchod\/sk\/wp-json\/wp\/v2\/product"}],"about":[{"href":"https:\/\/ryinz.cz\/velkoobchod\/sk\/wp-json\/wp\/v2\/types\/product"}],"replies":[{"embeddable":true,"href":"https:\/\/ryinz.cz\/velkoobchod\/sk\/wp-json\/wp\/v2\/comments?post=9163"}],"wp:featuredmedia":[{"embeddable":true,"href":"https:\/\/ryinz.cz\/velkoobchod\/sk\/wp-json\/wp\/v2\/media\/9358"}],"wp:attachment":[{"href":"https:\/\/ryinz.cz\/velkoobchod\/sk\/wp-json\/wp\/v2\/media?parent=9163"}],"wp:term":[{"taxonomy":"product_brand","embeddable":true,"href":"https:\/\/ryinz.cz\/velkoobchod\/sk\/wp-json\/wp\/v2\/product_brand?post=9163"},{"taxonomy":"product_cat","embeddable":true,"href":"https:\/\/ryinz.cz\/velkoobchod\/sk\/wp-json\/wp\/v2\/product_cat?post=9163"},{"taxonomy":"product_tag","embeddable":true,"href":"https:\/\/ryinz.cz\/velkoobchod\/sk\/wp-json\/wp\/v2\/product_tag?post=9163"}],"curies":[{"name":"wp","href":"https:\/\/api.w.org\/{rel}","templated":true}]}}