{"id":9139,"date":"2025-06-22T15:29:55","date_gmt":"2025-06-22T15:29:55","guid":{"rendered":"https:\/\/ryinz.cz\/velkoobchod\/?post_type=product&#038;p=9139"},"modified":"2026-01-18T20:17:49","modified_gmt":"2026-01-18T20:17:49","slug":"biela-namornicka-panska-teplakova-suprava-od-ryinz-minimalisticka-bunda-s-plnym-zipsom-joggers-set-ciste-vlastne-aktivne-oblecenie-pre-sport","status":"publish","type":"product","link":"https:\/\/ryinz.cz\/velkoobchod\/sk\/product\/white-navy-mens-tracksuit-by-ryinz-minimalist-full-zip-jacket-joggers-set-clean-custom-activewear-for-sport\/","title":{"rendered":"Biela a n\u00e1morn\u00e1 p\u00e1nska tepl\u00e1kov\u00e1 s\u00faprava od RYINZ | Minimalistick\u00e1 celozap\u00ednacia bunda a d\u017eogery | \u010cist\u00e9 \u0161portov\u00e9 oble\u010denie na mieru"},"content":{"rendered":"<p>Bielo-morsk\u00e1 tepl\u00e1kov\u00e1 s\u00faprava RYINZ pre mu\u017eov je defin\u00edciou \u010dist\u00e9ho dizajnu spojen\u00e9ho s funk\u010dnos\u0165ou. \u010ci u\u017e si vytv\u00e1rate vlastn\u00fa m\u00f3dnu l\u00edniu, alebo vybavujete modern\u00fd t\u00edm, t\u00e1to minimalistick\u00e1 s\u00faprava \u0161portov\u00e9ho oble\u010denia sp\u00e1ja tkaninu zameran\u00fa na v\u00fdkon s prisp\u00f4sobenou \u0161trukt\u00farou - ide\u00e1lna pre t\u00fdch, ktor\u00ed vy\u017eaduj\u00fa rafinovan\u00e9 pohodlie a prisp\u00f4sobenie.<\/p>\n<p>???? Dizajn a vlastnosti bundy:<\/p>\n<p>Farebn\u00e1 sch\u00e9ma: Jasne biely z\u00e1klad s hlbok\u00fdmi n\u00e1morn\u00edckymi ruk\u00e1vmi po celej d\u013a\u017eke - odv\u00e1\u017eny, vysoko kontrastn\u00fd vzh\u013ead pre \u010dist\u00fd, elitn\u00fd pocit.<\/p>\n<p>Zap\u00ednanie: Hladk\u00fd zips po celej d\u013a\u017eke v tmavomodrej farbe pre jemn\u00fd kontrast a jednoduch\u00e9 nosenie.<\/p>\n<p>V\u00fdstrih: Vysok\u00fd golier v \u0161t\u00fdle bomber poskytuje odolnos\u0165 proti vetru a leskl\u00fd v\u00fdstrih.<\/p>\n<p>Zna\u010dkovanie: Logo RYINZ jemne umiestnen\u00e9 na \u013eavej strane hrudn\u00edka vo farbe n\u00e1morn\u00edckej farby - sebavedom\u00e9 a elegantn\u00e9.<\/p>\n<p>Vreck\u00e1: Dve bo\u010dn\u00e9 predn\u00e9 vreck\u00e1 skryt\u00e9 pozd\u013a\u017e \u0161vov pre v\u00e4\u010d\u0161ie pohodlie.<\/p>\n<p>Tkanina: \u013dahk\u00fd poly-bavlnen\u00fd fleece pre celoro\u010dn\u00e9 nosenie; m\u00e4kk\u00fd na poko\u017eke, priedu\u0161n\u00fd pri pohybe.<\/p>\n<p>Detail ruk\u00e1va: Vizu\u00e1lne zo\u0161t\u00edh\u013euj\u00face a dynamick\u00e9.<\/p>\n<p>???? Jogger nohavice Dizajn a vlastnosti:<\/p>\n<p>Farba: \u010cist\u00e9 biele telo so zodpovedaj\u00facim n\u00e1morn\u00edckym embl\u00e9mom RYINZ na stehne pre konzistenciu.<\/p>\n<p>Opasok: P\u00e1s: elastick\u00fd s\u0165ahovac\u00ed p\u00e1s s pevn\u00fdm uchopen\u00edm a m\u00e4kkou pru\u017enos\u0165ou.<\/p>\n<p>Vhodn\u00e1: \u00dazky \u0161portov\u00fd strih, ktor\u00fd pohodlne sed\u00ed a neobmedzuje v pohybe.<\/p>\n<p>Man\u017eety na \u010dlenky: Pru\u017en\u00e9 rebrovan\u00e9 man\u017eety udr\u017euj\u00fa \u0161trukt\u00faru a zabra\u0148uj\u00fa preh\u00fdbaniu po\u010das akt\u00edvneho pou\u017e\u00edvania.<\/p>\n<p>Vreck\u00e1: Dvojit\u00e9 bo\u010dn\u00e9 vreck\u00e1 spl\u00fdvaj\u00fa s bo\u010dn\u00fdm \u0161vom a zachov\u00e1vaj\u00fa elegantn\u00fa siluetu.<\/p>\n<p>???? V\u00fdkonnos\u0165 tkaniny:<\/p>\n<p>Zmes poly-bavlny zaru\u010duje priedu\u0161nos\u0165, \u013eahk\u00fa izol\u00e1ciu a odolnos\u0165 proti pokr\u010deniu<\/p>\n<p>Stre\u010dov\u00fd materi\u00e1l umo\u017e\u0148uje vo\u013enos\u0165 po\u010das cvi\u010denia alebo cestovania<\/p>\n<p>Biela tkanina odoln\u00e1 vo\u010di vyblednutiu - testovan\u00e1 na odolnos\u0165 so zosilnen\u00fdm \u0161it\u00edm<\/p>\n<p>Mo\u017eno pra\u0165 v pr\u00e1\u010dke so zachovan\u00edm farieb aj po viacer\u00fdch cykloch<\/p>\n<p>???? Prisp\u00f4sobenie s RYINZ (priv\u00e1tna zna\u010dka a ve\u013ekoobchod):<\/p>\n<p>Vlastn\u00e9 umiestnenie loga na hrudi, chrbte, stehne alebo ruk\u00e1voch bundy<\/p>\n<p>Ve\u013ekosti dostupn\u00e9 v celom rozsahu E\u00da (XS a\u017e 3XL) s mo\u017enos\u0165ami prisp\u00f4sobenia pre jednotliv\u00e9 regi\u00f3ny<\/p>\n<p>Farebn\u00e9 mo\u017enosti pre z\u00e1klad\u0148u, ruk\u00e1vy, zips, zna\u010dku a lemy na MOQ<\/p>\n<p>Tla\u010d visa\u010diek, vn\u00fatorn\u00e9 etikety, obaly - v\u0161etko s identitou va\u0161ej zna\u010dky<\/p>\n<p>Vzorky pripraven\u00e9 na po\u017eiadanie; n\u00edzke MOQ pre pilotn\u00e9 kvapky a mo\u017enosti hromadn\u00e9ho predaja pre ve\u013ek\u00e9 zna\u010dky<\/p>\n<p>???? Ide\u00e1lne pre:<\/p>\n<p>M\u00f3dne zna\u010dky zameriavaj\u00face sa na \u0161pi\u010dkov\u00fd minimalizmus v akt\u00edvnom oble\u010den\u00ed<\/p>\n<p>Majitelia telocvi\u010dn\u00ed alebo fitnes t\u00edmy, ktor\u00e9 h\u013eadaj\u00fa \u010dist\u00e9 uniformy na mieru<\/p>\n<p>Influenceri a tvorcovia, ktor\u00ed chc\u00fa elegantn\u00e9, \u00faplne biele zna\u010dky<\/p>\n<p>Maloobchodn\u00edci s m\u00f3dou online z\u00edskavaj\u00fa oble\u010denie pod bielou zna\u010dkou<\/p>\n<p>\u0160portov\u00e9 agent\u00fary alebo kluby, ktor\u00e9 potrebuj\u00fa t\u00edmov\u00e9 oble\u010denie s podporou loga<\/p>\n<p>???? Pre\u010do spolupracova\u0165 so spolo\u010dnos\u0165ou RYINZ?<\/p>\n<p>Spolo\u010dnos\u0165 RYINZ so z\u00e1klad\u0148ou na z\u00edskavanie zdrojov v \u010cesku a v\u00fdrobn\u00fdmi kore\u0148mi v \u00c1zii pon\u00faka komplexn\u00e9 slu\u017eby v oblasti rie\u0161en\u00ed pre \u0161portov\u00e9 oble\u010denie pod vlastnou zna\u010dkou - od n\u00e1vrhu v\u00fdrobku a\u017e po jeho dodanie a\u017e domov. Dod\u00e1vame kvalitn\u00e9 odevy s koordin\u00e1ciou na \u00farovni E\u00da, \u010d\u00edm v\u00e1m pom\u00e1hame s\u00fastredi\u0165 sa na budovanie va\u0161ej zna\u010dky, zatia\u013e \u010do my sa postar\u00e1me o zvy\u0161ok.<\/p>\n<p>Tepl\u00e1kov\u00e1 s\u00faprava White &amp; Navy vynik\u00e1 ako rafinovan\u00e1 \u0161portov\u00e1 s\u00faprava - pokojne odv\u00e1\u017ena, hrdo pr\u00e9miov\u00e1 a pripraven\u00e1 na va\u0161e logo.<\/p>\n<p>Minimalistick\u00fd dizajn. Maxim\u00e1lna pr\u00edtomnos\u0165. Vytvoren\u00e9 pre mu\u017eov, ktor\u00ed sa pohybuj\u00fa cie\u013eavedome.<\/p>","protected":false},"excerpt":{"rendered":"<p>S p\u00e1nskou tepl\u00e1kovou s\u00fapravou RYINZ White &amp; Navy, ktor\u00e1 sp\u00e1ja modern\u00fd minimalizmus s ka\u017edodenn\u00fdm pohodl\u00edm, urob\u00edte \u010dist\u00e9 a sebavedom\u00e9 vyhl\u00e1senie. T\u00e1to celozap\u00ednacia s\u00faprava obsahuje bielu bundu s vysok\u00fdm golierom a kontrastn\u00fdmi ruk\u00e1vmi v n\u00e1morn\u00edckej farbe a zodpovedaj\u00face z\u00fa\u017een\u00e9 biele tepl\u00e1ky. \u013dahk\u00e1, priedu\u0161n\u00e1 a pripraven\u00e1 na pohyb, t\u00e1to s\u00faprava je ide\u00e1lna do telocvi\u010dne, na spolo\u010densk\u00fa m\u00f3du alebo na branding. V\u010faka jemn\u00fdm log\u00e1m RYINZ a priliehavej siluete je \u0161t\u00fdlov\u00e1 a funk\u010dn\u00e1. K dispoz\u00edcii je mo\u017enos\u0165 prisp\u00f4sobenia s\u00fakromnej zna\u010dky vr\u00e1tane farieb, ve\u013ekost\u00ed, loga a balenia - ide\u00e1lne pre eur\u00f3pske ve\u013ekoobchody, za\u010d\u00ednaj\u00face m\u00f3dne firmy alebo \u0161portov\u00e9 kluby, ktor\u00e9 h\u013eadaj\u00fa exkluz\u00edvny a elegantn\u00fd dizajn.<\/p>","protected":false},"featured_media":9364,"comment_status":"closed","ping_status":"closed","template":"","meta":[],"product_brand":[35],"product_cat":[68,69],"product_tag":[],"class_list":{"0":"post-9139","1":"product","2":"type-product","3":"status-publish","4":"has-post-thumbnail","6":"product_brand-ryinz","7":"product_cat-ryinz","8":"product_cat-tracksuits","10":"first","11":"instock","12":"taxable","13":"shipping-taxable","14":"purchasable","15":"product-type-simple"},"_links":{"self":[{"href":"https:\/\/ryinz.cz\/velkoobchod\/sk\/wp-json\/wp\/v2\/product\/9139","targetHints":{"allow":["GET"]}}],"collection":[{"href":"https:\/\/ryinz.cz\/velkoobchod\/sk\/wp-json\/wp\/v2\/product"}],"about":[{"href":"https:\/\/ryinz.cz\/velkoobchod\/sk\/wp-json\/wp\/v2\/types\/product"}],"replies":[{"embeddable":true,"href":"https:\/\/ryinz.cz\/velkoobchod\/sk\/wp-json\/wp\/v2\/comments?post=9139"}],"wp:featuredmedia":[{"embeddable":true,"href":"https:\/\/ryinz.cz\/velkoobchod\/sk\/wp-json\/wp\/v2\/media\/9364"}],"wp:attachment":[{"href":"https:\/\/ryinz.cz\/velkoobchod\/sk\/wp-json\/wp\/v2\/media?parent=9139"}],"wp:term":[{"taxonomy":"product_brand","embeddable":true,"href":"https:\/\/ryinz.cz\/velkoobchod\/sk\/wp-json\/wp\/v2\/product_brand?post=9139"},{"taxonomy":"product_cat","embeddable":true,"href":"https:\/\/ryinz.cz\/velkoobchod\/sk\/wp-json\/wp\/v2\/product_cat?post=9139"},{"taxonomy":"product_tag","embeddable":true,"href":"https:\/\/ryinz.cz\/velkoobchod\/sk\/wp-json\/wp\/v2\/product_tag?post=9139"}],"curies":[{"name":"wp","href":"https:\/\/api.w.org\/{rel}","templated":true}]}}