{"id":9127,"date":"2025-06-22T15:29:21","date_gmt":"2025-06-22T15:29:21","guid":{"rendered":"https:\/\/ryinz.cz\/velkoobchod\/?post_type=product&#038;p=9127"},"modified":"2026-01-18T20:17:48","modified_gmt":"2026-01-18T20:17:48","slug":"viacfarebna-kontrastna-panska-teplakova-suprava-ryinz-cierna-bunda-na-zips-jogger-set-s-bezovym-lemovanim-modre-rukavy","status":"publish","type":"product","link":"https:\/\/ryinz.cz\/velkoobchod\/sk\/product\/multicolor-contrast-mens-tracksuit-by-ryinz-black-zip-up-jacket-jogger-set-with-beige-trim-blue-sleeves\/","title":{"rendered":"Viacfarebn\u00e1 kontrastn\u00e1 p\u00e1nska tepl\u00e1kov\u00e1 s\u00faprava od RYINZ | \u010cierna bunda na zips a s\u00faprava d\u017eogerov s b\u00e9\u017eov\u00fdm lemovan\u00edm a modr\u00fdmi ruk\u00e1vmi"},"content":{"rendered":"<p>Predstavujeme p\u00e1nsku tepl\u00e1kov\u00fa s\u00fapravu RYINZ Black, Beige &amp; Blue, kreat\u00edvny a vysoko v\u00fdkonn\u00fd z\u00e1klad \u0161atn\u00edka, ktor\u00fd kombinuje retro farebn\u00e9 blokovanie s modernou estetikou \u0161portov\u00e9ho oble\u010denia. V\u010faka bohat\u00fdm detailom, \u013eahkej kon\u0161trukcii a plne prisp\u00f4sobite\u013en\u00e9mu dizajnu je t\u00e1to tepl\u00e1kov\u00e1 s\u00faprava vytvoren\u00e1 tak, aby zaujala zna\u010dky aj nosite\u013eov, ktor\u00ed chc\u00fa vy\u010dnieva\u0165 z davu.<\/p>\n<p>???? Dizajn a vlastnosti bundy:<\/p>\n<p>Z\u00e1kladn\u00e1 farba: \u010dierne telo vytv\u00e1ra ostr\u00fd, modern\u00fd z\u00e1klad<\/p>\n<p>Ruk\u00e1vy s pr\u00edzvukom: Kontrastn\u00e9 nebesky modr\u00e9 ruk\u00e1vy dod\u00e1vaj\u00fa vzh\u013eadu \u017eivos\u0165 a osobitos\u0165<\/p>\n<p>Ozdoby a lemovanie: b\u00e9\u017eov\u00fd rebrovan\u00fd golier, man\u017eety, p\u00e1s a pod\u0161\u00edvka na zips dod\u00e1vaj\u00fa teplo a jedine\u010dnos\u0165 a pripom\u00ednaj\u00fa retro \u0161portov\u00e9 oble\u010denie 90. rokov<\/p>\n<p>Uzavretie: Celoprep\u00ednac\u00ed zips v b\u00e9\u017eovej farbe - hladko k\u013azav\u00fd, bezpe\u010dn\u00fd a elegantn\u00fd<\/p>\n<p>Obojok: M\u00e4kk\u00fd rebrovan\u00fd v\u00fdstrih bomber pre pohodlie a jemn\u00fa \u0161trukt\u00faru<\/p>\n<p>Vreck\u00e1: Dve bo\u010dn\u00e9 vreck\u00e1 na zips na zabezpe\u010denie nevyhnutn\u00fdch vec\u00ed na cest\u00e1ch<\/p>\n<p>Logo: Zna\u010dka RYINZ vytla\u010den\u00e1 na \u013eavej strane hrude v b\u00e9\u017eovej farbe pre elegantn\u00e9 minim\u00e1lne ozna\u010denie zna\u010dky<\/p>\n<p>Materi\u00e1l: Materi\u00e1l: \u013dahk\u00fd poly-bavlnen\u00fd fleece, ktor\u00fd vyva\u017euje m\u00e4kkos\u0165 a elasticitu<\/p>\n<p>???? Jogger nohavice Dizajn a vlastnosti:<\/p>\n<p>Z\u00e1kladn\u00e1 farba: Klasick\u00e1 \u010dierna, ktor\u00e1 sa hod\u00ed k bunde<\/p>\n<p>Dizajn: \u0160t\u00edhla z\u00fa\u017een\u00e1 silueta pre lichotiv\u00fd atletick\u00fd strih<\/p>\n<p>Bo\u010dn\u00fd pruh: \u010cerveno-biele dvojit\u00e9 lemovanie pozd\u013a\u017e vonkaj\u0161\u00edch \u0161vov dod\u00e1va okraje a predl\u017euje l\u00edniu nohav\u00edc.<\/p>\n<p>Opasok: b\u00e9\u017eov\u00fd elastick\u00fd p\u00e1s so \u0161n\u00farkou na stiahnutie pre nastavite\u013en\u00fd a \u0161t\u00fdlov\u00fd povrch<\/p>\n<p>Man\u017eety: Vretenov\u00e9 lemy na \u010dlenkoch udr\u017euj\u00fa nohavice bezpe\u010dne pripevnen\u00e9 bez toho, aby sa preh\u00fdbali alebo pos\u00favali<\/p>\n<p>Umiestnenie loga: Jemn\u00e9 logo RYINZ \u201cR\u201d na stehne pre konzistentn\u00e9 ozna\u010denie zna\u010dky<\/p>\n<p>U\u017eito\u010dnos\u0165: Bo\u010dn\u00e9 vreck\u00e1 na praktick\u00e9 pren\u00e1\u0161anie<\/p>\n<p>???? V\u00fdkon a vlastnosti tkaniny:<\/p>\n<p>Priedu\u0161n\u00fd: Navrhnut\u00e9 tak, aby odv\u00e1dzali vlhkos\u0165 a zabezpe\u010dovali chladiv\u00e9 pr\u00fadenie vzduchu<\/p>\n<p>Vrstvenie: Ide\u00e1lne na vrstvenie na jar\/jese\u0148 alebo ako samostatn\u00e1 v\u00fdbava na cestovanie alebo be\u017en\u00e9 nosenie.<\/p>\n<p>Odoln\u00e9: Zachov\u00e1va si tvar, pru\u017enos\u0165 a farbu aj po viacn\u00e1sobnom pran\u00ed<\/p>\n<p>Funk\u010dnos\u0165: Ide\u00e1lne na \u0161port, \u0161portovanie, nosenie na letisku a m\u00f3dny \u017eivotn\u00fd \u0161t\u00fdl<\/p>\n<p>???? Prisp\u00f4sobenie s\u00fakromnej zna\u010dky a ve\u013ekoobchodu prostredn\u00edctvom RYINZ:<\/p>\n<p>Log\u00e1: Tla\u010den\u00e9, vy\u0161\u00edvan\u00e9 alebo pren\u00e1\u0161an\u00e9 teplom - umiestnen\u00e9 pod\u013ea va\u0161ich potrieb<\/p>\n<p>Ve\u013ekos\u0165: Dostupn\u00e9 v \u0161tandardn\u00fdch ve\u013ekostiach E\u00da od XS do 3XL s mo\u017enos\u0165ou prisp\u00f4sobenia ve\u013ekosti<\/p>\n<p>Farby: Vymenite\u013en\u00e9 oblo\u017eenie alebo ruk\u00e1vy s\u00fa k dispoz\u00edcii na z\u00e1klade MOQ<\/p>\n<p>Balenie: Balenie na mieru, tkan\u00e9 \u0161t\u00edtky a mo\u017enosti ekologickej po\u0161ty<\/p>\n<p>MOQ: N\u00edzke minim\u00e1 na testovanie nov\u00fdch produktov; ve\u013ekoobjemov\u00e9 z\u013eavy pre zaveden\u00e9 l\u00ednie<\/p>\n<p>Jazykov\u00e1 podpora: Vr\u00e1tane \u010desk\u00e9ho jazyka, angli\u010dtiny, urd\u010diny a logistiky pre cel\u00fa E\u00da<\/p>\n<p>???? Cie\u013eov\u00e9 pr\u00edpady pou\u017eitia:<\/p>\n<p>Streetwear zna\u010dky zameran\u00e9 na jedine\u010dn\u00e9 farebn\u00e9 palety<\/p>\n<p>Zna\u010dky fitness a telocvi\u010dn\u00e9ho oble\u010denia uv\u00e1dzaj\u00fa na trh kolekcie s podpismi<\/p>\n<p>Startupy v oblasti mestsk\u00e9ho oble\u010denia v Eur\u00f3pe h\u013eadaj\u00fa mo\u017enosti bielej zna\u010dky<\/p>\n<p>Hudobn\u00ed umelci, influenceri alebo n\u00e1vrh\u00e1ri t\u00edmov\u00e9ho oble\u010denia<\/p>\n<p>Predajcovia Shopify, ktor\u00ed chc\u00fa jedine\u010dn\u00e9 vizu\u00e1ly, ktor\u00e9 sa konvertuj\u00fa<\/p>\n<p>???? Pre\u010do si vybra\u0165 RYINZ?<\/p>\n<p>Spolo\u010dnos\u0165 RYINZ so s\u00eddlom v \u010cesku je va\u0161\u00edm mostom medzi odv\u00e1\u017enou v\u00fdrobou v ju\u017enej \u00c1zii a bezprobl\u00e9mov\u00fdm dodan\u00edm do E\u00da. V\u010faka viac ako 20 rokom sk\u00fasenost\u00ed, viacjazy\u010dnej podpore a kontrole kvality priamo na mieste pom\u00e1hame zna\u010dk\u00e1m od konceptu a\u017e po kontajner. Viacfarebn\u00e1 tepl\u00e1kov\u00e1 s\u00faprava predstavuje na\u0161e kreat\u00edvne, prisp\u00f4sobite\u013en\u00e9 a na v\u00fdrobu pripraven\u00e9 n\u00e1vrhy - vytvoren\u00e9 tak, aby ur\u010dovali trendy, nie ich nasledovali.<\/p>\n<p>Spojenie retro \u0161armu a modern\u00e9ho dizajnu - ide\u00e1lne pre rast\u00face zna\u010dky a odv\u00e1\u017ene \u0161atn\u00edky.<\/p>","protected":false},"excerpt":{"rendered":"<p>Vst\u00fapte do v\u00fdnimo\u010dn\u00e9ho \u0161t\u00fdlu s tepl\u00e1kovou s\u00fapravou RYINZ Multicolor Contrast Tracksuit, ktor\u00e1 je navrhnut\u00e1 pre mu\u017eov, ktor\u00ed si cenia m\u00f3du, strih a flexibilitu. T\u00e1to \u017eiariv\u00e1 dvojdielna s\u00faprava obsahuje celoprep\u00ednac\u00ed kab\u00e1t v \u010diernej farbe s b\u00e9\u017eov\u00fdmi lemami, nebesky modr\u00fdmi ruk\u00e1vmi a elegantn\u00e9 joggerov\u00e9 nohavice s bo\u010dn\u00fdm \u010derven\u00fdm lemovan\u00edm a zodpovedaj\u00facim b\u00e9\u017eov\u00fdm p\u00e1som. V\u010faka \u00fazkemu strihu a priedu\u0161nej polybavlnenej tkanine je ide\u00e1lna na nosenie v telocvi\u010dni, na cesty alebo na ozna\u010denie \u017eivotn\u00e9ho \u0161t\u00fdlu. T\u00e1to tepl\u00e1kov\u00e1 s\u00faprava RYINZ, ktor\u00fa mo\u017eno prisp\u00f4sobi\u0165 log\u00e1m, ve\u013ekostiam a baleniu, je jedine\u010dn\u00fdm pl\u00e1tnom pre za\u010d\u00ednaj\u00face m\u00f3dne firmy, \u0161portov\u00e9 t\u00edmy alebo maloobchodn\u00fdch predajcov v celej Eur\u00f3pe. Odv\u00e1\u017eny v\u00fdrazn\u00fd k\u00fasok vytvoren\u00fd pre pohodlie a ve\u013ekoobchodn\u00fd rozsah.<\/p>","protected":false},"featured_media":9363,"comment_status":"closed","ping_status":"closed","template":"","meta":[],"product_brand":[35],"product_cat":[68,69],"product_tag":[],"class_list":{"0":"post-9127","1":"product","2":"type-product","3":"status-publish","4":"has-post-thumbnail","6":"product_brand-ryinz","7":"product_cat-ryinz","8":"product_cat-tracksuits","10":"first","11":"instock","12":"taxable","13":"shipping-taxable","14":"purchasable","15":"product-type-simple"},"_links":{"self":[{"href":"https:\/\/ryinz.cz\/velkoobchod\/sk\/wp-json\/wp\/v2\/product\/9127","targetHints":{"allow":["GET"]}}],"collection":[{"href":"https:\/\/ryinz.cz\/velkoobchod\/sk\/wp-json\/wp\/v2\/product"}],"about":[{"href":"https:\/\/ryinz.cz\/velkoobchod\/sk\/wp-json\/wp\/v2\/types\/product"}],"replies":[{"embeddable":true,"href":"https:\/\/ryinz.cz\/velkoobchod\/sk\/wp-json\/wp\/v2\/comments?post=9127"}],"wp:featuredmedia":[{"embeddable":true,"href":"https:\/\/ryinz.cz\/velkoobchod\/sk\/wp-json\/wp\/v2\/media\/9363"}],"wp:attachment":[{"href":"https:\/\/ryinz.cz\/velkoobchod\/sk\/wp-json\/wp\/v2\/media?parent=9127"}],"wp:term":[{"taxonomy":"product_brand","embeddable":true,"href":"https:\/\/ryinz.cz\/velkoobchod\/sk\/wp-json\/wp\/v2\/product_brand?post=9127"},{"taxonomy":"product_cat","embeddable":true,"href":"https:\/\/ryinz.cz\/velkoobchod\/sk\/wp-json\/wp\/v2\/product_cat?post=9127"},{"taxonomy":"product_tag","embeddable":true,"href":"https:\/\/ryinz.cz\/velkoobchod\/sk\/wp-json\/wp\/v2\/product_tag?post=9127"}],"curies":[{"name":"wp","href":"https:\/\/api.w.org\/{rel}","templated":true}]}}