{"id":9117,"date":"2025-06-22T15:28:58","date_gmt":"2025-06-22T15:28:58","guid":{"rendered":"https:\/\/ryinz.cz\/velkoobchod\/?post_type=product&#038;p=9117"},"modified":"2026-01-18T20:17:47","modified_gmt":"2026-01-18T20:17:47","slug":"seda-takticka-mikina-s-kapucnou-teplakova-suprava-pre-muzov-od-ryinz-graficky-streetwear-jogger-set-s-vreckami-na-zips-vlastne-velkoobchodne-oblecenie","status":"publish","type":"product","link":"https:\/\/ryinz.cz\/velkoobchod\/sk\/product\/grey-tactical-hoodie-tracksuit-for-men-by-ryinz-graphic-streetwear-jogger-set-with-zip-pockets-custom-wholesale-outfit\/","title":{"rendered":"\u0160ed\u00e1 taktick\u00e1 mikina s kapuc\u0148ou pre mu\u017eov od RYINZ | Grafick\u00fd Streetwear Jogger Set s vreckami na zips | Vlastn\u00e9 ve\u013ekoobchodn\u00e9 oble\u010denie"},"content":{"rendered":"<p>\u0160ed\u00e1 p\u00e1nska taktick\u00e1 tepl\u00e1kov\u00e1 s\u00faprava RYINZ je dvojdielna s\u00faprava in\u0161pirovan\u00e1 mestsk\u00fdmi pom\u00f4ckami, ktor\u00e1 sp\u00e1ja vizu\u00e1lnu silu, funk\u010dn\u00fd dizajn a potenci\u00e1l vlastnej zna\u010dky. \u010ci u\u017e vytv\u00e1rate m\u00f3dnu zna\u010dku, streetwearov\u00fa l\u00edniu alebo pr\u00e9miov\u00fa kolekciu \u0161portov\u00e9ho oble\u010denia, t\u00e1to s\u00faprava mikiny s kapuc\u0148ou a be\u017eeck\u00fdch nohav\u00edc pon\u00faka seri\u00f3znu v\u0161estrannos\u0165 - od vzh\u013eadu a\u017e po logistiku.<\/p>\n<p>???? Bunda s kapuc\u0148ou Dizajn a vlastnosti:<\/p>\n<p>Z\u00e1kladn\u00e1 farba: Svetlo\u0161ed\u00e1 vresov\u00e1 tkanina poskytuje m\u00e4kk\u00fd, neutr\u00e1lny z\u00e1klad, ktor\u00fd sa hod\u00ed k ak\u00e9muko\u013evek \u0161t\u00fdlu<\/p>\n<p>Uzavretie: Odoln\u00fd \u010dierny zips po celej d\u013a\u017eke pre bezpe\u010dn\u00e9 nosenie a kontrastn\u00fd detail<\/p>\n<p>Kapuc\u0148a: Dvojvrstvov\u00e1 nastavite\u013en\u00e1 kapuc\u0148a so \u0161n\u00farkou na ochranu a teplo<\/p>\n<p>V\u00fdstrih: Stredne vysok\u00fd golier zabudovan\u00fd do kapucne pre dodato\u010dn\u00e9 pokrytie po\u010das\u00edm<\/p>\n<p>Predn\u00fd dizajn: Asymetrick\u00e1 geometrick\u00e1 panelov\u00e1 grafika na hrudi a ramen\u00e1ch<\/p>\n<p>Ruk\u00e1vy: Na ruk\u00e1ve je vytla\u010den\u00e1 typografia \u201cWICKED WICKED\u201d, ktor\u00e1 p\u00f4sob\u00ed rebelsky.<\/p>\n<p>Vreck\u00e1: Vreck\u00e1 v \u0161t\u00fdle klokanka so zosilnen\u00fdm \u0161it\u00edm<\/p>\n<p>Tkanina: Materi\u00e1l: stredne \u0165a\u017ek\u00fd poly-bavlnen\u00fd fleece pre izol\u00e1ciu, pru\u017enos\u0165 a m\u00e4kkos\u0165<\/p>\n<p>Rebrovan\u00e9 lemy: Elastick\u00e9 man\u017eety a p\u00e1s poskytuj\u00fa \u0161trukt\u00faru a pohodlie<\/p>\n<p>???? Jogger nohavice Dizajn a vlastnosti:<\/p>\n<p>Farba: Koordinovan\u00e1 svetlosiv\u00e1, ktor\u00e1 zodpoved\u00e1 mikine s kapuc\u0148ou<\/p>\n<p>Opasok: \u0160irok\u00fd elastick\u00fd p\u00e1s s ton\u00e1lnou \u0161n\u00farkou na stiahnutie pre prisp\u00f4sobenie<\/p>\n<p>Vhodn\u00fd: Ide\u00e1lne na vrstvenie alebo v\u00fdkonn\u00e9 nosenie<\/p>\n<p>Grafick\u00e1 z\u00e1plata: Zosilnen\u00e1 \u010dierna panelov\u00e1 n\u00e1\u0161ivka a diagon\u00e1lny grafick\u00fd pruh na \u013eavej nohavici<\/p>\n<p>Vrecko na zips: Vertik\u00e1lne stehenn\u00e9 vrecko na zips dod\u00e1va bezpe\u010dn\u00fd \u00fa\u017eitok a vizu\u00e1lnu v\u00fdhodu<\/p>\n<p>Man\u017eety: Rebrovan\u00e9 man\u017eety na \u010dlenku pre bezpe\u010dn\u00e9 nosenie po\u010das aktivity<\/p>\n<p>Logo: Zna\u010dka RYINZ \u201cR\u201d umiestnen\u00e1 na hornej \u010dasti stehna pre \u010dist\u00fa identitu<\/p>\n<p>???? V\u00fdkon a praktick\u00e9 vyu\u017eitie:<\/p>\n<p>Ide\u00e1lne na tr\u00e9ningy v chladnom po\u010das\u00ed, cestovate\u013esk\u00e9 dni, propag\u00e1ciu zna\u010dky alebo hudobn\u00e9\/streetwear dropy<\/p>\n<p>Vn\u00fatorn\u00e1 fl\u00edsov\u00e1 pod\u0161\u00edvka udr\u017eiava teplo bez toho, aby bola ohrozen\u00e1 priedu\u0161nos\u0165<\/p>\n<p>Odv\u00e1dzanie vlhkosti pre akt\u00edvny v\u00fdkon<\/p>\n<p>Dostato\u010dne odoln\u00e9 na pranie v pr\u00e1\u010dke bez praskania potla\u010de alebo vyblednutia tkaniny<\/p>\n<p>???? Slu\u017eby prisp\u00f4sobenia prostredn\u00edctvom RYINZ:<\/p>\n<p>Kompletn\u00e9 rie\u0161enie priv\u00e1tnej zna\u010dky s vytla\u010den\u00fdmi alebo vy\u0161it\u00fdmi logami<\/p>\n<p>Alternat\u00edvne farebn\u00e9 prevedenia, tkaniny a \u0161t\u00fdly zipsov na po\u017eiadanie<\/p>\n<p>Vlastn\u00e9 balenie s ekologick\u00fdmi alebo luxusn\u00fdmi mo\u017enos\u0165ami<\/p>\n<p>\u00dapln\u00e9 triedenie ve\u013ekost\u00ed E\u00da s rozsahom XS a\u017e 3XL a volite\u013en\u00fdmi pred\u013a\u017een\u00fdmi strihmi<\/p>\n<p>R\u00fdchly obrat vzoriek a roz\u0161\u00edrenie v\u00fdroby v Eur\u00f3pe a Severnej Amerike<\/p>\n<p>???? Ide\u00e1lni kupuj\u00faci a pou\u017eitie:<\/p>\n<p>Streetwear a lifestylov\u00e9 zna\u010dky h\u013eadaj\u00fa robustn\u00e9, graficky upraven\u00e9 z\u00e1kladn\u00e9 sady<\/p>\n<p>Tvorcovia a influenceri vyd\u00e1vaj\u00fa limitovan\u00e9 kolekcie<\/p>\n<p>Fitness zna\u010dky, ktor\u00e9 potrebuj\u00fa vynikn\u00fa\u0165 v zimn\u00fdch dresoch<\/p>\n<p>L\u00ednie hudobn\u00e9ho tovaru alebo poklesy produktov s taktickou tematikou<\/p>\n<p>\u0160portov\u00e9 t\u00edmy, kluby alebo propaga\u010dn\u00e9 agent\u00fary, ktor\u00e9 h\u013eadaj\u00fa mestsk\u00e9 t\u00edmov\u00e9 oble\u010denie<\/p>\n<p>???? Pre\u010do RYINZ?<\/p>\n<p>V spolo\u010dnosti RYINZ pom\u00e1hame zna\u010dk\u00e1m a podnikom r\u00e1s\u0165 v\u010faka skvel\u00fdm produktom, bezprobl\u00e9movej komunik\u00e1cii a kompletn\u00fdm slu\u017eb\u00e1m pri v\u00fdrobe odevov. V\u010faka \u010deskej centr\u00e1le a d\u00f4veryhodnej juho\u00e1zijskej v\u00fdrobnej sieti prep\u00e1jame m\u00f3dnu kreativitu so spo\u013eahlivos\u0165ou dod\u00e1vate\u013esk\u00e9ho re\u0165azca. \u010ci u\u017e ide o jednu vzorku alebo 10 000 s\u00faprav, sme pripraven\u00ed doda\u0165 tovar.<\/p>\n<p>T\u00e1to siv\u00e1 taktick\u00e1 tepl\u00e1kov\u00e1 s\u00faprava v sebe sp\u00e1ja pohodlie, eleganciu a originalitu - v\u0161etko, \u010do va\u0161a modern\u00e1 zna\u010dka alebo kupuj\u00faci h\u013ead\u00e1.<\/p>\n<p>Streetwear, ktor\u00fd hovor\u00ed. Funkcia, ktor\u00e1 funguje. Kvalita RYINZ v ka\u017edom stehu.<\/p>","protected":false},"excerpt":{"rendered":"<p>Vyniknite v pohybe s mikinou RYINZ Tactical-Inspired Grey Hoodie Tracksuit, dynamickou streetwearovou s\u00fapravou kombinuj\u00facou odv\u00e1\u017enu grafiku a v\u00fdkonn\u00fd komfort. T\u00e1to s\u00faprava obsahuje mikinu s kapuc\u0148ou na cel\u00fd obvod s vysok\u00fdm golierom a potla\u010dou textu \u201cWICKED\u201d na ruk\u00e1voch, k nej patria aj zodpovedaj\u00face tepl\u00e1ky so stehenn\u00fdmi vreckami na zips a ton\u00e1lnymi n\u00e1\u0161ivkami. T\u00e1to modern\u00e1 s\u00faprava, ktor\u00e1 je ide\u00e1lna na nosenie v chladnom po\u010das\u00ed alebo na mestsk\u00fd \u0161t\u00fdl, poskytuje prvotriednu m\u00e4kkos\u0165 s odolnou fl\u00edsovou zmesou. Ide\u00e1lne pre m\u00f3dne zna\u010dky, t\u00edmov\u00e9 oble\u010denie alebo predajcov elektronick\u00e9ho obchodu - plne prisp\u00f4sobite\u013en\u00e9 log\u00e1, farby a ve\u013ekosti. Navrhnut\u00e9 pre odv\u00e1\u017eny v\u00fdraz, vytvoren\u00e9 pre zvidite\u013enenie zna\u010dky.<\/p>","protected":false},"featured_media":9365,"comment_status":"closed","ping_status":"closed","template":"","meta":[],"product_brand":[35],"product_cat":[68,69],"product_tag":[],"class_list":{"0":"post-9117","1":"product","2":"type-product","3":"status-publish","4":"has-post-thumbnail","6":"product_brand-ryinz","7":"product_cat-ryinz","8":"product_cat-tracksuits","10":"first","11":"instock","12":"taxable","13":"shipping-taxable","14":"purchasable","15":"product-type-simple"},"_links":{"self":[{"href":"https:\/\/ryinz.cz\/velkoobchod\/sk\/wp-json\/wp\/v2\/product\/9117","targetHints":{"allow":["GET"]}}],"collection":[{"href":"https:\/\/ryinz.cz\/velkoobchod\/sk\/wp-json\/wp\/v2\/product"}],"about":[{"href":"https:\/\/ryinz.cz\/velkoobchod\/sk\/wp-json\/wp\/v2\/types\/product"}],"replies":[{"embeddable":true,"href":"https:\/\/ryinz.cz\/velkoobchod\/sk\/wp-json\/wp\/v2\/comments?post=9117"}],"wp:featuredmedia":[{"embeddable":true,"href":"https:\/\/ryinz.cz\/velkoobchod\/sk\/wp-json\/wp\/v2\/media\/9365"}],"wp:attachment":[{"href":"https:\/\/ryinz.cz\/velkoobchod\/sk\/wp-json\/wp\/v2\/media?parent=9117"}],"wp:term":[{"taxonomy":"product_brand","embeddable":true,"href":"https:\/\/ryinz.cz\/velkoobchod\/sk\/wp-json\/wp\/v2\/product_brand?post=9117"},{"taxonomy":"product_cat","embeddable":true,"href":"https:\/\/ryinz.cz\/velkoobchod\/sk\/wp-json\/wp\/v2\/product_cat?post=9117"},{"taxonomy":"product_tag","embeddable":true,"href":"https:\/\/ryinz.cz\/velkoobchod\/sk\/wp-json\/wp\/v2\/product_tag?post=9117"}],"curies":[{"name":"wp","href":"https:\/\/api.w.org\/{rel}","templated":true}]}}