{"id":9099,"date":"2025-06-22T15:28:28","date_gmt":"2025-06-22T15:28:28","guid":{"rendered":"https:\/\/ryinz.cz\/velkoobchod\/?post_type=product&#038;p=9099"},"modified":"2026-01-18T20:17:44","modified_gmt":"2026-01-18T20:17:44","slug":"hnede-jazdecke-rukavice-od-ryinz-premiove-priedusne-rukavice-pre-jazdecke-pouzitie-vlastne-logo-sportove-rukavice-velkoobchod","status":"publish","type":"product","link":"https:\/\/ryinz.cz\/velkoobchod\/sk\/product\/brown-horse-riding-gloves-by-ryinz-premium-breathable-grip-gloves-for-equestrian-use-custom-logo-sport-glove-wholesale\/","title":{"rendered":"Hned\u00e9 jazdeck\u00e9 rukavice od RYINZ | Pr\u00e9miov\u00e9 priedu\u0161n\u00e9 rukavice pre jazdeck\u00e9 vyu\u017eitie | Vlastn\u00e9 logo \u0160portov\u00e9 rukavice Ve\u013ekoobchod"},"content":{"rendered":"<p>Jazdeck\u00e9 rukavice RYINZ Premium Brown s\u00fa rafinovan\u00fdm spojen\u00edm trad\u00edcie a v\u00fdkonu. \u010ci u\u017e tr\u00e9nujete denne, alebo sa pripravujete na s\u00fa\u0165a\u017e, tieto rukavice poskytuj\u00fa v\u00fdnimo\u010dn\u00fd cit pre reme\u0148, \u0161t\u00fdlov\u00fa kon\u0161trukciu a mo\u017enosti prisp\u00f4sobenia zna\u010dke.<\/p>\n<p>???? Materi\u00e1ly a kon\u0161trukcia:<\/p>\n<p>Zadn\u00e1 strana ruky: M\u00e4kk\u00e1, priedu\u0161n\u00e1 sie\u0165ovina v \u010dokol\u00e1dovo hnedej farbe - \u013eahk\u00e1 a pohodln\u00e1 aj v tepl\u00fdch podmienkach<\/p>\n<p>Dla\u0148: Odoln\u00e1 syntetick\u00e1 ko\u017ea s text\u00farovan\u00fdmi proti\u0161mykov\u00fdmi \u00fachopov\u00fdmi z\u00f3nami pre zosilnen\u00fd kontakt pri manipul\u00e1cii so zbra\u0148ou<\/p>\n<p>Uzavretie: Nastavite\u013en\u00fd p\u00e1sik na z\u00e1p\u00e4stie s elastick\u00fdm klinom a zna\u010dkovou n\u00e1\u0161ivkou na such\u00fd zips pre bezpe\u010dn\u00e9 uchytenie<\/p>\n<p>Tipy na prsty: Kompatibiln\u00e9 podlo\u017eky na palci a ukazov\u00e1ku s dotykovou obrazovkou - ovl\u00e1danie telef\u00f3nov bez nutnosti s\u0165ahovania rukav\u00edc<\/p>\n<p>\u0160itie: zosilnen\u00e9 nap\u00e4\u0165ov\u00e9 body a jemn\u00e1 v\u00e4zba okrajov pre prvotriednu povrchov\u00fa \u00fapravu<\/p>\n<p>???? Najd\u00f4le\u017eitej\u0161ie funkcie:<\/p>\n<p>Vynikaj\u00faca priedu\u0161nos\u0165 na letn\u00fa alebo interi\u00e9rov\u00fa jazdu<\/p>\n<p>\u0160t\u00edhly strih zlep\u0161uje pocit a zni\u017euje zh\u0155\u0148anie<\/p>\n<p>Dotykov\u00fd displej pripraven\u00fd na inteligentn\u00e9 aplik\u00e1cie na riadenie jazdy<\/p>\n<p>Zemit\u00fd farebn\u00fd odtie\u0148 ide\u00e1lny pre klasick\u00fa jazdeck\u00fa estetiku<\/p>\n<p>Prate\u013en\u00e9 a r\u00fdchloschn\u00face, ide\u00e1lne na pravideln\u00e9 pou\u017e\u00edvanie<\/p>\n<p>???? Mo\u017enosti prisp\u00f4sobenia pod\u013ea RYINZ:<\/p>\n<p>Vy\u0161\u00edvan\u00e9 alebo tla\u010den\u00e9 logo (z\u00e1p\u00e4stie, dla\u0148, prst)<\/p>\n<p>Vyberte si alternat\u00edvne z\u00e1kladn\u00e9 farby: op\u00e1len\u00e1, b\u00e9\u017eov\u00e1, olivov\u00e1, \u010dierna<\/p>\n<p>Vlastn\u00e9 \u0161t\u00edtky na z\u00e1p\u00e4stie, visa\u010dky a ekologick\u00e9 obaly<\/p>\n<p>Dostupn\u00e9 ve\u013ekosti OEM od XS-XL (pre mu\u017eov, \u017eeny a ml\u00e1de\u017e)<\/p>\n<p>Pripraven\u00e9 na odber vzoriek s n\u00edzkym MOQ aj na hromadn\u00fa v\u00fdrobu<\/p>\n<p>???? Najlep\u0161ie sa hod\u00ed pre:<\/p>\n<p>Jazdeck\u00e9 kluby a jazdeck\u00e9 \u0161koly pri budovan\u00ed t\u00edmov\u00fdch uniforiem<\/p>\n<p>Obchody s ch\u0148apkami roz\u0161iruj\u00fa farebn\u00fa \u0161k\u00e1lu nad r\u00e1mec klasickej \u010diernej<\/p>\n<p>M\u00f3dne startupy zameran\u00e9 na jazdectvo alebo zna\u010dky \u017eivotn\u00e9ho \u0161t\u00fdlu<\/p>\n<p>Online obchody alebo predplatn\u00e9 pre milovn\u00edkov kon\u00ed<\/p>\n<p>Dar\u010dekov\u00e9 sady a propaga\u010dn\u00e9 predmety pre jazdeck\u00e9 podujatia<\/p>\n<p>???? Pre\u010do RYINZ?<\/p>\n<p>V spolo\u010dnosti RYINZ sme zn\u00e1mi t\u00fdm, \u017ee kombinujeme vysoko v\u00fdkonn\u00fd \u0161portov\u00fd v\u00fdstroj s roz\u0161\u00edrite\u013enou v\u00fdrobou s\u00fakromn\u00fdch zna\u010diek. V\u010faka siln\u00fdm kore\u0148om v dod\u00e1vate\u013eskom re\u0165azci a eur\u00f3pskej podpore pom\u00e1hame jazdeck\u00fdm zna\u010dk\u00e1m budova\u0165 identitu prostredn\u00edctvom na mieru \u0161it\u00fdch rukav\u00edc, ktor\u00e9 sp\u00e1jaj\u00fa funk\u010dnos\u0165, eleganciu a personaliz\u00e1ciu. Hned\u00e9 jazdeck\u00e9 rukavice RYINZ s\u00fa ide\u00e1lnym z\u00e1kladn\u00fdm produktom - s\u00fa \u0161t\u00fdlov\u00e9, predajn\u00e9 a v\u017edy spo\u013eahliv\u00e9.<\/p>\n<p>Klasick\u00fd vzh\u013ead. Inteligentn\u00e9 uchopenie. Vytvoren\u00e9 pre \u00faspech zna\u010dky - od spolo\u010dnosti RYINZ.<\/p>","protected":false},"excerpt":{"rendered":"<p>Jazdite s istotou a \u0161t\u00fdlom v hned\u00fdch jazdeck\u00fdch rukaviciach RYINZ, ktor\u00e9 s\u00fa ur\u010den\u00e9 pre jazdcov, ktor\u00ed oce\u0148uj\u00fa prirodzen\u00e9 t\u00f3ny a presn\u00fd \u00fachop. Tieto celoro\u010dn\u00e9 rukavice s\u00fa vybaven\u00e9 priedu\u0161nou sie\u0165ovinou na chrbte, syntetick\u00fdmi proti\u0161mykov\u00fdmi z\u00f3nami na dlani, dotykov\u00fdmi kon\u010dekmi prstov a bezpe\u010dn\u00fdm p\u00e1sikom na such\u00fd zips pre dokonal\u00e9 prisp\u00f4sobenie. S\u00fa ide\u00e1lne na tr\u00e9ning aj pr\u00edpravu na v\u00fdstavy, pon\u00fakaj\u00fa odolnos\u0165, pohodlie a elegantn\u00fd vizu\u00e1lny vzh\u013ead. K dispoz\u00edcii je mo\u017enos\u0165 \u00fapln\u00e9ho prisp\u00f4sobenia pomocou loga, farebn\u00fdch sch\u00e9m a obalov - ide\u00e1lne pre obchody s v\u00fdstrojou, t\u00edmy na podujatiach alebo m\u00f3dne jazdeck\u00e9 zna\u010dky.<\/p>","protected":false},"featured_media":9356,"comment_status":"closed","ping_status":"closed","template":"","meta":[],"product_brand":[35],"product_cat":[302],"product_tag":[],"class_list":{"0":"post-9099","1":"product","2":"type-product","3":"status-publish","4":"has-post-thumbnail","6":"product_brand-ryinz","7":"product_cat-horse-riding-gloves","9":"first","10":"instock","11":"taxable","12":"shipping-taxable","13":"purchasable","14":"product-type-simple"},"_links":{"self":[{"href":"https:\/\/ryinz.cz\/velkoobchod\/sk\/wp-json\/wp\/v2\/product\/9099","targetHints":{"allow":["GET"]}}],"collection":[{"href":"https:\/\/ryinz.cz\/velkoobchod\/sk\/wp-json\/wp\/v2\/product"}],"about":[{"href":"https:\/\/ryinz.cz\/velkoobchod\/sk\/wp-json\/wp\/v2\/types\/product"}],"replies":[{"embeddable":true,"href":"https:\/\/ryinz.cz\/velkoobchod\/sk\/wp-json\/wp\/v2\/comments?post=9099"}],"wp:featuredmedia":[{"embeddable":true,"href":"https:\/\/ryinz.cz\/velkoobchod\/sk\/wp-json\/wp\/v2\/media\/9356"}],"wp:attachment":[{"href":"https:\/\/ryinz.cz\/velkoobchod\/sk\/wp-json\/wp\/v2\/media?parent=9099"}],"wp:term":[{"taxonomy":"product_brand","embeddable":true,"href":"https:\/\/ryinz.cz\/velkoobchod\/sk\/wp-json\/wp\/v2\/product_brand?post=9099"},{"taxonomy":"product_cat","embeddable":true,"href":"https:\/\/ryinz.cz\/velkoobchod\/sk\/wp-json\/wp\/v2\/product_cat?post=9099"},{"taxonomy":"product_tag","embeddable":true,"href":"https:\/\/ryinz.cz\/velkoobchod\/sk\/wp-json\/wp\/v2\/product_tag?post=9099"}],"curies":[{"name":"wp","href":"https:\/\/api.w.org\/{rel}","templated":true}]}}