{"id":9098,"date":"2025-06-22T15:28:28","date_gmt":"2025-06-22T15:28:28","guid":{"rendered":"https:\/\/ryinz.cz\/velkoobchod\/?post_type=product&#038;p=9098"},"modified":"2026-01-18T20:17:43","modified_gmt":"2026-01-18T20:17:43","slug":"dizajnersky-inspirovany-cierny-polo-set-pre-muzov-od-ryinz-monogram-golier-sortky-combo-luxusne-streetwear-zvyk-velkoobchod","status":"publish","type":"product","link":"https:\/\/ryinz.cz\/velkoobchod\/sk\/product\/designer-inspired-black-polo-set-for-men-by-ryinz-monogram-collar-shorts-combo-luxury-streetwear-custom-wholesale\/","title":{"rendered":"\u010cierna poloko\u0161e\u013ea pre mu\u017eov in\u0161pirovan\u00e1 dizajn\u00e9rom od RYINZ | Monogram Collar &amp; Shorts Combo | Luxury Streetwear Custom Wholesale"},"content":{"rendered":"<p>???? :<\/p>\n<p>S\u00faprava poloko\u0161ele a \u0161ortiek RYINZ Black Monogram Collar sp\u00e1ja luxusn\u00fa in\u0161pir\u00e1ciu s letn\u00fdm pohodl\u00edm a vytv\u00e1ra tak v\u00fdnimo\u010dn\u00fa mo\u017enos\u0165 vo\u013eno\u010dasov\u00e9ho oble\u010denia pre s\u00fakromn\u00e9 zna\u010dky a streetwear. Tento dvojdielny set, ktor\u00fd je odv\u00e1\u017eny, ale elegantn\u00fd, dod\u00e1va ka\u017edodennej m\u00f3de noblesn\u00fd n\u00e1dych a z\u00e1rove\u0148 zost\u00e1va praktick\u00fd a priedu\u0161n\u00fd.<\/p>\n<p>???? Vlastnosti poloko\u0161ele:<\/p>\n<p>Farebn\u00e1 z\u00e1klad\u0148a: Klasick\u00e1 \u010dierna s potla\u010dou monogramu v kontrastnej zlatej a bielej farbe<\/p>\n<p>\u0160t\u00fdl goliera: \u0160t\u00fdlov\u00fd a \u0161trukt\u00farovan\u00fd golier s luxusn\u00fdm vzorom v zlatej a \u010diernej farbe<\/p>\n<p>Ruk\u00e1vy: Vhodn\u00e1 potla\u010d s monogramom vo vn\u00fatri man\u017eiet ruk\u00e1vov, ktor\u00e1 pon\u00faka dizajn\u00e9rsky n\u00e1dych aj po zrolovan\u00ed<\/p>\n<p>Vhodn\u00fd: Pravideln\u00fd modern\u00fd strih s \u010dist\u00fdmi \u0161vami a \u0161trukt\u00farovan\u00fdmi ramenami<\/p>\n<p>Gomb\u00edky: 3 gomb\u00edky vpredu na nastavenie \u0161t\u00fdlu<\/p>\n<p>Logo: RYINZ vytla\u010den\u00e9 na \u013eavej strane hrude v matnej \u010diernej farbe pre jemn\u00e9 ozna\u010denie zna\u010dky<\/p>\n<p>Tkanina: Materi\u00e1l: \u013eahk\u00e1, priedu\u0161n\u00e1 zmes poly-bavlny s vlastnos\u0165ami reguluj\u00facimi vlhkos\u0165<\/p>\n<p>???? Dizajn a funkcie \u0161ortiek:<\/p>\n<p>Farba: \u010dierne telo pre jednotn\u00fa s\u00fapravu<\/p>\n<p>Opasok: Elastick\u00fd p\u00e1s so \u0161n\u00farkou a bielym monogramom<\/p>\n<p>Orezanie: Koordinovan\u00fd dizajn monogramu na vn\u00fatorn\u00fdch okrajoch vreciek pre le\u0161ten\u00fd povrch<\/p>\n<p>D\u013a\u017eka: Strih nad kolen\u00e1 ide\u00e1lny pre mestsk\u00fd \u0161t\u00fdl alebo nosenie v letovisku<\/p>\n<p>Logo: Mal\u00e9 p\u00edsmeno RYINZ \u201cR\u201d vytla\u010den\u00e9 v bl\u00edzkosti vrecka pre jednotn\u00fa identitu<\/p>\n<p>Vreck\u00e1: Bo\u010dn\u00e9 vreck\u00e1 s hladkou vn\u00fatornou pod\u0161\u00edvkou a zosilnen\u00fdm \u0161it\u00edm<\/p>\n<p>Tkanina: M\u00e4kk\u00fd stre\u010dov\u00fd materi\u00e1l, priedu\u0161n\u00fd a r\u00fdchloschn\u00faci na nosenie v hor\u00facom po\u010das\u00ed<\/p>\n<p>???? Praktickos\u0165 a pohodlie:<\/p>\n<p>Skvel\u00e9 na styling v teplom po\u010das\u00ed - vonkaj\u0161ie podujatia, p\u00e1rty pri baz\u00e9ne, prech\u00e1dzky po meste<\/p>\n<p>Zost\u00e1va bez z\u00e1hybov a s bohatou farbou aj po viacn\u00e1sobnom pran\u00ed<\/p>\n<p>Materi\u00e1l a strih vhodn\u00fd na cestovanie - dostato\u010dne \u0161t\u00fdlov\u00fd na elegantn\u00e9 pr\u00edle\u017eitost\u00ed, dostato\u010dne pohodln\u00fd na le\u0148o\u0161enie<\/p>\n<p>???? Prisp\u00f4sobenie a slu\u017eby s\u00fakromnej zna\u010dky:<\/p>\n<p>Pridajte vlastn\u00e9 logo (tla\u010d, v\u00fd\u0161ivka, patchwork)<\/p>\n<p>V\u00fdber farebn\u00fdch sch\u00e9m: \u010dierna\/zlat\u00e1, n\u00e1morn\u00edcka\/strieborn\u00e1, biela\/\u010derven\u00e1<\/p>\n<p>K dispoz\u00edcii s\u00fa vlastn\u00e9 ve\u013ekostn\u00e9 tabu\u013eky a tla\u010d \u0161t\u00edtkov\/etikiet<\/p>\n<p>Ponuka ekologick\u00fdch obalov a luxusn\u00fdch mo\u017enost\u00ed prezent\u00e1cie<\/p>\n<p>Podpora MOQ pre za\u010d\u00ednaj\u00face podniky a \u0161k\u00e1lovate\u013en\u00e9 ceny pre ve\u013ekoobchodn\u00edkov<\/p>\n<p>???? Cie\u013eov\u00ed kupuj\u00faci a pr\u00edpady pou\u017eitia:<\/p>\n<p>Luxusn\u00e9 streetwear zna\u010dky sa zameriavaj\u00fa na letn\u00e9 exkluzivity<\/p>\n<p>M\u00f3dne butiky h\u013eadaj\u00fa odv\u00e1\u017ene, ale nosite\u013en\u00e9 s\u00fapravy<\/p>\n<p>Klienti so s\u00fakromnou zna\u010dkou v segmentoch rekrea\u010dn\u00e9ho oble\u010denia alebo \u017eivotn\u00e9ho \u0161t\u00fdlu<\/p>\n<p>Zna\u010dky influencerov uv\u00e1dzaj\u00fa na trh kapsule v \u201cdizajn\u00e9rskom \u0161t\u00fdle\u201d<\/p>\n<p>Obchodn\u00e9 zna\u010dky, ktor\u00e9 potrebuj\u00fa \u0161pi\u010dkov\u00e9 vizu\u00e1ly pre pop-up predaj alebo digit\u00e1lne kampane<\/p>\n<p>???? Pre\u010do si vybra\u0165 RYINZ?<\/p>\n<p>Spolo\u010dnos\u0165 RYINZ pon\u00faka spo\u013eahliv\u00fa v\u00fdrobu odevov pod vlastnou zna\u010dkou, ktor\u00e1 kombinuje kvalitu juho\u00e1zijskej v\u00fdroby s eur\u00f3pskou dod\u00e1vkou a podporou. So s\u00eddlom v \u010cesku zabezpe\u010dujeme komplexn\u00fa koordin\u00e1ciu, kontrolu kvality a v\u010dasn\u00e9 plnenie. T\u00e1to \u010dierna dizajnov\u00e1 poloko\u0161e\u013ea je pr\u00edkladom na\u0161ej schopnosti poskytova\u0165 k\u00fasky vo vysokom \u0161t\u00fdle, ktor\u00e9 s\u00fa plne zna\u010dkov\u00e9 - vytvoren\u00e9 pre podnikate\u013eov, ktor\u00ed presadzuj\u00fa trendy, ve\u013ekoobchodn\u00edkov a predajcov elektronick\u00e9ho obchodu.<\/p>\n<p>Pocit luxusu. \u0160k\u00e1lovate\u013en\u00e1 v\u00fdroba. Eur\u00f3pska spo\u013eahlivos\u0165 - poh\u00e1\u0148an\u00e1 spolo\u010dnos\u0165ou RYINZ.<\/p>","protected":false},"excerpt":{"rendered":"<p data-start=\"354\" data-end=\"719\">Vylep\u0161ite svoj letn\u00fd \u0161t\u00fdl so s\u00fapravou \u010diernej poloko\u0161ele a \u0161ortiek in\u0161pirovanou dizajn\u00e9rom RYINZ, ktor\u00e1 bola vytvoren\u00e1 pre mu\u017eov, ktor\u00ed h\u013eadaj\u00fa pr\u00e9miov\u00e9 streetov\u00e9 oble\u010denie s rafinovan\u00fdm strihom. S\u00faprava obsahuje elegantn\u00fa \u010diernu poloko\u0161e\u013eu s golierom a ruk\u00e1vmi s potla\u010dou monogramu v kombin\u00e1cii so zodpovedaj\u00facimi \u010diernymi \u0161ortkami so \u0161n\u00farkou s rovnak\u00fdm dizajn\u00e9rskym lemovan\u00edm. M\u00e4kk\u00e1, priedu\u0161n\u00e1 a moderne strihan\u00e1 - je ide\u00e1lna pre m\u00f3dne zna\u010dky, butiky alebo influencerov, ktor\u00ed uv\u00e1dzaj\u00fa exkluz\u00edvne letn\u00e9 kolekcie. Plne prisp\u00f4sobite\u013en\u00e1 farba, l\u00e1tka, logo a balenie. Ide\u00e1lne na v\u00fdrobu priv\u00e1tnych zna\u010diek s luxusnou streetwearovou estetikou.<\/p>","protected":false},"featured_media":9340,"comment_status":"closed","ping_status":"closed","template":"","meta":[],"product_brand":[35],"product_cat":[68,69],"product_tag":[],"class_list":{"0":"post-9098","1":"product","2":"type-product","3":"status-publish","4":"has-post-thumbnail","6":"product_brand-ryinz","7":"product_cat-ryinz","8":"product_cat-tracksuits","10":"first","11":"instock","12":"taxable","13":"shipping-taxable","14":"purchasable","15":"product-type-simple"},"_links":{"self":[{"href":"https:\/\/ryinz.cz\/velkoobchod\/sk\/wp-json\/wp\/v2\/product\/9098","targetHints":{"allow":["GET"]}}],"collection":[{"href":"https:\/\/ryinz.cz\/velkoobchod\/sk\/wp-json\/wp\/v2\/product"}],"about":[{"href":"https:\/\/ryinz.cz\/velkoobchod\/sk\/wp-json\/wp\/v2\/types\/product"}],"replies":[{"embeddable":true,"href":"https:\/\/ryinz.cz\/velkoobchod\/sk\/wp-json\/wp\/v2\/comments?post=9098"}],"wp:featuredmedia":[{"embeddable":true,"href":"https:\/\/ryinz.cz\/velkoobchod\/sk\/wp-json\/wp\/v2\/media\/9340"}],"wp:attachment":[{"href":"https:\/\/ryinz.cz\/velkoobchod\/sk\/wp-json\/wp\/v2\/media?parent=9098"}],"wp:term":[{"taxonomy":"product_brand","embeddable":true,"href":"https:\/\/ryinz.cz\/velkoobchod\/sk\/wp-json\/wp\/v2\/product_brand?post=9098"},{"taxonomy":"product_cat","embeddable":true,"href":"https:\/\/ryinz.cz\/velkoobchod\/sk\/wp-json\/wp\/v2\/product_cat?post=9098"},{"taxonomy":"product_tag","embeddable":true,"href":"https:\/\/ryinz.cz\/velkoobchod\/sk\/wp-json\/wp\/v2\/product_tag?post=9098"}],"curies":[{"name":"wp","href":"https:\/\/api.w.org\/{rel}","templated":true}]}}