{"id":9097,"date":"2025-06-22T15:28:28","date_gmt":"2025-06-22T15:28:28","guid":{"rendered":"https:\/\/ryinz.cz\/velkoobchod\/?post_type=product&#038;p=9097"},"modified":"2026-01-18T20:17:43","modified_gmt":"2026-01-18T20:17:43","slug":"panske-tmavomodre-teplaky-s-cervenym-logom-od-ryinz-slim-fit-zips-bunda-joggers-set-vlastne-gymwear-athleisure-oblecenie-3","status":"publish","type":"product","link":"https:\/\/ryinz.cz\/velkoobchod\/sk\/product\/mens-navy-blue-tracksuit-with-red-logo-by-ryinz-slim-fit-zip-up-jacket-joggers-set-custom-gymwear-athleisure-outfit-3\/","title":{"rendered":"P\u00e1nska n\u00e1morn\u00edcka modr\u00e1 tepl\u00e1kov\u00e1 s\u00faprava s \u010derven\u00fdm logom od RYINZ | Slim Fit Zip-Up Jacket &amp; Joggers Set | Custom Gymwear &amp; Athleisure Outfit"},"content":{"rendered":"<p>:<\/p>\n<p>S\u00faprava kockovan\u00e9ho tri\u010dka a \u0161ortiek RYINZ s potla\u010dou je ostr\u00e1 a \u013eahk\u00e1 p\u00e1nska letn\u00e1 s\u00faprava vytvoren\u00e1 pre s\u00fa\u010dasn\u00e9 zna\u010dky, ktor\u00e9 chc\u00fa pod svojou vlastnou zna\u010dkou pon\u00faka\u0165 vzh\u013ead in\u0161pirovan\u00fd dizajn\u00e9rmi. T\u00e1to p\u00fatav\u00e1 kockovan\u00e1 s\u00faprava je vytvoren\u00e1 s oh\u013eadom na pohodlie a v\u0161estrannos\u0165 a vyzna\u010duje sa \u010dist\u00fdmi l\u00edniami, priedu\u0161nou tkaninou a v\u00fdraznou vizu\u00e1lnou pr\u00ed\u0165a\u017elivos\u0165ou.<\/p>\n<p>???? Dizajn a vlastnosti tri\u010dka:<\/p>\n<p>Farebn\u00e1 z\u00e1klad\u0148a: Biely z\u00e1klad s charakteristick\u00fdmi kockovan\u00fdmi pruhmi v \u010diernej, sivej a \u010dervenej farbe<\/p>\n<p>Vzor: Klasick\u00fd mrie\u017ekov\u00fd vzor in\u0161pirovan\u00fd nad\u010dasov\u00fdm britsk\u00fdm p\u00e1nskym oble\u010den\u00edm<\/p>\n<p>V\u00fdstrih: Obojok pri krku s pre\u0161it\u00fdm vn\u00fatorn\u00fdm \u0161t\u00edtkom na zmenu zna\u010dky<\/p>\n<p>Ruk\u00e1vy: Kon\u0161trukcia s kr\u00e1tkym ruk\u00e1vom pre pohodlie v teplom po\u010das\u00ed<\/p>\n<p>Vhodn\u00fd: Pravideln\u00fd modern\u00fd strih - nie pr\u00edli\u0161 tesn\u00fd, nie pr\u00edli\u0161 vo\u013en\u00fd<\/p>\n<p>Logo: RYINZ v \u010diernej farbe na hrudi - mo\u017enos\u0165 v\u00fdmeny za vlastn\u00e9 logo<\/p>\n<p>Tkanina: Materi\u00e1l: priedu\u0161n\u00e1 zmes poly-bavlny, ktor\u00e1 je \u013eahk\u00e1, hladk\u00e1 a odoln\u00e1 vo\u010di teplu<\/p>\n<p>???? Dizajn a funkcie \u0161ortiek:<\/p>\n<p>Dizajn: Celoplo\u0161n\u00e1 zodpovedaj\u00faca kockovan\u00e1 potla\u010d pre bezprobl\u00e9mov\u00fd koordinovan\u00fd vzh\u013ead<\/p>\n<p>Opasok: Pohodln\u00fd elastick\u00fd p\u00e1s so s\u0165ahovacou \u0161n\u00farkou a kovov\u00fdmi koncovkami<\/p>\n<p>D\u013a\u017eka: Strih do polovice kolien vhodn\u00fd na streetwear aj elegantn\u00e9 pr\u00edle\u017eitostn\u00e9 nosenie<\/p>\n<p>Vreck\u00e1: Dvojit\u00e9 bo\u010dn\u00e9 vreck\u00e1 - hlbok\u00e9, vystu\u017een\u00e9 a \u010disto lemovan\u00e9<\/p>\n<p>Logo: \u010cerven\u00fd symbol \u201cR\u201d z RYINZ v bl\u00edzkosti vrecka - nahradite\u013en\u00fd dizajnom va\u0161ej etikety<\/p>\n<p>Materi\u00e1l: M\u00e4kk\u00e1 elastick\u00e1 tkanina s \u00fapravou odolnou vo\u010di vyblednutiu, vytvoren\u00e1 tak, aby dr\u017eala tvar<\/p>\n<p>???? \u0160t\u00fdl a funk\u010dnos\u0165:<\/p>\n<p>Vhodn\u00fd na letn\u00e9 nosenie vo vysok\u00fdch teplot\u00e1ch, spolo\u010densk\u00e9 nosenie alebo elegantn\u00fd letoviskov\u00fd \u0161t\u00fdl<\/p>\n<p>\u013dahko sa sklad\u00e1, tak\u017ee je ide\u00e1lny pre cestovn\u00e9 balenie alebo balenie pre elektronick\u00fd obchod<\/p>\n<p>Tkanina sa \u013eahko nezraz\u00ed ani nepokr\u010d\u00ed; ide\u00e1lna na opakovan\u00e9 pou\u017eitie<\/p>\n<p>Skvel\u00e1 vo\u013eba pre lookbooky, pop-up obchody alebo kolekcie influencerov<\/p>\n<p>???? Podpora s\u00fakromnej zna\u010dky od spolo\u010dnosti RYINZ:<\/p>\n<p>Pridanie vlastn\u00e9ho loga, n\u00e1\u0161ivky alebo v\u00fd\u0161ivky na tri\u010dko a \u0161ortky<\/p>\n<p>Visa\u010dka a vn\u00fatorn\u00e9 \u0161t\u00edtky na krk na po\u017eiadanie<\/p>\n<p>Vyberte si vlastn\u00e9 mo\u017enosti farieb pl\u00e9dov na odl\u00ed\u0161enie<\/p>\n<p>Rozsah ve\u013ekost\u00ed od S do 3XL s mo\u017enos\u0165ou prisp\u00f4sobenia ve\u013ekosti E\u00da\/USA<\/p>\n<p>R\u00fdchly odber vzoriek, mal\u00e9 MOQ pre za\u010d\u00ednaj\u00face podniky, \u0161k\u00e1lovate\u013en\u00e1 v\u00fdroba pre rast\u00face zna\u010dky<\/p>\n<p>???? Dokonal\u00ed kupuj\u00faci a pr\u00edpady pou\u017eitia:<\/p>\n<p>Mestsk\u00e9 m\u00f3dne zna\u010dky zameran\u00e9 na minimalistick\u00fa \u0161pi\u010dkov\u00fa estetiku<\/p>\n<p>Zna\u010dky Shopify a dropshipping h\u013eadaj\u00fa pr\u00e9miov\u00e9 p\u00e1nske s\u00fapravy<\/p>\n<p>Kolekcie Lounge\/resort pre letn\u00fd katal\u00f3g<\/p>\n<p>Za\u010d\u00ednaj\u00face odevn\u00e9 l\u00ednie v luxusnom \u0161t\u00fdle h\u013eadaj\u00fa r\u00fdchly obrat<\/p>\n<p>Obchody in\u0161pirovan\u00e9 dizajn\u00e9rmi alebo bal\u00edky oble\u010denia pre mu\u017esk\u00fdch influencerov<\/p>\n<p>???? Pre\u010do RYINZ?<\/p>\n<p>Spolo\u010dnos\u0165 RYINZ sp\u00e1ja v\u00fdchodn\u00fa v\u00fdrobn\u00fa silu s eur\u00f3pskym z\u00e1kazn\u00edckym servisom a logistikou. Podporujeme podnikate\u013eov v oblasti m\u00f3dy, ve\u013ekoobchodn\u00edkov a maloobchodn\u00edkov t\u00fdm, \u017ee im poskytujeme modern\u00e9 kolekcie pripraven\u00e9 na predaj zna\u010dky, ktor\u00e9 sa daj\u00fa prisp\u00f4sobi\u0165 a r\u00fdchlo uvies\u0165 na trh. K\u00e1rovan\u00e1 letn\u00e1 s\u00faprava pon\u00faka v\u0161etku eleganciu pr\u00e9miov\u00e9ho m\u00f3dneho domu - za cenu, ktor\u00fa si va\u0161i z\u00e1kazn\u00edci m\u00f4\u017eu dovoli\u0165, a s personaliz\u00e1ciou, ktor\u00fa si va\u0161a zna\u010dka zasl\u00fa\u017ei.<\/p>\n<p>\u0160t\u00fdl, ktor\u00fd pred\u00e1va. Slu\u017eba, ktor\u00e1 podporuje. To je RYINZ.<\/p>","protected":false},"excerpt":{"rendered":"<p data-start=\"354\" data-end=\"719\">Vyjadrite svoj \u0161t\u00fdl s letnou s\u00fapravou RYINZ White Plaid Summer Set, dizajn\u00e9rsky in\u0161pirovanou dvojdielnou s\u00fapravou s kockovan\u00fdm tri\u010dkom a \u0161ortkami so \u0161n\u00farkou. V\u010faka svie\u017eemu bielemu z\u00e1kladu, ktor\u00fd je navrstven\u00fd pod jemn\u00fdmi \u010diernymi, siv\u00fdmi a \u010derven\u00fdmi pruhmi, tento set vystihuje modern\u00fa sofistikovanos\u0165 v \u013eahko nosite\u013enom le\u017e\u00e9rnom oble\u010den\u00ed. Ide\u00e1lna pre predajcov m\u00f3dy, mestsk\u00e9 zna\u010dky oble\u010denia a online zna\u010dky, ktor\u00e9 h\u013eadaj\u00fa \u013eahk\u00e9, \u0161t\u00fdlov\u00e9 letn\u00e9 oble\u010denie. Mo\u017enos\u0165 prisp\u00f4sobenia pomocou v\u00e1\u0161ho loga, visa\u010diek a lemov. Ide\u00e1lne pre kolekcie letoviskov\u00e9ho oble\u010denia, dropshippingov\u00e9 l\u00ednie alebo za\u010d\u00ednaj\u00face lifestylov\u00e9 spolo\u010dnosti, ktor\u00e9 chc\u00fa pr\u00e9miov\u00fd vzh\u013ead bez zna\u010dkovej cenovky.<\/p>","protected":false},"featured_media":9370,"comment_status":"closed","ping_status":"closed","template":"","meta":[],"product_brand":[35],"product_cat":[68,69],"product_tag":[],"class_list":{"0":"post-9097","1":"product","2":"type-product","3":"status-publish","4":"has-post-thumbnail","6":"product_brand-ryinz","7":"product_cat-ryinz","8":"product_cat-tracksuits","10":"first","11":"instock","12":"taxable","13":"shipping-taxable","14":"purchasable","15":"product-type-simple"},"_links":{"self":[{"href":"https:\/\/ryinz.cz\/velkoobchod\/sk\/wp-json\/wp\/v2\/product\/9097","targetHints":{"allow":["GET"]}}],"collection":[{"href":"https:\/\/ryinz.cz\/velkoobchod\/sk\/wp-json\/wp\/v2\/product"}],"about":[{"href":"https:\/\/ryinz.cz\/velkoobchod\/sk\/wp-json\/wp\/v2\/types\/product"}],"replies":[{"embeddable":true,"href":"https:\/\/ryinz.cz\/velkoobchod\/sk\/wp-json\/wp\/v2\/comments?post=9097"}],"wp:featuredmedia":[{"embeddable":true,"href":"https:\/\/ryinz.cz\/velkoobchod\/sk\/wp-json\/wp\/v2\/media\/9370"}],"wp:attachment":[{"href":"https:\/\/ryinz.cz\/velkoobchod\/sk\/wp-json\/wp\/v2\/media?parent=9097"}],"wp:term":[{"taxonomy":"product_brand","embeddable":true,"href":"https:\/\/ryinz.cz\/velkoobchod\/sk\/wp-json\/wp\/v2\/product_brand?post=9097"},{"taxonomy":"product_cat","embeddable":true,"href":"https:\/\/ryinz.cz\/velkoobchod\/sk\/wp-json\/wp\/v2\/product_cat?post=9097"},{"taxonomy":"product_tag","embeddable":true,"href":"https:\/\/ryinz.cz\/velkoobchod\/sk\/wp-json\/wp\/v2\/product_tag?post=9097"}],"curies":[{"name":"wp","href":"https:\/\/api.w.org\/{rel}","templated":true}]}}