{"id":9085,"date":"2025-06-22T15:28:04","date_gmt":"2025-06-22T15:28:04","guid":{"rendered":"https:\/\/ryinz.cz\/velkoobchod\/?post_type=product&#038;p=9085"},"modified":"2026-01-18T20:17:40","modified_gmt":"2026-01-18T20:17:40","slug":"panske-retro-namornicka-modra-biela-teplakova-suprava-od-ryinz-dva-tony-zips-bunda-joggers-nastavit-vlastne-athleisure-sportove-oblecenie-velkoobchod","status":"publish","type":"product","link":"https:\/\/ryinz.cz\/velkoobchod\/sk\/product\/mens-retro-navy-blue-white-tracksuit-by-ryinz-two-tone-zip-jacket-joggers-set-custom-athleisure-sportswear-wholesale\/","title":{"rendered":"P\u00e1nska retro n\u00e1morn\u00edcka modr\u00e1 a biela tepl\u00e1kov\u00e1 s\u00faprava od RYINZ | Dvojfarebn\u00e1 bunda na zips a d\u017eogery | Ve\u013ekoobchod so \u0161portov\u00fdm oble\u010den\u00edm na mieru"},"content":{"rendered":"","protected":false},"excerpt":{"rendered":"<p data-start=\"354\" data-end=\"719\"><span class=\"_fadeIn_m1hgl_8\">Prineste si <\/span><span class=\"_fadeIn_m1hgl_8\">nad\u010dasov\u00e9 <\/span><span class=\"_fadeIn_m1hgl_8\">\u0161portov\u00e9 <\/span><span class=\"_fadeIn_m1hgl_8\">\u0161t\u00fdl <\/span><span class=\"_fadeIn_m1hgl_8\">na str\u00e1nku . <\/span><span class=\"_fadeIn_m1hgl_8\">va\u0161e <\/span><span class=\"_fadeIn_m1hgl_8\">\u0161atn\u00edk <\/span><span class=\"_fadeIn_m1hgl_8\">s <\/span><span class=\"_fadeIn_m1hgl_8\">. <\/span><strong data-start=\"410\" data-end=\"465\"><span class=\"_fadeIn_m1hgl_8\">RYINZ <\/span><span class=\"_fadeIn_m1hgl_8\">Retro <\/span><span class=\"_fadeIn_m1hgl_8\">N\u00e1morn\u00edctvo <\/span><span class=\"_fadeIn_m1hgl_8\">Modr\u00e1 &amp; <\/span><span class=\"_fadeIn_m1hgl_8\">Biela <\/span><span class=\"_fadeIn_m1hgl_8\">Tepl\u00e1kov\u00e1 s\u00faprava <\/span><span class=\"_fadeIn_m1hgl_8\">Nastavenie <\/span><span class=\"_fadeIn_m1hgl_8\">pre <\/span><span class=\"_fadeIn_m1hgl_8\">Mu\u017ei<\/span><\/strong><span class=\"_fadeIn_m1hgl_8\"> - <\/span><span class=\"_fadeIn_m1hgl_8\">a <\/span><span class=\"_fadeIn_m1hgl_8\">hladk\u00fd, <\/span><span class=\"_fadeIn_m1hgl_8\">dva-<\/span><span class=\"_fadeIn_m1hgl_8\">t\u00f3n <\/span><span class=\"_fadeIn_m1hgl_8\">athleisure <\/span><span class=\"_fadeIn_m1hgl_8\">combo <\/span><span class=\"_fadeIn_m1hgl_8\">\u017ee <\/span><span class=\"_fadeIn_m1hgl_8\">poistky <\/span><span class=\"_fadeIn_m1hgl_8\">vintage <\/span><span class=\"_fadeIn_m1hgl_8\">estetika <\/span><span class=\"_fadeIn_m1hgl_8\">s <\/span><span class=\"_fadeIn_m1hgl_8\">modern\u00e9 <\/span><span class=\"_fadeIn_m1hgl_8\">pohodlie. <\/span><span class=\"_fadeIn_m1hgl_8\">T\u00e1to str\u00e1nka <\/span><span class=\"_fadeIn_m1hgl_8\">\u013eahk\u00e1, <\/span><span class=\"_fadeIn_m1hgl_8\">vysoko<\/span><span class=\"_fadeIn_m1hgl_8\">v\u00fdkon <\/span><span class=\"_fadeIn_m1hgl_8\">nastavi\u0165 <\/span><span class=\"_fadeIn_m1hgl_8\">funkcie <\/span><span class=\"_fadeIn_m1hgl_8\">a <\/span><span class=\"_fadeIn_m1hgl_8\">zip-<\/span><span class=\"_fadeIn_m1hgl_8\">nahor <\/span><span class=\"_fadeIn_m1hgl_8\">bombard\u00e9r -<\/span><span class=\"_fadeIn_m1hgl_8\">\u0161t\u00fdl <\/span><span class=\"_fadeIn_m1hgl_8\">bunda <\/span><span class=\"_fadeIn_m1hgl_8\">a <\/span><span class=\"_fadeIn_m1hgl_8\">zodpovedaj\u00face <\/span><span class=\"_fadeIn_m1hgl_8\">jogger <\/span><span class=\"_fadeIn_m1hgl_8\">nohavice, <\/span><span class=\"_fadeIn_m1hgl_8\">ide\u00e1lne <\/span><span class=\"_fadeIn_m1hgl_8\">pre <\/span><span class=\"_fadeIn_m1hgl_8\">telocvi\u010d\u0148a <\/span><span class=\"_fadeIn_m1hgl_8\">zasadnutia, <\/span><span class=\"_fadeIn_m1hgl_8\">pr\u00edle\u017eitostn\u00e9 <\/span><span class=\"_fadeIn_m1hgl_8\">podujatia, <\/span><span class=\"_fadeIn_m1hgl_8\">alebo <\/span><span class=\"_fadeIn_m1hgl_8\">streetwear <\/span><span class=\"_fadeIn_m1hgl_8\">styling.<\/span><\/p>\n<p data-start=\"721\" data-end=\"1054\"><span class=\"_fadeIn_m1hgl_8\">Str\u00e1nka <\/span><span class=\"_fadeIn_m1hgl_8\">bunda <\/span><span class=\"_fadeIn_m1hgl_8\">sa m\u00f4\u017ee pochv\u00e1li\u0165 <\/span><span class=\"_fadeIn_m1hgl_8\">a <\/span><span class=\"_fadeIn_m1hgl_8\">\u010dist\u00e9 <\/span><span class=\"_fadeIn_m1hgl_8\">n\u00e1morn\u00edctvo <\/span><span class=\"_fadeIn_m1hgl_8\">a <\/span><span class=\"_fadeIn_m1hgl_8\">biela <\/span><span class=\"_fadeIn_m1hgl_8\">blok <\/span><span class=\"_fadeIn_m1hgl_8\">dizajn, <\/span><span class=\"_fadeIn_m1hgl_8\">echo <\/span><span class=\"_fadeIn_m1hgl_8\">klasick\u00fd <\/span><span class=\"_fadeIn_m1hgl_8\">\u0161portov\u00e9 oble\u010denie <\/span><span class=\"_fadeIn_m1hgl_8\">vibr\u00e1cie. <\/span><span class=\"_fadeIn_m1hgl_8\">S <\/span><span class=\"_fadeIn_m1hgl_8\">a <\/span><span class=\"_fadeIn_m1hgl_8\">\u00fapln\u00fd <\/span><span class=\"_fadeIn_m1hgl_8\">predn\u00e1 strana <\/span><span class=\"_fadeIn_m1hgl_8\">zips, <\/span><span class=\"_fadeIn_m1hgl_8\">rebrovan\u00fd <\/span><span class=\"_fadeIn_m1hgl_8\">man\u017eety <\/span><span class=\"_fadeIn_m1hgl_8\">a <\/span><span class=\"_fadeIn_m1hgl_8\">lem <\/span><span class=\"_fadeIn_m1hgl_8\">s <\/span><span class=\"_fadeIn_m1hgl_8\">pruh <\/span><span class=\"_fadeIn_m1hgl_8\">detailn\u00e9 inform\u00e1cie, <\/span><span class=\"_fadeIn_m1hgl_8\">a <\/span><span class=\"_fadeIn_m1hgl_8\">minim\u00e1lny <\/span><span class=\"_fadeIn_m1hgl_8\">RYINZ <\/span><span class=\"_fadeIn_m1hgl_8\">logo <\/span><span class=\"_fadeIn_m1hgl_8\">budovanie zna\u010dky <\/span><span class=\"_fadeIn_m1hgl_8\">na str\u00e1nke . <\/span><span class=\"_fadeIn_m1hgl_8\">. <\/span><span class=\"_fadeIn_m1hgl_8\">hrudn\u00edk, <\/span><span class=\"_fadeIn_m1hgl_8\">je to <\/span><span class=\"_fadeIn_m1hgl_8\">a <\/span><span class=\"_fadeIn_m1hgl_8\">smart <\/span><span class=\"_fadeIn_m1hgl_8\">vrchn\u00e9 oble\u010denie <\/span><span class=\"_fadeIn_m1hgl_8\">kus <\/span><span class=\"_fadeIn_m1hgl_8\">\u017ee <\/span><span class=\"_fadeIn_m1hgl_8\">vyzdvihuje <\/span><span class=\"_fadeIn_m1hgl_8\">va\u0161e <\/span><span class=\"_fadeIn_m1hgl_8\">pr\u00edle\u017eitostn\u00e9 <\/span><span class=\"_fadeIn_m1hgl_8\">vzh\u013ead. <\/span><span class=\"_fadeIn_m1hgl_8\">Str\u00e1nka <\/span><span class=\"_fadeIn_m1hgl_8\">vysoko<\/span><span class=\"_fadeIn_m1hgl_8\">golier <\/span><span class=\"_fadeIn_m1hgl_8\">dizajn <\/span><span class=\"_fadeIn_m1hgl_8\">ponuky <\/span><span class=\"_fadeIn_m1hgl_8\">vietor <\/span><span class=\"_fadeIn_m1hgl_8\">ochrana <\/span><span class=\"_fadeIn_m1hgl_8\">a <\/span><span class=\"_fadeIn_m1hgl_8\">a <\/span><span class=\"_fadeIn_m1hgl_8\">\u0161trukt\u00farovan\u00e9 <\/span><span class=\"_fadeIn_m1hgl_8\">fit.<\/span><\/p>\n<p data-start=\"1056\" data-end=\"1372\"><span class=\"_fadeIn_m1hgl_8\">Str\u00e1nka <\/span><span class=\"_fadeIn_m1hgl_8\">jogger <\/span><span class=\"_fadeIn_m1hgl_8\">nohavice <\/span><span class=\"_fadeIn_m1hgl_8\">sledova\u0165 <\/span><span class=\"_fadeIn_m1hgl_8\">a <\/span><span class=\"_fadeIn_m1hgl_8\">zefekt\u00edvnen\u00fd, <\/span><span class=\"_fadeIn_m1hgl_8\">z\u00fa\u017een\u00fd <\/span><span class=\"_fadeIn_m1hgl_8\">fit <\/span><span class=\"_fadeIn_m1hgl_8\">na str\u00e1nke <\/span><span class=\"_fadeIn_m1hgl_8\">pevn\u00e9 <\/span><span class=\"_fadeIn_m1hgl_8\">n\u00e1morn\u00edctvo <\/span><span class=\"_fadeIn_m1hgl_8\">modr\u00e1, <\/span><span class=\"_fadeIn_m1hgl_8\">vybaven\u00e9 <\/span><span class=\"_fadeIn_m1hgl_8\">s <\/span><span class=\"_fadeIn_m1hgl_8\">. <\/span><span class=\"_fadeIn_m1hgl_8\">elastick\u00e9 <\/span><span class=\"_fadeIn_m1hgl_8\">opasok, <\/span><span class=\"_fadeIn_m1hgl_8\">\u0161n\u00farka na stiahnutie <\/span><span class=\"_fadeIn_m1hgl_8\">uzavretie, <\/span><span class=\"_fadeIn_m1hgl_8\">a <\/span><span class=\"_fadeIn_m1hgl_8\">jemn\u00e9 <\/span><span class=\"_fadeIn_m1hgl_8\">RYINZ <\/span><span class=\"_fadeIn_m1hgl_8\">logo <\/span><span class=\"_fadeIn_m1hgl_8\">detailn\u00e9 inform\u00e1cie <\/span><span class=\"_fadeIn_m1hgl_8\">pre <\/span><span class=\"_fadeIn_m1hgl_8\">zna\u010dka <\/span><span class=\"_fadeIn_m1hgl_8\">konzistencia. <\/span><span class=\"_fadeIn_m1hgl_8\">Str\u00e1nka <\/span><span class=\"_fadeIn_m1hgl_8\">hladk\u00fd <\/span><span class=\"_fadeIn_m1hgl_8\">poly-<\/span><span class=\"_fadeIn_m1hgl_8\">zmes <\/span><span class=\"_fadeIn_m1hgl_8\">materi\u00e1l <\/span><span class=\"_fadeIn_m1hgl_8\">c\u00edti <\/span><span class=\"_fadeIn_m1hgl_8\">soft <\/span><span class=\"_fadeIn_m1hgl_8\">na str\u00e1nke . <\/span><span class=\"_fadeIn_m1hgl_8\">. <\/span><span class=\"_fadeIn_m1hgl_8\">ko\u017ea, <\/span><span class=\"_fadeIn_m1hgl_8\">je . <\/span><span class=\"_fadeIn_m1hgl_8\">priedu\u0161n\u00e9 <\/span><span class=\"_fadeIn_m1hgl_8\">pre <\/span><span class=\"_fadeIn_m1hgl_8\">tr\u00e9ningy, <\/span><span class=\"_fadeIn_m1hgl_8\">a <\/span><span class=\"_fadeIn_m1hgl_8\">\u0161t\u00fdlov\u00e9 <\/span><span class=\"_fadeIn_m1hgl_8\">dostatok <\/span><span class=\"_fadeIn_m1hgl_8\">pre <\/span><span class=\"_fadeIn_m1hgl_8\">po-<\/span><span class=\"_fadeIn_m1hgl_8\">telocvi\u010d\u0148a <\/span><span class=\"_fadeIn_m1hgl_8\">Hangouts <\/span><span class=\"_fadeIn_m1hgl_8\">alebo <\/span><span class=\"_fadeIn_m1hgl_8\">cestovanie.<\/span><\/p>\n<p data-start=\"1374\" data-end=\"1682\"><span class=\"_fadeIn_m1hgl_8\">T\u00e1to str\u00e1nka <\/span><span class=\"_fadeIn_m1hgl_8\">Tepl\u00e1kov\u00e1 s\u00faprava <\/span><span class=\"_fadeIn_m1hgl_8\">m\u00f4\u017ee <\/span><span class=\"_fadeIn_m1hgl_8\">by\u0165 <\/span><span class=\"_fadeIn_m1hgl_8\">plne <\/span><span class=\"_fadeIn_m1hgl_8\">prisp\u00f4soben\u00e9 <\/span><span class=\"_fadeIn_m1hgl_8\">pre <\/span><span class=\"_fadeIn_m1hgl_8\">zna\u010dky <\/span><span class=\"_fadeIn_m1hgl_8\">a <\/span><span class=\"_fadeIn_m1hgl_8\">maloobchodn\u00edci - <\/span><span class=\"_fadeIn_m1hgl_8\">logo <\/span><span class=\"_fadeIn_m1hgl_8\">umiestnenia, <\/span><span class=\"_fadeIn_m1hgl_8\">etikety, <\/span><span class=\"_fadeIn_m1hgl_8\">balenie, <\/span><span class=\"_fadeIn_m1hgl_8\">a <\/span><span class=\"_fadeIn_m1hgl_8\">ve\u013ekos\u0165 <\/span><span class=\"_fadeIn_m1hgl_8\">grafy <\/span><span class=\"_fadeIn_m1hgl_8\">na mieru <\/span><span class=\"_fadeIn_m1hgl_8\">na <\/span><span class=\"_fadeIn_m1hgl_8\">va\u0161e <\/span><span class=\"_fadeIn_m1hgl_8\">potreby. <\/span><span class=\"_fadeIn_m1hgl_8\">\u010ci <\/span><span class=\"_fadeIn_m1hgl_8\">vy <\/span><span class=\"_fadeIn_m1hgl_8\">s\u00fa <\/span><span class=\"_fadeIn_m1hgl_8\">spustenie <\/span><span class=\"_fadeIn_m1hgl_8\">va\u0161e <\/span><span class=\"_fadeIn_m1hgl_8\">vlastn\u00e9 <\/span><span class=\"_fadeIn_m1hgl_8\">m\u00f3da <\/span><span class=\"_fadeIn_m1hgl_8\">linka <\/span><span class=\"_fadeIn_m1hgl_8\">alebo <\/span><span class=\"_fadeIn_m1hgl_8\">z\u00edskavanie zdrojov <\/span><span class=\"_fadeIn_m1hgl_8\">pre <\/span><span class=\"_fadeIn_m1hgl_8\">a <\/span><span class=\"_fadeIn_m1hgl_8\">ve\u013ekoobchod <\/span><span class=\"_fadeIn_m1hgl_8\">klient, <\/span><span class=\"_fadeIn_m1hgl_8\">RYINZ <\/span><span class=\"_fadeIn_m1hgl_8\">ponuky <\/span><span class=\"_fadeIn_m1hgl_8\">pr\u00e9miov\u00e9 <\/span><span class=\"_fadeIn_m1hgl_8\">v\u00fdroba, <\/span><span class=\"_fadeIn_m1hgl_8\">E\u00da<\/span><span class=\"_fadeIn_m1hgl_8\">na str\u00e1nke . <\/span><span class=\"_fadeIn_m1hgl_8\">komunik\u00e1cia, <\/span><span class=\"_fadeIn_m1hgl_8\">a <\/span><span class=\"_fadeIn_m1hgl_8\">B2B <\/span><span class=\"_fadeIn_m1hgl_8\">podpora <\/span><span class=\"_fadeIn_m1hgl_8\">na adrese <\/span><span class=\"_fadeIn_m1hgl_8\">stupnice.<\/span><\/p>\n<p data-start=\"1684\" data-end=\"1802\"><span class=\"_fadeIn_m1hgl_8\">Z adresy <\/span><span class=\"_fadeIn_m1hgl_8\">\u0161port <\/span><span class=\"_fadeIn_m1hgl_8\">na <\/span><span class=\"_fadeIn_m1hgl_8\">ulica, <\/span><span class=\"_fadeIn_m1hgl_8\">tento <\/span><span class=\"_fadeIn_m1hgl_8\">n\u00e1morn\u00edctvo -<\/span><span class=\"_fadeIn_m1hgl_8\">biela <\/span><span class=\"_fadeIn_m1hgl_8\">nastavi\u0165 <\/span><span class=\"_fadeIn_m1hgl_8\">je . <\/span><span class=\"_fadeIn_m1hgl_8\">a <\/span><span class=\"_fadeIn_m1hgl_8\">vynikn\u00fa\u0165 <\/span><span class=\"_fadeIn_m1hgl_8\">polo\u017eka <\/span><span class=\"_fadeIn_m1hgl_8\">pripraven\u00e9 <\/span><span class=\"_fadeIn_m1hgl_8\">na <\/span><span class=\"_fadeIn_m1hgl_8\">reprezentova\u0165 <\/span><span class=\"_fadeIn_m1hgl_8\">va\u0161e <\/span><span class=\"_fadeIn_m1hgl_8\">zna\u010dka <\/span><span class=\"_fadeIn_m1hgl_8\">s <\/span><span class=\"_fadeIn_m1hgl_8\">d\u00f4vera <\/span><span class=\"_fadeIn_m1hgl_8\">a <\/span><span class=\"_fadeIn_m1hgl_8\">trieda.<\/span><\/p>","protected":false},"featured_media":9344,"comment_status":"closed","ping_status":"closed","template":"","meta":[],"product_brand":[35],"product_cat":[68,69],"product_tag":[],"class_list":{"0":"post-9085","1":"product","2":"type-product","3":"status-publish","4":"has-post-thumbnail","6":"product_brand-ryinz","7":"product_cat-ryinz","8":"product_cat-tracksuits","10":"first","11":"instock","12":"taxable","13":"shipping-taxable","14":"purchasable","15":"product-type-simple"},"_links":{"self":[{"href":"https:\/\/ryinz.cz\/velkoobchod\/sk\/wp-json\/wp\/v2\/product\/9085","targetHints":{"allow":["GET"]}}],"collection":[{"href":"https:\/\/ryinz.cz\/velkoobchod\/sk\/wp-json\/wp\/v2\/product"}],"about":[{"href":"https:\/\/ryinz.cz\/velkoobchod\/sk\/wp-json\/wp\/v2\/types\/product"}],"replies":[{"embeddable":true,"href":"https:\/\/ryinz.cz\/velkoobchod\/sk\/wp-json\/wp\/v2\/comments?post=9085"}],"wp:featuredmedia":[{"embeddable":true,"href":"https:\/\/ryinz.cz\/velkoobchod\/sk\/wp-json\/wp\/v2\/media\/9344"}],"wp:attachment":[{"href":"https:\/\/ryinz.cz\/velkoobchod\/sk\/wp-json\/wp\/v2\/media?parent=9085"}],"wp:term":[{"taxonomy":"product_brand","embeddable":true,"href":"https:\/\/ryinz.cz\/velkoobchod\/sk\/wp-json\/wp\/v2\/product_brand?post=9085"},{"taxonomy":"product_cat","embeddable":true,"href":"https:\/\/ryinz.cz\/velkoobchod\/sk\/wp-json\/wp\/v2\/product_cat?post=9085"},{"taxonomy":"product_tag","embeddable":true,"href":"https:\/\/ryinz.cz\/velkoobchod\/sk\/wp-json\/wp\/v2\/product_tag?post=9085"}],"curies":[{"name":"wp","href":"https:\/\/api.w.org\/{rel}","templated":true}]}}