{"id":9066,"date":"2025-06-22T15:27:35","date_gmt":"2025-06-22T15:27:35","guid":{"rendered":"https:\/\/ryinz.cz\/velkoobchod\/?post_type=product&#038;p=9066"},"modified":"2026-01-18T20:17:32","modified_gmt":"2026-01-18T20:17:32","slug":"ryinz-premiove-kozene-lyziarske-palciaky-nepremokave-vetruvzdorne-zateplene-zimne-rukavice-na-lyzovanie-snowboarding","status":"publish","type":"product","link":"https:\/\/ryinz.cz\/velkoobchod\/sk\/product\/ryinz-premium-leather-ski-mittens-waterproof-windproof-thermal-insulated-winter-gloves-for-skiing-snowboarding\/","title":{"rendered":"RYINZ Premium Leather Ski Mittens - vodotesn\u00e9, vetruodoln\u00e9, tepelne izolovan\u00e9 zimn\u00e9 rukavice na ly\u017eovanie a snowboarding"},"content":{"rendered":"<p class=\"\" data-start=\"307\" data-end=\"711\">Ke\u010f sa extr\u00e9mny chlad stretne s drsn\u00fdm dobrodru\u017estvom, <strong data-start=\"353\" data-end=\"399\">RYINZ MSG-0065 Pr\u00e9miov\u00e9 ko\u017een\u00e9 ly\u017eiarske pal\u010diaky<\/strong> s\u00fa najlep\u0161ou vo\u013ebou pre v\u00fdkon, odolnos\u0165 a teplo. Tieto pal\u010diaky, navrhnut\u00e9 \u0161peci\u00e1lne do n\u00e1ro\u010dn\u00fdch zimn\u00fdch podmienok, poskytuj\u00fa vynikaj\u00facu schopnos\u0165 udr\u017ea\u0165 teplo, vynikaj\u00facu ochranu pred vetrom a snehom a nad\u010dasov\u00fd estetick\u00fd vzh\u013ead, ktor\u00fd oslov\u00ed v\u00fdkonn\u00fdch \u0161portovcov, horsk\u00fdch vodcov aj milovn\u00edkov snehu.<\/p>\n<p class=\"\" data-start=\"713\" data-end=\"1069\">Vyroben\u00e9 s <strong data-start=\"726\" data-end=\"756\">pr\u00e9miov\u00e1 celozrnn\u00e1 ko\u017ea<\/strong>, vonkaj\u0161\u00ed pl\u00e1\u0161\u0165 modelu MSG-0065 pon\u00faka prirodzen\u00fa odolnos\u0165 vo\u010di vode, dlhotrvaj\u00face opotrebenie a vysok\u00fa ochranu proti oderu. T\u00e1to pru\u017en\u00e1 ko\u017ea sa prisp\u00f4sob\u00ed ruke a zabezpe\u010d\u00ed vynikaj\u00facu pru\u017enos\u0165 bez toho, aby sa zn\u00ed\u017eila izol\u00e1cia alebo pevnos\u0165. Ka\u017ed\u00fd steh je prec\u00edzne navrhnut\u00fd pre vysokohorsk\u00e9 a podchladen\u00e9 zimn\u00e9 aktivity.<\/p>\n<p class=\"\" data-start=\"1071\" data-end=\"1420\">Vn\u00fatri rukavice sa nach\u00e1dza <strong data-start=\"1100\" data-end=\"1129\">dvojvrstvov\u00fd tepeln\u00fd syst\u00e9m<\/strong> kombinovanie <strong data-start=\"1140\" data-end=\"1170\">Izol\u00e1cia 3M\u2122 Thinsulate\u2122<\/strong> a <strong data-start=\"1177\" data-end=\"1204\">m\u00e4kk\u00e1 pod\u0161\u00edvka z mikrofl\u00edsu<\/strong> ktor\u00e1 zachyt\u00e1va telesn\u00e9 teplo a z\u00e1rove\u0148 umo\u017e\u0148uje odparovanie potu. V\u00fdsledkom s\u00fa such\u00e9 a pr\u00edjemn\u00e9 ruky v mraziv\u00fdch teplot\u00e1ch, v\u010faka \u010domu s\u00fa tieto pal\u010diaky ide\u00e1lne na dlhodob\u00e9 pou\u017e\u00edvanie pri snowboardingu, ly\u017eovan\u00ed, jazde na sne\u017en\u00fdch sk\u00fatroch a horolezectve.<\/p>\n<p class=\"\" data-start=\"1422\" data-end=\"1780\">Klasick\u00fd <strong data-start=\"1434\" data-end=\"1449\">dizajn rukav\u00edc<\/strong> zni\u017euje expoz\u00edciu povrchu a udr\u017euje prsty pri sebe, \u010d\u00edm zvy\u0161uje celkov\u00e9 teplo. A <strong data-start=\"1536\" data-end=\"1562\">zosilnen\u00fd panel na palec<\/strong> umo\u017e\u0148uje lep\u0161ie uchopenie a ovl\u00e1danie ly\u017eiarskych pal\u00edc, riadidiel a in\u00e9ho vybavenia. Str\u00e1nka <strong data-start=\"1644\" data-end=\"1672\">integrovan\u00e9 vrecko na zips<\/strong> je praktick\u00e1 funkcia, ktor\u00e1 umo\u017e\u0148uje ulo\u017ei\u0165 ohrieva\u010de r\u00fak, preukazy RFID alebo drobn\u00e9 potreby bez toho, aby sa naru\u0161ila ich priliehavos\u0165.<\/p>\n<p class=\"\" data-start=\"1782\" data-end=\"2065\">Str\u00e1nka <strong data-start=\"1786\" data-end=\"1812\">elastick\u00e1 oblas\u0165 z\u00e1p\u00e4stia<\/strong> a <strong data-start=\"1817\" data-end=\"1842\">pred\u013a\u017een\u00e1 ko\u017een\u00e1 man\u017eeta<\/strong> poskytuje bezpe\u010dn\u00e9 utesnenie proti snehu pod alebo cez ruk\u00e1v bundy, zatia\u013e \u010do <strong data-start=\"1913\" data-end=\"1938\">nastavite\u013en\u00e1 z\u00e1lo\u017eka na such\u00fd zips<\/strong> na man\u017eete zabezpe\u010duje prisp\u00f4sobite\u013en\u00e9 utiahnutie. S\u00fa\u010das\u0165ou balenia je <strong data-start=\"1996\" data-end=\"2021\">odn\u00edmate\u013en\u00e9 z\u00e1p\u00e4stn\u00e9 vod\u00edtko<\/strong> zabra\u0148uje strate rukav\u00edc na svahoch alebo na vlekoch.<\/p>\n<p class=\"\" data-start=\"2067\" data-end=\"2337\">Tieto rukavice s\u00fa vhodn\u00e9 pre profesion\u00e1lnych ly\u017eiarov, pracovn\u00edkov v pr\u00edrode a cestovate\u013eov nav\u0161tevuj\u00facich vysokohorsk\u00e9 snehov\u00e9 oblasti. Minimalistick\u00fd dizajn v pr\u00edrodnej ko\u017eenej farbe s vkusn\u00fdm ozna\u010den\u00edm RYINZ oslov\u00ed z\u00e1kazn\u00edkov, ktor\u00ed h\u013eadaj\u00fa funk\u010dnos\u0165 s nen\u00e1padnou eleganciou.<\/p>\n<p class=\"\" data-start=\"2339\" data-end=\"2532\">Odoln\u00e9, priedu\u0161n\u00e9, vetruodoln\u00e9 a \u0161t\u00fdlov\u00e9 - <strong data-start=\"2389\" data-end=\"2427\">RYINZ MSG-0065 Ko\u017een\u00e9 ly\u017eiarske pal\u010diaky<\/strong> s\u00fa pre elitn\u00fdch n\u00e1kupcov a predajcov v Eur\u00f3pe, Severnej Amerike a inde v\u00fdnimo\u010dnou zimnou z\u00e1le\u017eitos\u0165ou.<\/p>\n<hr class=\"\" data-start=\"2534\" data-end=\"2537\" \/>\n<h3 class=\"\" data-start=\"2539\" data-end=\"2566\"><strong data-start=\"2543\" data-end=\"2566\">Najd\u00f4le\u017eitej\u0161ie vlastnosti produktu:<\/strong><\/h3>\n<ul data-start=\"2568\" data-end=\"3222\">\n<li class=\"\" data-start=\"2568\" data-end=\"2659\">\n<p class=\"\" data-start=\"2570\" data-end=\"2659\">Pr\u00e9miov\u00fd pl\u00e1\u0161\u0165 z hov\u00e4dzej ko\u017ee pre vynikaj\u00facu trvanlivos\u0165 a odolnos\u0165 vo\u010di poveternostn\u00fdm vplyvom<\/p>\n<\/li>\n<li class=\"\" data-start=\"2660\" data-end=\"2731\">\n<p class=\"\" data-start=\"2662\" data-end=\"2731\">Dvojit\u00e1 tepeln\u00e1 izol\u00e1cia: 3M\u2122 Thinsulate\u2122 + priedu\u0161n\u00e1 fl\u00edsov\u00e1 pod\u0161\u00edvka<\/p>\n<\/li>\n<li class=\"\" data-start=\"2732\" data-end=\"2789\">\n<p class=\"\" data-start=\"2734\" data-end=\"2789\">Dizajn rukav\u00edc dr\u017e\u00ed prsty pri sebe pre maxim\u00e1lne teplo<\/p>\n<\/li>\n<li class=\"\" data-start=\"2790\" data-end=\"2842\">\n<p class=\"\" data-start=\"2792\" data-end=\"2842\">Integrovan\u00e9 vrecko na zips na priepustky alebo ohrieva\u010de r\u00fak<\/p>\n<\/li>\n<li class=\"\" data-start=\"2843\" data-end=\"2907\">\n<p class=\"\" data-start=\"2845\" data-end=\"2907\">Povrchov\u00e1 \u00faprava odoln\u00e1 proti vetru a vode na ochranu v hor\u00e1ch<\/p>\n<\/li>\n<li class=\"\" data-start=\"2908\" data-end=\"2974\">\n<p class=\"\" data-start=\"2910\" data-end=\"2974\">Dlh\u00e1 ko\u017een\u00e1 man\u017eeta s nastavite\u013en\u00fdm p\u00e1sikom na such\u00fd zips pre dokonal\u00e9 prisp\u00f4sobenie<\/p>\n<\/li>\n<li class=\"\" data-start=\"2975\" data-end=\"3030\">\n<p class=\"\" data-start=\"2977\" data-end=\"3030\">Zosilnen\u00e1 z\u00f3na palca pre lep\u0161iu pri\u013enavos\u0165 a odolnos\u0165<\/p>\n<\/li>\n<li class=\"\" data-start=\"3031\" data-end=\"3077\">\n<p class=\"\" data-start=\"3033\" data-end=\"3077\">Vod\u00edtko na z\u00e1p\u00e4stie je s\u00fa\u010das\u0165ou balenia, aby sa zabr\u00e1nilo strate rukav\u00edc<\/p>\n<\/li>\n<li class=\"\" data-start=\"3078\" data-end=\"3159\">\n<p class=\"\" data-start=\"3080\" data-end=\"3159\">Ide\u00e1lne na ly\u017eovanie, snowboarding, lezenie v \u013eade, vysokohorsk\u00fa turistiku alebo cestovanie na snehu<\/p>\n<\/li>\n<li class=\"\" data-start=\"3160\" data-end=\"3222\">\n<p class=\"\" data-start=\"3162\" data-end=\"3222\">K dispoz\u00edcii v pr\u00edrodnej op\u00e1lenej farbe s \u010diernymi zna\u010dkov\u00fdmi akcentmi<\/p>\n<\/li>\n<\/ul>\n<hr class=\"\" data-start=\"3224\" data-end=\"3227\" \/>\n<h3 class=\"\" data-start=\"3229\" data-end=\"3250\"><strong data-start=\"3233\" data-end=\"3250\">Aplik\u00e1cie:<\/strong><\/h3>\n<ul data-start=\"3252\" data-end=\"3561\">\n<li class=\"\" data-start=\"3252\" data-end=\"3286\">\n<p class=\"\" data-start=\"3254\" data-end=\"3286\">Alpsk\u00e9 ly\u017eovanie a snowboarding<\/p>\n<\/li>\n<li class=\"\" data-start=\"3287\" data-end=\"3330\">\n<p class=\"\" data-start=\"3289\" data-end=\"3330\">Tr\u00e9ning zimn\u00fdch \u0161portov a s\u00fa\u0165a\u017ee<\/p>\n<\/li>\n<li class=\"\" data-start=\"3331\" data-end=\"3376\">\n<p class=\"\" data-start=\"3333\" data-end=\"3376\">Jazda na sne\u017enom sk\u00fatri a \u0161tvorkolke v chladnom ter\u00e9ne<\/p>\n<\/li>\n<li class=\"\" data-start=\"3377\" data-end=\"3418\">\n<p class=\"\" data-start=\"3379\" data-end=\"3418\">Vysokohorsk\u00e1 turistika a lezenie v \u013eade<\/p>\n<\/li>\n<li class=\"\" data-start=\"3419\" data-end=\"3450\">\n<p class=\"\" data-start=\"3421\" data-end=\"3450\">Z\u00e1chrann\u00e9 t\u00edmy a ly\u017eiarske hliadky<\/p>\n<\/li>\n<li class=\"\" data-start=\"3451\" data-end=\"3492\">\n<p class=\"\" data-start=\"3453\" data-end=\"3492\">Zimn\u00e9 doch\u00e1dzanie alebo pr\u00e1ca v chladiarensk\u00fdch skladoch<\/p>\n<\/li>\n<li class=\"\" data-start=\"3493\" data-end=\"3525\">\n<p class=\"\" data-start=\"3495\" data-end=\"3525\">Z\u00e1jazdy a exped\u00edcie do Arkt\u00eddy<\/p>\n<\/li>\n<li class=\"\" data-start=\"3526\" data-end=\"3561\">\n<p class=\"\" data-start=\"3528\" data-end=\"3561\">Maloobchodn\u00e9 a reklamn\u00e9 zimn\u00e9 oble\u010denie<\/p>\n<\/li>\n<\/ul>\n<hr class=\"\" data-start=\"3563\" data-end=\"3566\" \/>\n<h3 class=\"\" data-start=\"3568\" data-end=\"3591\"><strong data-start=\"3572\" data-end=\"3591\">\u0160pecifik\u00e1cie:<\/strong><\/h3>\n<ul data-start=\"3593\" data-end=\"4048\">\n<li class=\"\" data-start=\"3593\" data-end=\"3612\">\n<p class=\"\" data-start=\"3595\" data-end=\"3612\">Model: MSG-0065<\/p>\n<\/li>\n<li class=\"\" data-start=\"3613\" data-end=\"3693\">\n<p class=\"\" data-start=\"3615\" data-end=\"3693\">Materi\u00e1ly: Materi\u00e1l: prav\u00e1 celozrnn\u00e1 hov\u00e4dzia ko\u017ea, 3M\u2122 Thinsulate\u2122, fl\u00edsov\u00e1 vn\u00fatorn\u00e1 strana<\/p>\n<\/li>\n<li class=\"\" data-start=\"3694\" data-end=\"3721\">\n<p class=\"\" data-start=\"3696\" data-end=\"3721\">Ve\u013ekosti: S, M, L, XL, XXL<\/p>\n<\/li>\n<li class=\"\" data-start=\"3722\" data-end=\"3778\">\n<p class=\"\" data-start=\"3724\" data-end=\"3778\">Uzavretie: Zap\u00ednanie na such\u00fd zips s vod\u00edtkom na z\u00e1p\u00e4stie a elastick\u00fdm z\u00e1p\u00e4st\u00edm<\/p>\n<\/li>\n<li class=\"\" data-start=\"3779\" data-end=\"3833\">\n<p class=\"\" data-start=\"3781\" data-end=\"3833\">Farby: Ko\u017ea: Tan (prisp\u00f4sobite\u013en\u00e9 pre hromadn\u00e9 objedn\u00e1vky)<\/p>\n<\/li>\n<li class=\"\" data-start=\"3834\" data-end=\"3891\">\n<p class=\"\" data-start=\"3836\" data-end=\"3891\">Zna\u010dkovanie: RYINZ (k dispoz\u00edcii s\u00fa mo\u017enosti s\u00fakromnej zna\u010dky OEM)<\/p>\n<\/li>\n<li class=\"\" data-start=\"3892\" data-end=\"3944\">\n<p class=\"\" data-start=\"3894\" data-end=\"3944\">Minim\u00e1lna objedn\u00e1vka: 300 p\u00e1rov (k dispoz\u00edcii s\u00fa mo\u017enosti OEM)<\/p>\n<\/li>\n<li class=\"\" data-start=\"3945\" data-end=\"4003\">\n<p class=\"\" data-start=\"3947\" data-end=\"4003\">Balenie: Jednotliv\u00e9 polyetyl\u00e9nov\u00e9 vreck\u00e1 alebo prisp\u00f4soben\u00e9 maloobchodn\u00e9 krabice<\/p>\n<\/li>\n<li class=\"\" data-start=\"4004\" data-end=\"4048\">\n<p class=\"\" data-start=\"4006\" data-end=\"4048\">Certifik\u00e1ty: CE EN388, EN511 volite\u013en\u00e9<\/p>\n<\/li>\n<\/ul>","protected":false},"excerpt":{"rendered":"<p>Zvl\u00e1dnite sneh ako profesion\u00e1l s <strong data-start=\"4143\" data-end=\"4181\">RYINZ MSG-0065 Ko\u017een\u00e9 ly\u017eiarske pal\u010diaky<\/strong>, vyroben\u00e9 pre t\u00fdch, ktor\u00ed nechc\u00fa robi\u0165 kompromisy medzi robustn\u00fdm v\u00fdkonom a rafinovan\u00fdm \u0161t\u00fdlom. Tieto pal\u010diaky maj\u00fa odoln\u00fd pl\u00e1\u0161\u0165 z celozrnnej ko\u017ee s integrovanou tepelnou izol\u00e1ciou pre najn\u00e1ro\u010dnej\u0161ie v\u00fdzvy v chladnom po\u010das\u00ed. Dizajn pal\u010diakov zvy\u0161uje teplo t\u00fdm, \u017ee dr\u017e\u00ed prsty pohromade, zatia\u013e \u010do zadn\u00e9 vrecko na zips dod\u00e1va funk\u010dnos\u0165. V\u010faka m\u00e4kkej vn\u00fatornej pod\u0161\u00edvke, nepremokavosti a pred\u013a\u017eenej man\u017eete, ktor\u00e1 utes\u0148uje sneh, s\u00fa ide\u00e1lne pre ly\u017eiarov, snowboardistov a jazdcov na sne\u017en\u00fdch sk\u00fatroch. \u010ci u\u017e sa chyst\u00e1te na zdol\u00e1vanie \u00c1lp, alebo si dop\u013a\u0148ate z\u00e1soby do zimnej maloobchodnej siete, tieto pal\u010diaky poskytuj\u00fa pohodlie, pevnos\u0165 a klasick\u00fa horsk\u00fa m\u00f3du - to v\u0161etko pod d\u00f4veryhodnou zna\u010dkou Ryinz.<\/p>","protected":false},"featured_media":8949,"comment_status":"closed","ping_status":"closed","template":"","meta":[],"product_brand":[35],"product_cat":[57],"product_tag":[297,298,299,300,301],"class_list":{"0":"post-9066","1":"product","2":"type-product","3":"status-publish","4":"has-post-thumbnail","6":"product_brand-ryinz","7":"product_cat-ski-snowboarding-gloves","8":"product_tag-cold-weather-mittens","9":"product_tag-cowhide-snow-gloves","10":"product_tag-customizable-ski-mittens","11":"product_tag-insulated-mittens","12":"product_tag-ski-mittens","14":"first","15":"instock","16":"taxable","17":"shipping-taxable","18":"purchasable","19":"product-type-simple"},"_links":{"self":[{"href":"https:\/\/ryinz.cz\/velkoobchod\/sk\/wp-json\/wp\/v2\/product\/9066","targetHints":{"allow":["GET"]}}],"collection":[{"href":"https:\/\/ryinz.cz\/velkoobchod\/sk\/wp-json\/wp\/v2\/product"}],"about":[{"href":"https:\/\/ryinz.cz\/velkoobchod\/sk\/wp-json\/wp\/v2\/types\/product"}],"replies":[{"embeddable":true,"href":"https:\/\/ryinz.cz\/velkoobchod\/sk\/wp-json\/wp\/v2\/comments?post=9066"}],"wp:featuredmedia":[{"embeddable":true,"href":"https:\/\/ryinz.cz\/velkoobchod\/sk\/wp-json\/wp\/v2\/media\/8949"}],"wp:attachment":[{"href":"https:\/\/ryinz.cz\/velkoobchod\/sk\/wp-json\/wp\/v2\/media?parent=9066"}],"wp:term":[{"taxonomy":"product_brand","embeddable":true,"href":"https:\/\/ryinz.cz\/velkoobchod\/sk\/wp-json\/wp\/v2\/product_brand?post=9066"},{"taxonomy":"product_cat","embeddable":true,"href":"https:\/\/ryinz.cz\/velkoobchod\/sk\/wp-json\/wp\/v2\/product_cat?post=9066"},{"taxonomy":"product_tag","embeddable":true,"href":"https:\/\/ryinz.cz\/velkoobchod\/sk\/wp-json\/wp\/v2\/product_tag?post=9066"}],"curies":[{"name":"wp","href":"https:\/\/api.w.org\/{rel}","templated":true}]}}