{"id":9054,"date":"2025-06-22T15:27:04","date_gmt":"2025-06-22T15:27:04","guid":{"rendered":"https:\/\/ryinz.cz\/velkoobchod\/?post_type=product&#038;p=9054"},"modified":"2026-01-18T20:17:31","modified_gmt":"2026-01-18T20:17:31","slug":"kozeny-prak-taska-velkoobchod-ryinz-crossbody-hrudnika-taska-mestskej-mody-vyrobca-eu-vzory-sukromne-znacky-dodavatela","status":"publish","type":"product","link":"https:\/\/ryinz.cz\/velkoobchod\/sk\/product\/leather-sling-bag-wholesale-ryinz-crossbody-chest-bag-urban-fashion-manufacturer-eu-designs-private-label-supplier\/","title":{"rendered":"Ko\u017een\u00e1 ta\u0161ka Sling Bag ve\u013ekoobchod | Ryinz | Crossbody Chest Bag | Urban Fashion | V\u00fdrobca, E\u00da vzory, s\u00fakromn\u00e1 zna\u010dka dod\u00e1vate\u013ea"},"content":{"rendered":"<p class=\"\" data-start=\"197\" data-end=\"325\"><strong data-start=\"197\" data-end=\"325\">Ko\u017een\u00e1 ta\u0161ka Sling Bag ve\u013ekoobchod | Ryinz | Crossbody Chest Bag | Urban Fashion | V\u00fdrobca, E\u00da vzory, s\u00fakromn\u00e1 zna\u010dka dod\u00e1vate\u013ea<\/strong><\/p>\n<p class=\"\" data-start=\"327\" data-end=\"604\">Na str\u00e1nke <strong data-start=\"330\" data-end=\"339\">Ryinz<\/strong>, sme <strong data-start=\"352\" data-end=\"399\">nevidite\u013en\u00fd motor medzin\u00e1rodn\u00e9ho obchodu<\/strong>, ktor\u00e1 sp\u00e1ja d\u00f4veryhodn\u00fdch v\u00fdrobcov, modern\u00e9 zna\u010dky a dynamick\u00fdch kupuj\u00facich v Eur\u00f3pe, USA a \u00c1zii.<br data-start=\"499\" data-end=\"502\" \/>U\u013eah\u010dujeme podnikom expandova\u0165, pred\u00e1va\u0165 a r\u00e1s\u0165 - <strong data-start=\"563\" data-end=\"603\">otv\u00e1rame dvere, aby ste mohli uzavrie\u0165 predaj<\/strong>.<\/p>\n<p class=\"\" data-start=\"606\" data-end=\"752\">Predstavujeme <strong data-start=\"622\" data-end=\"649\">Ko\u017een\u00e1 ta\u0161ka Ryinz Sling<\/strong> - elegantn\u00e1, \u0161t\u00fdlov\u00e1 a ultrafunk\u010dn\u00e1 crossbody ta\u0161ka, ktor\u00e1 je ide\u00e1lna pre dne\u0161n\u00fd mestsk\u00fd \u017eivotn\u00fd \u0161t\u00fdl na cest\u00e1ch.<\/p>\n<hr class=\"\" data-start=\"754\" data-end=\"757\" \/>\n<h3 class=\"\" data-start=\"759\" data-end=\"786\"><strong data-start=\"763\" data-end=\"785\">Najd\u00f4le\u017eitej\u0161ie inform\u00e1cie o produkte<\/strong>:<\/h3>\n<p class=\"\" data-start=\"788\" data-end=\"1287\">\u2705 <strong data-start=\"790\" data-end=\"806\">N\u00e1zov produktu<\/strong>: Ryinz Mestsk\u00e1 ko\u017een\u00e1 ta\u0161ka Crossbody Sling<br data-start=\"847\" data-end=\"850\" \/>\u2705 <strong data-start=\"852\" data-end=\"864\">Materi\u00e1l<\/strong>: Pr\u00e9miov\u00e1 syntetick\u00e1 ko\u017ea (vodoodoln\u00e1 povrchov\u00e1 \u00faprava)<br data-start=\"916\" data-end=\"919\" \/>\u2705 <strong data-start=\"921\" data-end=\"930\">Farba<\/strong>: Klasick\u00e1 tmavomodr\u00e1 s hned\u00fdmi popruhmi (k dispoz\u00edcii s\u00fa vlastn\u00e9 farby)<br data-start=\"993\" data-end=\"996\" \/>\u2705 <strong data-start=\"998\" data-end=\"1014\">Mo\u017enosti loga<\/strong>: Pr\u00e1zdne, vy\u0161\u00edvan\u00e9, kovov\u00e9 dosky, vlastn\u00e1 tla\u010d<br data-start=\"1061\" data-end=\"1064\" \/>\u2705 <strong data-start=\"1066\" data-end=\"1085\">Funkcie dizajnu<\/strong>:<br data-start=\"1086\" data-end=\"1089\" \/>- Predn\u00e9 vertik\u00e1lne vrecko na zips pre r\u00fdchly pr\u00edstup<br data-start=\"1135\" data-end=\"1138\" \/>- Hlavn\u00fd priestor na zips na z\u00e1kladn\u00e9 veci<br data-start=\"1178\" data-end=\"1181\" \/>- Nastavite\u013en\u00fd \u0161irok\u00fd ramenn\u00fd popruh<br data-start=\"1213\" data-end=\"1216\" \/>- Bezpe\u010dn\u00fd popruh s prackou pre v\u00e4\u010d\u0161iu stabilitu<br data-start=\"1257\" data-end=\"1260\" \/>- Vn\u00fatorn\u00e9 vrecko proti kr\u00e1de\u017ei<\/p>\n<p class=\"\" data-start=\"1289\" data-end=\"1302\">\u2705 <strong data-start=\"1291\" data-end=\"1299\">Ve\u013ekos\u0165<\/strong>:<\/p>\n<ul data-start=\"1303\" data-end=\"1384\">\n<li class=\"\" data-start=\"1303\" data-end=\"1320\">\n<p class=\"\" data-start=\"1305\" data-end=\"1320\">V\u00fd\u0161ka: 32 cm<\/p>\n<\/li>\n<li class=\"\" data-start=\"1321\" data-end=\"1337\">\n<p class=\"\" data-start=\"1323\" data-end=\"1337\">\u0160\u00edrka: 17 cm<\/p>\n<\/li>\n<li class=\"\" data-start=\"1338\" data-end=\"1353\">\n<p class=\"\" data-start=\"1340\" data-end=\"1353\">H\u013abka: 8 cm<\/p>\n<\/li>\n<li class=\"\" data-start=\"1354\" data-end=\"1384\">\n<p class=\"\" data-start=\"1356\" data-end=\"1384\">Kapacita: Pribli\u017ene 5-7 litrov<\/p>\n<\/li>\n<\/ul>\n<p class=\"\" data-start=\"1386\" data-end=\"1594\">\u2705 <strong data-start=\"1388\" data-end=\"1395\">Fit<\/strong>: Ergonomick\u00e9, \u013eahk\u00e9, nosenie na pravom alebo \u013eavom ramene<br data-start=\"1448\" data-end=\"1451\" \/>\u2705 <strong data-start=\"1453\" data-end=\"1460\">Pou\u017eite<\/strong>: Cestovanie, ka\u017edodenn\u00e9 doch\u00e1dzanie do mesta, nakupovanie, spozn\u00e1vanie mesta, podujatia<br data-start=\"1523\" data-end=\"1526\" \/>\u2705 <strong data-start=\"1528\" data-end=\"1535\">MOQ<\/strong>: Flexibiln\u00e9 n\u00edzke minim\u00e1 pre ve\u013ekoobchodn\u00e9 a prisp\u00f4soben\u00e9 objedn\u00e1vky<\/p>\n<hr class=\"\" data-start=\"1596\" data-end=\"1599\" \/>\n<h3 class=\"\" data-start=\"1601\" data-end=\"1630\"><strong data-start=\"1605\" data-end=\"1629\">Podrobn\u00fd opis<\/strong>:<\/h3>\n<p class=\"\" data-start=\"1632\" data-end=\"1898\">Elegantn\u00fd, v\u00fdkonn\u00fd a praktick\u00fd <strong data-start=\"1669\" data-end=\"1696\">Ko\u017een\u00e1 ta\u0161ka Ryinz Sling<\/strong> je ur\u010den\u00fd pre modern\u00e9ho mestsk\u00e9ho prieskumn\u00edka.<br data-start=\"1735\" data-end=\"1738\" \/>Vyroben\u00e9 z <strong data-start=\"1751\" data-end=\"1785\">vysokokvalitn\u00e1 syntetick\u00e1 ko\u017ea<\/strong>, t\u00e1to ta\u0161ka sp\u00e1ja klasick\u00fd \u0161t\u00fdl s modernou funk\u010dnos\u0165ou a pon\u00faka \u013eahk\u00fa prenosnos\u0165 a odolnos\u0165 vo\u010di vode.<\/p>\n<p class=\"\" data-start=\"1900\" data-end=\"2186\">Str\u00e1nka <strong data-start=\"1904\" data-end=\"1938\">vertik\u00e1lne predn\u00e9 vrecko na zips<\/strong> zabezpe\u010duje r\u00fdchly pr\u00edstup k z\u00e1kladn\u00fdm veciam, ako s\u00fa smartf\u00f3ny, pe\u0148a\u017eenky alebo k\u013e\u00fa\u010de. <strong data-start=\"2020\" data-end=\"2040\">hlavn\u00e1 priehradka<\/strong> bezpe\u010dne pren\u00e1\u0161a tablety, notebooky, slne\u010dn\u00e9 okuliare, nab\u00edja\u010dky a in\u00e9 cennosti.<br data-start=\"2118\" data-end=\"2121\" \/>Vn\u00fatorn\u00e9 skryt\u00e9 vrecko uchov\u00e1 karty, pasy alebo hotovos\u0165 v bezpe\u010d\u00ed.<\/p>\n<p class=\"\" data-start=\"2188\" data-end=\"2350\">Str\u00e1nka <strong data-start=\"2192\" data-end=\"2226\">nastavite\u013en\u00fd \u0161irok\u00fd ramenn\u00fd popruh<\/strong> zabezpe\u010duje ergonomick\u00e9 nosenie a <strong data-start=\"2259\" data-end=\"2277\">odoln\u00e1 pracka<\/strong> poskytuje v\u00e4\u010d\u0161iu stabilitu po\u010das cestovania, prech\u00e1dzok po meste, nakupovania alebo podujat\u00ed.<\/p>\n<p class=\"\" data-start=\"2352\" data-end=\"2574\">Ide\u00e1lne pre <strong data-start=\"2362\" data-end=\"2388\">projekty s\u00fakromn\u00fdch zna\u010diek<\/strong>, <strong data-start=\"2390\" data-end=\"2409\">firemn\u00e9 dar\u010deky<\/strong>, <strong data-start=\"2411\" data-end=\"2432\">maloobchodn\u00ed predajcovia m\u00f3dy<\/strong>, a <strong data-start=\"2438\" data-end=\"2460\">propaga\u010dn\u00e9 podujatia<\/strong>, ko\u017een\u00e9 crossbody ta\u0161ky Ryinz s\u00fa k dispoz\u00edcii s <strong data-start=\"2510\" data-end=\"2534\">vlastn\u00e9 logo zna\u010dky<\/strong> aby dokonale zodpovedali identite va\u0161ej zna\u010dky.<\/p>\n<hr class=\"\" data-start=\"2576\" data-end=\"2579\" \/>\n<h3 class=\"\" data-start=\"2581\" data-end=\"2634\"><strong data-start=\"2585\" data-end=\"2633\">K\u013e\u00fa\u010dov\u00e9 funkcie pre ve\u013ekoobchodn\u00fdch a maloobchodn\u00fdch odberate\u013eov<\/strong>:<\/h3>\n<p class=\"\" data-start=\"2636\" data-end=\"3153\">???? <strong data-start=\"2639\" data-end=\"2673\">Mestsk\u00fd dizajn in\u0161pirovan\u00fd eur\u00f3pskym \u0161t\u00fdlom<\/strong>: Elegantn\u00e9, m\u00f3dne a vysoko funk\u010dn\u00e9.<br data-start=\"2717\" data-end=\"2720\" \/>???? <strong data-start=\"2723\" data-end=\"2754\">Ceny priamo od v\u00fdrobcu<\/strong>: Konkuren\u010dn\u00e9 ceny s vysokou kvalitou.<br data-start=\"2796\" data-end=\"2799\" \/>???? <strong data-start=\"2802\" data-end=\"2823\">Pripraven\u00e9 vlastn\u00e9 logo<\/strong>: Mo\u017enosti ozna\u010denia prostredn\u00edctvom v\u00fd\u0161ivky, vlastnej n\u00e1\u0161ivky, kovov\u00e9ho \u0161t\u00edtku.<br data-start=\"2884\" data-end=\"2887\" \/>???? <strong data-start=\"2890\" data-end=\"2917\">Viac\u00fa\u010delov\u00e9 vyu\u017eitie trhu<\/strong>: M\u00f3dne zna\u010dky, cestovn\u00e9 vybavenie, e-commerce, firemn\u00e9 dar\u010deky, tovar na podujatia.<br data-start=\"2995\" data-end=\"2998\" \/>???? <strong data-start=\"3001\" data-end=\"3040\">R\u00fdchla v\u00fdroba a glob\u00e1lna preprava<\/strong>: Efekt\u00edvne slu\u017eby v Eur\u00f3pe, USA a \u00c1zii.<br data-start=\"3088\" data-end=\"3091\" \/>???? <strong data-start=\"3094\" data-end=\"3121\">Odoln\u00fd a z\u00e1rove\u0148 \u013eahk\u00fd<\/strong>: Vytvoren\u00e9 na modern\u00e9 ka\u017edodenn\u00e9 pou\u017e\u00edvanie.<\/p>\n<hr class=\"\" data-start=\"3155\" data-end=\"3158\" \/>\n<h3 class=\"\" data-start=\"3160\" data-end=\"3186\"><strong data-start=\"3164\" data-end=\"3185\">N\u00e1pady na aplik\u00e1cie<\/strong>:<\/h3>\n<p class=\"\" data-start=\"3188\" data-end=\"3478\">- Mestsk\u00e9 m\u00f3dne butiky<br data-start=\"3213\" data-end=\"3216\" \/>- Maloobchod s cestovn\u00fdm vybaven\u00edm a pr\u00edslu\u0161enstvom<br data-start=\"3252\" data-end=\"3255\" \/>- Zna\u010dky \u017eivotn\u00e9ho \u0161t\u00fdlu a predajcovia elektronick\u00e9ho obchodu<br data-start=\"3296\" data-end=\"3299\" \/>- Agent\u00fary pre firemn\u00e9 a reklamn\u00e9 dar\u010deky<br data-start=\"3340\" data-end=\"3343\" \/>- P\u00e1nske a d\u00e1mske m\u00f3dne l\u00ednie<br data-start=\"3376\" data-end=\"3379\" \/>- Outdoorov\u00fd tovar a tovar na festivaly<br data-start=\"3419\" data-end=\"3422\" \/>- Priv\u00e1tne zna\u010dky zameran\u00e9 na mestsk\u00fd a pouli\u010dn\u00fd \u0161t\u00fdl<\/p>\n<hr class=\"\" data-start=\"3480\" data-end=\"3483\" \/>\n<h3 class=\"\" data-start=\"3485\" data-end=\"3522\"><strong data-start=\"3489\" data-end=\"3521\">Perfektn\u00e1 ve\u013ekos\u0165 a prisp\u00f4sobenie Podrobnosti<\/strong>:<\/h3>\n<div class=\"group pointer-events-none relative flex justify-center *:pointer-events-auto\"><button class=\"hover:bg-token-main-surface-secondary text-token-text-secondary pointer-events-auto rounded-lg px-1 py-1 opacity-0 transition-opacity duration-200 group-focus-within:opacity-100 group-hover:opacity-100\"><\/button><\/p>\n<div class=\"tableContainer horzScrollShadows relative\">\n<table class=\"min-w-full\" data-start=\"3524\" data-end=\"3701\">\n<thead data-start=\"3524\" data-end=\"3592\">\n<tr data-start=\"3524\" data-end=\"3592\">\n<th data-start=\"3524\" data-end=\"3531\">Ve\u013ekos\u0165<\/th>\n<th data-start=\"3531\" data-end=\"3545\">V\u00fd\u0161ka (cm)<\/th>\n<th data-start=\"3545\" data-end=\"3558\">\u0160\u00edrka (cm)<\/th>\n<th data-start=\"3558\" data-end=\"3571\">H\u013abka (cm)<\/th>\n<th data-start=\"3571\" data-end=\"3592\">Kapacita (litre)<\/th>\n<\/tr>\n<\/thead>\n<tbody data-start=\"3662\" data-end=\"3701\">\n<tr data-start=\"3662\" data-end=\"3701\">\n<td class=\"max-w-[calc(var(--thread-content-max-width)*2\/3)]\" data-start=\"3662\" data-end=\"3673\">Jedna ve\u013ekos\u0165<\/td>\n<td class=\"max-w-[calc(var(--thread-content-max-width)*2\/3)]\" data-start=\"3673\" data-end=\"3678\">32<\/td>\n<td class=\"max-w-[calc(var(--thread-content-max-width)*2\/3)]\" data-start=\"3678\" data-end=\"3683\">17<\/td>\n<td class=\"max-w-[calc(var(--thread-content-max-width)*2\/3)]\" data-start=\"3683\" data-end=\"3687\">8<\/td>\n<td class=\"max-w-[calc(var(--thread-content-max-width)*2\/3)]\" data-start=\"3687\" data-end=\"3701\">5-7 litrov<\/td>\n<\/tr>\n<\/tbody>\n<\/table>\n<\/div>\n<\/div>","protected":false},"excerpt":{"rendered":"<div class=\"flex-shrink-0 flex flex-col relative items-end\">\n<div class=\"pt-0\">\n<div class=\"gizmo-bot-avatar flex h-8 w-8 items-center justify-center overflow-hidden rounded-full\">\n<div class=\"relative p-1 rounded-sm flex items-center justify-center bg-token-main-surface-primary text-token-text-primary h-8 w-8\">\n<h3 class=\"\" data-start=\"2581\" data-end=\"2634\"><strong data-start=\"2585\" data-end=\"2633\">K\u013e\u00fa\u010dov\u00e9 funkcie pre ve\u013ekoobchodn\u00fdch a maloobchodn\u00fdch odberate\u013eov<\/strong>:<\/h3>\n<p class=\"\" data-start=\"2636\" data-end=\"3153\">???? <strong data-start=\"2639\" data-end=\"2673\">Mestsk\u00fd dizajn in\u0161pirovan\u00fd eur\u00f3pskym \u0161t\u00fdlom<\/strong>: Elegantn\u00e9, m\u00f3dne a vysoko funk\u010dn\u00e9.<br data-start=\"2717\" data-end=\"2720\" \/>???? <strong data-start=\"2723\" data-end=\"2754\">Ceny priamo od v\u00fdrobcu<\/strong>: Konkuren\u010dn\u00e9 ceny s vysokou kvalitou.<br data-start=\"2796\" data-end=\"2799\" \/>???? <strong data-start=\"2802\" data-end=\"2823\">Pripraven\u00e9 vlastn\u00e9 logo<\/strong>: Mo\u017enosti ozna\u010denia prostredn\u00edctvom v\u00fd\u0161ivky, vlastnej n\u00e1\u0161ivky, kovov\u00e9ho \u0161t\u00edtku.<br data-start=\"2884\" data-end=\"2887\" \/>???? <strong data-start=\"2890\" data-end=\"2917\">Viac\u00fa\u010delov\u00e9 vyu\u017eitie trhu<\/strong>: M\u00f3dne zna\u010dky, cestovn\u00e9 vybavenie, e-commerce, firemn\u00e9 dar\u010deky, tovar na podujatia.<br data-start=\"2995\" data-end=\"2998\" \/>???? <strong data-start=\"3001\" data-end=\"3040\">R\u00fdchla v\u00fdroba a glob\u00e1lna preprava<\/strong>: Efekt\u00edvne slu\u017eby v Eur\u00f3pe, USA a \u00c1zii.<br data-start=\"3088\" data-end=\"3091\" \/>???? <strong data-start=\"3094\" data-end=\"3121\">Odoln\u00fd a z\u00e1rove\u0148 \u013eahk\u00fd<\/strong>: Vytvoren\u00e9 na modern\u00e9 ka\u017edodenn\u00e9 pou\u017e\u00edvanie.<\/p>\n<\/div>\n<\/div>\n<\/div>\n<\/div>","protected":false},"featured_media":9142,"comment_status":"closed","ping_status":"closed","template":"","meta":[],"product_brand":[35],"product_cat":[233],"product_tag":[289,290,291,292,293,294,295,296,288],"class_list":{"0":"post-9054","1":"product","2":"type-product","3":"status-publish","4":"has-post-thumbnail","6":"product_brand-ryinz","7":"product_cat-bags","8":"product_tag-cowhide-leather-bag","9":"product_tag-custom-logo-leather-bag","10":"product_tag-gillani-leather-pack","11":"product_tag-leather-sling-bag","12":"product_tag-luxury-leather-bag","13":"product_tag-premium-leather-bag","14":"product_tag-real-leather-sling-pack","15":"product_tag-stylish-leather-shoulder-bag","16":"product_tag-urban-sling-bag","18":"first","19":"instock","20":"taxable","21":"shipping-taxable","22":"purchasable","23":"product-type-simple"},"_links":{"self":[{"href":"https:\/\/ryinz.cz\/velkoobchod\/sk\/wp-json\/wp\/v2\/product\/9054","targetHints":{"allow":["GET"]}}],"collection":[{"href":"https:\/\/ryinz.cz\/velkoobchod\/sk\/wp-json\/wp\/v2\/product"}],"about":[{"href":"https:\/\/ryinz.cz\/velkoobchod\/sk\/wp-json\/wp\/v2\/types\/product"}],"replies":[{"embeddable":true,"href":"https:\/\/ryinz.cz\/velkoobchod\/sk\/wp-json\/wp\/v2\/comments?post=9054"}],"wp:featuredmedia":[{"embeddable":true,"href":"https:\/\/ryinz.cz\/velkoobchod\/sk\/wp-json\/wp\/v2\/media\/9142"}],"wp:attachment":[{"href":"https:\/\/ryinz.cz\/velkoobchod\/sk\/wp-json\/wp\/v2\/media?parent=9054"}],"wp:term":[{"taxonomy":"product_brand","embeddable":true,"href":"https:\/\/ryinz.cz\/velkoobchod\/sk\/wp-json\/wp\/v2\/product_brand?post=9054"},{"taxonomy":"product_cat","embeddable":true,"href":"https:\/\/ryinz.cz\/velkoobchod\/sk\/wp-json\/wp\/v2\/product_cat?post=9054"},{"taxonomy":"product_tag","embeddable":true,"href":"https:\/\/ryinz.cz\/velkoobchod\/sk\/wp-json\/wp\/v2\/product_tag?post=9054"}],"curies":[{"name":"wp","href":"https:\/\/api.w.org\/{rel}","templated":true}]}}