{"id":9049,"date":"2025-06-22T15:27:02","date_gmt":"2025-06-22T15:27:02","guid":{"rendered":"https:\/\/ryinz.cz\/velkoobchod\/?post_type=product&#038;p=9049"},"modified":"2026-01-18T20:17:29","modified_gmt":"2026-01-18T20:17:29","slug":"sportovy-batoh-velkoobchodne-vlastne-logo-tasky-ryinz-eu-dizajn-vyrobca-a-hromadne-dodavatel","status":"publish","type":"product","link":"https:\/\/ryinz.cz\/velkoobchod\/sk\/product\/sport-backpack-wholesale-custom-logo-bags-ryinz-eu-design-manufacturer-and-bulk-supplier\/","title":{"rendered":"\u0160portov\u00fd batoh ve\u013ekoobchod | Vlastn\u00e9 Logo ta\u0161ky | Ryinz EU Design | V\u00fdrobca a hromadn\u00fd dod\u00e1vate\u013e"},"content":{"rendered":"<div class=\"flex-shrink-0 flex flex-col relative items-end\">\n<div class=\"pt-0\">\n<div class=\"gizmo-bot-avatar flex h-8 w-8 items-center justify-center overflow-hidden rounded-full\">\n<div class=\"relative p-1 rounded-sm flex items-center justify-center bg-token-main-surface-primary text-token-text-primary h-8 w-8\">\n<p>\u0160portov\u00fd batoh ve\u013ekoobchod | Vlastn\u00e9 Logo ta\u0161ky | Ryinz EU Design | V\u00fdrobca a hromadn\u00fd dod\u00e1vate\u013e<\/p>\n<p>V spolo\u010dnosti Ryinz sme nevidite\u013en\u00fdm motorom medzin\u00e1rodn\u00e9ho obchodu, ktor\u00fd sp\u00e1ja v\u00fdrobcov, zna\u010dky a n\u00e1kupcov v Eur\u00f3pe, USA a \u00c1zii.<\/p>\n<p>Na\u0161e poslanie je jednoduch\u00e9: My otv\u00e1rame dvere, aby ste vy mohli uzatv\u00e1ra\u0165 obchody.<\/p>\n<p>Tento \u0161portov\u00fd batoh Ryinz je navrhnut\u00fd s oh\u013eadom na modern\u00fa eur\u00f3psku m\u00f3du, praktick\u00e9 vyu\u017eitie a potreby ve\u013ekoobchodu. Tento batoh, vytvoren\u00fd pre milovn\u00edkov \u0161portu, \u0161kol\u00e1kov, cestovate\u013eov a dobrodruhov v pr\u00edrode, pon\u00faka \u017eiariv\u00fd \u0161t\u00fdl a v\u00fdkon za bezkonkuren\u010dn\u00e9 ceny B2B.<\/p>\n<p>Najd\u00f4le\u017eitej\u0161ie vlastnosti produktu:<\/p>\n<p>\u2705 N\u00e1zov produktu: Batoh Ryinz Sport Outdoor<\/p>\n<p>\u2705 Materi\u00e1l: Materi\u00e1l: Odoln\u00fd polyester odoln\u00fd vo\u010di vode<\/p>\n<p>\u2705 Farba: zelen\u00e1, \u017elt\u00e1, modr\u00e1 Patchwork (k dispoz\u00edcii s\u00fa vlastn\u00e9 farby)<\/p>\n<p>\u2705 Mo\u017enosti loga: (plne prisp\u00f4sobite\u013en\u00e9 pre s\u00fakromn\u00e9 zna\u010dky)<\/p>\n<p>\u2705 Oddelenia:<\/p>\n<p>- Priestrann\u00fd hlavn\u00fd priestor<\/p>\n<p>- Predn\u00e9 vertik\u00e1lne vrecko na zips<\/p>\n<p>- Elastick\u00e1 predn\u00e1 \u0161n\u00farka na extra v\u00fdbavu<\/p>\n<p>- Bo\u010dn\u00e9 vreck\u00e1 na f\u013ea\u0161e alebo pr\u00edslu\u0161enstvo<\/p>\n<p>\u2705 Ve\u013ekos\u0165:<\/p>\n<p>V\u00fd\u0161ka: 45 cm<\/p>\n<p>\u0160\u00edrka: 30 cm<\/p>\n<p>H\u013abka: 15 cm<\/p>\n<p>Kapacita: Pribli\u017ene 20-22 litrov<\/p>\n<p>\u2705 Fit: \u013dahk\u00fd, pohodln\u00fd, \u0161portov\u00fd dizajn<\/p>\n<p>\u2705 Pou\u017eitie: \u0160port, \u0161kola, cestovanie, vonkaj\u0161ie aktivity, podujatia<\/p>\n<p>\u2705 MOQ: N\u00edzke minim\u00e1 k dispoz\u00edcii pre ve\u013ekoobchodn\u00e9 a prisp\u00f4soben\u00e9 hromadn\u00e9 objedn\u00e1vky<\/p>\n<p>Podrobn\u00fd opis:<\/p>\n<p>Energick\u00fd, farebn\u00fd a pripraven\u00fd na v\u00fdkon - batoh Ryinz Sport je ide\u00e1lnou vo\u013ebou pre akt\u00edvny \u017eivotn\u00fd \u0161t\u00fdl a dynamick\u00e9 zna\u010dky.<\/p>\n<p>\u017diariv\u00fd patchworkov\u00fd dizajn v zelenej, \u017eltej a n\u00e1morn\u00edckej modrej farbe odr\u00e1\u017ea mladistv\u00fa energiu a je ide\u00e1lny pre \u0161portov\u00e9 t\u00edmy, \u0161kolsk\u00e9 programy alebo predajcov \u017eivotn\u00e9ho \u0161t\u00fdlu. Tento batoh je vyroben\u00fd z prvotriedneho vodeodoln\u00e9ho polyesteru a je odoln\u00fd vo\u010di opotrebovaniu, zatia\u013e \u010do pevn\u00e1 elastick\u00e1 predn\u00e1 \u010das\u0165 na bungee dod\u00e1va dodato\u010dn\u00fa funk\u010dnos\u0165 na uchytenie b\u00fand, prilieb alebo \u0161portov\u00e9ho vybavenia.<\/p>\n<p>Ta\u0161ka m\u00e1 priestrann\u00fa hlavn\u00fa priehradku na knihy, vybavenie alebo oble\u010denie a \u013eahko pr\u00edstupn\u00e9 bo\u010dn\u00e9 vreck\u00e1 na f\u013ea\u0161e alebo ob\u010derstvenie. Ergonomick\u00e9 polstrovan\u00e9 ramenn\u00e9 popruhy a horn\u00e1 rukov\u00e4\u0165 zaru\u010duj\u00fa pohodlie pri nosen\u00ed aj po\u010das dlh\u0161ej doby.<\/p>\n<p>Mo\u017enosti vlastn\u00e9ho ozna\u010denia v\u00e1m umo\u017enia pou\u017ei\u0165 logo va\u0161ej zna\u010dky, farby a vzory, tak\u017ee je to fantastick\u00e1 vo\u013eba pre propaga\u010dn\u00e9 kampane, firemn\u00e9 dar\u010deky, \u0161kolsk\u00e9 uniformy alebo maloobchodn\u00e9 kolekcie.<\/p>\n<p>K\u013e\u00fa\u010dov\u00e9 funkcie pre ve\u013ekoobchodn\u00fdch a maloobchodn\u00fdch odberate\u013eov:<\/p>\n<p>???? E\u00da navrhla: Modern\u00fd, m\u00f3dny dizajn pre eur\u00f3psky a medzin\u00e1rodn\u00fd vkus.<\/p>\n<p>???? Vlastn\u00e1 zna\u010dka pripraven\u00e1: K dispoz\u00edcii je v\u00fd\u0161ivka, n\u00e1\u0161ivky, plnofarebn\u00e1 tla\u010d.<\/p>\n<p>???? V\u00fdhoda hromadn\u00e9ho dod\u00e1vate\u013ea: Priame ceny v\u00fdrobcu, ni\u017e\u0161ie n\u00e1klady, vy\u0161\u0161ie mar\u017ee.<\/p>\n<p>???? Ide\u00e1lne pre viacer\u00e9 odvetvia: \u0160portov\u00e9 obchody, outdoorov\u00e9 zna\u010dky, organiz\u00e1tori podujat\u00ed, \u0161koly, maloobchodn\u00edci a spolo\u010dnosti vyr\u00e1baj\u00face reklamn\u00e9 produkty.<\/p>\n<p>???? R\u00fdchle vybavenie: R\u00fdchla v\u00fdroba a dodanie v Eur\u00f3pe, USA a \u00c1zii.<\/p>\n<p>???? Odoln\u00e1 kon\u0161trukcia: Vyroben\u00e1 na akt\u00edvne pou\u017e\u00edvanie v re\u00e1lnom svete - cestovanie, \u0161kola, \u0161port.<\/p>\n<p>N\u00e1pady na pou\u017eitie:<\/p>\n<p>- Obchody so \u0161portov\u00fdm oble\u010den\u00edm<\/p>\n<p>- Maloobchodn\u00edci s outdoorov\u00fdm dobrodru\u017estvom<\/p>\n<p>- Spolo\u010dnosti dod\u00e1vaj\u00face \u0161kolsk\u00e9 potreby<\/p>\n<p>- Reklamn\u00fd tovar pre zna\u010dky a podujatia<\/p>\n<p>- Distrib\u00fatori cestovn\u00e9ho a outdoorov\u00e9ho vybavenia<\/p>\n<p>- Vlastn\u00e9 zna\u010dky pre univerzitn\u00e9 t\u00edmy alebo kluby<\/p>\n<p>- Za\u010d\u00ednaj\u00face podniky elektronick\u00e9ho obchodu (predajcovia Amazon, eBay, Shopify)<\/p>\n<p>Perfektn\u00e1 ve\u013ekos\u0165 a prisp\u00f4sobenie Podrobnosti:<\/p>\n<p>Ve\u013ekos\u0165 V\u00fd\u0161ka (cm) \u0160\u00edrka (cm) H\u013abka (cm) Objem (litre)<\/p>\n<p>Jedna ve\u013ekos\u0165 45 30 15 20-22 litrov<\/p>\n<p>(\u013dahk\u00fd a ide\u00e1lny na pren\u00e1\u0161anie \u0161portov\u00e9ho vybavenia, notebookov do ve\u013ekosti 14\u2033, \u0161kolsk\u00fdch u\u010debn\u00edc, oble\u010denia do telocvi\u010dne alebo cestovn\u00fdch potrieb.)<\/p>\n<p>K\u013e\u00fa\u010dov\u00e9 slov\u00e1 bohat\u00e9 na SEO (oddelen\u00e9 \u010diarkou pre webov\u00fa n\u00e1v\u0161tevnos\u0165 a SEO na str\u00e1nkach Europages):<\/p>\n<p>ve\u013ekoobchodn\u00fd \u0161portov\u00fd batoh Eur\u00f3pa, v\u00fdrobca \u0161portov\u00fdch ta\u0161iek s vlastn\u00fdm logom, dod\u00e1vate\u013e \u0161portov\u00fdch batohov Ryinz E\u00da, ve\u013ekoobchodn\u00fd farebn\u00fd batoh Eur\u00f3pa, ve\u013ekoobchodn\u00fd \u0161portov\u00fd a outdoorov\u00fd batoh, v\u00fdrobca batohov s vlastnou zna\u010dkou, dod\u00e1vate\u013e vlastn\u00fdch zna\u010dkov\u00fdch batohov, ve\u013ekoobchodn\u00fd vodoodoln\u00fd batoh Eur\u00f3pa, vysokokvalitn\u00e9 polyesterov\u00e9 batohy vo ve\u013ekom, v\u00fdrobca farebn\u00fdch \u0161kolsk\u00fdch batohov, ve\u013ekoobchodn\u00fd batoh na \u0161portov\u00e9 podujatia, dod\u00e1vate\u013e batohov na podujatia, \u0161t\u00fdlov\u00e9 \u0161portov\u00e9 batohy trh E\u00da, ve\u013ekoobchodn\u00fd batoh na dobrodru\u017estvo v pr\u00edrode, batoh Ryinz tov\u00e1re\u0148 priamo, dod\u00e1vate\u013e zna\u010dkov\u00fdch \u0161portov\u00fdch ta\u0161iek, dod\u00e1vate\u013e reklamn\u00fdch \u0161portov\u00fdch batohov, v\u00fdrobca \u0161kolsk\u00fdch \u0161portov\u00fdch batohov Eur\u00f3pa, cestovn\u00e9 batohy na podujatia vo ve\u013ekom<\/p>\n<p>Pre\u010do si vybra\u0165 spolo\u010dnos\u0165 Ryinz?<\/p>\n<p>???? Spolo\u010dnos\u0165 Ryinz je va\u0161\u00edm d\u00f4veryhodn\u00fdm eur\u00f3pskym partnerom pre ve\u013ekoobchod, maloobchod, z\u00e1kazkov\u00e9 zna\u010dky a medzin\u00e1rodn\u00e9 rie\u0161enia v oblasti z\u00e1sobovania.<\/p>\n<p>???? Sp\u00e1jame zna\u010dky, startupy, maloobchodn\u00edkov a organiz\u00e1torov podujat\u00ed so \u0161pi\u010dkovou kvalitou v\u00fdroby a inovat\u00edvnym dizajnom.<\/p>\n<p>V\u00fdberom spolo\u010dnosti Ryinz z\u00edskate pr\u00edstup k dizajnom in\u0161pirovan\u00fdm Eur\u00f3pou, cen\u00e1m priamo od v\u00fdrobcu, mo\u017enostiam prisp\u00f4sobenia a bezprobl\u00e9movej medzin\u00e1rodnej logistike, ktor\u00e9 v\u00e1m pom\u00f4\u017eu rozv\u00edja\u0165 va\u0161e podnikanie.<\/p>\n<p>Na\u0161e ta\u0161ky a batohy s\u00fa vyroben\u00e9 tak, aby zap\u00f4sobili, fungovali a r\u00fdchlo sa pred\u00e1vali - od \u0161portov\u00fdch predajcov a\u017e po ve\u013ek\u00e9 propaga\u010dn\u00e9 podujatia.<\/p>\n<p>Kontaktujte spolo\u010dnos\u0165 Ryinz pre ve\u013ekoobchodn\u00e9 a s\u00fakromn\u00e9 objedn\u00e1vky<\/p>\n<p>Ste pripraven\u00ed pon\u00faknu\u0165 svojim z\u00e1kazn\u00edkom energick\u00e9, odoln\u00e9 a \u0161t\u00fdlov\u00e9 batohy, ktor\u00e9 si zamiluj\u00fa?<\/p>\n<p>???? Webov\u00e1 str\u00e1nka: www.ryinz.com<\/p>\n<p>???? E-mail: lavie@ryinz.cz<\/p>\n<p>???? Telef\u00f3n\/WhatsApp: +420 604 413 141<\/p>\n<p>Ryinz - Pom\u00e1hame v\u00e1m h\u00fdba\u0165 svetom, jedna ta\u0161ka za druhou.<\/p>\n<\/div>\n<\/div>\n<\/div>\n<\/div>","protected":false},"excerpt":{"rendered":"<div class=\"flex-shrink-0 flex flex-col relative items-end\">\n<div class=\"pt-0\">\n<div class=\"gizmo-bot-avatar flex h-8 w-8 items-center justify-center overflow-hidden rounded-full\">\n<div class=\"relative p-1 rounded-sm flex items-center justify-center bg-token-main-surface-primary text-token-text-primary h-8 w-8\">\n<p>K\u013e\u00fa\u010dov\u00e9 funkcie pre ve\u013ekoobchodn\u00fdch a maloobchodn\u00fdch odberate\u013eov:<\/p>\n<p>???? E\u00da navrhla: Modern\u00fd, m\u00f3dny dizajn pre eur\u00f3psky a medzin\u00e1rodn\u00fd vkus.<\/p>\n<p>???? Vlastn\u00e1 zna\u010dka pripraven\u00e1: K dispoz\u00edcii je v\u00fd\u0161ivka, n\u00e1\u0161ivky, plnofarebn\u00e1 tla\u010d.<\/p>\n<p>???? V\u00fdhoda hromadn\u00e9ho dod\u00e1vate\u013ea: Priame ceny v\u00fdrobcu, ni\u017e\u0161ie n\u00e1klady, vy\u0161\u0161ie mar\u017ee.<\/p>\n<p>???? Ide\u00e1lne pre viacer\u00e9 odvetvia: \u0160portov\u00e9 obchody, outdoorov\u00e9 zna\u010dky, organiz\u00e1tori podujat\u00ed, \u0161koly, maloobchodn\u00edci a spolo\u010dnosti vyr\u00e1baj\u00face reklamn\u00e9 produkty.<\/p>\n<p>???? R\u00fdchle vybavenie: R\u00fdchla v\u00fdroba a dodanie v Eur\u00f3pe, USA a \u00c1zii.<\/p>\n<p>???? Odoln\u00e1 kon\u0161trukcia: Vyroben\u00e1 na akt\u00edvne pou\u017e\u00edvanie v re\u00e1lnom svete - cestovanie, \u0161kola, \u0161port.<\/p>\n<\/div>\n<\/div>\n<\/div>\n<\/div>","protected":false},"featured_media":9137,"comment_status":"closed","ping_status":"closed","template":"","meta":[],"product_brand":[35],"product_cat":[233,68],"product_tag":[266,235,236,267,260,268,269,270,241,271],"class_list":{"0":"post-9049","1":"product","2":"type-product","3":"status-publish","4":"has-post-thumbnail","6":"product_brand-ryinz","7":"product_cat-bags","8":"product_cat-ryinz","9":"product_tag-athletic-bag","10":"product_tag-custom-logo-backpack","11":"product_tag-durable-backpack","12":"product_tag-gillani-sport-backpack","13":"product_tag-gym-bag","14":"product_tag-outdoor-gear","15":"product_tag-school-backpack","16":"product_tag-sport-backpack","17":"product_tag-travel-backpack","18":"product_tag-water-resistant-backpack","20":"first","21":"instock","22":"taxable","23":"shipping-taxable","24":"purchasable","25":"product-type-simple"},"_links":{"self":[{"href":"https:\/\/ryinz.cz\/velkoobchod\/sk\/wp-json\/wp\/v2\/product\/9049","targetHints":{"allow":["GET"]}}],"collection":[{"href":"https:\/\/ryinz.cz\/velkoobchod\/sk\/wp-json\/wp\/v2\/product"}],"about":[{"href":"https:\/\/ryinz.cz\/velkoobchod\/sk\/wp-json\/wp\/v2\/types\/product"}],"replies":[{"embeddable":true,"href":"https:\/\/ryinz.cz\/velkoobchod\/sk\/wp-json\/wp\/v2\/comments?post=9049"}],"wp:featuredmedia":[{"embeddable":true,"href":"https:\/\/ryinz.cz\/velkoobchod\/sk\/wp-json\/wp\/v2\/media\/9137"}],"wp:attachment":[{"href":"https:\/\/ryinz.cz\/velkoobchod\/sk\/wp-json\/wp\/v2\/media?parent=9049"}],"wp:term":[{"taxonomy":"product_brand","embeddable":true,"href":"https:\/\/ryinz.cz\/velkoobchod\/sk\/wp-json\/wp\/v2\/product_brand?post=9049"},{"taxonomy":"product_cat","embeddable":true,"href":"https:\/\/ryinz.cz\/velkoobchod\/sk\/wp-json\/wp\/v2\/product_cat?post=9049"},{"taxonomy":"product_tag","embeddable":true,"href":"https:\/\/ryinz.cz\/velkoobchod\/sk\/wp-json\/wp\/v2\/product_tag?post=9049"}],"curies":[{"name":"wp","href":"https:\/\/api.w.org\/{rel}","templated":true}]}}