{"id":9032,"date":"2025-06-22T15:26:32","date_gmt":"2025-06-22T15:26:32","guid":{"rendered":"https:\/\/ryinz.cz\/velkoobchod\/?post_type=product&#038;p=9032"},"modified":"2026-01-18T20:17:24","modified_gmt":"2026-01-18T20:17:24","slug":"ryinz-vysoko-viditelna-pracovna-bunda-reflexne-bezpecnostne-vrchne-oblecenie-s-vreckami-na-zips-pre-stavebnictvo-priemyselne-pouzitie","status":"publish","type":"product","link":"https:\/\/ryinz.cz\/velkoobchod\/sk\/product\/ryinz-high-visibility-work-jacket-reflective-safety-outerwear-with-zip-pockets-for-construction-industrial-use\/","title":{"rendered":"Pracovn\u00e1 bunda RYINZ s vysokou vidite\u013enos\u0165ou - reflexn\u00e9 bezpe\u010dnostn\u00e9 vrchn\u00e9 oble\u010denie s vreckami na zips na stavebn\u00e9 a priemyseln\u00e9 pou\u017eitie"},"content":{"rendered":"<div class=\"flex-shrink-0 flex flex-col relative items-end\">\n<div class=\"pt-0\">\n<div class=\"gizmo-bot-avatar flex h-8 w-8 items-center justify-center overflow-hidden rounded-full\">\n<div class=\"relative p-1 rounded-sm flex items-center justify-center bg-token-main-surface-primary text-token-text-primary h-8 w-8\">\n<p class=\"\" data-start=\"1890\" data-end=\"2322\"><strong data-start=\"1890\" data-end=\"1954\">Predstavujeme reflexn\u00fa pracovn\u00fa bundu RYINZ s vysokou vidite\u013enos\u0165ou<\/strong>-siln\u00e9 vyhl\u00e1senie v oblasti ochrann\u00fdch pracovn\u00fdch odevov navrhnut\u00fdch tak, aby va\u0161a bezpe\u010dnos\u0165 nikdy nezostala bez pov\u0161imnutia. Vo svete nebezpe\u010dn\u00fdch a vysoko rizikov\u00fdch povolan\u00ed nie je vidite\u013enos\u0165 mo\u017enos\u0165ou - je to po\u017eiadavka. Spolo\u010dnos\u0165 RYINZ to rie\u0161i \u0161pi\u010dkov\u00fdm dizajnom, ktor\u00fd sp\u00e1ja bezpe\u010dnos\u0165, pohodlie a spo\u013eahlivos\u0165 v jednej funk\u010dnej bunde navrhnutej pre n\u00e1ro\u010dn\u00e9 pracovn\u00e9 prostredie.<\/p>\n<p class=\"\" data-start=\"2324\" data-end=\"2837\"><strong data-start=\"2324\" data-end=\"2372\">Maxim\u00e1lna vidite\u013enos\u0165 - bezpe\u010dnos\u0165, ktor\u00e1 hovor\u00ed nahlas<\/strong><br data-start=\"2372\" data-end=\"2375\" \/>V\u00fdrazn\u00fdm prvkom tejto bundy je jej <strong data-start=\"2418\" data-end=\"2465\">vysoko vidite\u013en\u00e9 fluorescen\u010dn\u00e9 \u017elt\u00e9 pruhy<\/strong>, ktor\u00e9 s\u00fa strategicky umiestnen\u00e9 na tele a ramen\u00e1ch, aby vytv\u00e1rali maxim\u00e1lny kontrast s \u010diernou softshellovou tkaninou. Doplnen\u00e9 o <strong data-start=\"2592\" data-end=\"2622\">\u0161irok\u00e9 reflexn\u00e9 p\u00e1sky<\/strong> ktor\u00e1 obop\u00edna hrudn\u00edk, chrb\u00e1t a ruk\u00e1vy, t\u00e1to bunda zabezpe\u010duje, \u017ee v\u00e1s spolupracovn\u00edci, chodci a vodi\u010di zo v\u0161etk\u00fdch smerov \u013eahko uvidia - \u010do je d\u00f4le\u017eit\u00e9 pri no\u010dn\u00fdch zmen\u00e1ch, slabom osvetlen\u00ed alebo nepriaznivom po\u010das\u00ed.<\/p>\n<p class=\"\" data-start=\"2839\" data-end=\"3178\">\u010ci u\u017e pracujete pod svetlami reflektorov, stavebn\u00fdmi svetlami alebo okolit\u00fdm mestsk\u00fdm osvetlen\u00edm, reflexn\u00e9 akcenty zvy\u0161uj\u00fa vidite\u013enos\u0165 pre lep\u0161iu informovanos\u0165 a zn\u00ed\u017eenie po\u010dtu neh\u00f4d. Tento dizajn, ktor\u00fd je zameran\u00fd na bezpe\u010dnos\u0165, sp\u013a\u0148a v\u0161eobecn\u00e9 normy vidite\u013enosti pou\u017e\u00edvan\u00e9 v stavebn\u00edctve, logistike, priemyselnej \u00fadr\u017ebe a v odvetviach z\u00e1chrann\u00fdch slu\u017eieb.<\/p>\n<p class=\"\" data-start=\"3180\" data-end=\"3603\"><strong data-start=\"3180\" data-end=\"3233\">Odoln\u00e1 softshellov\u00e1 kon\u0161trukcia - stvoren\u00e1 na v\u00fdkon<\/strong><br data-start=\"3233\" data-end=\"3236\" \/>Vyroben\u00e9 z materi\u00e1lu odoln\u00e9ho vo\u010di oderu <strong data-start=\"3268\" data-end=\"3288\">softshellov\u00e1 tkanina<\/strong>, bezpe\u010dnostn\u00e1 bunda RYINZ je ide\u00e1lna na fyzick\u00e9 \u00falohy. Je odoln\u00e1 vo\u010di prachu, mastnote, miernemu da\u017e\u010fu a ka\u017edodenn\u00e9mu noseniu, pri\u010dom zost\u00e1va dostato\u010dne priedu\u0161n\u00e1 na zmeny v interi\u00e9ri aj exteri\u00e9ri. Bunda je strihan\u00e1 tak, aby priliehala k telu a neobmedzovala pohyb - je teda ide\u00e1lnym spolo\u010dn\u00edkom pri oh\u00fdban\u00ed, zdv\u00edhan\u00ed alebo manipul\u00e1cii s vybaven\u00edm.<\/p>\n<ul data-start=\"3605\" data-end=\"4004\">\n<li class=\"\" data-start=\"3605\" data-end=\"3697\">\n<p class=\"\" data-start=\"3607\" data-end=\"3697\"><strong data-start=\"3607\" data-end=\"3623\">Vysok\u00fd golier:<\/strong> Poskytuje ochranu pred vetrom a dod\u00e1va profesion\u00e1lny \u00fa\u017eitkov\u00fd vzh\u013ead.<\/p>\n<\/li>\n<li class=\"\" data-start=\"3698\" data-end=\"3780\">\n<p class=\"\" data-start=\"3700\" data-end=\"3780\"><strong data-start=\"3700\" data-end=\"3723\">Zips po celej d\u013a\u017eke:<\/strong> \u013dahko sa otv\u00e1ra a zatv\u00e1ra v rukaviciach; zabezpe\u010duje teplo.<\/p>\n<\/li>\n<li class=\"\" data-start=\"3781\" data-end=\"3847\">\n<p class=\"\" data-start=\"3783\" data-end=\"3847\"><strong data-start=\"3783\" data-end=\"3801\">Elastick\u00e9 man\u017eety:<\/strong> Udr\u017eiavajte ruk\u00e1vy na svojom mieste a zabr\u00e1\u0148te ich zachyt\u00e1vaniu.<\/p>\n<\/li>\n<li class=\"\" data-start=\"3848\" data-end=\"3933\">\n<p class=\"\" data-start=\"3850\" data-end=\"3933\"><strong data-start=\"3850\" data-end=\"3871\">\u013dahk\u00fd pocit:<\/strong> Dokonal\u00e1 rovnov\u00e1ha medzi izol\u00e1ciou a pr\u00faden\u00edm vzduchu na celodenn\u00e9 nosenie.<\/p>\n<\/li>\n<li class=\"\" data-start=\"3934\" data-end=\"4004\">\n<p class=\"\" data-start=\"3936\" data-end=\"4004\"><strong data-start=\"3936\" data-end=\"3958\">Odoln\u00e9 \u0161itie:<\/strong> Zosilnen\u00e9 \u0161vy odol\u00e1vaj\u00fa n\u00e1ro\u010dn\u00fdm podmienkam.<\/p>\n<\/li>\n<\/ul>\n<p class=\"\" data-start=\"4006\" data-end=\"4122\"><strong data-start=\"4006\" data-end=\"4050\">Inteligentn\u00e9 ukladanie - v\u0161etko m\u00e1 svoje miesto<\/strong><br data-start=\"4050\" data-end=\"4053\" \/>T\u00e1to bunda je viac ne\u017e len reflexn\u00e1 - je praktick\u00e1. Obsahuje:<\/p>\n<ul data-start=\"4123\" data-end=\"4445\">\n<li class=\"\" data-start=\"4123\" data-end=\"4194\">\n<p class=\"\" data-start=\"4125\" data-end=\"4194\"><strong data-start=\"4125\" data-end=\"4147\">1 n\u00e1prsn\u00e9 vrecko na zips<\/strong> - Ide\u00e1lne na n\u00e1radie, per\u00e1, identifika\u010dn\u00e9 karty alebo vysiela\u010dky<\/p>\n<\/li>\n<li class=\"\" data-start=\"4195\" data-end=\"4264\">\n<p class=\"\" data-start=\"4197\" data-end=\"4264\"><strong data-start=\"4197\" data-end=\"4221\">2 ve\u013ek\u00e9 bo\u010dn\u00e9 vreck\u00e1<\/strong> - Ulo\u017eenie rukav\u00edc, pozn\u00e1mkov\u00fdch blokov alebo ru\u010dn\u00e9ho n\u00e1radia<\/p>\n<\/li>\n<li class=\"\" data-start=\"4265\" data-end=\"4445\">\n<p class=\"\" data-start=\"4267\" data-end=\"4445\"><strong data-start=\"4267\" data-end=\"4286\">Bezpe\u010dn\u00e9 zipsy:<\/strong> Uzamknite svoje polo\u017eky po\u010das akt\u00edvnych zmien<br data-start=\"4326\" data-end=\"4329\" \/>V\u0161etky vreck\u00e1 s\u00fa umiestnen\u00e9 tak, aby boli \u013eahko pr\u00edstupn\u00e9 aj po\u010das nosenia bezpe\u010dnostn\u00fdch postrojov alebo p\u00e1sov.<\/p>\n<\/li>\n<\/ul>\n<p class=\"\" data-start=\"4447\" data-end=\"4787\"><strong data-start=\"4447\" data-end=\"4475\">Pohodlie sa stret\u00e1va s ochranou<\/strong><br data-start=\"4475\" data-end=\"4478\" \/>Spolo\u010dnos\u0165 RYINZ si uvedomuje, \u017ee dlh\u00e9 hodiny na pracovisku si vy\u017eaduj\u00fa oble\u010denie, ktor\u00e9 pracuje s vami - nie proti v\u00e1m. Priedu\u0161n\u00e1 vn\u00fatorn\u00e1 pod\u0161\u00edvka zabra\u0148uje prehriatiu, zatia\u013e \u010do vonkaj\u0161\u00ed pl\u00e1\u0161\u0165 odoln\u00fd vo\u010di vetru chr\u00e1ni pred chladn\u00fdm prievanom. T\u00e1to bunda je dostato\u010dne pru\u017en\u00e1 na zdv\u00edhanie nad hlavou alebo kr\u010denie, podpor\u00ed v\u00e1s pri ka\u017edej \u00falohe.<\/p>\n<p class=\"\" data-start=\"4789\" data-end=\"4814\"><strong data-start=\"4789\" data-end=\"4812\">Ide\u00e1lne aplik\u00e1cie:<\/strong><\/p>\n<ul data-start=\"4815\" data-end=\"5018\">\n<li class=\"\" data-start=\"4815\" data-end=\"4843\">\n<p class=\"\" data-start=\"4817\" data-end=\"4843\">Stavebn\u00e9 a cestn\u00e9 pr\u00e1ce<\/p>\n<\/li>\n<li class=\"\" data-start=\"4844\" data-end=\"4884\">\n<p class=\"\" data-start=\"4846\" data-end=\"4884\">Elektrick\u00e9 a komun\u00e1lne slu\u017eby v ter\u00e9ne<\/p>\n<\/li>\n<li class=\"\" data-start=\"4885\" data-end=\"4921\">\n<p class=\"\" data-start=\"4887\" data-end=\"4921\">Oper\u00e1tori skladu a vysokozdvi\u017en\u00fdch voz\u00edkov<\/p>\n<\/li>\n<li class=\"\" data-start=\"4922\" data-end=\"4953\">\n<p class=\"\" data-start=\"4924\" data-end=\"4953\">Geodeti a mana\u017e\u00e9ri stavby<\/p>\n<\/li>\n<li class=\"\" data-start=\"4954\" data-end=\"4981\">\n<p class=\"\" data-start=\"4956\" data-end=\"4981\">Zamestnanci zodpovedn\u00ed za parkovanie a dopravu<\/p>\n<\/li>\n<li class=\"\" data-start=\"4982\" data-end=\"5018\">\n<p class=\"\" data-start=\"4984\" data-end=\"5018\">Pos\u00e1dky pre mimoriadne udalosti a reakcie na udalosti<\/p>\n<\/li>\n<\/ul>\n<p class=\"\" data-start=\"5020\" data-end=\"5378\"><strong data-start=\"5020\" data-end=\"5058\">Profesion\u00e1lny vzh\u013ead, vytvoren\u00fd pre t\u00edmy<\/strong><br data-start=\"5058\" data-end=\"5061\" \/>Elegantn\u00fd \u010dierny z\u00e1klad v kontraste s fluorescen\u010dn\u00fdmi a reflexn\u00fdmi detailmi dod\u00e1va tejto bunde <strong data-start=\"5153\" data-end=\"5186\">profesion\u00e1lny vzh\u013ead<\/strong> ktor\u00e1 zodpoved\u00e1 zna\u010dke spolo\u010dnosti, identifik\u00e1cii pos\u00e1dky a \u0161tandardom uniforiem. Je to skvel\u00e1 vo\u013eba pre t\u00edmov\u00e9 oble\u010denie na v\u0161etk\u00fdch pracovisk\u00e1ch, najm\u00e4 v kombin\u00e1cii so zodpovedaj\u00facimi nohavicami s vysokou vidite\u013enos\u0165ou alebo bezpe\u010dnostn\u00fdmi vestami.<\/p>\n<p class=\"\" data-start=\"5380\" data-end=\"5414\"><strong data-start=\"5380\" data-end=\"5412\">Pokyny na pranie a starostlivos\u0165:<\/strong><\/p>\n<ul data-start=\"5415\" data-end=\"5584\">\n<li class=\"\" data-start=\"5415\" data-end=\"5450\">\n<p class=\"\" data-start=\"5417\" data-end=\"5450\">Pranie v pr\u00e1\u010dke za studena, jemn\u00fd cyklus<\/p>\n<\/li>\n<li class=\"\" data-start=\"5451\" data-end=\"5482\">\n<p class=\"\" data-start=\"5453\" data-end=\"5482\">Na dlhodob\u00e9 nosenie m\u00f4\u017eete zavesi\u0165 na sucho<\/p>\n<\/li>\n<li class=\"\" data-start=\"5483\" data-end=\"5500\">\n<p class=\"\" data-start=\"5485\" data-end=\"5500\">Nebieli\u0165<\/p>\n<\/li>\n<li class=\"\" data-start=\"5501\" data-end=\"5558\">\n<p class=\"\" data-start=\"5503\" data-end=\"5558\">Vyhnite sa su\u0161eniu za vysok\u00fdch tepl\u00f4t, aby ste ochr\u00e1nili reflexn\u00fd materi\u00e1l<\/p>\n<\/li>\n<li class=\"\" data-start=\"5559\" data-end=\"5584\">\n<p class=\"\" data-start=\"5561\" data-end=\"5584\">\u017dehlenie sa neodpor\u00fa\u010da<\/p>\n<\/li>\n<\/ul>\n<\/div>\n<\/div>\n<\/div>\n<\/div>","protected":false},"excerpt":{"rendered":"<div class=\"flex-shrink-0 flex flex-col relative items-end\">\n<div class=\"pt-0\">\n<div class=\"gizmo-bot-avatar flex h-8 w-8 items-center justify-center overflow-hidden rounded-full\">\n<div class=\"relative p-1 rounded-sm flex items-center justify-center bg-token-main-surface-primary text-token-text-primary h-8 w-8\">\n<p class=\"\" data-start=\"384\" data-end=\"772\">Bu\u010fte v bezpe\u010d\u00ed, viden\u00ed a plne vybaven\u00ed v nebezpe\u010dn\u00fdch pracovn\u00fdch prostrediach s <strong data-start=\"460\" data-end=\"497\">Pracovn\u00e1 bunda s vysokou vidite\u013enos\u0165ou RYINZ<\/strong>, \u0161peci\u00e1lne navrhnut\u00e9 pre profesion\u00e1lov, ktor\u00ed vy\u017eaduj\u00fa vidite\u013enos\u0165 a v\u00fdkon. T\u00e1to bezpe\u010dnostn\u00e1 bunda, navrhnut\u00e1 pre stavebn\u00fdch robotn\u00edkov, t\u00edmy komun\u00e1lnych slu\u017eieb, cestn\u00e9 pos\u00e1dky, manipulantov v skladoch a zamestnancov v priemysle, sp\u00e1ja ochranu, praktickos\u0165 a pohodlie v jednom n\u00e1padnom k\u00fasku.<\/p>\n<p class=\"\" data-start=\"774\" data-end=\"1188\">\u017diariv\u00e9 fluorescen\u010dn\u00e9 \u017elt\u00e9 pruhy na tmavom \u010diernom podklade v kombin\u00e1cii so \u0161irokou <strong data-start=\"865\" data-end=\"890\">360\u00b0 reflexn\u00e9 p\u00e1sy<\/strong> na hrudi, chrbte a ramen\u00e1ch zaru\u010duje, \u017ee budete dobre vidite\u013en\u00ed z ka\u017ed\u00e9ho uhla - \u010di u\u017e v tmav\u00fdch skladoch, na zahmlen\u00fdch cest\u00e1ch alebo na no\u010dn\u00fdch pracovisk\u00e1ch. Vysokokontrastn\u00fd dizajn maximalizuje odraz svetla od svetlometov a reflektorov, \u010d\u00edm v\u00fdrazne zni\u017euje riziko neh\u00f4d na pracovisku.<\/p>\n<p class=\"\" data-start=\"1190\" data-end=\"1550\">Robustn\u00fd predn\u00fd diel s celoprep\u00ednac\u00edm zipsom umo\u017e\u0148uje jednoduch\u00e9 obliekanie a vyzliekanie, zatia\u013e \u010do vysok\u00fd golier chr\u00e1ni krk pred vetrom a prachom. Horn\u00e9 n\u00e1prsn\u00e9 vrecko na zips a dve bo\u010dn\u00e9 vreck\u00e1 pon\u00fakaj\u00fa bezpe\u010dn\u00fd \u00falo\u017en\u00fd priestor pre va\u0161e nevyhnutn\u00e9 veci, ako s\u00fa per\u00e1, pozn\u00e1mkov\u00e9 bloky, identifika\u010dn\u00e9 karty, rukavice alebo mobiln\u00e9 zariadenia. Elastick\u00e9 man\u017eety a tvarovan\u00fd strih zabra\u0148uj\u00fa zv\u00e4\u010d\u0161ovaniu objemu a z\u00e1rove\u0148 zabezpe\u010duj\u00fa neobmedzen\u00fd pohyb pri pr\u00e1ci.<\/p>\n<p class=\"\" data-start=\"1552\" data-end=\"1833\">T\u00e1to bunda je vyroben\u00e1 z odolnej, priedu\u0161nej softshellovej tkaniny a udr\u017e\u00ed v\u00e1s v teple bez prehrievania po\u010das akt\u00edvnej pr\u00e1ce. \u010ci u\u017e riadite riadenie dopravy, zdv\u00edhate materi\u00e1ly alebo kontrolujete infra\u0161trukt\u00faru, RYINZ poskytuje vynikaj\u00facu vidite\u013enos\u0165 bez toho, aby ste zn\u00ed\u017eili u\u017eito\u010dnos\u0165 alebo pohodlie.<\/p>\n<\/div>\n<\/div>\n<\/div>\n<\/div>","protected":false},"featured_media":9088,"comment_status":"closed","ping_status":"closed","template":"","meta":[],"product_brand":[35],"product_cat":[202],"product_tag":[215,216],"class_list":{"0":"post-9032","1":"product","2":"type-product","3":"status-publish","4":"has-post-thumbnail","6":"product_brand-ryinz","7":"product_cat-apparels","8":"product_tag-hi-visibility-jacket","9":"product_tag-reflective-jacket","11":"first","12":"instock","13":"taxable","14":"shipping-taxable","15":"purchasable","16":"product-type-simple"},"_links":{"self":[{"href":"https:\/\/ryinz.cz\/velkoobchod\/sk\/wp-json\/wp\/v2\/product\/9032","targetHints":{"allow":["GET"]}}],"collection":[{"href":"https:\/\/ryinz.cz\/velkoobchod\/sk\/wp-json\/wp\/v2\/product"}],"about":[{"href":"https:\/\/ryinz.cz\/velkoobchod\/sk\/wp-json\/wp\/v2\/types\/product"}],"replies":[{"embeddable":true,"href":"https:\/\/ryinz.cz\/velkoobchod\/sk\/wp-json\/wp\/v2\/comments?post=9032"}],"wp:featuredmedia":[{"embeddable":true,"href":"https:\/\/ryinz.cz\/velkoobchod\/sk\/wp-json\/wp\/v2\/media\/9088"}],"wp:attachment":[{"href":"https:\/\/ryinz.cz\/velkoobchod\/sk\/wp-json\/wp\/v2\/media?parent=9032"}],"wp:term":[{"taxonomy":"product_brand","embeddable":true,"href":"https:\/\/ryinz.cz\/velkoobchod\/sk\/wp-json\/wp\/v2\/product_brand?post=9032"},{"taxonomy":"product_cat","embeddable":true,"href":"https:\/\/ryinz.cz\/velkoobchod\/sk\/wp-json\/wp\/v2\/product_cat?post=9032"},{"taxonomy":"product_tag","embeddable":true,"href":"https:\/\/ryinz.cz\/velkoobchod\/sk\/wp-json\/wp\/v2\/product_tag?post=9032"}],"curies":[{"name":"wp","href":"https:\/\/api.w.org\/{rel}","templated":true}]}}