{"id":9031,"date":"2025-06-22T15:26:32","date_gmt":"2025-06-22T15:26:32","guid":{"rendered":"https:\/\/ryinz.cz\/velkoobchod\/?post_type=product&#038;p=9031"},"modified":"2026-01-18T20:17:23","modified_gmt":"2026-01-18T20:17:23","slug":"panska-premiova-fleecova-bunda-so-zipsom-a-naprsnym-vreckom","status":"publish","type":"product","link":"https:\/\/ryinz.cz\/velkoobchod\/sk\/product\/mens-premium-sherpa-fleece-jacket-full-zip-with-chest-pocket\/","title":{"rendered":"P\u00e1nska pr\u00e9miov\u00e1 fleecov\u00e1 bunda Sherpa - celoprep\u00ednac\u00ed s n\u00e1prsn\u00fdm vreckom"},"content":{"rendered":"<div class=\"flex-shrink-0 flex flex-col relative items-end\">\n<div class=\"pt-0\">\n<div class=\"gizmo-bot-avatar flex h-8 w-8 items-center justify-center overflow-hidden rounded-full\">\n<div class=\"relative p-1 rounded-sm flex items-center justify-center bg-token-main-surface-primary text-token-text-primary h-8 w-8\">\n<p class=\"\" data-start=\"1696\" data-end=\"2155\">Str\u00e1nka <strong data-start=\"1700\" data-end=\"1730\">Fleecov\u00e1 bunda RYINZ Sherpa<\/strong> nanovo definuje pohodlie, teplo a odolnos\u0165 vrchn\u00e9ho oble\u010denia. T\u00e1to bunda, navrhnut\u00e1 s d\u00f4kladn\u00fdm d\u00f4razom na detail, kombinuje klasick\u00fd fl\u00edsov\u00fd \u0161t\u00fdl s modernou \u00fa\u017eitkovos\u0165ou, v\u010faka \u010domu je spo\u013eahlivou vo\u013ebou na celodenn\u00e9 nosenie v chladnom po\u010das\u00ed. Bunda je vyroben\u00e1 z ve\u013emi m\u00e4kk\u00e9ho, hrub\u00e9ho fl\u00edsu Sherpa s vysokou hustotou a pon\u00faka vynikaj\u00facu izol\u00e1ciu, ktor\u00e1 zachyt\u00e1va telesn\u00e9 teplo a z\u00e1rove\u0148 zost\u00e1va priedu\u0161n\u00e1, \u010d\u00edm zabezpe\u010duje dokonal\u00fa rovnov\u00e1hu medzi teplom a vetran\u00edm.<\/p>\n<p class=\"\" data-start=\"2157\" data-end=\"2679\">Tento univerz\u00e1lny vrchn\u00fd odev je ide\u00e1lny na jese\u0148, zimu a skor\u00fa jar a m\u00e1 \u0161trukt\u00farovan\u00fa, ale pohodln\u00fa siluetu. Obsahuje predn\u00fd zips po celej d\u013a\u017eke na jednoduch\u00e9 nosenie, stojac\u00ed golier, ktor\u00fd chr\u00e1ni krk pred chladom, a tri funk\u010dn\u00e9 vreck\u00e1 na zips - dve bo\u010dn\u00e9 vreck\u00e1 na ruky a jedno n\u00e1prsn\u00e9 vrecko na bezpe\u010dn\u00e9 ulo\u017eenie nevyhnutn\u00fdch vec\u00ed, ako s\u00fa k\u013e\u00fa\u010de, telef\u00f3n alebo pe\u0148a\u017eenka. Zipsy s\u00fa navrhnut\u00e9 s vysokokvalitn\u00fdm kovov\u00fdm kovan\u00edm a zakon\u010den\u00e9 elegantn\u00fdmi \u0165ah\u00e1\u010dikmi z umelej ko\u017ee pre v\u00e4\u010d\u0161iu pri\u013enavos\u0165 a \u0161t\u00fdl.<\/p>\n<p class=\"\" data-start=\"2681\" data-end=\"3170\">Vn\u00fatorn\u00e9 \u0161vy s\u00fa zosilnen\u00e9 a pod\u0161it\u00e9, \u010do zvy\u0161uje odolnos\u0165 a zni\u017euje trenie. Fl\u00eds je v nam\u00e1han\u00fdch miestach dvakr\u00e1t pre\u0161it\u00fd, aby sa zabezpe\u010dil dlhodob\u00fd v\u00fdkon v mestskom aj drsnom prostred\u00ed. Man\u017eety a lem s\u00fa navrhnut\u00e9 tak, aby udr\u017eiavali teplo a z\u00e1rove\u0148 umo\u017e\u0148ovali flexibilitu, a mierne z\u00fa\u017een\u00fd strih zaru\u010duje lichotiv\u00fd strih pre mu\u017eov aj \u017eeny. Neutr\u00e1lny siv\u00fd odtie\u0148 pon\u00faka nad\u010dasov\u00fd vzh\u013ead a jednoduch\u00e9 kombinovanie s d\u017e\u00ednsami, pracovn\u00fdm oble\u010den\u00edm, cargo nohavicami alebo tepeln\u00fdmi z\u00e1kladn\u00fdmi vrstvami.<\/p>\n<p class=\"\" data-start=\"3172\" data-end=\"3573\">Spolo\u010dnos\u0165 RYINZ vytvorila t\u00fato bundu nielen na be\u017en\u00e9 pohodlie, ale aj na funk\u010dn\u00e9 nosenie. T\u00e1to bunda v\u00e1m kryje chrb\u00e1t, \u010di u\u017e sa vyd\u00e1vate na t\u00faru po lesn\u00fdch chodn\u00edkoch, odhadzujete sneh, doch\u00e1dzate do pr\u00e1ce v chladnom po\u010das\u00ed alebo jednoducho relaxujete vonku s priate\u013emi. Je to aj vynikaj\u00faca vonkaj\u0161ia vrstva na kempovanie a cestovanie v\u010faka svojej stla\u010dite\u013enej kon\u0161trukcii - je dostato\u010dne \u013eahk\u00e1 na to, aby sa dala zbali\u0165 bez straty loftu alebo v\u00fdkonu.<\/p>\n<p class=\"\" data-start=\"3575\" data-end=\"4026\">T\u00fato fleecov\u00fa bundu Sherpa mo\u017eno pra\u0165 v pr\u00e1\u010dke, po vypran\u00ed si zachov\u00e1va svoj tvar a \u010dasom si zachov\u00e1va svoju ply\u0161ov\u00fa \u0161trukt\u00faru a izola\u010dn\u00e9 vlastnosti. V\u010faka etick\u00e9mu z\u00edskavaniu zdrojov, pozornosti venovanej udr\u017eate\u013enosti materi\u00e1lov a zameraniu na spokojnos\u0165 pou\u017e\u00edvate\u013eov spolo\u010dnos\u0165 RYINZ na\u010falej vynik\u00e1 ako d\u00f4veryhodn\u00e1 zna\u010dka v oblasti v\u00fdroby rukav\u00edc a vrchn\u00e9ho oble\u010denia. Sme hrd\u00ed na to, \u017ee dod\u00e1vame v\u00fdrobky profesion\u00e1lnej kvality na osobn\u00e9 pou\u017eitie, na maloobchodn\u00e9 pulty a pre partnerstv\u00e1 s priv\u00e1tnymi zna\u010dkami.<\/p>\n<p class=\"\" data-start=\"4028\" data-end=\"4313\">Pre firmy je t\u00e1to bunda k dispoz\u00edcii na ve\u013ekoobchodn\u00e9 a vlastn\u00e9 zna\u010dky. \u010ci u\u017e vytv\u00e1rate vlastn\u00fa l\u00edniu vrchn\u00e9ho oble\u010denia, vybavujete zamestnancov na zimn\u00e9 \u00falohy alebo zh\u00e1\u0148ate fleecov\u00e9 bundy pre maloobchod, spolo\u010dnos\u0165 RYINZ pon\u00faka rie\u0161enia na mieru s n\u00edzkym MOQ a \u0161k\u00e1lovate\u013enou v\u00fdrobnou kapacitou.<\/p>\n<\/div>\n<\/div>\n<\/div>\n<\/div>","protected":false},"excerpt":{"rendered":"<div class=\"flex-shrink-0 flex flex-col relative items-end\">\n<div class=\"pt-0\">\n<div class=\"gizmo-bot-avatar flex h-8 w-8 items-center justify-center overflow-hidden rounded-full\">\n<div class=\"relative p-1 rounded-sm flex items-center justify-center bg-token-main-surface-primary text-token-text-primary h-8 w-8\">\n<p>Za\u017eite trval\u00e9 teplo a \u0161t\u00fdl s touto pr\u00e9miovou fleecovou bundou Sherpa, ktor\u00e1 bola vytvoren\u00e1 pre chladn\u00e9 podnebie a akt\u00edvny \u017eivotn\u00fd \u0161t\u00fdl. Je navrhnut\u00e1 z term\u00e1lneho fl\u00edsu s m\u00e4kk\u00fdm povrchom a m\u00e1 celoprep\u00ednac\u00ed zips, bezpe\u010dn\u00e9 n\u00e1prsn\u00e9 a bo\u010dn\u00e9 vreck\u00e1 na zips a zosilnen\u00e9 \u0161vy na zv\u00fd\u0161enie odolnosti. Ide\u00e1lna na pr\u00e1cu v pr\u00edrode, turistiku alebo ka\u017edodenn\u00e9 zimn\u00e9 nosenie. T\u00e1to bunda pon\u00faka vynikaj\u00facu izol\u00e1ciu a z\u00e1rove\u0148 zost\u00e1va priedu\u0161n\u00e1 a \u013eahk\u00e1. K dispoz\u00edcii pre vlastn\u00e9 zna\u010dky a ve\u013ekoobchodn\u00e9 objedn\u00e1vky.<\/p>\n<\/div>\n<\/div>\n<\/div>\n<\/div>","protected":false},"featured_media":9089,"comment_status":"closed","ping_status":"closed","template":"","meta":[],"product_brand":[35],"product_cat":[202],"product_tag":[213,214],"class_list":{"0":"post-9031","1":"product","2":"type-product","3":"status-publish","4":"has-post-thumbnail","6":"product_brand-ryinz","7":"product_cat-apparels","8":"product_tag-casual-jacket","9":"product_tag-mens-fleece-jacket","11":"first","12":"instock","13":"taxable","14":"shipping-taxable","15":"purchasable","16":"product-type-simple"},"_links":{"self":[{"href":"https:\/\/ryinz.cz\/velkoobchod\/sk\/wp-json\/wp\/v2\/product\/9031","targetHints":{"allow":["GET"]}}],"collection":[{"href":"https:\/\/ryinz.cz\/velkoobchod\/sk\/wp-json\/wp\/v2\/product"}],"about":[{"href":"https:\/\/ryinz.cz\/velkoobchod\/sk\/wp-json\/wp\/v2\/types\/product"}],"replies":[{"embeddable":true,"href":"https:\/\/ryinz.cz\/velkoobchod\/sk\/wp-json\/wp\/v2\/comments?post=9031"}],"wp:featuredmedia":[{"embeddable":true,"href":"https:\/\/ryinz.cz\/velkoobchod\/sk\/wp-json\/wp\/v2\/media\/9089"}],"wp:attachment":[{"href":"https:\/\/ryinz.cz\/velkoobchod\/sk\/wp-json\/wp\/v2\/media?parent=9031"}],"wp:term":[{"taxonomy":"product_brand","embeddable":true,"href":"https:\/\/ryinz.cz\/velkoobchod\/sk\/wp-json\/wp\/v2\/product_brand?post=9031"},{"taxonomy":"product_cat","embeddable":true,"href":"https:\/\/ryinz.cz\/velkoobchod\/sk\/wp-json\/wp\/v2\/product_cat?post=9031"},{"taxonomy":"product_tag","embeddable":true,"href":"https:\/\/ryinz.cz\/velkoobchod\/sk\/wp-json\/wp\/v2\/product_tag?post=9031"}],"curies":[{"name":"wp","href":"https:\/\/api.w.org\/{rel}","templated":true}]}}