{"id":9030,"date":"2025-06-22T15:26:32","date_gmt":"2025-06-22T15:26:32","guid":{"rendered":"https:\/\/ryinz.cz\/velkoobchod\/?post_type=product&#038;p=9030"},"modified":"2026-01-18T20:17:23","modified_gmt":"2026-01-18T20:17:23","slug":"ryinz-panska-klasicka-cierna-dzinsova-bunda-robustny-slim-fit-vrchny-odev-pre-lezerny-mestsky-streetwear-styl","status":"publish","type":"product","link":"https:\/\/ryinz.cz\/velkoobchod\/sk\/product\/ryinz-mens-classic-black-denim-jacket-rugged-slim-fit-outerwear-for-casual-urban-streetwear-style\/","title":{"rendered":"RYINZ P\u00e1nska klasick\u00e1 \u010dierna d\u017e\u00ednsov\u00e1 bunda - robustn\u00fd slim fit vrchn\u00fd odev pre le\u017e\u00e9rny, mestsk\u00fd a streetwear \u0161t\u00fdl"},"content":{"rendered":"<div class=\"flex-shrink-0 flex flex-col relative items-end\">\n<div class=\"pt-0\">\n<div class=\"gizmo-bot-avatar flex h-8 w-8 items-center justify-center overflow-hidden rounded-full\">\n<div class=\"relative p-1 rounded-sm flex items-center justify-center bg-token-main-surface-primary text-token-text-primary h-8 w-8\">\n<p class=\"\" data-start=\"1603\" data-end=\"2044\">Str\u00e1nka <strong data-start=\"1607\" data-end=\"1651\">RYINZ Klasick\u00e1 \u010dierna d\u017e\u00ednsov\u00e1 bunda pre mu\u017eov<\/strong> je viac ne\u017e len kus oble\u010denia - je to z\u00e1kladn\u00fd kame\u0148 nad\u010dasovej m\u00f3dy, ktor\u00fd poskytuje bezkonkuren\u010dn\u00fa v\u0161estrannos\u0165 a istotu v jednom robustnom balen\u00ed. T\u00e1to d\u017e\u00ednsov\u00e1 bunda, ktor\u00e1 je ide\u00e1lna na ka\u017ed\u00e9 ro\u010dn\u00e9 obdobie a celodenn\u00e9 nosenie, predstavuje dokonal\u00fa rovnov\u00e1hu medzi funk\u010dn\u00fdm vrstven\u00edm a vy\u0161\u0161\u00edm streetwearov\u00fdm oble\u010den\u00edm. Ka\u017ed\u00fd steh, vrecko a gomb\u00edk s\u00fa navrhnut\u00e9 tak, aby pon\u00fakali mu\u017en\u00fa siluetu s nekompromisn\u00fdm komfortom.<\/p>\n<p class=\"\" data-start=\"2046\" data-end=\"2445\"><strong data-start=\"2046\" data-end=\"2062\">Dizajn a mont\u00e1\u017e<\/strong><br data-start=\"2062\" data-end=\"2065\" \/>\u00dazky strih je modern\u00fd a lichotiv\u00fd, mierne sa zu\u017euje v p\u00e1se, aby mal ostr\u00e9 kont\u00fary, ktor\u00e9 neobmedzuj\u00fa pohyb. Roztiahnut\u00fd golier a \u0161trukt\u00farovan\u00fd dizajn ramien zv\u00fdraz\u0148uj\u00fa mu\u017en\u00fd r\u00e1m, tak\u017ee je ide\u00e1lny pre mu\u017eov, ktor\u00ed chc\u00fa \u0161t\u00fdl bez toho, aby obetovali pohodlie. Dvojit\u00e9 \u0161vy pozd\u013a\u017e ruk\u00e1vov a bokov dod\u00e1vaj\u00fa bunde odolnos\u0165 a z\u00e1rove\u0148 zv\u00fdraz\u0148uj\u00fa jej mestsk\u00fa estetiku.<\/p>\n<p class=\"\" data-start=\"2447\" data-end=\"2701\">V\u010faka hlbok\u00e9mu \u010diernemu praniu s jemn\u00fdm vyblednut\u00edm a zni\u010den\u00e9mu vzh\u013eadu sa t\u00e1to bunda \u013eahko kombinuje takmer s \u010d\u00edmko\u013evek - d\u017e\u00ednsami, chinos nohavicami, cargo nohavicami, joggermi. Minimalistick\u00e9, ale odv\u00e1\u017ene logo RYINZ je decentne umiestnen\u00e9 vo vn\u00fatri goliera, tak\u017ee vonkaj\u0161\u00ed vzh\u013ead je \u010dist\u00fd a elegantn\u00fd.<\/p>\n<p class=\"\" data-start=\"2703\" data-end=\"2756\"><strong data-start=\"2703\" data-end=\"2725\">Vreck\u00e1 a uz\u00e1very<\/strong><br data-start=\"2725\" data-end=\"2728\" \/>Bunda je vybaven\u00e1:<\/p>\n<ul data-start=\"2757\" data-end=\"2951\">\n<li class=\"\" data-start=\"2757\" data-end=\"2814\">\n<p class=\"\" data-start=\"2759\" data-end=\"2814\">2 bezpe\u010dn\u00e9 vreck\u00e1 s chlop\u0148ou a kovov\u00fdmi gomb\u00edkmi na hrudi<\/p>\n<\/li>\n<li class=\"\" data-start=\"2815\" data-end=\"2847\">\n<p class=\"\" data-start=\"2817\" data-end=\"2847\">2 priestrann\u00e9 bo\u010dn\u00e9 vreck\u00e1 na ruky<\/p>\n<\/li>\n<li class=\"\" data-start=\"2848\" data-end=\"2893\">\n<p class=\"\" data-start=\"2850\" data-end=\"2893\">Vn\u00fatorn\u00e9 vrecko na pe\u0148a\u017eenku alebo telef\u00f3n<\/p>\n<\/li>\n<li class=\"\" data-start=\"2894\" data-end=\"2951\">\n<p class=\"\" data-start=\"2896\" data-end=\"2951\">Zosilnen\u00e1 gomb\u00edkov\u00e1 l\u00e9ga so zna\u010dkov\u00fdm kovan\u00edm RYINZ<\/p>\n<\/li>\n<\/ul>\n<p class=\"\" data-start=\"2953\" data-end=\"3109\">\u010ci u\u017e sa chyst\u00e1te na le\u017e\u00e9rnu prech\u00e1dzku, alebo potrebujete prida\u0165 vrstvu na pracovn\u00fa ko\u0161e\u013eu, vreck\u00e1 poskytuj\u00fa \u00fa\u017eitok aj symetriu celkov\u00e9ho vzh\u013eadu.<\/p>\n<p class=\"\" data-start=\"3111\" data-end=\"3457\"><strong data-start=\"3111\" data-end=\"3136\">Materi\u00e1l a odolnos\u0165<\/strong><br data-start=\"3136\" data-end=\"3139\" \/>T\u00e1to bunda je vyroben\u00e1 z prvotriednej zmesi bavlny a d\u017e\u00ednsoviny, je priedu\u0161n\u00e1 a pevn\u00e1. M\u00e1 dostato\u010dn\u00fa \u0161trukt\u00faru, aby si zachovala svoju formu po\u010das rokov nosenia, ale z\u00e1rove\u0148 je dostato\u010dne pru\u017en\u00e1, aby sa prisp\u00f4sobila pohybom v\u00e1\u0161ho tela. Vn\u00fatorn\u00e1 \u010das\u0165 je jemne pod\u0161it\u00e1, tak\u017ee je vhodn\u00e1 na viacsez\u00f3nne pou\u017eitie - od skorej jesene do neskorej jari.<\/p>\n<p class=\"\" data-start=\"3459\" data-end=\"3682\">Tkanina je odoln\u00e1 vo\u010di vyblednutiu a rozt\u0159epeniu a v\u0161etky vysoko nam\u00e1han\u00e9 oblasti (ako s\u00fa lakte a podpazu\u0161ie) s\u00fa pre v\u00e4\u010d\u0161iu odolnos\u0165 dvakr\u00e1t pre\u0161it\u00e9. Je to bunda stvoren\u00e1 na to, aby elegantne starla a ka\u017ed\u00fdm pran\u00edm a nosen\u00edm sa st\u00e1vala m\u00e4k\u0161ou a lep\u0161ou.<\/p>\n<p class=\"\" data-start=\"3684\" data-end=\"3749\"><strong data-start=\"3684\" data-end=\"3703\">Mo\u017enosti stylingu<\/strong><br data-start=\"3703\" data-end=\"3706\" \/>D\u017e\u00ednsov\u00fa bundu RYINZ m\u00f4\u017eete vrstvi\u0165 na seba:<\/p>\n<ul data-start=\"3750\" data-end=\"3913\">\n<li class=\"\" data-start=\"3750\" data-end=\"3779\">\n<p class=\"\" data-start=\"3752\" data-end=\"3779\">Tri\u010dk\u00e1 na be\u017en\u00fd de\u0148<\/p>\n<\/li>\n<li class=\"\" data-start=\"3780\" data-end=\"3817\">\n<p class=\"\" data-start=\"3782\" data-end=\"3817\">Mikiny s kapuc\u0148ou pre modern\u00fd vrstven\u00fd vzh\u013ead<\/p>\n<\/li>\n<li class=\"\" data-start=\"3818\" data-end=\"3857\">\n<p class=\"\" data-start=\"3820\" data-end=\"3857\">Rol\u00e1ky pre elegantn\u00fd le\u017e\u00e9rny \u0161t\u00fdl<\/p>\n<\/li>\n<li class=\"\" data-start=\"3858\" data-end=\"3913\">\n<p class=\"\" data-start=\"3860\" data-end=\"3913\">Ko\u0161ele na gomb\u00edky pre robustn\u00fd kancel\u00e1rsky komplet<\/p>\n<\/li>\n<\/ul>\n<p class=\"\" data-start=\"3915\" data-end=\"4068\">V z\u00e1vislosti od pr\u00edle\u017eitosti ho skombinujte s teniskami, \u010di\u017emami alebo ko\u017een\u00fdmi top\u00e1nkami. V\u010faka svojej v\u0161estrannosti je z\u00e1kladom na cestovanie, do pr\u00e1ce, na v\u00edkendy alebo na spolo\u010densk\u00e9 udalosti.<\/p>\n<p class=\"\" data-start=\"4070\" data-end=\"4088\"><strong data-start=\"4070\" data-end=\"4086\">Ide\u00e1lne pre:<\/strong><\/p>\n<ul data-start=\"4089\" data-end=\"4279\">\n<li class=\"\" data-start=\"4089\" data-end=\"4110\">\n<p class=\"\" data-start=\"4091\" data-end=\"4110\">Pr\u00edle\u017eitostn\u00e9 denn\u00e9 nosenie<\/p>\n<\/li>\n<li class=\"\" data-start=\"4111\" data-end=\"4139\">\n<p class=\"\" data-start=\"4113\" data-end=\"4139\">Mestsk\u00e9 m\u00f3dne vyhl\u00e1senia<\/p>\n<\/li>\n<li class=\"\" data-start=\"4140\" data-end=\"4177\">\n<p class=\"\" data-start=\"4142\" data-end=\"4177\">Oble\u010denie v \u0161t\u00fdle motocykla alebo motork\u00e1ra<\/p>\n<\/li>\n<li class=\"\" data-start=\"4178\" data-end=\"4209\">\n<p class=\"\" data-start=\"4180\" data-end=\"4209\">Jesenn\u00e9 a jarn\u00e9 vrchn\u00e9 oble\u010denie<\/p>\n<\/li>\n<li class=\"\" data-start=\"4210\" data-end=\"4234\">\n<p class=\"\" data-start=\"4212\" data-end=\"4234\">Chladn\u00e9 letn\u00e9 noci<\/p>\n<\/li>\n<li class=\"\" data-start=\"4235\" data-end=\"4279\">\n<p class=\"\" data-start=\"4237\" data-end=\"4279\">\u013dahk\u00e9 vrstvenie pod kab\u00e1ty v zime<\/p>\n<\/li>\n<\/ul>\n<p class=\"\" data-start=\"4281\" data-end=\"4495\"><strong data-start=\"4281\" data-end=\"4303\">Pokyny na starostlivos\u0165:<\/strong><br data-start=\"4303\" data-end=\"4306\" \/>Mo\u017eno pra\u0165 v pr\u00e1\u010dke v studenej vode. Su\u0161te zavesen\u00e9 alebo v su\u0161i\u010dke na n\u00edzkom stupni. Vyhnite sa bielidl\u00e1m alebo zm\u00e4k\u010dovadl\u00e1m. D\u017e\u00ednsovina \u010dasom a pran\u00edm zm\u00e4kne, ale v\u010faka prvotriednej kvalite tkaniny si zachov\u00e1 svoj tvar.<\/p>\n<\/div>\n<\/div>\n<\/div>\n<\/div>","protected":false},"excerpt":{"rendered":"<div class=\"flex-shrink-0 flex flex-col relative items-end\">\n<div class=\"pt-0\">\n<div class=\"gizmo-bot-avatar flex h-8 w-8 items-center justify-center overflow-hidden rounded-full\">\n<div class=\"relative p-1 rounded-sm flex items-center justify-center bg-token-main-surface-primary text-token-text-primary h-8 w-8\">\n<p class=\"\" data-start=\"370\" data-end=\"820\">Zv\u00fd\u0161te svoj pouli\u010dn\u00fd \u0161t\u00fdl s klasickou \u010diernou d\u017e\u00ednsovou bundou RYINZ - nad\u010dasov\u00fdm k\u00faskom, ktor\u00fd v sebe sp\u00e1ja drsn\u00fd \u0161arm a modern\u00fd \u0161t\u00fdl. T\u00e1to d\u017e\u00ednsov\u00e1 bunda \u00fazkeho strihu, vyroben\u00e1 pre mu\u017eov, ktor\u00ed oce\u0148uj\u00fa trvanliv\u00fa m\u00f3du s ka\u017edodenn\u00fdm pohodl\u00edm, kombinuje ostr\u00fd strih s mestskou eleganciou. Jej hlbok\u00e9 \u010dierne opranie s jemn\u00fdm vyblednut\u00edm dod\u00e1va obnosen\u00fd vzh\u013ead, ktor\u00fd nikdy nevyjde z m\u00f3dy, zatia\u013e \u010do \u0161trukt\u00farovan\u00e9 pre\u0161\u00edvanie a zap\u00ednanie na gomb\u00edky vpredu zachov\u00e1vaj\u00fa \u010distotu a klasiku.<\/p>\n<p class=\"\" data-start=\"822\" data-end=\"1162\">T\u00e1to bunda m\u00e1 dve n\u00e1prsn\u00e9 vreck\u00e1 s chlop\u0148ami na gomb\u00edky, dve bo\u010dn\u00e9 vreck\u00e1 na ruky alebo drobn\u00e9 doplnky a man\u017eety na gomb\u00edky, ktor\u00e9 m\u00f4\u017eete ma\u0165 otvoren\u00e9 alebo zatvoren\u00e9 v z\u00e1vislosti od v\u00e1\u0161ho vzh\u013eadu. Je to v\u0161estrann\u00e1 vrchn\u00e1 vrstva, ktor\u00e1 sa hod\u00ed po cel\u00fd rok - v zime ju m\u00f4\u017eete nosi\u0165 cez mikinu s kapuc\u0148ou, na jar alebo na jese\u0148 cez tri\u010dko alebo dokonca cez tielko po\u010das letn\u00fdch ve\u010derov.<\/p>\n<p class=\"\" data-start=\"1164\" data-end=\"1392\">Je vyroben\u00e1 z vysokokvalitnej, pevnej d\u017e\u00ednsoviny s miernou elasticitou, tak\u017ee sa \u010dasom prisp\u00f4sob\u00ed v\u00e1\u0161mu telu a z\u00e1rove\u0148 si zachov\u00e1 svoj tvar. Ide\u00e1lne pre mu\u017eov, ktor\u00ed potrebuj\u00fa k\u00fasok na be\u017en\u00e9 v\u00fdlety, stretnutia, v\u00fdlety alebo aj kancel\u00e1rske piatky.<\/p>\n<p class=\"\" data-start=\"1394\" data-end=\"1546\">Oble\u010dte si ju k \u010di\u017em\u00e1m a tmav\u00fdm d\u017e\u00ednsom alebo k be\u017eeck\u00fdm nohaviciam a tenisk\u00e1m - v ka\u017edom pr\u00edpade d\u017e\u00ednsov\u00e1 bunda RYINZ dopln\u00ed v\u00e1\u0161 outfit bez n\u00e1mahy.<\/p>\n<\/div>\n<\/div>\n<\/div>\n<\/div>","protected":false},"featured_media":9078,"comment_status":"closed","ping_status":"closed","template":"","meta":[],"product_brand":[35],"product_cat":[202],"product_tag":[212,213],"class_list":{"0":"post-9030","1":"product","2":"type-product","3":"status-publish","4":"has-post-thumbnail","6":"product_brand-ryinz","7":"product_cat-apparels","8":"product_tag-all-season-jacket","9":"product_tag-casual-jacket","11":"first","12":"instock","13":"taxable","14":"shipping-taxable","15":"purchasable","16":"product-type-simple"},"_links":{"self":[{"href":"https:\/\/ryinz.cz\/velkoobchod\/sk\/wp-json\/wp\/v2\/product\/9030","targetHints":{"allow":["GET"]}}],"collection":[{"href":"https:\/\/ryinz.cz\/velkoobchod\/sk\/wp-json\/wp\/v2\/product"}],"about":[{"href":"https:\/\/ryinz.cz\/velkoobchod\/sk\/wp-json\/wp\/v2\/types\/product"}],"replies":[{"embeddable":true,"href":"https:\/\/ryinz.cz\/velkoobchod\/sk\/wp-json\/wp\/v2\/comments?post=9030"}],"wp:featuredmedia":[{"embeddable":true,"href":"https:\/\/ryinz.cz\/velkoobchod\/sk\/wp-json\/wp\/v2\/media\/9078"}],"wp:attachment":[{"href":"https:\/\/ryinz.cz\/velkoobchod\/sk\/wp-json\/wp\/v2\/media?parent=9030"}],"wp:term":[{"taxonomy":"product_brand","embeddable":true,"href":"https:\/\/ryinz.cz\/velkoobchod\/sk\/wp-json\/wp\/v2\/product_brand?post=9030"},{"taxonomy":"product_cat","embeddable":true,"href":"https:\/\/ryinz.cz\/velkoobchod\/sk\/wp-json\/wp\/v2\/product_cat?post=9030"},{"taxonomy":"product_tag","embeddable":true,"href":"https:\/\/ryinz.cz\/velkoobchod\/sk\/wp-json\/wp\/v2\/product_tag?post=9030"}],"curies":[{"name":"wp","href":"https:\/\/api.w.org\/{rel}","templated":true}]}}