{"id":9029,"date":"2025-06-22T15:26:32","date_gmt":"2025-06-22T15:26:32","guid":{"rendered":"https:\/\/ryinz.cz\/velkoobchod\/?post_type=product&#038;p=9029"},"modified":"2026-01-18T20:17:22","modified_gmt":"2026-01-18T20:17:22","slug":"ryinz-varsity-styl-streetwear-bunda-s-kapucnou-klasicky-bomber-vzhlad-s-umelou-kozou-rukavy-kapucna-pre-muzov","status":"publish","type":"product","link":"https:\/\/ryinz.cz\/velkoobchod\/sk\/product\/ryinz-varsity-style-streetwear-hoodie-jacket-classic-bomber-look-with-faux-leather-sleeves-hood-for-men\/","title":{"rendered":"RYINZ Varsity-Style Streetwear Hoodie Jacket - Classic Bomber Look with Faux Leather Sleeves &amp; Hood for Men"},"content":{"rendered":"<p class=\"\" data-start=\"355\" data-end=\"715\">Vst\u00fapte do nad\u010dasov\u00e9ho \u0161t\u00fdlu s <strong data-start=\"389\" data-end=\"437\">Bunda s kapuc\u0148ou RYINZ Varsity-Style Streetwear<\/strong>, dokonal\u00e9 spojenie \u0161portovej m\u00f3dy a mestsk\u00e9ho pohodlia. Tento k\u00fasok in\u0161pirovan\u00fd klasickou americkou bundou varsity je vylep\u0161en\u00fd modern\u00fdmi materi\u00e1lmi a praktick\u00fdmi streetwearov\u00fdmi prvkami, v\u010faka \u010domu vynikne pri be\u017enom nosen\u00ed, pracovn\u00fdch uniform\u00e1ch, vlastnej zna\u010dke alebo t\u00edmov\u00fdch outfitoch.<\/p>\n<p class=\"\" data-start=\"717\" data-end=\"1178\">T\u00e1to bunda je definovan\u00e1 svojou <strong data-start=\"747\" data-end=\"798\">kontrastn\u00e9 \u010dierne ruk\u00e1vy a kapuc\u0148a z umelej ko\u017ee<\/strong>, v kombin\u00e1cii s odv\u00e1\u017enym telom z teal tkaniny, v\u010faka \u010domu je m\u00f3dny a v\u0161estrann\u00fd. Str\u00e1nka <strong data-start=\"883\" data-end=\"904\">predn\u00e1 \u010das\u0165 na zap\u00ednanie na gomb\u00edky<\/strong>, rebrovan\u00e9 man\u017eety a spodn\u00fd lem a dvojit\u00e9 bo\u010dn\u00e9 vreck\u00e1 zachov\u00e1vaj\u00fa tradi\u010dn\u00fa siluetu a z\u00e1rove\u0148 zvy\u0161uj\u00fa teplo a pohodlie. Pripojen\u00e1 kapuc\u0148a so s\u0165ahovac\u00edmi \u0161n\u00farkami poskytuje dodato\u010dn\u00fa ochranu pred vetrom a slab\u00fdm da\u017e\u010fom, tak\u017ee je ide\u00e1lna na chladn\u00e9 dni a prechodn\u00e9 po\u010dasie.<\/p>\n<p class=\"\" data-start=\"1180\" data-end=\"1499\">Str\u00e1nka <strong data-start=\"1184\" data-end=\"1244\">hlavn\u00e9 telo je vyroben\u00e9 z odolnej polyesterovej zmesi fleece<\/strong>, ktor\u00e9 poskytuj\u00fa teplo bez v\u00e4\u010d\u0161ieho objemu. Ruk\u00e1vy napodob\u0148uj\u00fa odv\u00e1\u017enu estetiku ko\u017ee, ale s\u00fa vyroben\u00e9 zo syntetick\u00fdch materi\u00e1lov pre krut\u00fd a flexibiln\u00fd strih. Vn\u00fatorn\u00e1 strana je m\u00e4kk\u00e1 a priedu\u0161n\u00e1, \u010do umo\u017e\u0148uje celodenn\u00e9 nosenie bez oh\u013eadu na to, \u010di ste v meste alebo sa venujete akt\u00edvnym aktivit\u00e1m.<\/p>\n<p class=\"\" data-start=\"1501\" data-end=\"1808\">Mikina RYINZ s kapuc\u0148ou nie je len na par\u00e1du - je to <strong data-start=\"1552\" data-end=\"1623\">plne funk\u010dn\u00e9 pre kluby, \u0161koly, podniky a osobn\u00fd \u0161t\u00fdl<\/strong>. V\u010faka ve\u013ekorys\u00e9mu priestoru na prisp\u00f4sobenie m\u00f4\u017eete \u013eahko prida\u0165 n\u00e1zov svojej zna\u010dky, logo alebo n\u00e1\u0161ivky na predn\u00fa, zadn\u00fa stranu alebo ruk\u00e1vy. Je to ide\u00e1lna vo\u013eba pre hromadn\u00e9 objedn\u00e1vky, tovar alebo uniformy.<\/p>\n<p class=\"\" data-start=\"1810\" data-end=\"1998\">\u010ci u\u017e sa prech\u00e1dzate po uliciach, idete na vysok\u00fa \u0161kolu, pracujete vonku alebo reprezentujete svoju zna\u010dku, t\u00e1to bunda s kapuc\u0148ou v\u00e1m dod\u00e1 svie\u017ei, \u0161portov\u00fd vzh\u013ead a z\u00e1rove\u0148 v\u00e1s udr\u017e\u00ed v teple a sebavedom\u00ed.<\/p>\n<hr class=\"\" data-start=\"2000\" data-end=\"2003\" \/>\n<h3 class=\"\" data-start=\"2005\" data-end=\"2032\"><strong data-start=\"2009\" data-end=\"2032\">Najd\u00f4le\u017eitej\u0161ie vlastnosti produktu:<\/strong><\/h3>\n<ul data-start=\"2034\" data-end=\"2497\">\n<li class=\"\" data-start=\"2034\" data-end=\"2095\">\n<p class=\"\" data-start=\"2036\" data-end=\"2095\">\u0160t\u00fdlov\u00e1 bunda in\u0161pirovan\u00e1 \u0161t\u00fdlom varsity s modern\u00fdm dizajnom kapucne<\/p>\n<\/li>\n<li class=\"\" data-start=\"2096\" data-end=\"2140\">\n<p class=\"\" data-start=\"2098\" data-end=\"2140\">Ruk\u00e1vy z umelej ko\u017ee a kapuc\u0148a so \u0161n\u00farkou<\/p>\n<\/li>\n<li class=\"\" data-start=\"2141\" data-end=\"2198\">\n<p class=\"\" data-start=\"2143\" data-end=\"2198\">Hrub\u00e9 rebrovan\u00e9 man\u017eety a lem s v\u00fdrazn\u00fdmi kontrastn\u00fdmi pruhmi<\/p>\n<\/li>\n<li class=\"\" data-start=\"2199\" data-end=\"2243\">\n<p class=\"\" data-start=\"2201\" data-end=\"2243\">Odoln\u00e9 zap\u00ednanie na prednej strane<\/p>\n<\/li>\n<li class=\"\" data-start=\"2244\" data-end=\"2297\">\n<p class=\"\" data-start=\"2246\" data-end=\"2297\">M\u00e4kk\u00e1 vn\u00fatorn\u00e1 \u010das\u0165 s fl\u00edsovou pod\u0161\u00edvkou pre teplo a pohodlie<\/p>\n<\/li>\n<li class=\"\" data-start=\"2298\" data-end=\"2346\">\n<p class=\"\" data-start=\"2300\" data-end=\"2346\">Dvojit\u00e9 vreck\u00e1 na ruky pre pohodlie a teplo<\/p>\n<\/li>\n<li class=\"\" data-start=\"2347\" data-end=\"2387\">\n<p class=\"\" data-start=\"2349\" data-end=\"2387\">Vlastn\u00e9 zna\u010dky a pripraven\u00e9 na vy\u0161\u00edvanie<\/p>\n<\/li>\n<li class=\"\" data-start=\"2388\" data-end=\"2436\">\n<p class=\"\" data-start=\"2390\" data-end=\"2436\">Unisex strih, vhodn\u00fd pre mu\u017eov a star\u0161iu ml\u00e1de\u017e<\/p>\n<\/li>\n<li class=\"\" data-start=\"2437\" data-end=\"2497\">\n<p class=\"\" data-start=\"2439\" data-end=\"2497\">Ide\u00e1lne pre \u0161koly, \u0161portov\u00e9 t\u00edmy, za\u010d\u00ednaj\u00face podniky, obchodn\u00e9 l\u00ednie<\/p>\n<\/li>\n<\/ul>\n<hr class=\"\" data-start=\"2499\" data-end=\"2502\" \/>\n<h3 class=\"\" data-start=\"2504\" data-end=\"2525\"><strong data-start=\"2508\" data-end=\"2525\">Aplik\u00e1cie:<\/strong><\/h3>\n<ul data-start=\"2527\" data-end=\"2797\">\n<li class=\"\" data-start=\"2527\" data-end=\"2548\">\n<p class=\"\" data-start=\"2529\" data-end=\"2548\">Denn\u00e9 be\u017en\u00e9 nosenie<\/p>\n<\/li>\n<li class=\"\" data-start=\"2549\" data-end=\"2580\">\n<p class=\"\" data-start=\"2551\" data-end=\"2580\">T\u00edmov\u00e9 alebo klubov\u00e9 jednotn\u00e9 sako<\/p>\n<\/li>\n<li class=\"\" data-start=\"2581\" data-end=\"2613\">\n<p class=\"\" data-start=\"2583\" data-end=\"2613\">Propaga\u010dn\u00e9 alebo obchodn\u00e9 oble\u010denie<\/p>\n<\/li>\n<li class=\"\" data-start=\"2614\" data-end=\"2651\">\n<p class=\"\" data-start=\"2616\" data-end=\"2651\">M\u00f3da a \u0161kolsk\u00e9 oble\u010denie na akademickej p\u00f4de<\/p>\n<\/li>\n<li class=\"\" data-start=\"2652\" data-end=\"2692\">\n<p class=\"\" data-start=\"2654\" data-end=\"2692\">\u013dahk\u00e9 pracovn\u00e9 oble\u010denie na jese\u0148\/jar<\/p>\n<\/li>\n<li class=\"\" data-start=\"2693\" data-end=\"2723\">\n<p class=\"\" data-start=\"2695\" data-end=\"2723\">Projekty prisp\u00f4sobenia B2B<\/p>\n<\/li>\n<li class=\"\" data-start=\"2724\" data-end=\"2769\">\n<p class=\"\" data-start=\"2726\" data-end=\"2769\">Firemn\u00e9 dar\u010deky alebo kampane na podporu zna\u010dky<\/p>\n<\/li>\n<li class=\"\" data-start=\"2770\" data-end=\"2797\">\n<p class=\"\" data-start=\"2772\" data-end=\"2797\">Maloobchodn\u00edci s mestskou m\u00f3dou<\/p>\n<\/li>\n<\/ul>\n<hr class=\"\" data-start=\"2799\" data-end=\"2802\" \/>\n<h3 class=\"\" data-start=\"2804\" data-end=\"2827\"><strong data-start=\"2808\" data-end=\"2827\">\u0160pecifik\u00e1cie:<\/strong><\/h3>\n<ul data-start=\"2829\" data-end=\"3246\">\n<li class=\"\" data-start=\"2829\" data-end=\"2897\">\n<p class=\"\" data-start=\"2831\" data-end=\"2897\">Vonkaj\u0161\u00ed materi\u00e1l: Materi\u00e1l: polyesterov\u00fd fleece (telo) + umel\u00e1 ko\u017ea (ruk\u00e1vy)<\/p>\n<\/li>\n<li class=\"\" data-start=\"2898\" data-end=\"2929\">\n<p class=\"\" data-start=\"2900\" data-end=\"2929\">Oblo\u017eenie: M\u00e4kk\u00e1 br\u00fasen\u00e1 tkanina<\/p>\n<\/li>\n<li class=\"\" data-start=\"2930\" data-end=\"2955\">\n<p class=\"\" data-start=\"2932\" data-end=\"2955\">Uzavretie: Snap tla\u010didl\u00e1<\/p>\n<\/li>\n<li class=\"\" data-start=\"2956\" data-end=\"2999\">\n<p class=\"\" data-start=\"2958\" data-end=\"2999\">Farba: Teal telo \/ \u010dierne ruk\u00e1vy a kapuc\u0148a<\/p>\n<\/li>\n<li class=\"\" data-start=\"3000\" data-end=\"3053\">\n<p class=\"\" data-start=\"3002\" data-end=\"3053\">Ve\u013ekosti: S, M, L, XL, XXL (mo\u017enos\u0165 prisp\u00f4sobenia ve\u013ekosti)<\/p>\n<\/li>\n<li class=\"\" data-start=\"3054\" data-end=\"3125\">\n<p class=\"\" data-start=\"3056\" data-end=\"3125\">Vlastnosti: Kapuc\u0148a so s\u0165ahovacou \u0161n\u00farkou, elastick\u00e9 pruhovan\u00e9 man\u017eety, 2 bo\u010dn\u00e9 vreck\u00e1<\/p>\n<\/li>\n<li class=\"\" data-start=\"3126\" data-end=\"3188\">\n<p class=\"\" data-start=\"3128\" data-end=\"3188\">Prisp\u00f4sobenie: Tla\u010d loga, v\u00fd\u0161ivka, s\u00fakromn\u00e9 ozna\u010dovanie<\/p>\n<\/li>\n<li class=\"\" data-start=\"3189\" data-end=\"3205\">\n<p class=\"\" data-start=\"3191\" data-end=\"3205\">MOQ: 100 ks<\/p>\n<\/li>\n<li class=\"\" data-start=\"3206\" data-end=\"3246\">\n<p class=\"\" data-start=\"3208\" data-end=\"3246\">Pohlavie: Unisex (prim\u00e1rna cie\u013eov\u00e1 skupina: mu\u017ei)<\/p>\n<\/li>\n<\/ul>","protected":false},"excerpt":{"rendered":"<div class=\"flex-shrink-0 flex flex-col relative items-end\">\n<div class=\"pt-0\">\n<div class=\"gizmo-bot-avatar flex h-8 w-8 items-center justify-center overflow-hidden rounded-full\">\n<div class=\"relative p-1 rounded-sm flex items-center justify-center bg-token-main-surface-primary text-token-text-primary h-8 w-8\">\n<p class=\"\" data-start=\"3305\" data-end=\"3924\">Bunda RYINZ Varsity Hoodie Jacket sp\u00e1ja nad\u010dasov\u00fa \u0161tudentsk\u00fa m\u00f3du s modernou praktickos\u0165ou. Je navrhnut\u00e1 s prednou \u010das\u0165ou na zap\u00ednanie, pruhovan\u00fdmi rebrovan\u00fdmi man\u017eetami a \u010diernymi ruk\u00e1vmi z umelej ko\u017ee a pon\u00faka odv\u00e1\u017enu \u0161portov\u00fa estetiku. Kapuc\u0148a so s\u0165ahovacou \u0161n\u00farkou a fl\u00edsov\u00e1 vn\u00fatorn\u00e1 \u010das\u0165 dod\u00e1vaj\u00fa pohodlie a teplo, tak\u017ee je ide\u00e1lna pre streetwear, zna\u010dkov\u00e9 projekty alebo t\u00edmov\u00e9 outfity. T\u00e1to bunda je plne prisp\u00f4sobite\u013en\u00e1 s priestorom na log\u00e1 a v\u00fd\u0161ivky, tak\u017ee je ide\u00e1lna pre kluby, pracovn\u00e9 t\u00edmy, propaga\u010dn\u00e9 akcie a m\u00f3dne predajne. \u0160t\u00fdlov\u00e1, pohodln\u00e1 a vysoko prisp\u00f4sobiv\u00e1 bunda je z\u00e1kladnou stredne \u0165a\u017ekou bundou, ktor\u00e1 bez probl\u00e9mov vyva\u017euje m\u00f3du a funk\u010dnos\u0165.<\/p>\n<\/div>\n<\/div>\n<\/div>\n<\/div>","protected":false},"featured_media":9081,"comment_status":"closed","ping_status":"closed","template":"","meta":[],"product_brand":[35],"product_cat":[202],"product_tag":[209,210,211],"class_list":{"0":"post-9029","1":"product","2":"type-product","3":"status-publish","4":"has-post-thumbnail","6":"product_brand-ryinz","7":"product_cat-apparels","8":"product_tag-mens-hoodie-jacket","9":"product_tag-sportswear","10":"product_tag-varsity-jacket","12":"first","13":"instock","14":"taxable","15":"shipping-taxable","16":"purchasable","17":"product-type-simple"},"_links":{"self":[{"href":"https:\/\/ryinz.cz\/velkoobchod\/sk\/wp-json\/wp\/v2\/product\/9029","targetHints":{"allow":["GET"]}}],"collection":[{"href":"https:\/\/ryinz.cz\/velkoobchod\/sk\/wp-json\/wp\/v2\/product"}],"about":[{"href":"https:\/\/ryinz.cz\/velkoobchod\/sk\/wp-json\/wp\/v2\/types\/product"}],"replies":[{"embeddable":true,"href":"https:\/\/ryinz.cz\/velkoobchod\/sk\/wp-json\/wp\/v2\/comments?post=9029"}],"wp:featuredmedia":[{"embeddable":true,"href":"https:\/\/ryinz.cz\/velkoobchod\/sk\/wp-json\/wp\/v2\/media\/9081"}],"wp:attachment":[{"href":"https:\/\/ryinz.cz\/velkoobchod\/sk\/wp-json\/wp\/v2\/media?parent=9029"}],"wp:term":[{"taxonomy":"product_brand","embeddable":true,"href":"https:\/\/ryinz.cz\/velkoobchod\/sk\/wp-json\/wp\/v2\/product_brand?post=9029"},{"taxonomy":"product_cat","embeddable":true,"href":"https:\/\/ryinz.cz\/velkoobchod\/sk\/wp-json\/wp\/v2\/product_cat?post=9029"},{"taxonomy":"product_tag","embeddable":true,"href":"https:\/\/ryinz.cz\/velkoobchod\/sk\/wp-json\/wp\/v2\/product_tag?post=9029"}],"curies":[{"name":"wp","href":"https:\/\/api.w.org\/{rel}","templated":true}]}}