{"id":9028,"date":"2025-06-22T15:26:32","date_gmt":"2025-06-22T15:26:32","guid":{"rendered":"https:\/\/ryinz.cz\/velkoobchod\/?post_type=product&#038;p=9028"},"modified":"2026-01-18T20:17:22","modified_gmt":"2026-01-18T20:17:22","slug":"ryinz-panska-celocierna-takticka-bunda-do-terenu-s-viacerymi-vreckami-a-kapucnou-na-vonkajsie-pracovne-oblecenie","status":"publish","type":"product","link":"https:\/\/ryinz.cz\/velkoobchod\/sk\/product\/ryinz-mens-all-black-tactical-field-jacket-multi-pocket-windbreaker-with-hood-for-outdoor-work-streetwear\/","title":{"rendered":"RYINZ P\u00e1nska celo\u010dierna taktick\u00e1 bunda do ter\u00e9nu - vetrovka s viacer\u00fdmi vreckami a kapuc\u0148ou pre outdoorov\u00e9, pracovn\u00e9 a pouli\u010dn\u00e9 oble\u010denie"},"content":{"rendered":"<div class=\"flex-shrink-0 flex flex-col relative items-end\">\n<div class=\"pt-0\">\n<div class=\"gizmo-bot-avatar flex h-8 w-8 items-center justify-center overflow-hidden rounded-full\">\n<div class=\"relative p-1 rounded-sm flex items-center justify-center bg-token-main-surface-primary text-token-text-primary h-8 w-8\">\n<p class=\"\" data-start=\"1647\" data-end=\"2003\"><strong data-start=\"1647\" data-end=\"1694\">P\u00e1nska celo\u010dierna taktick\u00e1 po\u013en\u00e1 bunda RYINZ<\/strong> je vytvoren\u00e1 pre \u013eud\u00ed, ktor\u00ed od vrchn\u00e9ho oble\u010denia vy\u017eaduj\u00fa viac - viac vreciek, viac ochrany a v\u00e4\u010d\u0161iu reprezentat\u00edvnos\u0165. T\u00e1to bunda, navrhnut\u00e1 pre celoro\u010dn\u00fa v\u0161estrannos\u0165 a taktick\u00fd v\u00fdkon, sp\u00e1ja najlep\u0161ie prvky kab\u00e1tu vo vojenskom \u0161t\u00fdle, vetrovky a zimnej pracovnej bundy v jednom mestskom dizajne.<\/p>\n<p class=\"\" data-start=\"2005\" data-end=\"2420\"><strong data-start=\"2005\" data-end=\"2040\">Mestsk\u00e1 hrana sa stret\u00e1va s robustnou \u00fa\u017eitkovos\u0165ou<\/strong><br data-start=\"2040\" data-end=\"2043\" \/>T\u00e1to po\u013en\u00e1 bunda urob\u00ed okam\u017eit\u00fd dojem svojou celo\u010diernou estetikou. Na rozdiel od typick\u00e9ho outdoorov\u00e9ho oble\u010denia, ktor\u00e9 uprednost\u0148uje ne\u00f3nov\u00e9 alebo zemit\u00e9 t\u00f3ny, tento k\u00fasok sa rozhodol pre <strong data-start=\"2201\" data-end=\"2222\">modern\u00fd minimalizmus<\/strong>-Elegantn\u00e9, odv\u00e1\u017ene a sofistikovan\u00e9. Hlbok\u00e1 \u010dierna farba zaru\u010duje jednoduch\u00e9 kombinovanie so v\u0161etk\u00fdmi va\u0161imi ka\u017edodenn\u00fdmi outfitmi, \u010di u\u017e sa chyst\u00e1te na poch\u00f4dzky, na v\u00fdlet, alebo sa hl\u00e1site do slu\u017eby na pracovisku.<\/p>\n<p class=\"\" data-start=\"2422\" data-end=\"2529\"><strong data-start=\"2422\" data-end=\"2466\">Vstavan\u00e1 funk\u010dnos\u0165, vrecko po vrecku<\/strong><br data-start=\"2466\" data-end=\"2469\" \/>Majte vo\u013en\u00e9 ruky a bu\u010fte pripraven\u00ed na v\u0161etko. Bunda obsahuje:<\/p>\n<ul data-start=\"2531\" data-end=\"2949\">\n<li class=\"\" data-start=\"2531\" data-end=\"2625\">\n<p class=\"\" data-start=\"2533\" data-end=\"2625\"><strong data-start=\"2533\" data-end=\"2563\">2 ve\u013ek\u00e9 n\u00e1prsn\u00e9 vreck\u00e1 s chlop\u0148ou<\/strong> so zap\u00ednan\u00edm na gomb\u00edky - ide\u00e1lne na doklady, pozn\u00e1mkov\u00e9 bloky alebo mal\u00e9 n\u00e1stroje<\/p>\n<\/li>\n<li class=\"\" data-start=\"2626\" data-end=\"2707\">\n<p class=\"\" data-start=\"2628\" data-end=\"2707\"><strong data-start=\"2628\" data-end=\"2659\">2 vertik\u00e1lne vreck\u00e1 na zips<\/strong> na bezpe\u010dn\u00fd pr\u00edstup k hotovosti, telef\u00f3nu alebo nab\u00edja\u010dk\u00e1m<\/p>\n<\/li>\n<li class=\"\" data-start=\"2708\" data-end=\"2771\">\n<p class=\"\" data-start=\"2710\" data-end=\"2771\"><strong data-start=\"2710\" data-end=\"2738\">2 priestrann\u00e9 vreck\u00e1 v p\u00e1se<\/strong> na rukavice, mapy alebo z\u00e1pisn\u00edky<\/p>\n<\/li>\n<li class=\"\" data-start=\"2772\" data-end=\"2949\">\n<p class=\"\" data-start=\"2774\" data-end=\"2949\"><strong data-start=\"2774\" data-end=\"2793\">Vn\u00fatorn\u00e9 vrecko<\/strong> na cennosti alebo pe\u0148a\u017eenku<br data-start=\"2817\" data-end=\"2820\" \/>V\u010faka \u0161iestim vonkaj\u0161\u00edm priehradk\u00e1m a jednej skrytej vo vn\u00fatri sl\u00fa\u017ei t\u00e1to bunda ako nosn\u00fd syst\u00e9m pre profesion\u00e1lov alebo ka\u017edodenn\u00fdch prieskumn\u00edkov.<\/p>\n<\/li>\n<\/ul>\n<p class=\"\" data-start=\"2951\" data-end=\"2985\"><strong data-start=\"2951\" data-end=\"2983\">Nastavite\u013en\u00e9 pre ka\u017ed\u00fa misiu<\/strong><\/p>\n<ul data-start=\"2986\" data-end=\"3375\">\n<li class=\"\" data-start=\"2986\" data-end=\"3093\">\n<p class=\"\" data-start=\"2988\" data-end=\"3093\"><strong data-start=\"2988\" data-end=\"3008\">Kapuc\u0148a so \u0161n\u00farkou na stiahnutie:<\/strong> Chr\u00e1\u0148te si hlavu pred n\u00e1hlym lejakom alebo ju \u00faplne odstr\u00e1\u0148te, aby ste mali \u010distej\u0161\u00ed profil<\/p>\n<\/li>\n<li class=\"\" data-start=\"3094\" data-end=\"3178\">\n<p class=\"\" data-start=\"3096\" data-end=\"3178\"><strong data-start=\"3096\" data-end=\"3134\">Nastavite\u013en\u00e9 man\u017eety s gomb\u00edkov\u00fdmi z\u00e1lo\u017ekami:<\/strong> Utesni\u0165 teplo alebo uvo\u013eni\u0165 pri vrstven\u00ed<\/p>\n<\/li>\n<li class=\"\" data-start=\"3179\" data-end=\"3279\">\n<p class=\"\" data-start=\"3181\" data-end=\"3279\"><strong data-start=\"3181\" data-end=\"3212\">\u0160n\u00fara na opasok (skryt\u00e1 vo vn\u00fatri):<\/strong> Prisp\u00f4sobte si svoj strih - stiahnite sa do vetra alebo sa uvo\u013enite pri le\u017e\u00e9rnom nosen\u00ed<\/p>\n<\/li>\n<li class=\"\" data-start=\"3280\" data-end=\"3375\">\n<p class=\"\" data-start=\"3282\" data-end=\"3375\"><strong data-start=\"3282\" data-end=\"3318\">Predn\u00fd zips s chlop\u0148ou s tla\u010didlom Snap:<\/strong> Pevne zaist\u00ed v chladnom vetre a z\u00e1rove\u0148 dod\u00e1 robustn\u00fd detail<\/p>\n<\/li>\n<\/ul>\n<p class=\"\" data-start=\"3377\" data-end=\"3799\"><strong data-start=\"3377\" data-end=\"3426\">Pohodln\u00e1 izol\u00e1cia a odolnos\u0165 vo\u010di poveternostn\u00fdm vplyvom<\/strong><br data-start=\"3426\" data-end=\"3429\" \/>Vo vn\u00fatri bundy sa nach\u00e1dza <strong data-start=\"3450\" data-end=\"3472\">m\u00e4kk\u00e1 fl\u00edsov\u00e1 pod\u0161\u00edvka<\/strong> \u00fa\u010dinne zachyt\u00e1va teplo bez toho, aby zvy\u0161oval nadbyto\u010dn\u00fa hmotnos\u0165. Je ide\u00e1lna na sychrav\u00e9 r\u00e1na, jesenn\u00e9 ve\u010dery alebo prechodn\u00e9 zimn\u00e9 obdobia. Z vonkaj\u0161ej strany je materi\u00e1l \u0161krupiny <strong data-start=\"3646\" data-end=\"3690\">odoln\u00e9 vo\u010di slab\u00e9mu da\u017e\u010fu a siln\u00e9mu vetru<\/strong>, \u010do z neho rob\u00ed spo\u013eahliv\u00fa vo\u013ebu pre doch\u00e1dzaj\u00facich, cestuj\u00facich alebo \u013eud\u00ed, ktor\u00ed pracuj\u00fa vonku v nepredv\u00eddate\u013en\u00fdch podmienkach.<\/p>\n<p class=\"\" data-start=\"3801\" data-end=\"3839\"><strong data-start=\"3801\" data-end=\"3837\">Pr\u00ed\u0165a\u017elivos\u0165 testovan\u00e1 v ter\u00e9ne - ide\u00e1lna pre:<\/strong><\/p>\n<ul data-start=\"3840\" data-end=\"4018\">\n<li class=\"\" data-start=\"3840\" data-end=\"3868\">\n<p class=\"\" data-start=\"3842\" data-end=\"3868\">Mestsk\u00e1 a taktick\u00e1 m\u00f3da<\/p>\n<\/li>\n<li class=\"\" data-start=\"3869\" data-end=\"3901\">\n<p class=\"\" data-start=\"3871\" data-end=\"3901\">Pou\u017eitie v stavebn\u00edctve a skladoch<\/p>\n<\/li>\n<li class=\"\" data-start=\"3902\" data-end=\"3932\">\n<p class=\"\" data-start=\"3904\" data-end=\"3932\">Bezpe\u010dnostn\u00e9 a dod\u00e1vate\u013esk\u00e9 pr\u00e1ce<\/p>\n<\/li>\n<li class=\"\" data-start=\"3933\" data-end=\"3970\">\n<p class=\"\" data-start=\"3935\" data-end=\"3970\">Fotografovanie v exteri\u00e9ri alebo pr\u00e1ca v ter\u00e9ne<\/p>\n<\/li>\n<li class=\"\" data-start=\"3971\" data-end=\"3993\">\n<p class=\"\" data-start=\"3973\" data-end=\"3993\">Cestovanie a doch\u00e1dzanie<\/p>\n<\/li>\n<li class=\"\" data-start=\"3994\" data-end=\"4018\">\n<p class=\"\" data-start=\"3996\" data-end=\"4018\">Ka\u017edodenn\u00e9 zimn\u00e9 oble\u010denie<\/p>\n<\/li>\n<\/ul>\n<p class=\"\" data-start=\"4020\" data-end=\"4141\">Bunda zvl\u00e1dne v\u0161etko, \u010di u\u017e leziete po le\u0161en\u00ed, alebo sa prech\u00e1dzate ulicami mesta, a z\u00e1rove\u0148 bude vyzera\u0165 dobre.<\/p>\n<p class=\"\" data-start=\"4143\" data-end=\"4364\"><strong data-start=\"4143\" data-end=\"4161\">Fit &amp; vrstvenie<\/strong><br data-start=\"4161\" data-end=\"4164\" \/>Prisp\u00f4soben\u00fd, \u0161trukt\u00farovan\u00fd strih pon\u00faka dostatok priestoru na nosenie svetra alebo mikiny bez toho, aby vyzeral objemne. Zosilnen\u00e9 \u0161vy a odoln\u00e9 zipsy zaru\u010duj\u00fa dlhodob\u00e9 pou\u017e\u00edvanie aj v n\u00e1ro\u010dn\u00fdch podmienkach.<\/p>\n<p class=\"\" data-start=\"4366\" data-end=\"4582\"><strong data-start=\"4366\" data-end=\"4380\">Tipy na \u0161t\u00fdl<\/strong><br data-start=\"4380\" data-end=\"4383\" \/>Kombinujte ich s taktick\u00fdmi top\u00e1nkami pre vojensky in\u0161pirovan\u00fd vzh\u013ead alebo si ich obujte cez \u00fazke d\u017e\u00ednsy a tenisky pre street-smart \u0161t\u00fdl. Rovnako dobre sa hod\u00ed k nohaviciam cargo, joggerom alebo chinos nohaviciam - RYINZ sa prisp\u00f4sob\u00ed v\u00e1\u0161mu \u0161t\u00fdlu.<\/p>\n<p class=\"\" data-start=\"4584\" data-end=\"4608\"><strong data-start=\"4584\" data-end=\"4606\">Pokyny na starostlivos\u0165:<\/strong><\/p>\n<ul data-start=\"4609\" data-end=\"4755\">\n<li class=\"\" data-start=\"4609\" data-end=\"4630\">\n<p class=\"\" data-start=\"4611\" data-end=\"4630\">Pranie v pr\u00e1\u010dke za studena<\/p>\n<\/li>\n<li class=\"\" data-start=\"4631\" data-end=\"4679\">\n<p class=\"\" data-start=\"4633\" data-end=\"4679\">Su\u0161enie zavesen\u00edm na zachovanie tvaru a fl\u00edsovej pod\u0161\u00edvky<\/p>\n<\/li>\n<li class=\"\" data-start=\"4680\" data-end=\"4710\">\n<p class=\"\" data-start=\"4682\" data-end=\"4710\">Vyhnite sa bielidl\u00e1m alebo hor\u00facim su\u0161i\u010dk\u00e1m<\/p>\n<\/li>\n<li class=\"\" data-start=\"4711\" data-end=\"4755\">\n<p class=\"\" data-start=\"4713\" data-end=\"4755\">\u010cistenie zipsov a gomb\u00edkov pod\u013ea potreby<\/p>\n<\/li>\n<\/ul>\n<p class=\"\" data-start=\"4757\" data-end=\"4842\">T\u00e1to bunda je <strong data-start=\"4772\" data-end=\"4799\">viac ako len oble\u010denie<\/strong>-Je to s\u00fabor n\u00e1strojov, \u0161t\u00edt a vyhl\u00e1senie.<\/p>\n<\/div>\n<\/div>\n<\/div>\n<\/div>","protected":false},"excerpt":{"rendered":"<div class=\"flex-shrink-0 flex flex-col relative items-end\">\n<div class=\"pt-0\">\n<div class=\"gizmo-bot-avatar flex h-8 w-8 items-center justify-center overflow-hidden rounded-full\">\n<div class=\"relative p-1 rounded-sm flex items-center justify-center bg-token-main-surface-primary text-token-text-primary h-8 w-8\">\n<p class=\"\" data-start=\"386\" data-end=\"739\">Vst\u00fapte do sebavedom\u00e9ho \u0161t\u00fdlu a u\u017eito\u010dnosti s <strong data-start=\"433\" data-end=\"474\">RYINZ Celo\u010dierna taktick\u00e1 po\u013en\u00e1 bunda<\/strong>, odv\u00e1\u017ena kombin\u00e1cia robustn\u00e9ho streetwearu, odolnosti vo\u010di vonkaj\u0161\u00edm podmienkam a funk\u010dn\u00e9ho pracovn\u00e9ho oble\u010denia. T\u00e1to bunda, vytvoren\u00e1 pre mu\u017eov, ktor\u00ed oce\u0148uj\u00fa m\u00f3du aj funk\u010dnos\u0165, je va\u0161\u00edm ka\u017edodenn\u00fdm spolo\u010dn\u00edkom pri striedan\u00ed klimatick\u00fdch podmienok, mestskom prieskume, oper\u00e1ci\u00e1ch v ter\u00e9ne a zimnom doch\u00e1dzan\u00ed do pr\u00e1ce.<\/p>\n<p class=\"\" data-start=\"741\" data-end=\"1132\">T\u00e1to bunda s v\u00fdrazn\u00fdm celo\u010diernym dizajnom sa m\u00f4\u017ee pochv\u00e1li\u0165 \u0161trukt\u00farovanou siluetou s kombin\u00e1ciou bezpe\u010dn\u00fdch vreciek s chlop\u0148ou na gomb\u00edk a vertik\u00e1lnych priehradiek na zips, ktor\u00e9 v\u00e1m umo\u017enia \u013eahko pren\u00e1\u0161a\u0165 n\u00e1stroje, pom\u00f4cky, karty alebo z\u00e1kladn\u00e9 veci. Bunda do ter\u00e9nu RYINZ je navrhnut\u00e1 s odn\u00edmate\u013enou kapuc\u0148ou, nastavite\u013en\u00fdmi \u0161n\u00farkami a odoln\u00fdm pre\u0161\u00edvan\u00edm, tak\u017ee sa prisp\u00f4sob\u00ed va\u0161im potreb\u00e1m v nepredv\u00eddate\u013enom prostred\u00ed.<\/p>\n<p class=\"\" data-start=\"1134\" data-end=\"1398\">Vn\u00fatorn\u00e1 fl\u00edsov\u00e1 pod\u0161\u00edvka zaru\u010duje teplo po\u010das chladn\u00fdch dn\u00ed, zatia\u013e \u010do vonkaj\u0161ia tkanina odoln\u00e1 vo\u010di vetru v\u00e1s ochr\u00e1ni pred prudk\u00fdmi n\u00e1razmi a slab\u00fdm da\u017e\u010fom. \u010ci u\u017e ju navrstv\u00edte na mikinu s kapuc\u0148ou, alebo ju budete nosi\u0165 samostatne, bunda poskytuje elegantn\u00fd vzh\u013ead bez obmedzenia pohodlia alebo pohybu.<\/p>\n<p class=\"\" data-start=\"1400\" data-end=\"1590\">V\u010faka \u010dist\u00fdm l\u00edni\u00e1m, strihu in\u0161pirovan\u00e9mu vojenskou technikou a modern\u00e9mu \u010diernemu prevedeniu sa tento k\u00fasok bez probl\u00e9mov za\u010dlen\u00ed do ka\u017ed\u00e9ho \u0161atn\u00edka - od streetwearov\u00fdch kolekci\u00ed a\u017e po outdoorov\u00e9 vybavenie a be\u017en\u00e9 uniformy.<\/p>\n<\/div>\n<\/div>\n<\/div>\n<\/div>","protected":false},"featured_media":9076,"comment_status":"closed","ping_status":"closed","template":"","meta":[],"product_brand":[35],"product_cat":[202],"product_tag":[207,208],"class_list":{"0":"post-9028","1":"product","2":"type-product","3":"status-publish","4":"has-post-thumbnail","6":"product_brand-ryinz","7":"product_cat-apparels","8":"product_tag-casual-black-jacket","9":"product_tag-custom-logo-jacket","11":"first","12":"instock","13":"taxable","14":"shipping-taxable","15":"purchasable","16":"product-type-simple"},"_links":{"self":[{"href":"https:\/\/ryinz.cz\/velkoobchod\/sk\/wp-json\/wp\/v2\/product\/9028","targetHints":{"allow":["GET"]}}],"collection":[{"href":"https:\/\/ryinz.cz\/velkoobchod\/sk\/wp-json\/wp\/v2\/product"}],"about":[{"href":"https:\/\/ryinz.cz\/velkoobchod\/sk\/wp-json\/wp\/v2\/types\/product"}],"replies":[{"embeddable":true,"href":"https:\/\/ryinz.cz\/velkoobchod\/sk\/wp-json\/wp\/v2\/comments?post=9028"}],"wp:featuredmedia":[{"embeddable":true,"href":"https:\/\/ryinz.cz\/velkoobchod\/sk\/wp-json\/wp\/v2\/media\/9076"}],"wp:attachment":[{"href":"https:\/\/ryinz.cz\/velkoobchod\/sk\/wp-json\/wp\/v2\/media?parent=9028"}],"wp:term":[{"taxonomy":"product_brand","embeddable":true,"href":"https:\/\/ryinz.cz\/velkoobchod\/sk\/wp-json\/wp\/v2\/product_brand?post=9028"},{"taxonomy":"product_cat","embeddable":true,"href":"https:\/\/ryinz.cz\/velkoobchod\/sk\/wp-json\/wp\/v2\/product_cat?post=9028"},{"taxonomy":"product_tag","embeddable":true,"href":"https:\/\/ryinz.cz\/velkoobchod\/sk\/wp-json\/wp\/v2\/product_tag?post=9028"}],"curies":[{"name":"wp","href":"https:\/\/api.w.org\/{rel}","templated":true}]}}