{"id":9027,"date":"2025-06-22T15:26:31","date_gmt":"2025-06-22T15:26:31","guid":{"rendered":"https:\/\/ryinz.cz\/velkoobchod\/?post_type=product&#038;p=9027"},"modified":"2026-01-18T20:17:21","modified_gmt":"2026-01-18T20:17:21","slug":"ryinz-bunda-s-viacerymi-vreckami-vo-vojenskom-style-pre-muzov","status":"publish","type":"product","link":"https:\/\/ryinz.cz\/velkoobchod\/sk\/product\/ryinz-multi-pocket-military-style-jacket-for-men-heavy-duty-outdoor-outerwear-with-removable-inner-layer\/","title":{"rendered":"RYINZ Bunda pre mu\u017eov vo vojenskom \u0161t\u00fdle s viacer\u00fdmi vreckami - odoln\u00e9 vonkaj\u0161ie oble\u010denie s odn\u00edmate\u013enou vn\u00fatornou vrstvou"},"content":{"rendered":"<div class=\"flex-shrink-0 flex flex-col relative items-end\">\n<div class=\"pt-0\">\n<div class=\"gizmo-bot-avatar flex h-8 w-8 items-center justify-center overflow-hidden rounded-full\">\n<div class=\"relative p-1 rounded-sm flex items-center justify-center bg-token-main-surface-primary text-token-text-primary h-8 w-8\">\n<p class=\"\" data-start=\"1650\" data-end=\"2041\">Zozn\u00e1mte sa s <strong data-start=\"1659\" data-end=\"1714\">RYINZ P\u00e1nska vojensk\u00e1 bunda s viacer\u00fdmi vreckami<\/strong>-\u0161pi\u010dkov\u00e9 vrchn\u00e9 oble\u010denie ur\u010den\u00e9 na akciu, dobrodru\u017estvo a ka\u017edodenn\u00fa dominanciu. T\u00e1to bunda \u010derp\u00e1 in\u0161pir\u00e1ciu z vojensk\u00e9ho prebytkov\u00e9ho \u0161t\u00fdlu a je priese\u010dn\u00edkom taktickej u\u017eito\u010dnosti a s\u00fa\u010dasnej m\u00f3dy. Nie je to len vrchn\u00fd odev; je to n\u00e1stroj odolnosti, m\u00f3dny prejav a \u0161t\u00edt proti \u017eivlom.<\/p>\n<p class=\"\" data-start=\"2043\" data-end=\"2133\"><strong data-start=\"2043\" data-end=\"2076\">Univerz\u00e1lny syst\u00e9m vrstiev 2 v 1<\/strong><br data-start=\"2076\" data-end=\"2079\" \/>T\u00e1to bunda m\u00e1 jedine\u010dn\u00fa kon\u0161trukciu 2 v 1:<\/p>\n<ul data-start=\"2134\" data-end=\"2246\">\n<li class=\"\" data-start=\"2134\" data-end=\"2174\">\n<p class=\"\" data-start=\"2136\" data-end=\"2174\">Pevn\u00fd, vodeodoln\u00fd vonkaj\u0161\u00ed pl\u00e1\u0161\u0165<\/p>\n<\/li>\n<li class=\"\" data-start=\"2175\" data-end=\"2246\">\n<p class=\"\" data-start=\"2177\" data-end=\"2246\">\u00daplne odn\u00edmate\u013en\u00e1 pre\u0161\u00edvan\u00e1 vn\u00fatorn\u00e1 pod\u0161\u00edvka v p\u00fatavej sp\u00e1lenej oran\u017eovej farbe<\/p>\n<\/li>\n<\/ul>\n<p class=\"\" data-start=\"2248\" data-end=\"2490\">Cel\u00fa bundu si m\u00f4\u017eete obliec\u0165 pre v\u00e4\u010d\u0161ie teplo v zime alebo odopn\u00fa\u0165 vn\u00fatorn\u00fa vrstvu pre prechodn\u00e9 po\u010dasie. Tento inteligentn\u00fd pr\u00edstup k vrstveniu v\u00e1m d\u00e1va vo\u013enos\u0165 v r\u00f4znych ro\u010dn\u00fdch obdobiach - ide\u00e1lny na cestovanie, turistiku, doch\u00e1dzanie do mesta alebo ka\u017edodenn\u00e9 be\u017en\u00e9 nosenie.<\/p>\n<p class=\"\" data-start=\"2492\" data-end=\"2880\"><strong data-start=\"2492\" data-end=\"2520\">Materi\u00e1l a remeseln\u00e9 spracovanie<\/strong><br data-start=\"2520\" data-end=\"2523\" \/>T\u00e1to bunda je vyroben\u00e1 z vysokokvalitn\u00e9ho bavlnen\u00e9ho pl\u00e1tna a zosilnen\u00e9ho polyesteru a je odoln\u00e1 vo\u010di opotrebovaniu, roztrhnutiu a nepriazniv\u00e9mu po\u010dasiu. Odoln\u00fd predn\u00fd zips je spojen\u00fd s gomb\u00edkovou b\u00farkovou klopou, ktor\u00e1 chr\u00e1ni va\u0161e jadro pred nepriazniv\u00fdm vetrom. Golier m\u00e1 vysok\u00fd stoja\u010dik so zap\u00ednan\u00edm na gomb\u00edky, ktor\u00fd si m\u00f4\u017eete zapn\u00fa\u0165 pre teplo na krku alebo necha\u0165 otvoren\u00fd pre vo\u013en\u00fd vzh\u013ead.<\/p>\n<p class=\"\" data-start=\"2882\" data-end=\"3060\">Ka\u017ed\u00fd \u0161ev, vrecko a z\u00e1plata s\u00fa vystu\u017een\u00e9 odoln\u00fdm \u0161it\u00edm. Ruk\u00e1vy s\u00fa \u010dlenen\u00e9, aby sa zlep\u0161ila pohyblivos\u0165 r\u00fak. Vn\u00fatri je odn\u00edmate\u013en\u00e1 polstrovan\u00e1 vlo\u017eka, ktor\u00e1 dod\u00e1va pohodlie bez v\u00e4\u010d\u0161ieho objemu.<\/p>\n<p class=\"\" data-start=\"3062\" data-end=\"3107\"><strong data-start=\"3062\" data-end=\"3105\">Funk\u010dn\u00fd dizajn s \u00falo\u017enou kapacitou<\/strong><\/p>\n<ul data-start=\"3108\" data-end=\"3321\">\n<li class=\"\" data-start=\"3108\" data-end=\"3152\">\n<p class=\"\" data-start=\"3110\" data-end=\"3152\">2 n\u00e1prsn\u00e9 vreck\u00e1 s chlop\u0148ou a zap\u00ednan\u00edm na gomb\u00edky<\/p>\n<\/li>\n<li class=\"\" data-start=\"3153\" data-end=\"3197\">\n<p class=\"\" data-start=\"3155\" data-end=\"3197\">2 ve\u013ek\u00e9 spodn\u00e9 vreck\u00e1 s chlop\u0148ou + gomb\u00edk<\/p>\n<\/li>\n<li class=\"\" data-start=\"3198\" data-end=\"3230\">\n<p class=\"\" data-start=\"3200\" data-end=\"3230\">Vertik\u00e1lne n\u00e1prsn\u00e9 vrecko na zips<\/p>\n<\/li>\n<li class=\"\" data-start=\"3231\" data-end=\"3281\">\n<p class=\"\" data-start=\"3233\" data-end=\"3281\">Viacero vn\u00fatorn\u00fdch priehradiek na bezpe\u010dn\u00e9 ulo\u017eenie<\/p>\n<\/li>\n<li class=\"\" data-start=\"3282\" data-end=\"3321\">\n<p class=\"\" data-start=\"3284\" data-end=\"3321\">Vrecko na pa\u017ei pre robustn\u00fd vzh\u013ead<\/p>\n<\/li>\n<\/ul>\n<p class=\"\" data-start=\"3323\" data-end=\"3518\">T\u00e1to bunda nie je navrhnut\u00e1 len na to, aby v\u00e1s udr\u017eala v teple - je vyroben\u00e1 tak, aby v\u00e1s udr\u017eala v organiz\u00e1cii. \u010ci u\u017e m\u00e1te pri sebe pas, n\u00e1radie, pom\u00f4cky alebo rukavice, bunda RYINZ to v\u0161etko udr\u017e\u00ed bl\u00edzko a v bezpe\u010d\u00ed.<\/p>\n<p class=\"\" data-start=\"3520\" data-end=\"3835\"><strong data-start=\"3520\" data-end=\"3542\">Odolnos\u0165 vo\u010di poveternostn\u00fdm vplyvom<\/strong><br data-start=\"3542\" data-end=\"3545\" \/>Vonkaj\u0161\u00ed pl\u00e1\u0161\u0165 je upraven\u00fd tak, aby odol\u00e1val vode, \u0161kvrn\u00e1m a vetru, tak\u017ee je ide\u00e1lny do nepredv\u00eddate\u013en\u00e9ho po\u010dasia. D\u00e1\u017e\u010f sa z povrchu val\u00ed, zatia\u013e \u010do vn\u00fatorn\u00e1 vlo\u017eka zachyt\u00e1va teplo pre maxim\u00e1lnu izol\u00e1ciu. Elastick\u00e9 \u0161n\u00farky na spodnom okraji a nastavite\u013en\u00e9 man\u017eety v\u00e1m umo\u017enia doladi\u0165 strih a utesni\u0165 chladn\u00fd prievan.<\/p>\n<p class=\"\" data-start=\"3837\" data-end=\"4148\"><strong data-start=\"3837\" data-end=\"3854\">\u0160t\u00fdl a farba<\/strong><br data-start=\"3854\" data-end=\"3857\" \/>Hlbok\u00fd zemit\u00fd t\u00f3n - prel\u00ednanie \u010diernej a vojenskej hnedej - je zv\u00fdraznen\u00fd vintage mosadzn\u00fdmi gomb\u00edkmi, robustn\u00fdmi hned\u00fdmi detailmi a charakteristick\u00fdm oran\u017eov\u00fdm vn\u00fatrom. Dokonale sa hod\u00ed k d\u017e\u00ednsom, cargo nohaviciam alebo taktick\u00fdm nohaviciam. V\u00fdrazn\u00e9 vn\u00fatorn\u00e9 logo RYINZ dod\u00e1va charakter bez toho, aby prekr\u00fdvalo vzh\u013ead.<\/p>\n<p class=\"\" data-start=\"4150\" data-end=\"4166\"><strong data-start=\"4150\" data-end=\"4164\">Ide\u00e1lne pre:<\/strong><\/p>\n<ul data-start=\"4167\" data-end=\"4342\">\n<li class=\"\" data-start=\"4167\" data-end=\"4194\">\n<p class=\"\" data-start=\"4169\" data-end=\"4194\">Ochrana pred chladn\u00fdm po\u010das\u00edm<\/p>\n<\/li>\n<li class=\"\" data-start=\"4195\" data-end=\"4225\">\n<p class=\"\" data-start=\"4197\" data-end=\"4225\">Turistika a kempovanie v pr\u00edrode<\/p>\n<\/li>\n<li class=\"\" data-start=\"4226\" data-end=\"4253\">\n<p class=\"\" data-start=\"4228\" data-end=\"4253\">Nosenie v meste a doch\u00e1dzanie do pr\u00e1ce<\/p>\n<\/li>\n<li class=\"\" data-start=\"4254\" data-end=\"4273\">\n<p class=\"\" data-start=\"4256\" data-end=\"4273\">Cestovn\u00e9 vrstvenie<\/p>\n<\/li>\n<li class=\"\" data-start=\"4274\" data-end=\"4303\">\n<p class=\"\" data-start=\"4276\" data-end=\"4303\">Motocykel a v\u00fdlety<\/p>\n<\/li>\n<li class=\"\" data-start=\"4304\" data-end=\"4342\">\n<p class=\"\" data-start=\"4306\" data-end=\"4342\">Taktick\u00e9 pou\u017eitie a n\u00e1ro\u010dn\u00e9 pracovn\u00e9 odevy<\/p>\n<\/li>\n<\/ul>\n<p class=\"\" data-start=\"4344\" data-end=\"4547\"><strong data-start=\"4344\" data-end=\"4360\">Ve\u013ekos\u0165 a prisp\u00f4sobenie<\/strong><br data-start=\"4360\" data-end=\"4363\" \/>Ve\u013ekos\u0165 zodpoved\u00e1 ve\u013ekosti, aby vyzerali ako \u0161it\u00e9 na mieru. Pre vo\u013enej\u0161\u00ed strih alebo vrstvenie na objemn\u00e9 svetre zv\u00e1\u017ete zv\u00e4\u010d\u0161enie ve\u013ekosti. Navrhnut\u00e9 s dostato\u010dn\u00fdm priestorom v oblasti ramien a hrudn\u00edka, ktor\u00fd umo\u017e\u0148uje flexibiln\u00fd pohyb.<\/p>\n<p class=\"\" data-start=\"4549\" data-end=\"4702\"><strong data-start=\"4549\" data-end=\"4571\">Pokyny na starostlivos\u0165:<\/strong><br data-start=\"4571\" data-end=\"4574\" \/>Pranie v pr\u00e1\u010dke za studena (najprv odstr\u00e1\u0148te vn\u00fatorn\u00fa vlo\u017eku). Su\u0161te zavesen\u00e9. Nebieli\u0165. Pou\u017e\u00edvajte jemn\u00fd prac\u00ed prostriedok. Vn\u00fatorn\u00fa vrstvu perte samostatne.<\/p>\n<\/div>\n<\/div>\n<\/div>\n<\/div>","protected":false},"excerpt":{"rendered":"<div class=\"flex-shrink-0 flex flex-col relative items-end\">\n<div class=\"pt-0\">\n<div class=\"gizmo-bot-avatar flex h-8 w-8 items-center justify-center overflow-hidden rounded-full\">\n<div class=\"relative p-1 rounded-sm flex items-center justify-center bg-token-main-surface-primary text-token-text-primary h-8 w-8\">\n<p class=\"\" data-start=\"368\" data-end=\"787\">Vylep\u0161ite svoj \u0161atn\u00edk v chladnom po\u010das\u00ed s robustn\u00fdm, ale rafinovan\u00fdm <strong data-start=\"431\" data-end=\"475\">RYINZ Bunda vojensk\u00e9ho \u0161t\u00fdlu s viacer\u00fdmi vreckami<\/strong> pre mu\u017eov. T\u00e1to bunda je navrhnut\u00e1 tak, aby poskytovala maxim\u00e1lnu u\u017eito\u010dnos\u0165 s odv\u00e1\u017enym m\u00f3dnym n\u00e1dychom a sp\u00e1ja taktick\u00fa funk\u010dnos\u0165 s prvotriednym komfortom. Je stvoren\u00e1 pre v\u0161etky ro\u010dn\u00e9 obdobia a ter\u00e9ny, m\u00e1 odn\u00edmate\u013en\u00fa vn\u00fatorn\u00fa vrstvu s kontrastnou oran\u017eovou pod\u0161\u00edvkou, v\u010faka ktorej sa m\u00f4\u017eete \u013eahko prisp\u00f4sobi\u0165 meniacim sa poveternostn\u00fdm podmienkam.<\/p>\n<p class=\"\" data-start=\"789\" data-end=\"1251\">V\u010faka \u0161tyrom priestrann\u00fdm vonkaj\u0161\u00edm vreck\u00e1m a viacer\u00fdm vn\u00fatorn\u00fdm priehradk\u00e1m pon\u00faka t\u00e1to bunda dokonal\u00e9 rie\u0161enie na ulo\u017eenie v\u0161etk\u00e9ho od telef\u00f3nu a pe\u0148a\u017eenky a\u017e po n\u00e1radie a cestovn\u00e9 pr\u00edslu\u0161enstvo. Predn\u00e9 zap\u00ednanie na gomb\u00edky a zips v\u00e1s ochr\u00e1ni pred vetrom a chladom, zatia\u013e \u010do nastavite\u013en\u00e9 man\u017eety a stojac\u00ed golier zaistia teplo bez toho, aby sa zn\u00ed\u017eila pohyblivos\u0165. Zosilnen\u00e9 \u0161itie na tlakov\u00fdch z\u00f3nach zaru\u010duje dlhodob\u00fa odolnos\u0165 aj v n\u00e1ro\u010dn\u00fdch vonkaj\u0161\u00edch podmienkach.<\/p>\n<p class=\"\" data-start=\"1253\" data-end=\"1593\">\u010ci u\u017e sa chyst\u00e1te do mesta, alebo na t\u00faru do pr\u00edrody, t\u00e1to bunda v\u00e1s udr\u017e\u00ed pripraven\u00e9ho a \u0161t\u00fdlov\u00e9ho. Navrstvite ju na mikinu s kapuc\u0148ou, aby v\u00e1m bolo teplo, alebo ju oble\u010dte samostatne a z\u00edskajte odv\u00e1\u017eny vzh\u013ead in\u0161pirovan\u00fd vojenskou technikou, ktor\u00fd nikdy nesklame. Robustn\u00fd \u010dierno-hned\u00fd vonkaj\u0161\u00ed pl\u00e1\u0161\u0165 dop\u013a\u0148a le\u0161ten\u00fd meden\u00fd kovania a kontrastn\u00e9 zipsy, ktor\u00e9 p\u00f4sobia sofistikovane.<\/p>\n<\/div>\n<\/div>\n<\/div>\n<\/div>","protected":false},"featured_media":9075,"comment_status":"closed","ping_status":"closed","template":"","meta":[],"product_brand":[35],"product_cat":[202],"product_tag":[205,206],"class_list":{"0":"post-9027","1":"product","2":"type-product","3":"status-publish","4":"has-post-thumbnail","6":"product_brand-ryinz","7":"product_cat-apparels","8":"product_tag-custom-mens-jacket","9":"product_tag-durable-fabric-jacket","11":"first","12":"instock","13":"taxable","14":"shipping-taxable","15":"purchasable","16":"product-type-simple"},"_links":{"self":[{"href":"https:\/\/ryinz.cz\/velkoobchod\/sk\/wp-json\/wp\/v2\/product\/9027","targetHints":{"allow":["GET"]}}],"collection":[{"href":"https:\/\/ryinz.cz\/velkoobchod\/sk\/wp-json\/wp\/v2\/product"}],"about":[{"href":"https:\/\/ryinz.cz\/velkoobchod\/sk\/wp-json\/wp\/v2\/types\/product"}],"replies":[{"embeddable":true,"href":"https:\/\/ryinz.cz\/velkoobchod\/sk\/wp-json\/wp\/v2\/comments?post=9027"}],"wp:featuredmedia":[{"embeddable":true,"href":"https:\/\/ryinz.cz\/velkoobchod\/sk\/wp-json\/wp\/v2\/media\/9075"}],"wp:attachment":[{"href":"https:\/\/ryinz.cz\/velkoobchod\/sk\/wp-json\/wp\/v2\/media?parent=9027"}],"wp:term":[{"taxonomy":"product_brand","embeddable":true,"href":"https:\/\/ryinz.cz\/velkoobchod\/sk\/wp-json\/wp\/v2\/product_brand?post=9027"},{"taxonomy":"product_cat","embeddable":true,"href":"https:\/\/ryinz.cz\/velkoobchod\/sk\/wp-json\/wp\/v2\/product_cat?post=9027"},{"taxonomy":"product_tag","embeddable":true,"href":"https:\/\/ryinz.cz\/velkoobchod\/sk\/wp-json\/wp\/v2\/product_tag?post=9027"}],"curies":[{"name":"wp","href":"https:\/\/api.w.org\/{rel}","templated":true}]}}