{"id":9017,"date":"2025-06-22T15:25:50","date_gmt":"2025-06-22T15:25:50","guid":{"rendered":"https:\/\/ryinz.cz\/velkoobchod\/?post_type=product&#038;p=9017"},"modified":"2026-01-18T20:17:21","modified_gmt":"2026-01-18T20:17:21","slug":"ryinz-panska-hneda-bunda-bomber-z-umelej-koze-s-kapucnou-streetwear-moto-styl-s-vreckami-na-zips","status":"publish","type":"product","link":"https:\/\/ryinz.cz\/velkoobchod\/sk\/product\/ryinz-mens-brown-faux-leather-bomber-jacket-with-hoodie-streetwear-moto-style-with-zipper-snap-pockets\/","title":{"rendered":"RYINZ P\u00e1nska hned\u00e1 bunda z umelej ko\u017ee s kapuc\u0148ou - Streetwear Moto \u0161t\u00fdl so zipsom a vreckami na cvoky"},"content":{"rendered":"<div class=\"flex-shrink-0 flex flex-col relative items-end\">\n<div class=\"pt-0\">\n<div class=\"gizmo-bot-avatar flex h-8 w-8 items-center justify-center overflow-hidden rounded-full\">\n<p class=\"\" data-start=\"1250\" data-end=\"1547\">Str\u00e1nka <strong data-start=\"1254\" data-end=\"1303\">RYINZ Brown Faux Leather Bomber Hoodie Jacket<\/strong> je miestom, kde sa nad\u010dasov\u00e1 motork\u00e1rska m\u00f3da stret\u00e1va s pohodlnou mestskou funk\u010dnos\u0165ou. Tento k\u00fasok, ktor\u00fd je vytvoren\u00fd pre modern\u00fdch mu\u017eov, ktor\u00ed chc\u00fa ma\u0165 ostr\u00fd vzh\u013ead ko\u017eenej bundy bez objemn\u00fdch a \u017eivo\u010d\u00ed\u0161nych produktov, je plne syntetick\u00fd, ale p\u00f4sobivo elegantn\u00fd a presved\u010div\u00fd.<\/p>\n<p class=\"\" data-start=\"1549\" data-end=\"1847\"><strong data-start=\"1549\" data-end=\"1579\">Bohat\u00fd, vintage hned\u00fd vzh\u013ead<\/strong><br data-start=\"1579\" data-end=\"1582\" \/>Starostlivo o\u0161etren\u00e1 umel\u00e1 ko\u017ea m\u00e1 opotrebovan\u00fd hned\u00fd odtie\u0148, ktor\u00fd sa nosen\u00edm zlep\u0161uje. Odr\u00e1\u017ea klasick\u00fd \u0161arm moto b\u00fand, pri\u010dom je ekologick\u00e1 a \u013eah\u0161ie sa \u010dist\u00ed. Povrch je vodoodpudiv\u00fd a navrhnut\u00fd tak, aby si udr\u017eal svoj tvar po\u010das rokov nosenia.<\/p>\n<p class=\"\" data-start=\"1849\" data-end=\"2220\"><strong data-start=\"1849\" data-end=\"1897\">Teplo sa stret\u00e1va s vrstven\u00edm - so zabudovanou mikinou<\/strong><br data-start=\"1897\" data-end=\"1900\" \/>Nie je potrebn\u00e9 \u017eiadne \u010fal\u0161ie vrstvenie - zabudovan\u00e1 fl\u00edsov\u00e1 kapuc\u0148a dod\u00e1va teplo a \u0161portov\u00fd kontrast ku ko\u017ei. Mikina s pod\u0161\u00edvkou z tkaniny pr\u00edjemnej na dotyk vytv\u00e1ra izolovan\u00fa bari\u00e9ru proti studen\u00e9mu vetru, ktor\u00e1 je ide\u00e1lna do jesenn\u00e9ho a zimn\u00e9ho po\u010dasia. Noste ju so zdvihnutou kapuc\u0148ou pre pouli\u010dn\u00fd \u0161t\u00fdl alebo ju rozopnite pre \u013eah\u0161\u00ed a elegantnej\u0161\u00ed vzh\u013ead.<\/p>\n<p class=\"\" data-start=\"2222\" data-end=\"2276\"><strong data-start=\"2222\" data-end=\"2274\">V\u0161etky spr\u00e1vne detaily pre ka\u017edodenn\u00fa funk\u010dnos\u0165<\/strong><\/p>\n<ul data-start=\"2277\" data-end=\"2584\">\n<li class=\"\" data-start=\"2277\" data-end=\"2310\">\n<p class=\"\" data-start=\"2279\" data-end=\"2310\"><strong data-start=\"2279\" data-end=\"2308\">Pln\u00e9 predn\u00e9 zips uzavretie<\/strong><\/p>\n<\/li>\n<li class=\"\" data-start=\"2311\" data-end=\"2366\">\n<p class=\"\" data-start=\"2313\" data-end=\"2366\"><strong data-start=\"2313\" data-end=\"2339\">N\u00e1prsn\u00e9 vreck\u00e1 na zips<\/strong> (pod uhlom pre \u013eahk\u00fd pr\u00edstup)<\/p>\n<\/li>\n<li class=\"\" data-start=\"2367\" data-end=\"2423\">\n<p class=\"\" data-start=\"2369\" data-end=\"2423\"><strong data-start=\"2369\" data-end=\"2395\">N\u00e1prsn\u00e9 vrecko s chlop\u0148ou<\/strong> - bezpe\u010dn\u00e9 pre karty alebo doklady toto\u017enosti<\/p>\n<\/li>\n<li class=\"\" data-start=\"2424\" data-end=\"2468\">\n<p class=\"\" data-start=\"2426\" data-end=\"2468\"><strong data-start=\"2426\" data-end=\"2449\">Vreck\u00e1 na ruku<\/strong> s m\u00e4kkou pod\u0161\u00edvkou<\/p>\n<\/li>\n<li class=\"\" data-start=\"2469\" data-end=\"2513\">\n<p class=\"\" data-start=\"2471\" data-end=\"2513\"><strong data-start=\"2471\" data-end=\"2511\">Ramenn\u00e9 n\u00e1ramenn\u00edky s prackou<\/strong><\/p>\n<\/li>\n<li class=\"\" data-start=\"2514\" data-end=\"2584\">\n<p class=\"\" data-start=\"2516\" data-end=\"2584\"><strong data-start=\"2516\" data-end=\"2552\">Elastick\u00e9 rebrovan\u00e9 man\u017eety a p\u00e1s<\/strong> - udr\u017euje vietor vonku a tvar vn\u00fatri<\/p>\n<\/li>\n<\/ul>\n<p class=\"\" data-start=\"2586\" data-end=\"2881\"><strong data-start=\"2586\" data-end=\"2607\">Denn\u00e1 v\u0161estrannos\u0165<\/strong><br data-start=\"2607\" data-end=\"2610\" \/>T\u00e1to bunda sa hod\u00ed na r\u00f4zne pr\u00edle\u017eitosti - od no\u010dn\u00fdch j\u00e1zd a\u017e po neform\u00e1lne piatky - \u010di u\u017e ju skombinujete s d\u017e\u00ednsami a teniskami, aby ste boli pripraven\u00ed do mesta, alebo ju prehod\u00edte cez pracovn\u00e9 oble\u010denie po\u010das doch\u00e1dzania do pr\u00e1ce. Je dostato\u010dne odoln\u00e1 na v\u00edkendov\u00e9 v\u00fdlety a z\u00e1rove\u0148 dostato\u010dne \u0161t\u00fdlov\u00e1 na neform\u00e1lne pracovn\u00e9 stretnutia.<\/p>\n<p class=\"\" data-start=\"2883\" data-end=\"2904\"><strong data-start=\"2883\" data-end=\"2902\">Materi\u00e1l a starostlivos\u0165<\/strong><\/p>\n<ul data-start=\"2905\" data-end=\"3065\">\n<li class=\"\" data-start=\"2905\" data-end=\"2931\">\n<p class=\"\" data-start=\"2907\" data-end=\"2931\">Vonkaj\u0161ie: PU umel\u00e1 ko\u017ea<\/p>\n<\/li>\n<li class=\"\" data-start=\"2932\" data-end=\"2961\">\n<p class=\"\" data-start=\"2934\" data-end=\"2961\">Oblo\u017eenie: M\u00e4kk\u00e1 fleecov\u00e1 vn\u00fatorn\u00e1 strana<\/p>\n<\/li>\n<li class=\"\" data-start=\"2962\" data-end=\"2994\">\n<p class=\"\" data-start=\"2964\" data-end=\"2994\">Kapuc\u0148a: zmes polyesteru a bavlny<\/p>\n<\/li>\n<li class=\"\" data-start=\"2995\" data-end=\"3027\">\n<p class=\"\" data-start=\"2997\" data-end=\"3027\">Utrite vlhkou handri\u010dkou<\/p>\n<\/li>\n<li class=\"\" data-start=\"3028\" data-end=\"3065\">\n<p class=\"\" data-start=\"3030\" data-end=\"3065\">Neperte v pr\u00e1\u010dke ani nesu\u0161te v bubnovej su\u0161i\u010dke<\/p>\n<\/li>\n<\/ul>\n<p class=\"\" data-start=\"3067\" data-end=\"3341\"><strong data-start=\"3067\" data-end=\"3088\">Tipy na ur\u010denie ve\u013ekosti a prisp\u00f4sobenie<\/strong><br data-start=\"3088\" data-end=\"3091\" \/>Bunda m\u00e1 prisp\u00f4soben\u00fd strih, pod ktor\u00fd sa zmest\u00ed ko\u0161e\u013ea alebo \u013eahk\u00e1 mikina. Vyberte si svoju be\u017en\u00fa ve\u013ekos\u0165 pre priliehav\u00fd moto strih alebo o jednu ve\u013ekos\u0165 v\u00e4\u010d\u0161iu pre vo\u013enej\u0161\u00ed pocit. Rebrovan\u00e9 man\u017eety a p\u00e1s pom\u00e1haj\u00fa tvarova\u0165 trup bez toho, aby obmedzovali pohyb.<\/p>\n<p class=\"\" data-start=\"3343\" data-end=\"3361\"><strong data-start=\"3343\" data-end=\"3359\">Ide\u00e1lne pre:<\/strong><\/p>\n<ul data-start=\"3362\" data-end=\"3496\">\n<li class=\"\" data-start=\"3362\" data-end=\"3390\">\n<p class=\"\" data-start=\"3364\" data-end=\"3390\">Jesenn\u00e9\/zimn\u00e9 denn\u00e9 nosenie<\/p>\n<\/li>\n<li class=\"\" data-start=\"3391\" data-end=\"3420\">\n<p class=\"\" data-start=\"3393\" data-end=\"3420\">Pr\u00edle\u017eitostn\u00ed cyklisti a cestuj\u00faci do pr\u00e1ce<\/p>\n<\/li>\n<li class=\"\" data-start=\"3421\" data-end=\"3446\">\n<p class=\"\" data-start=\"3423\" data-end=\"3446\">Mu\u017ei, ktor\u00ed si uvedomuj\u00fa m\u00f3du<\/p>\n<\/li>\n<li class=\"\" data-start=\"3447\" data-end=\"3472\">\n<p class=\"\" data-start=\"3449\" data-end=\"3472\">Dar\u010deky na dovolenku pre mu\u017eov<\/p>\n<\/li>\n<li class=\"\" data-start=\"3473\" data-end=\"3496\">\n<p class=\"\" data-start=\"3475\" data-end=\"3496\">Vrstvenie streetov\u00e9ho oble\u010denia<\/p>\n<\/li>\n<\/ul>\n<p class=\"\" data-start=\"3498\" data-end=\"3611\">T\u00e1to str\u00e1nka <strong data-start=\"3503\" data-end=\"3519\">Bunda RYINZ<\/strong> nie je len vrchn\u00e9 oble\u010denie - je to <strong data-start=\"3548\" data-end=\"3575\">vyhl\u00e1senie o d\u00f4vere<\/strong>. Odoln\u00e9, dynamick\u00e9 a v\u00fdrazn\u00e9.<\/p>\n<\/div>\n<\/div>\n<\/div>","protected":false},"excerpt":{"rendered":"<p class=\"\" data-start=\"332\" data-end=\"653\">Str\u00e1nka <strong data-start=\"336\" data-end=\"396\">RYINZ P\u00e1nska hned\u00e1 bunda z umelej ko\u017ee s kapuc\u0148ou<\/strong> sp\u00e1ja drsn\u00fd pouli\u010dn\u00fd \u0161t\u00fdl s ka\u017edodenn\u00fdm pohodl\u00edm. T\u00e1to bunda je navrhnut\u00e1 pre odv\u00e1\u017ene osobnosti, ktor\u00e9 sa pohybuj\u00fa medzi mestsk\u00fdmi sc\u00e9nami, neform\u00e1lnymi ve\u010dermi alebo doch\u00e1dzan\u00edm do pr\u00e1ce v chladnom po\u010das\u00ed, a v\u010faka strihu bomber, rebrovan\u00e9mu lemu a ostr\u00fdm l\u00edni\u00e1m \u0161vov vytv\u00e1ra mu\u017en\u00fa siluetu.<\/p>\n<p class=\"\" data-start=\"655\" data-end=\"933\">Je vyroben\u00e1 z vysokokvalitnej umelej ko\u017ee a poskytuje prvotriedny vzh\u013ead pravej ko\u017ee bez v\u00e4\u010d\u0161ej hmotnosti a \u00fadr\u017eby. Pripojen\u00e1 vn\u00fatorn\u00e1 kapuc\u0148a zo s\u00fdtohned\u00e9ho fl\u00edsu dod\u00e1va teplo, vrstvenie a pouli\u010dn\u00fa atmosf\u00e9ru - ide\u00e1lna do nepredv\u00eddate\u013en\u00e9ho po\u010dasia alebo len na posilnenie v\u00e1\u0161ho \u0161t\u00fdlu.<\/p>\n<p class=\"\" data-start=\"935\" data-end=\"1193\">Dizajn obsahuje viacero bezpe\u010dn\u00fdch vreciek: dve n\u00e1prsn\u00e9 vreck\u00e1 na zips, dve vreck\u00e1 na ruky a n\u00e1prsn\u00e9 vrecko s pr\u00edklopkou a zap\u00ednan\u00edm na gomb\u00edk. Odoln\u00e9 a \u0161t\u00fdlov\u00e9 vlastnosti dop\u013a\u0148aj\u00fa kovov\u00e9 zipsy, detaily popruhov s prackami na ramen\u00e1ch a pevn\u00e9 rebrovan\u00e9 man\u017eety.<\/p>","protected":false},"featured_media":9074,"comment_status":"closed","ping_status":"closed","template":"","meta":[],"product_brand":[35],"product_cat":[202],"product_tag":[203,204],"class_list":{"0":"post-9017","1":"product","2":"type-product","3":"status-publish","4":"has-post-thumbnail","6":"product_brand-ryinz","7":"product_cat-apparels","8":"product_tag-branded-leather-jacket","9":"product_tag-casual-fashion-jacket","11":"first","12":"instock","13":"taxable","14":"shipping-taxable","15":"purchasable","16":"product-type-simple"},"_links":{"self":[{"href":"https:\/\/ryinz.cz\/velkoobchod\/sk\/wp-json\/wp\/v2\/product\/9017","targetHints":{"allow":["GET"]}}],"collection":[{"href":"https:\/\/ryinz.cz\/velkoobchod\/sk\/wp-json\/wp\/v2\/product"}],"about":[{"href":"https:\/\/ryinz.cz\/velkoobchod\/sk\/wp-json\/wp\/v2\/types\/product"}],"replies":[{"embeddable":true,"href":"https:\/\/ryinz.cz\/velkoobchod\/sk\/wp-json\/wp\/v2\/comments?post=9017"}],"wp:featuredmedia":[{"embeddable":true,"href":"https:\/\/ryinz.cz\/velkoobchod\/sk\/wp-json\/wp\/v2\/media\/9074"}],"wp:attachment":[{"href":"https:\/\/ryinz.cz\/velkoobchod\/sk\/wp-json\/wp\/v2\/media?parent=9017"}],"wp:term":[{"taxonomy":"product_brand","embeddable":true,"href":"https:\/\/ryinz.cz\/velkoobchod\/sk\/wp-json\/wp\/v2\/product_brand?post=9017"},{"taxonomy":"product_cat","embeddable":true,"href":"https:\/\/ryinz.cz\/velkoobchod\/sk\/wp-json\/wp\/v2\/product_cat?post=9017"},{"taxonomy":"product_tag","embeddable":true,"href":"https:\/\/ryinz.cz\/velkoobchod\/sk\/wp-json\/wp\/v2\/product_tag?post=9017"}],"curies":[{"name":"wp","href":"https:\/\/api.w.org\/{rel}","templated":true}]}}